{"id":210179,"date":"2023-01-26T10:01:21","date_gmt":"2023-01-26T14:01:21","guid":{"rendered":"https:\/\/www.manaus.am.gov.br\/semsa\/?page_id=210179"},"modified":"2023-01-26T10:28:10","modified_gmt":"2023-01-26T14:28:10","slug":"cultura-da-paz","status":"publish","type":"page","link":"https:\/\/www.manaus.am.gov.br\/semsa\/promocao-da-saude\/cultura-da-paz\/","title":{"rendered":"Cultura da Paz"},"content":{"rendered":"\n<p>De acordo com a Organiza\u00e7\u00e3o das Na\u00e7\u00f5es Unidas (ONU) e a Organiza\u00e7\u00e3o das Na\u00e7\u00f5es Unidas para a Educa\u00e7\u00e3o, Ci\u00eancia e Cultura (UNESCO), cultura de paz \u00e9 um conjunto de valores, atitudes, modos de comportamento e de vida que rejeitam a viol\u00eancia, e que apostam no di\u00e1logo e na negocia\u00e7\u00e3o para prevenir e solucionar conflitos, agindo sobre suas causas.<\/p>\n\n\n\n<p>Portanto, Cultura da Paz significa:<\/p>\n\n\n\n<p><strong>RESPEITAR A VIDA<\/strong><\/p>\n\n\n\n<p>Respeitar a vida e a dignidade de qualquer pessoa sem discriminar ou prejudicar.<\/p>\n\n\n\n<p><strong>REJEITAR A VIOL\u00caNCIA<\/strong><\/p>\n\n\n\n<p>Praticar a n\u00e3o viol\u00eancia ativa, repelindo a viol\u00eancia em todas as suas formas: f\u00edsica, social, psicol\u00f3gica, econ\u00f4mica, particularmente diante das pessoas mais vulner\u00e1veis, como as crian\u00e7as e adolescentes.<\/p>\n\n\n\n<p><strong>SER GENEROSO (A)<\/strong><\/p>\n\n\n\n<p>Compartilhar tempo e recursos materiais cultivando a generosidade, para acabar com a exclus\u00e3o, a injusti\u00e7a e a opress\u00e3o pol\u00edtica e econ\u00f4mica.<\/p>\n\n\n\n<p><strong>OUVIR PARA COMPREENDER<\/strong><\/p>\n\n\n\n<p>Defender a liberdade de express\u00e3o e a diversidade cultural, privilegiando sempre a escuta e o di\u00e1logo, sem ceder ao fanatismo, nem a maledic\u00eancia e ao recha\u00e7o ao pr\u00f3ximo.<\/p>\n\n\n\n<p><strong>PRESERVAR O PLANETA<\/strong><\/p>\n\n\n\n<p>Promover o consumo respons\u00e1vel e um modelo de desenvolvimento que tenha em conta a import\u00e2ncia de todas as formas de vida e o equil\u00edbrio dos recursos naturais do planeta.<\/p>\n\n\n\n<p><strong>REDESCOBRIR A SOLIDARIEDADE<\/strong><\/p>\n\n\n\n<p>Contribuir para o desenvolvimento da comunidade, propiciando a plena participa\u00e7\u00e3o das mulheres e o respeito aos princ\u00edpios democr\u00e1ticos, para criar novas formas de solidariedade.<\/p>\n\n\n\n<h2 class=\"wp-block-heading\">Pol\u00edticas P\u00fablicas e Cultura da Paz<\/h2>\n\n\n\n<p>Um exemplo de iniciativa relacionada \u00e0 Cultura de Paz \u00e9 o Pacto Nacional pela Redu\u00e7\u00e3o dos Acidentes no Tr\u00e2nsito, assinado em 2011 por \u00f3rg\u00e3os do governo federal, cujo objetivo \u00e9 mobilizar a sociedade em benef\u00edcio da&nbsp;vida&nbsp;com a\u00e7\u00f5es que diminuam os altos \u00edndices de acidentes de tr\u00e2nsito, tanto nas cidades quanto nas rodovias e estradas brasileiras.<\/p>\n\n\n\n<p>Em todas as etapas das nossas vidas devemos prezar pela Comunica\u00e7\u00e3o n\u00e3o Violenta -CNV que \u00e9 uma forma de utiliza\u00e7\u00e3o da Cultura da Paz.<\/p>\n\n\n\n<p>Segundo Marshal B. Rosemberg existem quatro componentes para a realiza\u00e7\u00e3o da Comunica\u00e7\u00e3o N\u00e3o Violenta: observa\u00e7\u00e3o, sentimento, necessidades e pedido. Ent\u00e3o para usarmos a CNV com as pessoas com quem estamos nos comunicando, n\u00e3o precisamos conhec\u00ea-las, ou mesmo estarem motivadas a se comunicar compassivamente conosco. Se nos ativermos aos princ\u00edpios da CNV, motivados somente a dar e a receber com compaix\u00e3o, e fizermos tudo que pudermos para que os outros saibam que esse \u00e9 nosso \u00fanico interesse, eles se unir\u00e3o a n\u00f3s no processo, e acabaremos conseguindo nos relacionar com compaix\u00e3o uns com os outros.<\/p>\n\n\n\n<p>A CNV pode nos ajudar a evitar conflitos, bem como a resolv\u00ea-los pacificamente. Ajuda a nos concentrarmos nos sentimentos e necessidades que todos temos, em vez de pensarmos e falarmos segundo r\u00f3tulos desumanizadores ou outros padr\u00f5es habituais que contribuem para a viol\u00eancia contra n\u00f3s mesmos, os outros e o mundo \u00e0 nossa volta. A CNV capacita as pessoas a se envolverem num di\u00e1logo criativo, de modo que elaborem suas pr\u00f3prias solu\u00e7\u00f5es plenamente satisfat\u00f3rias<\/p>\n\n\n\n<p>Seja um defensor da paz, seja o elo que fortifica a constru\u00e7\u00e3o de um mundo de amoroso e pac\u00edfico. \u201cSeja voc\u00ea a mudan\u00e7a que voc\u00ea quer ver no mundo\u201d Mahatma Gandhi.<\/p>\n\n\n\n<p>Sejamos luz, amor, esperan\u00e7a, vida, sa\u00fade, justi\u00e7a social. Sejamos Cultura da Paz!<\/p>\n","protected":false},"excerpt":{"rendered":"","protected":false},"author":27,"featured_media":0,"parent":207621,"menu_order":0,"comment_status":"closed","ping_status":"closed","template":"","meta":{"footnotes":""},"acf":[],"yoast_head":"<!-- This site is optimized with the Yoast SEO plugin v23.0 - https:\/\/yoast.com\/wordpress\/plugins\/seo\/ -->\n<title>Cultura da Paz - SEMSA<\/title>\n<meta name=\"robots\" content=\"index, follow, max-snippet:-1, max-image-preview:large, max-video-preview:-1\" \/>\n<link rel=\"canonical\" href=\"https:\/\/www.manaus.am.gov.br\/semsa\/promocao-da-saude\/cultura-da-paz\/\" \/>\n<meta property=\"og:locale\" content=\"pt_BR\" \/>\n<meta property=\"og:type\" content=\"article\" \/>\n<meta property=\"og:title\" content=\"Cultura da Paz - SEMSA\" \/>\n<meta property=\"og:url\" content=\"https:\/\/www.manaus.am.gov.br\/semsa\/promocao-da-saude\/cultura-da-paz\/\" \/>\n<meta property=\"og:site_name\" content=\"SEMSA\" \/>\n<meta property=\"article:modified_time\" content=\"2023-01-26T14:28:10+00:00\" \/>\n<meta property=\"og:image\" content=\"https:\/\/www.manaus.am.gov.br\/semsa\/wp-content\/uploads\/sites\/8\/2024\/07\/thumb-default-2.png\" \/>\n\t<meta property=\"og:image:width\" content=\"966\" \/>\n\t<meta property=\"og:image:height\" content=\"520\" \/>\n\t<meta property=\"og:image:type\" content=\"image\/png\" \/>\n<meta name=\"twitter:card\" content=\"summary_large_image\" \/>\n<meta name=\"twitter:label1\" content=\"Est. reading time\" \/>\n\t<meta name=\"twitter:data1\" content=\"3 minutos\" \/>\n<script type=\"application\/ld+json\" class=\"yoast-schema-graph\">{\"@context\":\"https:\/\/schema.org\",\"@graph\":[{\"@type\":\"WebPage\",\"@id\":\"https:\/\/www.manaus.am.gov.br\/semsa\/promocao-da-saude\/cultura-da-paz\/\",\"url\":\"https:\/\/www.manaus.am.gov.br\/semsa\/promocao-da-saude\/cultura-da-paz\/\",\"name\":\"Cultura da Paz - SEMSA\",\"isPartOf\":{\"@id\":\"https:\/\/www.manaus.am.gov.br\/semsa\/#website\"},\"datePublished\":\"2023-01-26T14:01:21+00:00\",\"dateModified\":\"2023-01-26T14:28:10+00:00\",\"breadcrumb\":{\"@id\":\"https:\/\/www.manaus.am.gov.br\/semsa\/promocao-da-saude\/cultura-da-paz\/#breadcrumb\"},\"inLanguage\":\"pt-BR\",\"potentialAction\":[{\"@type\":\"ReadAction\",\"target\":[\"https:\/\/www.manaus.am.gov.br\/semsa\/promocao-da-saude\/cultura-da-paz\/\"]}]},{\"@type\":\"BreadcrumbList\",\"@id\":\"https:\/\/www.manaus.am.gov.br\/semsa\/promocao-da-saude\/cultura-da-paz\/#breadcrumb\",\"itemListElement\":[{\"@type\":\"ListItem\",\"position\":1,\"name\":\"Promo\u00e7\u00e3o da Sa\u00fade\",\"item\":\"https:\/\/www.manaus.am.gov.br\/semsa\/promocao-da-saude\/\"},{\"@type\":\"ListItem\",\"position\":2,\"name\":\"Cultura da Paz\"}]},{\"@type\":\"WebSite\",\"@id\":\"https:\/\/www.manaus.am.gov.br\/semsa\/#website\",\"url\":\"https:\/\/www.manaus.am.gov.br\/semsa\/\",\"name\":\"SEMSA\",\"description\":\"Secretaria Municipal de Sa\u00fade\",\"alternateName\":\"Secretaria Municipal de Sa\u00fade\",\"potentialAction\":[{\"@type\":\"SearchAction\",\"target\":{\"@type\":\"EntryPoint\",\"urlTemplate\":\"https:\/\/www.manaus.am.gov.br\/semsa\/?s={search_term_string}\"},\"query-input\":\"required name=search_term_string\"}],\"inLanguage\":\"pt-BR\"}]}<\/script>\n<!-- \/ Yoast SEO plugin. -->","yoast_head_json":{"title":"Cultura da Paz - SEMSA","robots":{"index":"index","follow":"follow","max-snippet":"max-snippet:-1","max-image-preview":"max-image-preview:large","max-video-preview":"max-video-preview:-1"},"canonical":"https:\/\/www.manaus.am.gov.br\/semsa\/promocao-da-saude\/cultura-da-paz\/","og_locale":"pt_BR","og_type":"article","og_title":"Cultura da Paz - SEMSA","og_url":"https:\/\/www.manaus.am.gov.br\/semsa\/promocao-da-saude\/cultura-da-paz\/","og_site_name":"SEMSA","article_modified_time":"2023-01-26T14:28:10+00:00","og_image":[{"width":966,"height":520,"url":"https:\/\/www.manaus.am.gov.br\/semsa\/wp-content\/uploads\/sites\/8\/2024\/07\/thumb-default-2.png","type":"image\/png"}],"twitter_card":"summary_large_image","twitter_misc":{"Est. reading time":"3 minutos"},"schema":{"@context":"https:\/\/schema.org","@graph":[{"@type":"WebPage","@id":"https:\/\/www.manaus.am.gov.br\/semsa\/promocao-da-saude\/cultura-da-paz\/","url":"https:\/\/www.manaus.am.gov.br\/semsa\/promocao-da-saude\/cultura-da-paz\/","name":"Cultura da Paz - SEMSA","isPartOf":{"@id":"https:\/\/www.manaus.am.gov.br\/semsa\/#website"},"datePublished":"2023-01-26T14:01:21+00:00","dateModified":"2023-01-26T14:28:10+00:00","breadcrumb":{"@id":"https:\/\/www.manaus.am.gov.br\/semsa\/promocao-da-saude\/cultura-da-paz\/#breadcrumb"},"inLanguage":"pt-BR","potentialAction":[{"@type":"ReadAction","target":["https:\/\/www.manaus.am.gov.br\/semsa\/promocao-da-saude\/cultura-da-paz\/"]}]},{"@type":"BreadcrumbList","@id":"https:\/\/www.manaus.am.gov.br\/semsa\/promocao-da-saude\/cultura-da-paz\/#breadcrumb","itemListElement":[{"@type":"ListItem","position":1,"name":"Promo\u00e7\u00e3o da Sa\u00fade","item":"https:\/\/www.manaus.am.gov.br\/semsa\/promocao-da-saude\/"},{"@type":"ListItem","position":2,"name":"Cultura da Paz"}]},{"@type":"WebSite","@id":"https:\/\/www.manaus.am.gov.br\/semsa\/#website","url":"https:\/\/www.manaus.am.gov.br\/semsa\/","name":"SEMSA","description":"Secretaria Municipal de Sa\u00fade","alternateName":"Secretaria Municipal de Sa\u00fade","potentialAction":[{"@type":"SearchAction","target":{"@type":"EntryPoint","urlTemplate":"https:\/\/www.manaus.am.gov.br\/semsa\/?s={search_term_string}"},"query-input":"required name=search_term_string"}],"inLanguage":"pt-BR"}]}},"_links":{"self":[{"href":"https:\/\/www.manaus.am.gov.br\/semsa\/wp-json\/wp\/v2\/pages\/210179"}],"collection":[{"href":"https:\/\/www.manaus.am.gov.br\/semsa\/wp-json\/wp\/v2\/pages"}],"about":[{"href":"https:\/\/www.manaus.am.gov.br\/semsa\/wp-json\/wp\/v2\/types\/page"}],"author":[{"embeddable":true,"href":"https:\/\/www.manaus.am.gov.br\/semsa\/wp-json\/wp\/v2\/users\/27"}],"replies":[{"embeddable":true,"href":"https:\/\/www.manaus.am.gov.br\/semsa\/wp-json\/wp\/v2\/comments?post=210179"}],"version-history":[{"count":3,"href":"https:\/\/www.manaus.am.gov.br\/semsa\/wp-json\/wp\/v2\/pages\/210179\/revisions"}],"predecessor-version":[{"id":210185,"href":"https:\/\/www.manaus.am.gov.br\/semsa\/wp-json\/wp\/v2\/pages\/210179\/revisions\/210185"}],"up":[{"embeddable":true,"href":"https:\/\/www.manaus.am.gov.br\/semsa\/wp-json\/wp\/v2\/pages\/207621"}],"wp:attachment":[{"href":"https:\/\/www.manaus.am.gov.br\/semsa\/wp-json\/wp\/v2\/media?parent=210179"}],"curies":[{"name":"wp","href":"https:\/\/api.w.org\/{rel}","templated":true}]}}