{"id":210152,"date":"2023-01-26T08:29:54","date_gmt":"2023-01-26T12:29:54","guid":{"rendered":"https:\/\/www.manaus.am.gov.br\/semsa\/?page_id=210152"},"modified":"2023-01-26T08:39:16","modified_gmt":"2023-01-26T12:39:16","slug":"cuide-das-emocoes","status":"publish","type":"page","link":"https:\/\/www.manaus.am.gov.br\/semsa\/promocao-da-saude\/cuide-das-emocoes\/","title":{"rendered":"Cuide das emo\u00e7\u00f5es"},"content":{"rendered":"\n<h2 class=\"wp-block-heading\">Como as emo\u00e7\u00f5es afetam a sua sa\u00fade?<\/h2>\n\n\n\n<p>As emo\u00e7\u00f5es, em especial, possuem papel determinante em nosso estado de sa\u00fade, uma vez que s\u00e3o respons\u00e1veis pelo desencadeamento e\/ou reten\u00e7\u00e3o de uma s\u00e9rie de subst\u00e2ncias qu\u00edmicas que podem alterar o modo de funcionamento do corpo e do pensamento. Em busca do equil\u00edbrio, ao sentir determinada emo\u00e7\u00e3o buscamos reestabelecer certo padr\u00e3o de funcionamento interno que pode alterar significativamente nosso estado. Quem nunca sentiu aquele frio no est\u00f4mago e palpita\u00e7\u00f5es quando se apaixonou?!<\/p>\n\n\n\n<p>Por\u00e9m, quando as experi\u00eancias em torno de emo\u00e7\u00f5es negativas s\u00e3o frequentes e n\u00e3o h\u00e1 espa\u00e7o para elabor\u00e1-las, o desequil\u00edbrio org\u00e2nico se torna excessivo e pode gerar uma s\u00e9rie de problemas ao organismo, como por exemplo, a queda do sistema imune e a instala\u00e7\u00e3o permanente de sensa\u00e7\u00f5es de ansiedade, nervosismo e tristeza.<\/p>\n\n\n\n<h2 class=\"wp-block-heading\">Sentimentos que adoecem<\/h2>\n\n\n\n<p>A psicossom\u00e1tica, \u00e1rea que estuda, entre outros fatores, os efeitos das emo\u00e7\u00f5es sobre o corpo, costuma enfatizar que os desequil\u00edbrios emocionais surgem no corpo atrav\u00e9s de dores que n\u00e3o tem causa aparente ou que surgem sem que tenha havido nenhuma raz\u00e3o concreta e que n\u00e3o se curam nem com rem\u00e9dios. Resfriados frequentes, alergias, enxaquecas e diarreia tamb\u00e9m podem ter fundo emocional. \u00c9 o corpo dizendo aquilo que n\u00e3o conseguimos falar. Por isso, a import\u00e2ncia de cuidar de nossas emo\u00e7\u00f5es evitando cultivar raiva, m\u00e1goas, ansiedade, melancolia, medo, tristeza e outros sentimentos adoecedores.<\/p>\n\n\n\n<h2 class=\"wp-block-heading\">Depress\u00e3o<\/h2>\n\n\n\n<p>Quando as emo\u00e7\u00f5es s\u00e3o reprimidas ou n\u00e3o processadas tamb\u00e9m podem originar um quadro depressivo, ou seja, a conviv\u00eancia constante com um estado de tristeza e desesperan\u00e7a. A depress\u00e3o \u00e9 caracterizada pela perda ou diminui\u00e7\u00e3o do interesse e prazer pela vida, gerando ang\u00fastia e prostra\u00e7\u00e3o, algumas vezes sem um motivo evidente. Esse transtorno psiqui\u00e1trico atinge pessoas de qualquer idade \u2014 embora seja mais frequente entre mulheres \u2014 e exige avalia\u00e7\u00e3o e tratamento com um profissional.<\/p>\n\n\n\n<p>Para que isso n\u00e3o aconte\u00e7a podemos adotar algumas medidas pr\u00e1ticas como: investir na autoestima, cuidar da alimenta\u00e7\u00e3o, realizar atividades prazerosas, praticar atividades f\u00edsicas e organizar esquemas para gerenciamento de preocupa\u00e7\u00f5es di\u00e1rias.<\/p>\n\n\n\n<h2 class=\"wp-block-heading\">Dicas para sa\u00fade plena<\/h2>\n\n\n\n<p><strong>\u2013<\/strong> Pratique a empatia;<\/p>\n\n\n\n<p><strong>\u2013<\/strong> Desenvolva o autoconhecimento;<\/p>\n\n\n\n<p><strong>\u2013<\/strong> Cuidado com a autossaboagem;<\/p>\n\n\n\n<p><strong>\u2013<\/strong> Crie mais tempo para voc\u00ea;<\/p>\n\n\n\n<p><strong>\u2013<\/strong> Exercite a gratid\u00e3o;<\/p>\n\n\n\n<p><strong>\u2013 <\/strong>Seja otimista e perseverante;<\/p>\n\n\n\n<p><strong>\u2013<\/strong> Pratique o desapego;<\/p>\n\n\n\n<p><strong>\u2013<\/strong> Pratique a paz;<\/p>\n\n\n\n<p><strong>\u2013<\/strong> Recupere sua energia na natureza;<\/p>\n\n\n\n<p><strong>\u2013<\/strong> Expresse seu amor.<\/p>\n\n\n\n<h2 class=\"wp-block-heading\">Como a psicologia pode ajudar?<\/h2>\n\n\n\n<p>Se dar o ponta p\u00e9 inicial estiver muito dif\u00edcil, o atendimento psicol\u00f3gico pode ajudar a partir de um processo de escuta qualificada e suporte terap\u00eautico, bem como organizando junto com voc\u00ea estrat\u00e9gias para lidar com as situa\u00e7\u00f5es que causam ang\u00fastia e, gradualmente, trabalhando na recupera\u00e7\u00e3o de seu equil\u00edbrio e controle emocional.<\/p>\n\n\n\n<p>Estabelecendo metas realistas e sem pressa, \u00e9 poss\u00edvel sermos capazes de caminhar no sentido construir espa\u00e7os de express\u00e3o de emo\u00e7\u00f5es e dificuldades, lembrando sempre que \u201cquando a boca cala o corpo fala, quando a boca fala o corpo sara&#8221;.<\/p>\n\n\n\n<p>Acesse\u00a0<a href=\"https:\/\/www.manaus.am.gov.br\/semsa\/centro-de-atencao-psicossocial-caps\/\" target=\"_blank\" rel=\"noreferrer noopener\">aqui<\/a>\u00a0os locais de atendimento psicossocial da Semsa.<\/p>\n","protected":false},"excerpt":{"rendered":"","protected":false},"author":27,"featured_media":0,"parent":207621,"menu_order":0,"comment_status":"closed","ping_status":"closed","template":"templates\/prefeitura.php","meta":{"footnotes":""},"acf":[],"yoast_head":"<!-- This site is optimized with the Yoast SEO plugin v23.0 - https:\/\/yoast.com\/wordpress\/plugins\/seo\/ -->\n<title>Cuide das emo\u00e7\u00f5es - SEMSA<\/title>\n<meta name=\"robots\" content=\"index, follow, max-snippet:-1, max-image-preview:large, max-video-preview:-1\" \/>\n<link rel=\"canonical\" href=\"https:\/\/www.manaus.am.gov.br\/semsa\/promocao-da-saude\/cuide-das-emocoes\/\" \/>\n<meta property=\"og:locale\" content=\"pt_BR\" \/>\n<meta property=\"og:type\" content=\"article\" \/>\n<meta property=\"og:title\" content=\"Cuide das emo\u00e7\u00f5es - SEMSA\" \/>\n<meta property=\"og:url\" content=\"https:\/\/www.manaus.am.gov.br\/semsa\/promocao-da-saude\/cuide-das-emocoes\/\" \/>\n<meta property=\"og:site_name\" content=\"SEMSA\" \/>\n<meta property=\"article:modified_time\" content=\"2023-01-26T12:39:16+00:00\" \/>\n<meta property=\"og:image\" content=\"https:\/\/www.manaus.am.gov.br\/semsa\/wp-content\/uploads\/sites\/8\/2024\/07\/thumb-default-2.png\" \/>\n\t<meta property=\"og:image:width\" content=\"966\" \/>\n\t<meta property=\"og:image:height\" content=\"520\" \/>\n\t<meta property=\"og:image:type\" content=\"image\/png\" \/>\n<meta name=\"twitter:card\" content=\"summary_large_image\" \/>\n<meta name=\"twitter:label1\" content=\"Est. reading time\" \/>\n\t<meta name=\"twitter:data1\" content=\"3 minutos\" \/>\n<script type=\"application\/ld+json\" class=\"yoast-schema-graph\">{\"@context\":\"https:\/\/schema.org\",\"@graph\":[{\"@type\":\"WebPage\",\"@id\":\"https:\/\/www.manaus.am.gov.br\/semsa\/promocao-da-saude\/cuide-das-emocoes\/\",\"url\":\"https:\/\/www.manaus.am.gov.br\/semsa\/promocao-da-saude\/cuide-das-emocoes\/\",\"name\":\"Cuide das emo\u00e7\u00f5es - SEMSA\",\"isPartOf\":{\"@id\":\"https:\/\/www.manaus.am.gov.br\/semsa\/#website\"},\"datePublished\":\"2023-01-26T12:29:54+00:00\",\"dateModified\":\"2023-01-26T12:39:16+00:00\",\"breadcrumb\":{\"@id\":\"https:\/\/www.manaus.am.gov.br\/semsa\/promocao-da-saude\/cuide-das-emocoes\/#breadcrumb\"},\"inLanguage\":\"pt-BR\",\"potentialAction\":[{\"@type\":\"ReadAction\",\"target\":[\"https:\/\/www.manaus.am.gov.br\/semsa\/promocao-da-saude\/cuide-das-emocoes\/\"]}]},{\"@type\":\"BreadcrumbList\",\"@id\":\"https:\/\/www.manaus.am.gov.br\/semsa\/promocao-da-saude\/cuide-das-emocoes\/#breadcrumb\",\"itemListElement\":[{\"@type\":\"ListItem\",\"position\":1,\"name\":\"Promo\u00e7\u00e3o da Sa\u00fade\",\"item\":\"https:\/\/www.manaus.am.gov.br\/semsa\/promocao-da-saude\/\"},{\"@type\":\"ListItem\",\"position\":2,\"name\":\"Cuide das emo\u00e7\u00f5es\"}]},{\"@type\":\"WebSite\",\"@id\":\"https:\/\/www.manaus.am.gov.br\/semsa\/#website\",\"url\":\"https:\/\/www.manaus.am.gov.br\/semsa\/\",\"name\":\"SEMSA\",\"description\":\"Secretaria Municipal de Sa\u00fade\",\"alternateName\":\"Secretaria Municipal de Sa\u00fade\",\"potentialAction\":[{\"@type\":\"SearchAction\",\"target\":{\"@type\":\"EntryPoint\",\"urlTemplate\":\"https:\/\/www.manaus.am.gov.br\/semsa\/?s={search_term_string}\"},\"query-input\":\"required name=search_term_string\"}],\"inLanguage\":\"pt-BR\"}]}<\/script>\n<!-- \/ Yoast SEO plugin. -->","yoast_head_json":{"title":"Cuide das emo\u00e7\u00f5es - SEMSA","robots":{"index":"index","follow":"follow","max-snippet":"max-snippet:-1","max-image-preview":"max-image-preview:large","max-video-preview":"max-video-preview:-1"},"canonical":"https:\/\/www.manaus.am.gov.br\/semsa\/promocao-da-saude\/cuide-das-emocoes\/","og_locale":"pt_BR","og_type":"article","og_title":"Cuide das emo\u00e7\u00f5es - SEMSA","og_url":"https:\/\/www.manaus.am.gov.br\/semsa\/promocao-da-saude\/cuide-das-emocoes\/","og_site_name":"SEMSA","article_modified_time":"2023-01-26T12:39:16+00:00","og_image":[{"width":966,"height":520,"url":"https:\/\/www.manaus.am.gov.br\/semsa\/wp-content\/uploads\/sites\/8\/2024\/07\/thumb-default-2.png","type":"image\/png"}],"twitter_card":"summary_large_image","twitter_misc":{"Est. reading time":"3 minutos"},"schema":{"@context":"https:\/\/schema.org","@graph":[{"@type":"WebPage","@id":"https:\/\/www.manaus.am.gov.br\/semsa\/promocao-da-saude\/cuide-das-emocoes\/","url":"https:\/\/www.manaus.am.gov.br\/semsa\/promocao-da-saude\/cuide-das-emocoes\/","name":"Cuide das emo\u00e7\u00f5es - SEMSA","isPartOf":{"@id":"https:\/\/www.manaus.am.gov.br\/semsa\/#website"},"datePublished":"2023-01-26T12:29:54+00:00","dateModified":"2023-01-26T12:39:16+00:00","breadcrumb":{"@id":"https:\/\/www.manaus.am.gov.br\/semsa\/promocao-da-saude\/cuide-das-emocoes\/#breadcrumb"},"inLanguage":"pt-BR","potentialAction":[{"@type":"ReadAction","target":["https:\/\/www.manaus.am.gov.br\/semsa\/promocao-da-saude\/cuide-das-emocoes\/"]}]},{"@type":"BreadcrumbList","@id":"https:\/\/www.manaus.am.gov.br\/semsa\/promocao-da-saude\/cuide-das-emocoes\/#breadcrumb","itemListElement":[{"@type":"ListItem","position":1,"name":"Promo\u00e7\u00e3o da Sa\u00fade","item":"https:\/\/www.manaus.am.gov.br\/semsa\/promocao-da-saude\/"},{"@type":"ListItem","position":2,"name":"Cuide das emo\u00e7\u00f5es"}]},{"@type":"WebSite","@id":"https:\/\/www.manaus.am.gov.br\/semsa\/#website","url":"https:\/\/www.manaus.am.gov.br\/semsa\/","name":"SEMSA","description":"Secretaria Municipal de Sa\u00fade","alternateName":"Secretaria Municipal de Sa\u00fade","potentialAction":[{"@type":"SearchAction","target":{"@type":"EntryPoint","urlTemplate":"https:\/\/www.manaus.am.gov.br\/semsa\/?s={search_term_string}"},"query-input":"required name=search_term_string"}],"inLanguage":"pt-BR"}]}},"_links":{"self":[{"href":"https:\/\/www.manaus.am.gov.br\/semsa\/wp-json\/wp\/v2\/pages\/210152"}],"collection":[{"href":"https:\/\/www.manaus.am.gov.br\/semsa\/wp-json\/wp\/v2\/pages"}],"about":[{"href":"https:\/\/www.manaus.am.gov.br\/semsa\/wp-json\/wp\/v2\/types\/page"}],"author":[{"embeddable":true,"href":"https:\/\/www.manaus.am.gov.br\/semsa\/wp-json\/wp\/v2\/users\/27"}],"replies":[{"embeddable":true,"href":"https:\/\/www.manaus.am.gov.br\/semsa\/wp-json\/wp\/v2\/comments?post=210152"}],"version-history":[{"count":2,"href":"https:\/\/www.manaus.am.gov.br\/semsa\/wp-json\/wp\/v2\/pages\/210152\/revisions"}],"predecessor-version":[{"id":210157,"href":"https:\/\/www.manaus.am.gov.br\/semsa\/wp-json\/wp\/v2\/pages\/210152\/revisions\/210157"}],"up":[{"embeddable":true,"href":"https:\/\/www.manaus.am.gov.br\/semsa\/wp-json\/wp\/v2\/pages\/207621"}],"wp:attachment":[{"href":"https:\/\/www.manaus.am.gov.br\/semsa\/wp-json\/wp\/v2\/media?parent=210152"}],"curies":[{"name":"wp","href":"https:\/\/api.w.org\/{rel}","templated":true}]}}