{"id":210123,"date":"2023-01-25T17:10:18","date_gmt":"2023-01-25T21:10:18","guid":{"rendered":"https:\/\/www.manaus.am.gov.br\/semsa\/?page_id=210123"},"modified":"2023-01-25T17:49:56","modified_gmt":"2023-01-25T21:49:56","slug":"alimentacao-e-saude","status":"publish","type":"page","link":"https:\/\/www.manaus.am.gov.br\/semsa\/promocao-da-saude\/alimentacao-e-saude\/","title":{"rendered":"Alimenta\u00e7\u00e3o e sa\u00fade"},"content":{"rendered":"\n<h2 class=\"wp-block-heading\">Alimenta\u00e7\u00e3o: o segredo da boa sa\u00fade<\/h2>\n\n\n\n<p>H\u00e1 uma rela\u00e7\u00e3o direta entre a alimenta\u00e7\u00e3o saud\u00e1vel e nosso bem estar f\u00edsico e mental. Isto acontece principalmente porque os alimentos&nbsp;<em>in natura<\/em>&nbsp;ou minimamente processados, n\u00e3o apenas fornecem os nutrientes fundamentais para o desenvolvimento e manuten\u00e7\u00e3o do organismo, mas tamb\u00e9m cont\u00e9m diversos componentes que contribuem para a sa\u00fade e preven\u00e7\u00e3o de doen\u00e7as como por exemplo: licopeno, \u00e1cidos graxos \u00f4mega 3 e \u00f4mega 6, compostos fen\u00f3licos, revesterol, isoflavonas dentre outros.<\/p>\n\n\n\n<p>Al\u00e9m do mais, a dimens\u00e3o da alimenta\u00e7\u00e3o humana \u00e9 muito abrangente envolvendo os aspectos culturais, sociais e ambientais que interferem na forma de consumo, preparo e at\u00e9 mesmo as emo\u00e7\u00f5es frente aos alimentos.<\/p>\n\n\n\n<p>O tipo de alimento e a quantidade que ingerimos est\u00e1 relacionada \u00e0s circunst\u00e2ncias ambientais. Quem se alimenta em companhia de amigos e familiares tende a valorizar mais a alimenta\u00e7\u00e3o. Quem come sozinho ou distra\u00eddo com tv\/computador n\u00e3o presta muita aten\u00e7\u00e3o ao que come, costuma comer maior quantidade e geralmente ingere alimentos mais cal\u00f3ricos j\u00e1 que s\u00e3o pr\u00e1ticos de preparar ou comprar, tais como, como pizza, sandu\u00edches e sucos industrializados.<\/p>\n\n\n\n<h2 class=\"wp-block-heading\">O valor nutritivo dos alimentos<\/h2>\n\n\n\n<p>Os nutrientes fornecidos pelos alimentos s\u00e3o as prote\u00ednas, lip\u00eddeos, carboidratos vitaminas e minerais. Todos s\u00e3o importantes para a manuten\u00e7\u00e3o da sa\u00fade e o bom funcionamento do organismo.<\/p>\n\n\n\n<p>A maioria da vitaminas e minerais s\u00e3o encontrados nos vegetais (frutas, legumes e verduras e cereais integrais).As carnes em geral, ovos,&nbsp; latic\u00ednios e leguminosas (feij\u00f5es) s\u00e3o boas fontes de prote\u00ednas.<\/p>\n\n\n\n<p>J\u00e1 os cereais e tub\u00e9rculos (batata, car\u00e1, macaxeira, etc) fornecem os carboidratos que geram energia para o desempenho das atividades di\u00e1rias e metab\u00f3licas.<\/p>\n\n\n\n<p>Alguns nutrientes de destaque principalmente para a sa\u00fade das crian\u00e7as s\u00e3o:<\/p>\n\n\n\n<ul>\n<li><strong>Vitamina A&nbsp;\u2013<\/strong> presente no f\u00edgado, gema de ovo, leite, manteiga e queijo; frutos e \u00f3leo de dend\u00ea, de buriti, de pupunha, de tucum\u00e3; vegetais verdes- frutas e legumes amarelados (manga, mam\u00e3o, acerola, cenoura, goiaba, jerimum, batata-doce e outros);<\/li>\n\n\n\n<li><strong>Vitamina C&nbsp;\u2013<\/strong> muito comum nas frutas como laranja, lim\u00e3o, acerola, camu camu, caju, abacaxi, acerola e outras;<\/li>\n\n\n\n<li><strong>Ferro<\/strong>&nbsp;<strong>\u2013<\/strong> as principais fontes alimentares s\u00e3o as carnes vermelhas, f\u00edgado e mi\u00fados, carnes de aves, su\u00ednos, peixes e mariscos, leguminosas (feij\u00e3o, ervilha e outros).<\/li>\n<\/ul>\n\n\n\n<p>Outra op\u00e7\u00e3o par enriquecer a alimenta\u00e7\u00e3o do dia a dia \u00e9 incluir no card\u00e1pio as plantas aliment\u00edcias n\u00e3o convencionais, as chamadas PANCS. Algumas PANCS que s\u00e3o nutritivas e que podem ser encontradas na nossa regi\u00e3o s\u00e3o:<\/p>\n\n\n\n<p><strong>Bertalha<\/strong>: \u00c9 utilizada refogada e em sopas, da mesma forma que se utiliza o espinafre.<\/p>\n\n\n\n<p><strong>C\u00farcuma longa<\/strong>: os rizomas (caules que ficam embaixo da terra) geralmente s\u00e3o desidratados e transformados em p\u00f3 que s\u00e3o utilizados como condimentos, por\u00e9m os rizomas novos podem ser consumidos crus.<\/p>\n\n\n\n<p><strong>Cubiu:<\/strong>&nbsp;Pode ser consumido ao natural, ou processado na forma de sucos, doces, gel\u00e9ias e compotas. Tamb\u00e9m \u00e9 usado na caldeirada de peixe ou como tempero de pratos \u00e0 base de carne e frango.<\/p>\n\n\n\n<p><strong>Feij\u00e3o de praia:<\/strong>&nbsp;As folhas novas podem ser refogadas, as ra\u00edzes cozidas e as flores&nbsp; podem ser consumidas cruas.<\/p>\n\n\n\n<p><strong>Ora-pro-nobis:<\/strong>&nbsp;A&nbsp; combina\u00e7\u00e3o&nbsp; mais &nbsp;usada&nbsp; em&nbsp; pratos&nbsp; tradicionais \u00e9 com frango ou com angu. Pode ser usado em sopas, recheio, mexidos e omeletes. As flores s\u00e3o lindas e podem ser utilizadas em saladas cruas.<\/p>\n\n\n\n<p><strong>Taioba:<\/strong>&nbsp;As folhas s\u00e3o usadas refogadas ou cozidas com frango, carne mo\u00edda ou arroz. Faz-se tamb\u00e9m omeletes e sufl\u00eas. As folhas n\u00e3o podem ser consumidas cruas. Os rizomas podem ser usados como o inhame.<\/p>\n\n\n\n<p><strong>Vinagreira:<\/strong>&nbsp;As folhas s\u00e3o usadas em saladas cruas ou refogadas e as flores em ch\u00e1s. Dos c\u00e1lices, faz-se gel\u00e9ias e sucos.<\/p>\n\n\n\n<h2 class=\"wp-block-heading\">Dicas de alimenta\u00e7\u00e3o<\/h2>\n\n\n\n<p>Ao se alimentar procure:<\/p>\n\n\n\n<ul>\n<li>Comer mais \u201calimentos de verdade\u201d, ou seja, os alimentos&nbsp;<em>in natura<\/em>&nbsp;e pouco processados pela ind\u00fastria, tais como: frutas, verduras, feij\u00f5es, cereais, carnes, peixes, leites e ovos;<\/li>\n\n\n\n<li>Reduzir quantidade de gordura de origem animal ou \u00f3leos utilizados em frituras, a\u00e7\u00facar e sal. Estes produtos podem ser substitu\u00eddos com vantagens por ervas frescas e \u00f3leos vegetais;<\/li>\n\n\n\n<li>N\u00e3o comer sozinho ou distra\u00eddo com televis\u00e3o\/computador. Fa\u00e7a do momento da refei\u00e7\u00e3o um espa\u00e7o de compartilhamento e bons relacionamentos;<\/li>\n\n\n\n<li>Evite consumir \u201calimentos ultraprocessados\u201d como refrigerantes, sucos industrializados, sorvetes, achocolatados, biscoitos, macarr\u00e3o instant\u00e2neo, embutidos, etc;<\/li>\n\n\n\n<li>Quando estiver fora de casa, prefira locais que sirvam refei\u00e7\u00f5es do \u201ctipo caseiras\u201d e preparadas na hora.<\/li>\n<\/ul>\n\n\n\n<h2 class=\"wp-block-heading\">Como manter o peso adequado?<\/h2>\n\n\n\n<p>Para manter o corpo saud\u00e1vel e com peso adequado \u00e9 fundamental dar \u00e0 alimenta\u00e7\u00e3o a import\u00e2ncia que ela merece. Para tanto, deve-se planejar e dedicar uma parte do tempo di\u00e1rio para a compra,&nbsp; preparo e consumo dos alimentos mais nutritivos.<\/p>\n\n\n\n<p>As \u201cdietas da moda\u201d que prometem reduzir o peso rapidamente n\u00e3o s\u00e3o refer\u00eancias para bons h\u00e1bitos alimentares, pois de forma geral, al\u00e9m de n\u00e3o possu\u00edrem embasamento cient\u00edfico, essas dietas podem surtir efeitos de perda e reganho de peso que proporcionam um efeito emocional frustrante e ainda, causar defici\u00eancias nutricionais e riscos \u00e0 sa\u00fade ao longo do tempo.<\/p>\n\n\n\n<p>Desta forma, para reduzir o peso corporal e ainda diminuir o risco de doen\u00e7as cr\u00f4nicas como diabetes, hipertens\u00e3o, doen\u00e7as cardiovasculares e alguns tipos de c\u00e2ncer, o ideal \u00e9 associar h\u00e1bitos alimentares saud\u00e1veis com a pr\u00e1tica de atividade f\u00edsica regularmente. Al\u00e9m disso, n\u00e3o \u00e9 recomendado seguir qualquer tipo de dieta sem a orienta\u00e7\u00e3o de um profissional de sa\u00fade, especialmente o nutricionista.<\/p>\n\n\n\n<h2 class=\"wp-block-heading\">Vamos praticar?<\/h2>\n\n\n\n<p><strong>Omelete verde<\/strong><\/p>\n\n\n\n<p>Ingredientes:<\/p>\n\n\n\n<ul>\n<li>3 ovos<\/li>\n\n\n\n<li>\u00bd x\u00edcara de ch\u00e1 de folhas de ora-pro-nobis e cariru picadas;<\/li>\n\n\n\n<li>\u00bd x\u00edcara de ch\u00e1 de cebolinha picada;<\/li>\n\n\n\n<li>\u00bd x\u00edcara de ch\u00e1 de tomate picado;<\/li>\n\n\n\n<li>\u00bd x\u00edcara de ch\u00e1 de cebola picada;<\/li>\n\n\n\n<li>Sal e pimenta a gosto;<\/li>\n\n\n\n<li>\u00d3leo para untar a frigideira.<\/li>\n<\/ul>\n\n\n\n<p>Modo de preparo:<\/p>\n\n\n\n<ul>\n<li>Colocar os ovos em uma tigela e bater at\u00e9 dobrar de volume;<\/li>\n\n\n\n<li>Acrescentar as folhas de ora-pro-nobis e cariru, cebolinha, o sal e pimenta;<\/li>\n\n\n\n<li>Untar a frigideira e deixar aquecer. Em seguida, colocar metade da mistura de ovos com as folhas e temperos;<\/li>\n\n\n\n<li>Deixar dourar e virar;<\/li>\n\n\n\n<li>Acrescentar o restante da mistura dos ovos, o tomate e a cebola como recheio;<\/li>\n\n\n\n<li>Dobre o omelete ao meio e deixe dourar;<\/li>\n\n\n\n<li>Sirva em seguida.<\/li>\n<\/ul>\n","protected":false},"excerpt":{"rendered":"","protected":false},"author":27,"featured_media":0,"parent":207621,"menu_order":0,"comment_status":"closed","ping_status":"closed","template":"templates\/prefeitura.php","meta":{"footnotes":""},"acf":[],"yoast_head":"<!-- This site is optimized with the Yoast SEO plugin v23.0 - https:\/\/yoast.com\/wordpress\/plugins\/seo\/ -->\n<title>Alimenta\u00e7\u00e3o e sa\u00fade - SEMSA<\/title>\n<meta name=\"robots\" content=\"index, follow, max-snippet:-1, max-image-preview:large, max-video-preview:-1\" \/>\n<link rel=\"canonical\" href=\"https:\/\/www.manaus.am.gov.br\/semsa\/promocao-da-saude\/alimentacao-e-saude\/\" \/>\n<meta property=\"og:locale\" content=\"pt_BR\" \/>\n<meta property=\"og:type\" content=\"article\" \/>\n<meta property=\"og:title\" content=\"Alimenta\u00e7\u00e3o e sa\u00fade - SEMSA\" \/>\n<meta property=\"og:url\" content=\"https:\/\/www.manaus.am.gov.br\/semsa\/promocao-da-saude\/alimentacao-e-saude\/\" \/>\n<meta property=\"og:site_name\" content=\"SEMSA\" \/>\n<meta property=\"article:modified_time\" content=\"2023-01-25T21:49:56+00:00\" \/>\n<meta property=\"og:image\" content=\"https:\/\/www.manaus.am.gov.br\/semsa\/wp-content\/uploads\/sites\/8\/2024\/07\/thumb-default-2.png\" \/>\n\t<meta property=\"og:image:width\" content=\"966\" \/>\n\t<meta property=\"og:image:height\" content=\"520\" \/>\n\t<meta property=\"og:image:type\" content=\"image\/png\" \/>\n<meta name=\"twitter:card\" content=\"summary_large_image\" \/>\n<meta name=\"twitter:label1\" content=\"Est. reading time\" \/>\n\t<meta name=\"twitter:data1\" content=\"6 minutos\" \/>\n<script type=\"application\/ld+json\" class=\"yoast-schema-graph\">{\"@context\":\"https:\/\/schema.org\",\"@graph\":[{\"@type\":\"WebPage\",\"@id\":\"https:\/\/www.manaus.am.gov.br\/semsa\/promocao-da-saude\/alimentacao-e-saude\/\",\"url\":\"https:\/\/www.manaus.am.gov.br\/semsa\/promocao-da-saude\/alimentacao-e-saude\/\",\"name\":\"Alimenta\u00e7\u00e3o e sa\u00fade - SEMSA\",\"isPartOf\":{\"@id\":\"https:\/\/www.manaus.am.gov.br\/semsa\/#website\"},\"datePublished\":\"2023-01-25T21:10:18+00:00\",\"dateModified\":\"2023-01-25T21:49:56+00:00\",\"breadcrumb\":{\"@id\":\"https:\/\/www.manaus.am.gov.br\/semsa\/promocao-da-saude\/alimentacao-e-saude\/#breadcrumb\"},\"inLanguage\":\"pt-BR\",\"potentialAction\":[{\"@type\":\"ReadAction\",\"target\":[\"https:\/\/www.manaus.am.gov.br\/semsa\/promocao-da-saude\/alimentacao-e-saude\/\"]}]},{\"@type\":\"BreadcrumbList\",\"@id\":\"https:\/\/www.manaus.am.gov.br\/semsa\/promocao-da-saude\/alimentacao-e-saude\/#breadcrumb\",\"itemListElement\":[{\"@type\":\"ListItem\",\"position\":1,\"name\":\"Promo\u00e7\u00e3o da Sa\u00fade\",\"item\":\"https:\/\/www.manaus.am.gov.br\/semsa\/promocao-da-saude\/\"},{\"@type\":\"ListItem\",\"position\":2,\"name\":\"Alimenta\u00e7\u00e3o e sa\u00fade\"}]},{\"@type\":\"WebSite\",\"@id\":\"https:\/\/www.manaus.am.gov.br\/semsa\/#website\",\"url\":\"https:\/\/www.manaus.am.gov.br\/semsa\/\",\"name\":\"SEMSA\",\"description\":\"Secretaria Municipal de Sa\u00fade\",\"alternateName\":\"Secretaria Municipal de Sa\u00fade\",\"potentialAction\":[{\"@type\":\"SearchAction\",\"target\":{\"@type\":\"EntryPoint\",\"urlTemplate\":\"https:\/\/www.manaus.am.gov.br\/semsa\/?s={search_term_string}\"},\"query-input\":\"required name=search_term_string\"}],\"inLanguage\":\"pt-BR\"}]}<\/script>\n<!-- \/ Yoast SEO plugin. -->","yoast_head_json":{"title":"Alimenta\u00e7\u00e3o e sa\u00fade - SEMSA","robots":{"index":"index","follow":"follow","max-snippet":"max-snippet:-1","max-image-preview":"max-image-preview:large","max-video-preview":"max-video-preview:-1"},"canonical":"https:\/\/www.manaus.am.gov.br\/semsa\/promocao-da-saude\/alimentacao-e-saude\/","og_locale":"pt_BR","og_type":"article","og_title":"Alimenta\u00e7\u00e3o e sa\u00fade - SEMSA","og_url":"https:\/\/www.manaus.am.gov.br\/semsa\/promocao-da-saude\/alimentacao-e-saude\/","og_site_name":"SEMSA","article_modified_time":"2023-01-25T21:49:56+00:00","og_image":[{"width":966,"height":520,"url":"https:\/\/www.manaus.am.gov.br\/semsa\/wp-content\/uploads\/sites\/8\/2024\/07\/thumb-default-2.png","type":"image\/png"}],"twitter_card":"summary_large_image","twitter_misc":{"Est. reading time":"6 minutos"},"schema":{"@context":"https:\/\/schema.org","@graph":[{"@type":"WebPage","@id":"https:\/\/www.manaus.am.gov.br\/semsa\/promocao-da-saude\/alimentacao-e-saude\/","url":"https:\/\/www.manaus.am.gov.br\/semsa\/promocao-da-saude\/alimentacao-e-saude\/","name":"Alimenta\u00e7\u00e3o e sa\u00fade - SEMSA","isPartOf":{"@id":"https:\/\/www.manaus.am.gov.br\/semsa\/#website"},"datePublished":"2023-01-25T21:10:18+00:00","dateModified":"2023-01-25T21:49:56+00:00","breadcrumb":{"@id":"https:\/\/www.manaus.am.gov.br\/semsa\/promocao-da-saude\/alimentacao-e-saude\/#breadcrumb"},"inLanguage":"pt-BR","potentialAction":[{"@type":"ReadAction","target":["https:\/\/www.manaus.am.gov.br\/semsa\/promocao-da-saude\/alimentacao-e-saude\/"]}]},{"@type":"BreadcrumbList","@id":"https:\/\/www.manaus.am.gov.br\/semsa\/promocao-da-saude\/alimentacao-e-saude\/#breadcrumb","itemListElement":[{"@type":"ListItem","position":1,"name":"Promo\u00e7\u00e3o da Sa\u00fade","item":"https:\/\/www.manaus.am.gov.br\/semsa\/promocao-da-saude\/"},{"@type":"ListItem","position":2,"name":"Alimenta\u00e7\u00e3o e sa\u00fade"}]},{"@type":"WebSite","@id":"https:\/\/www.manaus.am.gov.br\/semsa\/#website","url":"https:\/\/www.manaus.am.gov.br\/semsa\/","name":"SEMSA","description":"Secretaria Municipal de Sa\u00fade","alternateName":"Secretaria Municipal de Sa\u00fade","potentialAction":[{"@type":"SearchAction","target":{"@type":"EntryPoint","urlTemplate":"https:\/\/www.manaus.am.gov.br\/semsa\/?s={search_term_string}"},"query-input":"required name=search_term_string"}],"inLanguage":"pt-BR"}]}},"_links":{"self":[{"href":"https:\/\/www.manaus.am.gov.br\/semsa\/wp-json\/wp\/v2\/pages\/210123"}],"collection":[{"href":"https:\/\/www.manaus.am.gov.br\/semsa\/wp-json\/wp\/v2\/pages"}],"about":[{"href":"https:\/\/www.manaus.am.gov.br\/semsa\/wp-json\/wp\/v2\/types\/page"}],"author":[{"embeddable":true,"href":"https:\/\/www.manaus.am.gov.br\/semsa\/wp-json\/wp\/v2\/users\/27"}],"replies":[{"embeddable":true,"href":"https:\/\/www.manaus.am.gov.br\/semsa\/wp-json\/wp\/v2\/comments?post=210123"}],"version-history":[{"count":7,"href":"https:\/\/www.manaus.am.gov.br\/semsa\/wp-json\/wp\/v2\/pages\/210123\/revisions"}],"predecessor-version":[{"id":210140,"href":"https:\/\/www.manaus.am.gov.br\/semsa\/wp-json\/wp\/v2\/pages\/210123\/revisions\/210140"}],"up":[{"embeddable":true,"href":"https:\/\/www.manaus.am.gov.br\/semsa\/wp-json\/wp\/v2\/pages\/207621"}],"wp:attachment":[{"href":"https:\/\/www.manaus.am.gov.br\/semsa\/wp-json\/wp\/v2\/media?parent=210123"}],"curies":[{"name":"wp","href":"https:\/\/api.w.org\/{rel}","templated":true}]}}