{"id":210059,"date":"2023-01-23T23:50:12","date_gmt":"2023-01-24T03:50:12","guid":{"rendered":"https:\/\/www.manaus.am.gov.br\/semsa\/?page_id=210059"},"modified":"2023-02-16T09:01:56","modified_gmt":"2023-02-16T13:01:56","slug":"links-uteis","status":"publish","type":"page","link":"https:\/\/www.manaus.am.gov.br\/semsa\/links-uteis\/","title":{"rendered":"Links \u00fateis"},"content":{"rendered":"\n<p><a class=\"custom-link\" href=\"https:\/\/www.manaus.am.gov.br\/#\" target=\"_blank\" rel=\"noreferrer noopener\">PMM &#8211; Prefeitura Municipal de Manaus<\/a><\/p>\n\n\n\n<p><a class=\"custom-link\" href=\"https:\/\/portal.fiocruz.br\/\" target=\"_blank\" rel=\"noreferrer noopener\">FIOCRUZ \u2013 Funda\u00e7\u00e3o Oswaldo Cruz<\/a><\/p>\n\n\n\n<p><a class=\"custom-link\" href=\"http:\/\/www.datasus.gov.br\/\" target=\"_blank\" rel=\"noreferrer noopener\">DATA SUS \u2013 Departamento de Inform\u00e1tica do SUS<\/a><\/p>\n\n\n\n<p><a class=\"custom-link\" href=\"http:\/\/www.conselho.saude.gov.br\/\" target=\"_blank\" rel=\"noreferrer noopener\">CNS &#8211; Conselho Nacional de Sa\u00fade<\/a><\/p>\n\n\n\n<p><a class=\"custom-link\" href=\"http:\/\/www.cosemsam.org.br\/\" target=\"_blank\" rel=\"noreferrer noopener\">COSEMS-AM \u2013 Conselho dos Secret\u00e1rios <br>Municipais de Sa\u00fade do Amazonas<\/a><\/p>\n\n\n\n<p><a class=\"custom-link\" href=\"https:\/\/www.conass.org.br\/\" target=\"_blank\" rel=\"noreferrer noopener\">CONASS \u2013 Conselho Nacional dos Secret\u00e1rios de Sa\u00fade<\/a><\/p>\n\n\n\n<p><a class=\"custom-link\" href=\"https:\/\/www.fvs.am.gov.br\/\" target=\"_blank\" rel=\"noreferrer noopener\">FVS &#8211; Funda\u00e7\u00e3o de Vigil\u00e2ncia em Sa\u00fade<\/a><\/p>\n\n\n\n<p><a class=\"custom-link\" href=\"http:\/\/www.saude.am.gov.br\/\" target=\"_blank\" rel=\"noreferrer noopener\">SUSAM \u2013 Secretaria de Estado de Sa\u00fade do Amazonas<\/a><\/p>\n\n\n\n<p><a class=\"custom-link\" href=\"https:\/\/www.gov.br\/saude\/pt-br\" target=\"_blank\" rel=\"noreferrer noopener\">Minist\u00e9rio da Sa\u00fade<\/a><\/p>\n","protected":false},"excerpt":{"rendered":"","protected":false},"author":27,"featured_media":0,"parent":0,"menu_order":0,"comment_status":"closed","ping_status":"closed","template":"","meta":{"footnotes":""},"acf":[],"yoast_head":"<!-- This site is optimized with the Yoast SEO plugin v23.0 - https:\/\/yoast.com\/wordpress\/plugins\/seo\/ -->\n<title>Links \u00fateis - SEMSA<\/title>\n<meta name=\"robots\" content=\"index, follow, max-snippet:-1, max-image-preview:large, max-video-preview:-1\" \/>\n<link rel=\"canonical\" href=\"https:\/\/www.manaus.am.gov.br\/semsa\/links-uteis\/\" \/>\n<meta property=\"og:locale\" content=\"pt_BR\" \/>\n<meta property=\"og:type\" content=\"article\" \/>\n<meta property=\"og:title\" content=\"Links \u00fateis - SEMSA\" \/>\n<meta property=\"og:url\" content=\"https:\/\/www.manaus.am.gov.br\/semsa\/links-uteis\/\" \/>\n<meta property=\"og:site_name\" content=\"SEMSA\" \/>\n<meta property=\"article:modified_time\" content=\"2023-02-16T13:01:56+00:00\" \/>\n<meta property=\"og:image\" content=\"https:\/\/www.manaus.am.gov.br\/semsa\/wp-content\/uploads\/sites\/8\/2024\/07\/thumb-default-2.png\" \/>\n\t<meta property=\"og:image:width\" content=\"966\" \/>\n\t<meta property=\"og:image:height\" content=\"520\" \/>\n\t<meta property=\"og:image:type\" content=\"image\/png\" \/>\n<meta name=\"twitter:card\" content=\"summary_large_image\" \/>\n<meta name=\"twitter:label1\" content=\"Est. reading time\" \/>\n\t<meta name=\"twitter:data1\" content=\"1 minuto\" \/>\n<script type=\"application\/ld+json\" class=\"yoast-schema-graph\">{\"@context\":\"https:\/\/schema.org\",\"@graph\":[{\"@type\":\"WebPage\",\"@id\":\"https:\/\/www.manaus.am.gov.br\/semsa\/links-uteis\/\",\"url\":\"https:\/\/www.manaus.am.gov.br\/semsa\/links-uteis\/\",\"name\":\"Links \u00fateis - SEMSA\",\"isPartOf\":{\"@id\":\"https:\/\/www.manaus.am.gov.br\/semsa\/#website\"},\"datePublished\":\"2023-01-24T03:50:12+00:00\",\"dateModified\":\"2023-02-16T13:01:56+00:00\",\"inLanguage\":\"pt-BR\",\"potentialAction\":[{\"@type\":\"ReadAction\",\"target\":[\"https:\/\/www.manaus.am.gov.br\/semsa\/links-uteis\/\"]}]},{\"@type\":\"WebSite\",\"@id\":\"https:\/\/www.manaus.am.gov.br\/semsa\/#website\",\"url\":\"https:\/\/www.manaus.am.gov.br\/semsa\/\",\"name\":\"SEMSA\",\"description\":\"Secretaria Municipal de Sa\u00fade\",\"alternateName\":\"Secretaria Municipal de Sa\u00fade\",\"potentialAction\":[{\"@type\":\"SearchAction\",\"target\":{\"@type\":\"EntryPoint\",\"urlTemplate\":\"https:\/\/www.manaus.am.gov.br\/semsa\/?s={search_term_string}\"},\"query-input\":\"required name=search_term_string\"}],\"inLanguage\":\"pt-BR\"}]}<\/script>\n<!-- \/ Yoast SEO plugin. -->","yoast_head_json":{"title":"Links \u00fateis - SEMSA","robots":{"index":"index","follow":"follow","max-snippet":"max-snippet:-1","max-image-preview":"max-image-preview:large","max-video-preview":"max-video-preview:-1"},"canonical":"https:\/\/www.manaus.am.gov.br\/semsa\/links-uteis\/","og_locale":"pt_BR","og_type":"article","og_title":"Links \u00fateis - SEMSA","og_url":"https:\/\/www.manaus.am.gov.br\/semsa\/links-uteis\/","og_site_name":"SEMSA","article_modified_time":"2023-02-16T13:01:56+00:00","og_image":[{"width":966,"height":520,"url":"https:\/\/www.manaus.am.gov.br\/semsa\/wp-content\/uploads\/sites\/8\/2024\/07\/thumb-default-2.png","type":"image\/png"}],"twitter_card":"summary_large_image","twitter_misc":{"Est. reading time":"1 minuto"},"schema":{"@context":"https:\/\/schema.org","@graph":[{"@type":"WebPage","@id":"https:\/\/www.manaus.am.gov.br\/semsa\/links-uteis\/","url":"https:\/\/www.manaus.am.gov.br\/semsa\/links-uteis\/","name":"Links \u00fateis - SEMSA","isPartOf":{"@id":"https:\/\/www.manaus.am.gov.br\/semsa\/#website"},"datePublished":"2023-01-24T03:50:12+00:00","dateModified":"2023-02-16T13:01:56+00:00","inLanguage":"pt-BR","potentialAction":[{"@type":"ReadAction","target":["https:\/\/www.manaus.am.gov.br\/semsa\/links-uteis\/"]}]},{"@type":"WebSite","@id":"https:\/\/www.manaus.am.gov.br\/semsa\/#website","url":"https:\/\/www.manaus.am.gov.br\/semsa\/","name":"SEMSA","description":"Secretaria Municipal de Sa\u00fade","alternateName":"Secretaria Municipal de Sa\u00fade","potentialAction":[{"@type":"SearchAction","target":{"@type":"EntryPoint","urlTemplate":"https:\/\/www.manaus.am.gov.br\/semsa\/?s={search_term_string}"},"query-input":"required name=search_term_string"}],"inLanguage":"pt-BR"}]}},"_links":{"self":[{"href":"https:\/\/www.manaus.am.gov.br\/semsa\/wp-json\/wp\/v2\/pages\/210059"}],"collection":[{"href":"https:\/\/www.manaus.am.gov.br\/semsa\/wp-json\/wp\/v2\/pages"}],"about":[{"href":"https:\/\/www.manaus.am.gov.br\/semsa\/wp-json\/wp\/v2\/types\/page"}],"author":[{"embeddable":true,"href":"https:\/\/www.manaus.am.gov.br\/semsa\/wp-json\/wp\/v2\/users\/27"}],"replies":[{"embeddable":true,"href":"https:\/\/www.manaus.am.gov.br\/semsa\/wp-json\/wp\/v2\/comments?post=210059"}],"version-history":[{"count":4,"href":"https:\/\/www.manaus.am.gov.br\/semsa\/wp-json\/wp\/v2\/pages\/210059\/revisions"}],"predecessor-version":[{"id":210721,"href":"https:\/\/www.manaus.am.gov.br\/semsa\/wp-json\/wp\/v2\/pages\/210059\/revisions\/210721"}],"wp:attachment":[{"href":"https:\/\/www.manaus.am.gov.br\/semsa\/wp-json\/wp\/v2\/media?parent=210059"}],"curies":[{"name":"wp","href":"https:\/\/api.w.org\/{rel}","templated":true}]}}