{"id":209957,"date":"2023-01-23T20:49:17","date_gmt":"2023-01-24T00:49:17","guid":{"rendered":"https:\/\/www.manaus.am.gov.br\/semsa\/?page_id=209957"},"modified":"2023-02-03T14:42:38","modified_gmt":"2023-02-03T18:42:38","slug":"onde-procurar-atendimento-e-documentacao-necessaria","status":"publish","type":"page","link":"https:\/\/www.manaus.am.gov.br\/semsa\/onde-procurar-atendimento-e-documentacao-necessaria\/","title":{"rendered":"Onde procurar atendimento e documenta\u00e7\u00e3o necess\u00e1ria"},"content":{"rendered":"\n<p><strong>Voc\u00ea sabe onde ir quando precisa de atendimento m\u00e9dico?<\/strong><\/p>\n\n\n\n<p>A rede p\u00fablica de sa\u00fade \u00e9 classificada de acordo com a gravidade dos atendimentos:<\/p>\n\n\n\n<h2 class=\"wp-block-heading\">Unidades B\u00e1sicas de Sa\u00fade e Cl\u00ednicas da Fam\u00edlia<\/h2>\n\n\n\n<p>Casos de menor gravidade devem ir para as Unidades B\u00e1sicas de Sa\u00fade (Posto de Sa\u00fade) que \u00e9 de responsabilidade da Prefeitura. Exames, consultas m\u00e9dicas e odontol\u00f3gicas, entrega de rem\u00e9dios e aplica\u00e7\u00e3o de vacinas. Se na unidade o m\u00e9dico constatar que voc\u00ea precisa de atendimento mais aprofundado, ele vai te encaminhar para um atendimento especializado.<\/p>\n\n\n\n<h2 class=\"wp-block-heading\">Documenta\u00e7\u00e3o para Acesso aos Servi\u00e7os<\/h2>\n\n\n\n<p>\u2013 Cart\u00e3o SUS<\/p>\n\n\n\n<p>\u2013 Identidade \u2013 RG<\/p>\n\n\n\n<p>\u2013 Comprovante de Resid\u00eancia<\/p>\n\n\n\n<p>Acesse&nbsp;<a href=\"https:\/\/semsa.manaus.am.gov.br\/localizacao-das-unidades-de-saude\/\" target=\"_blank\" rel=\"noreferrer noopener\">aqui<\/a>&nbsp;a lista de Unidades de Sa\u00fade<\/p>\n\n\n\n<h2 class=\"wp-block-heading\">Pronto Atendimento<\/h2>\n\n\n\n<p>Quando a situa\u00e7\u00e3o \u00e9 mais grave como febre alta, desmaios, queda, dificuldade de respirar, dor forte no peito, de imediato voc\u00ea deve ir para um Pronto Atendimento (SPA) que faz parte da rede do Governo do Estado.<\/p>\n\n\n\n<h2 class=\"wp-block-heading\">Pronto-Socorro<\/h2>\n\n\n\n<p>Casos de alta gravidade tais como AVC, atropelamento, acidentes, ferimento por arma de fogo, facadas ou se existe risco imediato de morte, deve-se procurar um Pronto-Socorro (Hospital), que tamb\u00e9m \u00e9 de responsabilidade do Estado.<\/p>\n","protected":false},"excerpt":{"rendered":"","protected":false},"author":27,"featured_media":0,"parent":0,"menu_order":0,"comment_status":"closed","ping_status":"closed","template":"","meta":{"footnotes":""},"acf":[],"yoast_head":"<!-- This site is optimized with the Yoast SEO plugin v23.0 - https:\/\/yoast.com\/wordpress\/plugins\/seo\/ -->\n<title>Onde procurar atendimento e documenta\u00e7\u00e3o necess\u00e1ria - SEMSA<\/title>\n<meta name=\"robots\" content=\"index, follow, max-snippet:-1, max-image-preview:large, max-video-preview:-1\" \/>\n<link rel=\"canonical\" href=\"https:\/\/www.manaus.am.gov.br\/semsa\/onde-procurar-atendimento-e-documentacao-necessaria\/\" \/>\n<meta property=\"og:locale\" content=\"pt_BR\" \/>\n<meta property=\"og:type\" content=\"article\" \/>\n<meta property=\"og:title\" content=\"Onde procurar atendimento e documenta\u00e7\u00e3o necess\u00e1ria - SEMSA\" \/>\n<meta property=\"og:url\" content=\"https:\/\/www.manaus.am.gov.br\/semsa\/onde-procurar-atendimento-e-documentacao-necessaria\/\" \/>\n<meta property=\"og:site_name\" content=\"SEMSA\" \/>\n<meta property=\"article:modified_time\" content=\"2023-02-03T18:42:38+00:00\" \/>\n<meta property=\"og:image\" content=\"https:\/\/www.manaus.am.gov.br\/semsa\/wp-content\/uploads\/sites\/8\/2024\/07\/thumb-default-2.png\" \/>\n\t<meta property=\"og:image:width\" content=\"966\" \/>\n\t<meta property=\"og:image:height\" content=\"520\" \/>\n\t<meta property=\"og:image:type\" content=\"image\/png\" \/>\n<meta name=\"twitter:card\" content=\"summary_large_image\" \/>\n<meta name=\"twitter:label1\" content=\"Est. reading time\" \/>\n\t<meta name=\"twitter:data1\" content=\"1 minuto\" \/>\n<script type=\"application\/ld+json\" class=\"yoast-schema-graph\">{\"@context\":\"https:\/\/schema.org\",\"@graph\":[{\"@type\":\"WebPage\",\"@id\":\"https:\/\/www.manaus.am.gov.br\/semsa\/onde-procurar-atendimento-e-documentacao-necessaria\/\",\"url\":\"https:\/\/www.manaus.am.gov.br\/semsa\/onde-procurar-atendimento-e-documentacao-necessaria\/\",\"name\":\"Onde procurar atendimento e documenta\u00e7\u00e3o necess\u00e1ria - SEMSA\",\"isPartOf\":{\"@id\":\"https:\/\/www.manaus.am.gov.br\/semsa\/#website\"},\"datePublished\":\"2023-01-24T00:49:17+00:00\",\"dateModified\":\"2023-02-03T18:42:38+00:00\",\"inLanguage\":\"pt-BR\",\"potentialAction\":[{\"@type\":\"ReadAction\",\"target\":[\"https:\/\/www.manaus.am.gov.br\/semsa\/onde-procurar-atendimento-e-documentacao-necessaria\/\"]}]},{\"@type\":\"WebSite\",\"@id\":\"https:\/\/www.manaus.am.gov.br\/semsa\/#website\",\"url\":\"https:\/\/www.manaus.am.gov.br\/semsa\/\",\"name\":\"SEMSA\",\"description\":\"Secretaria Municipal de Sa\u00fade\",\"alternateName\":\"Secretaria Municipal de Sa\u00fade\",\"potentialAction\":[{\"@type\":\"SearchAction\",\"target\":{\"@type\":\"EntryPoint\",\"urlTemplate\":\"https:\/\/www.manaus.am.gov.br\/semsa\/?s={search_term_string}\"},\"query-input\":\"required name=search_term_string\"}],\"inLanguage\":\"pt-BR\"}]}<\/script>\n<!-- \/ Yoast SEO plugin. -->","yoast_head_json":{"title":"Onde procurar atendimento e documenta\u00e7\u00e3o necess\u00e1ria - SEMSA","robots":{"index":"index","follow":"follow","max-snippet":"max-snippet:-1","max-image-preview":"max-image-preview:large","max-video-preview":"max-video-preview:-1"},"canonical":"https:\/\/www.manaus.am.gov.br\/semsa\/onde-procurar-atendimento-e-documentacao-necessaria\/","og_locale":"pt_BR","og_type":"article","og_title":"Onde procurar atendimento e documenta\u00e7\u00e3o necess\u00e1ria - SEMSA","og_url":"https:\/\/www.manaus.am.gov.br\/semsa\/onde-procurar-atendimento-e-documentacao-necessaria\/","og_site_name":"SEMSA","article_modified_time":"2023-02-03T18:42:38+00:00","og_image":[{"width":966,"height":520,"url":"https:\/\/www.manaus.am.gov.br\/semsa\/wp-content\/uploads\/sites\/8\/2024\/07\/thumb-default-2.png","type":"image\/png"}],"twitter_card":"summary_large_image","twitter_misc":{"Est. reading time":"1 minuto"},"schema":{"@context":"https:\/\/schema.org","@graph":[{"@type":"WebPage","@id":"https:\/\/www.manaus.am.gov.br\/semsa\/onde-procurar-atendimento-e-documentacao-necessaria\/","url":"https:\/\/www.manaus.am.gov.br\/semsa\/onde-procurar-atendimento-e-documentacao-necessaria\/","name":"Onde procurar atendimento e documenta\u00e7\u00e3o necess\u00e1ria - SEMSA","isPartOf":{"@id":"https:\/\/www.manaus.am.gov.br\/semsa\/#website"},"datePublished":"2023-01-24T00:49:17+00:00","dateModified":"2023-02-03T18:42:38+00:00","inLanguage":"pt-BR","potentialAction":[{"@type":"ReadAction","target":["https:\/\/www.manaus.am.gov.br\/semsa\/onde-procurar-atendimento-e-documentacao-necessaria\/"]}]},{"@type":"WebSite","@id":"https:\/\/www.manaus.am.gov.br\/semsa\/#website","url":"https:\/\/www.manaus.am.gov.br\/semsa\/","name":"SEMSA","description":"Secretaria Municipal de Sa\u00fade","alternateName":"Secretaria Municipal de Sa\u00fade","potentialAction":[{"@type":"SearchAction","target":{"@type":"EntryPoint","urlTemplate":"https:\/\/www.manaus.am.gov.br\/semsa\/?s={search_term_string}"},"query-input":"required name=search_term_string"}],"inLanguage":"pt-BR"}]}},"_links":{"self":[{"href":"https:\/\/www.manaus.am.gov.br\/semsa\/wp-json\/wp\/v2\/pages\/209957"}],"collection":[{"href":"https:\/\/www.manaus.am.gov.br\/semsa\/wp-json\/wp\/v2\/pages"}],"about":[{"href":"https:\/\/www.manaus.am.gov.br\/semsa\/wp-json\/wp\/v2\/types\/page"}],"author":[{"embeddable":true,"href":"https:\/\/www.manaus.am.gov.br\/semsa\/wp-json\/wp\/v2\/users\/27"}],"replies":[{"embeddable":true,"href":"https:\/\/www.manaus.am.gov.br\/semsa\/wp-json\/wp\/v2\/comments?post=209957"}],"version-history":[{"count":2,"href":"https:\/\/www.manaus.am.gov.br\/semsa\/wp-json\/wp\/v2\/pages\/209957\/revisions"}],"predecessor-version":[{"id":210543,"href":"https:\/\/www.manaus.am.gov.br\/semsa\/wp-json\/wp\/v2\/pages\/209957\/revisions\/210543"}],"wp:attachment":[{"href":"https:\/\/www.manaus.am.gov.br\/semsa\/wp-json\/wp\/v2\/media?parent=209957"}],"curies":[{"name":"wp","href":"https:\/\/api.w.org\/{rel}","templated":true}]}}