{"id":209467,"date":"2023-01-20T14:11:36","date_gmt":"2023-01-20T18:11:36","guid":{"rendered":"https:\/\/www.manaus.am.gov.br\/semsa\/?page_id=209467"},"modified":"2023-01-31T11:09:44","modified_gmt":"2023-01-31T15:09:44","slug":"riscos-a-saude-por-causas-externas","status":"publish","type":"page","link":"https:\/\/www.manaus.am.gov.br\/semsa\/vigilancia\/vigilancia-epidemiologica\/riscos-a-saude-por-causas-externas\/","title":{"rendered":"Riscos \u00e0 Sa\u00fade por Causas Externas"},"content":{"rendered":"\n<p><strong>\u00c1rea respons\u00e1vel:<\/strong> N\u00facleo de Riscos \u00e0 Sa\u00fade por Causas Externas<\/p>\n\n\n\n<h2 class=\"wp-block-heading\">Objetivos<\/h2>\n\n\n\n<p>Coordenar, monitorar e avaliar as a\u00e7\u00f5es de preven\u00e7\u00e3o e promo\u00e7\u00e3o referente \u00e0s causas externas no Munic\u00edpio de Manaus, atrav\u00e9s da implementa\u00e7\u00e3o das Pol\u00edticas Nacionais de \u201cRedu\u00e7\u00e3o da Morbimortalidade por Acidentes e Viol\u00eancias\u201d e de \u201cPromo\u00e7\u00e3o da Sa\u00fade\u201d, fomentando a\u00e7\u00f5es de promo\u00e7\u00e3o da Cultura da Paz e preven\u00e7\u00e3o de acidentes.<\/p>\n\n\n\n<h2 class=\"wp-block-heading\">Servi\u00e7os<\/h2>\n\n\n\n<p>Monitoramento da ocorr\u00eancia de acidentes e de viol\u00eancias;<br>Capacita\u00e7\u00e3o em servi\u00e7os sobre notifica\u00e7\u00e3o de viol\u00eancias;<br>Participa\u00e7\u00e3o no Comit\u00ea Intersetorial do Programa Vida no Tr\u00e2nsito por meio da Secretaria Executiva e subcomiss\u00f5es de An\u00e1lise e Educa\u00e7\u00e3o para o tr\u00e2nsito;<br>Participa\u00e7\u00e3o no Comit\u00ea Estadual de Enfrentamento \u00e0 Viol\u00eancia Sexual contra crian\u00e7as e adolescentes;<br>Servi\u00e7o de Atendimento \u00e0s V\u00edtimas de Viol\u00eancia Sexual \u2013 SAVVIS<\/p>\n\n\n\n<h3 class=\"wp-block-heading\">SAVVIS<\/h3>\n\n\n\n<p>O SAVVIS \u00e9 o servi\u00e7o de refer\u00eancia para aten\u00e7\u00e3o integral \u00e0s pessoas em situa\u00e7\u00e3o de viol\u00eancia sexual. Funciona de maneira ininterrupta (24hrs\/dia) e conta com equipe multiprofissional para o acolhimento e assist\u00eancia de qualidade, de modo a promover a integralidade da aten\u00e7\u00e3o a esse p\u00fablico.<\/p>\n\n\n\n<h3 class=\"wp-block-heading\">Lista de atendimento do SAVVIS<\/h3>\n\n\n\n<p><strong>SAVVIS \u2013 MATERNIDADE MOURA TAPAJ\u00d3Z \u2013 SEMSA \u2013 24 HORAS<\/strong><br>Avenida Brasil, 2971 \u2013 Compensa I \u2013 Maternidade Moura Tapaj\u00f3s.<br>Telefone: (92) 3216-8767<br>P\u00fablico alvo: Homens e mulheres em qualquer faixa et\u00e1ria, em especial crian\u00e7as e adolescentes<\/p>\n\n\n\n<p><strong>SAVVIS DONA LINDU \u2013 SES \u2013 24 HORAS<\/strong><br>Rua Recife, 1580 \u2013 Adrian\u00f3polis \u2013 Instituto da Mulher D. Lind\u00fa<br>Telefone: (92) 3643-8100<br>P\u00fablico alvo: Mulheres<\/p>\n\n\n\n<p><strong>SAVVIS MATERNIDADE ANA BRAGA \u2013 SES \u2013 24 HORAS<\/strong><br>Av. Cosme Ferreira, 3958 \u2013 Aleixo \u2013 Maternidade Ana Braga<br>Telefone: (92) 3647-4200<br>P\u00fablico alvo: Mulheres<\/p>\n","protected":false},"excerpt":{"rendered":"","protected":false},"author":27,"featured_media":0,"parent":209193,"menu_order":0,"comment_status":"closed","ping_status":"closed","template":"","meta":{"footnotes":""},"acf":[],"yoast_head":"<!-- This site is optimized with the Yoast SEO plugin v23.0 - https:\/\/yoast.com\/wordpress\/plugins\/seo\/ -->\n<title>Riscos \u00e0 Sa\u00fade por Causas Externas - SEMSA<\/title>\n<meta name=\"robots\" content=\"index, follow, max-snippet:-1, max-image-preview:large, max-video-preview:-1\" \/>\n<link rel=\"canonical\" href=\"https:\/\/www.manaus.am.gov.br\/semsa\/vigilancia\/vigilancia-epidemiologica\/riscos-a-saude-por-causas-externas\/\" \/>\n<meta property=\"og:locale\" content=\"pt_BR\" \/>\n<meta property=\"og:type\" content=\"article\" \/>\n<meta property=\"og:title\" content=\"Riscos \u00e0 Sa\u00fade por Causas Externas - SEMSA\" \/>\n<meta property=\"og:url\" content=\"https:\/\/www.manaus.am.gov.br\/semsa\/vigilancia\/vigilancia-epidemiologica\/riscos-a-saude-por-causas-externas\/\" \/>\n<meta property=\"og:site_name\" content=\"SEMSA\" \/>\n<meta property=\"article:modified_time\" content=\"2023-01-31T15:09:44+00:00\" \/>\n<meta property=\"og:image\" content=\"https:\/\/www.manaus.am.gov.br\/semsa\/wp-content\/uploads\/sites\/8\/2024\/07\/thumb-default-2.png\" \/>\n\t<meta property=\"og:image:width\" content=\"966\" \/>\n\t<meta property=\"og:image:height\" content=\"520\" \/>\n\t<meta property=\"og:image:type\" content=\"image\/png\" \/>\n<meta name=\"twitter:card\" content=\"summary_large_image\" \/>\n<meta name=\"twitter:label1\" content=\"Est. reading time\" \/>\n\t<meta name=\"twitter:data1\" content=\"2 minutos\" \/>\n<script type=\"application\/ld+json\" class=\"yoast-schema-graph\">{\"@context\":\"https:\/\/schema.org\",\"@graph\":[{\"@type\":\"WebPage\",\"@id\":\"https:\/\/www.manaus.am.gov.br\/semsa\/vigilancia\/vigilancia-epidemiologica\/riscos-a-saude-por-causas-externas\/\",\"url\":\"https:\/\/www.manaus.am.gov.br\/semsa\/vigilancia\/vigilancia-epidemiologica\/riscos-a-saude-por-causas-externas\/\",\"name\":\"Riscos \u00e0 Sa\u00fade por Causas Externas - SEMSA\",\"isPartOf\":{\"@id\":\"https:\/\/www.manaus.am.gov.br\/semsa\/#website\"},\"datePublished\":\"2023-01-20T18:11:36+00:00\",\"dateModified\":\"2023-01-31T15:09:44+00:00\",\"breadcrumb\":{\"@id\":\"https:\/\/www.manaus.am.gov.br\/semsa\/vigilancia\/vigilancia-epidemiologica\/riscos-a-saude-por-causas-externas\/#breadcrumb\"},\"inLanguage\":\"pt-BR\",\"potentialAction\":[{\"@type\":\"ReadAction\",\"target\":[\"https:\/\/www.manaus.am.gov.br\/semsa\/vigilancia\/vigilancia-epidemiologica\/riscos-a-saude-por-causas-externas\/\"]}]},{\"@type\":\"BreadcrumbList\",\"@id\":\"https:\/\/www.manaus.am.gov.br\/semsa\/vigilancia\/vigilancia-epidemiologica\/riscos-a-saude-por-causas-externas\/#breadcrumb\",\"itemListElement\":[{\"@type\":\"ListItem\",\"position\":1,\"name\":\"Vigil\u00e2ncia\",\"item\":\"https:\/\/www.manaus.am.gov.br\/semsa\/vigilancia\/\"},{\"@type\":\"ListItem\",\"position\":2,\"name\":\"Epidemiol\u00f3gica\",\"item\":\"https:\/\/www.manaus.am.gov.br\/semsa\/vigilancia\/vigilancia-epidemiologica\/\"},{\"@type\":\"ListItem\",\"position\":3,\"name\":\"Riscos \u00e0 Sa\u00fade por Causas Externas\"}]},{\"@type\":\"WebSite\",\"@id\":\"https:\/\/www.manaus.am.gov.br\/semsa\/#website\",\"url\":\"https:\/\/www.manaus.am.gov.br\/semsa\/\",\"name\":\"SEMSA\",\"description\":\"Secretaria Municipal de Sa\u00fade\",\"alternateName\":\"Secretaria Municipal de Sa\u00fade\",\"potentialAction\":[{\"@type\":\"SearchAction\",\"target\":{\"@type\":\"EntryPoint\",\"urlTemplate\":\"https:\/\/www.manaus.am.gov.br\/semsa\/?s={search_term_string}\"},\"query-input\":\"required name=search_term_string\"}],\"inLanguage\":\"pt-BR\"}]}<\/script>\n<!-- \/ Yoast SEO plugin. -->","yoast_head_json":{"title":"Riscos \u00e0 Sa\u00fade por Causas Externas - SEMSA","robots":{"index":"index","follow":"follow","max-snippet":"max-snippet:-1","max-image-preview":"max-image-preview:large","max-video-preview":"max-video-preview:-1"},"canonical":"https:\/\/www.manaus.am.gov.br\/semsa\/vigilancia\/vigilancia-epidemiologica\/riscos-a-saude-por-causas-externas\/","og_locale":"pt_BR","og_type":"article","og_title":"Riscos \u00e0 Sa\u00fade por Causas Externas - SEMSA","og_url":"https:\/\/www.manaus.am.gov.br\/semsa\/vigilancia\/vigilancia-epidemiologica\/riscos-a-saude-por-causas-externas\/","og_site_name":"SEMSA","article_modified_time":"2023-01-31T15:09:44+00:00","og_image":[{"width":966,"height":520,"url":"https:\/\/www.manaus.am.gov.br\/semsa\/wp-content\/uploads\/sites\/8\/2024\/07\/thumb-default-2.png","type":"image\/png"}],"twitter_card":"summary_large_image","twitter_misc":{"Est. reading time":"2 minutos"},"schema":{"@context":"https:\/\/schema.org","@graph":[{"@type":"WebPage","@id":"https:\/\/www.manaus.am.gov.br\/semsa\/vigilancia\/vigilancia-epidemiologica\/riscos-a-saude-por-causas-externas\/","url":"https:\/\/www.manaus.am.gov.br\/semsa\/vigilancia\/vigilancia-epidemiologica\/riscos-a-saude-por-causas-externas\/","name":"Riscos \u00e0 Sa\u00fade por Causas Externas - SEMSA","isPartOf":{"@id":"https:\/\/www.manaus.am.gov.br\/semsa\/#website"},"datePublished":"2023-01-20T18:11:36+00:00","dateModified":"2023-01-31T15:09:44+00:00","breadcrumb":{"@id":"https:\/\/www.manaus.am.gov.br\/semsa\/vigilancia\/vigilancia-epidemiologica\/riscos-a-saude-por-causas-externas\/#breadcrumb"},"inLanguage":"pt-BR","potentialAction":[{"@type":"ReadAction","target":["https:\/\/www.manaus.am.gov.br\/semsa\/vigilancia\/vigilancia-epidemiologica\/riscos-a-saude-por-causas-externas\/"]}]},{"@type":"BreadcrumbList","@id":"https:\/\/www.manaus.am.gov.br\/semsa\/vigilancia\/vigilancia-epidemiologica\/riscos-a-saude-por-causas-externas\/#breadcrumb","itemListElement":[{"@type":"ListItem","position":1,"name":"Vigil\u00e2ncia","item":"https:\/\/www.manaus.am.gov.br\/semsa\/vigilancia\/"},{"@type":"ListItem","position":2,"name":"Epidemiol\u00f3gica","item":"https:\/\/www.manaus.am.gov.br\/semsa\/vigilancia\/vigilancia-epidemiologica\/"},{"@type":"ListItem","position":3,"name":"Riscos \u00e0 Sa\u00fade por Causas Externas"}]},{"@type":"WebSite","@id":"https:\/\/www.manaus.am.gov.br\/semsa\/#website","url":"https:\/\/www.manaus.am.gov.br\/semsa\/","name":"SEMSA","description":"Secretaria Municipal de Sa\u00fade","alternateName":"Secretaria Municipal de Sa\u00fade","potentialAction":[{"@type":"SearchAction","target":{"@type":"EntryPoint","urlTemplate":"https:\/\/www.manaus.am.gov.br\/semsa\/?s={search_term_string}"},"query-input":"required name=search_term_string"}],"inLanguage":"pt-BR"}]}},"_links":{"self":[{"href":"https:\/\/www.manaus.am.gov.br\/semsa\/wp-json\/wp\/v2\/pages\/209467"}],"collection":[{"href":"https:\/\/www.manaus.am.gov.br\/semsa\/wp-json\/wp\/v2\/pages"}],"about":[{"href":"https:\/\/www.manaus.am.gov.br\/semsa\/wp-json\/wp\/v2\/types\/page"}],"author":[{"embeddable":true,"href":"https:\/\/www.manaus.am.gov.br\/semsa\/wp-json\/wp\/v2\/users\/27"}],"replies":[{"embeddable":true,"href":"https:\/\/www.manaus.am.gov.br\/semsa\/wp-json\/wp\/v2\/comments?post=209467"}],"version-history":[{"count":3,"href":"https:\/\/www.manaus.am.gov.br\/semsa\/wp-json\/wp\/v2\/pages\/209467\/revisions"}],"predecessor-version":[{"id":210373,"href":"https:\/\/www.manaus.am.gov.br\/semsa\/wp-json\/wp\/v2\/pages\/209467\/revisions\/210373"}],"up":[{"embeddable":true,"href":"https:\/\/www.manaus.am.gov.br\/semsa\/wp-json\/wp\/v2\/pages\/209193"}],"wp:attachment":[{"href":"https:\/\/www.manaus.am.gov.br\/semsa\/wp-json\/wp\/v2\/media?parent=209467"}],"curies":[{"name":"wp","href":"https:\/\/api.w.org\/{rel}","templated":true}]}}