{"id":209383,"date":"2023-01-20T09:27:08","date_gmt":"2023-01-20T13:27:08","guid":{"rendered":"https:\/\/www.manaus.am.gov.br\/semsa\/?page_id=209383"},"modified":"2025-09-29T09:43:36","modified_gmt":"2025-09-29T13:43:36","slug":"programa-de-profilaxia-e-controle-da-raiva-humana","status":"publish","type":"page","link":"https:\/\/www.manaus.am.gov.br\/semsa\/vigilancia\/vigilancia-epidemiologica\/programa-de-profilaxia-e-controle-da-raiva-humana\/","title":{"rendered":"Programa de Profilaxia e Controle da Raiva Humana"},"content":{"rendered":"\n<p>O atendimento antirr\u00e1bico \u00e9 realizado em <a href=\"https:\/\/www.manaus.am.gov.br\/semsa\/unidades\/prevencao-da-raiva-humana\/\">19 unidades de sa\u00fade<\/a>.<\/p>\n\n\n\n<p>Para esquema vacinal e caso haja necessidade de soroterapia os usu\u00e1rios s\u00e3o encaminhados para Funda\u00e7\u00e3o de Medicina Tropical Doutor Heitor Vieira Dourado.<\/p>\n\n\n\n<p><strong>Endere\u00e7o:<\/strong> Avenida Pedro Teixeira, s\/n \u2013 Dom Pedro<\/p>\n\n\n\n<div style=\"height:20px\" aria-hidden=\"true\" class=\"wp-block-spacer\"><\/div>\n","protected":false},"excerpt":{"rendered":"","protected":false},"author":27,"featured_media":0,"parent":209193,"menu_order":5,"comment_status":"closed","ping_status":"closed","template":"templates\/page_links_amarelos.php","meta":{"footnotes":""},"acf":[],"yoast_head":"<!-- This site is optimized with the Yoast SEO plugin v23.0 - https:\/\/yoast.com\/wordpress\/plugins\/seo\/ -->\n<title>Programa de Profilaxia e Controle da Raiva Humana - SEMSA<\/title>\n<meta name=\"robots\" content=\"index, follow, max-snippet:-1, max-image-preview:large, max-video-preview:-1\" \/>\n<link rel=\"canonical\" href=\"https:\/\/www.manaus.am.gov.br\/semsa\/vigilancia\/vigilancia-epidemiologica\/programa-de-profilaxia-e-controle-da-raiva-humana\/\" \/>\n<meta property=\"og:locale\" content=\"pt_BR\" \/>\n<meta property=\"og:type\" content=\"article\" \/>\n<meta property=\"og:title\" content=\"Programa de Profilaxia e Controle da Raiva Humana - SEMSA\" \/>\n<meta property=\"og:url\" content=\"https:\/\/www.manaus.am.gov.br\/semsa\/vigilancia\/vigilancia-epidemiologica\/programa-de-profilaxia-e-controle-da-raiva-humana\/\" \/>\n<meta property=\"og:site_name\" content=\"SEMSA\" \/>\n<meta property=\"article:modified_time\" content=\"2025-09-29T13:43:36+00:00\" \/>\n<meta property=\"og:image\" content=\"https:\/\/www.manaus.am.gov.br\/semsa\/wp-content\/uploads\/sites\/8\/2024\/07\/thumb-default-2.png\" \/>\n\t<meta property=\"og:image:width\" content=\"966\" \/>\n\t<meta property=\"og:image:height\" content=\"520\" \/>\n\t<meta property=\"og:image:type\" content=\"image\/png\" \/>\n<meta name=\"twitter:card\" content=\"summary_large_image\" \/>\n<meta name=\"twitter:label1\" content=\"Est. reading time\" \/>\n\t<meta name=\"twitter:data1\" content=\"1 minuto\" \/>\n<script type=\"application\/ld+json\" class=\"yoast-schema-graph\">{\"@context\":\"https:\/\/schema.org\",\"@graph\":[{\"@type\":\"WebPage\",\"@id\":\"https:\/\/www.manaus.am.gov.br\/semsa\/vigilancia\/vigilancia-epidemiologica\/programa-de-profilaxia-e-controle-da-raiva-humana\/\",\"url\":\"https:\/\/www.manaus.am.gov.br\/semsa\/vigilancia\/vigilancia-epidemiologica\/programa-de-profilaxia-e-controle-da-raiva-humana\/\",\"name\":\"Programa de Profilaxia e Controle da Raiva Humana - SEMSA\",\"isPartOf\":{\"@id\":\"https:\/\/www.manaus.am.gov.br\/semsa\/#website\"},\"datePublished\":\"2023-01-20T13:27:08+00:00\",\"dateModified\":\"2025-09-29T13:43:36+00:00\",\"breadcrumb\":{\"@id\":\"https:\/\/www.manaus.am.gov.br\/semsa\/vigilancia\/vigilancia-epidemiologica\/programa-de-profilaxia-e-controle-da-raiva-humana\/#breadcrumb\"},\"inLanguage\":\"pt-BR\",\"potentialAction\":[{\"@type\":\"ReadAction\",\"target\":[\"https:\/\/www.manaus.am.gov.br\/semsa\/vigilancia\/vigilancia-epidemiologica\/programa-de-profilaxia-e-controle-da-raiva-humana\/\"]}]},{\"@type\":\"BreadcrumbList\",\"@id\":\"https:\/\/www.manaus.am.gov.br\/semsa\/vigilancia\/vigilancia-epidemiologica\/programa-de-profilaxia-e-controle-da-raiva-humana\/#breadcrumb\",\"itemListElement\":[{\"@type\":\"ListItem\",\"position\":1,\"name\":\"Vigil\u00e2ncia\",\"item\":\"https:\/\/www.manaus.am.gov.br\/semsa\/vigilancia\/\"},{\"@type\":\"ListItem\",\"position\":2,\"name\":\"Epidemiol\u00f3gica\",\"item\":\"https:\/\/www.manaus.am.gov.br\/semsa\/vigilancia\/vigilancia-epidemiologica\/\"},{\"@type\":\"ListItem\",\"position\":3,\"name\":\"Programa de Profilaxia e Controle da Raiva Humana\"}]},{\"@type\":\"WebSite\",\"@id\":\"https:\/\/www.manaus.am.gov.br\/semsa\/#website\",\"url\":\"https:\/\/www.manaus.am.gov.br\/semsa\/\",\"name\":\"SEMSA\",\"description\":\"Secretaria Municipal de Sa\u00fade\",\"alternateName\":\"Secretaria Municipal de Sa\u00fade\",\"potentialAction\":[{\"@type\":\"SearchAction\",\"target\":{\"@type\":\"EntryPoint\",\"urlTemplate\":\"https:\/\/www.manaus.am.gov.br\/semsa\/?s={search_term_string}\"},\"query-input\":\"required name=search_term_string\"}],\"inLanguage\":\"pt-BR\"}]}<\/script>\n<!-- \/ Yoast SEO plugin. -->","yoast_head_json":{"title":"Programa de Profilaxia e Controle da Raiva Humana - SEMSA","robots":{"index":"index","follow":"follow","max-snippet":"max-snippet:-1","max-image-preview":"max-image-preview:large","max-video-preview":"max-video-preview:-1"},"canonical":"https:\/\/www.manaus.am.gov.br\/semsa\/vigilancia\/vigilancia-epidemiologica\/programa-de-profilaxia-e-controle-da-raiva-humana\/","og_locale":"pt_BR","og_type":"article","og_title":"Programa de Profilaxia e Controle da Raiva Humana - SEMSA","og_url":"https:\/\/www.manaus.am.gov.br\/semsa\/vigilancia\/vigilancia-epidemiologica\/programa-de-profilaxia-e-controle-da-raiva-humana\/","og_site_name":"SEMSA","article_modified_time":"2025-09-29T13:43:36+00:00","og_image":[{"width":966,"height":520,"url":"https:\/\/www.manaus.am.gov.br\/semsa\/wp-content\/uploads\/sites\/8\/2024\/07\/thumb-default-2.png","type":"image\/png"}],"twitter_card":"summary_large_image","twitter_misc":{"Est. reading time":"1 minuto"},"schema":{"@context":"https:\/\/schema.org","@graph":[{"@type":"WebPage","@id":"https:\/\/www.manaus.am.gov.br\/semsa\/vigilancia\/vigilancia-epidemiologica\/programa-de-profilaxia-e-controle-da-raiva-humana\/","url":"https:\/\/www.manaus.am.gov.br\/semsa\/vigilancia\/vigilancia-epidemiologica\/programa-de-profilaxia-e-controle-da-raiva-humana\/","name":"Programa de Profilaxia e Controle da Raiva Humana - SEMSA","isPartOf":{"@id":"https:\/\/www.manaus.am.gov.br\/semsa\/#website"},"datePublished":"2023-01-20T13:27:08+00:00","dateModified":"2025-09-29T13:43:36+00:00","breadcrumb":{"@id":"https:\/\/www.manaus.am.gov.br\/semsa\/vigilancia\/vigilancia-epidemiologica\/programa-de-profilaxia-e-controle-da-raiva-humana\/#breadcrumb"},"inLanguage":"pt-BR","potentialAction":[{"@type":"ReadAction","target":["https:\/\/www.manaus.am.gov.br\/semsa\/vigilancia\/vigilancia-epidemiologica\/programa-de-profilaxia-e-controle-da-raiva-humana\/"]}]},{"@type":"BreadcrumbList","@id":"https:\/\/www.manaus.am.gov.br\/semsa\/vigilancia\/vigilancia-epidemiologica\/programa-de-profilaxia-e-controle-da-raiva-humana\/#breadcrumb","itemListElement":[{"@type":"ListItem","position":1,"name":"Vigil\u00e2ncia","item":"https:\/\/www.manaus.am.gov.br\/semsa\/vigilancia\/"},{"@type":"ListItem","position":2,"name":"Epidemiol\u00f3gica","item":"https:\/\/www.manaus.am.gov.br\/semsa\/vigilancia\/vigilancia-epidemiologica\/"},{"@type":"ListItem","position":3,"name":"Programa de Profilaxia e Controle da Raiva Humana"}]},{"@type":"WebSite","@id":"https:\/\/www.manaus.am.gov.br\/semsa\/#website","url":"https:\/\/www.manaus.am.gov.br\/semsa\/","name":"SEMSA","description":"Secretaria Municipal de Sa\u00fade","alternateName":"Secretaria Municipal de Sa\u00fade","potentialAction":[{"@type":"SearchAction","target":{"@type":"EntryPoint","urlTemplate":"https:\/\/www.manaus.am.gov.br\/semsa\/?s={search_term_string}"},"query-input":"required name=search_term_string"}],"inLanguage":"pt-BR"}]}},"_links":{"self":[{"href":"https:\/\/www.manaus.am.gov.br\/semsa\/wp-json\/wp\/v2\/pages\/209383"}],"collection":[{"href":"https:\/\/www.manaus.am.gov.br\/semsa\/wp-json\/wp\/v2\/pages"}],"about":[{"href":"https:\/\/www.manaus.am.gov.br\/semsa\/wp-json\/wp\/v2\/types\/page"}],"author":[{"embeddable":true,"href":"https:\/\/www.manaus.am.gov.br\/semsa\/wp-json\/wp\/v2\/users\/27"}],"replies":[{"embeddable":true,"href":"https:\/\/www.manaus.am.gov.br\/semsa\/wp-json\/wp\/v2\/comments?post=209383"}],"version-history":[{"count":31,"href":"https:\/\/www.manaus.am.gov.br\/semsa\/wp-json\/wp\/v2\/pages\/209383\/revisions"}],"predecessor-version":[{"id":225612,"href":"https:\/\/www.manaus.am.gov.br\/semsa\/wp-json\/wp\/v2\/pages\/209383\/revisions\/225612"}],"up":[{"embeddable":true,"href":"https:\/\/www.manaus.am.gov.br\/semsa\/wp-json\/wp\/v2\/pages\/209193"}],"wp:attachment":[{"href":"https:\/\/www.manaus.am.gov.br\/semsa\/wp-json\/wp\/v2\/media?parent=209383"}],"curies":[{"name":"wp","href":"https:\/\/api.w.org\/{rel}","templated":true}]}}