{"id":209335,"date":"2023-01-20T08:36:40","date_gmt":"2023-01-20T12:36:40","guid":{"rendered":"https:\/\/www.manaus.am.gov.br\/semsa\/?page_id=209335"},"modified":"2026-03-17T15:30:51","modified_gmt":"2026-03-17T19:30:51","slug":"controle-ists-aids-e-hepatites-virais","status":"publish","type":"page","link":"https:\/\/www.manaus.am.gov.br\/semsa\/unidades\/controle-ists-aids-e-hepatites-virais\/","title":{"rendered":"Controle ISTs\/AIDS e Hepatites Virais"},"content":{"rendered":"\n<p><strong>\u00c1rea respons\u00e1vel:<\/strong> N\u00facleo de Controle das Infec\u00e7\u00f5es Sexualmente Transmiss\u00edveis (ISTs\/Aids) e Hepatites Virais<\/p>\n\n\n\n<h2 class=\"wp-block-heading\">Objetivos<\/h2>\n\n\n\n<p>\u00c1rea respons\u00e1vel pela implementa\u00e7\u00e3o das recomenda\u00e7\u00f5es e diretrizes do Minist\u00e9rio da Sa\u00fade para o controle das IST\/AIDS e Hepatites Virais, assim como qualifica\u00e7\u00e3o dos profissionais para desenvolverem as a\u00e7\u00f5es de preven\u00e7\u00e3o, diagn\u00f3stico, controle e vigil\u00e2ncia no munic\u00edpio de Manaus, e tamb\u00e9m apoio as organiza\u00e7\u00f5es da sociedade civil nas a\u00e7\u00f5es de preven\u00e7\u00e3o.<\/p>\n\n\n\n<h2 class=\"wp-block-heading\">Doen\u00e7as e tratamento<\/h2>\n\n\n\n<h3 class=\"wp-block-heading\">O que s\u00e3o ISTs?<\/h3>\n\n\n\n<p>A terminologia Infec\u00e7\u00f5es Sexualmente Transmiss\u00edveis (IST) passa a ser adotada em substitui\u00e7\u00e3o \u00e0 express\u00e3o Doen\u00e7as Sexualmente Transmiss\u00edveis (DST), porque destaca a possibilidade de uma pessoa ter e transmitir uma infec\u00e7\u00e3o, mesmo sem sinais e sintomas.<\/p>\n\n\n\n<p>As Infec\u00e7\u00f5es Sexualmente Transmiss\u00edveis (IST) s\u00e3o causadas por v\u00edrus, bact\u00e9rias ou outros microrganismos.<\/p>\n\n\n\n<p>As ISTs se mant\u00eam como importante problema de sa\u00fade p\u00fablica mundial, pois al\u00e9m de possu\u00edrem rela\u00e7\u00e3o com a mortalidade materna e infantil, tornam homens e mulheres mais vulner\u00e1veis \u00e0 ocorr\u00eancia de outras doen\u00e7as, inclusive a AIDS. No Brasil, as estimativas da Organiza\u00e7\u00e3o Mundial de Sa\u00fade (OMS) de infec\u00e7\u00f5es de transmiss\u00e3o sexual na popula\u00e7\u00e3o sexualmente ativa, a cada ano, s\u00e3o: s\u00edfilis (937.000); gonorreia (1.541.800); clam\u00eddia (1.967.200); herpes genital (640.900) e HPV (685.400).<\/p>\n\n\n\n<h3 class=\"wp-block-heading\">Formas de Transmiss\u00e3o<\/h3>\n\n\n\n<p>As infec\u00e7\u00f5es s\u00e3o transmitidas de pessoa pra pessoa principalmente, por meio do contato sexual (oral, vaginal, anal) sem o uso de camisinha masculina ou feminina, com uma pessoa que esteja infectada. A transmiss\u00e3o de uma IST pode acontecer, ainda, da m\u00e3e para a crian\u00e7a durante a gesta\u00e7\u00e3o, o parto ou a amamenta\u00e7\u00e3o e uso de perfurocortantes contaminados (agulhas, alicates de unha, l\u00e2minas de barbear, etc.)<\/p>\n\n\n\n<h3 class=\"wp-block-heading\">Como \u00e9 feito o diagn\u00f3stico?<\/h3>\n\n\n\n<p>O diagn\u00f3stico \u00e9 feito atrav\u00e9s de exames laboratoriais, acompanhado de avalia\u00e7\u00e3o cl\u00ednica. A rede p\u00fablica municipal est\u00e1 capacitada para oferecer o servi\u00e7o laboratorial, bem como o teste r\u00e1pido como forma de diagnostico precoce que \u00e9 oferecido nas unidades b\u00e1sicas de sa\u00fade com oferta de livre demanda.<\/p>\n\n\n\n<h3 class=\"wp-block-heading\">Tratamento<\/h3>\n\n\n\n<p>As infec\u00e7\u00f5es sexualmente transmiss\u00edveis, dependendo do agravo podem ser tratadas ou controladas. O tratamento das pessoas com IST melhora a qualidade de vida e interrompe a cadeia de transmiss\u00e3o dessas infec\u00e7\u00f5es. O atendimento e o tratamento s\u00e3o gratuitos nos servi\u00e7os de sa\u00fade do SUS e podem ser realizados conforme o agravo, mediante interven\u00e7\u00e3o cl\u00ednica ou especializada.<\/p>\n\n\n\n<h3 class=\"wp-block-heading\">Preven\u00e7\u00e3o<\/h3>\n\n\n\n<p>A preven\u00e7\u00e3o combinada abrange o uso da camisinha masculina ou feminina, a\u00e7\u00f5es de preven\u00e7\u00e3o, diagn\u00f3stico e tratamento das IST, testagem para HIV, s\u00edfilis e hepatites virais B e C, profilaxia pr\u00e9 e p\u00f3s-exposi\u00e7\u00e3o ao HIV, imuniza\u00e7\u00e3o para HPV e hepatite B, preven\u00e7\u00e3o da transmiss\u00e3o vertical de HIV, s\u00edfilis e hepatite B, tratamento antirretroviral para todas as PVHA, redu\u00e7\u00e3o de danos, entre outros.<\/p>\n\n\n\n<h3 class=\"wp-block-heading\">Servi\u00e7os<\/h3>\n\n\n\n<p>A rede p\u00fablica municipal (UBS, UBSF, policl\u00ednicas e laborat\u00f3rios) \u00e9 capacitada para oferecer o servi\u00e7o laboratorial, bem como o teste r\u00e1pido como forma de diagn\u00f3stico precoce que \u00e9 oferecido nas unidades b\u00e1sicas de sa\u00fade com oferta de livre demanda e ainda prestar servi\u00e7o de educa\u00e7\u00e3o em sa\u00fade e preven\u00e7\u00e3o de agravos.<\/p>\n\n\n\n<h2 class=\"wp-block-heading\">Acesse as unidades que realizam o teste r\u00e1pido<\/h2>\n\n\n\n<ul>\n<li><a href=\"https:\/\/www.manaus.am.gov.br\/semsa\/wp-content\/uploads\/sites\/8\/2023\/01\/LAabotorios-de-Referencia-1.pdf\" target=\"_blank\" rel=\"noreferrer noopener\">Laborat\u00f3rios de Refer\u00eancia<\/a><\/li>\n\n\n\n<li><a href=\"https:\/\/www.manaus.am.gov.br\/semsa\/wp-content\/uploads\/sites\/8\/2023\/01\/Disa-Norte.pdf\" target=\"_blank\" rel=\"noreferrer noopener\">Unidades do Distrito Norte<\/a><\/li>\n\n\n\n<li><a href=\"https:\/\/www.manaus.am.gov.br\/semsa\/wp-content\/uploads\/sites\/8\/2023\/01\/Disa-Leste.pdf\" target=\"_blank\" rel=\"noreferrer noopener\">Unidades do Distrito Leste<\/a><\/li>\n\n\n\n<li><a href=\"https:\/\/www.manaus.am.gov.br\/semsa\/wp-content\/uploads\/sites\/8\/2023\/01\/Disa-Oeste.pdf\" target=\"_blank\" rel=\"noreferrer noopener\">Unidades do Distrito Oeste<\/a><\/li>\n\n\n\n<li><a href=\"https:\/\/www.manaus.am.gov.br\/semsa\/wp-content\/uploads\/sites\/8\/2023\/01\/Disa-Sul.pdf\" target=\"_blank\" rel=\"noreferrer noopener\">Unidades do Distrito Sul<\/a><\/li>\n\n\n\n<li><a href=\"https:\/\/www.manaus.am.gov.br\/semsa\/wp-content\/uploads\/sites\/8\/2023\/01\/Disa-Rural.pdf\" target=\"_blank\" rel=\"noreferrer noopener\">Unidades do Distrito Rural<\/a><\/li>\n<\/ul>\n\n\n\n<h2 class=\"wp-block-heading\">Materiais informativos<\/h2>\n\n\n\n<ul>\n<li><a href=\"https:\/\/www.manaus.am.gov.br\/semsa\/wp-content\/uploads\/sites\/8\/2026\/03\/Boletim-Especial-Si\u0301filis_Ano-2026_4ed.pdf\">Boletim S\u00edfilis 2026<\/a><\/li>\n\n\n\n<li><a href=\"https:\/\/www.manaus.am.gov.br\/semsa\/wp-content\/uploads\/sites\/8\/2025\/05\/Boletim_Sifilis_2025.pdf\">Boletim S\u00edfilis 2025<\/a><\/li>\n\n\n\n<li><a href=\"https:\/\/www.manaus.am.gov.br\/semsa\/wp-content\/uploads\/sites\/8\/2025\/05\/Boletim-Especial-Si\u0301filis-Adquirida-Janeiro-2024-2.pdf\">Boletim S\u00edfilis 2023<\/a><\/li>\n\n\n\n<li><a href=\"https:\/\/www.manaus.am.gov.br\/semsa\/wp-content\/uploads\/sites\/8\/2025\/05\/Boletim-Especial-Sifilis-Adquirida-DEZ-2022_.pdf\">Boletim S\u00edfilis 2022<\/a><\/li>\n\n\n\n<li><a href=\"https:\/\/www.manaus.am.gov.br\/semsa\/wp-content\/uploads\/sites\/8\/2025\/05\/Nota-Tecnica-Disponiblizacao-da-Penicilina-Benzatina-019_2022_Oficial_SIGED.pdf\">No 019\/2022 &#8211; DAP\/DVAE\/DAEAD\/SUBGS\/SEMSA \u2013 Disponibiliza\u00e7\u00e3o da Penicilina Benzatina em todas as Unidades de Sa\u00fade da SEMSA Manaus<\/a><\/li>\n\n\n\n<li><a href=\"https:\/\/www.manaus.am.gov.br\/semsa\/wp-content\/uploads\/sites\/8\/2025\/05\/Inclusao-de-dois-indicadores-Sifilis-e-Tuberculose-no-Plano-de-Monitoramento-do-Previne-Brasil.pdf\">Inclus\u00e3o de dois indicadores (S\u00edfilis e Tuberculose)<\/a><\/li>\n<\/ul>\n\n\n\n<h3 class=\"wp-block-heading\">Links \u00fateis<\/h3>\n\n\n\n<ul>\n<li><a href=\"https:\/\/www.gov.br\/aids\/pt-br\/centrais-de-conteudo\">Centrais de conte\u00fado<\/a><\/li>\n\n\n\n<li><a href=\"https:\/\/www.gov.br\/aids\/pt-br\/assuntos\/prevencao-combinada\">Preven\u00e7\u00e3o Combinada<\/a><\/li>\n\n\n\n<li><a href=\"https:\/\/www.gov.br\/aids\/pt-br\/assuntos\/testes-rapidos\">Testes R\u00e1pidos<\/a><\/li>\n\n\n\n<li><a href=\"https:\/\/www.gov.br\/aids\/pt-br\/assuntos\/prevencao-combinada\/tratamento\">Tratamento<\/a><\/li>\n\n\n\n<li><a href=\"https:\/\/www.gov.br\/aids\/pt-br\/assuntos\/hepatites-virais\">Hepatites Virais<\/a><\/li>\n<\/ul>\n\n\n\n<p><\/p>\n","protected":false},"excerpt":{"rendered":"","protected":false},"author":27,"featured_media":0,"parent":211060,"menu_order":0,"comment_status":"closed","ping_status":"closed","template":"templates\/turismo.php","meta":{"footnotes":""},"acf":[],"yoast_head":"<!-- This site is optimized with the Yoast SEO plugin v23.0 - https:\/\/yoast.com\/wordpress\/plugins\/seo\/ -->\n<title>Controle ISTs\/AIDS e Hepatites Virais - SEMSA<\/title>\n<meta name=\"robots\" content=\"index, follow, max-snippet:-1, max-image-preview:large, max-video-preview:-1\" \/>\n<link rel=\"canonical\" href=\"https:\/\/www.manaus.am.gov.br\/semsa\/unidades\/controle-ists-aids-e-hepatites-virais\/\" \/>\n<meta property=\"og:locale\" content=\"pt_BR\" \/>\n<meta property=\"og:type\" content=\"article\" \/>\n<meta property=\"og:title\" content=\"Controle ISTs\/AIDS e Hepatites Virais - SEMSA\" \/>\n<meta property=\"og:url\" content=\"https:\/\/www.manaus.am.gov.br\/semsa\/unidades\/controle-ists-aids-e-hepatites-virais\/\" \/>\n<meta property=\"og:site_name\" content=\"SEMSA\" \/>\n<meta property=\"article:modified_time\" content=\"2026-03-17T19:30:51+00:00\" \/>\n<meta property=\"og:image\" content=\"https:\/\/www.manaus.am.gov.br\/semsa\/wp-content\/uploads\/sites\/8\/2024\/07\/thumb-default-2.png\" \/>\n\t<meta property=\"og:image:width\" content=\"966\" \/>\n\t<meta property=\"og:image:height\" content=\"520\" \/>\n\t<meta property=\"og:image:type\" content=\"image\/png\" \/>\n<meta name=\"twitter:card\" content=\"summary_large_image\" \/>\n<meta name=\"twitter:label1\" content=\"Est. reading time\" \/>\n\t<meta name=\"twitter:data1\" content=\"4 minutos\" \/>\n<script type=\"application\/ld+json\" class=\"yoast-schema-graph\">{\"@context\":\"https:\/\/schema.org\",\"@graph\":[{\"@type\":\"WebPage\",\"@id\":\"https:\/\/www.manaus.am.gov.br\/semsa\/unidades\/controle-ists-aids-e-hepatites-virais\/\",\"url\":\"https:\/\/www.manaus.am.gov.br\/semsa\/unidades\/controle-ists-aids-e-hepatites-virais\/\",\"name\":\"Controle ISTs\/AIDS e Hepatites Virais - SEMSA\",\"isPartOf\":{\"@id\":\"https:\/\/www.manaus.am.gov.br\/semsa\/#website\"},\"datePublished\":\"2023-01-20T12:36:40+00:00\",\"dateModified\":\"2026-03-17T19:30:51+00:00\",\"breadcrumb\":{\"@id\":\"https:\/\/www.manaus.am.gov.br\/semsa\/unidades\/controle-ists-aids-e-hepatites-virais\/#breadcrumb\"},\"inLanguage\":\"pt-BR\",\"potentialAction\":[{\"@type\":\"ReadAction\",\"target\":[\"https:\/\/www.manaus.am.gov.br\/semsa\/unidades\/controle-ists-aids-e-hepatites-virais\/\"]}]},{\"@type\":\"BreadcrumbList\",\"@id\":\"https:\/\/www.manaus.am.gov.br\/semsa\/unidades\/controle-ists-aids-e-hepatites-virais\/#breadcrumb\",\"itemListElement\":[{\"@type\":\"ListItem\",\"position\":1,\"name\":\"Unidades\",\"item\":\"https:\/\/www.manaus.am.gov.br\/semsa\/unidades\/\"},{\"@type\":\"ListItem\",\"position\":2,\"name\":\"Controle ISTs\/AIDS e Hepatites Virais\"}]},{\"@type\":\"WebSite\",\"@id\":\"https:\/\/www.manaus.am.gov.br\/semsa\/#website\",\"url\":\"https:\/\/www.manaus.am.gov.br\/semsa\/\",\"name\":\"SEMSA\",\"description\":\"Secretaria Municipal de Sa\u00fade\",\"alternateName\":\"Secretaria Municipal de Sa\u00fade\",\"potentialAction\":[{\"@type\":\"SearchAction\",\"target\":{\"@type\":\"EntryPoint\",\"urlTemplate\":\"https:\/\/www.manaus.am.gov.br\/semsa\/?s={search_term_string}\"},\"query-input\":\"required name=search_term_string\"}],\"inLanguage\":\"pt-BR\"}]}<\/script>\n<!-- \/ Yoast SEO plugin. -->","yoast_head_json":{"title":"Controle ISTs\/AIDS e Hepatites Virais - SEMSA","robots":{"index":"index","follow":"follow","max-snippet":"max-snippet:-1","max-image-preview":"max-image-preview:large","max-video-preview":"max-video-preview:-1"},"canonical":"https:\/\/www.manaus.am.gov.br\/semsa\/unidades\/controle-ists-aids-e-hepatites-virais\/","og_locale":"pt_BR","og_type":"article","og_title":"Controle ISTs\/AIDS e Hepatites Virais - SEMSA","og_url":"https:\/\/www.manaus.am.gov.br\/semsa\/unidades\/controle-ists-aids-e-hepatites-virais\/","og_site_name":"SEMSA","article_modified_time":"2026-03-17T19:30:51+00:00","og_image":[{"width":966,"height":520,"url":"https:\/\/www.manaus.am.gov.br\/semsa\/wp-content\/uploads\/sites\/8\/2024\/07\/thumb-default-2.png","type":"image\/png"}],"twitter_card":"summary_large_image","twitter_misc":{"Est. reading time":"4 minutos"},"schema":{"@context":"https:\/\/schema.org","@graph":[{"@type":"WebPage","@id":"https:\/\/www.manaus.am.gov.br\/semsa\/unidades\/controle-ists-aids-e-hepatites-virais\/","url":"https:\/\/www.manaus.am.gov.br\/semsa\/unidades\/controle-ists-aids-e-hepatites-virais\/","name":"Controle ISTs\/AIDS e Hepatites Virais - SEMSA","isPartOf":{"@id":"https:\/\/www.manaus.am.gov.br\/semsa\/#website"},"datePublished":"2023-01-20T12:36:40+00:00","dateModified":"2026-03-17T19:30:51+00:00","breadcrumb":{"@id":"https:\/\/www.manaus.am.gov.br\/semsa\/unidades\/controle-ists-aids-e-hepatites-virais\/#breadcrumb"},"inLanguage":"pt-BR","potentialAction":[{"@type":"ReadAction","target":["https:\/\/www.manaus.am.gov.br\/semsa\/unidades\/controle-ists-aids-e-hepatites-virais\/"]}]},{"@type":"BreadcrumbList","@id":"https:\/\/www.manaus.am.gov.br\/semsa\/unidades\/controle-ists-aids-e-hepatites-virais\/#breadcrumb","itemListElement":[{"@type":"ListItem","position":1,"name":"Unidades","item":"https:\/\/www.manaus.am.gov.br\/semsa\/unidades\/"},{"@type":"ListItem","position":2,"name":"Controle ISTs\/AIDS e Hepatites Virais"}]},{"@type":"WebSite","@id":"https:\/\/www.manaus.am.gov.br\/semsa\/#website","url":"https:\/\/www.manaus.am.gov.br\/semsa\/","name":"SEMSA","description":"Secretaria Municipal de Sa\u00fade","alternateName":"Secretaria Municipal de Sa\u00fade","potentialAction":[{"@type":"SearchAction","target":{"@type":"EntryPoint","urlTemplate":"https:\/\/www.manaus.am.gov.br\/semsa\/?s={search_term_string}"},"query-input":"required name=search_term_string"}],"inLanguage":"pt-BR"}]}},"_links":{"self":[{"href":"https:\/\/www.manaus.am.gov.br\/semsa\/wp-json\/wp\/v2\/pages\/209335"}],"collection":[{"href":"https:\/\/www.manaus.am.gov.br\/semsa\/wp-json\/wp\/v2\/pages"}],"about":[{"href":"https:\/\/www.manaus.am.gov.br\/semsa\/wp-json\/wp\/v2\/types\/page"}],"author":[{"embeddable":true,"href":"https:\/\/www.manaus.am.gov.br\/semsa\/wp-json\/wp\/v2\/users\/27"}],"replies":[{"embeddable":true,"href":"https:\/\/www.manaus.am.gov.br\/semsa\/wp-json\/wp\/v2\/comments?post=209335"}],"version-history":[{"count":26,"href":"https:\/\/www.manaus.am.gov.br\/semsa\/wp-json\/wp\/v2\/pages\/209335\/revisions"}],"predecessor-version":[{"id":228060,"href":"https:\/\/www.manaus.am.gov.br\/semsa\/wp-json\/wp\/v2\/pages\/209335\/revisions\/228060"}],"up":[{"embeddable":true,"href":"https:\/\/www.manaus.am.gov.br\/semsa\/wp-json\/wp\/v2\/pages\/211060"}],"wp:attachment":[{"href":"https:\/\/www.manaus.am.gov.br\/semsa\/wp-json\/wp\/v2\/media?parent=209335"}],"curies":[{"name":"wp","href":"https:\/\/api.w.org\/{rel}","templated":true}]}}