{"id":209328,"date":"2023-01-20T08:30:12","date_gmt":"2023-01-20T12:30:12","guid":{"rendered":"https:\/\/www.manaus.am.gov.br\/semsa\/?page_id=209328"},"modified":"2025-08-29T11:08:48","modified_gmt":"2025-08-29T15:08:48","slug":"controle-da-hanseniase","status":"publish","type":"page","link":"https:\/\/www.manaus.am.gov.br\/semsa\/vigilancia\/vigilancia-epidemiologica\/controle-da-hanseniase\/","title":{"rendered":"Controle da Hansen\u00edase"},"content":{"rendered":"\n<p><strong>\u00c1rea respons\u00e1vel: <\/strong>N\u00facleo de Controle da Hansen\u00edase<\/p>\n\n\n\n<h2 class=\"wp-block-heading\">Objetivos<\/h2>\n\n\n\n<p>\u00c1rea respons\u00e1vel pela implementa\u00e7\u00e3o das recomenda\u00e7\u00f5es e diretrizes nacionais para o controle da Hansen\u00edase, assim como qualifica\u00e7\u00e3o dos profissionais para preven\u00e7\u00e3o, diagn\u00f3stico, vigil\u00e2ncia e acompanhamento de casos de hansen\u00edase, visando o controle da doen\u00e7a no munic\u00edpio de Manaus.<\/p>\n\n\n\n<h2 class=\"wp-block-heading\">Doen\u00e7a e tratamento<\/h2>\n\n\n\n<h3 class=\"wp-block-heading\">O que \u00e9 Hansen\u00edase?<\/h3>\n\n\n\n<p>A hansen\u00edase, tamb\u00e9m conhecida como lepra ou mal de Hansen, \u00e9 uma doen\u00e7a infecciosa, n\u00e3o heredit\u00e1ria, causada pelo bacilo de Hansen (<em>Mycobacterium leprae<\/em>), que pode afetar indiv\u00edduos de ambos os sexos e em qualquer idade.<\/p>\n\n\n\n<p>As principais manifesta\u00e7\u00f5es da hansen\u00edase s\u00e3o les\u00f5es na pele e nos nervos perif\u00e9ricos.<\/p>\n\n\n\n<p>Se n\u00e3o tratada, a doen\u00e7a pode causar s\u00e9rias deforma\u00e7\u00f5es e incapacidades f\u00edsicas.<\/p>\n\n\n\n<h3 class=\"wp-block-heading\">Como se pega a doen\u00e7a?<\/h3>\n\n\n\n<p>A hansen\u00edase \u00e9 transmitida de uma pessoa infectada (sem tratamento) pelo bacilo de Hansen para uma pessoa sadia, por meio de secre\u00e7\u00f5es nasais, tosses e espirros.<\/p>\n\n\n\n<p>As chances de transmiss\u00e3o s\u00e3o maiores quando o contato com a pessoa doente \u00e9 prolongado, em ambiente fechado, com pouca luz solar e pouca ventila\u00e7\u00e3o.<\/p>\n\n\n\n<p>Apesar da alta capacidade de transmiss\u00e3o do bacilo, poucas pessoas (as mais suscet\u00edveis) adoecem, pois a maioria da popula\u00e7\u00e3o possui defesa natural contra o bacilo.<\/p>\n\n\n\n<p>O per\u00edodo de incuba\u00e7\u00e3o da hansen\u00edase \u00e9 longo. Geralmente s\u00e3o necess\u00e1rios de dois a sete anos para que a doen\u00e7a se manifeste.<\/p>\n\n\n\n<h3 class=\"wp-block-heading\">Como \u00e9 feito o diagn\u00f3stico?<\/h3>\n\n\n\n<p>Por meio de exame cl\u00ednico (geral e dermatoneurol\u00f3gico), que identificam as altera\u00e7\u00f5es de sensibilidade da pele e o comprometimento dos nervos perif\u00e9ricos.<\/p>\n\n\n\n<p>Em Manaus, a rede p\u00fablica municipal est\u00e1 apta a realizar o exame dermatol\u00f3gico para a suspei\u00e7\u00e3o de Hansen\u00edase e todas as Unidades B\u00e1sicas de Sa\u00fade est\u00e3o preparadas para o tratamento.<\/p>\n\n\n\n<h3 class=\"wp-block-heading\">Formas de transmiss\u00e3o<\/h3>\n\n\n\n<p>A hansen\u00edase \u00e9 transmitida de uma pessoa infectada (sem tratamento) pelo bacilo de Hansen para uma pessoa sadia, por meio de secre\u00e7\u00f5es nasais, tosses e espirros.<\/p>\n\n\n\n<p>As chances de transmiss\u00e3o s\u00e3o maiores quando o contato com a pessoa doente \u00e9 prolongado, em ambiente fechado, com pouca luz solar e pouca ventila\u00e7\u00e3o.<\/p>\n\n\n\n<p>Apesar da alta capacidade de transmiss\u00e3o do bacilo, poucas pessoas (as mais suscet\u00edveis) adoecem, pois a maioria da popula\u00e7\u00e3o possui defesa natural contra o bacilo.<\/p>\n\n\n\n<p>O per\u00edodo de incuba\u00e7\u00e3o da hansen\u00edase \u00e9 longo. Geralmente s\u00e3o necess\u00e1rios de dois a sete anos para que a doen\u00e7a se manifeste.<\/p>\n\n\n\n<h3 class=\"wp-block-heading\">Onde realizar exame e tratamento?<\/h3>\n\n\n\n<p>O tratamento da hansen\u00edase \u00e9 feito com um conjunto de medicamentos (tratamento poliquimioter\u00e1pico \u2013 PQT) oferecido gratuitamente pelo sistema p\u00fablico de sa\u00fade. Pode durar de 6 meses a 1 ano, dependendo da forma cl\u00ednica diagnosticada.<\/p>\n\n\n\n<p>Quanto mais r\u00e1pido o diagn\u00f3stico, mais f\u00e1cil \u00e9 a cura. Com o in\u00edcio do tratamento, a doen\u00e7a deixa de ser transmitida.<\/p>\n\n\n\n<p>Hansen\u00edase tem cura. Ao identificar uma mancha suspeita, procure a unidade de sa\u00fade mais pr\u00f3xima de voc\u00ea.<\/p>\n\n\n\n<h3 class=\"wp-block-heading\">Servi\u00e7os<\/h3>\n\n\n\n<p>Em Manaus, a rede p\u00fablica municipal est\u00e1 apta a realizar o exame dermatol\u00f3gico para a suspei\u00e7\u00e3o de hansen\u00edase e todas as Unidades B\u00e1sicas de Sa\u00fade est\u00e3o preparadas para o tratamento.<\/p>\n\n\n\n<p><\/p>\n\n\n\n<ul>\n<li><a href=\"https:\/\/www.manaus.am.gov.br\/semsa\/vigilancia\/vigilancia-epidemiologica\/controle-da-hanseniase\/unidades-que-realizam-o-teste-rapido-para-deteccao-de-anticorpos\/\">Unidades que realizam o teste r\u00e1pido para detec\u00e7\u00e3o de anticorpos<\/a><\/li>\n\n\n\n<li><a href=\"https:\/\/www.manaus.am.gov.br\/semsa\/vigilancia\/vigilancia-epidemiologica\/controle-da-hanseniase\/locais-de-coleta-de-raspado-intradermico-para-baciloscopia-em-hanseniase\/\">Locais de coleta de raspado intrad\u00e9rmico para baciloscopia em hansen\u00edase<\/a><\/li>\n\n\n\n<li><a href=\"https:\/\/www.manaus.am.gov.br\/semsa\/wp-content\/uploads\/sites\/8\/2023\/01\/FORMULARIO_EXAME_OFICIAL_COM_ASSINATURA.pdf\" target=\"_blank\" rel=\"noreferrer noopener\">Projeto AUTOEXAME de pele virtual \u2013 PSE<\/a><\/li>\n\n\n\n<li><a href=\"https:\/\/docs.google.com\/forms\/d\/e\/1FAIpQLSfY4p3E9jkNYO6kc-RBDgh8Im0vlk0ERlhvYzRpEpskP0i0Bg\/viewform\" target=\"_blank\" rel=\"noreferrer noopener\">Formul\u00e1rio online do AUTOEXAME de pele<\/a><\/li>\n\n\n\n<li><a href=\"https:\/\/www.manaus.am.gov.br\/semsa\/wp-content\/uploads\/sites\/8\/2023\/01\/LISTA-DE-UNIDADES-DE-REFERENCIA-PARA-ATENDIMENTO-DE-ESPOROTRICOSE-HUMANA-1-1.pdf\" target=\"_blank\" rel=\"noreferrer noopener\">Escolas SEDUC Projeto AUTOEXAME<\/a><\/li>\n\n\n\n<li><a href=\"https:\/\/www.manaus.am.gov.br\/semsa\/wp-content\/uploads\/sites\/8\/2023\/01\/ESCOLAS-SEMED-PSE-PROJETO-AUTOEXAME-1b.pdf\" target=\"_blank\" rel=\"noreferrer noopener\">Escolas SEMED Projeto AUTOEXAME<\/a><\/li>\n\n\n\n<li><a href=\"https:\/\/www.manaus.am.gov.br\/semsa\/wp-content\/uploads\/sites\/8\/2023\/01\/video-com-saude-nao-se-brinca.mp4\" target=\"_blank\" rel=\"noreferrer noopener\">V\u00eddeo &#8211; Hansen\u00edase, com sa\u00fade n\u00e3o se brinca<\/a><\/li>\n\n\n\n<li><a href=\"https:\/\/www.manaus.am.gov.br\/semsa\/wp-content\/uploads\/sites\/8\/2023\/01\/Precisamos-falar-sobre-a-hanseniase.mp4\" target=\"_blank\" rel=\"noreferrer noopener\">V\u00eddeo &#8211; Conhe\u00e7a a hansen\u00edase, essa doen\u00e7a tem cura!<\/a><\/li>\n\n\n\n<li><a href=\"https:\/\/www.manaus.am.gov.br\/semsa\/wp-content\/uploads\/sites\/8\/2023\/01\/Cartilha-Hanseni\u0301ase-Infantil.pdf\" target=\"_blank\" rel=\"noreferrer noopener\">Cartilha da Hansen\u00edase Infantil<\/a><\/li>\n\n\n\n<li><a href=\"https:\/\/www.manaus.am.gov.br\/semsa\/wp-content\/uploads\/sites\/8\/2023\/01\/com-saude-nao-se-brinca.jpeg\" target=\"_blank\" rel=\"noreferrer noopener\">Banner &#8211; Com sa\u00fade n\u00e3o se brinca<\/a><\/li>\n<\/ul>\n\n\n\n<div style=\"height:20px\" aria-hidden=\"true\" class=\"wp-block-spacer\"><\/div>\n\n\n\n<h2 class=\"wp-block-heading\">Links externos sobre Hansen\u00edase<\/h2>\n\n\n\n<ul>\n<li><a href=\"https:\/\/www.gov.br\/aids\/pt-br\/assuntos\/hanseniase\" target=\"_blank\" rel=\"noreferrer noopener\">P\u00e1gina do Minist\u00e9rio da Sa\u00fade sobre a Hansen\u00edase<\/a><\/li>\n\n\n\n<li><a href=\"https:\/\/pesquisa.bvsalud.org\/bvsms\/?q=publicacao+hanseniase\" target=\"_blank\" rel=\"noreferrer noopener\">Lista de publica\u00e7\u00f5es sobre Hansen\u00edase<\/a><\/li>\n\n\n\n<li><a href=\"https:\/\/www.gov.br\/aids\/pt-br\/centrais-de-conteudo\/boletins-epidemiologicos\/2022\/\" target=\"_blank\" rel=\"noreferrer noopener\">Boletim Epidemiol\u00f3gico de Hansen\u00edase 2022<\/a><\/li>\n\n\n\n<li><a href=\"https:\/\/www.gov.br\/aids\/pt-br\/centrais-de-conteudo\/guia-pratico-sobre-a-hanseniase\" target=\"_blank\" rel=\"noreferrer noopener\">Guia pr\u00e1tico sobre a Hansen\u00edase<\/a><\/li>\n\n\n\n<li><a href=\"https:\/\/www.gov.br\/aids\/pt-br\/centrais-de-conteudo\/estrategia-nacional-hanseniase\" target=\"_blank\" rel=\"noreferrer noopener\">Estrat\u00e9gia Nacional para Enfrentamento da Hansen\u00edase 2019-2022<\/a><\/li>\n\n\n\n<li><a href=\"https:\/\/www.gov.br\/aids\/pt-br\/assuntos\/hanseniase\/prevencao-de-incapacidades-fisicas\" target=\"_blank\" rel=\"noreferrer noopener\">Preven\u00e7\u00e3o de Incapacidades F\u00edsicas<\/a><\/li>\n<\/ul>\n","protected":false},"excerpt":{"rendered":"","protected":false},"author":27,"featured_media":0,"parent":209193,"menu_order":2,"comment_status":"closed","ping_status":"closed","template":"templates\/prefeitura.php","meta":{"footnotes":""},"acf":[],"yoast_head":"<!-- This site is optimized with the Yoast SEO plugin v23.0 - https:\/\/yoast.com\/wordpress\/plugins\/seo\/ -->\n<title>Controle da Hansen\u00edase - SEMSA<\/title>\n<meta name=\"robots\" content=\"index, follow, max-snippet:-1, max-image-preview:large, max-video-preview:-1\" \/>\n<link rel=\"canonical\" href=\"https:\/\/www.manaus.am.gov.br\/semsa\/vigilancia\/vigilancia-epidemiologica\/controle-da-hanseniase\/\" \/>\n<meta property=\"og:locale\" content=\"pt_BR\" \/>\n<meta property=\"og:type\" content=\"article\" \/>\n<meta property=\"og:title\" content=\"Controle da Hansen\u00edase - SEMSA\" \/>\n<meta property=\"og:url\" content=\"https:\/\/www.manaus.am.gov.br\/semsa\/vigilancia\/vigilancia-epidemiologica\/controle-da-hanseniase\/\" \/>\n<meta property=\"og:site_name\" content=\"SEMSA\" \/>\n<meta property=\"article:modified_time\" content=\"2025-08-29T15:08:48+00:00\" \/>\n<meta property=\"og:image\" content=\"https:\/\/www.manaus.am.gov.br\/semsa\/wp-content\/uploads\/sites\/8\/2024\/07\/thumb-default-2.png\" \/>\n\t<meta property=\"og:image:width\" content=\"966\" \/>\n\t<meta property=\"og:image:height\" content=\"520\" \/>\n\t<meta property=\"og:image:type\" content=\"image\/png\" \/>\n<meta name=\"twitter:card\" content=\"summary_large_image\" \/>\n<meta name=\"twitter:label1\" content=\"Est. reading time\" \/>\n\t<meta name=\"twitter:data1\" content=\"4 minutos\" \/>\n<script type=\"application\/ld+json\" class=\"yoast-schema-graph\">{\"@context\":\"https:\/\/schema.org\",\"@graph\":[{\"@type\":\"WebPage\",\"@id\":\"https:\/\/www.manaus.am.gov.br\/semsa\/vigilancia\/vigilancia-epidemiologica\/controle-da-hanseniase\/\",\"url\":\"https:\/\/www.manaus.am.gov.br\/semsa\/vigilancia\/vigilancia-epidemiologica\/controle-da-hanseniase\/\",\"name\":\"Controle da Hansen\u00edase - SEMSA\",\"isPartOf\":{\"@id\":\"https:\/\/www.manaus.am.gov.br\/semsa\/#website\"},\"datePublished\":\"2023-01-20T12:30:12+00:00\",\"dateModified\":\"2025-08-29T15:08:48+00:00\",\"breadcrumb\":{\"@id\":\"https:\/\/www.manaus.am.gov.br\/semsa\/vigilancia\/vigilancia-epidemiologica\/controle-da-hanseniase\/#breadcrumb\"},\"inLanguage\":\"pt-BR\",\"potentialAction\":[{\"@type\":\"ReadAction\",\"target\":[\"https:\/\/www.manaus.am.gov.br\/semsa\/vigilancia\/vigilancia-epidemiologica\/controle-da-hanseniase\/\"]}]},{\"@type\":\"BreadcrumbList\",\"@id\":\"https:\/\/www.manaus.am.gov.br\/semsa\/vigilancia\/vigilancia-epidemiologica\/controle-da-hanseniase\/#breadcrumb\",\"itemListElement\":[{\"@type\":\"ListItem\",\"position\":1,\"name\":\"Vigil\u00e2ncia\",\"item\":\"https:\/\/www.manaus.am.gov.br\/semsa\/vigilancia\/\"},{\"@type\":\"ListItem\",\"position\":2,\"name\":\"Epidemiol\u00f3gica\",\"item\":\"https:\/\/www.manaus.am.gov.br\/semsa\/vigilancia\/vigilancia-epidemiologica\/\"},{\"@type\":\"ListItem\",\"position\":3,\"name\":\"Controle da Hansen\u00edase\"}]},{\"@type\":\"WebSite\",\"@id\":\"https:\/\/www.manaus.am.gov.br\/semsa\/#website\",\"url\":\"https:\/\/www.manaus.am.gov.br\/semsa\/\",\"name\":\"SEMSA\",\"description\":\"Secretaria Municipal de Sa\u00fade\",\"alternateName\":\"Secretaria Municipal de Sa\u00fade\",\"potentialAction\":[{\"@type\":\"SearchAction\",\"target\":{\"@type\":\"EntryPoint\",\"urlTemplate\":\"https:\/\/www.manaus.am.gov.br\/semsa\/?s={search_term_string}\"},\"query-input\":\"required name=search_term_string\"}],\"inLanguage\":\"pt-BR\"}]}<\/script>\n<!-- \/ Yoast SEO plugin. -->","yoast_head_json":{"title":"Controle da Hansen\u00edase - SEMSA","robots":{"index":"index","follow":"follow","max-snippet":"max-snippet:-1","max-image-preview":"max-image-preview:large","max-video-preview":"max-video-preview:-1"},"canonical":"https:\/\/www.manaus.am.gov.br\/semsa\/vigilancia\/vigilancia-epidemiologica\/controle-da-hanseniase\/","og_locale":"pt_BR","og_type":"article","og_title":"Controle da Hansen\u00edase - SEMSA","og_url":"https:\/\/www.manaus.am.gov.br\/semsa\/vigilancia\/vigilancia-epidemiologica\/controle-da-hanseniase\/","og_site_name":"SEMSA","article_modified_time":"2025-08-29T15:08:48+00:00","og_image":[{"width":966,"height":520,"url":"https:\/\/www.manaus.am.gov.br\/semsa\/wp-content\/uploads\/sites\/8\/2024\/07\/thumb-default-2.png","type":"image\/png"}],"twitter_card":"summary_large_image","twitter_misc":{"Est. reading time":"4 minutos"},"schema":{"@context":"https:\/\/schema.org","@graph":[{"@type":"WebPage","@id":"https:\/\/www.manaus.am.gov.br\/semsa\/vigilancia\/vigilancia-epidemiologica\/controle-da-hanseniase\/","url":"https:\/\/www.manaus.am.gov.br\/semsa\/vigilancia\/vigilancia-epidemiologica\/controle-da-hanseniase\/","name":"Controle da Hansen\u00edase - SEMSA","isPartOf":{"@id":"https:\/\/www.manaus.am.gov.br\/semsa\/#website"},"datePublished":"2023-01-20T12:30:12+00:00","dateModified":"2025-08-29T15:08:48+00:00","breadcrumb":{"@id":"https:\/\/www.manaus.am.gov.br\/semsa\/vigilancia\/vigilancia-epidemiologica\/controle-da-hanseniase\/#breadcrumb"},"inLanguage":"pt-BR","potentialAction":[{"@type":"ReadAction","target":["https:\/\/www.manaus.am.gov.br\/semsa\/vigilancia\/vigilancia-epidemiologica\/controle-da-hanseniase\/"]}]},{"@type":"BreadcrumbList","@id":"https:\/\/www.manaus.am.gov.br\/semsa\/vigilancia\/vigilancia-epidemiologica\/controle-da-hanseniase\/#breadcrumb","itemListElement":[{"@type":"ListItem","position":1,"name":"Vigil\u00e2ncia","item":"https:\/\/www.manaus.am.gov.br\/semsa\/vigilancia\/"},{"@type":"ListItem","position":2,"name":"Epidemiol\u00f3gica","item":"https:\/\/www.manaus.am.gov.br\/semsa\/vigilancia\/vigilancia-epidemiologica\/"},{"@type":"ListItem","position":3,"name":"Controle da Hansen\u00edase"}]},{"@type":"WebSite","@id":"https:\/\/www.manaus.am.gov.br\/semsa\/#website","url":"https:\/\/www.manaus.am.gov.br\/semsa\/","name":"SEMSA","description":"Secretaria Municipal de Sa\u00fade","alternateName":"Secretaria Municipal de Sa\u00fade","potentialAction":[{"@type":"SearchAction","target":{"@type":"EntryPoint","urlTemplate":"https:\/\/www.manaus.am.gov.br\/semsa\/?s={search_term_string}"},"query-input":"required name=search_term_string"}],"inLanguage":"pt-BR"}]}},"_links":{"self":[{"href":"https:\/\/www.manaus.am.gov.br\/semsa\/wp-json\/wp\/v2\/pages\/209328"}],"collection":[{"href":"https:\/\/www.manaus.am.gov.br\/semsa\/wp-json\/wp\/v2\/pages"}],"about":[{"href":"https:\/\/www.manaus.am.gov.br\/semsa\/wp-json\/wp\/v2\/types\/page"}],"author":[{"embeddable":true,"href":"https:\/\/www.manaus.am.gov.br\/semsa\/wp-json\/wp\/v2\/users\/27"}],"replies":[{"embeddable":true,"href":"https:\/\/www.manaus.am.gov.br\/semsa\/wp-json\/wp\/v2\/comments?post=209328"}],"version-history":[{"count":31,"href":"https:\/\/www.manaus.am.gov.br\/semsa\/wp-json\/wp\/v2\/pages\/209328\/revisions"}],"predecessor-version":[{"id":225154,"href":"https:\/\/www.manaus.am.gov.br\/semsa\/wp-json\/wp\/v2\/pages\/209328\/revisions\/225154"}],"up":[{"embeddable":true,"href":"https:\/\/www.manaus.am.gov.br\/semsa\/wp-json\/wp\/v2\/pages\/209193"}],"wp:attachment":[{"href":"https:\/\/www.manaus.am.gov.br\/semsa\/wp-json\/wp\/v2\/media?parent=209328"}],"curies":[{"name":"wp","href":"https:\/\/api.w.org\/{rel}","templated":true}]}}