{"id":209276,"date":"2024-07-12T11:07:46","date_gmt":"2024-07-12T15:07:46","guid":{"rendered":"https:\/\/www.manaus.am.gov.br\/semsa\/?page_id=209276"},"modified":"2025-01-21T17:08:02","modified_gmt":"2025-01-21T21:08:02","slug":"pesquisa-cientifica","status":"publish","type":"page","link":"https:\/\/www.manaus.am.gov.br\/semsa\/escola-de-saude-publica\/pesquisa-cientifica\/","title":{"rendered":"Pesquisa Cient\u00edfica"},"content":{"rendered":"\n<p>Leia todas as instru\u00e7\u00f5es dispon\u00edveis nesta p\u00e1gina, pois servir\u00e3o de orienta\u00e7\u00e3o para o processo de submiss\u00e3o de sua pesquisa no \u00e2mbito da Semsa.<\/p>\n\n\n\n<p><strong>1. Quando solicitar Anu\u00eancia para Semsa?<\/strong><\/p>\n\n\n\n<p>Quando o pesquisador<strong>,&nbsp;<\/strong>vinculado a uma institui\u00e7\u00e3o de ensino ou pesquisa,<strong>&nbsp;<\/strong>desejar utilizar dados de pesquisa oriundos dos cen\u00e1rios de pr\u00e1ticas* da Semsa. De posse do Termo de Anu\u00eancia o pesquisador dever\u00e1 submeter o seu projeto a um Comit\u00ea de \u00c9tica em Pesquisa (CEP)\/ Comiss\u00e3o Nacional de \u00c9tica em Pesquisa (CONEP), integrado ao Sistema Nacional de \u00c9tica em Pesquisa com Seres Humanos.<\/p>\n\n\n\n<p>Entende-se por cen\u00e1rios de pr\u00e1ticas na Semsa as Unidades B\u00e1sicas de Sa\u00fade, Maternidade Moura Tapaj\u00f3z, policl\u00ednicas ou setores\/departamentos que porventura representem espa\u00e7os para investiga\u00e7\u00e3o cient\u00edfica.<\/p>\n\n\n\n<p><strong>2. Como preparar o projeto de pesquisa para submiss\u00e3o \u00e0 Esap\/Semsa?<\/strong><\/p>\n\n\n\n<p>Ao preparar o seu projeto de pesquisa, certifique-se de que est\u00e3o inclu\u00eddos os seguintes t\u00f3picos:<\/p>\n\n\n\n<ol>\n<li>Introdu\u00e7\u00e3o (Descrever a vis\u00e3o geral do estudo);<\/li>\n\n\n\n<li>Justificativa (Explicar qual a import\u00e2ncia cient\u00edfica do estudo bem como a import\u00e2ncia para o SUS);<\/li>\n\n\n\n<li>Objetivo geral;<\/li>\n\n\n\n<li>Objetivos Espec\u00edficos;<\/li>\n\n\n\n<li>Metodologia: descri\u00e7\u00e3o detalhada dos seguintes itens, quando aplic\u00e1vel:<\/li>\n\n\n\n<li>Desenho de estudo: especificar o tipo de pesquisa a ser desenvolvida, quanto \u00e0 abordagem (quantitativa ou qualitativa), \u00e0 natureza (b\u00e1sica ou aplicada), aos objetivos (explorat\u00f3ria, descritiva, explicativa), aos procedimentos (experimental, bibliogr\u00e1fica, documental, de campo, participante, pesquisa-a\u00e7\u00e3o, etnogr\u00e1fica, etnometodol\u00f3gica).<\/li>\n\n\n\n<li>Local do estudo: indicar o cen\u00e1rio de pr\u00e1tica na Semsa onde o estudo ser\u00e1 desenvolvido;<\/li>\n\n\n\n<li>Popula\u00e7\u00e3o de estudo (indicar quem ser\u00e3o os participantes da pesquisa) e\/ou dados a serem coletados para a pesquisa;<\/li>\n\n\n\n<li>C\u00e1lculo da amostra: informar a base de c\u00e1lculo, seja uma estimativa, refer\u00eancia de literatura ou estat\u00edstica institucional;<\/li>\n\n\n\n<li>Crit\u00e9rios de inclus\u00e3o e exclus\u00e3o;<\/li>\n\n\n\n<li>M\u00e9todos a serem aplicados: descrever de maneira detalhada e minuciosa todos os procedimentos que ser\u00e3o utilizados para alcan\u00e7ar os objetivos propostos, incluir como e onde ser\u00e1 a abordagem ao participante da pesquisa, aplica\u00e7\u00e3o do TCLE, TCUD e\/ou TALE. <strong>Anexar:<\/strong> Instrumento de coleta de dados da pesquisa como question\u00e1rios, roteiro de entrevistas ou outros;<\/li>\n\n\n\n<li>Riscos e Benef\u00edcios: descrever poss\u00edveis riscos e danos de ordem f\u00edsica, ps\u00edquica, moral, intelectual, social, cultural ou espiritual, individuais ou coletivos, tanto conhecidos como potenciais, comprometendo-se com o m\u00e1ximo de benef\u00edcios e o m\u00ednimo de danos e riscos;<\/li>\n\n\n\n<li>An\u00e1lises dos dados: descrever como ser\u00e1 feita a an\u00e1lise dos dados;<\/li>\n\n\n\n<li>Or\u00e7amento e Fontes de Financiamento;<\/li>\n\n\n\n<li>Resultados Esperados: apresentar o que se espera da pesquisa, de acordo com os objetivos e a metodologia proposta.<\/li>\n\n\n\n<li>Cronograma: especificar o cronograma f\u00edsico, em forma de tabela, contendo os meses e atividades a serem cumpridas durante o projeto;<\/li>\n\n\n\n<li>Equipe do Projeto: explicitar todos os pesquisadores\/ bolsistas envolvidos, forma\u00e7\u00e3o acad\u00eamica e fun\u00e7\u00e3o no desenvolvimento do projeto (orientador, bolsista, apoio t\u00e9cnico, etc.)<\/li>\n\n\n\n<li>Refer\u00eancias.<\/li>\n<\/ol>\n\n\n\n<p><\/p>\n\n\n\n<p><strong>3. Quando iniciar a coleta de dados nos cen\u00e1rios de pr\u00e1ticas da Semsa?<\/strong><\/p>\n\n\n\n<p>O Comit\u00ea de \u00c9tica em Pesquisa (CEP) ir\u00e1 emitir o parecer consubstanciado. De posse desse documento, o pesquisador dever\u00e1 envi\u00e1-lo para o e-mail: <a href=\"mailto:nupes.semsa@manaus.am.gov.br\">nupes.semsa@manaus.am.gov.br<\/a>. O Nupes ir\u00e1 providenciar o \u2018Termo de Autoriza\u00e7\u00e3o para realiza\u00e7\u00e3o da Pesquisa\u2019, ocasi\u00e3o em que o pesquisador, efetivamente, poder\u00e1 coletar dados para sua investiga\u00e7\u00e3o cient\u00edfica.<\/p>\n\n\n\n<p><\/p>\n\n\n\n<p><strong>4. \u00c9 preciso protocolar algum documento na Semsa\/Esap\/Nupes?<\/strong><\/p>\n\n\n\n<p>N\u00e3o. Todo o processo ocorre de modo <em>online<\/em>. As d\u00favidas poder\u00e3o ser sanadas pelo e-mail:&nbsp;<a href=\"mailto:nupes.semsa@pmm.am.gov.br\" target=\"_blank\" rel=\"noreferrer noopener\">nupes.semsa@manaus.am.gov.br<\/a>&nbsp;e\/ou telefone: (92) 98842-8247.<\/p>\n\n\n\n<p><\/p>\n\n\n\n<p><strong>5. Qual formato dos documentos deve ser anexado (<em>upload<\/em>) no Google Forms?<\/strong><\/p>\n\n\n\n<p>Os anexos devem ser em formato PDF.<\/p>\n\n\n\n<p><strong>6. Quais os provedores de e-mails para comunica\u00e7\u00e3o com a Semsa\/ESAP?<\/strong><strong><\/strong><\/p>\n\n\n\n<p>O provedor de e-mails da Semsa tem restri\u00e7\u00f5es no recebimento\/envio de mensagens com o provedor de e-mail hotmail. Por isso, sugerimos utilizar quaisquer outros compat\u00edveis como: gmail, yahoo, uol, aol ou da institui\u00e7\u00e3o do pesquisador.<\/p>\n\n\n\n<p><strong>7. Qual o prazo para libera\u00e7\u00e3o do Termo de Anu\u00eancia e Termo de Autoriza\u00e7\u00e3o para realiza\u00e7\u00e3o da pesquisa?<\/strong><strong><\/strong><\/p>\n\n\n\n<p>Todas as solicita\u00e7\u00f5es ser\u00e3o submetidas ao Comit\u00ea Cient\u00edfico\/Esap para an\u00e1lise de viabilidade que ter\u00e1 um prazo de at\u00e9 20 dias \u00fateis para manifesta\u00e7\u00e3o.<br>Este prazo poder\u00e1 sofrer altera\u00e7\u00e3o por motivo de for\u00e7a maior, no interesse da institui\u00e7\u00e3o.<\/p>\n\n\n\n<p><strong>8. \u00c9 poss\u00edvel contactar o Comit\u00ea Cient\u00edfico para esclarecer itens do projeto de pesquisa?<\/strong><strong><\/strong><\/p>\n\n\n\n<p>N\u00e3o. Na hip\u00f3tese do Comit\u00ea Cient\u00edfico necessitar de esclarecimentos e\/ou altera\u00e7\u00e3o de informa\u00e7\u00f5es, o pesquisador ser\u00e1 notificado pelo e-mail informado para manifesta\u00e7\u00e3o, tendo um prazo m\u00e1ximo de at\u00e9 30 dias para realizar, por escrito, as altera\u00e7\u00f5es solicitadas, sob pena de arquivamento da solicita\u00e7\u00e3o.<\/p>\n\n\n\n<p><strong>9. O que fazer na hip\u00f3tese de altera\u00e7\u00e3o no cronograma de atividades da pesquisa?<\/strong><strong><\/strong><\/p>\n\n\n\n<p>O pesquisador deve informar ao Nupes, enviando mensagem para o e-mail:&nbsp;<a href=\"mailto:nupes.semsa@manaus.am.gov.br\">nupes.semsa@manaus.am.gov.br<\/a> e solicitar, se for o caso, a prorroga\u00e7\u00e3o de sua pesquisa.<\/p>\n\n\n\n<p><\/p>\n\n\n\n<p><strong>10. Como proceder para submiss\u00e3o de Relato de Caso? <\/strong><\/p>\n\n\n\n<p>O pesquisador que deseja narrar estudo na \u00e1rea biom\u00e9dica a partir de eventos consumados, na forma de artigo ou projeto de Relato de Caso, provenientes do cotidiano de sua pr\u00e1tica no \u00e2mbito da Semsa, deve realizar sua submiss\u00e3o por meio do formul\u00e1rio Google Forms:&nbsp;<a href=\"https:\/\/forms.gle\/H9T3Z1nWxFgvfodcA\">https:\/\/forms.gle\/H9T3Z1nWxFgvfodcA<\/a><\/p>\n\n\n\n<p>Para <strong>relato de caso no formato de artigo<\/strong> \u00e9 obrigat\u00f3rio o envio ao Nupes do Termo de Consentimento Livre e Esclarecido (TCLE) j\u00e1 preenchido e assinado pelo participante do estudo, bem como do <a href=\"https:\/\/www.manaus.am.gov.br\/semsa\/wp-content\/uploads\/sites\/8\/2024\/09\/Termo-de-Autoria-e-Responsabilidade-para-Publicacao-de-Relato-de-Caso.docx\">Termo de Responsabilidade e de Autoria<\/a> preenchido e assinado por todos os autores do estudo, separadamente.<\/p>\n\n\n\n<p><\/p>\n\n\n\n<p><strong>11. H\u00e1 orienta\u00e7\u00f5es espec\u00edficas para pesquisas cient\u00edficas em Unidade B\u00e1sica de Sa\u00fade Fluvial (UBS Fluvial)?<\/strong><strong><\/strong><\/p>\n\n\n\n<p>Sim. Ap\u00f3s aprova\u00e7\u00e3o do projeto no CEP, o pesquisador dever\u00e1 providenciar: c\u00f3pia de Seguro Individual contra acidentes pessoais, crach\u00e1 com foto (nome do pesquisador, institui\u00e7\u00e3o de ensino), c\u00f3pia da carteira de vacina atualizada (covid-19, febre amarela, hepatite B, dupla e tr\u00edplice viral) e \u2018Termo de Compromisso de Pesquisa Cient\u00edfica em Unidade Fluvial\u2019, que ser\u00e1 fornecido pelo Nupes.<\/p>\n\n\n\n<p><strong>12. Como proceder no t\u00e9rmino da pesquisa?<\/strong><strong><\/strong><\/p>\n\n\n\n<p>O pesquisador dever\u00e1 informar o t\u00e9rmino de sua pesquisa para o e-mail:&nbsp;<a href=\"mailto:nupes.semsa@manaus.am.gov.br\">nupes.semsa@manaus.am.gov.br<\/a>.<\/p>\n\n\n\n<p><\/p>\n\n\n\n<p><strong>13. Como apresentar os resultados para a SEMSA?<\/strong><\/p>\n\n\n\n<p>O pesquisador deve apresentar os resultados da pesquisa na Mostra Cient\u00edfica promovida, anualmente, pela Esap\/Semsa e submeter o resumo do trabalho de pesquisa para os anais do referido evento.<\/p>\n\n\n\n<p>\u00c9 obrigat\u00f3ria refer\u00eancia nos agradecimentos ao apoio prestado pela Secretaria Municipal de Sa\u00fade em todas as formas de divulga\u00e7\u00e3o, como nas publica\u00e7\u00f5es cient\u00edficas e nos trabalhos apresentados em eventos de qualquer natureza e meio de comunica\u00e7\u00e3o.<\/p>\n\n\n\n<p>Agora que voc\u00ea j\u00e1 sabe como funciona a submiss\u00e3o de pesquisa na Semsa\/Esap, clique no link:&nbsp;<a href=\"https:\/\/forms.gle\/qih5YUqy6dsYRtfg6\">https:\/\/forms.gle\/qih5YUqy6dsYRtfg6<\/a><\/p>\n\n\n\n<p><\/p>\n\n\n\n<p><strong>Para esclarecimentos ou mais informa\u00e7\u00f5es:<\/strong><br><strong>E-mail:<\/strong>\u00a0<a href=\"mailto:nupes.semsa@manaus.am.gov.br\">nupes.semsa@manaus.am.gov.br<\/a><br><strong>Telefone:<\/strong>\u00a0(92) 98842-8247<\/p>\n\n\n\n<p><\/p>\n\n\n\n<p><\/p>\n","protected":false},"excerpt":{"rendered":"","protected":false},"author":27,"featured_media":0,"parent":208859,"menu_order":0,"comment_status":"closed","ping_status":"closed","template":"templates\/prefeitura.php","meta":{"footnotes":""},"acf":[],"yoast_head":"<!-- This site is optimized with the Yoast SEO plugin v23.0 - https:\/\/yoast.com\/wordpress\/plugins\/seo\/ -->\n<title>Pesquisa Cient\u00edfica - SEMSA<\/title>\n<meta name=\"robots\" content=\"index, follow, max-snippet:-1, max-image-preview:large, max-video-preview:-1\" \/>\n<link rel=\"canonical\" href=\"https:\/\/www.manaus.am.gov.br\/semsa\/escola-de-saude-publica\/pesquisa-cientifica\/\" \/>\n<meta property=\"og:locale\" content=\"pt_BR\" \/>\n<meta property=\"og:type\" content=\"article\" \/>\n<meta property=\"og:title\" content=\"Pesquisa Cient\u00edfica - SEMSA\" \/>\n<meta property=\"og:url\" content=\"https:\/\/www.manaus.am.gov.br\/semsa\/escola-de-saude-publica\/pesquisa-cientifica\/\" \/>\n<meta property=\"og:site_name\" content=\"SEMSA\" \/>\n<meta property=\"article:modified_time\" content=\"2025-01-21T21:08:02+00:00\" \/>\n<meta property=\"og:image\" content=\"https:\/\/www.manaus.am.gov.br\/semsa\/wp-content\/uploads\/sites\/8\/2024\/07\/thumb-default-2.png\" \/>\n\t<meta property=\"og:image:width\" content=\"966\" \/>\n\t<meta property=\"og:image:height\" content=\"520\" \/>\n\t<meta property=\"og:image:type\" content=\"image\/png\" \/>\n<meta name=\"twitter:card\" content=\"summary_large_image\" \/>\n<meta name=\"twitter:label1\" content=\"Est. reading time\" \/>\n\t<meta name=\"twitter:data1\" content=\"6 minutos\" \/>\n<script type=\"application\/ld+json\" class=\"yoast-schema-graph\">{\"@context\":\"https:\/\/schema.org\",\"@graph\":[{\"@type\":\"WebPage\",\"@id\":\"https:\/\/www.manaus.am.gov.br\/semsa\/escola-de-saude-publica\/pesquisa-cientifica\/\",\"url\":\"https:\/\/www.manaus.am.gov.br\/semsa\/escola-de-saude-publica\/pesquisa-cientifica\/\",\"name\":\"Pesquisa Cient\u00edfica - SEMSA\",\"isPartOf\":{\"@id\":\"https:\/\/www.manaus.am.gov.br\/semsa\/#website\"},\"datePublished\":\"2024-07-12T15:07:46+00:00\",\"dateModified\":\"2025-01-21T21:08:02+00:00\",\"breadcrumb\":{\"@id\":\"https:\/\/www.manaus.am.gov.br\/semsa\/escola-de-saude-publica\/pesquisa-cientifica\/#breadcrumb\"},\"inLanguage\":\"pt-BR\",\"potentialAction\":[{\"@type\":\"ReadAction\",\"target\":[\"https:\/\/www.manaus.am.gov.br\/semsa\/escola-de-saude-publica\/pesquisa-cientifica\/\"]}]},{\"@type\":\"BreadcrumbList\",\"@id\":\"https:\/\/www.manaus.am.gov.br\/semsa\/escola-de-saude-publica\/pesquisa-cientifica\/#breadcrumb\",\"itemListElement\":[{\"@type\":\"ListItem\",\"position\":1,\"name\":\"Escola de Sa\u00fade P\u00fablica (Esap)\",\"item\":\"https:\/\/www.manaus.am.gov.br\/semsa\/escola-de-saude-publica\/\"},{\"@type\":\"ListItem\",\"position\":2,\"name\":\"Pesquisa Cient\u00edfica\"}]},{\"@type\":\"WebSite\",\"@id\":\"https:\/\/www.manaus.am.gov.br\/semsa\/#website\",\"url\":\"https:\/\/www.manaus.am.gov.br\/semsa\/\",\"name\":\"SEMSA\",\"description\":\"Secretaria Municipal de Sa\u00fade\",\"alternateName\":\"Secretaria Municipal de Sa\u00fade\",\"potentialAction\":[{\"@type\":\"SearchAction\",\"target\":{\"@type\":\"EntryPoint\",\"urlTemplate\":\"https:\/\/www.manaus.am.gov.br\/semsa\/?s={search_term_string}\"},\"query-input\":\"required name=search_term_string\"}],\"inLanguage\":\"pt-BR\"}]}<\/script>\n<!-- \/ Yoast SEO plugin. -->","yoast_head_json":{"title":"Pesquisa Cient\u00edfica - SEMSA","robots":{"index":"index","follow":"follow","max-snippet":"max-snippet:-1","max-image-preview":"max-image-preview:large","max-video-preview":"max-video-preview:-1"},"canonical":"https:\/\/www.manaus.am.gov.br\/semsa\/escola-de-saude-publica\/pesquisa-cientifica\/","og_locale":"pt_BR","og_type":"article","og_title":"Pesquisa Cient\u00edfica - SEMSA","og_url":"https:\/\/www.manaus.am.gov.br\/semsa\/escola-de-saude-publica\/pesquisa-cientifica\/","og_site_name":"SEMSA","article_modified_time":"2025-01-21T21:08:02+00:00","og_image":[{"width":966,"height":520,"url":"https:\/\/www.manaus.am.gov.br\/semsa\/wp-content\/uploads\/sites\/8\/2024\/07\/thumb-default-2.png","type":"image\/png"}],"twitter_card":"summary_large_image","twitter_misc":{"Est. reading time":"6 minutos"},"schema":{"@context":"https:\/\/schema.org","@graph":[{"@type":"WebPage","@id":"https:\/\/www.manaus.am.gov.br\/semsa\/escola-de-saude-publica\/pesquisa-cientifica\/","url":"https:\/\/www.manaus.am.gov.br\/semsa\/escola-de-saude-publica\/pesquisa-cientifica\/","name":"Pesquisa Cient\u00edfica - SEMSA","isPartOf":{"@id":"https:\/\/www.manaus.am.gov.br\/semsa\/#website"},"datePublished":"2024-07-12T15:07:46+00:00","dateModified":"2025-01-21T21:08:02+00:00","breadcrumb":{"@id":"https:\/\/www.manaus.am.gov.br\/semsa\/escola-de-saude-publica\/pesquisa-cientifica\/#breadcrumb"},"inLanguage":"pt-BR","potentialAction":[{"@type":"ReadAction","target":["https:\/\/www.manaus.am.gov.br\/semsa\/escola-de-saude-publica\/pesquisa-cientifica\/"]}]},{"@type":"BreadcrumbList","@id":"https:\/\/www.manaus.am.gov.br\/semsa\/escola-de-saude-publica\/pesquisa-cientifica\/#breadcrumb","itemListElement":[{"@type":"ListItem","position":1,"name":"Escola de Sa\u00fade P\u00fablica (Esap)","item":"https:\/\/www.manaus.am.gov.br\/semsa\/escola-de-saude-publica\/"},{"@type":"ListItem","position":2,"name":"Pesquisa Cient\u00edfica"}]},{"@type":"WebSite","@id":"https:\/\/www.manaus.am.gov.br\/semsa\/#website","url":"https:\/\/www.manaus.am.gov.br\/semsa\/","name":"SEMSA","description":"Secretaria Municipal de Sa\u00fade","alternateName":"Secretaria Municipal de Sa\u00fade","potentialAction":[{"@type":"SearchAction","target":{"@type":"EntryPoint","urlTemplate":"https:\/\/www.manaus.am.gov.br\/semsa\/?s={search_term_string}"},"query-input":"required name=search_term_string"}],"inLanguage":"pt-BR"}]}},"_links":{"self":[{"href":"https:\/\/www.manaus.am.gov.br\/semsa\/wp-json\/wp\/v2\/pages\/209276"}],"collection":[{"href":"https:\/\/www.manaus.am.gov.br\/semsa\/wp-json\/wp\/v2\/pages"}],"about":[{"href":"https:\/\/www.manaus.am.gov.br\/semsa\/wp-json\/wp\/v2\/types\/page"}],"author":[{"embeddable":true,"href":"https:\/\/www.manaus.am.gov.br\/semsa\/wp-json\/wp\/v2\/users\/27"}],"replies":[{"embeddable":true,"href":"https:\/\/www.manaus.am.gov.br\/semsa\/wp-json\/wp\/v2\/comments?post=209276"}],"version-history":[{"count":18,"href":"https:\/\/www.manaus.am.gov.br\/semsa\/wp-json\/wp\/v2\/pages\/209276\/revisions"}],"predecessor-version":[{"id":220342,"href":"https:\/\/www.manaus.am.gov.br\/semsa\/wp-json\/wp\/v2\/pages\/209276\/revisions\/220342"}],"up":[{"embeddable":true,"href":"https:\/\/www.manaus.am.gov.br\/semsa\/wp-json\/wp\/v2\/pages\/208859"}],"wp:attachment":[{"href":"https:\/\/www.manaus.am.gov.br\/semsa\/wp-json\/wp\/v2\/media?parent=209276"}],"curies":[{"name":"wp","href":"https:\/\/api.w.org\/{rel}","templated":true}]}}