{"id":209255,"date":"2023-01-19T15:21:03","date_gmt":"2023-01-19T19:21:03","guid":{"rendered":"https:\/\/www.manaus.am.gov.br\/semsa\/?page_id=209255"},"modified":"2024-05-24T16:20:17","modified_gmt":"2024-05-24T20:20:17","slug":"v-mostra-de-pesquisa-cientifica","status":"publish","type":"page","link":"https:\/\/www.manaus.am.gov.br\/semsa\/escola-de-saude-publica\/eventos\/v-mostra-de-pesquisa-cientifica\/","title":{"rendered":"V Mostra de Pesquisa Cient\u00edfica"},"content":{"rendered":"<div class=\"wp-block-image\">\n<figure class=\"aligncenter size-full is-resized\"><img loading=\"lazy\" decoding=\"async\" width=\"768\" height=\"614\" src=\"https:\/\/www.manaus.am.gov.br\/semsa\/wp-content\/uploads\/sites\/8\/2023\/01\/Capa-1-01-768x614-1.jpg\" alt=\"\" class=\"wp-image-209256\" style=\"width:814px;height:auto\" srcset=\"https:\/\/www.manaus.am.gov.br\/semsa\/wp-content\/uploads\/sites\/8\/2023\/01\/Capa-1-01-768x614-1.jpg 768w, https:\/\/www.manaus.am.gov.br\/semsa\/wp-content\/uploads\/sites\/8\/2023\/01\/Capa-1-01-768x614-1-300x240.jpg 300w\" sizes=\"(max-width: 768px) 100vw, 768px\" \/><\/figure><\/div>\n\n\n<h2 class=\"wp-block-heading\"><\/h2>\n\n\n\n<p>A Prefeitura de Manaus, por meio da Secretaria Municipal de Sa\u00fade (Semsa), ir\u00e1 promover, entre os dias 13 e 16 de dezembro, das 9h \u00e0s 17h, a V Mostra de Pesquisa Cient\u00edfica. Esta ser\u00e1 a terceira edi\u00e7\u00e3o na modalidade virtual, transmitida pelo \u2018Canal Telessa\u00fade\u2019, da Universidade do Estado do Amazonas <a href=\"http:\/\/www.youtube.com\/@uddae_uea\" target=\"_blank\" rel=\"noreferrer noopener\">http:\/\/www.youtube.com\/@uddae_uea<\/a><\/p>\n\n\n\n<p><\/p>\n\n\n\n<p>O evento, organizado pela Escola de Sa\u00fade P\u00fablica (Esap), ter\u00e1 como p\u00fablico-alvo pesquisadores, alunos de gradua\u00e7\u00e3o e p\u00f3s-gradua\u00e7\u00e3o, servidores e trabalhadores da sa\u00fade envolvidos com as diferentes tem\u00e1ticas de pesquisas relacionadas \u00e0 Aten\u00e7\u00e3o Prim\u00e1ria \u00e0 Sa\u00fade, objetivando a difus\u00e3o do conhecimento e interc\u00e2mbio de experi\u00eancias vivenciadas nos cen\u00e1rios de pr\u00e1ticas da Semsa.<br>\u201cDurante o evento, pesquisadores de diversas institui\u00e7\u00f5es de ensino superior, nacionais e internacionais, e diferentes n\u00edveis de estudos \u2013 da inicia\u00e7\u00e3o cient\u00edfica ao doutorado, ir\u00e3o apresentar os resultados das produ\u00e7\u00f5es cient\u00edficas realizadas em unidades de sa\u00fade do munic\u00edpio\u201d, explica a diretora da Esap, Karina Cerquinho.<\/p>\n\n\n\n<p>A palestra de abertura, que ir\u00e1 acontecer na manh\u00e3 do dia 13, com o t\u00edtulo \u2018Estrat\u00e9gias de Divulga\u00e7\u00e3o Cient\u00edfica\u2019, ser\u00e1 proferida pela Prof. Dra. Inara Regina Costa, da Universidade Federal do Amazonas. Al\u00e9m de uma abordagem te\u00f3rica e conceitual sobre divulga\u00e7\u00e3o cient\u00edfica, ir\u00e1 apresentar estrat\u00e9gias para que pesquisadores consigam divulgar os resultados de pesquisa para a sociedade. \u201cA divulga\u00e7\u00e3o de pesquisas pelos ve\u00edculos de comunica\u00e7\u00e3o tende a ter mais visibilidade em virtude da converg\u00eancia de m\u00eddias on-line e off-line. Deste modo enfatizaremos a divulga\u00e7\u00e3o na imprensa ao adotar uma t\u00e9cnica de reda\u00e7\u00e3o mais f\u00e1cil de usar\u201d, antecipa Inara.<\/p>\n\n\n\n<p>A programa\u00e7\u00e3o continuar\u00e1 no dia 14, pela manh\u00e3; e nos dias 15 e 16, manh\u00e3 e tarde. Ao todo, ser\u00e3o 34 trabalhos, distribu\u00eddos em nove tem\u00e1ticas: Grupos Especiais, Sa\u00fade do Idoso, Sa\u00fade Bucal, Assist\u00eancia Farmac\u00eautica, Medicina Laboratorial, Aten\u00e7\u00e3o Psicossocial, Vigil\u00e2ncia Epidemiol\u00f3gica e Ambiental, Aten\u00e7\u00e3o Prim\u00e1ria \u00e0 Sa\u00fade e Sa\u00fade da Mulher, suscitando o di\u00e1logo entre a gest\u00e3o, ensino, servi\u00e7o e a comunidade.<\/p>\n\n\n\n<p><\/p>\n\n\n\n<p><a href=\"https:\/\/www.manaus.am.gov.br\/semsa\/wp-content\/uploads\/sites\/8\/2023\/01\/PROGRAMACAO-V-MOSTRA-CIENTIFICA.pdf\">Programa\u00e7\u00e3o da V Mostra Cient\u00edfica<\/a><\/p>\n","protected":false},"excerpt":{"rendered":"","protected":false},"author":27,"featured_media":0,"parent":215247,"menu_order":0,"comment_status":"closed","ping_status":"closed","template":"templates\/turismo.php","meta":{"footnotes":""},"acf":[],"yoast_head":"<!-- This site is optimized with the Yoast SEO plugin v23.0 - https:\/\/yoast.com\/wordpress\/plugins\/seo\/ -->\n<title>V Mostra de Pesquisa Cient\u00edfica - SEMSA<\/title>\n<meta name=\"robots\" content=\"index, follow, max-snippet:-1, max-image-preview:large, max-video-preview:-1\" \/>\n<link rel=\"canonical\" href=\"https:\/\/www.manaus.am.gov.br\/semsa\/escola-de-saude-publica\/eventos\/v-mostra-de-pesquisa-cientifica\/\" \/>\n<meta property=\"og:locale\" content=\"pt_BR\" \/>\n<meta property=\"og:type\" content=\"article\" \/>\n<meta property=\"og:title\" content=\"V Mostra de Pesquisa Cient\u00edfica - SEMSA\" \/>\n<meta property=\"og:url\" content=\"https:\/\/www.manaus.am.gov.br\/semsa\/escola-de-saude-publica\/eventos\/v-mostra-de-pesquisa-cientifica\/\" \/>\n<meta property=\"og:site_name\" content=\"SEMSA\" \/>\n<meta property=\"article:modified_time\" content=\"2024-05-24T20:20:17+00:00\" \/>\n<meta property=\"og:image\" content=\"https:\/\/www.manaus.am.gov.br\/semsa\/wp-content\/uploads\/sites\/8\/2023\/01\/Capa-1-01-768x614-1.jpg\" \/>\n<meta name=\"twitter:card\" content=\"summary_large_image\" \/>\n<meta name=\"twitter:label1\" content=\"Est. reading time\" \/>\n\t<meta name=\"twitter:data1\" content=\"2 minutos\" \/>\n<script type=\"application\/ld+json\" class=\"yoast-schema-graph\">{\"@context\":\"https:\/\/schema.org\",\"@graph\":[{\"@type\":\"WebPage\",\"@id\":\"https:\/\/www.manaus.am.gov.br\/semsa\/escola-de-saude-publica\/eventos\/v-mostra-de-pesquisa-cientifica\/\",\"url\":\"https:\/\/www.manaus.am.gov.br\/semsa\/escola-de-saude-publica\/eventos\/v-mostra-de-pesquisa-cientifica\/\",\"name\":\"V Mostra de Pesquisa Cient\u00edfica - SEMSA\",\"isPartOf\":{\"@id\":\"https:\/\/www.manaus.am.gov.br\/semsa\/#website\"},\"primaryImageOfPage\":{\"@id\":\"https:\/\/www.manaus.am.gov.br\/semsa\/escola-de-saude-publica\/eventos\/v-mostra-de-pesquisa-cientifica\/#primaryimage\"},\"image\":{\"@id\":\"https:\/\/www.manaus.am.gov.br\/semsa\/escola-de-saude-publica\/eventos\/v-mostra-de-pesquisa-cientifica\/#primaryimage\"},\"thumbnailUrl\":\"https:\/\/www.manaus.am.gov.br\/semsa\/wp-content\/uploads\/sites\/8\/2023\/01\/Capa-1-01-768x614-1.jpg\",\"datePublished\":\"2023-01-19T19:21:03+00:00\",\"dateModified\":\"2024-05-24T20:20:17+00:00\",\"breadcrumb\":{\"@id\":\"https:\/\/www.manaus.am.gov.br\/semsa\/escola-de-saude-publica\/eventos\/v-mostra-de-pesquisa-cientifica\/#breadcrumb\"},\"inLanguage\":\"pt-BR\",\"potentialAction\":[{\"@type\":\"ReadAction\",\"target\":[\"https:\/\/www.manaus.am.gov.br\/semsa\/escola-de-saude-publica\/eventos\/v-mostra-de-pesquisa-cientifica\/\"]}]},{\"@type\":\"ImageObject\",\"inLanguage\":\"pt-BR\",\"@id\":\"https:\/\/www.manaus.am.gov.br\/semsa\/escola-de-saude-publica\/eventos\/v-mostra-de-pesquisa-cientifica\/#primaryimage\",\"url\":\"https:\/\/www.manaus.am.gov.br\/semsa\/wp-content\/uploads\/sites\/8\/2023\/01\/Capa-1-01-768x614-1.jpg\",\"contentUrl\":\"https:\/\/www.manaus.am.gov.br\/semsa\/wp-content\/uploads\/sites\/8\/2023\/01\/Capa-1-01-768x614-1.jpg\",\"width\":768,\"height\":614},{\"@type\":\"BreadcrumbList\",\"@id\":\"https:\/\/www.manaus.am.gov.br\/semsa\/escola-de-saude-publica\/eventos\/v-mostra-de-pesquisa-cientifica\/#breadcrumb\",\"itemListElement\":[{\"@type\":\"ListItem\",\"position\":1,\"name\":\"Escola de Sa\u00fade P\u00fablica (Esap)\",\"item\":\"https:\/\/www.manaus.am.gov.br\/semsa\/escola-de-saude-publica\/\"},{\"@type\":\"ListItem\",\"position\":2,\"name\":\"Eventos\",\"item\":\"https:\/\/www.manaus.am.gov.br\/semsa\/escola-de-saude-publica\/eventos\/\"},{\"@type\":\"ListItem\",\"position\":3,\"name\":\"V Mostra de Pesquisa Cient\u00edfica\"}]},{\"@type\":\"WebSite\",\"@id\":\"https:\/\/www.manaus.am.gov.br\/semsa\/#website\",\"url\":\"https:\/\/www.manaus.am.gov.br\/semsa\/\",\"name\":\"SEMSA\",\"description\":\"Secretaria Municipal de Sa\u00fade\",\"alternateName\":\"Secretaria Municipal de Sa\u00fade\",\"potentialAction\":[{\"@type\":\"SearchAction\",\"target\":{\"@type\":\"EntryPoint\",\"urlTemplate\":\"https:\/\/www.manaus.am.gov.br\/semsa\/?s={search_term_string}\"},\"query-input\":\"required name=search_term_string\"}],\"inLanguage\":\"pt-BR\"}]}<\/script>\n<!-- \/ Yoast SEO plugin. -->","yoast_head_json":{"title":"V Mostra de Pesquisa Cient\u00edfica - SEMSA","robots":{"index":"index","follow":"follow","max-snippet":"max-snippet:-1","max-image-preview":"max-image-preview:large","max-video-preview":"max-video-preview:-1"},"canonical":"https:\/\/www.manaus.am.gov.br\/semsa\/escola-de-saude-publica\/eventos\/v-mostra-de-pesquisa-cientifica\/","og_locale":"pt_BR","og_type":"article","og_title":"V Mostra de Pesquisa Cient\u00edfica - SEMSA","og_url":"https:\/\/www.manaus.am.gov.br\/semsa\/escola-de-saude-publica\/eventos\/v-mostra-de-pesquisa-cientifica\/","og_site_name":"SEMSA","article_modified_time":"2024-05-24T20:20:17+00:00","og_image":[{"url":"https:\/\/www.manaus.am.gov.br\/semsa\/wp-content\/uploads\/sites\/8\/2023\/01\/Capa-1-01-768x614-1.jpg"}],"twitter_card":"summary_large_image","twitter_misc":{"Est. reading time":"2 minutos"},"schema":{"@context":"https:\/\/schema.org","@graph":[{"@type":"WebPage","@id":"https:\/\/www.manaus.am.gov.br\/semsa\/escola-de-saude-publica\/eventos\/v-mostra-de-pesquisa-cientifica\/","url":"https:\/\/www.manaus.am.gov.br\/semsa\/escola-de-saude-publica\/eventos\/v-mostra-de-pesquisa-cientifica\/","name":"V Mostra de Pesquisa Cient\u00edfica - SEMSA","isPartOf":{"@id":"https:\/\/www.manaus.am.gov.br\/semsa\/#website"},"primaryImageOfPage":{"@id":"https:\/\/www.manaus.am.gov.br\/semsa\/escola-de-saude-publica\/eventos\/v-mostra-de-pesquisa-cientifica\/#primaryimage"},"image":{"@id":"https:\/\/www.manaus.am.gov.br\/semsa\/escola-de-saude-publica\/eventos\/v-mostra-de-pesquisa-cientifica\/#primaryimage"},"thumbnailUrl":"https:\/\/www.manaus.am.gov.br\/semsa\/wp-content\/uploads\/sites\/8\/2023\/01\/Capa-1-01-768x614-1.jpg","datePublished":"2023-01-19T19:21:03+00:00","dateModified":"2024-05-24T20:20:17+00:00","breadcrumb":{"@id":"https:\/\/www.manaus.am.gov.br\/semsa\/escola-de-saude-publica\/eventos\/v-mostra-de-pesquisa-cientifica\/#breadcrumb"},"inLanguage":"pt-BR","potentialAction":[{"@type":"ReadAction","target":["https:\/\/www.manaus.am.gov.br\/semsa\/escola-de-saude-publica\/eventos\/v-mostra-de-pesquisa-cientifica\/"]}]},{"@type":"ImageObject","inLanguage":"pt-BR","@id":"https:\/\/www.manaus.am.gov.br\/semsa\/escola-de-saude-publica\/eventos\/v-mostra-de-pesquisa-cientifica\/#primaryimage","url":"https:\/\/www.manaus.am.gov.br\/semsa\/wp-content\/uploads\/sites\/8\/2023\/01\/Capa-1-01-768x614-1.jpg","contentUrl":"https:\/\/www.manaus.am.gov.br\/semsa\/wp-content\/uploads\/sites\/8\/2023\/01\/Capa-1-01-768x614-1.jpg","width":768,"height":614},{"@type":"BreadcrumbList","@id":"https:\/\/www.manaus.am.gov.br\/semsa\/escola-de-saude-publica\/eventos\/v-mostra-de-pesquisa-cientifica\/#breadcrumb","itemListElement":[{"@type":"ListItem","position":1,"name":"Escola de Sa\u00fade P\u00fablica (Esap)","item":"https:\/\/www.manaus.am.gov.br\/semsa\/escola-de-saude-publica\/"},{"@type":"ListItem","position":2,"name":"Eventos","item":"https:\/\/www.manaus.am.gov.br\/semsa\/escola-de-saude-publica\/eventos\/"},{"@type":"ListItem","position":3,"name":"V Mostra de Pesquisa Cient\u00edfica"}]},{"@type":"WebSite","@id":"https:\/\/www.manaus.am.gov.br\/semsa\/#website","url":"https:\/\/www.manaus.am.gov.br\/semsa\/","name":"SEMSA","description":"Secretaria Municipal de Sa\u00fade","alternateName":"Secretaria Municipal de Sa\u00fade","potentialAction":[{"@type":"SearchAction","target":{"@type":"EntryPoint","urlTemplate":"https:\/\/www.manaus.am.gov.br\/semsa\/?s={search_term_string}"},"query-input":"required name=search_term_string"}],"inLanguage":"pt-BR"}]}},"_links":{"self":[{"href":"https:\/\/www.manaus.am.gov.br\/semsa\/wp-json\/wp\/v2\/pages\/209255"}],"collection":[{"href":"https:\/\/www.manaus.am.gov.br\/semsa\/wp-json\/wp\/v2\/pages"}],"about":[{"href":"https:\/\/www.manaus.am.gov.br\/semsa\/wp-json\/wp\/v2\/types\/page"}],"author":[{"embeddable":true,"href":"https:\/\/www.manaus.am.gov.br\/semsa\/wp-json\/wp\/v2\/users\/27"}],"replies":[{"embeddable":true,"href":"https:\/\/www.manaus.am.gov.br\/semsa\/wp-json\/wp\/v2\/comments?post=209255"}],"version-history":[{"count":14,"href":"https:\/\/www.manaus.am.gov.br\/semsa\/wp-json\/wp\/v2\/pages\/209255\/revisions"}],"predecessor-version":[{"id":216188,"href":"https:\/\/www.manaus.am.gov.br\/semsa\/wp-json\/wp\/v2\/pages\/209255\/revisions\/216188"}],"up":[{"embeddable":true,"href":"https:\/\/www.manaus.am.gov.br\/semsa\/wp-json\/wp\/v2\/pages\/215247"}],"wp:attachment":[{"href":"https:\/\/www.manaus.am.gov.br\/semsa\/wp-json\/wp\/v2\/media?parent=209255"}],"curies":[{"name":"wp","href":"https:\/\/api.w.org\/{rel}","templated":true}]}}