{"id":209102,"date":"2023-01-19T08:40:17","date_gmt":"2023-01-19T12:40:17","guid":{"rendered":"https:\/\/www.manaus.am.gov.br\/semsa\/?page_id=209102"},"modified":"2026-02-25T11:10:06","modified_gmt":"2026-02-25T15:10:06","slug":"vigilancia-em-saude-do-trabalhador","status":"publish","type":"page","link":"https:\/\/www.manaus.am.gov.br\/semsa\/vigilancia\/vigilancia-em-saude-do-trabalhador\/","title":{"rendered":"Sa\u00fade do Trabalhador"},"content":{"rendered":"\n<ul>\n<li><a href=\"https:\/\/www.manaus.am.gov.br\/semsa\/programas-e-servicos\/saude-do-trabalhador\/folders\/\">Folders<\/a><\/li>\n\n\n\n<li><a href=\"https:\/\/www.manaus.am.gov.br\/semsa\/wp-content\/uploads\/sites\/8\/2026\/01\/Boletim-Anual-2025-CEREST-Regional-Manaus_final-2.pdf\">Boletim Informativo &#8211; Sa\u00fade do Trabalhador diante das Condi\u00e7\u00f5es Clim\u00e1ticas &#8211; 2025<\/a><\/li>\n\n\n\n<li><a href=\"https:\/\/www.manaus.am.gov.br\/semsa\/wp-content\/uploads\/sites\/8\/2025\/11\/BOLETIM-OBITOS-2022-A-2025_versao-final.pdf\">Boletim Informativo &#8211; Investiga\u00e7\u00f5es de \u00d3bitos Relacionados ao Trabalho &#8211; 2022 a 2025<\/a><\/li>\n\n\n\n<li><a href=\"https:\/\/www.manaus.am.gov.br\/semsa\/wp-content\/uploads\/sites\/8\/2025\/10\/ANA\u0301LISE-BOLETIM-2o-QDM-2025-final.pdf\">Boletim Epidemiol\u00f3gico  &#8211; Sa\u00fade do Trabalhador &#8211; 2\u00ba Quadrimestre &#8211; 2025<\/a><\/li>\n\n\n\n<li><a href=\"https:\/\/www.manaus.am.gov.br\/semsa\/wp-content\/uploads\/sites\/8\/2025\/08\/Boletim-Informativo.pdf\">Boletim Informativo &#8211; Integra\u00e7\u00e3o das A\u00e7\u00f5es VAPT e VESAT<\/a><\/li>\n\n\n\n<li><a href=\"https:\/\/www.manaus.am.gov.br\/semsa\/wp-content\/uploads\/sites\/8\/2025\/07\/Darts_Cerest.pdf\">An\u00e1lise Epidemiol\u00f3gica das DARTS<\/a><\/li>\n\n\n\n<li><a href=\"https:\/\/www.manaus.am.gov.br\/semsa\/wp-content\/uploads\/sites\/8\/2025\/07\/ANALISE-BOLETIM-1o-QDM-2025.pdf\">Boletim Epidemiol\u00f3gico  &#8211; Sa\u00fade do Trabalhador &#8211; 1\u00ba Quadrimestre &#8211; 2025<\/a><\/li>\n\n\n\n<li><a href=\"https:\/\/www.manaus.am.gov.br\/semsa\/wp-content\/uploads\/sites\/8\/2025\/07\/Boletim-Epidemiologico-AT-com-Animais-Peconhentos.pdf\">Boletim Epidemiol\u00f3gico &#8211; AT com Animais Pe\u00e7onhentos<\/a><\/li>\n\n\n\n<li><a href=\"https:\/\/www.manaus.am.gov.br\/semsa\/wp-content\/uploads\/sites\/8\/2025\/07\/Boletim-Abril-Verde-2025-Cerest.pdf\">Boletim Informativo Abril Verde &#8211; 2025<\/a><\/li>\n\n\n\n<li><a href=\"https:\/\/www.manaus.am.gov.br\/semsa\/wp-content\/uploads\/sites\/8\/2024\/12\/BOLETIM-INFORMATIVO-ABRIL-VERDE-2024.pdf\">Boletim Informativo Abril Verde &#8211; 2024<\/a><\/li>\n\n\n\n<li><a href=\"https:\/\/www.manaus.am.gov.br\/semsa\/wp-content\/uploads\/sites\/8\/2025\/07\/Boletim-Epidemiologico-Erradicacao-do-Trabalho-Infantil-2020-a-2024-versao-final.pdf\">Boletim Epidemiol\u00f3gico &#8211; Erradica\u00e7\u00e3o do Trabalho Infantil 2020 a 2024<\/a><\/li>\n\n\n\n<li><a href=\"https:\/\/www.manaus.am.gov.br\/semsa\/wp-content\/uploads\/sites\/8\/2025\/01\/Boletim-Epidemiologico-Anual-2024-1.pdf\">Boletim Epidemiol\u00f3gico &#8211; 3\u00ba Quadrimestre &#8211; 2024<\/a><\/li>\n\n\n\n<li><a href=\"https:\/\/www.manaus.am.gov.br\/semsa\/wp-content\/uploads\/sites\/8\/2024\/12\/BOLETIM-EPIDEMIOLOGICO-2o-QDM-2024.pdf\">Boletim Epidemiol\u00f3gico &#8211; 2\u00ba Quadrimestre &#8211; 2024<\/a><\/li>\n\n\n\n<li><a href=\"https:\/\/www.manaus.am.gov.br\/semsa\/wp-content\/uploads\/sites\/8\/2024\/12\/BOLETIM-EPIDEMIOLOGICO-1o-QDM-2024.pdf\">Boletim Epidemiol\u00f3gico &#8211; 1\u00ba Quadrimestre &#8211; 2024<\/a><\/li>\n\n\n\n<li><a href=\"https:\/\/www.manaus.am.gov.br\/semsa\/wp-content\/uploads\/sites\/8\/2025\/01\/BOLETIM-EPIDEMIOLO\u0301GICO-3o-QUADRIMESTRE-DE-2023.pdf\">Boletim Epidemiol\u00f3gico &#8211; 3\u00ba Quadrimestre \u2013 2023<\/a><\/li>\n\n\n\n<li><a href=\"https:\/\/www.manaus.am.gov.br\/semsa\/wp-content\/uploads\/sites\/8\/2024\/04\/Boletim_Epidemiolo\u0301gico-2023-2-CEREST-Manaus-1.pdf\">Boletim Epidemiol\u00f3gico &#8211; 2\u00ba Quadrimestre \u2013 2023<\/a><\/li>\n\n\n\n<li><a href=\"https:\/\/www.manaus.am.gov.br\/semsa\/wp-content\/uploads\/sites\/8\/2024\/04\/Boletim_Epidemiolo\u0301gico-2023-1-CEREST-Manaus-1-1.pdf\">Boletim Epidemiol\u00f3gico &#8211; 1\u00ba Quadrimestre \u2013 2023<\/a><\/li>\n\n\n\n<li><a href=\"https:\/\/www.manaus.am.gov.br\/semsa\/wp-content\/uploads\/sites\/8\/2024\/04\/Boletim_Epidemiologico-2022-CEREST-Manaus-1.pdf\">Boletim Epidemiol\u00f3gico  2022<\/a><\/li>\n\n\n\n<li><a href=\"https:\/\/www.manaus.am.gov.br\/semsa\/wp-content\/uploads\/sites\/8\/2023\/01\/Junho_01BoletimCerest-1.pdf\" target=\"_blank\" rel=\"noreferrer noopener\">Boletim Consequ\u00eancias do Trabalho Infantil<\/a><\/li>\n\n\n\n<li><a href=\"https:\/\/www.manaus.am.gov.br\/semsa\/vigilancia-em-saude-do-trabalhador\/fichas-de-notificacao-sinan\/\" target=\"_blank\" rel=\"noreferrer noopener\">Fichas de Notifica\u00e7\u00e3o &#8211; SINAN<\/a><\/li>\n\n\n\n<li><a href=\"https:\/\/www.manaus.am.gov.br\/semsa\/wp-content\/uploads\/sites\/8\/2024\/02\/Perguntas-e-Respostas-atualizadas-2023-1.pdf\">Perguntas e Respostas<\/a><\/li>\n\n\n\n<li><a href=\"https:\/\/colaboradsaste.saude.gov.br\/\" target=\"_blank\" rel=\"noreferrer noopener\">Colabora DSASTE<\/a><\/li>\n\n\n\n<li><a href=\"https:\/\/www.manaus.am.gov.br\/semsa\/vigilancia\/material-educativo\/\">Material Educativo<\/a><\/li>\n\n\n\n<li><a href=\"https:\/\/www.manaus.am.gov.br\/semsa\/wp-content\/uploads\/sites\/8\/2024\/02\/GUIA-RAPIDO-PARA-PROFISSIONAIS-DA-RAS-2-1.pdf\">Guia r\u00e1pido para profissionais do RAS<\/a><\/li>\n\n\n\n<li><a href=\"https:\/\/www.manaus.am.gov.br\/semsa\/wp-content\/uploads\/sites\/8\/2024\/12\/OS-10-AGRAVOS-RELACIONADOS-AO-TRABALHO-1.pdf\">Os dez agravos relacionados ao trabalho<\/a><\/li>\n\n\n\n<li><a href=\"https:\/\/www.manaus.am.gov.br\/semsa\/wp-content\/uploads\/sites\/8\/2024\/12\/ORIENTACOES-RAPIDAS-PARA-QUALIFICACAO-DAS-FICHAS-1.pdf\">Orienta\u00e7\u00f5es r\u00e1pidas para qualifica\u00e7\u00e3o das fichas<\/a><\/li>\n\n\n\n<li><a href=\"https:\/\/www.manaus.am.gov.br\/semsa\/wp-content\/uploads\/sites\/8\/2024\/12\/Guia-rapido-para-preenchimento-da-CNAE-1.pdf\">Guia r\u00e1pido para preenchimento da CNAE\u00a0<\/a><\/li>\n\n\n\n<li><a href=\"https:\/\/www.manaus.am.gov.br\/semsa\/wp-content\/uploads\/sites\/8\/2024\/12\/Guia-de-Legislacoes-Vig.-em-Saude-do-Trabalhador.pdf\">Guia de Legisla\u00e7\u00f5es Vig. em Sa\u00fade do Trabalhador<\/a><\/li>\n\n\n\n<li><a href=\"https:\/\/www.manaus.am.gov.br\/semsa\/wp-content\/uploads\/sites\/8\/2024\/12\/GUIA-DE-ESCLARECIMENTO-DUVIDAS.pdf\">Guia de esclarecimento de d\u00favidas<\/a><\/li>\n\n\n\n<li><a href=\"https:\/\/www.manaus.am.gov.br\/semsa\/wp-content\/uploads\/sites\/8\/2024\/12\/FLY-ACIDENTES-OCUPACIONAIS.png\">Fly &#8211; acidentes ocupacionais<\/a><\/li>\n<\/ul>\n\n\n\n<p><\/p>\n\n\n\n<p><\/p>\n","protected":false},"excerpt":{"rendered":"","protected":false},"author":27,"featured_media":0,"parent":211549,"menu_order":0,"comment_status":"closed","ping_status":"closed","template":"templates\/turismo.php","meta":{"footnotes":""},"acf":[],"yoast_head":"<!-- This site is optimized with the Yoast SEO plugin v23.0 - https:\/\/yoast.com\/wordpress\/plugins\/seo\/ -->\n<title>Sa\u00fade do Trabalhador - SEMSA<\/title>\n<meta name=\"robots\" content=\"index, follow, max-snippet:-1, max-image-preview:large, max-video-preview:-1\" \/>\n<link rel=\"canonical\" href=\"https:\/\/www.manaus.am.gov.br\/semsa\/vigilancia\/vigilancia-em-saude-do-trabalhador\/\" \/>\n<meta property=\"og:locale\" content=\"pt_BR\" \/>\n<meta property=\"og:type\" content=\"article\" \/>\n<meta property=\"og:title\" content=\"Sa\u00fade do Trabalhador - SEMSA\" \/>\n<meta property=\"og:url\" content=\"https:\/\/www.manaus.am.gov.br\/semsa\/vigilancia\/vigilancia-em-saude-do-trabalhador\/\" \/>\n<meta property=\"og:site_name\" content=\"SEMSA\" \/>\n<meta property=\"article:modified_time\" content=\"2026-02-25T15:10:06+00:00\" \/>\n<meta property=\"og:image\" content=\"https:\/\/www.manaus.am.gov.br\/semsa\/wp-content\/uploads\/sites\/8\/2024\/07\/thumb-default-2.png\" \/>\n\t<meta property=\"og:image:width\" content=\"966\" \/>\n\t<meta property=\"og:image:height\" content=\"520\" \/>\n\t<meta property=\"og:image:type\" content=\"image\/png\" \/>\n<meta name=\"twitter:card\" content=\"summary_large_image\" \/>\n<meta name=\"twitter:label1\" content=\"Est. reading time\" \/>\n\t<meta name=\"twitter:data1\" content=\"1 minuto\" \/>\n<script type=\"application\/ld+json\" class=\"yoast-schema-graph\">{\"@context\":\"https:\/\/schema.org\",\"@graph\":[{\"@type\":\"WebPage\",\"@id\":\"https:\/\/www.manaus.am.gov.br\/semsa\/vigilancia\/vigilancia-em-saude-do-trabalhador\/\",\"url\":\"https:\/\/www.manaus.am.gov.br\/semsa\/vigilancia\/vigilancia-em-saude-do-trabalhador\/\",\"name\":\"Sa\u00fade do Trabalhador - SEMSA\",\"isPartOf\":{\"@id\":\"https:\/\/www.manaus.am.gov.br\/semsa\/#website\"},\"datePublished\":\"2023-01-19T12:40:17+00:00\",\"dateModified\":\"2026-02-25T15:10:06+00:00\",\"breadcrumb\":{\"@id\":\"https:\/\/www.manaus.am.gov.br\/semsa\/vigilancia\/vigilancia-em-saude-do-trabalhador\/#breadcrumb\"},\"inLanguage\":\"pt-BR\",\"potentialAction\":[{\"@type\":\"ReadAction\",\"target\":[\"https:\/\/www.manaus.am.gov.br\/semsa\/vigilancia\/vigilancia-em-saude-do-trabalhador\/\"]}]},{\"@type\":\"BreadcrumbList\",\"@id\":\"https:\/\/www.manaus.am.gov.br\/semsa\/vigilancia\/vigilancia-em-saude-do-trabalhador\/#breadcrumb\",\"itemListElement\":[{\"@type\":\"ListItem\",\"position\":1,\"name\":\"Vigil\u00e2ncia\",\"item\":\"https:\/\/www.manaus.am.gov.br\/semsa\/vigilancia\/\"},{\"@type\":\"ListItem\",\"position\":2,\"name\":\"Sa\u00fade do Trabalhador\"}]},{\"@type\":\"WebSite\",\"@id\":\"https:\/\/www.manaus.am.gov.br\/semsa\/#website\",\"url\":\"https:\/\/www.manaus.am.gov.br\/semsa\/\",\"name\":\"SEMSA\",\"description\":\"Secretaria Municipal de Sa\u00fade\",\"alternateName\":\"Secretaria Municipal de Sa\u00fade\",\"potentialAction\":[{\"@type\":\"SearchAction\",\"target\":{\"@type\":\"EntryPoint\",\"urlTemplate\":\"https:\/\/www.manaus.am.gov.br\/semsa\/?s={search_term_string}\"},\"query-input\":\"required name=search_term_string\"}],\"inLanguage\":\"pt-BR\"}]}<\/script>\n<!-- \/ Yoast SEO plugin. -->","yoast_head_json":{"title":"Sa\u00fade do Trabalhador - SEMSA","robots":{"index":"index","follow":"follow","max-snippet":"max-snippet:-1","max-image-preview":"max-image-preview:large","max-video-preview":"max-video-preview:-1"},"canonical":"https:\/\/www.manaus.am.gov.br\/semsa\/vigilancia\/vigilancia-em-saude-do-trabalhador\/","og_locale":"pt_BR","og_type":"article","og_title":"Sa\u00fade do Trabalhador - SEMSA","og_url":"https:\/\/www.manaus.am.gov.br\/semsa\/vigilancia\/vigilancia-em-saude-do-trabalhador\/","og_site_name":"SEMSA","article_modified_time":"2026-02-25T15:10:06+00:00","og_image":[{"width":966,"height":520,"url":"https:\/\/www.manaus.am.gov.br\/semsa\/wp-content\/uploads\/sites\/8\/2024\/07\/thumb-default-2.png","type":"image\/png"}],"twitter_card":"summary_large_image","twitter_misc":{"Est. reading time":"1 minuto"},"schema":{"@context":"https:\/\/schema.org","@graph":[{"@type":"WebPage","@id":"https:\/\/www.manaus.am.gov.br\/semsa\/vigilancia\/vigilancia-em-saude-do-trabalhador\/","url":"https:\/\/www.manaus.am.gov.br\/semsa\/vigilancia\/vigilancia-em-saude-do-trabalhador\/","name":"Sa\u00fade do Trabalhador - SEMSA","isPartOf":{"@id":"https:\/\/www.manaus.am.gov.br\/semsa\/#website"},"datePublished":"2023-01-19T12:40:17+00:00","dateModified":"2026-02-25T15:10:06+00:00","breadcrumb":{"@id":"https:\/\/www.manaus.am.gov.br\/semsa\/vigilancia\/vigilancia-em-saude-do-trabalhador\/#breadcrumb"},"inLanguage":"pt-BR","potentialAction":[{"@type":"ReadAction","target":["https:\/\/www.manaus.am.gov.br\/semsa\/vigilancia\/vigilancia-em-saude-do-trabalhador\/"]}]},{"@type":"BreadcrumbList","@id":"https:\/\/www.manaus.am.gov.br\/semsa\/vigilancia\/vigilancia-em-saude-do-trabalhador\/#breadcrumb","itemListElement":[{"@type":"ListItem","position":1,"name":"Vigil\u00e2ncia","item":"https:\/\/www.manaus.am.gov.br\/semsa\/vigilancia\/"},{"@type":"ListItem","position":2,"name":"Sa\u00fade do Trabalhador"}]},{"@type":"WebSite","@id":"https:\/\/www.manaus.am.gov.br\/semsa\/#website","url":"https:\/\/www.manaus.am.gov.br\/semsa\/","name":"SEMSA","description":"Secretaria Municipal de Sa\u00fade","alternateName":"Secretaria Municipal de Sa\u00fade","potentialAction":[{"@type":"SearchAction","target":{"@type":"EntryPoint","urlTemplate":"https:\/\/www.manaus.am.gov.br\/semsa\/?s={search_term_string}"},"query-input":"required name=search_term_string"}],"inLanguage":"pt-BR"}]}},"_links":{"self":[{"href":"https:\/\/www.manaus.am.gov.br\/semsa\/wp-json\/wp\/v2\/pages\/209102"}],"collection":[{"href":"https:\/\/www.manaus.am.gov.br\/semsa\/wp-json\/wp\/v2\/pages"}],"about":[{"href":"https:\/\/www.manaus.am.gov.br\/semsa\/wp-json\/wp\/v2\/types\/page"}],"author":[{"embeddable":true,"href":"https:\/\/www.manaus.am.gov.br\/semsa\/wp-json\/wp\/v2\/users\/27"}],"replies":[{"embeddable":true,"href":"https:\/\/www.manaus.am.gov.br\/semsa\/wp-json\/wp\/v2\/comments?post=209102"}],"version-history":[{"count":47,"href":"https:\/\/www.manaus.am.gov.br\/semsa\/wp-json\/wp\/v2\/pages\/209102\/revisions"}],"predecessor-version":[{"id":227746,"href":"https:\/\/www.manaus.am.gov.br\/semsa\/wp-json\/wp\/v2\/pages\/209102\/revisions\/227746"}],"up":[{"embeddable":true,"href":"https:\/\/www.manaus.am.gov.br\/semsa\/wp-json\/wp\/v2\/pages\/211549"}],"wp:attachment":[{"href":"https:\/\/www.manaus.am.gov.br\/semsa\/wp-json\/wp\/v2\/media?parent=209102"}],"curies":[{"name":"wp","href":"https:\/\/api.w.org\/{rel}","templated":true}]}}