{"id":208799,"date":"2023-01-18T09:41:40","date_gmt":"2023-01-18T13:41:40","guid":{"rendered":"https:\/\/www.manaus.am.gov.br\/semsa\/?page_id=208799"},"modified":"2023-05-12T15:37:06","modified_gmt":"2023-05-12T19:37:06","slug":"saiba-mais-sobre-a-influenza","status":"publish","type":"page","link":"https:\/\/www.manaus.am.gov.br\/semsa\/cievs\/saiba-mais-sobre-a-influenza\/","title":{"rendered":"Saiba mais sobre a Influenza"},"content":{"rendered":"\n<h2 class=\"wp-block-heading\">Sinais e Sintomas<\/h2>\n\n\n\n<p>Considerada uma infec\u00e7\u00e3o viral aguda que afeta o sistema respirat\u00f3rio, caracterizada por febre alta de in\u00edcio s\u00fabito, acompanhado por intensas dores musculares e articulares, dor de cabe\u00e7a, dor de garganta e coriza.<\/p>\n\n\n\n<p>Os sintomas podem evoluir para falta de ar e outras complica\u00e7\u00f5es respirat\u00f3rias. As pessoas que possuem algum fator de risco para complica\u00e7\u00f5es ou alguma imunodefici\u00eancia \u2013 possuem um risco maior e podem apresentar complica\u00e7\u00f5es respirat\u00f3rias associadas \u00e0 infec\u00e7\u00e3o viral.<\/p>\n\n\n\n<p>A gripe \u00e9 transmitida pessoa a pessoa, ao falar, tossir, espirrar, principalmente, e pelas m\u00e3os que transmitem o v\u00edrus por contato direto ou contaminando superf\u00edcie e objetos. Fatores de Risco \u2013 popula\u00e7\u00f5es mais suscet\u00edveis para o agravamento das s\u00edndromes gripais.<\/p>\n\n\n\n<p>A popula\u00e7\u00e3o ind\u00edgena, gestantes, pu\u00e9rperas, crian\u00e7as menores de dois anos e idosos s\u00e3o considerados p\u00fablico de maior risco, assim como pessoas que apresentam condi\u00e7\u00f5es como pneumopatias (incluindo asma), cardiovasculopatias, doen\u00e7as hematol\u00f3gicas, dist\u00farbios metab\u00f3licos, transtornos neurol\u00f3gicos e do desenvolvimento que possam comprometer a fun\u00e7\u00e3o respirat\u00f3ria, imunossupress\u00e3o, obesidade, nefropatias e hematopatias.<\/p>\n\n\n\n<h2 class=\"wp-block-heading\">Medidas de Controle<\/h2>\n\n\n\n<p>Recomenda-se a lavagem frequente das m\u00e3os antes de tocar em mucosas (olhos, boca e nariz) e ap\u00f3s espirrar, o uso de len\u00e7os de papel (descart\u00e1vel) para proteger boca e nariz ao espirrar, uso de \u00e1lcool gel, indiv\u00edduos doentes devem manter repouso, alimenta\u00e7\u00e3o balanceada e ingest\u00e3o de l\u00edquidos adequada, e evitar contato com outras pessoas em ambientes fechados e aglomerados, evitar a exposi\u00e7\u00e3o de menores de cinco anos ao clima chuvoso, manter ambientes bem ventilados, caso o indiv\u00edduo apresente febre, tosse, dor de garganta, falta de ar ou qualquer outro sintoma associado deve procurar o servi\u00e7o de sa\u00fade para melhor avalia\u00e7\u00e3o.<\/p>\n\n\n\n<h2 class=\"wp-block-heading\">Perguntas e Respostas:<\/h2>\n\n\n\n<p>As principais d\u00favidas referentes \u00e0s s\u00edndromes gripais e v\u00edrus H1N1<\/p>\n\n\n\n<p>O aumento repentino no n\u00famero de casos de pessoas com Influenza, e \u00f3bitos causados por s\u00edndromes gripais, mesmo que num per\u00edodo comum de ocorrerem \u2013 a \u00e9poca de chuvas \u2013 desperta muitos questionamentos sobre como proceder, onde buscar ajuda, como se prevenir, o que \u00e9 verdade e o que n\u00e3o \u00e9 com rela\u00e7\u00e3o a essas gripes. Preparamos 15 perguntas e respostas para ajudar a esclarecer melhor essas d\u00favidas:<\/p>\n\n\n\n<ol>\n<li><strong>Tomei a vacina ano passado, devo tomar esse ano?<\/strong><br>A vacina muda a composi\u00e7\u00e3o a cada ano, por isso deve ser administrada anualmente.<\/li>\n\n\n\n<li><strong>Quando as vacinas chegarem, quem poder\u00e1 tomar?<\/strong><br>Apenas os grupos priorit\u00e1rios, conforme o que \u00e9 preconizado pelo Minist\u00e9rio da Sa\u00fade: crian\u00e7as na faixa et\u00e1ria de 6 meses a menores de 6 anos; gestantes; idosos; pu\u00e9rperas at\u00e9 45 dias p\u00f3s parto; pessoas com comorbidades e s\u00edndromes; professores; profissionais da sa\u00fade; pessoas e adolescentes em regime de reclus\u00e3o; ind\u00edgenas aldeados e obesos com IMC (\u00cdndice de Massa Corporal) acima de 40.<\/li>\n\n\n\n<li><strong>N\u00e3o estou no grupo priorit\u00e1rio, o que devo fazer?<\/strong><br>Tomar as precau\u00e7\u00f5es universais para prevenir a s\u00edndrome gripal. A vacina tamb\u00e9m est\u00e1 dispon\u00edvel na rede particular.<\/li>\n\n\n\n<li><strong>Quais s\u00e3o os sintomas da Influenza A?<\/strong><br>Febre, dor muscular e tosse seca. Em geral, tem evolu\u00e7\u00e3o por per\u00edodo limitado, de um a quatro dias, mas pode se apresentar de forma grave.<\/li>\n\n\n\n<li><strong>Quanto tempo devo esperar para ir a uma unidade de sa\u00fade ap\u00f3s o surgimento de algum sintoma?<\/strong><br>O ideal \u00e9 procurar o quanto antes, em especial se al\u00e9m dos sintomas acima apresentar dificuldade respirat\u00f3ria.<\/li>\n\n\n\n<li><strong>Como saber se meu caso se agravou?<\/strong><br>\u00c9 necess\u00e1ria uma avalia\u00e7\u00e3o de um profissional de sa\u00fade para identificar sinais de gravidade do quadro de s\u00edndrome gripal.<\/li>\n\n\n\n<li><strong>Fui ao m\u00e9dico particular, que diagnosticou Influenza A. Como consigo o antiviral? \u00c9 poss\u00edvel comprar em farm\u00e1cia?<\/strong><br>O diagn\u00f3stico de Influenza s\u00f3 \u00e9 poss\u00edvel com a coleta de amostra de nasofaringe, exame indicado apenas para pacientes internados. Por\u00e9m, o diagn\u00f3stico cl\u00ednico de uma s\u00edndrome gripal pode ser dado em uma consulta m\u00e9dica. O antiviral \u00e9 distribu\u00eddo gratuitamente pelo SUS, mediante prescri\u00e7\u00e3o m\u00e9dica. N\u00e3o \u00e9 comercializado em farm\u00e1cias.<\/li>\n\n\n\n<li><strong>O que devo apresentar, caso tenha que pegar o rem\u00e9dio?<\/strong><br>Se voc\u00ea estiver com quadro de s\u00edndrome gripal e fizer parte do grupo que possui indica\u00e7\u00e3o para uso do Tamiflu, pode receber nos hospitais p\u00fablicos e em 23 UBS da Sems, com prescri\u00e7\u00e3o m\u00e9dica simples em duas vias. \u00c9 preciso apresentar documento de identifica\u00e7\u00e3o e Cart\u00e3o do SUS.<\/li>\n\n\n\n<li><strong>\u00c9 verdade que o ch\u00e1 de erva doce combate o H1N1?<\/strong><br>De acordo com orienta\u00e7\u00e3o do Minist\u00e9rio da Sa\u00fade, n\u00e3o existe essa comprova\u00e7\u00e3o cient\u00edfica.<\/li>\n\n\n\n<li><strong>Realizar lavagem nasal, com soro fisiol\u00f3gico, diminui as chances de contrair o v\u00edrus?<\/strong><br>A limpeza das vias a\u00e9reas \u00e9 muito importante quando voc\u00ea est\u00e1 com s\u00edndrome gripal, por\u00e9m n\u00e3o \u00e9 medida de preven\u00e7\u00e3o.<\/li>\n\n\n\n<li><strong>Quantas vezes ao dia devo passar o \u00e1lcool em gel nas m\u00e3os?<\/strong><br>Frequentemente, em especial ap\u00f3s tossir ou espirrar, cumprimentar e tocar em objetos de uso comum.<\/li>\n\n\n\n<li><strong>Quais os cuidados que devo tomar nos locais onde h\u00e1 concentra\u00e7\u00e3o de muitas pessoas, como \u00f4nibus, festas, shoppings?<\/strong><br>Hidrata\u00e7\u00e3o adequada, evitar tocar olhos, nariz e boca, e lavar frequentemente as m\u00e3os ou usar \u00e1lcool em gel.<\/li>\n\n\n\n<li><strong>Estou em tratamento com o antiviral, posso sair?<\/strong><br>Somente ap\u00f3s 24 h da cessa\u00e7\u00e3o da febre e se for realmente necess\u00e1rio.<\/li>\n\n\n\n<li><strong>Estou tomando medica\u00e7\u00e3o antiviral posso consumir bebida alco\u00f3lica?<\/strong><br>O uso da bebida alco\u00f3lica n\u00e3o \u00e9 recomendado durante o uso de qualquer medicamento.<\/li>\n\n\n\n<li><strong>Somente o uso do \u00e1lcool em gel elimina as chances de contamina\u00e7\u00e3o?<\/strong><br>Sozinho, n\u00e3o. Deve ser acompanhado das demais medidas de preven\u00e7\u00e3o. \u00c9 importante estar com o sistema imunol\u00f3gico refor\u00e7ado, por meio de alimenta\u00e7\u00e3o e hidrata\u00e7\u00e3o adequada, bom sono, repouso e realiza\u00e7\u00e3o de exerc\u00edcios f\u00edsicos.<\/li>\n<\/ol>\n\n\n\n<p><a href=\"https:\/\/www.manaus.am.gov.br\/semsa\/wp-content\/uploads\/sites\/8\/2023\/01\/PERGUNTAS-E-RESPOSTAS-INFLUENZA_NOVO.pdf\" target=\"_blank\" rel=\"noreferrer noopener\">Saiba Mais.<\/a><\/p>\n","protected":false},"excerpt":{"rendered":"","protected":false},"author":27,"featured_media":0,"parent":211573,"menu_order":10,"comment_status":"closed","ping_status":"closed","template":"templates\/prefeitura.php","meta":{"footnotes":""},"acf":[],"yoast_head":"<!-- This site is optimized with the Yoast SEO plugin v23.0 - https:\/\/yoast.com\/wordpress\/plugins\/seo\/ -->\n<title>Saiba mais sobre a Influenza - SEMSA<\/title>\n<meta name=\"robots\" content=\"index, follow, max-snippet:-1, max-image-preview:large, max-video-preview:-1\" \/>\n<link rel=\"canonical\" href=\"https:\/\/www.manaus.am.gov.br\/semsa\/cievs\/saiba-mais-sobre-a-influenza\/\" \/>\n<meta property=\"og:locale\" content=\"pt_BR\" \/>\n<meta property=\"og:type\" content=\"article\" \/>\n<meta property=\"og:title\" content=\"Saiba mais sobre a Influenza - SEMSA\" \/>\n<meta property=\"og:url\" content=\"https:\/\/www.manaus.am.gov.br\/semsa\/cievs\/saiba-mais-sobre-a-influenza\/\" \/>\n<meta property=\"og:site_name\" content=\"SEMSA\" \/>\n<meta property=\"article:modified_time\" content=\"2023-05-12T19:37:06+00:00\" \/>\n<meta property=\"og:image\" content=\"https:\/\/www.manaus.am.gov.br\/semsa\/wp-content\/uploads\/sites\/8\/2024\/07\/thumb-default-2.png\" \/>\n\t<meta property=\"og:image:width\" content=\"966\" \/>\n\t<meta property=\"og:image:height\" content=\"520\" \/>\n\t<meta property=\"og:image:type\" content=\"image\/png\" \/>\n<meta name=\"twitter:card\" content=\"summary_large_image\" \/>\n<meta name=\"twitter:label1\" content=\"Est. reading time\" \/>\n\t<meta name=\"twitter:data1\" content=\"5 minutos\" \/>\n<script type=\"application\/ld+json\" class=\"yoast-schema-graph\">{\"@context\":\"https:\/\/schema.org\",\"@graph\":[{\"@type\":\"WebPage\",\"@id\":\"https:\/\/www.manaus.am.gov.br\/semsa\/cievs\/saiba-mais-sobre-a-influenza\/\",\"url\":\"https:\/\/www.manaus.am.gov.br\/semsa\/cievs\/saiba-mais-sobre-a-influenza\/\",\"name\":\"Saiba mais sobre a Influenza - SEMSA\",\"isPartOf\":{\"@id\":\"https:\/\/www.manaus.am.gov.br\/semsa\/#website\"},\"datePublished\":\"2023-01-18T13:41:40+00:00\",\"dateModified\":\"2023-05-12T19:37:06+00:00\",\"breadcrumb\":{\"@id\":\"https:\/\/www.manaus.am.gov.br\/semsa\/cievs\/saiba-mais-sobre-a-influenza\/#breadcrumb\"},\"inLanguage\":\"pt-BR\",\"potentialAction\":[{\"@type\":\"ReadAction\",\"target\":[\"https:\/\/www.manaus.am.gov.br\/semsa\/cievs\/saiba-mais-sobre-a-influenza\/\"]}]},{\"@type\":\"BreadcrumbList\",\"@id\":\"https:\/\/www.manaus.am.gov.br\/semsa\/cievs\/saiba-mais-sobre-a-influenza\/#breadcrumb\",\"itemListElement\":[{\"@type\":\"ListItem\",\"position\":1,\"name\":\"CIEVS\",\"item\":\"https:\/\/www.manaus.am.gov.br\/semsa\/cievs\/\"},{\"@type\":\"ListItem\",\"position\":2,\"name\":\"Saiba mais sobre a Influenza\"}]},{\"@type\":\"WebSite\",\"@id\":\"https:\/\/www.manaus.am.gov.br\/semsa\/#website\",\"url\":\"https:\/\/www.manaus.am.gov.br\/semsa\/\",\"name\":\"SEMSA\",\"description\":\"Secretaria Municipal de Sa\u00fade\",\"alternateName\":\"Secretaria Municipal de Sa\u00fade\",\"potentialAction\":[{\"@type\":\"SearchAction\",\"target\":{\"@type\":\"EntryPoint\",\"urlTemplate\":\"https:\/\/www.manaus.am.gov.br\/semsa\/?s={search_term_string}\"},\"query-input\":\"required name=search_term_string\"}],\"inLanguage\":\"pt-BR\"}]}<\/script>\n<!-- \/ Yoast SEO plugin. -->","yoast_head_json":{"title":"Saiba mais sobre a Influenza - SEMSA","robots":{"index":"index","follow":"follow","max-snippet":"max-snippet:-1","max-image-preview":"max-image-preview:large","max-video-preview":"max-video-preview:-1"},"canonical":"https:\/\/www.manaus.am.gov.br\/semsa\/cievs\/saiba-mais-sobre-a-influenza\/","og_locale":"pt_BR","og_type":"article","og_title":"Saiba mais sobre a Influenza - SEMSA","og_url":"https:\/\/www.manaus.am.gov.br\/semsa\/cievs\/saiba-mais-sobre-a-influenza\/","og_site_name":"SEMSA","article_modified_time":"2023-05-12T19:37:06+00:00","og_image":[{"width":966,"height":520,"url":"https:\/\/www.manaus.am.gov.br\/semsa\/wp-content\/uploads\/sites\/8\/2024\/07\/thumb-default-2.png","type":"image\/png"}],"twitter_card":"summary_large_image","twitter_misc":{"Est. reading time":"5 minutos"},"schema":{"@context":"https:\/\/schema.org","@graph":[{"@type":"WebPage","@id":"https:\/\/www.manaus.am.gov.br\/semsa\/cievs\/saiba-mais-sobre-a-influenza\/","url":"https:\/\/www.manaus.am.gov.br\/semsa\/cievs\/saiba-mais-sobre-a-influenza\/","name":"Saiba mais sobre a Influenza - SEMSA","isPartOf":{"@id":"https:\/\/www.manaus.am.gov.br\/semsa\/#website"},"datePublished":"2023-01-18T13:41:40+00:00","dateModified":"2023-05-12T19:37:06+00:00","breadcrumb":{"@id":"https:\/\/www.manaus.am.gov.br\/semsa\/cievs\/saiba-mais-sobre-a-influenza\/#breadcrumb"},"inLanguage":"pt-BR","potentialAction":[{"@type":"ReadAction","target":["https:\/\/www.manaus.am.gov.br\/semsa\/cievs\/saiba-mais-sobre-a-influenza\/"]}]},{"@type":"BreadcrumbList","@id":"https:\/\/www.manaus.am.gov.br\/semsa\/cievs\/saiba-mais-sobre-a-influenza\/#breadcrumb","itemListElement":[{"@type":"ListItem","position":1,"name":"CIEVS","item":"https:\/\/www.manaus.am.gov.br\/semsa\/cievs\/"},{"@type":"ListItem","position":2,"name":"Saiba mais sobre a Influenza"}]},{"@type":"WebSite","@id":"https:\/\/www.manaus.am.gov.br\/semsa\/#website","url":"https:\/\/www.manaus.am.gov.br\/semsa\/","name":"SEMSA","description":"Secretaria Municipal de Sa\u00fade","alternateName":"Secretaria Municipal de Sa\u00fade","potentialAction":[{"@type":"SearchAction","target":{"@type":"EntryPoint","urlTemplate":"https:\/\/www.manaus.am.gov.br\/semsa\/?s={search_term_string}"},"query-input":"required name=search_term_string"}],"inLanguage":"pt-BR"}]}},"_links":{"self":[{"href":"https:\/\/www.manaus.am.gov.br\/semsa\/wp-json\/wp\/v2\/pages\/208799"}],"collection":[{"href":"https:\/\/www.manaus.am.gov.br\/semsa\/wp-json\/wp\/v2\/pages"}],"about":[{"href":"https:\/\/www.manaus.am.gov.br\/semsa\/wp-json\/wp\/v2\/types\/page"}],"author":[{"embeddable":true,"href":"https:\/\/www.manaus.am.gov.br\/semsa\/wp-json\/wp\/v2\/users\/27"}],"replies":[{"embeddable":true,"href":"https:\/\/www.manaus.am.gov.br\/semsa\/wp-json\/wp\/v2\/comments?post=208799"}],"version-history":[{"count":2,"href":"https:\/\/www.manaus.am.gov.br\/semsa\/wp-json\/wp\/v2\/pages\/208799\/revisions"}],"predecessor-version":[{"id":208802,"href":"https:\/\/www.manaus.am.gov.br\/semsa\/wp-json\/wp\/v2\/pages\/208799\/revisions\/208802"}],"up":[{"embeddable":true,"href":"https:\/\/www.manaus.am.gov.br\/semsa\/wp-json\/wp\/v2\/pages\/211573"}],"wp:attachment":[{"href":"https:\/\/www.manaus.am.gov.br\/semsa\/wp-json\/wp\/v2\/media?parent=208799"}],"curies":[{"name":"wp","href":"https:\/\/api.w.org\/{rel}","templated":true}]}}