{"id":208753,"date":"2023-01-17T20:31:37","date_gmt":"2023-01-18T00:31:37","guid":{"rendered":"https:\/\/www.manaus.am.gov.br\/semsa\/?page_id=208753"},"modified":"2025-01-21T17:06:49","modified_gmt":"2025-01-21T21:06:49","slug":"acoes-de-extensao","status":"publish","type":"page","link":"https:\/\/www.manaus.am.gov.br\/semsa\/escola-de-saude-publica\/acoes-de-extensao\/","title":{"rendered":"A\u00e7\u00f5es de Extens\u00e3o"},"content":{"rendered":"\n<p>Solicita\u00e7\u00e3o de cen\u00e1rios de pr\u00e1ticas\u00a0da Semsa para atividades de Extens\u00e3o<\/p>\n\n\n\n<p>Entende-se por cen\u00e1rios de pr\u00e1ticas na Semsa as Unidades B\u00e1sicas de Sa\u00fade, Maternidade Moura Tapaj\u00f3z, policl\u00ednicas ou setores\/departamentos que porventura representem espa\u00e7os para execu\u00e7\u00e3o de atividades de extens\u00e3o.<\/p>\n\n\n\n<p><strong>1. Quem pode solicitar cen\u00e1rios de pr\u00e1ticas para realizar atividades de extens\u00e3o?<\/strong><strong><\/strong><\/p>\n\n\n\n<p>As institui\u00e7\u00f5es de Ensino e Pesquisa de natureza p\u00fablica ou privada que possuem programas de extens\u00e3o pr\u00f3prios, por meio do Docente Coordenador da Extens\u00e3o.<\/p>\n\n\n\n<p><strong>2. Quando iniciar as atividades de extens\u00e3o nos cen\u00e1rios de pr\u00e1ticas da Semsa?<\/strong><strong><\/strong><\/p>\n\n\n\n<p>Ap\u00f3s receber o Termo de Autoriza\u00e7\u00e3o para Atividades de Extens\u00e3o, que ser\u00e1 encaminhado para o e-mail informado pelo solicitante.<\/p>\n\n\n\n<p><strong>3. Qual o prazo para libera\u00e7\u00e3o do Termo de Autoriza\u00e7\u00e3o para Atividades de Extens\u00e3o?<\/strong><strong><\/strong><\/p>\n\n\n\n<p>Todas as solicita\u00e7\u00f5es ser\u00e3o submetidas \u00e0 an\u00e1lise de viabilidade ao Comit\u00ea Cient\u00edfico\/Esap, que ter\u00e1 um prazo de at\u00e9 20 dias \u00fateis para manifesta\u00e7\u00e3o.<\/p>\n\n\n\n<p>Este prazo poder\u00e1 sofrer altera\u00e7\u00e3o por motivo de for\u00e7a maior, no interesse da institui\u00e7\u00e3o.<\/p>\n\n\n\n<p><strong>4. Quais s\u00e3o os provedores de e-mails para comunica\u00e7\u00e3o com a Semsa\/Esap?<\/strong><strong><\/strong><\/p>\n\n\n\n<p>O provedor de e-mails da Semsa tem restri\u00e7\u00f5es no recebimento\/envio de mensagens com o provedor de e-mail hotmail. Por isso, sugerimos utilizar quaisquer outros compat\u00edveis como: gmail, yahoo, uol, aol ou da institui\u00e7\u00e3o do solicitante.<\/p>\n\n\n\n<p><strong>5. O que fazer na hip\u00f3tese de altera\u00e7\u00e3o no cronograma de atividades de extens\u00e3o?<\/strong><strong><\/strong><\/p>\n\n\n\n<p>O coordenador deve informar ao Nupes, enviando mensagem para o e-mail:&nbsp;<a href=\"mailto:nupes.semsa@pmm.am.gov.br\" target=\"_blank\" rel=\"noreferrer noopener\">nupes.semsa@manaus.am.gov.br<\/a>, solicitando prorroga\u00e7\u00e3o de seu projeto, se for o caso.<\/p>\n\n\n\n<p><\/p>\n\n\n\n<p><strong>6. Qual o procedimento para submeter atividades de extens\u00e3o no \u00e2mbito da Semsa?<\/strong><\/p>\n\n\n\n<p>Acessar o formul\u00e1rio Google Forms no seguinte endere\u00e7o:&nbsp;<a href=\"https:\/\/forms.gle\/uiVhYFQpZHmK3Uyt5\" target=\"_blank\" rel=\"noreferrer noopener\"><strong>https:\/\/forms.gle\/uiVhYFQpZHmK3Uyt5<\/strong><\/a>.<\/p>\n\n\n\n<p><\/p>\n\n\n\n<p><strong>7. Como proceder no t\u00e9rmino do projeto? <\/strong><\/p>\n\n\n\n<p>O coordenador dever\u00e1 informar ao Nupes que finalizou a atividade, enviando o Relat\u00f3rio Final. O coordenador se compromete, ainda, em apresentar os resultados na Mostra de Extens\u00e3o promovida pela Esap\/Semsa. \u00c9 obrigat\u00f3ria, tamb\u00e9m, a refer\u00eancia nos agradecimentos ao apoio prestado pela Secretaria Municipal de Sa\u00fade em todas as formas de divulga\u00e7\u00e3o, como nas publica\u00e7\u00f5es e nos trabalhos apresentados em eventos de qualquer natureza e meio de comunica\u00e7\u00e3o.<\/p>\n\n\n\n<p><strong>Informa\u00e7\u00f5es<\/strong>:<br><strong>E-mail:<\/strong>\u00a0<a href=\"mailto:nupes.semsa@manaus.am.gov.br\"><strong>nupes.semsa@manaus.am.gov.br<\/strong><\/a><br><strong>Telefone:<\/strong>\u00a0(92) 98842-8247<\/p>\n","protected":false},"excerpt":{"rendered":"","protected":false},"author":27,"featured_media":0,"parent":208859,"menu_order":0,"comment_status":"closed","ping_status":"closed","template":"templates\/prefeitura.php","meta":{"footnotes":""},"acf":[],"yoast_head":"<!-- This site is optimized with the Yoast SEO plugin v23.0 - https:\/\/yoast.com\/wordpress\/plugins\/seo\/ -->\n<title>A\u00e7\u00f5es de Extens\u00e3o - SEMSA<\/title>\n<meta name=\"robots\" content=\"index, follow, max-snippet:-1, max-image-preview:large, max-video-preview:-1\" \/>\n<link rel=\"canonical\" href=\"https:\/\/www.manaus.am.gov.br\/semsa\/escola-de-saude-publica\/acoes-de-extensao\/\" \/>\n<meta property=\"og:locale\" content=\"pt_BR\" \/>\n<meta property=\"og:type\" content=\"article\" \/>\n<meta property=\"og:title\" content=\"A\u00e7\u00f5es de Extens\u00e3o - SEMSA\" \/>\n<meta property=\"og:url\" content=\"https:\/\/www.manaus.am.gov.br\/semsa\/escola-de-saude-publica\/acoes-de-extensao\/\" \/>\n<meta property=\"og:site_name\" content=\"SEMSA\" \/>\n<meta property=\"article:modified_time\" content=\"2025-01-21T21:06:49+00:00\" \/>\n<meta property=\"og:image\" content=\"https:\/\/www.manaus.am.gov.br\/semsa\/wp-content\/uploads\/sites\/8\/2024\/07\/thumb-default-2.png\" \/>\n\t<meta property=\"og:image:width\" content=\"966\" \/>\n\t<meta property=\"og:image:height\" content=\"520\" \/>\n\t<meta property=\"og:image:type\" content=\"image\/png\" \/>\n<meta name=\"twitter:card\" content=\"summary_large_image\" \/>\n<meta name=\"twitter:label1\" content=\"Est. reading time\" \/>\n\t<meta name=\"twitter:data1\" content=\"2 minutos\" \/>\n<script type=\"application\/ld+json\" class=\"yoast-schema-graph\">{\"@context\":\"https:\/\/schema.org\",\"@graph\":[{\"@type\":\"WebPage\",\"@id\":\"https:\/\/www.manaus.am.gov.br\/semsa\/escola-de-saude-publica\/acoes-de-extensao\/\",\"url\":\"https:\/\/www.manaus.am.gov.br\/semsa\/escola-de-saude-publica\/acoes-de-extensao\/\",\"name\":\"A\u00e7\u00f5es de Extens\u00e3o - SEMSA\",\"isPartOf\":{\"@id\":\"https:\/\/www.manaus.am.gov.br\/semsa\/#website\"},\"datePublished\":\"2023-01-18T00:31:37+00:00\",\"dateModified\":\"2025-01-21T21:06:49+00:00\",\"breadcrumb\":{\"@id\":\"https:\/\/www.manaus.am.gov.br\/semsa\/escola-de-saude-publica\/acoes-de-extensao\/#breadcrumb\"},\"inLanguage\":\"pt-BR\",\"potentialAction\":[{\"@type\":\"ReadAction\",\"target\":[\"https:\/\/www.manaus.am.gov.br\/semsa\/escola-de-saude-publica\/acoes-de-extensao\/\"]}]},{\"@type\":\"BreadcrumbList\",\"@id\":\"https:\/\/www.manaus.am.gov.br\/semsa\/escola-de-saude-publica\/acoes-de-extensao\/#breadcrumb\",\"itemListElement\":[{\"@type\":\"ListItem\",\"position\":1,\"name\":\"Escola de Sa\u00fade P\u00fablica (Esap)\",\"item\":\"https:\/\/www.manaus.am.gov.br\/semsa\/escola-de-saude-publica\/\"},{\"@type\":\"ListItem\",\"position\":2,\"name\":\"A\u00e7\u00f5es de Extens\u00e3o\"}]},{\"@type\":\"WebSite\",\"@id\":\"https:\/\/www.manaus.am.gov.br\/semsa\/#website\",\"url\":\"https:\/\/www.manaus.am.gov.br\/semsa\/\",\"name\":\"SEMSA\",\"description\":\"Secretaria Municipal de Sa\u00fade\",\"alternateName\":\"Secretaria Municipal de Sa\u00fade\",\"potentialAction\":[{\"@type\":\"SearchAction\",\"target\":{\"@type\":\"EntryPoint\",\"urlTemplate\":\"https:\/\/www.manaus.am.gov.br\/semsa\/?s={search_term_string}\"},\"query-input\":\"required name=search_term_string\"}],\"inLanguage\":\"pt-BR\"}]}<\/script>\n<!-- \/ Yoast SEO plugin. -->","yoast_head_json":{"title":"A\u00e7\u00f5es de Extens\u00e3o - SEMSA","robots":{"index":"index","follow":"follow","max-snippet":"max-snippet:-1","max-image-preview":"max-image-preview:large","max-video-preview":"max-video-preview:-1"},"canonical":"https:\/\/www.manaus.am.gov.br\/semsa\/escola-de-saude-publica\/acoes-de-extensao\/","og_locale":"pt_BR","og_type":"article","og_title":"A\u00e7\u00f5es de Extens\u00e3o - SEMSA","og_url":"https:\/\/www.manaus.am.gov.br\/semsa\/escola-de-saude-publica\/acoes-de-extensao\/","og_site_name":"SEMSA","article_modified_time":"2025-01-21T21:06:49+00:00","og_image":[{"width":966,"height":520,"url":"https:\/\/www.manaus.am.gov.br\/semsa\/wp-content\/uploads\/sites\/8\/2024\/07\/thumb-default-2.png","type":"image\/png"}],"twitter_card":"summary_large_image","twitter_misc":{"Est. reading time":"2 minutos"},"schema":{"@context":"https:\/\/schema.org","@graph":[{"@type":"WebPage","@id":"https:\/\/www.manaus.am.gov.br\/semsa\/escola-de-saude-publica\/acoes-de-extensao\/","url":"https:\/\/www.manaus.am.gov.br\/semsa\/escola-de-saude-publica\/acoes-de-extensao\/","name":"A\u00e7\u00f5es de Extens\u00e3o - SEMSA","isPartOf":{"@id":"https:\/\/www.manaus.am.gov.br\/semsa\/#website"},"datePublished":"2023-01-18T00:31:37+00:00","dateModified":"2025-01-21T21:06:49+00:00","breadcrumb":{"@id":"https:\/\/www.manaus.am.gov.br\/semsa\/escola-de-saude-publica\/acoes-de-extensao\/#breadcrumb"},"inLanguage":"pt-BR","potentialAction":[{"@type":"ReadAction","target":["https:\/\/www.manaus.am.gov.br\/semsa\/escola-de-saude-publica\/acoes-de-extensao\/"]}]},{"@type":"BreadcrumbList","@id":"https:\/\/www.manaus.am.gov.br\/semsa\/escola-de-saude-publica\/acoes-de-extensao\/#breadcrumb","itemListElement":[{"@type":"ListItem","position":1,"name":"Escola de Sa\u00fade P\u00fablica (Esap)","item":"https:\/\/www.manaus.am.gov.br\/semsa\/escola-de-saude-publica\/"},{"@type":"ListItem","position":2,"name":"A\u00e7\u00f5es de Extens\u00e3o"}]},{"@type":"WebSite","@id":"https:\/\/www.manaus.am.gov.br\/semsa\/#website","url":"https:\/\/www.manaus.am.gov.br\/semsa\/","name":"SEMSA","description":"Secretaria Municipal de Sa\u00fade","alternateName":"Secretaria Municipal de Sa\u00fade","potentialAction":[{"@type":"SearchAction","target":{"@type":"EntryPoint","urlTemplate":"https:\/\/www.manaus.am.gov.br\/semsa\/?s={search_term_string}"},"query-input":"required name=search_term_string"}],"inLanguage":"pt-BR"}]}},"_links":{"self":[{"href":"https:\/\/www.manaus.am.gov.br\/semsa\/wp-json\/wp\/v2\/pages\/208753"}],"collection":[{"href":"https:\/\/www.manaus.am.gov.br\/semsa\/wp-json\/wp\/v2\/pages"}],"about":[{"href":"https:\/\/www.manaus.am.gov.br\/semsa\/wp-json\/wp\/v2\/types\/page"}],"author":[{"embeddable":true,"href":"https:\/\/www.manaus.am.gov.br\/semsa\/wp-json\/wp\/v2\/users\/27"}],"replies":[{"embeddable":true,"href":"https:\/\/www.manaus.am.gov.br\/semsa\/wp-json\/wp\/v2\/comments?post=208753"}],"version-history":[{"count":6,"href":"https:\/\/www.manaus.am.gov.br\/semsa\/wp-json\/wp\/v2\/pages\/208753\/revisions"}],"predecessor-version":[{"id":220341,"href":"https:\/\/www.manaus.am.gov.br\/semsa\/wp-json\/wp\/v2\/pages\/208753\/revisions\/220341"}],"up":[{"embeddable":true,"href":"https:\/\/www.manaus.am.gov.br\/semsa\/wp-json\/wp\/v2\/pages\/208859"}],"wp:attachment":[{"href":"https:\/\/www.manaus.am.gov.br\/semsa\/wp-json\/wp\/v2\/media?parent=208753"}],"curies":[{"name":"wp","href":"https:\/\/api.w.org\/{rel}","templated":true}]}}