{"id":208738,"date":"2023-01-17T20:16:35","date_gmt":"2023-01-18T00:16:35","guid":{"rendered":"https:\/\/www.manaus.am.gov.br\/semsa\/?page_id=208738"},"modified":"2023-04-03T19:36:23","modified_gmt":"2023-04-03T23:36:23","slug":"programa-de-imunizacoes-duvidas-frequentes","status":"publish","type":"page","link":"https:\/\/www.manaus.am.gov.br\/semsa\/vigilancia\/programa-de-imunizacoes\/programa-de-imunizacoes-duvidas-frequentes\/","title":{"rendered":"D\u00favidas frequentes"},"content":{"rendered":"\n<h2 class=\"wp-block-heading\">Por que a vacina\u00e7\u00e3o \u00e9 importante?<\/h2>\n\n\n\n<p>Quem n\u00e3o se vacina n\u00e3o coloca apenas a pr\u00f3pria sa\u00fade em risco, mas tamb\u00e9m a de seus familiares e outras pessoas com quem tem contato, al\u00e9m de contribuir para aumentar a circula\u00e7\u00e3o de doen\u00e7as. Tomar vacinas \u00e9 a melhor maneira de se proteger de uma variedade de doen\u00e7as graves e de suas complica\u00e7\u00f5es, que podem at\u00e9 levar \u00e0 morte.<\/p>\n\n\n\n<p>Gra\u00e7as \u00e0 vacina\u00e7\u00e3o, houve uma queda dr\u00e1stica na incid\u00eancia de doen\u00e7as que costumavam matar milhares de pessoas todos os anos at\u00e9 a metade do s\u00e9culo passado \u2013 como coqueluche, sarampo, poliomielite e rub\u00e9ola. Mas, mesmo estando sob controle hoje em dia, elas podem rapidamente voltar a se tornar uma epidemia caso as pessoas parem de se vacinar.<\/p>\n\n\n\n<h2 class=\"wp-block-heading\">Como as doen\u00e7as se espalham?<\/h2>\n\n\n\n<p>A maioria das doen\u00e7as que podem ser prevenidas por vacina s\u00e3o transmitidas pelo contato com objetos contaminados ou quando o doente espirra, tosse ou fala, pois ele expele pequenas got\u00edculas que cont\u00e9m os agentes infecciosos. Assim, se um indiv\u00edduo \u00e9 infectado, pode transmitir a doen\u00e7a para outros que tamb\u00e9m n\u00e3o foram imunizados.<\/p>\n\n\n\n<h2 class=\"wp-block-heading\">Como s\u00e3o feitas as vacinas?<\/h2>\n\n\n\n<p>As vacinas s\u00e3o feitas com microrganismos da pr\u00f3pria doen\u00e7a que previne. Por exemplo: a vacina contra o sarampo cont\u00e9m o v\u00edrus do sarampo. No entanto, estes microrganismos est\u00e3o enfraquecidos ou mortos, fazendo com que o corpo n\u00e3o desenvolva a doen\u00e7a, mas se torne preparado para combat\u00ea-la se for necess\u00e1rio.<\/p>\n\n\n\n<h2 class=\"wp-block-heading\">Ent\u00e3o as vacinas s\u00e3o seguras?<\/h2>\n\n\n\n<p>Sim. Toda vacina licenciada para uso passou antes por diversas fases de avalia\u00e7\u00e3o, garantindo sua seguran\u00e7a. Elas tamb\u00e9m passam pela avalia\u00e7\u00e3o de institutos reguladores r\u00edgidos. No Brasil, essa fun\u00e7\u00e3o cabe \u00e0 Ag\u00eancia Nacional de Vigil\u00e2ncia Sanit\u00e1ria (Anvisa).<\/p>\n\n\n\n<p>Foi por meio das vacinas que conseguimos erradicar a var\u00edola e controlar diversas doen\u00e7as, como a poliomielite (paralisia infantil), o sarampo, a coqueluche e a difteria, entre outras. Isso comprova a efic\u00e1cia das vacinas em promover prote\u00e7\u00e3o com seguran\u00e7a. E n\u00e3o \u00e9 s\u00f3 isso. A vigil\u00e2ncia de eventos adversos continua acontecendo depois que a vacina \u00e9 licenciada. Isso possibilita continuar monitorando a seguran\u00e7a do produto.<\/p>\n\n\n\n<h2 class=\"wp-block-heading\">Como as vacinas atuam no nosso corpo?<\/h2>\n\n\n\n<p>As vacinas s\u00e3o o meio mais seguro e eficaz de nos protegermos contra certas doen\u00e7as infecciosas, e s\u00e3o obtidas a partir de part\u00edculas do pr\u00f3prio agente agressor, sempre na forma atenuada (enfraquecida) ou inativada (morta).<\/p>\n\n\n\n<p>Quando nosso organismo \u00e9 atacado por um v\u00edrus ou bact\u00e9ria, nosso sistema imunol\u00f3gico \u2014 de defesa \u2014 dispara uma rea\u00e7\u00e3o em cadeia com o objetivo de frear a a\u00e7\u00e3o desses agentes estranhos. Infelizmente, nem sempre essa \u2018opera\u00e7\u00e3o\u2019 \u00e9 bem-sucedida e, quando isso ocorre, ficamos doentes.<\/p>\n\n\n\n<p>O que as vacinas fazem \u00e9 se passarem por agentes infecciosos de forma a estimular a produ\u00e7\u00e3o de nossas defesas, por meio de anticorpos espec\u00edficos contra o \u201cinimigo\u201d. Assim, elas ensinam o nosso organismo a se defender de forma eficaz. A\u00ed, quando o ataque de verdade acontece, a defesa \u00e9 reativada por meio da mem\u00f3ria do sistema imunol\u00f3gico. \u00c9 isso que vai fazer com que a a\u00e7\u00e3o inimiga seja muito limitada ou, como acontece na maioria das vezes, totalmente eliminada, antes que a doen\u00e7a se instale.<\/p>\n\n\n\n<p>Eventuais rea\u00e7\u00f5es, como febre e dor local, podem ocorrer ap\u00f3s a aplica\u00e7\u00e3o de uma vacina, mas os benef\u00edcios da imuniza\u00e7\u00e3o s\u00e3o muito maiores que os riscos dessas rea\u00e7\u00f5es tempor\u00e1rias.<\/p>\n\n\n\n<h2 class=\"wp-block-heading\">Somente as crian\u00e7as tomam vacina?<\/h2>\n\n\n\n<p>Mesmo quem n\u00e3o est\u00e1 nos grupos de risco deve se proteger. Vacinadas, as pessoas ficam menos vulner\u00e1veis ao cont\u00e1gio de v\u00e1rias doen\u00e7as. E vacina\u00e7\u00e3o significa prote\u00e7\u00e3o individual, mas tamb\u00e9m coletiva, pois quanto menos pessoas adoecem, menor \u00e9 a possibilidade de transmiss\u00e3o e mais saud\u00e1vel ficar\u00e1 a comunidade. A Organiza\u00e7\u00e3o Mundial da Sa\u00fade (OMS) e o Minist\u00e9rio da Sa\u00fade t\u00eam uma lista de vacinas recomendadas, mesmo na idade adulta.<\/p>\n\n\n\n<h2 class=\"wp-block-heading\">A vacina\u00e7\u00e3o deve prosseguir quando os filhos s\u00e3o adolescentes?<\/h2>\n\n\n\n<p>Por volta dos sete anos, para quem seguiu as recomenda\u00e7\u00f5es do pediatra, \u00e9 comum dar-se por encerrada a tarefa de vacinar os filhos. Trata-se, entretanto, apenas da primeira etapa: para garantir a imuniza\u00e7\u00e3o contra uma s\u00e9rie de doen\u00e7as e at\u00e9 contribuir para a erradica\u00e7\u00e3o de outras tantas, \u00e9 fundamental que o adolescente tamb\u00e9m seja vacinado.<\/p>\n\n\n\n<p>Existem vacinas que necessitam de doses de refor\u00e7o durante a adolesc\u00eancia, como a vacina contra o t\u00e9tano e a difteria. Algumas n\u00e3o fazem parte do atual calend\u00e1rio de rotina, mas devem ser administradas segundo prescri\u00e7\u00e3o m\u00e9dica, j\u00e1 que nunca se sabe quando pode haver o contato com determinados microorganismos que transmitem doen\u00e7as \u2013 um exemplo cl\u00e1ssico \u00e9 a febre amarela. H\u00e1 ainda as espec\u00edficas, recomendadas pelo m\u00e9dico que acompanha o jovem.<\/p>\n\n\n\n<h2 class=\"wp-block-heading\">Se a carteira de vacina\u00e7\u00e3o for perdida na adolesc\u00eancia?<\/h2>\n\n\n\n<p>Outra situa\u00e7\u00e3o em que o adolescente deve ser vacinado \u00e9 quando ele n\u00e3o possui a carteira de vacina\u00e7\u00e3o que deveria ter sido completada na inf\u00e2ncia. Nesse caso, o m\u00e9dico pode optar por repetir algumas vacinas e refor\u00e7ar outras que, supostamente, j\u00e1 foram aplicadas.<\/p>\n\n\n\n<p>Por fim, existem as vacinas que protegem contra doen\u00e7as e v\u00edrus que se tornaram especialmente comuns entre os jovens. \u00c9 o caso do HPV, v\u00edrus transmitido sexualmente, que pode causar condiloma e c\u00e2ncer no colo do \u00fatero.<\/p>\n\n\n\n<h2 class=\"wp-block-heading\">Ent\u00e3o, as vacinas s\u00e3o para todas as idades?<\/h2>\n\n\n\n<p>Sim. A forma mais eficaz de preven\u00e7\u00e3o de doen\u00e7as \u00e9 a vacina\u00e7\u00e3o de todos os membros da fam\u00edlia. Algumas crian\u00e7as pequenas s\u00e3o, involuntariamente, portadoras da bact\u00e9ria. A crian\u00e7a pode transmitir a bact\u00e9ria para o adulto que, dependendo do seu estado de sa\u00fade, adoece.<\/p>\n\n\n\n<p>O ideal \u00e9 que todos sejam vacinados. Existem vacinas adequadas para homens, mulheres, idosos, viajantes, gestantes. O importante \u00e9 seguir a recomenda\u00e7\u00e3o m\u00e9dica e tomar as vacinas para conter o avan\u00e7o das doen\u00e7as.<\/p>\n\n\n\n<h2 class=\"wp-block-heading\">Onde posso vacinar a minha fam\u00edlia?<\/h2>\n\n\n\n<p>Nas salas de vacina das Unidades B\u00e1sicas de Sa\u00fade, CAIC (Centro de Aten\u00e7\u00e3o Integral a Crian\u00e7a), Unidades B\u00e1sicas de Sa\u00fade da Fam\u00edlia e Policl\u00ednicas.<\/p>\n\n\n\n<h2 class=\"wp-block-heading\">Como tirar meu cart\u00e3o de vacina\u00e7\u00e3o?<\/h2>\n\n\n\n<p>Procurando uma sala de vacina para realizar as vacina\u00e7\u00f5es necess\u00e1rias para sua faixa et\u00e1ria.<\/p>\n\n\n\n<h2 class=\"wp-block-heading\">Que documentos s\u00e3o necess\u00e1rios?<\/h2>\n\n\n\n<p>Documento de identifica\u00e7\u00e3o com foto e carteira de vacina\u00e7\u00e3o (se houver).<\/p>\n\n\n\n<h2 class=\"wp-block-heading\"><a href=\"https:\/\/www.manaus.am.gov.br\/semsa\/wp-content\/uploads\/sites\/8\/2023\/01\/MS_INFLUENZA_Cartaz_PNI_64x46cm_21SET_ELEITORAL-3-1.pdf\" target=\"_blank\" rel=\"noreferrer noopener\">Calend\u00e1rio Vacinal<\/a><\/h2>\n\n\n\n<p><\/p>\n\n\n\n<h2 class=\"wp-block-heading\">Servi\u00e7os\/Orienta\u00e7\u00f5es<\/h2>\n\n\n\n<p>As vacinas, com exce\u00e7\u00e3o da vacina BCG, preconizadas no calend\u00e1rio de vacina\u00e7\u00e3o est\u00e3o dispon\u00edveis em todas as salas de vacina do munic\u00edpio de Manaus, que podem ser consultadas no site da SEMSA.<\/p>\n\n\n\n<p>A vacina BCG \u00e9 ofertada em todas as Maternidades P\u00fablicas do munic\u00edpio de Manaus. Para crian\u00e7as nascidas em domic\u00edlio ou em maternidades privadas que n\u00e3o ofertam a vacina, a secretaria Municipal disp\u00f5e de quatro salas de vacinas que ofertam esse imunobiol\u00f3gico.<\/p>\n\n\n\n<p>A vacina antirr\u00e1bica est\u00e1 dispon\u00edvel em 18 salas de vacina e, necessita avalia\u00e7\u00e3o m\u00e9dica com indica\u00e7\u00e3o da vacina para receber o imunobiol\u00f3gico.<\/p>\n","protected":false},"excerpt":{"rendered":"","protected":false},"author":27,"featured_media":0,"parent":208735,"menu_order":0,"comment_status":"closed","ping_status":"closed","template":"templates\/turismo.php","meta":{"footnotes":""},"acf":[],"yoast_head":"<!-- This site is optimized with the Yoast SEO plugin v23.0 - https:\/\/yoast.com\/wordpress\/plugins\/seo\/ -->\n<title>D\u00favidas frequentes - SEMSA<\/title>\n<meta name=\"robots\" content=\"index, follow, max-snippet:-1, max-image-preview:large, max-video-preview:-1\" \/>\n<link rel=\"canonical\" href=\"https:\/\/www.manaus.am.gov.br\/semsa\/vigilancia\/programa-de-imunizacoes\/programa-de-imunizacoes-duvidas-frequentes\/\" \/>\n<meta property=\"og:locale\" content=\"pt_BR\" \/>\n<meta property=\"og:type\" content=\"article\" \/>\n<meta property=\"og:title\" content=\"D\u00favidas frequentes - SEMSA\" \/>\n<meta property=\"og:url\" content=\"https:\/\/www.manaus.am.gov.br\/semsa\/vigilancia\/programa-de-imunizacoes\/programa-de-imunizacoes-duvidas-frequentes\/\" \/>\n<meta property=\"og:site_name\" content=\"SEMSA\" \/>\n<meta property=\"article:modified_time\" content=\"2023-04-03T23:36:23+00:00\" \/>\n<meta property=\"og:image\" content=\"https:\/\/www.manaus.am.gov.br\/semsa\/wp-content\/uploads\/sites\/8\/2024\/07\/thumb-default-2.png\" \/>\n\t<meta property=\"og:image:width\" content=\"966\" \/>\n\t<meta property=\"og:image:height\" content=\"520\" \/>\n\t<meta property=\"og:image:type\" content=\"image\/png\" \/>\n<meta name=\"twitter:card\" content=\"summary_large_image\" \/>\n<meta name=\"twitter:label1\" content=\"Est. reading time\" \/>\n\t<meta name=\"twitter:data1\" content=\"6 minutos\" \/>\n<script type=\"application\/ld+json\" class=\"yoast-schema-graph\">{\"@context\":\"https:\/\/schema.org\",\"@graph\":[{\"@type\":\"WebPage\",\"@id\":\"https:\/\/www.manaus.am.gov.br\/semsa\/vigilancia\/programa-de-imunizacoes\/programa-de-imunizacoes-duvidas-frequentes\/\",\"url\":\"https:\/\/www.manaus.am.gov.br\/semsa\/vigilancia\/programa-de-imunizacoes\/programa-de-imunizacoes-duvidas-frequentes\/\",\"name\":\"D\u00favidas frequentes - SEMSA\",\"isPartOf\":{\"@id\":\"https:\/\/www.manaus.am.gov.br\/semsa\/#website\"},\"datePublished\":\"2023-01-18T00:16:35+00:00\",\"dateModified\":\"2023-04-03T23:36:23+00:00\",\"breadcrumb\":{\"@id\":\"https:\/\/www.manaus.am.gov.br\/semsa\/vigilancia\/programa-de-imunizacoes\/programa-de-imunizacoes-duvidas-frequentes\/#breadcrumb\"},\"inLanguage\":\"pt-BR\",\"potentialAction\":[{\"@type\":\"ReadAction\",\"target\":[\"https:\/\/www.manaus.am.gov.br\/semsa\/vigilancia\/programa-de-imunizacoes\/programa-de-imunizacoes-duvidas-frequentes\/\"]}]},{\"@type\":\"BreadcrumbList\",\"@id\":\"https:\/\/www.manaus.am.gov.br\/semsa\/vigilancia\/programa-de-imunizacoes\/programa-de-imunizacoes-duvidas-frequentes\/#breadcrumb\",\"itemListElement\":[{\"@type\":\"ListItem\",\"position\":1,\"name\":\"Vigil\u00e2ncia\",\"item\":\"https:\/\/www.manaus.am.gov.br\/semsa\/vigilancia\/\"},{\"@type\":\"ListItem\",\"position\":2,\"name\":\"Programa de Imuniza\u00e7\u00f5es\",\"item\":\"https:\/\/www.manaus.am.gov.br\/semsa\/vigilancia\/programa-de-imunizacoes\/\"},{\"@type\":\"ListItem\",\"position\":3,\"name\":\"D\u00favidas frequentes\"}]},{\"@type\":\"WebSite\",\"@id\":\"https:\/\/www.manaus.am.gov.br\/semsa\/#website\",\"url\":\"https:\/\/www.manaus.am.gov.br\/semsa\/\",\"name\":\"SEMSA\",\"description\":\"Secretaria Municipal de Sa\u00fade\",\"alternateName\":\"Secretaria Municipal de Sa\u00fade\",\"potentialAction\":[{\"@type\":\"SearchAction\",\"target\":{\"@type\":\"EntryPoint\",\"urlTemplate\":\"https:\/\/www.manaus.am.gov.br\/semsa\/?s={search_term_string}\"},\"query-input\":\"required name=search_term_string\"}],\"inLanguage\":\"pt-BR\"}]}<\/script>\n<!-- \/ Yoast SEO plugin. -->","yoast_head_json":{"title":"D\u00favidas frequentes - SEMSA","robots":{"index":"index","follow":"follow","max-snippet":"max-snippet:-1","max-image-preview":"max-image-preview:large","max-video-preview":"max-video-preview:-1"},"canonical":"https:\/\/www.manaus.am.gov.br\/semsa\/vigilancia\/programa-de-imunizacoes\/programa-de-imunizacoes-duvidas-frequentes\/","og_locale":"pt_BR","og_type":"article","og_title":"D\u00favidas frequentes - SEMSA","og_url":"https:\/\/www.manaus.am.gov.br\/semsa\/vigilancia\/programa-de-imunizacoes\/programa-de-imunizacoes-duvidas-frequentes\/","og_site_name":"SEMSA","article_modified_time":"2023-04-03T23:36:23+00:00","og_image":[{"width":966,"height":520,"url":"https:\/\/www.manaus.am.gov.br\/semsa\/wp-content\/uploads\/sites\/8\/2024\/07\/thumb-default-2.png","type":"image\/png"}],"twitter_card":"summary_large_image","twitter_misc":{"Est. reading time":"6 minutos"},"schema":{"@context":"https:\/\/schema.org","@graph":[{"@type":"WebPage","@id":"https:\/\/www.manaus.am.gov.br\/semsa\/vigilancia\/programa-de-imunizacoes\/programa-de-imunizacoes-duvidas-frequentes\/","url":"https:\/\/www.manaus.am.gov.br\/semsa\/vigilancia\/programa-de-imunizacoes\/programa-de-imunizacoes-duvidas-frequentes\/","name":"D\u00favidas frequentes - SEMSA","isPartOf":{"@id":"https:\/\/www.manaus.am.gov.br\/semsa\/#website"},"datePublished":"2023-01-18T00:16:35+00:00","dateModified":"2023-04-03T23:36:23+00:00","breadcrumb":{"@id":"https:\/\/www.manaus.am.gov.br\/semsa\/vigilancia\/programa-de-imunizacoes\/programa-de-imunizacoes-duvidas-frequentes\/#breadcrumb"},"inLanguage":"pt-BR","potentialAction":[{"@type":"ReadAction","target":["https:\/\/www.manaus.am.gov.br\/semsa\/vigilancia\/programa-de-imunizacoes\/programa-de-imunizacoes-duvidas-frequentes\/"]}]},{"@type":"BreadcrumbList","@id":"https:\/\/www.manaus.am.gov.br\/semsa\/vigilancia\/programa-de-imunizacoes\/programa-de-imunizacoes-duvidas-frequentes\/#breadcrumb","itemListElement":[{"@type":"ListItem","position":1,"name":"Vigil\u00e2ncia","item":"https:\/\/www.manaus.am.gov.br\/semsa\/vigilancia\/"},{"@type":"ListItem","position":2,"name":"Programa de Imuniza\u00e7\u00f5es","item":"https:\/\/www.manaus.am.gov.br\/semsa\/vigilancia\/programa-de-imunizacoes\/"},{"@type":"ListItem","position":3,"name":"D\u00favidas frequentes"}]},{"@type":"WebSite","@id":"https:\/\/www.manaus.am.gov.br\/semsa\/#website","url":"https:\/\/www.manaus.am.gov.br\/semsa\/","name":"SEMSA","description":"Secretaria Municipal de Sa\u00fade","alternateName":"Secretaria Municipal de Sa\u00fade","potentialAction":[{"@type":"SearchAction","target":{"@type":"EntryPoint","urlTemplate":"https:\/\/www.manaus.am.gov.br\/semsa\/?s={search_term_string}"},"query-input":"required name=search_term_string"}],"inLanguage":"pt-BR"}]}},"_links":{"self":[{"href":"https:\/\/www.manaus.am.gov.br\/semsa\/wp-json\/wp\/v2\/pages\/208738"}],"collection":[{"href":"https:\/\/www.manaus.am.gov.br\/semsa\/wp-json\/wp\/v2\/pages"}],"about":[{"href":"https:\/\/www.manaus.am.gov.br\/semsa\/wp-json\/wp\/v2\/types\/page"}],"author":[{"embeddable":true,"href":"https:\/\/www.manaus.am.gov.br\/semsa\/wp-json\/wp\/v2\/users\/27"}],"replies":[{"embeddable":true,"href":"https:\/\/www.manaus.am.gov.br\/semsa\/wp-json\/wp\/v2\/comments?post=208738"}],"version-history":[{"count":10,"href":"https:\/\/www.manaus.am.gov.br\/semsa\/wp-json\/wp\/v2\/pages\/208738\/revisions"}],"predecessor-version":[{"id":211575,"href":"https:\/\/www.manaus.am.gov.br\/semsa\/wp-json\/wp\/v2\/pages\/208738\/revisions\/211575"}],"up":[{"embeddable":true,"href":"https:\/\/www.manaus.am.gov.br\/semsa\/wp-json\/wp\/v2\/pages\/208735"}],"wp:attachment":[{"href":"https:\/\/www.manaus.am.gov.br\/semsa\/wp-json\/wp\/v2\/media?parent=208738"}],"curies":[{"name":"wp","href":"https:\/\/api.w.org\/{rel}","templated":true}]}}