{"id":208699,"date":"2023-01-17T19:21:21","date_gmt":"2023-01-17T23:21:21","guid":{"rendered":"https:\/\/www.manaus.am.gov.br\/semsa\/?page_id=208699"},"modified":"2024-02-08T11:27:33","modified_gmt":"2024-02-08T15:27:33","slug":"controle-da-dengue","status":"publish","type":"page","link":"https:\/\/www.manaus.am.gov.br\/semsa\/vigilancia\/vigilancia-ambiental\/controle-da-dengue\/","title":{"rendered":"Controle da dengue"},"content":{"rendered":"\n<p><strong>\u00c1rea respons\u00e1vel:<\/strong> N\u00facleo de Controle da Mal\u00e1ria<\/p>\n\n\n\n<h2 class=\"wp-block-heading\">Objetivos<\/h2>\n\n\n\n<p>Coordenar, supervisionar e avaliar as a\u00e7\u00f5es do Programa Municipal de Controle do <em>Aedes<\/em>.<\/p>\n\n\n\n<h2 class=\"wp-block-heading\">Doen\u00e7a e tratamento<\/h2>\n\n\n\n<p><strong>O que \u00e9 dengue?<\/strong><br>A dengue \u00e9 uma doen\u00e7a viral transmitida pelo mosquito <em>Aedes aegypti<\/em>.<\/p>\n\n\n\n<p><strong>Como se pega?<\/strong><br>A principal forma de transmiss\u00e3o \u00e9 pela picada das f\u00eameas dos mosquitos <em>Aedes aegypti.<\/em> H\u00e1 alguns registros de transmiss\u00e3o vertical (gestante \u2013 beb\u00ea) e por transfus\u00e3o de sangue, no entanto n\u00e3o \u00e9 comum. Existem quatro tipos diferentes de v\u00edrus da dengue: DEN-1, DEN-2, DEN-3 e DEN-4.<\/p>\n\n\n\n<p><strong>O que voc\u00ea pode sentir?<\/strong><br>A infec\u00e7\u00e3o por dengue pode ser assintom\u00e1tica, leve ou causar doen\u00e7a grave, levando \u00e0 morte. Normalmente, a primeira manifesta\u00e7\u00e3o da dengue \u00e9 a febre alta (39\u00b0 a 40\u00b0C), de in\u00edcio abrupto, que geralmente dura de 2 a 7 dias, acompanhada de dor de cabe\u00e7a, dores no corpo e articula\u00e7\u00f5es, prostra\u00e7\u00e3o, fraqueza, dor atr\u00e1s dos olhos, erup\u00e7\u00e3o e coceira na pele.<\/p>\n\n\n\n<p>Perda de peso, n\u00e1useas e v\u00f4mitos s\u00e3o comuns. Na fase febril inicial da doen\u00e7a pode ser dif\u00edcil diferenci\u00e1-la. A forma grave da doen\u00e7a inclui dor abdominal intensa e cont\u00ednua, v\u00f4mitos persistentes, sangramento de mucosas, entre outros sintomas.<\/p>\n\n\n\n<p><strong>O que fazer se estiver com os sintomas?<\/strong><br>Ao apresentar os sintomas, \u00e9 importante procurar um servi\u00e7o de sa\u00fade.<\/p>\n\n\n\n<p><strong>Tratamento<\/strong><br>Com o surgimento dos sintomas, \u00e9 importante procurar um servi\u00e7o de sa\u00fade mais pr\u00f3ximo, fazer repouso e ingerir bastante l\u00edquido. Importante n\u00e3o tomar medicamentos por conta pr\u00f3pria.<\/p>\n\n\n\n<h2 class=\"wp-block-heading\">Servi\u00e7os<\/h2>\n\n\n\n<p>Prioritariamente, a Secretaria Municipal de Sa\u00fade vem demandando esfor\u00e7os no combate ao mosquito com fomento \u00e0 conscientiza\u00e7\u00e3o da popula\u00e7\u00e3o para mudan\u00e7a de h\u00e1bitos, especialmente com rela\u00e7\u00e3o aos cuidados com armazenamento de \u00e1gua e destino adequado do lixo, potenciais criadouros para o mosquito.<\/p>\n\n\n\n<p>O combate ao mosquito \u00e9 a principal estrat\u00e9gia adotada pelo munic\u00edpio para a redu\u00e7\u00e3o da dissemina\u00e7\u00e3o das doen\u00e7as transmitidas pelo mesmo, as principais atividades de controle das doen\u00e7as causadas pelo <em>Aedes sp.<\/em> (pesquisa larv\u00e1ria amostral, visita domiciliar, pesquisa larv\u00e1ria nos pontos estrat\u00e9gicos, em ciclos quinzenais, tratamento focal\/perifocal, controle qu\u00edmico com de aspers\u00e3o de inseticidas a Ultra Baixo Volume \u2013 UBV), al\u00e9m das medidas de educa\u00e7\u00e3o em sa\u00fade e ambiental.<\/p>\n\n\n\n<p>As a\u00e7\u00f5es de preven\u00e7\u00e3o e controle do Aedes s\u00e3o orientadas pela Ger\u00eancia Ambiental atrav\u00e9s do N\u00facleo de Controle da Dengue e executadas pelos Distritos de Sa\u00fade, por meio da intensifica\u00e7\u00e3o de estrat\u00e9gias de controle ao vetor nas \u00e1reas consideradas de maior vulnerabilidade, visando \u00e0 elimina\u00e7\u00e3o de criadouros nos domic\u00edlios, pontos estrat\u00e9gicos (PE) e im\u00f3veis especiais (\u00e1reas com importante concentra\u00e7\u00e3o de pessoas como pra\u00e7as, parques, escolas e pr\u00e9dios p\u00fablicos), implementando medidas de controle nos locais de reprodu\u00e7\u00e3o do vetor de acordo com as diretrizes nacionais e os crit\u00e9rios de inclus\u00e3o das \u00e1reas priorit\u00e1rias.<\/p>\n\n\n\n<h2 class=\"wp-block-heading\">Como denunciar?<\/h2>\n\n\n\n<p>O cidad\u00e3o liga para o Disque-sa\u00fade e faz a den\u00fancia de locais que possam conter focos ou poss\u00edveis focos de mosquitos. <\/p>\n\n\n\n<p>Telefone: 92 98842-5959<\/p>\n\n\n\n<p><strong>Que informa\u00e7\u00f5es o usu\u00e1rio precisa ter em m\u00e3os?<\/strong><br>Endere\u00e7o completo (com ponto de refer\u00eancia) do local denunciado, e se poss\u00edvel o nome do propriet\u00e1rio.<\/p>\n\n\n\n<p><a class=\"custom-link\" href=\"https:\/\/www.manaus.am.gov.br\/semsa\/wp-content\/uploads\/sites\/8\/2023\/01\/Aedes-Aegypti-1.png\" target=\"_blank\" rel=\"noreferrer noopener\">Material educativo<\/a><\/p>\n\n\n\n<p><a class=\"custom-link\" href=\"https:\/\/www.gov.br\/saude\/pt-br\/centrais-de-conteudo\/publicacoes\/publicacoes-svs\/dengue\" target=\"_blank\" rel=\"noreferrer noopener\">Link \u00fateis<\/a><\/p>\n","protected":false},"excerpt":{"rendered":"","protected":false},"author":27,"featured_media":0,"parent":208672,"menu_order":2,"comment_status":"closed","ping_status":"closed","template":"templates\/prefeitura.php","meta":{"footnotes":""},"acf":[],"yoast_head":"<!-- This site is optimized with the Yoast SEO plugin v23.0 - https:\/\/yoast.com\/wordpress\/plugins\/seo\/ -->\n<title>Controle da dengue - SEMSA<\/title>\n<meta name=\"robots\" content=\"index, follow, max-snippet:-1, max-image-preview:large, max-video-preview:-1\" \/>\n<link rel=\"canonical\" href=\"https:\/\/www.manaus.am.gov.br\/semsa\/vigilancia\/vigilancia-ambiental\/controle-da-dengue\/\" \/>\n<meta property=\"og:locale\" content=\"pt_BR\" \/>\n<meta property=\"og:type\" content=\"article\" \/>\n<meta property=\"og:title\" content=\"Controle da dengue - SEMSA\" \/>\n<meta property=\"og:url\" content=\"https:\/\/www.manaus.am.gov.br\/semsa\/vigilancia\/vigilancia-ambiental\/controle-da-dengue\/\" \/>\n<meta property=\"og:site_name\" content=\"SEMSA\" \/>\n<meta property=\"article:modified_time\" content=\"2024-02-08T15:27:33+00:00\" \/>\n<meta property=\"og:image\" content=\"https:\/\/www.manaus.am.gov.br\/semsa\/wp-content\/uploads\/sites\/8\/2024\/07\/thumb-default-2.png\" \/>\n\t<meta property=\"og:image:width\" content=\"966\" \/>\n\t<meta property=\"og:image:height\" content=\"520\" \/>\n\t<meta property=\"og:image:type\" content=\"image\/png\" \/>\n<meta name=\"twitter:card\" content=\"summary_large_image\" \/>\n<meta name=\"twitter:label1\" content=\"Est. reading time\" \/>\n\t<meta name=\"twitter:data1\" content=\"3 minutos\" \/>\n<script type=\"application\/ld+json\" class=\"yoast-schema-graph\">{\"@context\":\"https:\/\/schema.org\",\"@graph\":[{\"@type\":\"WebPage\",\"@id\":\"https:\/\/www.manaus.am.gov.br\/semsa\/vigilancia\/vigilancia-ambiental\/controle-da-dengue\/\",\"url\":\"https:\/\/www.manaus.am.gov.br\/semsa\/vigilancia\/vigilancia-ambiental\/controle-da-dengue\/\",\"name\":\"Controle da dengue - SEMSA\",\"isPartOf\":{\"@id\":\"https:\/\/www.manaus.am.gov.br\/semsa\/#website\"},\"datePublished\":\"2023-01-17T23:21:21+00:00\",\"dateModified\":\"2024-02-08T15:27:33+00:00\",\"breadcrumb\":{\"@id\":\"https:\/\/www.manaus.am.gov.br\/semsa\/vigilancia\/vigilancia-ambiental\/controle-da-dengue\/#breadcrumb\"},\"inLanguage\":\"pt-BR\",\"potentialAction\":[{\"@type\":\"ReadAction\",\"target\":[\"https:\/\/www.manaus.am.gov.br\/semsa\/vigilancia\/vigilancia-ambiental\/controle-da-dengue\/\"]}]},{\"@type\":\"BreadcrumbList\",\"@id\":\"https:\/\/www.manaus.am.gov.br\/semsa\/vigilancia\/vigilancia-ambiental\/controle-da-dengue\/#breadcrumb\",\"itemListElement\":[{\"@type\":\"ListItem\",\"position\":1,\"name\":\"Vigil\u00e2ncia\",\"item\":\"https:\/\/www.manaus.am.gov.br\/semsa\/vigilancia\/\"},{\"@type\":\"ListItem\",\"position\":2,\"name\":\"Ambiental\",\"item\":\"https:\/\/www.manaus.am.gov.br\/semsa\/vigilancia\/vigilancia-ambiental\/\"},{\"@type\":\"ListItem\",\"position\":3,\"name\":\"Controle da dengue\"}]},{\"@type\":\"WebSite\",\"@id\":\"https:\/\/www.manaus.am.gov.br\/semsa\/#website\",\"url\":\"https:\/\/www.manaus.am.gov.br\/semsa\/\",\"name\":\"SEMSA\",\"description\":\"Secretaria Municipal de Sa\u00fade\",\"alternateName\":\"Secretaria Municipal de Sa\u00fade\",\"potentialAction\":[{\"@type\":\"SearchAction\",\"target\":{\"@type\":\"EntryPoint\",\"urlTemplate\":\"https:\/\/www.manaus.am.gov.br\/semsa\/?s={search_term_string}\"},\"query-input\":\"required name=search_term_string\"}],\"inLanguage\":\"pt-BR\"}]}<\/script>\n<!-- \/ Yoast SEO plugin. -->","yoast_head_json":{"title":"Controle da dengue - SEMSA","robots":{"index":"index","follow":"follow","max-snippet":"max-snippet:-1","max-image-preview":"max-image-preview:large","max-video-preview":"max-video-preview:-1"},"canonical":"https:\/\/www.manaus.am.gov.br\/semsa\/vigilancia\/vigilancia-ambiental\/controle-da-dengue\/","og_locale":"pt_BR","og_type":"article","og_title":"Controle da dengue - SEMSA","og_url":"https:\/\/www.manaus.am.gov.br\/semsa\/vigilancia\/vigilancia-ambiental\/controle-da-dengue\/","og_site_name":"SEMSA","article_modified_time":"2024-02-08T15:27:33+00:00","og_image":[{"width":966,"height":520,"url":"https:\/\/www.manaus.am.gov.br\/semsa\/wp-content\/uploads\/sites\/8\/2024\/07\/thumb-default-2.png","type":"image\/png"}],"twitter_card":"summary_large_image","twitter_misc":{"Est. reading time":"3 minutos"},"schema":{"@context":"https:\/\/schema.org","@graph":[{"@type":"WebPage","@id":"https:\/\/www.manaus.am.gov.br\/semsa\/vigilancia\/vigilancia-ambiental\/controle-da-dengue\/","url":"https:\/\/www.manaus.am.gov.br\/semsa\/vigilancia\/vigilancia-ambiental\/controle-da-dengue\/","name":"Controle da dengue - SEMSA","isPartOf":{"@id":"https:\/\/www.manaus.am.gov.br\/semsa\/#website"},"datePublished":"2023-01-17T23:21:21+00:00","dateModified":"2024-02-08T15:27:33+00:00","breadcrumb":{"@id":"https:\/\/www.manaus.am.gov.br\/semsa\/vigilancia\/vigilancia-ambiental\/controle-da-dengue\/#breadcrumb"},"inLanguage":"pt-BR","potentialAction":[{"@type":"ReadAction","target":["https:\/\/www.manaus.am.gov.br\/semsa\/vigilancia\/vigilancia-ambiental\/controle-da-dengue\/"]}]},{"@type":"BreadcrumbList","@id":"https:\/\/www.manaus.am.gov.br\/semsa\/vigilancia\/vigilancia-ambiental\/controle-da-dengue\/#breadcrumb","itemListElement":[{"@type":"ListItem","position":1,"name":"Vigil\u00e2ncia","item":"https:\/\/www.manaus.am.gov.br\/semsa\/vigilancia\/"},{"@type":"ListItem","position":2,"name":"Ambiental","item":"https:\/\/www.manaus.am.gov.br\/semsa\/vigilancia\/vigilancia-ambiental\/"},{"@type":"ListItem","position":3,"name":"Controle da dengue"}]},{"@type":"WebSite","@id":"https:\/\/www.manaus.am.gov.br\/semsa\/#website","url":"https:\/\/www.manaus.am.gov.br\/semsa\/","name":"SEMSA","description":"Secretaria Municipal de Sa\u00fade","alternateName":"Secretaria Municipal de Sa\u00fade","potentialAction":[{"@type":"SearchAction","target":{"@type":"EntryPoint","urlTemplate":"https:\/\/www.manaus.am.gov.br\/semsa\/?s={search_term_string}"},"query-input":"required name=search_term_string"}],"inLanguage":"pt-BR"}]}},"_links":{"self":[{"href":"https:\/\/www.manaus.am.gov.br\/semsa\/wp-json\/wp\/v2\/pages\/208699"}],"collection":[{"href":"https:\/\/www.manaus.am.gov.br\/semsa\/wp-json\/wp\/v2\/pages"}],"about":[{"href":"https:\/\/www.manaus.am.gov.br\/semsa\/wp-json\/wp\/v2\/types\/page"}],"author":[{"embeddable":true,"href":"https:\/\/www.manaus.am.gov.br\/semsa\/wp-json\/wp\/v2\/users\/27"}],"replies":[{"embeddable":true,"href":"https:\/\/www.manaus.am.gov.br\/semsa\/wp-json\/wp\/v2\/comments?post=208699"}],"version-history":[{"count":9,"href":"https:\/\/www.manaus.am.gov.br\/semsa\/wp-json\/wp\/v2\/pages\/208699\/revisions"}],"predecessor-version":[{"id":214390,"href":"https:\/\/www.manaus.am.gov.br\/semsa\/wp-json\/wp\/v2\/pages\/208699\/revisions\/214390"}],"up":[{"embeddable":true,"href":"https:\/\/www.manaus.am.gov.br\/semsa\/wp-json\/wp\/v2\/pages\/208672"}],"wp:attachment":[{"href":"https:\/\/www.manaus.am.gov.br\/semsa\/wp-json\/wp\/v2\/media?parent=208699"}],"curies":[{"name":"wp","href":"https:\/\/api.w.org\/{rel}","templated":true}]}}