{"id":208690,"date":"2023-01-17T19:10:09","date_gmt":"2023-01-17T23:10:09","guid":{"rendered":"https:\/\/www.manaus.am.gov.br\/semsa\/?page_id=208690"},"modified":"2025-04-16T16:31:08","modified_gmt":"2025-04-16T20:31:08","slug":"controle-da-malaria","status":"publish","type":"page","link":"https:\/\/www.manaus.am.gov.br\/semsa\/vigilancia\/vigilancia-ambiental\/controle-da-malaria\/","title":{"rendered":"Controle da mal\u00e1ria"},"content":{"rendered":"\n<p>\u00c1rea respons\u00e1vel:  N\u00facleo de Controle da Mal\u00e1ria<\/p>\n\n\n\n<h3 class=\"wp-block-heading\">Objetivos<\/h3>\n\n\n\n<p>Coordenar, supervisionar e avaliar as a\u00e7\u00f5es do Programa Municipal de Controle da Mal\u00e1ria <\/p>\n\n\n\n<h3 class=\"wp-block-heading\">O que \u00e9 mal\u00e1ria?<\/h3>\n\n\n\n<p>A mal\u00e1ria \u00e9 uma doen\u00e7a infecciosa febril aguda, causada por protozo\u00e1rios transmitidos pela f\u00eamea infectada do mosquito Anopheles.<\/p>\n\n\n\n<h3 class=\"wp-block-heading\">Como se pega?<\/h3>\n\n\n\n<p>A mal\u00e1ria \u00e9 transmitida por meio da picada da f\u00eamea do mosquito Anopheles, infectada por Plasmodium, um tipo de protozo\u00e1rio. Estes mosquitos s\u00e3o mais abundantes ao entardecer e ao amanhecer. Todavia, s\u00e3o encontrados picando durante todo o per\u00edodo noturno, em menor quantidade.<\/p>\n\n\n\n<p>A mal\u00e1ria n\u00e3o \u00e9 uma doen\u00e7a contagiosa. Ou seja, uma pessoa doente n\u00e3o \u00e9 capaz de transmitir a doen\u00e7a diretamente a outra pessoa. \u00c9 necess\u00e1rio o vetor para realizar a transmiss\u00e3o.<\/p>\n\n\n\n<h3 class=\"wp-block-heading\">O que voc\u00ea pode sentir?<\/h3>\n\n\n\n<p>Febre, que pode surgir e desaparecer em ciclos; suores e calafrios; dor de cabe\u00e7a forte; n\u00e1useas e v\u00f4mitos; dor muscular em todo o corpo; fraqueza e cansa\u00e7o constante; pele e olhos amarelados.<\/p>\n\n\n\n<h3 class=\"wp-block-heading\">O que fazer se estiver com os sintomas?<\/h3>\n\n\n\n<p>Procurar a unidade de sa\u00fade ou laborat\u00f3rio de mal\u00e1ria mais pr\u00f3ximo de sua casa ou um agente de endemias.<\/p>\n\n\n\n<h3 class=\"wp-block-heading\">Tratamento<\/h3>\n\n\n\n<p>Ap\u00f3s a confirma\u00e7\u00e3o da doen\u00e7a, o paciente recebe o tratamento administrados em comprimidos que s\u00e3o fornecidos gratuitamente em unidades do Sistema \u00danico de Sa\u00fade (SUS). Somente os casos graves dever\u00e3o ser hospitalizados de imediato a crit\u00e9rio e acompanhamento m\u00e9dico.<\/p>\n\n\n\n<p>O tratamento indicado depende de alguns fatores, como a esp\u00e9cie do protozo\u00e1rio infectante; a idade do paciente; condi\u00e7\u00f5es associadas, tais como gravidez e outros problemas de sa\u00fade; al\u00e9m da gravidade da doen\u00e7a.<\/p>\n\n\n\n<p>Quando realizado de maneira correta, o tratamento da mal\u00e1ria garante a cura da doen\u00e7a.<\/p>\n\n\n\n<h3 class=\"wp-block-heading\">Servi\u00e7os<\/h3>\n\n\n\n<p>&#8211; Diagn\u00f3stico precoce e tratamento oportuno em 69 pontos de Manaus;<br>&#8211; Busca ativa de casos em domic\u00edlio para diagn\u00f3stico precoce da mal\u00e1ria;<br>&#8211; Educa\u00e7\u00e3o em sa\u00fade nas localidades com maior vulnerabilidade para transmiss\u00e3o da doen\u00e7a e para popula\u00e7\u00e3o exposta;<br>&#8211; Controle vetorial com tratamento qu\u00edmico de criadouros, aspers\u00e3o espacial com utiliza\u00e7\u00e3o de inseticidas visando a elimina\u00e7\u00e3o do vetor infectado, distribui\u00e7\u00e3o de mosquiteiros impregnados com substancia espec\u00edfica de longa dura\u00e7\u00e3o em localidades da \u00e1rea rural com maior transmiss\u00e3o da doen\u00e7a.<\/p>\n\n\n\n<p><\/p>\n\n\n\n<p><a href=\"https:\/\/www.manaus.am.gov.br\/semsa\/wp-content\/uploads\/sites\/8\/2025\/04\/Plano-de-ampliacao-da-rede-de-Diagnostico-para-malaria-em-Manaus-AM-2025-revisado-pela-GEVEP-01.04.2025-2.pdf\">Plano de amplia\u00e7\u00e3o da rede de Diagn\u00f3stico para mal\u00e1ria<\/a><\/p>\n\n\n\n<p><\/p>\n\n\n\n<p><a class=\"custom-link azul-small\" href=\"https:\/\/www.manaus.am.gov.br\/semsa\/wp-content\/uploads\/sites\/8\/2023\/01\/FOLDER-MALARIA-297x21cm-2018.pdf\" target=\"_blank\" rel=\"noreferrer noopener\">Material educativo<\/a><\/p>\n\n\n\n<p><\/p>\n\n\n\n<p><a class=\"custom-link azul-small\" href=\"https:\/\/www.gov.br\/saude\/pt-br\/assuntos\/saude-de-a-a-z\/m\/malaria\" target=\"_blank\" rel=\"noreferrer noopener\">Links \u00fateis<\/a><\/p>\n","protected":false},"excerpt":{"rendered":"","protected":false},"author":27,"featured_media":0,"parent":208672,"menu_order":1,"comment_status":"closed","ping_status":"closed","template":"templates\/prefeitura.php","meta":{"footnotes":""},"acf":[],"yoast_head":"<!-- This site is optimized with the Yoast SEO plugin v23.0 - https:\/\/yoast.com\/wordpress\/plugins\/seo\/ -->\n<title>Controle da mal\u00e1ria - SEMSA<\/title>\n<meta name=\"robots\" content=\"index, follow, max-snippet:-1, max-image-preview:large, max-video-preview:-1\" \/>\n<link rel=\"canonical\" href=\"https:\/\/www.manaus.am.gov.br\/semsa\/vigilancia\/vigilancia-ambiental\/controle-da-malaria\/\" \/>\n<meta property=\"og:locale\" content=\"pt_BR\" \/>\n<meta property=\"og:type\" content=\"article\" \/>\n<meta property=\"og:title\" content=\"Controle da mal\u00e1ria - SEMSA\" \/>\n<meta property=\"og:url\" content=\"https:\/\/www.manaus.am.gov.br\/semsa\/vigilancia\/vigilancia-ambiental\/controle-da-malaria\/\" \/>\n<meta property=\"og:site_name\" content=\"SEMSA\" \/>\n<meta property=\"article:modified_time\" content=\"2025-04-16T20:31:08+00:00\" \/>\n<meta property=\"og:image\" content=\"https:\/\/www.manaus.am.gov.br\/semsa\/wp-content\/uploads\/sites\/8\/2024\/07\/thumb-default-2.png\" \/>\n\t<meta property=\"og:image:width\" content=\"966\" \/>\n\t<meta property=\"og:image:height\" content=\"520\" \/>\n\t<meta property=\"og:image:type\" content=\"image\/png\" \/>\n<meta name=\"twitter:card\" content=\"summary_large_image\" \/>\n<meta name=\"twitter:label1\" content=\"Est. reading time\" \/>\n\t<meta name=\"twitter:data1\" content=\"2 minutos\" \/>\n<script type=\"application\/ld+json\" class=\"yoast-schema-graph\">{\"@context\":\"https:\/\/schema.org\",\"@graph\":[{\"@type\":\"WebPage\",\"@id\":\"https:\/\/www.manaus.am.gov.br\/semsa\/vigilancia\/vigilancia-ambiental\/controle-da-malaria\/\",\"url\":\"https:\/\/www.manaus.am.gov.br\/semsa\/vigilancia\/vigilancia-ambiental\/controle-da-malaria\/\",\"name\":\"Controle da mal\u00e1ria - SEMSA\",\"isPartOf\":{\"@id\":\"https:\/\/www.manaus.am.gov.br\/semsa\/#website\"},\"datePublished\":\"2023-01-17T23:10:09+00:00\",\"dateModified\":\"2025-04-16T20:31:08+00:00\",\"breadcrumb\":{\"@id\":\"https:\/\/www.manaus.am.gov.br\/semsa\/vigilancia\/vigilancia-ambiental\/controle-da-malaria\/#breadcrumb\"},\"inLanguage\":\"pt-BR\",\"potentialAction\":[{\"@type\":\"ReadAction\",\"target\":[\"https:\/\/www.manaus.am.gov.br\/semsa\/vigilancia\/vigilancia-ambiental\/controle-da-malaria\/\"]}]},{\"@type\":\"BreadcrumbList\",\"@id\":\"https:\/\/www.manaus.am.gov.br\/semsa\/vigilancia\/vigilancia-ambiental\/controle-da-malaria\/#breadcrumb\",\"itemListElement\":[{\"@type\":\"ListItem\",\"position\":1,\"name\":\"Vigil\u00e2ncia\",\"item\":\"https:\/\/www.manaus.am.gov.br\/semsa\/vigilancia\/\"},{\"@type\":\"ListItem\",\"position\":2,\"name\":\"Ambiental\",\"item\":\"https:\/\/www.manaus.am.gov.br\/semsa\/vigilancia\/vigilancia-ambiental\/\"},{\"@type\":\"ListItem\",\"position\":3,\"name\":\"Controle da mal\u00e1ria\"}]},{\"@type\":\"WebSite\",\"@id\":\"https:\/\/www.manaus.am.gov.br\/semsa\/#website\",\"url\":\"https:\/\/www.manaus.am.gov.br\/semsa\/\",\"name\":\"SEMSA\",\"description\":\"Secretaria Municipal de Sa\u00fade\",\"alternateName\":\"Secretaria Municipal de Sa\u00fade\",\"potentialAction\":[{\"@type\":\"SearchAction\",\"target\":{\"@type\":\"EntryPoint\",\"urlTemplate\":\"https:\/\/www.manaus.am.gov.br\/semsa\/?s={search_term_string}\"},\"query-input\":\"required name=search_term_string\"}],\"inLanguage\":\"pt-BR\"}]}<\/script>\n<!-- \/ Yoast SEO plugin. -->","yoast_head_json":{"title":"Controle da mal\u00e1ria - SEMSA","robots":{"index":"index","follow":"follow","max-snippet":"max-snippet:-1","max-image-preview":"max-image-preview:large","max-video-preview":"max-video-preview:-1"},"canonical":"https:\/\/www.manaus.am.gov.br\/semsa\/vigilancia\/vigilancia-ambiental\/controle-da-malaria\/","og_locale":"pt_BR","og_type":"article","og_title":"Controle da mal\u00e1ria - SEMSA","og_url":"https:\/\/www.manaus.am.gov.br\/semsa\/vigilancia\/vigilancia-ambiental\/controle-da-malaria\/","og_site_name":"SEMSA","article_modified_time":"2025-04-16T20:31:08+00:00","og_image":[{"width":966,"height":520,"url":"https:\/\/www.manaus.am.gov.br\/semsa\/wp-content\/uploads\/sites\/8\/2024\/07\/thumb-default-2.png","type":"image\/png"}],"twitter_card":"summary_large_image","twitter_misc":{"Est. reading time":"2 minutos"},"schema":{"@context":"https:\/\/schema.org","@graph":[{"@type":"WebPage","@id":"https:\/\/www.manaus.am.gov.br\/semsa\/vigilancia\/vigilancia-ambiental\/controle-da-malaria\/","url":"https:\/\/www.manaus.am.gov.br\/semsa\/vigilancia\/vigilancia-ambiental\/controle-da-malaria\/","name":"Controle da mal\u00e1ria - SEMSA","isPartOf":{"@id":"https:\/\/www.manaus.am.gov.br\/semsa\/#website"},"datePublished":"2023-01-17T23:10:09+00:00","dateModified":"2025-04-16T20:31:08+00:00","breadcrumb":{"@id":"https:\/\/www.manaus.am.gov.br\/semsa\/vigilancia\/vigilancia-ambiental\/controle-da-malaria\/#breadcrumb"},"inLanguage":"pt-BR","potentialAction":[{"@type":"ReadAction","target":["https:\/\/www.manaus.am.gov.br\/semsa\/vigilancia\/vigilancia-ambiental\/controle-da-malaria\/"]}]},{"@type":"BreadcrumbList","@id":"https:\/\/www.manaus.am.gov.br\/semsa\/vigilancia\/vigilancia-ambiental\/controle-da-malaria\/#breadcrumb","itemListElement":[{"@type":"ListItem","position":1,"name":"Vigil\u00e2ncia","item":"https:\/\/www.manaus.am.gov.br\/semsa\/vigilancia\/"},{"@type":"ListItem","position":2,"name":"Ambiental","item":"https:\/\/www.manaus.am.gov.br\/semsa\/vigilancia\/vigilancia-ambiental\/"},{"@type":"ListItem","position":3,"name":"Controle da mal\u00e1ria"}]},{"@type":"WebSite","@id":"https:\/\/www.manaus.am.gov.br\/semsa\/#website","url":"https:\/\/www.manaus.am.gov.br\/semsa\/","name":"SEMSA","description":"Secretaria Municipal de Sa\u00fade","alternateName":"Secretaria Municipal de Sa\u00fade","potentialAction":[{"@type":"SearchAction","target":{"@type":"EntryPoint","urlTemplate":"https:\/\/www.manaus.am.gov.br\/semsa\/?s={search_term_string}"},"query-input":"required name=search_term_string"}],"inLanguage":"pt-BR"}]}},"_links":{"self":[{"href":"https:\/\/www.manaus.am.gov.br\/semsa\/wp-json\/wp\/v2\/pages\/208690"}],"collection":[{"href":"https:\/\/www.manaus.am.gov.br\/semsa\/wp-json\/wp\/v2\/pages"}],"about":[{"href":"https:\/\/www.manaus.am.gov.br\/semsa\/wp-json\/wp\/v2\/types\/page"}],"author":[{"embeddable":true,"href":"https:\/\/www.manaus.am.gov.br\/semsa\/wp-json\/wp\/v2\/users\/27"}],"replies":[{"embeddable":true,"href":"https:\/\/www.manaus.am.gov.br\/semsa\/wp-json\/wp\/v2\/comments?post=208690"}],"version-history":[{"count":8,"href":"https:\/\/www.manaus.am.gov.br\/semsa\/wp-json\/wp\/v2\/pages\/208690\/revisions"}],"predecessor-version":[{"id":222749,"href":"https:\/\/www.manaus.am.gov.br\/semsa\/wp-json\/wp\/v2\/pages\/208690\/revisions\/222749"}],"up":[{"embeddable":true,"href":"https:\/\/www.manaus.am.gov.br\/semsa\/wp-json\/wp\/v2\/pages\/208672"}],"wp:attachment":[{"href":"https:\/\/www.manaus.am.gov.br\/semsa\/wp-json\/wp\/v2\/media?parent=208690"}],"curies":[{"name":"wp","href":"https:\/\/api.w.org\/{rel}","templated":true}]}}