{"id":208677,"date":"2023-01-17T18:50:26","date_gmt":"2023-01-17T22:50:26","guid":{"rendered":"https:\/\/www.manaus.am.gov.br\/semsa\/?page_id=208677"},"modified":"2023-04-19T16:16:39","modified_gmt":"2023-04-19T20:16:39","slug":"vigilancia-de-agua-solo-e-ar","status":"publish","type":"page","link":"https:\/\/www.manaus.am.gov.br\/semsa\/vigilancia\/vigilancia-ambiental\/vigilancia-de-agua-solo-e-ar\/","title":{"rendered":"Vigil\u00e2ncia de \u00c1gua, Solo e Ar"},"content":{"rendered":"\n<p><strong>\u00c1rea respons\u00e1vel: <\/strong>Setor de Vigil\u00e2ncia de \u00c1gua, Solo e Ar<\/p>\n\n\n\n<h2 class=\"wp-block-heading\">Objetivos<\/h2>\n\n\n\n<p>Dirigir, controlar, coordenar e supervisionar as a\u00e7\u00f5es de vigil\u00e2ncia das determinantes e condicionantes ambientais da \u00e1gua, solo e ar, que representem risco a sa\u00fade humana.<\/p>\n\n\n\n<h2 class=\"wp-block-heading\">A\u00e7\u00f5es<\/h2>\n\n\n\n<p><strong>VIGI\u00c1GUA<\/strong><br>O Vigi\u00e1gua consiste no conjunto de a\u00e7\u00f5es adotadas continuamente pela autoridade de sa\u00fade p\u00fablica para garantir que a \u00e1gua consumida pela popula\u00e7\u00e3o atenda ao padr\u00e3o e normas estabelecidas na legisla\u00e7\u00e3o vigente e para avaliar os riscos inerentes \u00e0 presen\u00e7a de substancias e organismos potencialmente nocivos \u00e0 sa\u00fade humana. Dentro do Programa Vigi\u00e1gua foi implantado e implementado, a partir do ano de 2015, o plano Vigifl\u00faor, que passou a ser plano da diretriz nacional em 2014.<\/p>\n\n\n\n<h2 class=\"wp-block-heading\">Servi\u00e7os<\/h2>\n\n\n\n<p>Atendimento a den\u00fancias de po\u00e7os irregulares, atendimento \u00e0 demanda por an\u00e1lise de \u00e1gua, atendimento ao plano de monitoramento da qualidade da \u00e1gua na cidade de Manaus, atendimento ao plano do Programa Vigifl\u00faor, atendimento a processo de cadastro e autoriza\u00e7\u00e3o sanit\u00e1ria ao fornecimento de \u00e1gua para consumo humano por fonte alternativa de abastecimento de \u00e1gua, cadastro, inspe\u00e7\u00e3o e fiscaliza\u00e7\u00e3o de sistema de abastecimento de \u00e1gua, Plano de Monitoramento da Qualidade da \u00c1gua em situa\u00e7\u00e3o de cheia do Rio Negro.<\/p>\n\n\n\n<h2 class=\"wp-block-heading\"><a class=\"custom-link\" href=\"https:\/\/www.manaus.am.gov.br\/semsa\/wp-content\/uploads\/sites\/8\/2023\/01\/Folder-Vigiagua-curvas.pdf\" target=\"_blank\" rel=\"noreferrer noopener\">Acesse aqui o folder do Vigi\u00e1gua<\/a><\/h2>\n\n\n\n<h2 class=\"wp-block-heading\">VIGIPEQ<\/h2>\n\n\n\n<p>A Vigil\u00e2ncia em sa\u00fade de popula\u00e7\u00f5es expostas a contaminantes qu\u00edmicos (VIGIPEQ) tem como objetivo o desenvolvimento de a\u00e7\u00f5es de vigil\u00e2ncia em sa\u00fade de forma a adotar medidas de promo\u00e7\u00e3o, preven\u00e7\u00e3o contra doen\u00e7as e agravos e aten\u00e7\u00e3o integral \u00e0 sa\u00fade das popula\u00e7\u00f5es expostas a contaminantes qu\u00edmicos. Esta \u00e1rea trabalha com os contaminantes qu\u00edmicos que interferem na sa\u00fade humana e nas inter-rela\u00e7\u00f5es entre o homem e o ambiente, buscando articular a\u00e7\u00f5es de sa\u00fade integradas \u2013 preven\u00e7\u00e3o, promo\u00e7\u00e3o, vigil\u00e2ncia e assist\u00eancia \u00e0 sa\u00fade de popula\u00e7\u00f5es expostas a contaminantes qu\u00edmicos. Nessa mesma linha, atua tamb\u00e9m um dos componentes do VIGIPEQ, que \u00e9 a Vigil\u00e2ncia em Sa\u00fade de Popula\u00e7\u00f5es Expostas a \u00c1reas Contaminadas (VIGISOLO).<\/p>\n\n\n\n<h2 class=\"wp-block-heading\">AGROT\u00d3XICO<\/h2>\n\n\n\n<p>A Vigil\u00e2ncia em Sa\u00fade de Popula\u00e7\u00f5es Expostas a Agrot\u00f3xicos compreende um conjunto de a\u00e7\u00f5es integradas de preven\u00e7\u00e3o, prote\u00e7\u00e3o e promo\u00e7\u00e3o da sa\u00fade, envolvendo todos os atores do Sistema \u00danico de Sa\u00fade (SUS): gestores e prestadores de servi\u00e7os, profissionais de sa\u00fade e usu\u00e1rios.<\/p>\n\n\n\n<p>Inicialmente foram elaborados diagn\u00f3sticos situacionais, visando analisar a situa\u00e7\u00e3o de sa\u00fade e tra\u00e7ar o perfil da produ\u00e7\u00e3o agr\u00edcola, consumo de agrot\u00f3xicos e identifica\u00e7\u00e3o de popula\u00e7\u00f5es expostas a essa classe de contaminantes, para nortear o trabalho foram elencados munic\u00edpios priorit\u00e1rios para a execu\u00e7\u00e3o das a\u00e7\u00f5es.<\/p>\n\n\n\n<p>A Semsa participa do grupo de trabalho de Vigil\u00e2ncia \u00e0 Sa\u00fade de popula\u00e7\u00f5es expostas ao uso de agrot\u00f3xicos, onde s\u00e3o discutidas a\u00e7\u00f5es, propostas de capacita\u00e7\u00f5es de profissionais do setor sa\u00fade para maior sensibilidade no diagn\u00f3stico e aumento e qualifica\u00e7\u00e3o das notifica\u00e7\u00f5es de intoxica\u00e7\u00f5es ex\u00f3genas no Sistema de Informa\u00e7\u00e3o de Agravos de Notifica\u00e7\u00e3o \u2013 SINAN.<\/p>\n\n\n\n<h2 class=\"wp-block-heading\">VIGIAR<\/h2>\n\n\n\n<p>O objetivo da Vigil\u00e2ncia em Sa\u00fade de Popula\u00e7\u00f5es Expostas \u00e0 Polui\u00e7\u00e3o Atmosf\u00e9rica (VIGIAR) \u00e9 desenvolver a\u00e7\u00f5es de vigil\u00e2ncia para popula\u00e7\u00f5es expostas a poluentes atmosf\u00e9ricos, de forma a recomendar e instituir medidas de preven\u00e7\u00e3o, de promo\u00e7\u00e3o da sa\u00fade e de aten\u00e7\u00e3o integral, conforme preconizado pelo Sistema \u00danico de Sa\u00fade (SUS). Seu campo de atua\u00e7\u00e3o prioriza as regi\u00f5es onde existam diferentes atividades de natureza econ\u00f4mica ou social que gerem polui\u00e7\u00e3o atmosf\u00e9rica de modo a caracterizar um fator de risco para as popula\u00e7\u00f5es expostas.<\/p>\n\n\n\n<h2 class=\"wp-block-heading\">VIGIDESASTRES<\/h2>\n\n\n\n<p>A Vigil\u00e2ncia em Sa\u00fade Ambiental dos riscos associados aos desastres tem por objetivo desenvolver um conjunto de a\u00e7\u00f5es a serem adotadas continuamente pelas autoridades de sa\u00fade p\u00fablica para reduzir o risco da exposi\u00e7\u00e3o da popula\u00e7\u00e3o e dos profissionais de sa\u00fade aos desastres, reduzir doen\u00e7as e agravos decorrentes deles bem como os danos \u00e0 infraestrutura de sa\u00fade. No Sistema \u00danico de Sa\u00fade, a Vigil\u00e2ncia em Sa\u00fade Ambiental dos riscos associados aos desastres, estabelece estrat\u00e9gias para a atua\u00e7\u00e3o em emerg\u00eancia em sa\u00fade p\u00fablica por desastres de origem natural e tecnol\u00f3gica. Nesse contexto, dentre seus objetos de atua\u00e7\u00e3o est\u00e3o os desastres naturais (inunda\u00e7\u00f5es, seca e estiagem, deslizamentos, dentre outros), os acidentes com produtos qu\u00edmicos, a emerg\u00eancia radiol\u00f3gica e a nuclear. Sua organiza\u00e7\u00e3o prop\u00f5e uma atua\u00e7\u00e3o baseada na gest\u00e3o do risco, contemplando a\u00e7\u00f5es de redu\u00e7\u00e3o do risco, manejo dos desastres e recupera\u00e7\u00e3o dos seus efeitos. Al\u00e9m disso, atua na articula\u00e7\u00e3o das agendas de mudan\u00e7as clim\u00e1ticas e seus efeitos \u00e0 sa\u00fade humana.<\/p>\n\n\n\n<h2 class=\"wp-block-heading\"><a href=\"https:\/\/www.manaus.am.gov.br\/semsa\/wp-content\/uploads\/sites\/8\/2023\/01\/PLANO-DE-EMERGENCIA-EM-SAUDE-PUBLICA-ENCHENTE-2021.pdf\" target=\"_blank\" rel=\"noreferrer noopener\">Plano de Conting\u00eancia Municipal para Emerg\u00eancia em Sa\u00fade P\u00fablica<\/a><\/h2>\n\n\n\n<h2 class=\"wp-block-heading\"><a href=\"https:\/\/www.manaus.am.gov.br\/semsa\/wp-content\/uploads\/sites\/8\/2023\/01\/FOLDER-ENCHENTE-297x21cm-2018.pdf\" target=\"_blank\" rel=\"noreferrer noopener\">Orienta\u00e7\u00f5es para preven\u00e7\u00e3o de doen\u00e7as e acidentes em situa\u00e7\u00e3o de enchente<\/a><\/h2>\n","protected":false},"excerpt":{"rendered":"","protected":false},"author":27,"featured_media":0,"parent":208672,"menu_order":0,"comment_status":"closed","ping_status":"closed","template":"page_servicos.php","meta":{"footnotes":""},"acf":[],"yoast_head":"<!-- This site is optimized with the Yoast SEO plugin v23.0 - https:\/\/yoast.com\/wordpress\/plugins\/seo\/ -->\n<title>Vigil\u00e2ncia de \u00c1gua, Solo e Ar - SEMSA<\/title>\n<meta name=\"robots\" content=\"index, follow, max-snippet:-1, max-image-preview:large, max-video-preview:-1\" \/>\n<link rel=\"canonical\" href=\"https:\/\/www.manaus.am.gov.br\/semsa\/vigilancia\/vigilancia-ambiental\/vigilancia-de-agua-solo-e-ar\/\" \/>\n<meta property=\"og:locale\" content=\"pt_BR\" \/>\n<meta property=\"og:type\" content=\"article\" \/>\n<meta property=\"og:title\" content=\"Vigil\u00e2ncia de \u00c1gua, Solo e Ar - SEMSA\" \/>\n<meta property=\"og:url\" content=\"https:\/\/www.manaus.am.gov.br\/semsa\/vigilancia\/vigilancia-ambiental\/vigilancia-de-agua-solo-e-ar\/\" \/>\n<meta property=\"og:site_name\" content=\"SEMSA\" \/>\n<meta property=\"article:modified_time\" content=\"2023-04-19T20:16:39+00:00\" \/>\n<meta property=\"og:image\" content=\"https:\/\/www.manaus.am.gov.br\/semsa\/wp-content\/uploads\/sites\/8\/2024\/07\/thumb-default-2.png\" \/>\n\t<meta property=\"og:image:width\" content=\"966\" \/>\n\t<meta property=\"og:image:height\" content=\"520\" \/>\n\t<meta property=\"og:image:type\" content=\"image\/png\" \/>\n<meta name=\"twitter:card\" content=\"summary_large_image\" \/>\n<meta name=\"twitter:label1\" content=\"Est. reading time\" \/>\n\t<meta name=\"twitter:data1\" content=\"4 minutos\" \/>\n<script type=\"application\/ld+json\" class=\"yoast-schema-graph\">{\"@context\":\"https:\/\/schema.org\",\"@graph\":[{\"@type\":\"WebPage\",\"@id\":\"https:\/\/www.manaus.am.gov.br\/semsa\/vigilancia\/vigilancia-ambiental\/vigilancia-de-agua-solo-e-ar\/\",\"url\":\"https:\/\/www.manaus.am.gov.br\/semsa\/vigilancia\/vigilancia-ambiental\/vigilancia-de-agua-solo-e-ar\/\",\"name\":\"Vigil\u00e2ncia de \u00c1gua, Solo e Ar - SEMSA\",\"isPartOf\":{\"@id\":\"https:\/\/www.manaus.am.gov.br\/semsa\/#website\"},\"datePublished\":\"2023-01-17T22:50:26+00:00\",\"dateModified\":\"2023-04-19T20:16:39+00:00\",\"breadcrumb\":{\"@id\":\"https:\/\/www.manaus.am.gov.br\/semsa\/vigilancia\/vigilancia-ambiental\/vigilancia-de-agua-solo-e-ar\/#breadcrumb\"},\"inLanguage\":\"pt-BR\",\"potentialAction\":[{\"@type\":\"ReadAction\",\"target\":[\"https:\/\/www.manaus.am.gov.br\/semsa\/vigilancia\/vigilancia-ambiental\/vigilancia-de-agua-solo-e-ar\/\"]}]},{\"@type\":\"BreadcrumbList\",\"@id\":\"https:\/\/www.manaus.am.gov.br\/semsa\/vigilancia\/vigilancia-ambiental\/vigilancia-de-agua-solo-e-ar\/#breadcrumb\",\"itemListElement\":[{\"@type\":\"ListItem\",\"position\":1,\"name\":\"Vigil\u00e2ncia\",\"item\":\"https:\/\/www.manaus.am.gov.br\/semsa\/vigilancia\/\"},{\"@type\":\"ListItem\",\"position\":2,\"name\":\"Ambiental\",\"item\":\"https:\/\/www.manaus.am.gov.br\/semsa\/vigilancia\/vigilancia-ambiental\/\"},{\"@type\":\"ListItem\",\"position\":3,\"name\":\"Vigil\u00e2ncia de \u00c1gua, Solo e Ar\"}]},{\"@type\":\"WebSite\",\"@id\":\"https:\/\/www.manaus.am.gov.br\/semsa\/#website\",\"url\":\"https:\/\/www.manaus.am.gov.br\/semsa\/\",\"name\":\"SEMSA\",\"description\":\"Secretaria Municipal de Sa\u00fade\",\"alternateName\":\"Secretaria Municipal de Sa\u00fade\",\"potentialAction\":[{\"@type\":\"SearchAction\",\"target\":{\"@type\":\"EntryPoint\",\"urlTemplate\":\"https:\/\/www.manaus.am.gov.br\/semsa\/?s={search_term_string}\"},\"query-input\":\"required name=search_term_string\"}],\"inLanguage\":\"pt-BR\"}]}<\/script>\n<!-- \/ Yoast SEO plugin. -->","yoast_head_json":{"title":"Vigil\u00e2ncia de \u00c1gua, Solo e Ar - SEMSA","robots":{"index":"index","follow":"follow","max-snippet":"max-snippet:-1","max-image-preview":"max-image-preview:large","max-video-preview":"max-video-preview:-1"},"canonical":"https:\/\/www.manaus.am.gov.br\/semsa\/vigilancia\/vigilancia-ambiental\/vigilancia-de-agua-solo-e-ar\/","og_locale":"pt_BR","og_type":"article","og_title":"Vigil\u00e2ncia de \u00c1gua, Solo e Ar - SEMSA","og_url":"https:\/\/www.manaus.am.gov.br\/semsa\/vigilancia\/vigilancia-ambiental\/vigilancia-de-agua-solo-e-ar\/","og_site_name":"SEMSA","article_modified_time":"2023-04-19T20:16:39+00:00","og_image":[{"width":966,"height":520,"url":"https:\/\/www.manaus.am.gov.br\/semsa\/wp-content\/uploads\/sites\/8\/2024\/07\/thumb-default-2.png","type":"image\/png"}],"twitter_card":"summary_large_image","twitter_misc":{"Est. reading time":"4 minutos"},"schema":{"@context":"https:\/\/schema.org","@graph":[{"@type":"WebPage","@id":"https:\/\/www.manaus.am.gov.br\/semsa\/vigilancia\/vigilancia-ambiental\/vigilancia-de-agua-solo-e-ar\/","url":"https:\/\/www.manaus.am.gov.br\/semsa\/vigilancia\/vigilancia-ambiental\/vigilancia-de-agua-solo-e-ar\/","name":"Vigil\u00e2ncia de \u00c1gua, Solo e Ar - SEMSA","isPartOf":{"@id":"https:\/\/www.manaus.am.gov.br\/semsa\/#website"},"datePublished":"2023-01-17T22:50:26+00:00","dateModified":"2023-04-19T20:16:39+00:00","breadcrumb":{"@id":"https:\/\/www.manaus.am.gov.br\/semsa\/vigilancia\/vigilancia-ambiental\/vigilancia-de-agua-solo-e-ar\/#breadcrumb"},"inLanguage":"pt-BR","potentialAction":[{"@type":"ReadAction","target":["https:\/\/www.manaus.am.gov.br\/semsa\/vigilancia\/vigilancia-ambiental\/vigilancia-de-agua-solo-e-ar\/"]}]},{"@type":"BreadcrumbList","@id":"https:\/\/www.manaus.am.gov.br\/semsa\/vigilancia\/vigilancia-ambiental\/vigilancia-de-agua-solo-e-ar\/#breadcrumb","itemListElement":[{"@type":"ListItem","position":1,"name":"Vigil\u00e2ncia","item":"https:\/\/www.manaus.am.gov.br\/semsa\/vigilancia\/"},{"@type":"ListItem","position":2,"name":"Ambiental","item":"https:\/\/www.manaus.am.gov.br\/semsa\/vigilancia\/vigilancia-ambiental\/"},{"@type":"ListItem","position":3,"name":"Vigil\u00e2ncia de \u00c1gua, Solo e Ar"}]},{"@type":"WebSite","@id":"https:\/\/www.manaus.am.gov.br\/semsa\/#website","url":"https:\/\/www.manaus.am.gov.br\/semsa\/","name":"SEMSA","description":"Secretaria Municipal de Sa\u00fade","alternateName":"Secretaria Municipal de Sa\u00fade","potentialAction":[{"@type":"SearchAction","target":{"@type":"EntryPoint","urlTemplate":"https:\/\/www.manaus.am.gov.br\/semsa\/?s={search_term_string}"},"query-input":"required name=search_term_string"}],"inLanguage":"pt-BR"}]}},"_links":{"self":[{"href":"https:\/\/www.manaus.am.gov.br\/semsa\/wp-json\/wp\/v2\/pages\/208677"}],"collection":[{"href":"https:\/\/www.manaus.am.gov.br\/semsa\/wp-json\/wp\/v2\/pages"}],"about":[{"href":"https:\/\/www.manaus.am.gov.br\/semsa\/wp-json\/wp\/v2\/types\/page"}],"author":[{"embeddable":true,"href":"https:\/\/www.manaus.am.gov.br\/semsa\/wp-json\/wp\/v2\/users\/27"}],"replies":[{"embeddable":true,"href":"https:\/\/www.manaus.am.gov.br\/semsa\/wp-json\/wp\/v2\/comments?post=208677"}],"version-history":[{"count":9,"href":"https:\/\/www.manaus.am.gov.br\/semsa\/wp-json\/wp\/v2\/pages\/208677\/revisions"}],"predecessor-version":[{"id":211803,"href":"https:\/\/www.manaus.am.gov.br\/semsa\/wp-json\/wp\/v2\/pages\/208677\/revisions\/211803"}],"up":[{"embeddable":true,"href":"https:\/\/www.manaus.am.gov.br\/semsa\/wp-json\/wp\/v2\/pages\/208672"}],"wp:attachment":[{"href":"https:\/\/www.manaus.am.gov.br\/semsa\/wp-json\/wp\/v2\/media?parent=208677"}],"curies":[{"name":"wp","href":"https:\/\/api.w.org\/{rel}","templated":true}]}}