{"id":208611,"date":"2023-01-17T15:48:09","date_gmt":"2023-01-17T19:48:09","guid":{"rendered":"https:\/\/www.manaus.am.gov.br\/semsa\/?page_id=208611"},"modified":"2025-08-27T16:04:15","modified_gmt":"2025-08-27T20:04:15","slug":"atendimento-antirrabico-humano","status":"publish","type":"page","link":"https:\/\/www.manaus.am.gov.br\/semsa\/vigilancia\/vigilancia-epidemiologica\/atendimento-antirrabico-humano\/","title":{"rendered":"Atendimento Antirr\u00e1bico Humano"},"content":{"rendered":"\n<h3 class=\"wp-block-heading\">Quais os sintomas da raiva humana?<\/h3>\n\n\n\n<p>Mal-estar geral, pequeno aumento de temperatura, anorexia, cefaleia, n\u00e1useas, entorpecimento, irritabilidade, inquietude e sensa\u00e7\u00e3o de ang\u00fastia, dor de garganta.<\/p>\n\n\n\n<p>Essas altera\u00e7\u00f5es duram em m\u00e9dia de 2 a 10 dias.<\/p>\n\n\n\n<h3 class=\"wp-block-heading\">Como a raiva pode ser transmitida?<\/h3>\n\n\n\n<p>Ocorre quando o v\u00edrus da raiva existente na saliva do animal infectado penetra no organismo atrav\u00e9s da pele ou das mucosas, por meio de mordedura, arranhadura ou lambedura.<\/p>\n\n\n\n<p>Apresenta 4 ciclos de transmiss\u00e3o: a\u00e9reo (morcego), ciclo silvestre (capivara, macaco, sagui, mucura, etc), ciclo urbano (c\u00e3o e gato); ciclo rural (cavalo, boi, vaca e outros animais de cria\u00e7\u00e3o).<\/p>\n\n\n\n<h3 class=\"wp-block-heading\">Como se prevenir do v\u00edrus da raiva?<\/h3>\n\n\n\n<ul>\n<li>Evite contato com animais estranhos, feridos ou doentes;<\/li>\n\n\n\n<li>N\u00e3o perturbe animais quando eles estiverem comendo, bebendo ou dormindo;<\/li>\n\n\n\n<li>Nunca separe animais quando eles estiverem brigando;<\/li>\n\n\n\n<li>Evite entrar em grutas ou furnas e tocar em qualquer tipo de morcego vivo ou morto;<\/li>\n\n\n\n<li>N\u00e3o crie nem remova do habitat natural os animais silvestres;<\/li>\n\n\n\n<li>Vacine anualmente os animais dom\u00e9sticos (c\u00e3es e gatos);<\/li>\n\n\n\n<li>N\u00e3o deixe c\u00e3es e gatos soltos nas ruas. Se forem mordidos , procure assist\u00eancia veterin\u00e1ria imediatamente.<\/li>\n<\/ul>\n\n\n\n<h3 class=\"wp-block-heading\">Que cuidados tomar quando for agredido pelo animal?<\/h3>\n\n\n\n<ul>\n<li>Lavar imediatamente o ferimento com \u00e1gua e sab\u00e3o;<\/li>\n\n\n\n<li>N\u00e3o deve ser passado medica\u00e7\u00e3o ou qualquer outra subst\u00e2ncia no ferimento;<\/li>\n\n\n\n<li>Procurar com urg\u00eancia a Unidade B\u00e1sica de Sa\u00fade de refer\u00eancia mais pr\u00f3ximo para tratamento adequado;<\/li>\n\n\n\n<li>N\u00e3o matar o animal, e sim deix\u00e1-lo em observa\u00e7\u00e3o durante 10 dias, para que se possa identificar qualquer sinal indicativo da raiva;<\/li>\n\n\n\n<li>O animal dever\u00e1 receber \u00e1gua e alimenta\u00e7\u00e3o normalmente, num local seguro, para que n\u00e3o possa fugir ou atacar outras pessoas ou animais;<\/li>\n\n\n\n<li>Se o animal adoecer, morrer, desaparecer ou mudar de comportamento, retornar imediatamente \u00e0 Unidade B\u00e1sica de Sa\u00fade de refer\u00eancia que foi atendido;<\/li>\n\n\n\n<li>Nunca interromper o tratamento preventivo sem ordens da equipe de sa\u00fade;<\/li>\n\n\n\n<li>Quando um animal apresentar comportamento diferente, mesmo que ele n\u00e3o tenha agredido ningu\u00e9m, n\u00e3o o mate. Procure a Unidade B\u00e1sica de Sa\u00fade de refer\u00eancia e contacte o Centro de Zoonose: 0800 280 8280.<\/li>\n<\/ul>\n\n\n\n<h3 class=\"wp-block-heading\">Unidades de Sa\u00fade com Atendimento Antirr\u00e1bico Humano<\/h3>\n\n\n\n<h3 class=\"wp-block-heading\">ZONA OESTE<\/h3>\n\n\n\n<p><strong>USF Deodato de Miranda Le\u00e3o<\/strong><br><strong>Endere\u00e7o:<\/strong>&nbsp;Avenida Presidente Dutra, s\/n \u2013 Gl\u00f3ria<br><strong>Hor\u00e1rio de atendimento:<\/strong>&nbsp;segunda a sexta-feira, de 8h \u00e0s 20h; s\u00e1bado, de 8h \u00e0s 12h<\/p>\n\n\n\n<p><strong>USF Parque das Tribos<\/strong><br><strong>Endere\u00e7o:<\/strong>&nbsp;Rua Piratapuia, 19 \u2013 Tarum\u00e3 A\u00e7u<br><strong>Hor\u00e1rio de atendimento:<\/strong>&nbsp;segunda a sexta-feira, de 7h \u00e0s 17h<\/p>\n\n\n\n<p><strong>USF S\u00edlvio Santos<\/strong><br><strong>Endere\u00e7o:<\/strong>&nbsp;Rua 23 de Dezembro, s\/n \u2013 Compensa II<br><strong>Hor\u00e1rio de atendimento:<\/strong>&nbsp;segunda a sexta-feira, de 8h \u00e0s 17h<\/p>\n\n\n\n<p><strong>USF Lindalva Damasceno<\/strong><br><strong>Endere\u00e7o:<\/strong>&nbsp;Av. do Turismo, s\/n &#8211; KM 3 &#8211; Tarum\u00e3<br><strong>Hor\u00e1rio de atendimento:<\/strong>&nbsp;segunda a sexta-feira, de 7h \u00e0s 17h<\/p>\n\n\n\n<h3 class=\"wp-block-heading\">ZONA NORTE<\/h3>\n\n\n\n<p><strong>USF S\u00e1lvio Belota<\/strong><br><strong>Endere\u00e7o:&nbsp;<\/strong>Rua das Samambaias, 786 \u2013 Santa Etelvina<br><strong>Hor\u00e1rio de atendimento:&nbsp;<\/strong>segunda a sexta-feira, de 8h \u00e0s 20h\/ s\u00e1bado de 8h \u00e0s 12h<\/p>\n\n\n\n<p><strong>USF Balbina Mestrinho<\/strong><br><strong>Endere\u00e7o:&nbsp;<\/strong>Rua Major Silv\u00e9rio Nery, 170 \u2013 Cidade Nova<br><strong>Hor\u00e1rio de atendimento:&nbsp;<\/strong>segunda a sexta-feira, de 8h \u00e0s 20h\/ s\u00e1bado de 8h \u00e0s 12h<\/p>\n\n\n\n<p><strong>USF Armando Mendes<\/strong><br><strong>Endere\u00e7o:&nbsp;<\/strong>Rua das Samambaias, 786 \u2013 Santa Etelvina<br><strong>Hor\u00e1rio de atendimento:&nbsp;<\/strong>segunda a sexta-feira, de 8h \u00e0s 18h<\/p>\n\n\n\n<p><strong>USF Arthur Virg\u00edlio<\/strong><br><strong>Endere\u00e7o:&nbsp;<\/strong>Tv. 10, 3015 \u2013 Amazonino Mendes<br><strong>Hor\u00e1rio de atendimento:<\/strong>&nbsp;segunda a sexta-feira, de 8h \u00e0s 18h<\/p>\n\n\n\n<p><strong>USF Jos\u00e9 Fliglioulo<\/strong><br><strong>Endere\u00e7o:&nbsp;<\/strong>Rua Rio Arinos, s\/n \u2013 Conjunto Viver Melhor, Lago Azul<br><strong>Hor\u00e1rio de atendimento:&nbsp;<\/strong>segunda a sexta-feira, de 8h \u00e0s 18h<\/p>\n\n\n\n<p><strong>USF Carmen Nicolau<\/strong><br><strong>Endere\u00e7o:\u00a0<\/strong>Rua Nestor Nascimento \u2013 Lago Azul<br><strong>Hor\u00e1rio de atendimento:\u00a0<\/strong>segunda a sexta-feira, de 8h \u00e0s 16h; s\u00e1bado, domingo e feriado, de 8h \u00e0s 17h<\/p>\n\n\n\n<h3 class=\"wp-block-heading\">ZONA SUL<\/h3>\n\n\n\n<p><strong>USF Rosa Pereira de Almeida<\/strong><br><strong>Endere\u00e7o:<\/strong>&nbsp;Rua Benedito, s\/n &#8211; Morro da Liberdade<br><strong>Hor\u00e1rio de atendimento:<\/strong>&nbsp;segunda a sexta-feira, de 8h \u00e0s 20h; s\u00e1bado de 8h \u00e0s 12h<\/p>\n\n\n\n<p><strong>USF Petr\u00f3polis<\/strong><br><strong>Endere\u00e7o:&nbsp;<\/strong>Rua Delfim Afonso de Souza, s\/n \u2013 Petr\u00f3polis<br><strong>Hor\u00e1rio de atendimento:&nbsp;<\/strong>segunda a sexta-feira, de 8h \u00e0s 18h<\/p>\n\n\n\n<p><strong>USF Dr. Jos\u00e9 Rayol dos Santos<\/strong><br><strong>Endere\u00e7o:&nbsp;<\/strong>Avenida Constantino Nery, 4261 \u2013 Chapada<br><strong>Hor\u00e1rio de atendimento:<\/strong>&nbsp;segunda a sexta-feira, de 8h \u00e0s 0; s\u00e1bado, de 8h \u00e0s 12h<\/p>\n\n\n\n<p><strong>USF Theom\u00e1rio Pinto<\/strong> <strong>da Costa<\/strong><br><strong>Endere\u00e7o:&nbsp;<\/strong>Travessa 02 de Agosto, s\/n \u2013 Parque Dez de Novembro<br><strong>Hor\u00e1rio de atendimento:<\/strong>&nbsp;segunda a sexta-feira, de 8 \u00e0s 18h<\/p>\n\n\n\n<h3 class=\"wp-block-heading\">ZONA LESTE<\/h3>\n\n\n\n<p><strong>USF Alfredo Campos<\/strong><br><strong>Endere\u00e7o:<\/strong>&nbsp;Rua Andr\u00e9 Ara\u00fajo, s\/n \u2013 Zumbi dos Palmares<br><strong>Hor\u00e1rio de atendimento:<\/strong>&nbsp;segunda a sexta-feira, de 8h \u00e0s 20h; s\u00e1bado, de 8h \u00e0s 12h<\/p>\n\n\n\n<p><strong>USF Maria Leonor Brilhante<\/strong><br><strong>Endere\u00e7o:&nbsp;<\/strong>Av. Autaz Mirin s\/n \u2013 Tancredo Neves<br><strong>Hor\u00e1rio de atendimento:&nbsp;<\/strong>segunda a sexta-feira, de 8h \u00e0s 20h; s\u00e1bado, de 8h \u00e0s 12h<\/p>\n\n\n\n<p><strong>USF Mauazinho<\/strong><br><strong>Endere\u00e7o:<\/strong>&nbsp;Avenida Rio Negro, 113 \u2013 Mauazinho<br><strong>Hor\u00e1rio de atendimento:<\/strong>&nbsp;segunda a sexta-feira, de 8h \u00e0s 17h<\/p>\n\n\n\n<p><strong>USF Dr. Jos\u00e9 Amazonas Palhano<\/strong><br><strong>Endere\u00e7o:<\/strong>&nbsp;Rua Ant\u00f4nio Matias, s\/n \u2013 S\u00e3o Jos\u00e9 Oper\u00e1rio II<br><strong>Hor\u00e1rio de atendimento:<\/strong>&nbsp;segunda a sexta-feira, de 8h \u00e0s 20h; s\u00e1bado, de 8h \u00e0s 12h<\/p>\n","protected":false},"excerpt":{"rendered":"","protected":false},"author":27,"featured_media":0,"parent":209193,"menu_order":0,"comment_status":"closed","ping_status":"closed","template":"page_servicos.php","meta":{"footnotes":""},"acf":[],"yoast_head":"<!-- This site is optimized with the Yoast SEO plugin v23.0 - https:\/\/yoast.com\/wordpress\/plugins\/seo\/ -->\n<title>Atendimento Antirr\u00e1bico Humano - SEMSA<\/title>\n<meta name=\"robots\" content=\"index, follow, max-snippet:-1, max-image-preview:large, max-video-preview:-1\" \/>\n<link rel=\"canonical\" href=\"https:\/\/www.manaus.am.gov.br\/semsa\/vigilancia\/vigilancia-epidemiologica\/atendimento-antirrabico-humano\/\" \/>\n<meta property=\"og:locale\" content=\"pt_BR\" \/>\n<meta property=\"og:type\" content=\"article\" \/>\n<meta property=\"og:title\" content=\"Atendimento Antirr\u00e1bico Humano - SEMSA\" \/>\n<meta property=\"og:url\" content=\"https:\/\/www.manaus.am.gov.br\/semsa\/vigilancia\/vigilancia-epidemiologica\/atendimento-antirrabico-humano\/\" \/>\n<meta property=\"og:site_name\" content=\"SEMSA\" \/>\n<meta property=\"article:modified_time\" content=\"2025-08-27T20:04:15+00:00\" \/>\n<meta property=\"og:image\" content=\"https:\/\/www.manaus.am.gov.br\/semsa\/wp-content\/uploads\/sites\/8\/2024\/07\/thumb-default-2.png\" \/>\n\t<meta property=\"og:image:width\" content=\"966\" \/>\n\t<meta property=\"og:image:height\" content=\"520\" \/>\n\t<meta property=\"og:image:type\" content=\"image\/png\" \/>\n<meta name=\"twitter:card\" content=\"summary_large_image\" \/>\n<meta name=\"twitter:label1\" content=\"Est. reading time\" \/>\n\t<meta name=\"twitter:data1\" content=\"5 minutos\" \/>\n<script type=\"application\/ld+json\" class=\"yoast-schema-graph\">{\"@context\":\"https:\/\/schema.org\",\"@graph\":[{\"@type\":\"WebPage\",\"@id\":\"https:\/\/www.manaus.am.gov.br\/semsa\/vigilancia\/vigilancia-epidemiologica\/atendimento-antirrabico-humano\/\",\"url\":\"https:\/\/www.manaus.am.gov.br\/semsa\/vigilancia\/vigilancia-epidemiologica\/atendimento-antirrabico-humano\/\",\"name\":\"Atendimento Antirr\u00e1bico Humano - SEMSA\",\"isPartOf\":{\"@id\":\"https:\/\/www.manaus.am.gov.br\/semsa\/#website\"},\"datePublished\":\"2023-01-17T19:48:09+00:00\",\"dateModified\":\"2025-08-27T20:04:15+00:00\",\"breadcrumb\":{\"@id\":\"https:\/\/www.manaus.am.gov.br\/semsa\/vigilancia\/vigilancia-epidemiologica\/atendimento-antirrabico-humano\/#breadcrumb\"},\"inLanguage\":\"pt-BR\",\"potentialAction\":[{\"@type\":\"ReadAction\",\"target\":[\"https:\/\/www.manaus.am.gov.br\/semsa\/vigilancia\/vigilancia-epidemiologica\/atendimento-antirrabico-humano\/\"]}]},{\"@type\":\"BreadcrumbList\",\"@id\":\"https:\/\/www.manaus.am.gov.br\/semsa\/vigilancia\/vigilancia-epidemiologica\/atendimento-antirrabico-humano\/#breadcrumb\",\"itemListElement\":[{\"@type\":\"ListItem\",\"position\":1,\"name\":\"Vigil\u00e2ncia\",\"item\":\"https:\/\/www.manaus.am.gov.br\/semsa\/vigilancia\/\"},{\"@type\":\"ListItem\",\"position\":2,\"name\":\"Epidemiol\u00f3gica\",\"item\":\"https:\/\/www.manaus.am.gov.br\/semsa\/vigilancia\/vigilancia-epidemiologica\/\"},{\"@type\":\"ListItem\",\"position\":3,\"name\":\"Atendimento Antirr\u00e1bico Humano\"}]},{\"@type\":\"WebSite\",\"@id\":\"https:\/\/www.manaus.am.gov.br\/semsa\/#website\",\"url\":\"https:\/\/www.manaus.am.gov.br\/semsa\/\",\"name\":\"SEMSA\",\"description\":\"Secretaria Municipal de Sa\u00fade\",\"alternateName\":\"Secretaria Municipal de Sa\u00fade\",\"potentialAction\":[{\"@type\":\"SearchAction\",\"target\":{\"@type\":\"EntryPoint\",\"urlTemplate\":\"https:\/\/www.manaus.am.gov.br\/semsa\/?s={search_term_string}\"},\"query-input\":\"required name=search_term_string\"}],\"inLanguage\":\"pt-BR\"}]}<\/script>\n<!-- \/ Yoast SEO plugin. -->","yoast_head_json":{"title":"Atendimento Antirr\u00e1bico Humano - SEMSA","robots":{"index":"index","follow":"follow","max-snippet":"max-snippet:-1","max-image-preview":"max-image-preview:large","max-video-preview":"max-video-preview:-1"},"canonical":"https:\/\/www.manaus.am.gov.br\/semsa\/vigilancia\/vigilancia-epidemiologica\/atendimento-antirrabico-humano\/","og_locale":"pt_BR","og_type":"article","og_title":"Atendimento Antirr\u00e1bico Humano - SEMSA","og_url":"https:\/\/www.manaus.am.gov.br\/semsa\/vigilancia\/vigilancia-epidemiologica\/atendimento-antirrabico-humano\/","og_site_name":"SEMSA","article_modified_time":"2025-08-27T20:04:15+00:00","og_image":[{"width":966,"height":520,"url":"https:\/\/www.manaus.am.gov.br\/semsa\/wp-content\/uploads\/sites\/8\/2024\/07\/thumb-default-2.png","type":"image\/png"}],"twitter_card":"summary_large_image","twitter_misc":{"Est. reading time":"5 minutos"},"schema":{"@context":"https:\/\/schema.org","@graph":[{"@type":"WebPage","@id":"https:\/\/www.manaus.am.gov.br\/semsa\/vigilancia\/vigilancia-epidemiologica\/atendimento-antirrabico-humano\/","url":"https:\/\/www.manaus.am.gov.br\/semsa\/vigilancia\/vigilancia-epidemiologica\/atendimento-antirrabico-humano\/","name":"Atendimento Antirr\u00e1bico Humano - SEMSA","isPartOf":{"@id":"https:\/\/www.manaus.am.gov.br\/semsa\/#website"},"datePublished":"2023-01-17T19:48:09+00:00","dateModified":"2025-08-27T20:04:15+00:00","breadcrumb":{"@id":"https:\/\/www.manaus.am.gov.br\/semsa\/vigilancia\/vigilancia-epidemiologica\/atendimento-antirrabico-humano\/#breadcrumb"},"inLanguage":"pt-BR","potentialAction":[{"@type":"ReadAction","target":["https:\/\/www.manaus.am.gov.br\/semsa\/vigilancia\/vigilancia-epidemiologica\/atendimento-antirrabico-humano\/"]}]},{"@type":"BreadcrumbList","@id":"https:\/\/www.manaus.am.gov.br\/semsa\/vigilancia\/vigilancia-epidemiologica\/atendimento-antirrabico-humano\/#breadcrumb","itemListElement":[{"@type":"ListItem","position":1,"name":"Vigil\u00e2ncia","item":"https:\/\/www.manaus.am.gov.br\/semsa\/vigilancia\/"},{"@type":"ListItem","position":2,"name":"Epidemiol\u00f3gica","item":"https:\/\/www.manaus.am.gov.br\/semsa\/vigilancia\/vigilancia-epidemiologica\/"},{"@type":"ListItem","position":3,"name":"Atendimento Antirr\u00e1bico Humano"}]},{"@type":"WebSite","@id":"https:\/\/www.manaus.am.gov.br\/semsa\/#website","url":"https:\/\/www.manaus.am.gov.br\/semsa\/","name":"SEMSA","description":"Secretaria Municipal de Sa\u00fade","alternateName":"Secretaria Municipal de Sa\u00fade","potentialAction":[{"@type":"SearchAction","target":{"@type":"EntryPoint","urlTemplate":"https:\/\/www.manaus.am.gov.br\/semsa\/?s={search_term_string}"},"query-input":"required name=search_term_string"}],"inLanguage":"pt-BR"}]}},"_links":{"self":[{"href":"https:\/\/www.manaus.am.gov.br\/semsa\/wp-json\/wp\/v2\/pages\/208611"}],"collection":[{"href":"https:\/\/www.manaus.am.gov.br\/semsa\/wp-json\/wp\/v2\/pages"}],"about":[{"href":"https:\/\/www.manaus.am.gov.br\/semsa\/wp-json\/wp\/v2\/types\/page"}],"author":[{"embeddable":true,"href":"https:\/\/www.manaus.am.gov.br\/semsa\/wp-json\/wp\/v2\/users\/27"}],"replies":[{"embeddable":true,"href":"https:\/\/www.manaus.am.gov.br\/semsa\/wp-json\/wp\/v2\/comments?post=208611"}],"version-history":[{"count":27,"href":"https:\/\/www.manaus.am.gov.br\/semsa\/wp-json\/wp\/v2\/pages\/208611\/revisions"}],"predecessor-version":[{"id":225102,"href":"https:\/\/www.manaus.am.gov.br\/semsa\/wp-json\/wp\/v2\/pages\/208611\/revisions\/225102"}],"up":[{"embeddable":true,"href":"https:\/\/www.manaus.am.gov.br\/semsa\/wp-json\/wp\/v2\/pages\/209193"}],"wp:attachment":[{"href":"https:\/\/www.manaus.am.gov.br\/semsa\/wp-json\/wp\/v2\/media?parent=208611"}],"curies":[{"name":"wp","href":"https:\/\/api.w.org\/{rel}","templated":true}]}}