{"id":208606,"date":"2023-01-17T15:34:11","date_gmt":"2023-01-17T19:34:11","guid":{"rendered":"https:\/\/www.manaus.am.gov.br\/semsa\/?page_id=208606"},"modified":"2025-08-28T12:03:44","modified_gmt":"2025-08-28T16:03:44","slug":"saude-da-populacao-negra","status":"publish","type":"page","link":"https:\/\/www.manaus.am.gov.br\/semsa\/programas-e-servicos\/saude-da-populacao-negra\/","title":{"rendered":"Sa\u00fade da Popula\u00e7\u00e3o Negra"},"content":{"rendered":"\n<p>As a\u00e7\u00f5es de sa\u00fade da popula\u00e7\u00e3o negra possuem amparo legal. O Sistema \u00danico de Sa\u00fade (SUS), reconhece que algumas das doen\u00e7as comuns \u00e0 essa popula\u00e7\u00e3o resultam de injustos processos sociais, culturais e econ\u00f4micos relacionados com a hist\u00f3ria do Pa\u00eds.&nbsp;<\/p>\n\n\n\n<p>Nesse contexto, o SUS&nbsp; instituiu a Pol\u00edtica Nacional de Sa\u00fade Integral da Popula\u00e7\u00e3o Negra (PNSIPN\/2009), com o objetivo de&nbsp;combater o racismo e a discrimina\u00e7\u00e3o, promover a equidade e garantir o acesso universal, integral e igualit\u00e1rio da popula\u00e7\u00e3o negra aos servi\u00e7os de sa\u00fade.<\/p>\n\n\n\n<p>Em Manaus, as a\u00e7\u00f5es b\u00e1sicas de sa\u00fade da popula\u00e7\u00e3o negra s\u00e3o desenvolvidas pela Secretaria Municipal de Sa\u00fade. Essas a\u00e7\u00f5es tiveram in\u00edcio em 2010 com dois eventos que marcaram esse come\u00e7o. O primeiro, realizado em 13 de maio, foi  Pr\u00e9-Semin\u00e1rio sobre Sa\u00fade da Popula\u00e7\u00e3o Negra e o segundo, realizado em 27 de outubro, foi um ciclo de palestras em comemora\u00e7\u00e3o ao Dia Nacional de Mobiliza\u00e7\u00e3o Pr\u00f3-Sa\u00fade da Popula\u00e7\u00e3o Negra.<\/p>\n\n\n\n<h2 class=\"wp-block-heading\">Servi\u00e7os<\/h2>\n\n\n\n<p>As principais a\u00e7\u00f5es desenvolvidas pela Semsa na promo\u00e7\u00e3o e cuidado em sa\u00fade da popula\u00e7\u00e3o negra s\u00e3o:<br><strong>&#8211;<\/strong> Inclus\u00e3o dos temas racismo e sa\u00fade da popula\u00e7\u00e3o negra nas capacita\u00e7\u00f5es das equipes de sa\u00fade;<br><strong>&#8211;<\/strong> A\u00e7\u00f5es de educa\u00e7\u00e3o em sa\u00fade: palestras e rodas de conversa sobre os agravos que mais atingem a pessoa negra, como a doen\u00e7a falciforme;<br><strong>&#8211;<\/strong> Articula\u00e7\u00e3o com os movimentos sociais para o fortalecimento do controle social;<br><strong>&#8211;<\/strong> Monitoramento e avalia\u00e7\u00e3o das a\u00e7\u00f5es pertinentes \u00e0 sa\u00fade nos cinco distritos de sa\u00fade da Semsa;<br><strong>&#8211; <\/strong>Parcerias intersetoriais e interinstitucionais para amplia\u00e7\u00e3o e fortalecimento dos direitos de acesso aos servi\u00e7os de sa\u00fade (Sa\u00fade da Mulher, Programa Sa\u00fade na escola\/PSE, Coordena\u00e7\u00e3o Estadual de Sa\u00fade da Popula\u00e7\u00e3o Negra\/SES, FHemoam; Pastoral do Migrante\/C\u00e1ritas Arquidiocesana de Manaus, Quilombo S\u00e3o Benedito e demais movimentos sociais da capital);<br><strong>&#8211;<\/strong> Consultas m\u00e9dicas e de enfermagem, imuniza\u00e7\u00e3o e demais a\u00e7\u00f5es de aten\u00e7\u00e3o e vigil\u00e2ncia junto aos migrantes haitianos.<\/p>\n\n\n\n<p><em>A Sa\u00fade tem um importante papel no combate e elimina\u00e7\u00e3o de toda a forma de discrimina\u00e7\u00e3o, preconceito e racismo em nossa sociedade, por meio da garantia do acesso, acolhimento e fortalecimento da participa\u00e7\u00e3o social em todos os espa\u00e7os do SUS.<\/em><\/p>\n\n\n\n<h2 class=\"wp-block-heading\">Datas comemorativas<\/h2>\n\n\n\n<p><strong>&#8211; 11 de janeiro:<\/strong> Equipara\u00e7\u00e3o de inj\u00faria racial ao crime de racismo <\/p>\n\n\n\n<h2 class=\"wp-block-heading\"><a href=\"https:\/\/normas.leg.br\/?urn=urn:lex:br:federal:lei:2023-01-11;14532\" target=\"_blank\" rel=\"noreferrer noopener\">LEI N\u00ba 14.532, DE 11 DE JANEIRO DE 2023<\/a><\/h2>\n\n\n\n<p>Altera a&nbsp;Lei n\u00ba 7.716, de 5 de janeiro de 1989&nbsp;(Lei do Crime Racial), e o&nbsp;Decreto-Lei n\u00ba 2.848, de 7 de dezembro de 1940&nbsp;(C\u00f3digo Penal), para tipificar como crime de racismo a inj\u00faria racial, prever pena de suspens\u00e3o de direito em caso de racismo praticado no contexto de atividade esportiva ou art\u00edstica e prever pena para o racismo religioso e recreativo e para o praticado por funcion\u00e1rio p\u00fablico.<\/p>\n\n\n\n<p><strong>&#8211; 21 de janeiro:<\/strong> Dia Nacional de Combate \u00e0 Intoler\u00e2ncia Religiosa;<br><strong>&#8211; 21 de mar\u00e7o:<\/strong> Dia Internacional de Luta contra a Discrimina\u00e7\u00e3o Racial;<br><strong>&#8211; 13 de maio: <\/strong>Dia Nacional de Den\u00fancia contra o Racismo e Assinatura da Lei \u00c1urea;<br><strong>&#8211; 3 de julho: <\/strong>Promulga\u00e7\u00e3o da Lei Afonso Arinos<\/p>\n\n\n\n<h2 class=\"wp-block-heading\"><a href=\"http:\/\/www.planalto.gov.br\/ccivil_03\/leis\/l1390.htm\" target=\"_blank\" rel=\"noreferrer noopener\">LEI N\u00ba 1.390, DE JULHO DE 1951<\/a><\/h2>\n\n\n\n<p>Inclui entre as contraven\u00e7\u00f5es penais a pr\u00e1tica de atos resultantes de preconceitos de ra\u00e7a ou de cor.<\/p>\n\n\n\n<p><strong>&#8211; 25 de julho:<\/strong> Dia Internacional da Mulher Negra, Latino-americana e Caribenha;<br><strong>&#8211; 22 de agosto:<\/strong> Cria\u00e7\u00e3o da Funda\u00e7\u00e3o Cultural Palmares<\/p>\n\n\n\n<h2 class=\"wp-block-heading\"><a href=\"http:\/\/www.planalto.gov.br\/ccivil_03\/leis\/l7668.htm\" target=\"_blank\" rel=\"noreferrer noopener\">LEI N\u00ba 7.668, DE 22 DE AGOSTO DE 1988<\/a><\/h2>\n\n\n\n<p>Autoriza o Poder Executivo a constituir a Funda\u00e7\u00e3o Cultural Palmares (FCP) e d\u00e1 outras provid\u00eancias.<\/p>\n\n\n\n<p><strong>&#8211; 23 de agosto:<\/strong> Dia Internacional da Mem\u00f3ria de Tr\u00e1fico Negreiro;<br><strong>&#8211; 4 de setembro:<\/strong> Promulga\u00e7\u00e3o da Lei Eus\u00e9bio de Queiroz, que extingue o tr\u00e1fico de escravos no Brasil;<\/p>\n\n\n\n<h2 class=\"wp-block-heading\"><a href=\"https:\/\/www.planalto.gov.br\/ccivil_03\/leis\/lim\/lim581.htm#:~:text=LEI%20N%C2%BA%20581%2C%20DE%204%20DE%20SETEMBRO%20DE%201850.&amp;text=Estabelece%20medidas%20para%20a%20repress%C3%A3o%20do%20trafico%20de%20africanos%20neste%20Imperio.\" target=\"_blank\" rel=\"noreferrer noopener\">LEI N\u00ba 581, DE 4 DE SETEMBRO DE 1850<\/a><\/h2>\n\n\n\n<p>Estabelece medidas para a repress\u00e3o do trafico de africanos neste Imp\u00e9rio.<\/p>\n\n\n\n<p><strong>&#8211; 28 de setembro:<\/strong> Promulga\u00e7\u00e3o da Lei do Ventre Livre<\/p>\n\n\n\n<h2 class=\"wp-block-heading\"><a href=\"https:\/\/www.planalto.gov.br\/ccivil_03\/leis\/lim\/lim2040.htm\" target=\"_blank\" rel=\"noreferrer noopener\">LEI N\u00ba 2.040, DE 28 DE SETEMBRO DE 1871<\/a><\/h2>\n\n\n\n<p>Declara de condi\u00e7\u00e3o livre os filhos de mulher escrava que nascerem desde a data desta lei, libertos os escravos da Na\u00e7\u00e3o e outros, e providencia sobre a cria\u00e7\u00e3o e tratamento daqueles filhos menores e sobre a liberta\u00e7\u00e3o anual de escravos.<\/p>\n\n\n\n<p>Que declarava livre os filhos das escravas que nascessem ap\u00f3s essa data e da Lei do Sexagen\u00e1rio.<\/p>\n\n\n\n<h2 class=\"wp-block-heading\"><a href=\"http:\/\/www.planalto.gov.br\/ccivil_03\/leis\/lim\/LIM3270.htm\" target=\"_blank\" rel=\"noreferrer noopener\">LEI N\u00ba 3.270, DE 28 DE SETEMBRO DE 1885<\/a><\/h2>\n\n\n\n<p>Regula a extin\u00e7\u00e3o gradual do elemento servil.<\/p>\n\n\n\n<p>Garantindo a liberdade aos escravos com mais de 60 anos de idade;<br><strong>&#8211; 20 de novembro:<\/strong> Dia Nacional da Consci\u00eancia Negra;<br><strong>&#8211; 20 de dezembro:<\/strong> Promulga\u00e7\u00e3o da Lei do Sexagen\u00e1rio.<\/p>\n\n\n\n<h2 class=\"wp-block-heading\"><a href=\"http:\/\/www.planalto.gov.br\/ccivil_03\/leis\/l7437.htm\" target=\"_blank\" rel=\"noreferrer noopener\">LEI N\u00ba 7.437, DE 20 DE DEZEMBRO DE 1985<\/a><\/h2>\n\n\n\n<p>Inclui, entre as contraven\u00e7\u00f5es penais a pr\u00e1tica de atos resultantes de preconceito de ra\u00e7a, cor, sexo ou estado civil, dando nova reda\u00e7\u00e3o \u00e0 Lei n\u00ba 1.390, de 3 de julho de 1951 &#8211; Lei Afonso Arinos.<\/p>\n\n\n\n<p>Estabelece como contraven\u00e7\u00e3o penal o tratamento discriminat\u00f3rio no mercado de trabalho, por motivo de ra\u00e7a\/cor.<br><br><\/p>\n\n\n\n<p><br><\/p>\n","protected":false},"excerpt":{"rendered":"","protected":false},"author":27,"featured_media":0,"parent":211520,"menu_order":0,"comment_status":"closed","ping_status":"closed","template":"templates\/turismo.php","meta":{"footnotes":""},"acf":[],"yoast_head":"<!-- This site is optimized with the Yoast SEO plugin v23.0 - https:\/\/yoast.com\/wordpress\/plugins\/seo\/ -->\n<title>Sa\u00fade da Popula\u00e7\u00e3o Negra - SEMSA<\/title>\n<meta name=\"robots\" content=\"index, follow, max-snippet:-1, max-image-preview:large, max-video-preview:-1\" \/>\n<link rel=\"canonical\" href=\"https:\/\/www.manaus.am.gov.br\/semsa\/programas-e-servicos\/saude-da-populacao-negra\/\" \/>\n<meta property=\"og:locale\" content=\"pt_BR\" \/>\n<meta property=\"og:type\" content=\"article\" \/>\n<meta property=\"og:title\" content=\"Sa\u00fade da Popula\u00e7\u00e3o Negra - SEMSA\" \/>\n<meta property=\"og:url\" content=\"https:\/\/www.manaus.am.gov.br\/semsa\/programas-e-servicos\/saude-da-populacao-negra\/\" \/>\n<meta property=\"og:site_name\" content=\"SEMSA\" \/>\n<meta property=\"article:modified_time\" content=\"2025-08-28T16:03:44+00:00\" \/>\n<meta property=\"og:image\" content=\"https:\/\/www.manaus.am.gov.br\/semsa\/wp-content\/uploads\/sites\/8\/2024\/07\/thumb-default-2.png\" \/>\n\t<meta property=\"og:image:width\" content=\"966\" \/>\n\t<meta property=\"og:image:height\" content=\"520\" \/>\n\t<meta property=\"og:image:type\" content=\"image\/png\" \/>\n<meta name=\"twitter:card\" content=\"summary_large_image\" \/>\n<meta name=\"twitter:label1\" content=\"Est. reading time\" \/>\n\t<meta name=\"twitter:data1\" content=\"5 minutos\" \/>\n<script type=\"application\/ld+json\" class=\"yoast-schema-graph\">{\"@context\":\"https:\/\/schema.org\",\"@graph\":[{\"@type\":\"WebPage\",\"@id\":\"https:\/\/www.manaus.am.gov.br\/semsa\/programas-e-servicos\/saude-da-populacao-negra\/\",\"url\":\"https:\/\/www.manaus.am.gov.br\/semsa\/programas-e-servicos\/saude-da-populacao-negra\/\",\"name\":\"Sa\u00fade da Popula\u00e7\u00e3o Negra - SEMSA\",\"isPartOf\":{\"@id\":\"https:\/\/www.manaus.am.gov.br\/semsa\/#website\"},\"datePublished\":\"2023-01-17T19:34:11+00:00\",\"dateModified\":\"2025-08-28T16:03:44+00:00\",\"breadcrumb\":{\"@id\":\"https:\/\/www.manaus.am.gov.br\/semsa\/programas-e-servicos\/saude-da-populacao-negra\/#breadcrumb\"},\"inLanguage\":\"pt-BR\",\"potentialAction\":[{\"@type\":\"ReadAction\",\"target\":[\"https:\/\/www.manaus.am.gov.br\/semsa\/programas-e-servicos\/saude-da-populacao-negra\/\"]}]},{\"@type\":\"BreadcrumbList\",\"@id\":\"https:\/\/www.manaus.am.gov.br\/semsa\/programas-e-servicos\/saude-da-populacao-negra\/#breadcrumb\",\"itemListElement\":[{\"@type\":\"ListItem\",\"position\":1,\"name\":\"PROGRAMAS E SERVI\u00c7OS\",\"item\":\"https:\/\/www.manaus.am.gov.br\/semsa\/programas-e-servicos\/\"},{\"@type\":\"ListItem\",\"position\":2,\"name\":\"Sa\u00fade da Popula\u00e7\u00e3o Negra\"}]},{\"@type\":\"WebSite\",\"@id\":\"https:\/\/www.manaus.am.gov.br\/semsa\/#website\",\"url\":\"https:\/\/www.manaus.am.gov.br\/semsa\/\",\"name\":\"SEMSA\",\"description\":\"Secretaria Municipal de Sa\u00fade\",\"alternateName\":\"Secretaria Municipal de Sa\u00fade\",\"potentialAction\":[{\"@type\":\"SearchAction\",\"target\":{\"@type\":\"EntryPoint\",\"urlTemplate\":\"https:\/\/www.manaus.am.gov.br\/semsa\/?s={search_term_string}\"},\"query-input\":\"required name=search_term_string\"}],\"inLanguage\":\"pt-BR\"}]}<\/script>\n<!-- \/ Yoast SEO plugin. -->","yoast_head_json":{"title":"Sa\u00fade da Popula\u00e7\u00e3o Negra - SEMSA","robots":{"index":"index","follow":"follow","max-snippet":"max-snippet:-1","max-image-preview":"max-image-preview:large","max-video-preview":"max-video-preview:-1"},"canonical":"https:\/\/www.manaus.am.gov.br\/semsa\/programas-e-servicos\/saude-da-populacao-negra\/","og_locale":"pt_BR","og_type":"article","og_title":"Sa\u00fade da Popula\u00e7\u00e3o Negra - SEMSA","og_url":"https:\/\/www.manaus.am.gov.br\/semsa\/programas-e-servicos\/saude-da-populacao-negra\/","og_site_name":"SEMSA","article_modified_time":"2025-08-28T16:03:44+00:00","og_image":[{"width":966,"height":520,"url":"https:\/\/www.manaus.am.gov.br\/semsa\/wp-content\/uploads\/sites\/8\/2024\/07\/thumb-default-2.png","type":"image\/png"}],"twitter_card":"summary_large_image","twitter_misc":{"Est. reading time":"5 minutos"},"schema":{"@context":"https:\/\/schema.org","@graph":[{"@type":"WebPage","@id":"https:\/\/www.manaus.am.gov.br\/semsa\/programas-e-servicos\/saude-da-populacao-negra\/","url":"https:\/\/www.manaus.am.gov.br\/semsa\/programas-e-servicos\/saude-da-populacao-negra\/","name":"Sa\u00fade da Popula\u00e7\u00e3o Negra - SEMSA","isPartOf":{"@id":"https:\/\/www.manaus.am.gov.br\/semsa\/#website"},"datePublished":"2023-01-17T19:34:11+00:00","dateModified":"2025-08-28T16:03:44+00:00","breadcrumb":{"@id":"https:\/\/www.manaus.am.gov.br\/semsa\/programas-e-servicos\/saude-da-populacao-negra\/#breadcrumb"},"inLanguage":"pt-BR","potentialAction":[{"@type":"ReadAction","target":["https:\/\/www.manaus.am.gov.br\/semsa\/programas-e-servicos\/saude-da-populacao-negra\/"]}]},{"@type":"BreadcrumbList","@id":"https:\/\/www.manaus.am.gov.br\/semsa\/programas-e-servicos\/saude-da-populacao-negra\/#breadcrumb","itemListElement":[{"@type":"ListItem","position":1,"name":"PROGRAMAS E SERVI\u00c7OS","item":"https:\/\/www.manaus.am.gov.br\/semsa\/programas-e-servicos\/"},{"@type":"ListItem","position":2,"name":"Sa\u00fade da Popula\u00e7\u00e3o Negra"}]},{"@type":"WebSite","@id":"https:\/\/www.manaus.am.gov.br\/semsa\/#website","url":"https:\/\/www.manaus.am.gov.br\/semsa\/","name":"SEMSA","description":"Secretaria Municipal de Sa\u00fade","alternateName":"Secretaria Municipal de Sa\u00fade","potentialAction":[{"@type":"SearchAction","target":{"@type":"EntryPoint","urlTemplate":"https:\/\/www.manaus.am.gov.br\/semsa\/?s={search_term_string}"},"query-input":"required name=search_term_string"}],"inLanguage":"pt-BR"}]}},"_links":{"self":[{"href":"https:\/\/www.manaus.am.gov.br\/semsa\/wp-json\/wp\/v2\/pages\/208606"}],"collection":[{"href":"https:\/\/www.manaus.am.gov.br\/semsa\/wp-json\/wp\/v2\/pages"}],"about":[{"href":"https:\/\/www.manaus.am.gov.br\/semsa\/wp-json\/wp\/v2\/types\/page"}],"author":[{"embeddable":true,"href":"https:\/\/www.manaus.am.gov.br\/semsa\/wp-json\/wp\/v2\/users\/27"}],"replies":[{"embeddable":true,"href":"https:\/\/www.manaus.am.gov.br\/semsa\/wp-json\/wp\/v2\/comments?post=208606"}],"version-history":[{"count":12,"href":"https:\/\/www.manaus.am.gov.br\/semsa\/wp-json\/wp\/v2\/pages\/208606\/revisions"}],"predecessor-version":[{"id":225121,"href":"https:\/\/www.manaus.am.gov.br\/semsa\/wp-json\/wp\/v2\/pages\/208606\/revisions\/225121"}],"up":[{"embeddable":true,"href":"https:\/\/www.manaus.am.gov.br\/semsa\/wp-json\/wp\/v2\/pages\/211520"}],"wp:attachment":[{"href":"https:\/\/www.manaus.am.gov.br\/semsa\/wp-json\/wp\/v2\/media?parent=208606"}],"curies":[{"name":"wp","href":"https:\/\/api.w.org\/{rel}","templated":true}]}}