{"id":208586,"date":"2023-01-17T14:30:47","date_gmt":"2023-01-17T18:30:47","guid":{"rendered":"https:\/\/www.manaus.am.gov.br\/semsa\/?page_id=208586"},"modified":"2023-04-03T16:50:54","modified_gmt":"2023-04-03T20:50:54","slug":"saude-da-pessoa-idosa","status":"publish","type":"page","link":"https:\/\/www.manaus.am.gov.br\/semsa\/programas-e-servicos\/saude-da-pessoa-idosa\/","title":{"rendered":"Sa\u00fade da pessoa idosa"},"content":{"rendered":"\n<h2 class=\"wp-block-heading\">Orienta\u00e7\u00f5es<\/h2>\n\n\n\n<p><strong>Quem \u00e9 o idoso?<\/strong><br>O idoso \u00e9 toda pessoa, seja homem ou mulher, com 60 anos ou mais.<\/p>\n\n\n\n<p><strong>Qual o objetivo da Pol\u00edtica Municipal de Sa\u00fade do Idoso?<\/strong><br>A Pol\u00edtica Municipal de Sa\u00fade do Idoso segue as orienta\u00e7\u00f5es da Pol\u00edtica Nacional de Sa\u00fade do Idoso, do Estatuto do Idoso e tem a finalidade de garantir que todo idoso seja atendido de forma integral, promovendo a manuten\u00e7\u00e3o da capacidade funcional (que continue realizando suas atividades dentro e fora de casa) e da autonomia (que continue participando da sociedade, seja trabalhando ou dando sua opini\u00e3o sobre determinadas situa\u00e7\u00f5es), contribuindo para um envelhecimento ativo e saud\u00e1vel (participando de grupo de idosos, adotando h\u00e1bitos saud\u00e1veis, como parar de fumar e tomar bebida alco\u00f3lica, entre outros).<\/p>\n\n\n\n<p><strong>Sou idoso, como fa\u00e7o para ser atendido?<\/strong><br>Voc\u00ea precisa ir at\u00e9 um Servi\u00e7o de Sa\u00fade (Unidade B\u00e1sica de Sa\u00fade da Fam\u00edlia &#8211; UBSF ou Unidade de Sa\u00fade) mais pr\u00f3xima de sua casa de segunda a sexta, no hor\u00e1rio das 7h \u00e0s 17h, com os seguintes documentos: Carteira de Identidade, comprovante de resid\u00eancia e cart\u00e3o SUS. Se voc\u00ea n\u00e3o tiver cart\u00e3o SUS, n\u00e3o se preocupe, ser\u00e1 providenciado.<\/p>\n\n\n\n<p><strong>Como funciona o atendimento?<\/strong><br>\u00c9 preenchida sua ficha de atendimento e a Caderneta de Sa\u00fade do idoso \u00e9 entregue a voc\u00ea. De acordo com sua necessidade, voc\u00ea ser\u00e1 avaliado pelo profissional de sa\u00fade e poder\u00e1 ser encaminhado aos servi\u00e7os de Consulta M\u00e9dica, Enfermagem, Vacina\u00e7\u00e3o, Preventivo, Dentista, dentre outros. Tamb\u00e9m de acordo com a avalia\u00e7\u00e3o, poder\u00e1 ser encaminhado para exames laboratoriais e\/ou de imagens.<\/p>\n\n\n\n<p><strong>A Semsa disponibiliza fraldas geri\u00e1tricas ou outros insumos como: cadeira de rodas, banho, colch\u00e3o, caixa de ovo, andador, bengalas, dentre outros<\/strong>?<br>N\u00e3o. A Semsa n\u00e3o disponibiliza esses materiais, pois n\u00e3o est\u00e3o sob sua responsabilidade. Esta responsabilidade \u00e9 da Secretaria de Estado da Sa\u00fade (SES-AM). Para adquirir esses materiais, o familiar precisar\u00e1 de um laudo m\u00e9dico com a descri\u00e7\u00e3o do problema de sa\u00fade do idoso. Comprovante de resid\u00eancia; c\u00f3pia de CPF e RG; cart\u00e3o SUS. De posse de tudo isso ir at\u00e9 o Servi\u00e7o Social da SES para abrir processo de aquisi\u00e7\u00e3o.<\/p>\n\n\n\n<h2 class=\"wp-block-heading\">Vacina<\/h2>\n\n\n\n<p><strong>O idoso pode tomar vacina?<\/strong><br>Sim. O idoso precisa tomar as vacinas referentes a sua faixa et\u00e1ria. A vacina n\u00e3o faz mal. Ela faz bem. Quanto mais idade se tem, ficamos mais fr\u00e1geis, por isso precisamos tomar as vacinas que protegem as pessoas em todas as idades. As vacinas dispon\u00edveis nas Unidades de Sa\u00fade para o idoso s\u00e3o:<\/p>\n\n\n\n<p><strong>Influenza<\/strong> (contra gripe): Uma dose por ano.<\/p>\n\n\n\n<p><strong>Pneumococo 23<\/strong> (contra pneumonia causada pela bact\u00e9ria <em>Pneumococo<\/em>): Dose \u00fanica com um refor\u00e7o ap\u00f3s cinco anos.<br>Quem toma? Idosos acamados (asilos, hospitais, em casa).<\/p>\n\n\n\n<p><strong>Difteria e T\u00e9tano (dT) <\/strong>(protege contra difteria e t\u00e9tano): S\u00e3o tr\u00eas doses e uma dose de refor\u00e7o.<br>Quem toma? Para idosos e todas as pessoas n\u00e3o vacinadas ou com esquema de vacina incompleto ou ainda com a \u00faltima dose feita h\u00e1 mais de dez anos.<\/p>\n\n\n\n<p><strong>Vacina contra hepatite B:<\/strong> S\u00e3o tr\u00eas doses. <br>Quem toma? Idosos e todas as pessoas n\u00e3o vacinadas ou com esquema incompleto de vacina.<\/p>\n\n\n\n<p><strong>Febre Amarela:<\/strong> Se o idoso nunca foi vacinado, dever\u00e1 ser primeiramente avaliado pelo m\u00e9dico antes de receber a vacina.<\/p>\n\n\n\n<p><strong>Por que o idoso que toma a vacina da Influenza, apresenta a gripe? A vacina n\u00e3o protege?<\/strong><br>A vacina protege contra o v\u00edrus Influenza que \u00e9 o que pode ocasionar complica\u00e7\u00f5es s\u00e9rias em pessoas de mais idade. Como existem outros tipos de v\u00edrus em circula\u00e7\u00e3o (que n\u00e3o oferecem riscos \u00e0 sa\u00fade dos idosos), podem ocorrer casos de gripes brandas.<\/p>\n\n\n\n<h2 class=\"wp-block-heading\">Preventivo em idosas<\/h2>\n\n\n\n<p>Mulheres idosas devem realizar o preventivo?<br>De acordo com as orienta\u00e7\u00f5es do Minist\u00e9rio da Sa\u00fade a coleta de material dever\u00e1 ser feita a partir dos 25 anos de idade. Os exames preventivos devem seguir at\u00e9 os 64 anos e serem interrompidos quando essas mulheres tiverem pelo menos dois exames negativos consecutivos, nos \u00faltimos cinco anos. No caso das mulheres com mais de 64 anos e que nunca realizaram o exame, devem ser feitos dois preventivos com intervalo de um a tr\u00eas anos. Se os dois resultados forem negativos, essas mulheres podem ser dispensadas de exames adicionais.<\/p>\n\n\n\n<p><br><\/p>\n","protected":false},"excerpt":{"rendered":"","protected":false},"author":27,"featured_media":0,"parent":211520,"menu_order":0,"comment_status":"closed","ping_status":"closed","template":"templates\/turismo.php","meta":{"footnotes":""},"acf":[],"yoast_head":"<!-- This site is optimized with the Yoast SEO plugin v23.0 - https:\/\/yoast.com\/wordpress\/plugins\/seo\/ -->\n<title>Sa\u00fade da pessoa idosa - SEMSA<\/title>\n<meta name=\"robots\" content=\"index, follow, max-snippet:-1, max-image-preview:large, max-video-preview:-1\" \/>\n<link rel=\"canonical\" href=\"https:\/\/www.manaus.am.gov.br\/semsa\/programas-e-servicos\/saude-da-pessoa-idosa\/\" \/>\n<meta property=\"og:locale\" content=\"pt_BR\" \/>\n<meta property=\"og:type\" content=\"article\" \/>\n<meta property=\"og:title\" content=\"Sa\u00fade da pessoa idosa - SEMSA\" \/>\n<meta property=\"og:url\" content=\"https:\/\/www.manaus.am.gov.br\/semsa\/programas-e-servicos\/saude-da-pessoa-idosa\/\" \/>\n<meta property=\"og:site_name\" content=\"SEMSA\" \/>\n<meta property=\"article:modified_time\" content=\"2023-04-03T20:50:54+00:00\" \/>\n<meta property=\"og:image\" content=\"https:\/\/www.manaus.am.gov.br\/semsa\/wp-content\/uploads\/sites\/8\/2024\/07\/thumb-default-2.png\" \/>\n\t<meta property=\"og:image:width\" content=\"966\" \/>\n\t<meta property=\"og:image:height\" content=\"520\" \/>\n\t<meta property=\"og:image:type\" content=\"image\/png\" \/>\n<meta name=\"twitter:card\" content=\"summary_large_image\" \/>\n<meta name=\"twitter:label1\" content=\"Est. reading time\" \/>\n\t<meta name=\"twitter:data1\" content=\"4 minutos\" \/>\n<script type=\"application\/ld+json\" class=\"yoast-schema-graph\">{\"@context\":\"https:\/\/schema.org\",\"@graph\":[{\"@type\":\"WebPage\",\"@id\":\"https:\/\/www.manaus.am.gov.br\/semsa\/programas-e-servicos\/saude-da-pessoa-idosa\/\",\"url\":\"https:\/\/www.manaus.am.gov.br\/semsa\/programas-e-servicos\/saude-da-pessoa-idosa\/\",\"name\":\"Sa\u00fade da pessoa idosa - SEMSA\",\"isPartOf\":{\"@id\":\"https:\/\/www.manaus.am.gov.br\/semsa\/#website\"},\"datePublished\":\"2023-01-17T18:30:47+00:00\",\"dateModified\":\"2023-04-03T20:50:54+00:00\",\"breadcrumb\":{\"@id\":\"https:\/\/www.manaus.am.gov.br\/semsa\/programas-e-servicos\/saude-da-pessoa-idosa\/#breadcrumb\"},\"inLanguage\":\"pt-BR\",\"potentialAction\":[{\"@type\":\"ReadAction\",\"target\":[\"https:\/\/www.manaus.am.gov.br\/semsa\/programas-e-servicos\/saude-da-pessoa-idosa\/\"]}]},{\"@type\":\"BreadcrumbList\",\"@id\":\"https:\/\/www.manaus.am.gov.br\/semsa\/programas-e-servicos\/saude-da-pessoa-idosa\/#breadcrumb\",\"itemListElement\":[{\"@type\":\"ListItem\",\"position\":1,\"name\":\"PROGRAMAS E SERVI\u00c7OS\",\"item\":\"https:\/\/www.manaus.am.gov.br\/semsa\/programas-e-servicos\/\"},{\"@type\":\"ListItem\",\"position\":2,\"name\":\"Sa\u00fade da pessoa idosa\"}]},{\"@type\":\"WebSite\",\"@id\":\"https:\/\/www.manaus.am.gov.br\/semsa\/#website\",\"url\":\"https:\/\/www.manaus.am.gov.br\/semsa\/\",\"name\":\"SEMSA\",\"description\":\"Secretaria Municipal de Sa\u00fade\",\"alternateName\":\"Secretaria Municipal de Sa\u00fade\",\"potentialAction\":[{\"@type\":\"SearchAction\",\"target\":{\"@type\":\"EntryPoint\",\"urlTemplate\":\"https:\/\/www.manaus.am.gov.br\/semsa\/?s={search_term_string}\"},\"query-input\":\"required name=search_term_string\"}],\"inLanguage\":\"pt-BR\"}]}<\/script>\n<!-- \/ Yoast SEO plugin. -->","yoast_head_json":{"title":"Sa\u00fade da pessoa idosa - SEMSA","robots":{"index":"index","follow":"follow","max-snippet":"max-snippet:-1","max-image-preview":"max-image-preview:large","max-video-preview":"max-video-preview:-1"},"canonical":"https:\/\/www.manaus.am.gov.br\/semsa\/programas-e-servicos\/saude-da-pessoa-idosa\/","og_locale":"pt_BR","og_type":"article","og_title":"Sa\u00fade da pessoa idosa - SEMSA","og_url":"https:\/\/www.manaus.am.gov.br\/semsa\/programas-e-servicos\/saude-da-pessoa-idosa\/","og_site_name":"SEMSA","article_modified_time":"2023-04-03T20:50:54+00:00","og_image":[{"width":966,"height":520,"url":"https:\/\/www.manaus.am.gov.br\/semsa\/wp-content\/uploads\/sites\/8\/2024\/07\/thumb-default-2.png","type":"image\/png"}],"twitter_card":"summary_large_image","twitter_misc":{"Est. reading time":"4 minutos"},"schema":{"@context":"https:\/\/schema.org","@graph":[{"@type":"WebPage","@id":"https:\/\/www.manaus.am.gov.br\/semsa\/programas-e-servicos\/saude-da-pessoa-idosa\/","url":"https:\/\/www.manaus.am.gov.br\/semsa\/programas-e-servicos\/saude-da-pessoa-idosa\/","name":"Sa\u00fade da pessoa idosa - SEMSA","isPartOf":{"@id":"https:\/\/www.manaus.am.gov.br\/semsa\/#website"},"datePublished":"2023-01-17T18:30:47+00:00","dateModified":"2023-04-03T20:50:54+00:00","breadcrumb":{"@id":"https:\/\/www.manaus.am.gov.br\/semsa\/programas-e-servicos\/saude-da-pessoa-idosa\/#breadcrumb"},"inLanguage":"pt-BR","potentialAction":[{"@type":"ReadAction","target":["https:\/\/www.manaus.am.gov.br\/semsa\/programas-e-servicos\/saude-da-pessoa-idosa\/"]}]},{"@type":"BreadcrumbList","@id":"https:\/\/www.manaus.am.gov.br\/semsa\/programas-e-servicos\/saude-da-pessoa-idosa\/#breadcrumb","itemListElement":[{"@type":"ListItem","position":1,"name":"PROGRAMAS E SERVI\u00c7OS","item":"https:\/\/www.manaus.am.gov.br\/semsa\/programas-e-servicos\/"},{"@type":"ListItem","position":2,"name":"Sa\u00fade da pessoa idosa"}]},{"@type":"WebSite","@id":"https:\/\/www.manaus.am.gov.br\/semsa\/#website","url":"https:\/\/www.manaus.am.gov.br\/semsa\/","name":"SEMSA","description":"Secretaria Municipal de Sa\u00fade","alternateName":"Secretaria Municipal de Sa\u00fade","potentialAction":[{"@type":"SearchAction","target":{"@type":"EntryPoint","urlTemplate":"https:\/\/www.manaus.am.gov.br\/semsa\/?s={search_term_string}"},"query-input":"required name=search_term_string"}],"inLanguage":"pt-BR"}]}},"_links":{"self":[{"href":"https:\/\/www.manaus.am.gov.br\/semsa\/wp-json\/wp\/v2\/pages\/208586"}],"collection":[{"href":"https:\/\/www.manaus.am.gov.br\/semsa\/wp-json\/wp\/v2\/pages"}],"about":[{"href":"https:\/\/www.manaus.am.gov.br\/semsa\/wp-json\/wp\/v2\/types\/page"}],"author":[{"embeddable":true,"href":"https:\/\/www.manaus.am.gov.br\/semsa\/wp-json\/wp\/v2\/users\/27"}],"replies":[{"embeddable":true,"href":"https:\/\/www.manaus.am.gov.br\/semsa\/wp-json\/wp\/v2\/comments?post=208586"}],"version-history":[{"count":3,"href":"https:\/\/www.manaus.am.gov.br\/semsa\/wp-json\/wp\/v2\/pages\/208586\/revisions"}],"predecessor-version":[{"id":211528,"href":"https:\/\/www.manaus.am.gov.br\/semsa\/wp-json\/wp\/v2\/pages\/208586\/revisions\/211528"}],"up":[{"embeddable":true,"href":"https:\/\/www.manaus.am.gov.br\/semsa\/wp-json\/wp\/v2\/pages\/211520"}],"wp:attachment":[{"href":"https:\/\/www.manaus.am.gov.br\/semsa\/wp-json\/wp\/v2\/media?parent=208586"}],"curies":[{"name":"wp","href":"https:\/\/api.w.org\/{rel}","templated":true}]}}