{"id":208573,"date":"2023-01-17T11:58:33","date_gmt":"2023-01-17T15:58:33","guid":{"rendered":"https:\/\/www.manaus.am.gov.br\/semsa\/?page_id=208573"},"modified":"2026-04-15T09:07:24","modified_gmt":"2026-04-15T13:07:24","slug":"vigilancia-de-zoonoses","status":"publish","type":"page","link":"https:\/\/www.manaus.am.gov.br\/semsa\/vigilancia\/vigilancia-de-zoonoses\/","title":{"rendered":"Zoonoses"},"content":{"rendered":"\n<p>\u00c1rea respons\u00e1vel: Centro de Controle de Zoonoses Dr. Carlos Durand<br><strong>E-mail: <\/strong><a href=\"mailto:adm.ccz.manaus@gmail.com\">adm.ccz.manaus@gmail.com<\/a> e <a href=\"mailto:ccz.semsa@pmm.am.gov.br\">ccz.semsa@pmm.am.gov.br<\/a><br><strong>Endere\u00e7o:<\/strong> Avenida Brasil, s\/n, Compensa (ao lado do CAIC da Compensa)<\/p>\n\n\n\n<p>Administra\u00e7\u00e3o: 98842-8359 whatsapp<br>Esporotricose: 98842-8484 whatsapp<br>Hor\u00e1rio de atendimento: Segunda \u00e0 Sexta de 08h \u00e0s 16h<\/p>\n\n\n\n<p>N\u00facleo de Vigil\u00e2ncia de Zoonoses &#8211; NUVIZ<br><strong>Contato:<\/strong> 98842-8508 whatsapp<br><strong>Email:<\/strong> <a href=\"mailto:serec.manaus@gmail.com\">serec.manaus@gmail.com<\/a><\/p>\n\n\n\n<p><\/p>\n\n\n\n<p>Setor de Controle Populacional &#8211; NUCPA<br><strong>Contato:<\/strong> 98842-8540 whatsapp<br><strong>Email<\/strong>: <a href=\"mailto:nucra.ccz@gmail.com\">nucra.ccz@gmail.com<\/a><br><\/p>\n\n\n\n<p>A\u00e7\u00f5es de Profilaxia e Controle da Raiva Humana (APCRH\/DASSA-SEMSA)<br><strong>Endere\u00e7o: <\/strong>Rua Recife, 1695 \u2013 Adrian\u00f3polis<\/p>\n\n\n\n<h2 class=\"wp-block-heading\">Servi\u00e7os<\/h2>\n\n\n\n<p><strong>Quais os atendimentos s\u00e3o realizados no CCZ?<\/strong><\/p>\n\n\n\n<p>O CCZ \u00e9 uma Unidade de Vigil\u00e2ncia de Zoonoses, ou seja, lidamos com toda e qualquer situa\u00e7\u00e3o relacionada a doen\u00e7as que os animais podem transmitir para os humanos e acidentes causados por animais pe\u00e7onhentos e venenosos.<\/p>\n\n\n\n<p>Esses s\u00e3o alguns de nossos servi\u00e7os:<\/p>\n\n\n\n<ul>\n<li>Vacina\u00e7\u00e3o antirr\u00e1bica animal.<\/li>\n\n\n\n<li>Castra\u00e7\u00e3o cir\u00fargica para c\u00e3es e gatos.<\/li>\n\n\n\n<li>Eutan\u00e1sia, quando indicado, de animais de relev\u00e2ncia para a sa\u00fade p\u00fablica .<\/li>\n\n\n\n<li>Inspe\u00e7\u00e3o Zoosanit\u00e1ria.<\/li>\n\n\n\n<li>Avalia\u00e7\u00e3o cl\u00ednica veterin\u00e1ria relacionado \u00e0 &nbsp;ESPOROTRICOSE ANIMAL.<\/li>\n\n\n\n<li>Investiga\u00e7\u00e3o, por meio de necropsia, coleta e encaminhamento de amostras laboratoriais ou outros procedimentos pertinentes, de morte de animais suspeitos de zoonoses de relev\u00e2ncia para sa\u00fade p\u00fablica.<\/li>\n\n\n\n<li>Educa\u00e7\u00e3o em sa\u00fade relacionada a zoonoses.<\/li>\n\n\n\n<li>Remo\u00e7\u00e3o de animais com ESPOROTRICOSE.<\/li>\n<\/ul>\n\n\n\n<p><\/p>\n\n\n\n<p><strong>Como funciona o agendamento de castra\u00e7\u00f5es?<\/strong><\/p>\n\n\n\n<p>O agendamento das castra\u00e7\u00f5es \u00e9 feito online por meio do sistema \u201cCCZ Cidad\u00e3o\u201d, dispon\u00edvel atrav\u00e9s do endere\u00e7o eletr\u00f4nico&nbsp;<a href=\"http:\/\/ccz.manaus.am.gov.br\/\" target=\"_blank\" rel=\"noreferrer noopener\">http:\/\/ccz.manaus.am.gov.br<\/a> , as vagas s\u00e3o disponibilizadas a cada 15 dias conforme divulgado nas redes sociais da SEMSA, para mais detalhes entre em contato com nosso whatsapp 98842-8359.<\/p>\n\n\n\n<p><strong>\u00c9 necess\u00e1rio o agendamento para todos os servi\u00e7os?<\/strong><\/p>\n\n\n\n<p>Para submeter seu animal \u00e0 cirurgia de castra\u00e7\u00e3o e microchipagem, o usu\u00e1rio deve primeiramente efetuar um cadastro no sistema \u201cCCZ Cidad\u00e3o\u201d, preenchendo todos os campos solicitados, tais como: nome, CPF, e-mail, endere\u00e7o, entre outros. Ap\u00f3s a confirma\u00e7\u00e3o do acesso ao sistema, o usu\u00e1rio dever\u00e1 aguardar a libera\u00e7\u00e3o das vagas, as quais s\u00e3o disponibilizadas quinzenalmente.<\/p>\n\n\n\n<p>Para vacinar seu animal contra a raiva, o usu\u00e1rio pode se dirigir at\u00e9 a sede do CCZ, situada na Av. Brasil, s\/n, Compensa, que funciona de segunda a sexta, de 8h \u00e0s 16h.<\/p>\n\n\n\n<p>Para casos relacionados a esporotricose, a consulta veterin\u00e1ria pode ser agendada no whatsapp 98842-8484, disponibilizamos a consulta veterin\u00e1ria, exame citol\u00f3gico e a medica\u00e7\u00e3o mais importante para o tratamento.<\/p>\n\n\n\n<p><strong>A partir de qual idade c\u00e3es e gatos podem ser castrados?<\/strong><\/p>\n\n\n\n<p>O CCZ realiza a castra\u00e7\u00e3o de c\u00e3es e gatos com idade m\u00ednima de 5 meses, considerando que os animais com essa faixa de idade j\u00e1 est\u00e3o com seus \u00f3rg\u00e3os reprodutores mais desenvolvidos.<\/p>\n\n\n\n<p><strong>A partir de qual idade c\u00e3es e gatos podem tomar a vacina antirr\u00e1bica?<\/strong><\/p>\n\n\n\n<p>A vacina\u00e7\u00e3o para c\u00e3es e gatos deve ser realizada a partir dos 3 meses de idade e administrada uma vez ao ano, sendo ideal que o animal tamb\u00e9m esteja em boas condi\u00e7\u00f5es de sa\u00fade.<\/p>\n\n\n\n<p><strong>O CCZ acolhe animais abandonados?<\/strong><\/p>\n\n\n\n<p>O CCZ n\u00e3o tem estrutura de abrigo animal. Recebemos animais com sinais de doen\u00e7a que ofere\u00e7a risco \u00e0 sa\u00fade p\u00fablica, atestada atrav\u00e9s de avalia\u00e7\u00e3o de m\u00e9dico veterin\u00e1rio. Em caso de animais agonizantes ou atropelados, o CCZ tamb\u00e9m pode ser acionado.<\/p>\n\n\n\n<p><strong>Em caso de maus tratos, onde denunciar?<\/strong><\/p>\n\n\n\n<p>Casos relativos \u00e0 pr\u00e1tica de maus tratos devem ser registrados junto a Delegacia do Meio Ambiente \u2013 DEMA, a qual possui estrutura e poderes para averiguar e coibir casos desta natureza. <br><strong>Contato: <\/strong>3677-7741\u00a0\u00a0 <br><strong>Endere\u00e7o: <\/strong>Rua Paul Adam, 100 &#8211; Parque 10 de Novembro, CEP 69054-070<\/p>\n\n\n\n<p><\/p>\n\n\n\n<p><a href=\"https:\/\/www.manaus.am.gov.br\/semsa\/vigilancia-de-zoonoses\/denuncias\/\" target=\"_blank\" rel=\"noreferrer noopener\">Den\u00fancias<\/a><\/p>\n\n\n\n<p><\/p>\n\n\n\n<p><a href=\"https:\/\/www.manaus.am.gov.br\/semsa\/unidades\/prevencao-da-raiva-humana\/\">Unidade de Sa\u00fade com atendimento Antirr\u00e1bico Humano<\/a><\/p>\n\n\n\n<p><\/p>\n\n\n\n<p><a href=\"https:\/\/www.manaus.am.gov.br\/semsa\/vigilancia\/vigilancia-epidemiologica\/controle-da-esporotricose\/\">Controle da Esporotricose<\/a><\/p>\n\n\n\n<p><\/p>\n\n\n\n<p><\/p>\n","protected":false},"excerpt":{"rendered":"","protected":false},"author":27,"featured_media":0,"parent":211549,"menu_order":0,"comment_status":"closed","ping_status":"closed","template":"templates\/turismo.php","meta":{"footnotes":""},"acf":[],"yoast_head":"<!-- This site is optimized with the Yoast SEO plugin v23.0 - https:\/\/yoast.com\/wordpress\/plugins\/seo\/ -->\n<title>Zoonoses - SEMSA<\/title>\n<meta name=\"robots\" content=\"index, follow, max-snippet:-1, max-image-preview:large, max-video-preview:-1\" \/>\n<link rel=\"canonical\" href=\"https:\/\/www.manaus.am.gov.br\/semsa\/vigilancia\/vigilancia-de-zoonoses\/\" \/>\n<meta property=\"og:locale\" content=\"pt_BR\" \/>\n<meta property=\"og:type\" content=\"article\" \/>\n<meta property=\"og:title\" content=\"Zoonoses - SEMSA\" \/>\n<meta property=\"og:url\" content=\"https:\/\/www.manaus.am.gov.br\/semsa\/vigilancia\/vigilancia-de-zoonoses\/\" \/>\n<meta property=\"og:site_name\" content=\"SEMSA\" \/>\n<meta property=\"article:modified_time\" content=\"2026-04-15T13:07:24+00:00\" \/>\n<meta property=\"og:image\" content=\"https:\/\/www.manaus.am.gov.br\/semsa\/wp-content\/uploads\/sites\/8\/2024\/07\/thumb-default-2.png\" \/>\n\t<meta property=\"og:image:width\" content=\"966\" \/>\n\t<meta property=\"og:image:height\" content=\"520\" \/>\n\t<meta property=\"og:image:type\" content=\"image\/png\" \/>\n<meta name=\"twitter:card\" content=\"summary_large_image\" \/>\n<meta name=\"twitter:label1\" content=\"Est. reading time\" \/>\n\t<meta name=\"twitter:data1\" content=\"4 minutos\" \/>\n<script type=\"application\/ld+json\" class=\"yoast-schema-graph\">{\"@context\":\"https:\/\/schema.org\",\"@graph\":[{\"@type\":\"WebPage\",\"@id\":\"https:\/\/www.manaus.am.gov.br\/semsa\/vigilancia\/vigilancia-de-zoonoses\/\",\"url\":\"https:\/\/www.manaus.am.gov.br\/semsa\/vigilancia\/vigilancia-de-zoonoses\/\",\"name\":\"Zoonoses - SEMSA\",\"isPartOf\":{\"@id\":\"https:\/\/www.manaus.am.gov.br\/semsa\/#website\"},\"datePublished\":\"2023-01-17T15:58:33+00:00\",\"dateModified\":\"2026-04-15T13:07:24+00:00\",\"breadcrumb\":{\"@id\":\"https:\/\/www.manaus.am.gov.br\/semsa\/vigilancia\/vigilancia-de-zoonoses\/#breadcrumb\"},\"inLanguage\":\"pt-BR\",\"potentialAction\":[{\"@type\":\"ReadAction\",\"target\":[\"https:\/\/www.manaus.am.gov.br\/semsa\/vigilancia\/vigilancia-de-zoonoses\/\"]}]},{\"@type\":\"BreadcrumbList\",\"@id\":\"https:\/\/www.manaus.am.gov.br\/semsa\/vigilancia\/vigilancia-de-zoonoses\/#breadcrumb\",\"itemListElement\":[{\"@type\":\"ListItem\",\"position\":1,\"name\":\"Vigil\u00e2ncia\",\"item\":\"https:\/\/www.manaus.am.gov.br\/semsa\/vigilancia\/\"},{\"@type\":\"ListItem\",\"position\":2,\"name\":\"Zoonoses\"}]},{\"@type\":\"WebSite\",\"@id\":\"https:\/\/www.manaus.am.gov.br\/semsa\/#website\",\"url\":\"https:\/\/www.manaus.am.gov.br\/semsa\/\",\"name\":\"SEMSA\",\"description\":\"Secretaria Municipal de Sa\u00fade\",\"alternateName\":\"Secretaria Municipal de Sa\u00fade\",\"potentialAction\":[{\"@type\":\"SearchAction\",\"target\":{\"@type\":\"EntryPoint\",\"urlTemplate\":\"https:\/\/www.manaus.am.gov.br\/semsa\/?s={search_term_string}\"},\"query-input\":\"required name=search_term_string\"}],\"inLanguage\":\"pt-BR\"}]}<\/script>\n<!-- \/ Yoast SEO plugin. -->","yoast_head_json":{"title":"Zoonoses - SEMSA","robots":{"index":"index","follow":"follow","max-snippet":"max-snippet:-1","max-image-preview":"max-image-preview:large","max-video-preview":"max-video-preview:-1"},"canonical":"https:\/\/www.manaus.am.gov.br\/semsa\/vigilancia\/vigilancia-de-zoonoses\/","og_locale":"pt_BR","og_type":"article","og_title":"Zoonoses - SEMSA","og_url":"https:\/\/www.manaus.am.gov.br\/semsa\/vigilancia\/vigilancia-de-zoonoses\/","og_site_name":"SEMSA","article_modified_time":"2026-04-15T13:07:24+00:00","og_image":[{"width":966,"height":520,"url":"https:\/\/www.manaus.am.gov.br\/semsa\/wp-content\/uploads\/sites\/8\/2024\/07\/thumb-default-2.png","type":"image\/png"}],"twitter_card":"summary_large_image","twitter_misc":{"Est. reading time":"4 minutos"},"schema":{"@context":"https:\/\/schema.org","@graph":[{"@type":"WebPage","@id":"https:\/\/www.manaus.am.gov.br\/semsa\/vigilancia\/vigilancia-de-zoonoses\/","url":"https:\/\/www.manaus.am.gov.br\/semsa\/vigilancia\/vigilancia-de-zoonoses\/","name":"Zoonoses - SEMSA","isPartOf":{"@id":"https:\/\/www.manaus.am.gov.br\/semsa\/#website"},"datePublished":"2023-01-17T15:58:33+00:00","dateModified":"2026-04-15T13:07:24+00:00","breadcrumb":{"@id":"https:\/\/www.manaus.am.gov.br\/semsa\/vigilancia\/vigilancia-de-zoonoses\/#breadcrumb"},"inLanguage":"pt-BR","potentialAction":[{"@type":"ReadAction","target":["https:\/\/www.manaus.am.gov.br\/semsa\/vigilancia\/vigilancia-de-zoonoses\/"]}]},{"@type":"BreadcrumbList","@id":"https:\/\/www.manaus.am.gov.br\/semsa\/vigilancia\/vigilancia-de-zoonoses\/#breadcrumb","itemListElement":[{"@type":"ListItem","position":1,"name":"Vigil\u00e2ncia","item":"https:\/\/www.manaus.am.gov.br\/semsa\/vigilancia\/"},{"@type":"ListItem","position":2,"name":"Zoonoses"}]},{"@type":"WebSite","@id":"https:\/\/www.manaus.am.gov.br\/semsa\/#website","url":"https:\/\/www.manaus.am.gov.br\/semsa\/","name":"SEMSA","description":"Secretaria Municipal de Sa\u00fade","alternateName":"Secretaria Municipal de Sa\u00fade","potentialAction":[{"@type":"SearchAction","target":{"@type":"EntryPoint","urlTemplate":"https:\/\/www.manaus.am.gov.br\/semsa\/?s={search_term_string}"},"query-input":"required name=search_term_string"}],"inLanguage":"pt-BR"}]}},"_links":{"self":[{"href":"https:\/\/www.manaus.am.gov.br\/semsa\/wp-json\/wp\/v2\/pages\/208573"}],"collection":[{"href":"https:\/\/www.manaus.am.gov.br\/semsa\/wp-json\/wp\/v2\/pages"}],"about":[{"href":"https:\/\/www.manaus.am.gov.br\/semsa\/wp-json\/wp\/v2\/types\/page"}],"author":[{"embeddable":true,"href":"https:\/\/www.manaus.am.gov.br\/semsa\/wp-json\/wp\/v2\/users\/27"}],"replies":[{"embeddable":true,"href":"https:\/\/www.manaus.am.gov.br\/semsa\/wp-json\/wp\/v2\/comments?post=208573"}],"version-history":[{"count":61,"href":"https:\/\/www.manaus.am.gov.br\/semsa\/wp-json\/wp\/v2\/pages\/208573\/revisions"}],"predecessor-version":[{"id":228575,"href":"https:\/\/www.manaus.am.gov.br\/semsa\/wp-json\/wp\/v2\/pages\/208573\/revisions\/228575"}],"up":[{"embeddable":true,"href":"https:\/\/www.manaus.am.gov.br\/semsa\/wp-json\/wp\/v2\/pages\/211549"}],"wp:attachment":[{"href":"https:\/\/www.manaus.am.gov.br\/semsa\/wp-json\/wp\/v2\/media?parent=208573"}],"curies":[{"name":"wp","href":"https:\/\/api.w.org\/{rel}","templated":true}]}}