{"id":208554,"date":"2023-01-17T11:31:42","date_gmt":"2023-01-17T15:31:42","guid":{"rendered":"https:\/\/www.manaus.am.gov.br\/semsa\/?page_id=208554"},"modified":"2026-01-27T09:03:01","modified_gmt":"2026-01-27T13:03:01","slug":"roteiros-de-inspecao-sanitaria","status":"publish","type":"page","link":"https:\/\/www.manaus.am.gov.br\/semsa\/vigilancia\/vigilancia-sanitaria\/roteiros-de-inspecao-sanitaria\/","title":{"rendered":"Roteiros de Inspe\u00e7\u00e3o Sanit\u00e1ria"},"content":{"rendered":"\n<p>Os Roteiros de Inspe\u00e7\u00e3o Sanit\u00e1ria s\u00e3o instrumentos essenciais para a sistematiza\u00e7\u00e3o das inspe\u00e7\u00f5es sanit\u00e1rias, estando \u00e0 disposi\u00e7\u00e3o do setor regulado.<\/p>\n\n\n\n<p>Os interessados podem utiliz\u00e1-los como refer\u00eancia para a autoinspe\u00e7\u00e3o, processo que visa revelar necessidades de adequa\u00e7\u00e3o pr\u00e9via, eliminando irregularidades sanit\u00e1rias e tornando mais \u00e1gil a inspe\u00e7\u00e3o oficial.<\/p>\n\n\n\n<p>Os roteiros abaixo s\u00e3o um instrumento para nortear a autoinspe\u00e7\u00e3o das atividades sujeitas \u00e0 vigil\u00e2ncia sanit\u00e1ria, facilitando a adequa\u00e7\u00e3o dos estabelecimentos \u00e0s exig\u00eancias legais.<\/p>\n\n\n\n<p><strong>ATEN\u00c7\u00c3O: <\/strong>No momento, os roteiros encontram-se em processo de revis\u00e3o e atualiza\u00e7\u00e3o. Portanto, durante a inspe\u00e7\u00e3o, a equipe de fiscais poder\u00e1 solicitar o cumprimento de normais e itens adicionais.<\/p>\n\n\n\n<p><a href=\"https:\/\/www.manaus.am.gov.br\/semsa\/wp-content\/uploads\/sites\/8\/2023\/01\/RIT-Acougue.pdf\" target=\"_blank\" rel=\"noreferrer noopener\">A\u00e7ougue<\/a><\/p>\n\n\n\n<p><\/p>\n\n\n\n<p><a href=\"https:\/\/www.manaus.am.gov.br\/semsa\/wp-content\/uploads\/sites\/8\/2023\/01\/RIT-Ambulatorio-medico.pdf\" target=\"_blank\" rel=\"noreferrer noopener\">Ambulat\u00f3rio M\u00e9dico<\/a><\/p>\n\n\n\n<p><\/p>\n\n\n\n<p><a href=\"https:\/\/www.manaus.am.gov.br\/semsa\/wp-content\/uploads\/sites\/8\/2023\/01\/RIT-Ambulantes.pdf\" target=\"_blank\" rel=\"noreferrer noopener\">Alimenta\u00e7\u00e3o Ambulante<\/a><\/p>\n\n\n\n<p><\/p>\n\n\n\n<p><a href=\"https:\/\/www.manaus.am.gov.br\/semsa\/wp-content\/uploads\/sites\/8\/2026\/01\/Aluguel-de-dispositivos-equipamentos-e-artigos-medicos.pdf\">Aluguel de dispositivos, equipamentos e artigos m\u00e9dicos<\/a><\/p>\n\n\n\n<p><\/p>\n\n\n\n<p><a href=\"https:\/\/www.manaus.am.gov.br\/semsa\/wp-content\/uploads\/sites\/8\/2023\/01\/RIT-Atividade-media-ambulatorial-com-recursos-p-realizacao-de-exames-complementares.pdf\" target=\"_blank\" rel=\"noreferrer noopener\">Ambulat\u00f3rio com Exames Complementares<\/a><\/p>\n\n\n\n<p><\/p>\n\n\n\n<p><a href=\"https:\/\/www.manaus.am.gov.br\/semsa\/wp-content\/uploads\/sites\/8\/2023\/01\/RIT-Atividade-media-ambulatorial-com-recursos-p-realizacao-de-exames-complementares.pdf\" target=\"_blank\" rel=\"noreferrer noopener\">Ambulat\u00f3rio com Procedimentos Cir\u00fargicos<\/a><\/p>\n\n\n\n<p><\/p>\n\n\n\n<p><a href=\"https:\/\/www.manaus.am.gov.br\/semsa\/wp-content\/uploads\/sites\/8\/2023\/01\/RIT-Atividades-de-atendimento-movel.pdf\" target=\"_blank\" rel=\"noreferrer noopener\">Atendimento M\u00f3vel de Sa\u00fade<\/a><\/p>\n\n\n\n<p><\/p>\n\n\n\n<p><a href=\"https:\/\/www.manaus.am.gov.br\/semsa\/wp-content\/uploads\/sites\/8\/2025\/05\/Centros-de-Reproducao-Humana-Assistida-CRHA.pdf\">Centros de Reprodu\u00e7\u00e3o Humana Assistida (CRHA)<\/a><\/p>\n\n\n\n<p><\/p>\n\n\n\n<p><a href=\"https:\/\/www.manaus.am.gov.br\/semsa\/wp-content\/uploads\/sites\/8\/2025\/05\/Banco-de-Tecidos-2.0.pdf\">Bancos de Tecidos<\/a><\/p>\n\n\n\n<p><\/p>\n\n\n\n<p><a href=\"https:\/\/www.manaus.am.gov.br\/semsa\/wp-content\/uploads\/sites\/8\/2025\/05\/Banco-de-Tecidos-\u2013-Transporte-de-Tecidos-Humanos-1.0.pdf\">Banco de Tecidos &#8211; Transporte de Tecidos Humanos<\/a><\/p>\n\n\n\n<p><\/p>\n\n\n\n<p><a href=\"https:\/\/www.manaus.am.gov.br\/semsa\/wp-content\/uploads\/sites\/8\/2023\/01\/RIT-Bares-e-outros-estabelecimentos-especializados.pdf\" target=\"_blank\" rel=\"noreferrer noopener\">Bar<\/a><\/p>\n\n\n\n<p><\/p>\n\n\n\n<p><a href=\"https:\/\/www.manaus.am.gov.br\/semsa\/wp-content\/uploads\/sites\/8\/2023\/01\/3-roteiro-objetivo-de-inspecao-de-cme-v-1-2.pdf\" target=\"_blank\" rel=\"noreferrer noopener\">Central de Materiais e Esteriliza\u00e7\u00e3o (CME)<\/a><\/p>\n\n\n\n<p><\/p>\n\n\n\n<p><a href=\"https:\/\/www.manaus.am.gov.br\/semsa\/wp-content\/uploads\/sites\/8\/2023\/01\/2-roteiro-objetivo-de-inspecao-de-cc-v-1-2.pdf\" target=\"_blank\" rel=\"noreferrer noopener\">Centro Cir\u00fargico (CC)<\/a><\/p>\n\n\n\n<p><\/p>\n\n\n\n<p><a href=\"https:\/\/www.manaus.am.gov.br\/semsa\/wp-content\/uploads\/sites\/8\/2023\/01\/RIT-Comercio-Atacadista-e-Varejista-de-produtos-alimenticios-diversos.pdf\" target=\"_blank\" rel=\"noreferrer noopener\">Com\u00e9rcio de Alimentos<\/a><\/p>\n\n\n\n<p><\/p>\n\n\n\n<p><a href=\"https:\/\/www.manaus.am.gov.br\/semsa\/wp-content\/uploads\/sites\/8\/2023\/01\/RIT-comercio-varejista-cosmeticos-e-comercio-varejista-de-produtos-eroticos.pdf\" target=\"_blank\" rel=\"noreferrer noopener\">Com\u00e9rcio de Cosm\u00e9ticos, Perfumaria e Produtos Er\u00f3ticos<\/a><\/p>\n\n\n\n<p><\/p>\n\n\n\n<p><a href=\"https:\/\/www.manaus.am.gov.br\/semsa\/wp-content\/uploads\/sites\/8\/2023\/01\/RIT-Comercio-varejista-de-bebidas.pdf\" target=\"_blank\" rel=\"noreferrer noopener\">Com\u00e9rcio varejista de bebidas<\/a><\/p>\n\n\n\n<p><\/p>\n\n\n\n<p><a href=\"https:\/\/www.manaus.am.gov.br\/semsa\/wp-content\/uploads\/sites\/8\/2023\/01\/RIT-comercio-varejista-e-atacadista-de-saneantes.pdf\" target=\"_blank\" rel=\"noreferrer noopener\">Com\u00e9rcio de Produtos de Higiene e Limpeza<\/a><\/p>\n\n\n\n<p><\/p>\n\n\n\n<p><a href=\"https:\/\/www.manaus.am.gov.br\/semsa\/wp-content\/uploads\/sites\/8\/2023\/01\/4-roteiro-objetivo-de-inspecao-de-dialise-v-1-2.pdf\" target=\"_blank\" rel=\"noreferrer noopener\">Di\u00e1lise<\/a><\/p>\n\n\n\n<p><\/p>\n\n\n\n<p><a href=\"https:\/\/www.manaus.am.gov.br\/semsa\/wp-content\/uploads\/sites\/8\/2026\/01\/Distribuidoras-de-produtos-para-saude-artigos-medicos-e-produtos-para-diagnostico-in-vitro.pdf\">Distribuidoras de produtos para sa\u00fade, artigos m\u00e9dicos e produtos para diagn\u00f3stico <em>in vitro<\/em><\/a><\/p>\n\n\n\n<p><\/p>\n\n\n\n<p><a href=\"https:\/\/www.manaus.am.gov.br\/semsa\/wp-content\/uploads\/sites\/8\/2023\/01\/RIT-Estabelecimentos-de-Ensino-geral.pdf\" target=\"_blank\" rel=\"noreferrer noopener\">Estabelecimentos de Ensino Geral<\/a><\/p>\n\n\n\n<p><\/p>\n\n\n\n<p><a href=\"https:\/\/www.manaus.am.gov.br\/semsa\/wp-content\/uploads\/sites\/8\/2023\/01\/RIT-Especiarias-Molhos-Temperos-e-Condimentos.pdf\" target=\"_blank\" rel=\"noreferrer noopener\">Fabrica\u00e7\u00e3o de Temperos e Condimentos<\/a><\/p>\n\n\n\n<p><\/p>\n\n\n\n<p><a href=\"https:\/\/www.manaus.am.gov.br\/semsa\/wp-content\/uploads\/sites\/8\/2023\/01\/RIT-Fabricacao-de-Aguas-Envasadas.pdf\" target=\"_blank\" rel=\"noreferrer noopener\">Fabrica\u00e7\u00e3o de \u00c1guas Envasadas<\/a><\/p>\n\n\n\n<p><\/p>\n\n\n\n<p><a href=\"https:\/\/www.manaus.am.gov.br\/semsa\/wp-content\/uploads\/sites\/8\/2023\/01\/RIT-Fabricacao-de-Congelados-Comestiveis.pdf\" target=\"_blank\" rel=\"noreferrer noopener\">Fabrica\u00e7\u00e3o de Sorvetes<\/a><\/p>\n\n\n\n<p><\/p>\n\n\n\n<p><a href=\"https:\/\/www.manaus.am.gov.br\/semsa\/wp-content\/uploads\/sites\/8\/2023\/01\/RIT-Fabricacao-de-Gelo-Comum.pdf\" target=\"_blank\" rel=\"noreferrer noopener\">Fabrica\u00e7\u00e3o de Gelo Comum<\/a><\/p>\n\n\n\n<p><\/p>\n\n\n\n<p><a href=\"https:\/\/www.manaus.am.gov.br\/semsa\/wp-content\/uploads\/sites\/8\/2023\/01\/RIT-Fabricacao-de-Massas-e-biscoito.pdf\" target=\"_blank\" rel=\"noreferrer noopener\">Fabrica\u00e7\u00e3o de Massas e Biscoitos<\/a><\/p>\n\n\n\n<p><\/p>\n\n\n\n<p><a href=\"https:\/\/www.manaus.am.gov.br\/semsa\/wp-content\/uploads\/sites\/8\/2023\/01\/RIT-Fabricacao-de-Produtos-para-a-Saude.pdf\" target=\"_blank\" rel=\"noreferrer noopener\">Fabrica\u00e7\u00e3o de Produtos para a Sa\u00fade<\/a><\/p>\n\n\n\n<p><\/p>\n\n\n\n<p><a href=\"https:\/\/www.manaus.am.gov.br\/semsa\/wp-content\/uploads\/sites\/8\/2023\/01\/RIT-Fabricacao-de-Saneantes.pdf\" target=\"_blank\" rel=\"noreferrer noopener\">Fabrica\u00e7\u00e3o de Saneantes<\/a><\/p>\n\n\n\n<p><\/p>\n\n\n\n<p><a href=\"https:\/\/www.manaus.am.gov.br\/semsa\/wp-content\/uploads\/sites\/8\/2023\/01\/RIT-Farmacias-e-Drogarias.pdf\" target=\"_blank\" rel=\"noreferrer noopener\">Farm\u00e1cia e Drogaria<\/a><\/p>\n\n\n\n<p><\/p>\n\n\n\n<p><a href=\"https:\/\/www.manaus.am.gov.br\/semsa\/wp-content\/uploads\/sites\/8\/2023\/01\/RIT-Funerarias.pdf\" target=\"_blank\" rel=\"noreferrer noopener\">Funer\u00e1ria<\/a><\/p>\n\n\n\n<p><\/p>\n\n\n\n<p><a href=\"https:\/\/www.manaus.am.gov.br\/semsa\/wp-content\/uploads\/sites\/8\/2023\/01\/RIT-Meios-de-Hospedagem.pdf\" target=\"_blank\" rel=\"noreferrer noopener\">Hospedagem<\/a><\/p>\n\n\n\n<p><\/p>\n\n\n\n<p><a href=\"https:\/\/www.manaus.am.gov.br\/semsa\/wp-content\/uploads\/sites\/8\/2023\/01\/RIT-Ind-Fabricacao-de-Gases-Medicinais.pdf\" target=\"_blank\" rel=\"noreferrer noopener\">Ind\u00fastria de Gases Industriais e Medicinais<\/a><\/p>\n\n\n\n<p><\/p>\n\n\n\n<p><a href=\"https:\/\/www.manaus.am.gov.br\/semsa\/wp-content\/uploads\/sites\/8\/2023\/01\/RIT-Ind-Fabricacao-de-Produtos-de-Higiene-Cosmeticos-e-Perfumes.pdf\" target=\"_blank\" rel=\"noreferrer noopener\">Ind\u00fastria de Produtos de Higiene, Cosm\u00e9ticos e Perfumes<\/a><\/p>\n\n\n\n<p><\/p>\n\n\n\n<p><a href=\"https:\/\/www.manaus.am.gov.br\/semsa\/wp-content\/uploads\/sites\/8\/2023\/01\/RIT-Lavanderia.pdf\" target=\"_blank\" rel=\"noreferrer noopener\">Lavanderia<\/a><\/p>\n\n\n\n<p><\/p>\n\n\n\n<p><a href=\"https:\/\/www.manaus.am.gov.br\/semsa\/wp-content\/uploads\/sites\/8\/2023\/01\/RIT-Cantinas-lanchonetes-casa-de-cha-suco-e-similares.pdf\" target=\"_blank\" rel=\"noreferrer noopener\">Lanchonete<\/a><\/p>\n\n\n\n<p><\/p>\n\n\n\n<p><a href=\"https:\/\/www.manaus.am.gov.br\/semsa\/wp-content\/uploads\/sites\/8\/2023\/01\/RIT-Minimercado-Mercearia-Armazens.pdf\" target=\"_blank\" rel=\"noreferrer noopener\">Minimercado, Mercearia, Armaz\u00e9m<\/a><\/p>\n\n\n\n<p><\/p>\n\n\n\n<p><a href=\"https:\/\/www.manaus.am.gov.br\/semsa\/wp-content\/uploads\/sites\/8\/2023\/01\/Roteiro-odonto-simplificado-atualizado-2.pdf\" target=\"_blank\" rel=\"noreferrer noopener\">Odontologia<\/a><\/p>\n\n\n\n<p><\/p>\n\n\n\n<p><a href=\"https:\/\/www.manaus.am.gov.br\/semsa\/wp-content\/uploads\/sites\/8\/2023\/01\/Orgaos-Central-de-Notificacao-Captacao-e-Distribuicao-de-Orgaos.pdf\" target=\"_blank\" rel=\"noreferrer noopener\">\u00d3rg\u00e3os \u2013 Central de Notifica\u00e7\u00e3o, Capta\u00e7\u00e3o e Distribui\u00e7\u00e3o de \u00d3rg\u00e3os<\/a><\/p>\n\n\n\n<p><\/p>\n\n\n\n<p><a href=\"https:\/\/www.manaus.am.gov.br\/semsa\/wp-content\/uploads\/sites\/8\/2023\/01\/Orgaos-Organizacao-de-Procura-de-Orgaos-e-Tecidos.pdf\" target=\"_blank\" rel=\"noreferrer noopener\">\u00d3rg\u00e3os \u2013 Organiza\u00e7\u00e3o de Procura de \u00d3rg\u00e3os e Tecidos<\/a><\/p>\n\n\n\n<p><\/p>\n\n\n\n<p><a href=\"https:\/\/www.manaus.am.gov.br\/semsa\/wp-content\/uploads\/sites\/8\/2023\/01\/RIT-Padaria-e-confeitaria-com-predominancia-de-producao-propria.pdf\" target=\"_blank\" rel=\"noreferrer noopener\">Padaria e Confeitaria<\/a><\/p>\n\n\n\n<p><\/p>\n\n\n\n<p><a href=\"https:\/\/www.manaus.am.gov.br\/semsa\/wp-content\/uploads\/sites\/8\/2023\/01\/RIT-Fabricacao-de-Panificacao-Industrial-Comercial.pdf\" target=\"_blank\" rel=\"noreferrer noopener\">Panifica\u00e7\u00e3o Industrial e Comercial<\/a><\/p>\n\n\n\n<p><\/p>\n\n\n\n<p><a href=\"https:\/\/www.manaus.am.gov.br\/semsa\/wp-content\/uploads\/sites\/8\/2023\/01\/RIT-Peixaria.pdf\" target=\"_blank\" rel=\"noreferrer noopener\">Peixaria<\/a><\/p>\n\n\n\n<p><\/p>\n\n\n\n<p><a href=\"https:\/\/www.manaus.am.gov.br\/semsa\/wp-content\/uploads\/sites\/8\/2023\/01\/RIT-Atividades-de-atendimento-em-pronto-socorro-e-urgencias.pdf\" target=\"_blank\" rel=\"noreferrer noopener\">Pronto Socorro e Pronto Atendimento<\/a><\/p>\n\n\n\n<p><\/p>\n\n\n\n<p><a href=\"https:\/\/www.manaus.am.gov.br\/semsa\/wp-content\/uploads\/sites\/8\/2023\/01\/RIT-restaurantes-bufes-e-fornecimento-de-alimentos-preparados-para-empresas-e-consumo-domiciliar.pdf\" target=\"_blank\" rel=\"noreferrer noopener\">Restaurante, Buf\u00ea e Cozinha Industrial<\/a><\/p>\n\n\n\n<p><\/p>\n\n\n\n<p><a href=\"https:\/\/www.manaus.am.gov.br\/semsa\/wp-content\/uploads\/sites\/8\/2023\/01\/RIT-Sercico-de-controle-de-pragas.pdf\" target=\"_blank\" rel=\"noreferrer noopener\">Servi\u00e7o de controle de pragas<\/a><\/p>\n\n\n\n<p><\/p>\n\n\n\n<p><a href=\"https:\/\/www.manaus.am.gov.br\/semsa\/wp-content\/uploads\/sites\/8\/2023\/01\/RIT-Servico-de-estetetica-e-embelezamento-sem-resp-medica.pdf\" target=\"_blank\" rel=\"noreferrer noopener\">Servi\u00e7o de est\u00e9tica e embelezamento sem responsabilidade m\u00e9dica<\/a><\/p>\n\n\n\n<p><\/p>\n\n\n\n<p><a href=\"https:\/\/www.manaus.am.gov.br\/semsa\/wp-content\/uploads\/sites\/8\/2023\/01\/RIT-Servicos-de-diagnostico-por-metodos-opticos-endoscopia-e-exames-analagos.pdf\" target=\"_blank\" rel=\"noreferrer noopener\">Servi\u00e7o de endoscopia<\/a><\/p>\n\n\n\n<p><\/p>\n\n\n\n<p><a href=\"https:\/\/www.manaus.am.gov.br\/semsa\/wp-content\/uploads\/sites\/8\/2023\/01\/RIT-Conservacao-e-Limpeza.pdf\" target=\"_blank\" rel=\"noreferrer noopener\">Servi\u00e7o de Conserva\u00e7\u00e3o e Limpeza<\/a><\/p>\n\n\n\n<p><\/p>\n\n\n\n<p><a href=\"https:\/\/www.manaus.am.gov.br\/semsa\/wp-content\/uploads\/sites\/8\/2025\/05\/Servicos-de-Hemoterapia-SH-Modulo-I.pdf\">Servi\u00e7os de Hemoterapia (SH)  &#8211; M\u00f3dulo I<\/a><\/p>\n\n\n\n<p><\/p>\n\n\n\n<p><a href=\"https:\/\/www.manaus.am.gov.br\/semsa\/wp-content\/uploads\/sites\/8\/2025\/05\/Servicos-de-Hemoterapia-SH-Modulo-II-1.pdf\">Servi\u00e7os de Hemoterapia (SH)  &#8211; M\u00f3dulo II<\/a><\/p>\n\n\n\n<p><\/p>\n\n\n\n<p><a href=\"https:\/\/www.manaus.am.gov.br\/semsa\/wp-content\/uploads\/sites\/8\/2025\/05\/Servicos-de-Hemoterapia-SH-Modulo-III-2.pdf\">Servi\u00e7os de Hemoterapia (SH)  &#8211; M\u00f3dulo III<\/a><\/p>\n\n\n\n<p><\/p>\n\n\n\n<p><a href=\"https:\/\/www.manaus.am.gov.br\/semsa\/wp-content\/uploads\/sites\/8\/2025\/05\/Servicos-de-Hemoterapia-SH-Modulo-IV-1.pdf\">Servi\u00e7os de Hemoterapia (SH) &#8211; M\u00f3dulo IV<\/a><\/p>\n\n\n\n<p><\/p>\n\n\n\n<p><a href=\"https:\/\/www.manaus.am.gov.br\/semsa\/wp-content\/uploads\/sites\/8\/2025\/05\/Servicos-de-Hemoterapia-SH-Modulo-V-1.pdf\">Servi\u00e7os de Hemoterapia (SH) &#8211; M\u00f3dulo V<\/a><\/p>\n\n\n\n<p><\/p>\n\n\n\n<p><a href=\"https:\/\/www.gov.br\/pt-br\/servicos\/solicitar-autorizacao-para-transporte-interestadual-de-sangue\">Servi\u00e7os de Hemoterapia (SH) &#8211; Transporte Interestadual de Sangue<\/a><\/p>\n\n\n\n<p><\/p>\n\n\n\n<p><a href=\"https:\/\/www.manaus.am.gov.br\/semsa\/wp-content\/uploads\/sites\/8\/2023\/01\/RIT-Supermercado-e-Hipermercado.pdf\" target=\"_blank\" rel=\"noreferrer noopener\">Supermercado e Hipermercado<\/a><\/p>\n\n\n\n<p><\/p>\n\n\n\n<p><a href=\"https:\/\/www.manaus.am.gov.br\/semsa\/wp-content\/uploads\/sites\/8\/2026\/01\/Testes-e-analises-tecnicas-sujeitas-a-Vigilancia-Sanitaria.pdf\">Testes e an\u00e1lises t\u00e9cnicas &#8211; sujeitas \u00e0 Vigil\u00e2ncia Sanit\u00e1ria<\/a><\/p>\n\n\n\n<p><\/p>\n\n\n\n<p><a href=\"https:\/\/www.manaus.am.gov.br\/semsa\/wp-content\/uploads\/sites\/8\/2023\/01\/RIT-Transporte-de-alimentos.pdf\" target=\"_blank\" rel=\"noreferrer noopener\">Transporte de alimentos<\/a><\/p>\n\n\n\n<p><\/p>\n\n\n\n<p><a href=\"https:\/\/www.manaus.am.gov.br\/semsa\/wp-content\/uploads\/sites\/8\/2023\/01\/1-roteiro-objetivo-de-inspecao-de-uti-v1-2-1.pdf\" target=\"_blank\" rel=\"noreferrer noopener\">Unidade de Terapia Intensiva (UTI)<\/a><\/p>\n\n\n\n<p><\/p>\n","protected":false},"excerpt":{"rendered":"","protected":false},"author":27,"featured_media":0,"parent":208517,"menu_order":5,"comment_status":"closed","ping_status":"closed","template":"templates\/vigilancias.php","meta":{"footnotes":""},"acf":[],"yoast_head":"<!-- This site is optimized with the Yoast SEO plugin v23.0 - https:\/\/yoast.com\/wordpress\/plugins\/seo\/ -->\n<title>Roteiros de Inspe\u00e7\u00e3o Sanit\u00e1ria - SEMSA<\/title>\n<meta name=\"robots\" content=\"index, follow, max-snippet:-1, max-image-preview:large, max-video-preview:-1\" \/>\n<link rel=\"canonical\" href=\"https:\/\/www.manaus.am.gov.br\/semsa\/vigilancia\/vigilancia-sanitaria\/roteiros-de-inspecao-sanitaria\/\" \/>\n<meta property=\"og:locale\" content=\"pt_BR\" \/>\n<meta property=\"og:type\" content=\"article\" \/>\n<meta property=\"og:title\" content=\"Roteiros de Inspe\u00e7\u00e3o Sanit\u00e1ria - SEMSA\" \/>\n<meta property=\"og:url\" content=\"https:\/\/www.manaus.am.gov.br\/semsa\/vigilancia\/vigilancia-sanitaria\/roteiros-de-inspecao-sanitaria\/\" \/>\n<meta property=\"og:site_name\" content=\"SEMSA\" \/>\n<meta property=\"article:modified_time\" content=\"2026-01-27T13:03:01+00:00\" \/>\n<meta property=\"og:image\" content=\"https:\/\/www.manaus.am.gov.br\/semsa\/wp-content\/uploads\/sites\/8\/2024\/07\/thumb-default-2.png\" \/>\n\t<meta property=\"og:image:width\" content=\"966\" \/>\n\t<meta property=\"og:image:height\" content=\"520\" \/>\n\t<meta property=\"og:image:type\" content=\"image\/png\" \/>\n<meta name=\"twitter:card\" content=\"summary_large_image\" \/>\n<meta name=\"twitter:label1\" content=\"Est. reading time\" \/>\n\t<meta name=\"twitter:data1\" content=\"2 minutos\" \/>\n<script type=\"application\/ld+json\" class=\"yoast-schema-graph\">{\"@context\":\"https:\/\/schema.org\",\"@graph\":[{\"@type\":\"WebPage\",\"@id\":\"https:\/\/www.manaus.am.gov.br\/semsa\/vigilancia\/vigilancia-sanitaria\/roteiros-de-inspecao-sanitaria\/\",\"url\":\"https:\/\/www.manaus.am.gov.br\/semsa\/vigilancia\/vigilancia-sanitaria\/roteiros-de-inspecao-sanitaria\/\",\"name\":\"Roteiros de Inspe\u00e7\u00e3o Sanit\u00e1ria - SEMSA\",\"isPartOf\":{\"@id\":\"https:\/\/www.manaus.am.gov.br\/semsa\/#website\"},\"datePublished\":\"2023-01-17T15:31:42+00:00\",\"dateModified\":\"2026-01-27T13:03:01+00:00\",\"breadcrumb\":{\"@id\":\"https:\/\/www.manaus.am.gov.br\/semsa\/vigilancia\/vigilancia-sanitaria\/roteiros-de-inspecao-sanitaria\/#breadcrumb\"},\"inLanguage\":\"pt-BR\",\"potentialAction\":[{\"@type\":\"ReadAction\",\"target\":[\"https:\/\/www.manaus.am.gov.br\/semsa\/vigilancia\/vigilancia-sanitaria\/roteiros-de-inspecao-sanitaria\/\"]}]},{\"@type\":\"BreadcrumbList\",\"@id\":\"https:\/\/www.manaus.am.gov.br\/semsa\/vigilancia\/vigilancia-sanitaria\/roteiros-de-inspecao-sanitaria\/#breadcrumb\",\"itemListElement\":[{\"@type\":\"ListItem\",\"position\":1,\"name\":\"Vigil\u00e2ncia\",\"item\":\"https:\/\/www.manaus.am.gov.br\/semsa\/vigilancia\/\"},{\"@type\":\"ListItem\",\"position\":2,\"name\":\"Sanit\u00e1ria\",\"item\":\"https:\/\/www.manaus.am.gov.br\/semsa\/vigilancia\/vigilancia-sanitaria\/\"},{\"@type\":\"ListItem\",\"position\":3,\"name\":\"Roteiros de Inspe\u00e7\u00e3o Sanit\u00e1ria\"}]},{\"@type\":\"WebSite\",\"@id\":\"https:\/\/www.manaus.am.gov.br\/semsa\/#website\",\"url\":\"https:\/\/www.manaus.am.gov.br\/semsa\/\",\"name\":\"SEMSA\",\"description\":\"Secretaria Municipal de Sa\u00fade\",\"alternateName\":\"Secretaria Municipal de Sa\u00fade\",\"potentialAction\":[{\"@type\":\"SearchAction\",\"target\":{\"@type\":\"EntryPoint\",\"urlTemplate\":\"https:\/\/www.manaus.am.gov.br\/semsa\/?s={search_term_string}\"},\"query-input\":\"required name=search_term_string\"}],\"inLanguage\":\"pt-BR\"}]}<\/script>\n<!-- \/ Yoast SEO plugin. -->","yoast_head_json":{"title":"Roteiros de Inspe\u00e7\u00e3o Sanit\u00e1ria - SEMSA","robots":{"index":"index","follow":"follow","max-snippet":"max-snippet:-1","max-image-preview":"max-image-preview:large","max-video-preview":"max-video-preview:-1"},"canonical":"https:\/\/www.manaus.am.gov.br\/semsa\/vigilancia\/vigilancia-sanitaria\/roteiros-de-inspecao-sanitaria\/","og_locale":"pt_BR","og_type":"article","og_title":"Roteiros de Inspe\u00e7\u00e3o Sanit\u00e1ria - SEMSA","og_url":"https:\/\/www.manaus.am.gov.br\/semsa\/vigilancia\/vigilancia-sanitaria\/roteiros-de-inspecao-sanitaria\/","og_site_name":"SEMSA","article_modified_time":"2026-01-27T13:03:01+00:00","og_image":[{"width":966,"height":520,"url":"https:\/\/www.manaus.am.gov.br\/semsa\/wp-content\/uploads\/sites\/8\/2024\/07\/thumb-default-2.png","type":"image\/png"}],"twitter_card":"summary_large_image","twitter_misc":{"Est. reading time":"2 minutos"},"schema":{"@context":"https:\/\/schema.org","@graph":[{"@type":"WebPage","@id":"https:\/\/www.manaus.am.gov.br\/semsa\/vigilancia\/vigilancia-sanitaria\/roteiros-de-inspecao-sanitaria\/","url":"https:\/\/www.manaus.am.gov.br\/semsa\/vigilancia\/vigilancia-sanitaria\/roteiros-de-inspecao-sanitaria\/","name":"Roteiros de Inspe\u00e7\u00e3o Sanit\u00e1ria - SEMSA","isPartOf":{"@id":"https:\/\/www.manaus.am.gov.br\/semsa\/#website"},"datePublished":"2023-01-17T15:31:42+00:00","dateModified":"2026-01-27T13:03:01+00:00","breadcrumb":{"@id":"https:\/\/www.manaus.am.gov.br\/semsa\/vigilancia\/vigilancia-sanitaria\/roteiros-de-inspecao-sanitaria\/#breadcrumb"},"inLanguage":"pt-BR","potentialAction":[{"@type":"ReadAction","target":["https:\/\/www.manaus.am.gov.br\/semsa\/vigilancia\/vigilancia-sanitaria\/roteiros-de-inspecao-sanitaria\/"]}]},{"@type":"BreadcrumbList","@id":"https:\/\/www.manaus.am.gov.br\/semsa\/vigilancia\/vigilancia-sanitaria\/roteiros-de-inspecao-sanitaria\/#breadcrumb","itemListElement":[{"@type":"ListItem","position":1,"name":"Vigil\u00e2ncia","item":"https:\/\/www.manaus.am.gov.br\/semsa\/vigilancia\/"},{"@type":"ListItem","position":2,"name":"Sanit\u00e1ria","item":"https:\/\/www.manaus.am.gov.br\/semsa\/vigilancia\/vigilancia-sanitaria\/"},{"@type":"ListItem","position":3,"name":"Roteiros de Inspe\u00e7\u00e3o Sanit\u00e1ria"}]},{"@type":"WebSite","@id":"https:\/\/www.manaus.am.gov.br\/semsa\/#website","url":"https:\/\/www.manaus.am.gov.br\/semsa\/","name":"SEMSA","description":"Secretaria Municipal de Sa\u00fade","alternateName":"Secretaria Municipal de Sa\u00fade","potentialAction":[{"@type":"SearchAction","target":{"@type":"EntryPoint","urlTemplate":"https:\/\/www.manaus.am.gov.br\/semsa\/?s={search_term_string}"},"query-input":"required name=search_term_string"}],"inLanguage":"pt-BR"}]}},"_links":{"self":[{"href":"https:\/\/www.manaus.am.gov.br\/semsa\/wp-json\/wp\/v2\/pages\/208554"}],"collection":[{"href":"https:\/\/www.manaus.am.gov.br\/semsa\/wp-json\/wp\/v2\/pages"}],"about":[{"href":"https:\/\/www.manaus.am.gov.br\/semsa\/wp-json\/wp\/v2\/types\/page"}],"author":[{"embeddable":true,"href":"https:\/\/www.manaus.am.gov.br\/semsa\/wp-json\/wp\/v2\/users\/27"}],"replies":[{"embeddable":true,"href":"https:\/\/www.manaus.am.gov.br\/semsa\/wp-json\/wp\/v2\/comments?post=208554"}],"version-history":[{"count":20,"href":"https:\/\/www.manaus.am.gov.br\/semsa\/wp-json\/wp\/v2\/pages\/208554\/revisions"}],"predecessor-version":[{"id":227312,"href":"https:\/\/www.manaus.am.gov.br\/semsa\/wp-json\/wp\/v2\/pages\/208554\/revisions\/227312"}],"up":[{"embeddable":true,"href":"https:\/\/www.manaus.am.gov.br\/semsa\/wp-json\/wp\/v2\/pages\/208517"}],"wp:attachment":[{"href":"https:\/\/www.manaus.am.gov.br\/semsa\/wp-json\/wp\/v2\/media?parent=208554"}],"curies":[{"name":"wp","href":"https:\/\/api.w.org\/{rel}","templated":true}]}}