{"id":208552,"date":"2023-01-17T11:30:45","date_gmt":"2023-01-17T15:30:45","guid":{"rendered":"https:\/\/www.manaus.am.gov.br\/semsa\/?page_id=208552"},"modified":"2026-04-10T13:57:58","modified_gmt":"2026-04-10T17:57:58","slug":"engenharia-sanitaria","status":"publish","type":"page","link":"https:\/\/www.manaus.am.gov.br\/semsa\/vigilancia\/vigilancia-sanitaria\/engenharia-sanitaria\/","title":{"rendered":"Engenharia Sanit\u00e1ria"},"content":{"rendered":"\n<p>A Ger\u00eancia de Engenharia Sanit\u00e1ria tem um papel essencial na prote\u00e7\u00e3o da sa\u00fade p\u00fablica em Manaus. A fiscaliza\u00e7\u00e3o cont\u00ednua \u00e9 um pilar para a seguran\u00e7a da sociedade. Nosso compromisso \u00e9 assegurar que os servi\u00e7os de sa\u00fade operem com qualidade, prevenindo riscos e promovendo um ambiente urbano mais seguro e saud\u00e1vel para todos.<\/p>\n\n\n\n<p>Uma de nossas principais atribui\u00e7\u00f5es \u00e9 a an\u00e1lise dos Projetos B\u00e1sicos Arquitet\u00f4nicos (PBA) de estabelecimentos como cl\u00ednicas, laborat\u00f3rios, drogarias, distribuidoras e atacadistas de medicamentos e correlatos.<\/p>\n\n\n\n<p>Al\u00e9m disso, realizamos inspe\u00e7\u00f5es t\u00e9cnicas sempre que h\u00e1 den\u00fancias de irregularidades sanit\u00e1rias em estabelecimentos de sa\u00fade e demais locais sujeitos a nossa fiscaliza\u00e7\u00e3o. Podemos citar, como exemplo, den\u00fancias relacionadas ao sistema de esgotamento sanit\u00e1rio, descarte inadequado de res\u00edduos de sa\u00fade e falhas em sistemas de climatiza\u00e7\u00e3o.<\/p>\n\n\n\n<p>A participa\u00e7\u00e3o da popula\u00e7\u00e3o \u00e9 fundamental. Den\u00fancias de irregularidades sanit\u00e1rias, feitas atrav\u00e9s dos canais da&nbsp;<a href=\"https:\/\/www.manaus.am.gov.br\/semsa\/vigilancia\/vigilancia-sanitaria\/ouvidoria-visa-manaus\/\" target=\"_blank\" rel=\"noreferrer noopener\">Ouvidoria da Visa Manaus<\/a>, nos ajudam a agir com mais efici\u00eancia e rapidez na prote\u00e7\u00e3o da sa\u00fade p\u00fablica. Juntos, podemos construir uma Manaus mais segura e saud\u00e1vel.&nbsp;&nbsp;<\/p>\n\n\n\n<p><\/p>\n\n\n\n<p>Destacamos que as etapas de licenciamento junto \u00e0 Prefeitura de Manaus, at\u00e9 o processo chegar \u00e0 Visa Manaus, obedecem \u00e0 seguinte ordem:<\/p>\n\n\n\n<p>1. Inscri\u00e7\u00e3o Municipal;<\/p>\n\n\n\n<p>2. Alvar\u00e1 de localiza\u00e7\u00e3o;<\/p>\n\n\n\n<p>3. Parecer T\u00e9cnico de Aprova\u00e7\u00e3o de Projeto, se necess\u00e1rio;<\/p>\n\n\n\n<p>4. Licen\u00e7a sanit\u00e1ria.<\/p>\n\n\n\n<p>Note-se que algumas etapas do processo s\u00e3o realizadas pelo regulado junto \u00e0&nbsp;<a href=\"https:\/\/www.jucea.am.gov.br\/\" target=\"_blank\" rel=\"noreferrer noopener\">Junta Comercial do Estado do Amazonas (Jucea)<\/a>&nbsp;e \u00e0&nbsp;<a href=\"https:\/\/www.manaus.am.gov.br\/semef\/\" target=\"_blank\" rel=\"noreferrer noopener\">Secretaria Municipal de Finan\u00e7as (Semef)<\/a>.<\/p>\n\n\n\n<p><\/p>\n\n\n\n<p>O licenciamento sanit\u00e1rio \u00e9 solicitado atrav\u00e9s do&nbsp;<a href=\"https:\/\/slim.manaus.am.gov.br\/\" target=\"_blank\" rel=\"noreferrer noopener\">Sistema de Licenciamento Integrado Municipal (SLIM)<\/a>&nbsp;da Prefeitura de Manaus. Portanto, n\u00e3o existe licenciamento sanit\u00e1rio sem protocolo SLIM.<\/p>\n\n\n\n<p><\/p>\n\n\n\n<p>Quando o processo chega \u00e0 Visa Manaus, h\u00e1 dois caminhos, a depender da atividade realizada pelo estabelecimento: o processo pode se desenvolver pelo Sistema de Licenciamento Integrado Municipal (SLIM) ou pelo&nbsp;<a href=\"https:\/\/protocolo.manaus.am.gov.br\/proton\/login.asp\" target=\"_blank\" rel=\"noreferrer noopener\">Sistema Integrado de Gest\u00e3o Eletr\u00f4nica de Documentos (Siged)<\/a>.<\/p>\n\n\n\n<p><\/p>\n\n\n\n<p>Vale ressaltar que o licenciamento sanit\u00e1rio sempre ser\u00e1 realizado pelo SLIM. O que pode ocorrer \u00e9 a an\u00e1lise de PBA atrav\u00e9s do Siged, sempre precedida de cadastro no SLIM.<\/p>\n\n\n\n<p><strong>E-mail:<\/strong> <a href=\"mailto:visamanaus.engenharia@gmail.com\">visamanaus.engenharia@gmail.com<\/a><\/p>\n\n\n\n<p><\/p>\n\n\n\n<ul>\n<li><a href=\"https:\/\/www.manaus.am.gov.br\/semsa\/wp-content\/uploads\/sites\/8\/2023\/01\/ATIVIDADES-DE-ALTO-RISCO-QUE-EXIGEM-ANALISE-DE-PBA-PELA-VISA-MANAUS.pdf\" target=\"_blank\" rel=\"noreferrer noopener\">Atividades de alto risco que exigem an\u00e1lise de PBA pela VISA Manaus<\/a><\/li>\n\n\n\n<li><a href=\"https:\/\/www.manaus.am.gov.br\/semsa\/wp-content\/uploads\/sites\/8\/2025\/03\/Manual-de-Apresentacao-de-Projeto-Basico-de-Arquitetura.pdf\">Manual de Apresenta\u00e7\u00e3o de Projet<strong>o <\/strong>B\u00e1sico de Arquitetura<\/a><\/li>\n\n\n\n<li><a href=\"https:\/\/www.manaus.am.gov.br\/semsa\/wp-content\/uploads\/sites\/8\/2026\/04\/REQUERIMENTO.docx\">Documentos para solicitar an\u00e1lise de Projeto B\u00e1sico Arquitet\u00f4nico<\/a><\/li>\n\n\n\n<li><a href=\"https:\/\/www.manaus.am.gov.br\/semsa\/wp-content\/uploads\/sites\/8\/2026\/04\/DECLARACAO-DE-CONCLUSAO-DE-OBRA-1.docx\">Documentos para solicitar Laudo de Conformidade Predial<\/a><\/li>\n<\/ul>\n","protected":false},"excerpt":{"rendered":"","protected":false},"author":27,"featured_media":0,"parent":208517,"menu_order":4,"comment_status":"closed","ping_status":"closed","template":"templates\/vigilancias.php","meta":{"footnotes":""},"acf":[],"yoast_head":"<!-- This site is optimized with the Yoast SEO plugin v23.0 - https:\/\/yoast.com\/wordpress\/plugins\/seo\/ -->\n<title>Engenharia Sanit\u00e1ria - SEMSA<\/title>\n<meta name=\"robots\" content=\"index, follow, max-snippet:-1, max-image-preview:large, max-video-preview:-1\" \/>\n<link rel=\"canonical\" href=\"https:\/\/www.manaus.am.gov.br\/semsa\/vigilancia\/vigilancia-sanitaria\/engenharia-sanitaria\/\" \/>\n<meta property=\"og:locale\" content=\"pt_BR\" \/>\n<meta property=\"og:type\" content=\"article\" \/>\n<meta property=\"og:title\" content=\"Engenharia Sanit\u00e1ria - SEMSA\" \/>\n<meta property=\"og:url\" content=\"https:\/\/www.manaus.am.gov.br\/semsa\/vigilancia\/vigilancia-sanitaria\/engenharia-sanitaria\/\" \/>\n<meta property=\"og:site_name\" content=\"SEMSA\" \/>\n<meta property=\"article:modified_time\" content=\"2026-04-10T17:57:58+00:00\" \/>\n<meta property=\"og:image\" content=\"https:\/\/www.manaus.am.gov.br\/semsa\/wp-content\/uploads\/sites\/8\/2024\/07\/thumb-default-2.png\" \/>\n\t<meta property=\"og:image:width\" content=\"966\" \/>\n\t<meta property=\"og:image:height\" content=\"520\" \/>\n\t<meta property=\"og:image:type\" content=\"image\/png\" \/>\n<meta name=\"twitter:card\" content=\"summary_large_image\" \/>\n<meta name=\"twitter:label1\" content=\"Est. reading time\" \/>\n\t<meta name=\"twitter:data1\" content=\"3 minutos\" \/>\n<script type=\"application\/ld+json\" class=\"yoast-schema-graph\">{\"@context\":\"https:\/\/schema.org\",\"@graph\":[{\"@type\":\"WebPage\",\"@id\":\"https:\/\/www.manaus.am.gov.br\/semsa\/vigilancia\/vigilancia-sanitaria\/engenharia-sanitaria\/\",\"url\":\"https:\/\/www.manaus.am.gov.br\/semsa\/vigilancia\/vigilancia-sanitaria\/engenharia-sanitaria\/\",\"name\":\"Engenharia Sanit\u00e1ria - SEMSA\",\"isPartOf\":{\"@id\":\"https:\/\/www.manaus.am.gov.br\/semsa\/#website\"},\"datePublished\":\"2023-01-17T15:30:45+00:00\",\"dateModified\":\"2026-04-10T17:57:58+00:00\",\"breadcrumb\":{\"@id\":\"https:\/\/www.manaus.am.gov.br\/semsa\/vigilancia\/vigilancia-sanitaria\/engenharia-sanitaria\/#breadcrumb\"},\"inLanguage\":\"pt-BR\",\"potentialAction\":[{\"@type\":\"ReadAction\",\"target\":[\"https:\/\/www.manaus.am.gov.br\/semsa\/vigilancia\/vigilancia-sanitaria\/engenharia-sanitaria\/\"]}]},{\"@type\":\"BreadcrumbList\",\"@id\":\"https:\/\/www.manaus.am.gov.br\/semsa\/vigilancia\/vigilancia-sanitaria\/engenharia-sanitaria\/#breadcrumb\",\"itemListElement\":[{\"@type\":\"ListItem\",\"position\":1,\"name\":\"Vigil\u00e2ncia\",\"item\":\"https:\/\/www.manaus.am.gov.br\/semsa\/vigilancia\/\"},{\"@type\":\"ListItem\",\"position\":2,\"name\":\"Sanit\u00e1ria\",\"item\":\"https:\/\/www.manaus.am.gov.br\/semsa\/vigilancia\/vigilancia-sanitaria\/\"},{\"@type\":\"ListItem\",\"position\":3,\"name\":\"Engenharia Sanit\u00e1ria\"}]},{\"@type\":\"WebSite\",\"@id\":\"https:\/\/www.manaus.am.gov.br\/semsa\/#website\",\"url\":\"https:\/\/www.manaus.am.gov.br\/semsa\/\",\"name\":\"SEMSA\",\"description\":\"Secretaria Municipal de Sa\u00fade\",\"alternateName\":\"Secretaria Municipal de Sa\u00fade\",\"potentialAction\":[{\"@type\":\"SearchAction\",\"target\":{\"@type\":\"EntryPoint\",\"urlTemplate\":\"https:\/\/www.manaus.am.gov.br\/semsa\/?s={search_term_string}\"},\"query-input\":\"required name=search_term_string\"}],\"inLanguage\":\"pt-BR\"}]}<\/script>\n<!-- \/ Yoast SEO plugin. -->","yoast_head_json":{"title":"Engenharia Sanit\u00e1ria - SEMSA","robots":{"index":"index","follow":"follow","max-snippet":"max-snippet:-1","max-image-preview":"max-image-preview:large","max-video-preview":"max-video-preview:-1"},"canonical":"https:\/\/www.manaus.am.gov.br\/semsa\/vigilancia\/vigilancia-sanitaria\/engenharia-sanitaria\/","og_locale":"pt_BR","og_type":"article","og_title":"Engenharia Sanit\u00e1ria - SEMSA","og_url":"https:\/\/www.manaus.am.gov.br\/semsa\/vigilancia\/vigilancia-sanitaria\/engenharia-sanitaria\/","og_site_name":"SEMSA","article_modified_time":"2026-04-10T17:57:58+00:00","og_image":[{"width":966,"height":520,"url":"https:\/\/www.manaus.am.gov.br\/semsa\/wp-content\/uploads\/sites\/8\/2024\/07\/thumb-default-2.png","type":"image\/png"}],"twitter_card":"summary_large_image","twitter_misc":{"Est. reading time":"3 minutos"},"schema":{"@context":"https:\/\/schema.org","@graph":[{"@type":"WebPage","@id":"https:\/\/www.manaus.am.gov.br\/semsa\/vigilancia\/vigilancia-sanitaria\/engenharia-sanitaria\/","url":"https:\/\/www.manaus.am.gov.br\/semsa\/vigilancia\/vigilancia-sanitaria\/engenharia-sanitaria\/","name":"Engenharia Sanit\u00e1ria - SEMSA","isPartOf":{"@id":"https:\/\/www.manaus.am.gov.br\/semsa\/#website"},"datePublished":"2023-01-17T15:30:45+00:00","dateModified":"2026-04-10T17:57:58+00:00","breadcrumb":{"@id":"https:\/\/www.manaus.am.gov.br\/semsa\/vigilancia\/vigilancia-sanitaria\/engenharia-sanitaria\/#breadcrumb"},"inLanguage":"pt-BR","potentialAction":[{"@type":"ReadAction","target":["https:\/\/www.manaus.am.gov.br\/semsa\/vigilancia\/vigilancia-sanitaria\/engenharia-sanitaria\/"]}]},{"@type":"BreadcrumbList","@id":"https:\/\/www.manaus.am.gov.br\/semsa\/vigilancia\/vigilancia-sanitaria\/engenharia-sanitaria\/#breadcrumb","itemListElement":[{"@type":"ListItem","position":1,"name":"Vigil\u00e2ncia","item":"https:\/\/www.manaus.am.gov.br\/semsa\/vigilancia\/"},{"@type":"ListItem","position":2,"name":"Sanit\u00e1ria","item":"https:\/\/www.manaus.am.gov.br\/semsa\/vigilancia\/vigilancia-sanitaria\/"},{"@type":"ListItem","position":3,"name":"Engenharia Sanit\u00e1ria"}]},{"@type":"WebSite","@id":"https:\/\/www.manaus.am.gov.br\/semsa\/#website","url":"https:\/\/www.manaus.am.gov.br\/semsa\/","name":"SEMSA","description":"Secretaria Municipal de Sa\u00fade","alternateName":"Secretaria Municipal de Sa\u00fade","potentialAction":[{"@type":"SearchAction","target":{"@type":"EntryPoint","urlTemplate":"https:\/\/www.manaus.am.gov.br\/semsa\/?s={search_term_string}"},"query-input":"required name=search_term_string"}],"inLanguage":"pt-BR"}]}},"_links":{"self":[{"href":"https:\/\/www.manaus.am.gov.br\/semsa\/wp-json\/wp\/v2\/pages\/208552"}],"collection":[{"href":"https:\/\/www.manaus.am.gov.br\/semsa\/wp-json\/wp\/v2\/pages"}],"about":[{"href":"https:\/\/www.manaus.am.gov.br\/semsa\/wp-json\/wp\/v2\/types\/page"}],"author":[{"embeddable":true,"href":"https:\/\/www.manaus.am.gov.br\/semsa\/wp-json\/wp\/v2\/users\/27"}],"replies":[{"embeddable":true,"href":"https:\/\/www.manaus.am.gov.br\/semsa\/wp-json\/wp\/v2\/comments?post=208552"}],"version-history":[{"count":23,"href":"https:\/\/www.manaus.am.gov.br\/semsa\/wp-json\/wp\/v2\/pages\/208552\/revisions"}],"predecessor-version":[{"id":228519,"href":"https:\/\/www.manaus.am.gov.br\/semsa\/wp-json\/wp\/v2\/pages\/208552\/revisions\/228519"}],"up":[{"embeddable":true,"href":"https:\/\/www.manaus.am.gov.br\/semsa\/wp-json\/wp\/v2\/pages\/208517"}],"wp:attachment":[{"href":"https:\/\/www.manaus.am.gov.br\/semsa\/wp-json\/wp\/v2\/media?parent=208552"}],"curies":[{"name":"wp","href":"https:\/\/api.w.org\/{rel}","templated":true}]}}