{"id":208538,"date":"2023-01-17T11:18:05","date_gmt":"2023-01-17T15:18:05","guid":{"rendered":"https:\/\/www.manaus.am.gov.br\/semsa\/?page_id=208538"},"modified":"2026-03-02T15:59:23","modified_gmt":"2026-03-02T19:59:23","slug":"apresentacao","status":"publish","type":"page","link":"https:\/\/www.manaus.am.gov.br\/semsa\/vigilancia\/vigilancia-sanitaria\/apresentacao\/","title":{"rendered":"Apresenta\u00e7\u00e3o"},"content":{"rendered":"\n<p>A Subsecretaria de Gest\u00e3o de Vigil\u00e2ncia Sanit\u00e1ria (Visa Manaus) \u00e9 o \u00f3rg\u00e3o da Secretaria Municipal de Sa\u00fade respons\u00e1vel pela preven\u00e7\u00e3o e controle de riscos relacionados a produtos e servi\u00e7os de interesse \u00e0 sa\u00fade na capital. Suas a\u00e7\u00f5es seguem as diretrizes estabelecidas pelo Sistema Nacional de Vigil\u00e2ncia Sanit\u00e1ria (SNVS), vinculado ao Sistema \u00danico de Sa\u00fade (SUS).<\/p>\n\n\n\n<p>A miss\u00e3o da Visa Manaus \u00e9 proteger e promover a sa\u00fade da popula\u00e7\u00e3o, eliminando, reduzindo e prevenindo riscos, e intervindo nos problemas sanit\u00e1rios de baixa, m\u00e9dia e alta complexidade no munic\u00edpio de Manaus, nas \u00e1reas de:<\/p>\n\n\n\n<p>Alimentos;<br>Medicamentos;<br>Servi\u00e7os;<br>Engenharia Sanit\u00e1ria.<\/p>\n\n\n\n<h2 class=\"wp-block-heading\">Atividades<\/h2>\n\n\n\n<p>Para controlar os processos envolvidos com produtos e servi\u00e7os que se relacionam direta ou indiretamente com a sa\u00fade, a Visa realiza:<\/p>\n\n\n\n<ul>\n<li>Inspe\u00e7\u00e3o Sanit\u00e1ria;<\/li>\n\n\n\n<li>Emiss\u00e3o de Licen\u00e7a Sanit\u00e1ria;<\/li>\n\n\n\n<li>Emiss\u00e3o de Laudos de Vistoria;<\/li>\n\n\n\n<li>Emiss\u00e3o de Pareceres T\u00e9cnicos;<\/li>\n\n\n\n<li>Aplica\u00e7\u00e3o de San\u00e7\u00e3o Sanit\u00e1ria (Autua\u00e7\u00e3o, Multa e Interdi\u00e7\u00e3o);<\/li>\n\n\n\n<li>A\u00e7\u00f5es Educativas;<\/li>\n\n\n\n<li>A\u00e7\u00f5es com outros \u00f3rg\u00e3os fiscalizadores e reguladores;<\/li>\n\n\n\n<li>Vigil\u00e2ncia p\u00f3s-uso e p\u00f3s-comercializa\u00e7\u00e3o;<\/li>\n\n\n\n<li>Monitoramento de eventos adversos em servi\u00e7os de sa\u00fade;<\/li>\n\n\n\n<li>Aprova\u00e7\u00e3o de projetos arquitet\u00f4nicos;<\/li>\n\n\n\n<li>Orienta\u00e7\u00e3o T\u00e9cnica ao Regulado;<\/li>\n\n\n\n<li>Recebimento de den\u00fancias.<\/li>\n<\/ul>\n\n\n\n<p>Em n\u00edvel federal, a Ag\u00eancia Nacional de Vigil\u00e2ncia Sanit\u00e1ria (Anvisa) \u00e9 o \u00f3rg\u00e3o respons\u00e1vel por criar normas e regulamentos e dar suporte a todas as atividades de vigil\u00e2ncia sanit\u00e1ria no Pa\u00eds. Est\u00e1 sob sua responsabilidade a execu\u00e7\u00e3o das atividades de controle sanit\u00e1rio e fiscaliza\u00e7\u00e3o em portos, aeroportos e fronteiras.<\/p>\n\n\n\n<h2 class=\"wp-block-heading\">Contatos<\/h2>\n\n\n\n<h3 class=\"wp-block-heading has-text-align-left\"><strong>Dire\u00e7\u00e3o Visa Manaus<\/strong><\/h3>\n\n\n\n<p class=\"has-text-align-left\">Isaac Tayah \u2013 Diretor<br>E-mail:&nbsp;<a href=\"mailto:visa.sms@pmm.am.gov.br\" target=\"_blank\" rel=\"noreferrer noopener\">visa.sms@pmm.am.gov.br<\/a><\/p>\n\n\n\n<p><\/p>\n\n\n\n<h3 class=\"wp-block-heading\"><strong>Assessoria T\u00e9cnica<\/strong><\/h3>\n\n\n\n<p>Maria do Carmo Le\u00e3o Coelho \u2013 Assessora T\u00e9cnica\/Gabinete<br>Darcley Loureiro Caram \u2013 Assessora T\u00e9cnica\/Gabinete<br><\/p>\n\n\n\n<h3 class=\"wp-block-heading\"><strong>Ger\u00eancia de Vigil\u00e2ncia de Alimentos (Gevali)<\/strong><\/h3>\n\n\n\n<p>Ricardo Caxias Celestino de Lima \u2013 Gerente<br>E-mail:&nbsp;<a href=\"mailto:visamanaus.alimentos@gmail.com\" target=\"_blank\" rel=\"noreferrer noopener\">visamanaus.alimentos@gmail.com<\/a><\/p>\n\n\n\n<p><\/p>\n\n\n\n<h3 class=\"wp-block-heading\"><strong>Ger\u00eancia de Vigil\u00e2ncia de Medicamentos (Gevmed)<\/strong><\/h3>\n\n\n\n<p>Jo\u00e3o Kinsey da Costa Barros \u2013 Gerente<br>E-mail:&nbsp;<a href=\"mailto:visamanaus.medicamentos@gmail.com\" target=\"_blank\" rel=\"noreferrer noopener\">visamanaus.medicamentos@gmail.com<\/a><br>&nbsp;            <a href=\"mailto:controleespecial.visamanaus@gmail.com\" target=\"_blank\" rel=\"noreferrer noopener\">controleespecial.visamanaus@gmail.com<\/a><\/p>\n\n\n\n<p><\/p>\n\n\n\n<h3 class=\"wp-block-heading\"><strong>Ger\u00eancia de Vigil\u00e2ncia de Servi\u00e7os (Gevser)<\/strong><\/h3>\n\n\n\n<p>Jorge Luiz Maia Carneiro \u2013 Gerente<br>E-mail:&nbsp;<a href=\"mailto:visamanaus.servicos@gmail.com\" target=\"_blank\" rel=\"noreferrer noopener\">visamanaus.servicos@gmail.com<\/a><\/p>\n\n\n\n<p><\/p>\n\n\n\n<h3 class=\"wp-block-heading\"><strong>Ger\u00eancia de Engenharia Sanit\u00e1ria (Gengs)<\/strong><\/h3>\n\n\n\n<p>Renee Gomes Silva \u2013 Gerente<br>E-mail:&nbsp;<a href=\"mailto:visamanaus.engenharia@gmail.com\" target=\"_blank\" rel=\"noreferrer noopener\">visamanaus.engenharia@gmail.com<\/a><\/p>\n\n\n\n<p><\/p>\n\n\n\n<h3 class=\"wp-block-heading has-text-align-left\"><strong>Ouvidoria<\/strong><\/h3>\n\n\n\n<p class=\"has-text-align-left\">Nilza Maria Negreiros da Silva \u2013 Fiscal respons\u00e1vel<br>E-mail:&nbsp;<a href=\"mailto:visamanaus.ouvidoria@gmail.com\" target=\"_blank\" rel=\"noreferrer noopener\">visamanaus.ouvidoria@gmail.com<\/a> <br>Telefone: (92) 98842 -8481 (Atendimento de 8h \u00e0s 13h)<\/p>\n\n\n\n<p><\/p>\n\n\n\n<h3 class=\"wp-block-heading has-text-align-left\"><strong><strong>N\u00facleo de Seguran\u00e7a do Paciente e Gest\u00e3o do Risco Sanit\u00e1rio (NUGRS)<\/strong> <\/strong><\/h3>\n\n\n\n<p class=\"has-text-align-left\">Katia Maria Silva Cardoso \u2013 Chefe<br>E-mail:&nbsp;<a href=\"mailto:nugrsdvisa@gmail.com\" target=\"_blank\" rel=\"noreferrer noopener\">nugrsdvisa@gmail.com<\/a><br><a href=\"mailto:nsp.manaus@manaus.am.gov.br\" target=\"_blank\" rel=\"noreferrer noopener\">nsp.manaus@manaus.am.gov.br<\/a><br>Telefone: (92) 98842 -8517<\/p>\n\n\n\n<p><\/p>\n\n\n\n<h3 class=\"wp-block-heading has-text-align-left\"><strong>Localiza\u00e7\u00e3o<\/strong><\/h3>\n\n\n\n<p class=\"has-text-align-left\">Rua Japur\u00e1, 824 \u2013 Cachoeirinha, CEP 69065-150<br>E-mail:&nbsp;<a href=\"mailto:visamanaus.protocolo@gmail.com\" target=\"_blank\" rel=\"noreferrer noopener\">visamanaus.protocolo@gmail.com<\/a><br>Telefone:&nbsp;(92) 98842-8238<\/p>\n","protected":false},"excerpt":{"rendered":"","protected":false},"author":27,"featured_media":0,"parent":208517,"menu_order":0,"comment_status":"closed","ping_status":"closed","template":"templates\/vigilancias.php","meta":{"footnotes":""},"acf":[],"yoast_head":"<!-- This site is optimized with the Yoast SEO plugin v23.0 - https:\/\/yoast.com\/wordpress\/plugins\/seo\/ -->\n<title>Apresenta\u00e7\u00e3o - SEMSA<\/title>\n<meta name=\"robots\" content=\"index, follow, max-snippet:-1, max-image-preview:large, max-video-preview:-1\" \/>\n<link rel=\"canonical\" href=\"https:\/\/www.manaus.am.gov.br\/semsa\/vigilancia\/vigilancia-sanitaria\/apresentacao\/\" \/>\n<meta property=\"og:locale\" content=\"pt_BR\" \/>\n<meta property=\"og:type\" content=\"article\" \/>\n<meta property=\"og:title\" content=\"Apresenta\u00e7\u00e3o - SEMSA\" \/>\n<meta property=\"og:url\" content=\"https:\/\/www.manaus.am.gov.br\/semsa\/vigilancia\/vigilancia-sanitaria\/apresentacao\/\" \/>\n<meta property=\"og:site_name\" content=\"SEMSA\" \/>\n<meta property=\"article:modified_time\" content=\"2026-03-02T19:59:23+00:00\" \/>\n<meta property=\"og:image\" content=\"https:\/\/www.manaus.am.gov.br\/semsa\/wp-content\/uploads\/sites\/8\/2024\/07\/thumb-default-2.png\" \/>\n\t<meta property=\"og:image:width\" content=\"966\" \/>\n\t<meta property=\"og:image:height\" content=\"520\" \/>\n\t<meta property=\"og:image:type\" content=\"image\/png\" \/>\n<meta name=\"twitter:card\" content=\"summary_large_image\" \/>\n<meta name=\"twitter:label1\" content=\"Est. reading time\" \/>\n\t<meta name=\"twitter:data1\" content=\"2 minutos\" \/>\n<script type=\"application\/ld+json\" class=\"yoast-schema-graph\">{\"@context\":\"https:\/\/schema.org\",\"@graph\":[{\"@type\":\"WebPage\",\"@id\":\"https:\/\/www.manaus.am.gov.br\/semsa\/vigilancia\/vigilancia-sanitaria\/apresentacao\/\",\"url\":\"https:\/\/www.manaus.am.gov.br\/semsa\/vigilancia\/vigilancia-sanitaria\/apresentacao\/\",\"name\":\"Apresenta\u00e7\u00e3o - SEMSA\",\"isPartOf\":{\"@id\":\"https:\/\/www.manaus.am.gov.br\/semsa\/#website\"},\"datePublished\":\"2023-01-17T15:18:05+00:00\",\"dateModified\":\"2026-03-02T19:59:23+00:00\",\"breadcrumb\":{\"@id\":\"https:\/\/www.manaus.am.gov.br\/semsa\/vigilancia\/vigilancia-sanitaria\/apresentacao\/#breadcrumb\"},\"inLanguage\":\"pt-BR\",\"potentialAction\":[{\"@type\":\"ReadAction\",\"target\":[\"https:\/\/www.manaus.am.gov.br\/semsa\/vigilancia\/vigilancia-sanitaria\/apresentacao\/\"]}]},{\"@type\":\"BreadcrumbList\",\"@id\":\"https:\/\/www.manaus.am.gov.br\/semsa\/vigilancia\/vigilancia-sanitaria\/apresentacao\/#breadcrumb\",\"itemListElement\":[{\"@type\":\"ListItem\",\"position\":1,\"name\":\"Vigil\u00e2ncia\",\"item\":\"https:\/\/www.manaus.am.gov.br\/semsa\/vigilancia\/\"},{\"@type\":\"ListItem\",\"position\":2,\"name\":\"Sanit\u00e1ria\",\"item\":\"https:\/\/www.manaus.am.gov.br\/semsa\/vigilancia\/vigilancia-sanitaria\/\"},{\"@type\":\"ListItem\",\"position\":3,\"name\":\"Apresenta\u00e7\u00e3o\"}]},{\"@type\":\"WebSite\",\"@id\":\"https:\/\/www.manaus.am.gov.br\/semsa\/#website\",\"url\":\"https:\/\/www.manaus.am.gov.br\/semsa\/\",\"name\":\"SEMSA\",\"description\":\"Secretaria Municipal de Sa\u00fade\",\"alternateName\":\"Secretaria Municipal de Sa\u00fade\",\"potentialAction\":[{\"@type\":\"SearchAction\",\"target\":{\"@type\":\"EntryPoint\",\"urlTemplate\":\"https:\/\/www.manaus.am.gov.br\/semsa\/?s={search_term_string}\"},\"query-input\":\"required name=search_term_string\"}],\"inLanguage\":\"pt-BR\"}]}<\/script>\n<!-- \/ Yoast SEO plugin. -->","yoast_head_json":{"title":"Apresenta\u00e7\u00e3o - SEMSA","robots":{"index":"index","follow":"follow","max-snippet":"max-snippet:-1","max-image-preview":"max-image-preview:large","max-video-preview":"max-video-preview:-1"},"canonical":"https:\/\/www.manaus.am.gov.br\/semsa\/vigilancia\/vigilancia-sanitaria\/apresentacao\/","og_locale":"pt_BR","og_type":"article","og_title":"Apresenta\u00e7\u00e3o - SEMSA","og_url":"https:\/\/www.manaus.am.gov.br\/semsa\/vigilancia\/vigilancia-sanitaria\/apresentacao\/","og_site_name":"SEMSA","article_modified_time":"2026-03-02T19:59:23+00:00","og_image":[{"width":966,"height":520,"url":"https:\/\/www.manaus.am.gov.br\/semsa\/wp-content\/uploads\/sites\/8\/2024\/07\/thumb-default-2.png","type":"image\/png"}],"twitter_card":"summary_large_image","twitter_misc":{"Est. reading time":"2 minutos"},"schema":{"@context":"https:\/\/schema.org","@graph":[{"@type":"WebPage","@id":"https:\/\/www.manaus.am.gov.br\/semsa\/vigilancia\/vigilancia-sanitaria\/apresentacao\/","url":"https:\/\/www.manaus.am.gov.br\/semsa\/vigilancia\/vigilancia-sanitaria\/apresentacao\/","name":"Apresenta\u00e7\u00e3o - SEMSA","isPartOf":{"@id":"https:\/\/www.manaus.am.gov.br\/semsa\/#website"},"datePublished":"2023-01-17T15:18:05+00:00","dateModified":"2026-03-02T19:59:23+00:00","breadcrumb":{"@id":"https:\/\/www.manaus.am.gov.br\/semsa\/vigilancia\/vigilancia-sanitaria\/apresentacao\/#breadcrumb"},"inLanguage":"pt-BR","potentialAction":[{"@type":"ReadAction","target":["https:\/\/www.manaus.am.gov.br\/semsa\/vigilancia\/vigilancia-sanitaria\/apresentacao\/"]}]},{"@type":"BreadcrumbList","@id":"https:\/\/www.manaus.am.gov.br\/semsa\/vigilancia\/vigilancia-sanitaria\/apresentacao\/#breadcrumb","itemListElement":[{"@type":"ListItem","position":1,"name":"Vigil\u00e2ncia","item":"https:\/\/www.manaus.am.gov.br\/semsa\/vigilancia\/"},{"@type":"ListItem","position":2,"name":"Sanit\u00e1ria","item":"https:\/\/www.manaus.am.gov.br\/semsa\/vigilancia\/vigilancia-sanitaria\/"},{"@type":"ListItem","position":3,"name":"Apresenta\u00e7\u00e3o"}]},{"@type":"WebSite","@id":"https:\/\/www.manaus.am.gov.br\/semsa\/#website","url":"https:\/\/www.manaus.am.gov.br\/semsa\/","name":"SEMSA","description":"Secretaria Municipal de Sa\u00fade","alternateName":"Secretaria Municipal de Sa\u00fade","potentialAction":[{"@type":"SearchAction","target":{"@type":"EntryPoint","urlTemplate":"https:\/\/www.manaus.am.gov.br\/semsa\/?s={search_term_string}"},"query-input":"required name=search_term_string"}],"inLanguage":"pt-BR"}]}},"_links":{"self":[{"href":"https:\/\/www.manaus.am.gov.br\/semsa\/wp-json\/wp\/v2\/pages\/208538"}],"collection":[{"href":"https:\/\/www.manaus.am.gov.br\/semsa\/wp-json\/wp\/v2\/pages"}],"about":[{"href":"https:\/\/www.manaus.am.gov.br\/semsa\/wp-json\/wp\/v2\/types\/page"}],"author":[{"embeddable":true,"href":"https:\/\/www.manaus.am.gov.br\/semsa\/wp-json\/wp\/v2\/users\/27"}],"replies":[{"embeddable":true,"href":"https:\/\/www.manaus.am.gov.br\/semsa\/wp-json\/wp\/v2\/comments?post=208538"}],"version-history":[{"count":25,"href":"https:\/\/www.manaus.am.gov.br\/semsa\/wp-json\/wp\/v2\/pages\/208538\/revisions"}],"predecessor-version":[{"id":227810,"href":"https:\/\/www.manaus.am.gov.br\/semsa\/wp-json\/wp\/v2\/pages\/208538\/revisions\/227810"}],"up":[{"embeddable":true,"href":"https:\/\/www.manaus.am.gov.br\/semsa\/wp-json\/wp\/v2\/pages\/208517"}],"wp:attachment":[{"href":"https:\/\/www.manaus.am.gov.br\/semsa\/wp-json\/wp\/v2\/media?parent=208538"}],"curies":[{"name":"wp","href":"https:\/\/api.w.org\/{rel}","templated":true}]}}