{"id":208537,"date":"2023-01-17T11:20:18","date_gmt":"2023-01-17T15:20:18","guid":{"rendered":"https:\/\/www.manaus.am.gov.br\/semsa\/?page_id=208537"},"modified":"2023-04-03T16:50:09","modified_gmt":"2023-04-03T20:50:09","slug":"saude-do-homem","status":"publish","type":"page","link":"https:\/\/www.manaus.am.gov.br\/semsa\/programas-e-servicos\/saude-do-homem\/","title":{"rendered":"Sa\u00fade do Homem"},"content":{"rendered":"\n<h2 class=\"wp-block-heading\">Pol\u00edtica de Sa\u00fade do Homem<\/h2>\n\n\n\n<p><strong>Porque uma Pol\u00edtica de Sa\u00fade do Homem?<br><\/strong>Para desenvolver a\u00e7\u00f5es de sa\u00fade e estimular a participa\u00e7\u00e3o de homens de 20 a 59 anos para o cuidado em sa\u00fade, contribuindo para a diminui\u00e7\u00e3o de doen\u00e7as e mortes, melhorando as condi\u00e7\u00f5es de sua sa\u00fade.<\/p>\n\n\n\n<p><strong>Voc\u00ea sabia que os homens vivem 7 anos a menos do que as mulheres?<br><\/strong>O homem em toda sua hist\u00f3ria de vida sempre \u00e9 o que cuida da fam\u00edlia, ou seja, cuida de todos e esquece um pouco de si: falta de exerc\u00edcios f\u00edsicos (sedentarismo), exposi\u00e7\u00e3o \u00e0s viol\u00eancias, acidentes, uso de bebida alco\u00f3lica, cigarros e outras drogas. Os homens t\u00eam maior chance de desenvolver doen\u00e7as do cora\u00e7\u00e3o, c\u00e2ncer, diabetes, colesterol, press\u00e3o arterial, entre outras doen\u00e7as. Por isso, a import\u00e2ncia de anualmente realizar avalia\u00e7\u00e3o da sa\u00fade de forma preventiva. Homens, cuidem-se!<\/p>\n\n\n\n<h2 class=\"wp-block-heading\">Servi\u00e7os e cuidados<\/h2>\n\n\n\n<p><strong>Os homens podem tomar vacinas?<\/strong><br>Sim. As vacinas s\u00e3o a principal prote\u00e7\u00e3o contra doen\u00e7as como sarampo, hepatite, t\u00e9tano, dentre outras. As vacinas est\u00e3o dispon\u00edveis nas unidades de sa\u00fade mais pr\u00f3ximas de sua resid\u00eancia.<\/p>\n\n\n\n<p><strong>Qual o hor\u00e1rio de atendimento das Unidades de Sa\u00fade?<\/strong><br>O funcionamento \u00e9 de segunda a sexta-feira das 7h \u00e0s 17hs. A Semsa tamb\u00e9m disponibiliza o atendimento em dez unidades de sa\u00fade com hor\u00e1rio estendido\/ampliado que funcionam de segunda a sexta-feira das 7h \u00e0s 21hs e aos s\u00e1bados das 8 \u00e0s 12h.<\/p>\n\n\n\n<p><strong>Quais os servi\u00e7os ofertados na Unidade de Sa\u00fade para o homem?<\/strong><br>Vacina\u00e7\u00e3o;<br>Consultas;<br>Odontologia;<br>Testes sorol\u00f3gicos e exames de imagem;<br>Disponibiliza\u00e7\u00e3o de preservativos e lubrificantes;<br>Palestras educativas sobre h\u00e1bitos saud\u00e1veis, paternidade ativa e est\u00edmulo a uma cultura de paz;<br>Planejamento familiar;<\/p>\n\n\n\n<p><strong>Pr\u00e9-natal do parceiro com realiza\u00e7\u00e3o de exames: <\/strong><br>O homem, assim como sua esposa\/companheira, precisa fazer exames para saber se sua sa\u00fade est\u00e1 bem. Os pais precisam estar saud\u00e1veis para poder cuidar de seu filho\/filha. \u00c9 um momento especial para os dois.<\/p>\n\n\n\n<p>Lembrando aos homens: se sua companheira\/esposa\/namorada estiver gr\u00e1vida, voc\u00ea ser\u00e1 convidado para realizar exames, \u00e9 o pr\u00e9-natal do parceiro. Atenda ao nosso convite.<\/p>\n\n\n\n<h2 class=\"wp-block-heading\">Preven\u00e7\u00e3o ao c\u00e2ncer de pr\u00f3stata<\/h2>\n\n\n\n<p><strong>Hist\u00f3rico familiar<\/strong><br>Um dos principais fatores para ficar em alerta com a possibilidade de desenvolvimento do c\u00e2ncer de pr\u00f3stata \u00e9 ter um caso na fam\u00edlia, j\u00e1 que a probabilidade e o risco aumentam em duas vezes.<\/p>\n\n\n\n<p><strong>Ra\u00e7a<\/strong><br>Os homens com descend\u00eancia africana ou latina t\u00eam mais chance de desenvolver c\u00e2ncer de pr\u00f3stata, os n\u00fameros mostram que estes homens desenvolvem tumores ainda mais agressivos e com maior frequ\u00eancia.<\/p>\n\n\n\n<p><strong>Idade<\/strong><br>O c\u00e2ncer de pr\u00f3stata \u00e9 uma doen\u00e7a rara em homens com idade abaixo de 40 anos, por\u00e9m, a probabilidade aumenta muito r\u00e1pido a partir dos 50. Sendo que 60% dos homens diagnosticados com c\u00e2ncer de pr\u00f3stata est\u00e3o acima dos 65 anos.<\/p>\n\n\n\n<p><strong>Obesidade<\/strong><br>Estar acima do peso \u00e9 um dos fatores que contribui para o aumento das chances de desenvolver o c\u00e2ncer de pr\u00f3stata em sua forma mais agressiva e em est\u00e1gio mais avan\u00e7ado, j\u00e1 que a obesidade sinaliza que o organismo n\u00e3o vai bem.<\/p>\n\n\n\n<p><strong>M\u00e1 higieniza\u00e7\u00e3o<\/strong><br>O c\u00e2ncer de p\u00eanis tem como um dos principais fatores de risco a m\u00e1 higieniza\u00e7\u00e3o do \u00f3rg\u00e3o genital masculino, uma vez que pode ocasionar diversas doen\u00e7as como fimose secund\u00e1ria, HPV e outros tipos de infec\u00e7\u00f5es que podem resultar no desenvolvimento do c\u00e2ncer peniano.<\/p>\n\n\n\n<p>Ao apresentar qualquer sintoma, busque a unidade de sa\u00fade mais pr\u00f3xima e previna-se.<\/p>\n","protected":false},"excerpt":{"rendered":"","protected":false},"author":27,"featured_media":0,"parent":211520,"menu_order":0,"comment_status":"closed","ping_status":"closed","template":"templates\/turismo.php","meta":{"footnotes":""},"acf":[],"yoast_head":"<!-- This site is optimized with the Yoast SEO plugin v23.0 - https:\/\/yoast.com\/wordpress\/plugins\/seo\/ -->\n<title>Sa\u00fade do Homem - SEMSA<\/title>\n<meta name=\"robots\" content=\"index, follow, max-snippet:-1, max-image-preview:large, max-video-preview:-1\" \/>\n<link rel=\"canonical\" href=\"https:\/\/www.manaus.am.gov.br\/semsa\/programas-e-servicos\/saude-do-homem\/\" \/>\n<meta property=\"og:locale\" content=\"pt_BR\" \/>\n<meta property=\"og:type\" content=\"article\" \/>\n<meta property=\"og:title\" content=\"Sa\u00fade do Homem - SEMSA\" \/>\n<meta property=\"og:url\" content=\"https:\/\/www.manaus.am.gov.br\/semsa\/programas-e-servicos\/saude-do-homem\/\" \/>\n<meta property=\"og:site_name\" content=\"SEMSA\" \/>\n<meta property=\"article:modified_time\" content=\"2023-04-03T20:50:09+00:00\" \/>\n<meta property=\"og:image\" content=\"https:\/\/www.manaus.am.gov.br\/semsa\/wp-content\/uploads\/sites\/8\/2024\/07\/thumb-default-2.png\" \/>\n\t<meta property=\"og:image:width\" content=\"966\" \/>\n\t<meta property=\"og:image:height\" content=\"520\" \/>\n\t<meta property=\"og:image:type\" content=\"image\/png\" \/>\n<meta name=\"twitter:card\" content=\"summary_large_image\" \/>\n<meta name=\"twitter:label1\" content=\"Est. reading time\" \/>\n\t<meta name=\"twitter:data1\" content=\"4 minutos\" \/>\n<script type=\"application\/ld+json\" class=\"yoast-schema-graph\">{\"@context\":\"https:\/\/schema.org\",\"@graph\":[{\"@type\":\"WebPage\",\"@id\":\"https:\/\/www.manaus.am.gov.br\/semsa\/programas-e-servicos\/saude-do-homem\/\",\"url\":\"https:\/\/www.manaus.am.gov.br\/semsa\/programas-e-servicos\/saude-do-homem\/\",\"name\":\"Sa\u00fade do Homem - SEMSA\",\"isPartOf\":{\"@id\":\"https:\/\/www.manaus.am.gov.br\/semsa\/#website\"},\"datePublished\":\"2023-01-17T15:20:18+00:00\",\"dateModified\":\"2023-04-03T20:50:09+00:00\",\"breadcrumb\":{\"@id\":\"https:\/\/www.manaus.am.gov.br\/semsa\/programas-e-servicos\/saude-do-homem\/#breadcrumb\"},\"inLanguage\":\"pt-BR\",\"potentialAction\":[{\"@type\":\"ReadAction\",\"target\":[\"https:\/\/www.manaus.am.gov.br\/semsa\/programas-e-servicos\/saude-do-homem\/\"]}]},{\"@type\":\"BreadcrumbList\",\"@id\":\"https:\/\/www.manaus.am.gov.br\/semsa\/programas-e-servicos\/saude-do-homem\/#breadcrumb\",\"itemListElement\":[{\"@type\":\"ListItem\",\"position\":1,\"name\":\"PROGRAMAS E SERVI\u00c7OS\",\"item\":\"https:\/\/www.manaus.am.gov.br\/semsa\/programas-e-servicos\/\"},{\"@type\":\"ListItem\",\"position\":2,\"name\":\"Sa\u00fade do Homem\"}]},{\"@type\":\"WebSite\",\"@id\":\"https:\/\/www.manaus.am.gov.br\/semsa\/#website\",\"url\":\"https:\/\/www.manaus.am.gov.br\/semsa\/\",\"name\":\"SEMSA\",\"description\":\"Secretaria Municipal de Sa\u00fade\",\"alternateName\":\"Secretaria Municipal de Sa\u00fade\",\"potentialAction\":[{\"@type\":\"SearchAction\",\"target\":{\"@type\":\"EntryPoint\",\"urlTemplate\":\"https:\/\/www.manaus.am.gov.br\/semsa\/?s={search_term_string}\"},\"query-input\":\"required name=search_term_string\"}],\"inLanguage\":\"pt-BR\"}]}<\/script>\n<!-- \/ Yoast SEO plugin. -->","yoast_head_json":{"title":"Sa\u00fade do Homem - SEMSA","robots":{"index":"index","follow":"follow","max-snippet":"max-snippet:-1","max-image-preview":"max-image-preview:large","max-video-preview":"max-video-preview:-1"},"canonical":"https:\/\/www.manaus.am.gov.br\/semsa\/programas-e-servicos\/saude-do-homem\/","og_locale":"pt_BR","og_type":"article","og_title":"Sa\u00fade do Homem - SEMSA","og_url":"https:\/\/www.manaus.am.gov.br\/semsa\/programas-e-servicos\/saude-do-homem\/","og_site_name":"SEMSA","article_modified_time":"2023-04-03T20:50:09+00:00","og_image":[{"width":966,"height":520,"url":"https:\/\/www.manaus.am.gov.br\/semsa\/wp-content\/uploads\/sites\/8\/2024\/07\/thumb-default-2.png","type":"image\/png"}],"twitter_card":"summary_large_image","twitter_misc":{"Est. reading time":"4 minutos"},"schema":{"@context":"https:\/\/schema.org","@graph":[{"@type":"WebPage","@id":"https:\/\/www.manaus.am.gov.br\/semsa\/programas-e-servicos\/saude-do-homem\/","url":"https:\/\/www.manaus.am.gov.br\/semsa\/programas-e-servicos\/saude-do-homem\/","name":"Sa\u00fade do Homem - SEMSA","isPartOf":{"@id":"https:\/\/www.manaus.am.gov.br\/semsa\/#website"},"datePublished":"2023-01-17T15:20:18+00:00","dateModified":"2023-04-03T20:50:09+00:00","breadcrumb":{"@id":"https:\/\/www.manaus.am.gov.br\/semsa\/programas-e-servicos\/saude-do-homem\/#breadcrumb"},"inLanguage":"pt-BR","potentialAction":[{"@type":"ReadAction","target":["https:\/\/www.manaus.am.gov.br\/semsa\/programas-e-servicos\/saude-do-homem\/"]}]},{"@type":"BreadcrumbList","@id":"https:\/\/www.manaus.am.gov.br\/semsa\/programas-e-servicos\/saude-do-homem\/#breadcrumb","itemListElement":[{"@type":"ListItem","position":1,"name":"PROGRAMAS E SERVI\u00c7OS","item":"https:\/\/www.manaus.am.gov.br\/semsa\/programas-e-servicos\/"},{"@type":"ListItem","position":2,"name":"Sa\u00fade do Homem"}]},{"@type":"WebSite","@id":"https:\/\/www.manaus.am.gov.br\/semsa\/#website","url":"https:\/\/www.manaus.am.gov.br\/semsa\/","name":"SEMSA","description":"Secretaria Municipal de Sa\u00fade","alternateName":"Secretaria Municipal de Sa\u00fade","potentialAction":[{"@type":"SearchAction","target":{"@type":"EntryPoint","urlTemplate":"https:\/\/www.manaus.am.gov.br\/semsa\/?s={search_term_string}"},"query-input":"required name=search_term_string"}],"inLanguage":"pt-BR"}]}},"_links":{"self":[{"href":"https:\/\/www.manaus.am.gov.br\/semsa\/wp-json\/wp\/v2\/pages\/208537"}],"collection":[{"href":"https:\/\/www.manaus.am.gov.br\/semsa\/wp-json\/wp\/v2\/pages"}],"about":[{"href":"https:\/\/www.manaus.am.gov.br\/semsa\/wp-json\/wp\/v2\/types\/page"}],"author":[{"embeddable":true,"href":"https:\/\/www.manaus.am.gov.br\/semsa\/wp-json\/wp\/v2\/users\/27"}],"replies":[{"embeddable":true,"href":"https:\/\/www.manaus.am.gov.br\/semsa\/wp-json\/wp\/v2\/comments?post=208537"}],"version-history":[{"count":6,"href":"https:\/\/www.manaus.am.gov.br\/semsa\/wp-json\/wp\/v2\/pages\/208537\/revisions"}],"predecessor-version":[{"id":211527,"href":"https:\/\/www.manaus.am.gov.br\/semsa\/wp-json\/wp\/v2\/pages\/208537\/revisions\/211527"}],"up":[{"embeddable":true,"href":"https:\/\/www.manaus.am.gov.br\/semsa\/wp-json\/wp\/v2\/pages\/211520"}],"wp:attachment":[{"href":"https:\/\/www.manaus.am.gov.br\/semsa\/wp-json\/wp\/v2\/media?parent=208537"}],"curies":[{"name":"wp","href":"https:\/\/api.w.org\/{rel}","templated":true}]}}