{"id":208452,"date":"2023-01-17T09:22:54","date_gmt":"2023-01-17T13:22:54","guid":{"rendered":"https:\/\/www.manaus.am.gov.br\/semsa\/?page_id=208452"},"modified":"2025-08-06T15:21:54","modified_gmt":"2025-08-06T19:21:54","slug":"saude-bucal","status":"publish","type":"page","link":"https:\/\/www.manaus.am.gov.br\/semsa\/programas-e-servicos\/saude-bucal\/","title":{"rendered":"Sa\u00fade bucal"},"content":{"rendered":"\n<p><strong>\u00c1rea respons\u00e1vel:<\/strong> Ger\u00eancia de Sa\u00fade Bucal<br><strong>E-mail:<\/strong> saudebucal@pmm.am.gov.br<\/p>\n\n\n\n<h3 class=\"wp-block-heading\">O que s\u00e3o os Centros de Especialidades Odontol\u00f3gicas (CEOs)?<\/h3>\n\n\n\n<p>Os Centros de Especialidades Odontol\u00f3gicas (CEOs) s\u00e3o estabelecimentos de sa\u00fade, classificados como Cl\u00ednica Especializada ou Ambulat\u00f3rio de Especialidade, que tem como objetivo oferecer \u00e0 popula\u00e7\u00e3o, os servi\u00e7os especializados em odontologia que n\u00e3o podem ser solucionados na rede de aten\u00e7\u00e3o prim\u00e1ria, como diagn\u00f3stico bucal, com \u00eanfase no diagn\u00f3stico e detec\u00e7\u00e3o do c\u00e2ncer de boca; cirurgia oral menor dos tecidos moles e duros; periodontia especializada; endodontia; atendimento a portadores de necessidades especiais.<\/p>\n\n\n\n<p>Para o atendimento nos CEOs \u00e9 necess\u00e1rio ter em m\u00e3os os mesmos documentos para atendimento nas Unidades B\u00e1sicas e o documento de encaminhamento para a especialidade preenchido e emitido pelo cirurgi\u00e3o-dentista da Aten\u00e7\u00e3o Prim\u00e1ria.<\/p>\n\n\n\n<h3 class=\"wp-block-heading\">Objeto<\/h3>\n\n\n\n<p>Realizar a\u00e7\u00f5es de promo\u00e7\u00e3o, preven\u00e7\u00e3o e recupera\u00e7\u00e3o da sa\u00fade bucal da popula\u00e7\u00e3o manauara.<\/p>\n\n\n\n<h3 class=\"wp-block-heading\">Servi\u00e7os<\/h3>\n\n\n\n<p>Atividade educativa\/orienta\u00e7\u00e3o em grupo na aten\u00e7\u00e3o b\u00e1sica\/Instru\u00e7\u00e3o de higiene oral;<br>Escova\u00e7\u00e3o dental supervisionada;<br>Aplica\u00e7\u00e3o t\u00f3pica de fl\u00faor;<br>Atendimento cl\u00ednico ambulatorial na Unidade de Sa\u00fade;<br>Tartarectomia\/raspagem de c\u00e1lculo;<br>Restaura\u00e7\u00e3o de dentes anteriores e posteriores;<br>Exodontias\/extra\u00e7\u00f5es de dentes permanentes e dec\u00edduos;<br>Exame cl\u00ednico para identifica\u00e7\u00e3o de les\u00f5es suspeitas de malignidade;<br>Encaminhamento para os CEOs para a realiza\u00e7\u00e3o de procedimentos de m\u00e9dia complexidade (tratamento de canal, tratamento periodontal severo, cirurgias periodontais, extra\u00e7\u00f5es complexas, entre outros).<\/p>\n\n\n\n<h3 class=\"wp-block-heading\">Documenta\u00e7\u00e3o para atendimento<\/h3>\n\n\n\n<p><strong>Para atendimento nas USFs e Policl\u00ednicas:<\/strong> carteira de identidade ou certid\u00e3o de nascimento, comprovante de resid\u00eancia e cart\u00e3o nacional de sa\u00fade.<\/p>\n\n\n\n<p><strong>Para atendimento nos Centros de Especialidades Odontol\u00f3gicas\/CEO:<\/strong> carteira de identidade ou certid\u00e3o de nascimento, comprovante de resid\u00eancia, cart\u00e3o nacional de sa\u00fade e ficha de encaminhamento emitido por Cirurgi\u00e3o-Dentista da Aten\u00e7\u00e3o B\u00e1sica para o CEO.<\/p>\n\n\n\n<p><\/p>\n","protected":false},"excerpt":{"rendered":"","protected":false},"author":27,"featured_media":0,"parent":211520,"menu_order":0,"comment_status":"closed","ping_status":"closed","template":"templates\/turismo.php","meta":{"footnotes":""},"acf":[],"yoast_head":"<!-- This site is optimized with the Yoast SEO plugin v23.0 - https:\/\/yoast.com\/wordpress\/plugins\/seo\/ -->\n<title>Sa\u00fade bucal - SEMSA<\/title>\n<meta name=\"robots\" content=\"index, follow, max-snippet:-1, max-image-preview:large, max-video-preview:-1\" \/>\n<link rel=\"canonical\" href=\"https:\/\/www.manaus.am.gov.br\/semsa\/programas-e-servicos\/saude-bucal\/\" \/>\n<meta property=\"og:locale\" content=\"pt_BR\" \/>\n<meta property=\"og:type\" content=\"article\" \/>\n<meta property=\"og:title\" content=\"Sa\u00fade bucal - SEMSA\" \/>\n<meta property=\"og:url\" content=\"https:\/\/www.manaus.am.gov.br\/semsa\/programas-e-servicos\/saude-bucal\/\" \/>\n<meta property=\"og:site_name\" content=\"SEMSA\" \/>\n<meta property=\"article:modified_time\" content=\"2025-08-06T19:21:54+00:00\" \/>\n<meta property=\"og:image\" content=\"https:\/\/www.manaus.am.gov.br\/semsa\/wp-content\/uploads\/sites\/8\/2024\/07\/thumb-default-2.png\" \/>\n\t<meta property=\"og:image:width\" content=\"966\" \/>\n\t<meta property=\"og:image:height\" content=\"520\" \/>\n\t<meta property=\"og:image:type\" content=\"image\/png\" \/>\n<meta name=\"twitter:card\" content=\"summary_large_image\" \/>\n<meta name=\"twitter:label1\" content=\"Est. reading time\" \/>\n\t<meta name=\"twitter:data1\" content=\"2 minutos\" \/>\n<script type=\"application\/ld+json\" class=\"yoast-schema-graph\">{\"@context\":\"https:\/\/schema.org\",\"@graph\":[{\"@type\":\"WebPage\",\"@id\":\"https:\/\/www.manaus.am.gov.br\/semsa\/programas-e-servicos\/saude-bucal\/\",\"url\":\"https:\/\/www.manaus.am.gov.br\/semsa\/programas-e-servicos\/saude-bucal\/\",\"name\":\"Sa\u00fade bucal - SEMSA\",\"isPartOf\":{\"@id\":\"https:\/\/www.manaus.am.gov.br\/semsa\/#website\"},\"datePublished\":\"2023-01-17T13:22:54+00:00\",\"dateModified\":\"2025-08-06T19:21:54+00:00\",\"breadcrumb\":{\"@id\":\"https:\/\/www.manaus.am.gov.br\/semsa\/programas-e-servicos\/saude-bucal\/#breadcrumb\"},\"inLanguage\":\"pt-BR\",\"potentialAction\":[{\"@type\":\"ReadAction\",\"target\":[\"https:\/\/www.manaus.am.gov.br\/semsa\/programas-e-servicos\/saude-bucal\/\"]}]},{\"@type\":\"BreadcrumbList\",\"@id\":\"https:\/\/www.manaus.am.gov.br\/semsa\/programas-e-servicos\/saude-bucal\/#breadcrumb\",\"itemListElement\":[{\"@type\":\"ListItem\",\"position\":1,\"name\":\"PROGRAMAS E SERVI\u00c7OS\",\"item\":\"https:\/\/www.manaus.am.gov.br\/semsa\/programas-e-servicos\/\"},{\"@type\":\"ListItem\",\"position\":2,\"name\":\"Sa\u00fade bucal\"}]},{\"@type\":\"WebSite\",\"@id\":\"https:\/\/www.manaus.am.gov.br\/semsa\/#website\",\"url\":\"https:\/\/www.manaus.am.gov.br\/semsa\/\",\"name\":\"SEMSA\",\"description\":\"Secretaria Municipal de Sa\u00fade\",\"alternateName\":\"Secretaria Municipal de Sa\u00fade\",\"potentialAction\":[{\"@type\":\"SearchAction\",\"target\":{\"@type\":\"EntryPoint\",\"urlTemplate\":\"https:\/\/www.manaus.am.gov.br\/semsa\/?s={search_term_string}\"},\"query-input\":\"required name=search_term_string\"}],\"inLanguage\":\"pt-BR\"}]}<\/script>\n<!-- \/ Yoast SEO plugin. -->","yoast_head_json":{"title":"Sa\u00fade bucal - SEMSA","robots":{"index":"index","follow":"follow","max-snippet":"max-snippet:-1","max-image-preview":"max-image-preview:large","max-video-preview":"max-video-preview:-1"},"canonical":"https:\/\/www.manaus.am.gov.br\/semsa\/programas-e-servicos\/saude-bucal\/","og_locale":"pt_BR","og_type":"article","og_title":"Sa\u00fade bucal - SEMSA","og_url":"https:\/\/www.manaus.am.gov.br\/semsa\/programas-e-servicos\/saude-bucal\/","og_site_name":"SEMSA","article_modified_time":"2025-08-06T19:21:54+00:00","og_image":[{"width":966,"height":520,"url":"https:\/\/www.manaus.am.gov.br\/semsa\/wp-content\/uploads\/sites\/8\/2024\/07\/thumb-default-2.png","type":"image\/png"}],"twitter_card":"summary_large_image","twitter_misc":{"Est. reading time":"2 minutos"},"schema":{"@context":"https:\/\/schema.org","@graph":[{"@type":"WebPage","@id":"https:\/\/www.manaus.am.gov.br\/semsa\/programas-e-servicos\/saude-bucal\/","url":"https:\/\/www.manaus.am.gov.br\/semsa\/programas-e-servicos\/saude-bucal\/","name":"Sa\u00fade bucal - SEMSA","isPartOf":{"@id":"https:\/\/www.manaus.am.gov.br\/semsa\/#website"},"datePublished":"2023-01-17T13:22:54+00:00","dateModified":"2025-08-06T19:21:54+00:00","breadcrumb":{"@id":"https:\/\/www.manaus.am.gov.br\/semsa\/programas-e-servicos\/saude-bucal\/#breadcrumb"},"inLanguage":"pt-BR","potentialAction":[{"@type":"ReadAction","target":["https:\/\/www.manaus.am.gov.br\/semsa\/programas-e-servicos\/saude-bucal\/"]}]},{"@type":"BreadcrumbList","@id":"https:\/\/www.manaus.am.gov.br\/semsa\/programas-e-servicos\/saude-bucal\/#breadcrumb","itemListElement":[{"@type":"ListItem","position":1,"name":"PROGRAMAS E SERVI\u00c7OS","item":"https:\/\/www.manaus.am.gov.br\/semsa\/programas-e-servicos\/"},{"@type":"ListItem","position":2,"name":"Sa\u00fade bucal"}]},{"@type":"WebSite","@id":"https:\/\/www.manaus.am.gov.br\/semsa\/#website","url":"https:\/\/www.manaus.am.gov.br\/semsa\/","name":"SEMSA","description":"Secretaria Municipal de Sa\u00fade","alternateName":"Secretaria Municipal de Sa\u00fade","potentialAction":[{"@type":"SearchAction","target":{"@type":"EntryPoint","urlTemplate":"https:\/\/www.manaus.am.gov.br\/semsa\/?s={search_term_string}"},"query-input":"required name=search_term_string"}],"inLanguage":"pt-BR"}]}},"_links":{"self":[{"href":"https:\/\/www.manaus.am.gov.br\/semsa\/wp-json\/wp\/v2\/pages\/208452"}],"collection":[{"href":"https:\/\/www.manaus.am.gov.br\/semsa\/wp-json\/wp\/v2\/pages"}],"about":[{"href":"https:\/\/www.manaus.am.gov.br\/semsa\/wp-json\/wp\/v2\/types\/page"}],"author":[{"embeddable":true,"href":"https:\/\/www.manaus.am.gov.br\/semsa\/wp-json\/wp\/v2\/users\/27"}],"replies":[{"embeddable":true,"href":"https:\/\/www.manaus.am.gov.br\/semsa\/wp-json\/wp\/v2\/comments?post=208452"}],"version-history":[{"count":15,"href":"https:\/\/www.manaus.am.gov.br\/semsa\/wp-json\/wp\/v2\/pages\/208452\/revisions"}],"predecessor-version":[{"id":224661,"href":"https:\/\/www.manaus.am.gov.br\/semsa\/wp-json\/wp\/v2\/pages\/208452\/revisions\/224661"}],"up":[{"embeddable":true,"href":"https:\/\/www.manaus.am.gov.br\/semsa\/wp-json\/wp\/v2\/pages\/211520"}],"wp:attachment":[{"href":"https:\/\/www.manaus.am.gov.br\/semsa\/wp-json\/wp\/v2\/media?parent=208452"}],"curies":[{"name":"wp","href":"https:\/\/api.w.org\/{rel}","templated":true}]}}