{"id":208391,"date":"2023-01-16T17:12:11","date_gmt":"2023-01-16T21:12:11","guid":{"rendered":"https:\/\/www.manaus.am.gov.br\/semsa\/?page_id=208391"},"modified":"2025-06-26T10:55:35","modified_gmt":"2025-06-26T14:55:35","slug":"direitos-dos-usuarios","status":"publish","type":"page","link":"https:\/\/www.manaus.am.gov.br\/semsa\/programas-e-servicos\/direitos-dos-usuarios\/","title":{"rendered":"Direitos dos Usu\u00e1rios"},"content":{"rendered":"\n<p>A Carta dos Direitos dos Usu\u00e1rios da Sa\u00fade foi aprovada pelo Conselho Nacional de Sa\u00fade (CNS) em sua 198\u00aa Reuni\u00e3o Ordin\u00e1ria, realizada no dia 17 de junho de 2009. \u00c9 uma mais importante ferramenta para que voc\u00ea, cidad\u00e3o(\u00e3) brasileiro(a), conhe\u00e7a seus direitos e possa ajudar o Brasil a ter um sistema de sa\u00fade com muito mais qualidade.<\/p>\n\n\n\n<p>O documento, que tem como base seis princ\u00edpios b\u00e1sicos de cidadania, caracteriza-se como uma importante ferramenta para que o cidad\u00e3o conhe\u00e7a seus direitos e deveres no momento de procurar atendimento de sa\u00fade, tanto p\u00fablico como privado.<\/p>\n\n\n\n<p>O presente documento foi elaborado de acordo com seis princ\u00edpios basilares que, juntos, asseguram ao cidad\u00e3o o direito b\u00e1sico ao ingresso digno nos sistemas de sa\u00fade, sejam eles p\u00fablicos ou privados.<\/p>\n\n\n\n<ol>\n<li><strong>Todo cidad\u00e3o tem direito ao acesso ordenado e organizado aos sistemas de sa\u00fade.<\/strong><\/li>\n\n\n\n<li><strong>Todo cidad\u00e3o tem direito a tratamento adequado e efetivo para seu problema.<\/strong><\/li>\n\n\n\n<li><strong>Todo cidad\u00e3o tem direito ao atendimento humanizado, acolhedor e livre de qualquer discrimina\u00e7\u00e3o.<\/strong><\/li>\n\n\n\n<li><strong>Todo cidad\u00e3o tem direito a atendimento que respeite a sua pessoa, seus valores e seus direitos.<\/strong><\/li>\n\n\n\n<li><strong>Todo cidad\u00e3o tamb\u00e9m tem responsabilidades para que seu tratamento aconte\u00e7a da forma adequada.<\/strong><\/li>\n\n\n\n<li><strong>Todo cidad\u00e3o tem direito ao comprometimento dos gestores da sa\u00fade para que os princ\u00edpios anteriores sejam cumpridos.<\/strong><\/li>\n<\/ol>\n\n\n\n<p><\/p>\n\n\n\n<h2 class=\"wp-block-heading\"><a href=\"https:\/\/www.manaus.am.gov.br\/semsa\/wp-content\/uploads\/sites\/8\/2023\/01\/cartas_direitos_usuarios_saude.pdf\" target=\"_blank\" rel=\"noreferrer noopener\"><strong>Conhe\u00e7a a Carta<\/strong><\/a><\/h2>\n","protected":false},"excerpt":{"rendered":"","protected":false},"author":27,"featured_media":0,"parent":211520,"menu_order":0,"comment_status":"closed","ping_status":"closed","template":"templates\/turismo.php","meta":{"footnotes":""},"acf":[],"yoast_head":"<!-- This site is optimized with the Yoast SEO plugin v23.0 - https:\/\/yoast.com\/wordpress\/plugins\/seo\/ -->\n<title>Direitos dos Usu\u00e1rios - SEMSA<\/title>\n<meta name=\"robots\" content=\"index, follow, max-snippet:-1, max-image-preview:large, max-video-preview:-1\" \/>\n<link rel=\"canonical\" href=\"https:\/\/www.manaus.am.gov.br\/semsa\/programas-e-servicos\/direitos-dos-usuarios\/\" \/>\n<meta property=\"og:locale\" content=\"pt_BR\" \/>\n<meta property=\"og:type\" content=\"article\" \/>\n<meta property=\"og:title\" content=\"Direitos dos Usu\u00e1rios - SEMSA\" \/>\n<meta property=\"og:url\" content=\"https:\/\/www.manaus.am.gov.br\/semsa\/programas-e-servicos\/direitos-dos-usuarios\/\" \/>\n<meta property=\"og:site_name\" content=\"SEMSA\" \/>\n<meta property=\"article:modified_time\" content=\"2025-06-26T14:55:35+00:00\" \/>\n<meta property=\"og:image\" content=\"https:\/\/www.manaus.am.gov.br\/semsa\/wp-content\/uploads\/sites\/8\/2024\/07\/thumb-default-2.png\" \/>\n\t<meta property=\"og:image:width\" content=\"966\" \/>\n\t<meta property=\"og:image:height\" content=\"520\" \/>\n\t<meta property=\"og:image:type\" content=\"image\/png\" \/>\n<meta name=\"twitter:card\" content=\"summary_large_image\" \/>\n<meta name=\"twitter:label1\" content=\"Est. reading time\" \/>\n\t<meta name=\"twitter:data1\" content=\"2 minutos\" \/>\n<script type=\"application\/ld+json\" class=\"yoast-schema-graph\">{\"@context\":\"https:\/\/schema.org\",\"@graph\":[{\"@type\":\"WebPage\",\"@id\":\"https:\/\/www.manaus.am.gov.br\/semsa\/programas-e-servicos\/direitos-dos-usuarios\/\",\"url\":\"https:\/\/www.manaus.am.gov.br\/semsa\/programas-e-servicos\/direitos-dos-usuarios\/\",\"name\":\"Direitos dos Usu\u00e1rios - SEMSA\",\"isPartOf\":{\"@id\":\"https:\/\/www.manaus.am.gov.br\/semsa\/#website\"},\"datePublished\":\"2023-01-16T21:12:11+00:00\",\"dateModified\":\"2025-06-26T14:55:35+00:00\",\"breadcrumb\":{\"@id\":\"https:\/\/www.manaus.am.gov.br\/semsa\/programas-e-servicos\/direitos-dos-usuarios\/#breadcrumb\"},\"inLanguage\":\"pt-BR\",\"potentialAction\":[{\"@type\":\"ReadAction\",\"target\":[\"https:\/\/www.manaus.am.gov.br\/semsa\/programas-e-servicos\/direitos-dos-usuarios\/\"]}]},{\"@type\":\"BreadcrumbList\",\"@id\":\"https:\/\/www.manaus.am.gov.br\/semsa\/programas-e-servicos\/direitos-dos-usuarios\/#breadcrumb\",\"itemListElement\":[{\"@type\":\"ListItem\",\"position\":1,\"name\":\"PROGRAMAS E SERVI\u00c7OS\",\"item\":\"https:\/\/www.manaus.am.gov.br\/semsa\/programas-e-servicos\/\"},{\"@type\":\"ListItem\",\"position\":2,\"name\":\"Direitos dos Usu\u00e1rios\"}]},{\"@type\":\"WebSite\",\"@id\":\"https:\/\/www.manaus.am.gov.br\/semsa\/#website\",\"url\":\"https:\/\/www.manaus.am.gov.br\/semsa\/\",\"name\":\"SEMSA\",\"description\":\"Secretaria Municipal de Sa\u00fade\",\"alternateName\":\"Secretaria Municipal de Sa\u00fade\",\"potentialAction\":[{\"@type\":\"SearchAction\",\"target\":{\"@type\":\"EntryPoint\",\"urlTemplate\":\"https:\/\/www.manaus.am.gov.br\/semsa\/?s={search_term_string}\"},\"query-input\":\"required name=search_term_string\"}],\"inLanguage\":\"pt-BR\"}]}<\/script>\n<!-- \/ Yoast SEO plugin. -->","yoast_head_json":{"title":"Direitos dos Usu\u00e1rios - SEMSA","robots":{"index":"index","follow":"follow","max-snippet":"max-snippet:-1","max-image-preview":"max-image-preview:large","max-video-preview":"max-video-preview:-1"},"canonical":"https:\/\/www.manaus.am.gov.br\/semsa\/programas-e-servicos\/direitos-dos-usuarios\/","og_locale":"pt_BR","og_type":"article","og_title":"Direitos dos Usu\u00e1rios - SEMSA","og_url":"https:\/\/www.manaus.am.gov.br\/semsa\/programas-e-servicos\/direitos-dos-usuarios\/","og_site_name":"SEMSA","article_modified_time":"2025-06-26T14:55:35+00:00","og_image":[{"width":966,"height":520,"url":"https:\/\/www.manaus.am.gov.br\/semsa\/wp-content\/uploads\/sites\/8\/2024\/07\/thumb-default-2.png","type":"image\/png"}],"twitter_card":"summary_large_image","twitter_misc":{"Est. reading time":"2 minutos"},"schema":{"@context":"https:\/\/schema.org","@graph":[{"@type":"WebPage","@id":"https:\/\/www.manaus.am.gov.br\/semsa\/programas-e-servicos\/direitos-dos-usuarios\/","url":"https:\/\/www.manaus.am.gov.br\/semsa\/programas-e-servicos\/direitos-dos-usuarios\/","name":"Direitos dos Usu\u00e1rios - SEMSA","isPartOf":{"@id":"https:\/\/www.manaus.am.gov.br\/semsa\/#website"},"datePublished":"2023-01-16T21:12:11+00:00","dateModified":"2025-06-26T14:55:35+00:00","breadcrumb":{"@id":"https:\/\/www.manaus.am.gov.br\/semsa\/programas-e-servicos\/direitos-dos-usuarios\/#breadcrumb"},"inLanguage":"pt-BR","potentialAction":[{"@type":"ReadAction","target":["https:\/\/www.manaus.am.gov.br\/semsa\/programas-e-servicos\/direitos-dos-usuarios\/"]}]},{"@type":"BreadcrumbList","@id":"https:\/\/www.manaus.am.gov.br\/semsa\/programas-e-servicos\/direitos-dos-usuarios\/#breadcrumb","itemListElement":[{"@type":"ListItem","position":1,"name":"PROGRAMAS E SERVI\u00c7OS","item":"https:\/\/www.manaus.am.gov.br\/semsa\/programas-e-servicos\/"},{"@type":"ListItem","position":2,"name":"Direitos dos Usu\u00e1rios"}]},{"@type":"WebSite","@id":"https:\/\/www.manaus.am.gov.br\/semsa\/#website","url":"https:\/\/www.manaus.am.gov.br\/semsa\/","name":"SEMSA","description":"Secretaria Municipal de Sa\u00fade","alternateName":"Secretaria Municipal de Sa\u00fade","potentialAction":[{"@type":"SearchAction","target":{"@type":"EntryPoint","urlTemplate":"https:\/\/www.manaus.am.gov.br\/semsa\/?s={search_term_string}"},"query-input":"required name=search_term_string"}],"inLanguage":"pt-BR"}]}},"_links":{"self":[{"href":"https:\/\/www.manaus.am.gov.br\/semsa\/wp-json\/wp\/v2\/pages\/208391"}],"collection":[{"href":"https:\/\/www.manaus.am.gov.br\/semsa\/wp-json\/wp\/v2\/pages"}],"about":[{"href":"https:\/\/www.manaus.am.gov.br\/semsa\/wp-json\/wp\/v2\/types\/page"}],"author":[{"embeddable":true,"href":"https:\/\/www.manaus.am.gov.br\/semsa\/wp-json\/wp\/v2\/users\/27"}],"replies":[{"embeddable":true,"href":"https:\/\/www.manaus.am.gov.br\/semsa\/wp-json\/wp\/v2\/comments?post=208391"}],"version-history":[{"count":9,"href":"https:\/\/www.manaus.am.gov.br\/semsa\/wp-json\/wp\/v2\/pages\/208391\/revisions"}],"predecessor-version":[{"id":224030,"href":"https:\/\/www.manaus.am.gov.br\/semsa\/wp-json\/wp\/v2\/pages\/208391\/revisions\/224030"}],"up":[{"embeddable":true,"href":"https:\/\/www.manaus.am.gov.br\/semsa\/wp-json\/wp\/v2\/pages\/211520"}],"wp:attachment":[{"href":"https:\/\/www.manaus.am.gov.br\/semsa\/wp-json\/wp\/v2\/media?parent=208391"}],"curies":[{"name":"wp","href":"https:\/\/api.w.org\/{rel}","templated":true}]}}