{"id":208376,"date":"2023-01-16T16:57:11","date_gmt":"2023-01-16T20:57:11","guid":{"rendered":"https:\/\/www.manaus.am.gov.br\/semsa\/?page_id=208376"},"modified":"2026-02-25T16:36:23","modified_gmt":"2026-02-25T20:36:23","slug":"saude-da-crianca-e-do-adolescente","status":"publish","type":"page","link":"https:\/\/www.manaus.am.gov.br\/semsa\/programas-e-servicos\/saude-da-crianca-e-do-adolescente\/","title":{"rendered":"Sa\u00fade da crian\u00e7a e do adolescente"},"content":{"rendered":"\n<h3 class=\"wp-block-heading\" id=\"apresentacao\"><strong>Apresenta\u00e7\u00e3o<\/strong><\/h3>\n\n\n\n<p>As a\u00e7\u00f5es da \u00e1rea de sa\u00fade da crian\u00e7a e adolescente s\u00e3o voltadas para as faixas et\u00e1rias: crian\u00e7a (0-9) e adolescente (10-19). Visa estabelecer as prioridades para a sa\u00fade da popula\u00e7\u00e3o infantil-juvenil, promovendo uma interface com diversas pol\u00edticas sociais e iniciativas da comunidade, a fim de melhorar a qualidade de vida e garantir os direitos da crian\u00e7a, do adolescente e sua fam\u00edlia. Quest\u00f5es relativas ao nascimento saud\u00e1vel, aleitamento materno e alimenta\u00e7\u00e3o saud\u00e1vel, crescimento e desenvolvimento, preven\u00e7\u00e3o da viol\u00eancia e promo\u00e7\u00e3o da cultura da paz, cuidado \u00e0 crian\u00e7a doente, e vigil\u00e2ncia da mortalidade infantil e fetal s\u00e3o algumas das prioridades deste programa.<\/p>\n\n\n\n<p>O N\u00facleo de Sa\u00fade da Crian\u00e7a e Adolescente est\u00e1 inserido na Diretoria de Aten\u00e7\u00e3o Prim\u00e1ria da Semsa.<\/p>\n\n\n\n<h3 class=\"wp-block-heading\" id=\"saude_crianca\"><strong>Sa\u00fade da Crian\u00e7a<\/strong><\/h3>\n\n\n\n<p>Qual a faixa et\u00e1ria das a\u00e7\u00f5es para a sa\u00fade da crian\u00e7a?<br>As a\u00e7\u00f5es para a sa\u00fade da crian\u00e7a v\u00e3o da faixa et\u00e1ria de 0 a 9 anos.<\/p>\n\n\n\n<p>Quais s\u00e3o os exames de triagem neonatal realizados logo que o beb\u00ea nasce?<br>Todo beb\u00ea que nasce no Brasil tem direito a realizar gratuitamente cinco exames muito importantes para a sua sa\u00fade. S\u00e3o os chamados exames da triagem neonatal:<\/p>\n\n\n\n<ul>\n<li>Teste do Pezinho (Maternidades ou Aten\u00e7\u00e3o Prim\u00e1ria);<\/li>\n\n\n\n<li>Teste do Olhinho (Maternidades);<\/li>\n\n\n\n<li>Teste da Orelhinha (Maternidades);<\/li>\n\n\n\n<li>Teste do Cora\u00e7\u00e3ozinho (Maternidades);<\/li>\n\n\n\n<li>Teste da Linguinha (Maternidades).<\/li>\n<\/ul>\n\n\n\n<h3 class=\"wp-block-heading\" id=\"teste_pezinho\"><strong>O que \u00e9 o Teste do Pezinho?<\/strong><\/h3>\n\n\n\n<p>O teste do pezinho \u00e9 um exame realizado durante os primeiros dias ap\u00f3s o nascimento do beb\u00ea, a partir de gotinhas de san\u00adgue do calcanhar colhidas em papel filtro especial.<br>O teste ajuda a diagnosticar doen\u00e7as metab\u00f3licas, gen\u00e9ticas e infecciosas capazes de afetar o desenvolvimento neuropsicomotor do rec\u00e9m-nascido.<br>Este teste permite o diagn\u00f3stico precoce de di\u00adversas doen\u00e7as, que n\u00e3o apresentam sintomas, logo ap\u00f3s o nascimento.<br>Assim, \u00e9 poss\u00edvel promover o tratamento espec\u00edfico, com diminui\u00e7\u00e3o ou elimina\u00e7\u00e3o de les\u00f5es irrevers\u00edveis (como defici\u00eancia mental, defici\u00eancias f\u00edsicas) e at\u00e9 mesmo a morte.<\/p>\n\n\n\n<h3 class=\"wp-block-heading\"><strong>Qual a import\u00e2ncia do Teste do Pezinho?<\/strong><\/h3>\n\n\n\n<p>A import\u00e2ncia do teste do pezinho est\u00e1 diretamente relacionado ao fato de que muitas crian\u00e7as com doen\u00e7as metab\u00f3licas, \u00e0s vezes, n\u00e3o apresentam hist\u00f3rico familiar dessas condi\u00e7\u00f5es.<br>E at\u00e9 as crian\u00e7as, aparentemente saud\u00e1veis ao nascimento, podem demorar cerca de meses ou anos para manifestar os primeiros sintomas de alguma doen\u00e7a.<br>Mesmo que voc\u00ea tenha outros filhos mais velhos, e estes sejam saud\u00e1veis, \u00e9 necess\u00e1rio sempre fazer o teste no seu beb\u00ea.<br>Nos casos dos beb\u00eas prematuros, eles tamb\u00e9m podem fazer o exame. Mas, geralmente, \u00e9 necess\u00e1ria mais de uma coleta.<\/p>\n\n\n\n<h3 class=\"wp-block-heading\"><strong>Como \u00e9 feito o exame?<\/strong><\/h3>\n\n\n\n<p>O exame \u00e9 feito no calcanhar do rec\u00e9m-nascido, por ser uma regi\u00e3o com boa circula\u00e7\u00e3o sangu\u00ednea, o que facilita o acesso ao sangue necess\u00e1rio para a coleta de amostra.<br>\u00c9 um exame r\u00e1pido e pouco invasivo, n\u00e3o causando nenhum risco para o beb\u00ea.<\/p>\n\n\n\n<h3 class=\"wp-block-heading\"><strong>Quando realizar o teste do pezinho no meu beb\u00ea?<\/strong><\/h3>\n\n\n\n<p>Para maior efetividade da triagem neonatal, \u00e9 recomendado que a fam\u00edlia leve a crian\u00e7a para fazer o exame entre o 3\u00ba e 5\u00ba dia em uma Unidade da Aten\u00e7\u00e3o Prim\u00e1ria, caso n\u00e3o tenha sido realizado na Maternidade.<br>A coleta fora deste per\u00edodo n\u00e3o invalida o teste, entre\u00adtanto, poder\u00e1 afetar o diagn\u00f3stico precoce e prejudicar a efici\u00ad\u00eancia do tratamento, se necess\u00e1rio.<br>\u00c9 muito importante ficar atento a este prazo, pois o exame possui o objetivo de identificar a possibilidade da exist\u00eancia de alguma doen\u00e7a.<\/p>\n\n\n\n<h3 class=\"wp-block-heading\"><strong>Onde fazer o Teste do Pezinho?<\/strong><\/h3>\n\n\n\n<p>O munic\u00edpio de Manaus oferece Unidades B\u00e1sicas de Sa\u00fade com profissionais capacitados para a realiza\u00e7\u00e3o da coleta de sangue para o teste do pezinho. A lista com as unidades voc\u00ea encontra no site da Semsa (<a href=\"http:\/\/bit.ly\/unidadescompediatra\">bit.ly\/unidadescompediatra<\/a>).<\/p>\n\n\n\n<p><\/p>\n\n\n\n<h3 class=\"wp-block-heading\" id=\"teste_olhinho\"><strong>O que \u00e9 o Teste do Olhinho?<\/strong><\/h3>\n\n\n\n<p>\u00c9 um exame simples, r\u00e1pido e indolor, que consiste na identifica\u00e7\u00e3o de um reflexo vermelho, que aparece quando um feixe de luz ilumina o olho do beb\u00ea. O fen\u00f4meno \u00e9 semelhante ao observado nas fotografias.<br>O Teste do Olhinho pode detectar qualquer altera\u00e7\u00e3o, como catarata, glaucoma cong\u00eanito e outros problemas \u2013 cuja identifica\u00e7\u00e3o precoce pode possibilitar o tratamento no tempo certo e o desenvolvimento normal da vis\u00e3o.<\/p>\n\n\n\n<h3 class=\"wp-block-heading\"><strong>Onde \u00e9 feito o Teste do Olhinho?<\/strong><\/h3>\n\n\n\n<p>O exame \u00e9 realizado nas maternidades p\u00fablicas at\u00e9 a alta do rec\u00e9m-nascido. A recomenda\u00e7\u00e3o \u00e9 que o teste do olhinho seja feito pelo pediatra logo ap\u00f3s o nascimento do beb\u00ea.<\/p>\n\n\n\n<h3 class=\"wp-block-heading\" id=\"teste_orelhinha\"><strong>O que \u00e9 o Teste da Orelhinha?<\/strong><\/h3>\n\n\n\n<p>Entre os procedimentos realizados ainda na maternidade, logo ap\u00f3s o nascimento do beb\u00ea, est\u00e1 a triagem neonatal auditiva ou o teste da orelhinha. O exame \u00e9 feito, geralmente, no segundo ou terceiro dia de vida do beb\u00ea e identifica problemas auditivos no rec\u00e9m-nascido. Desde 2010 \u00e9 determinado por lei que nenhuma crian\u00e7a saia da maternidade sem ter feito o teste, que \u00e9 gratuito. As crian\u00e7as nascidas fora do ambiente hospitalar devem faz\u00ea-lo antes de completarem 1 m\u00eas de vida.<br>O teste da orelhinha \u00e9 realizado com o beb\u00ea dormindo, em sono natural, \u00e9 indolor e n\u00e3o machuca, n\u00e3o precisa de picadas ou sangue do beb\u00ea, n\u00e3o tem contraindica\u00e7\u00f5es e dura em torno de 10 minutos.<\/p>\n\n\n\n<h3 class=\"wp-block-heading\" id=\"teste_coracao\"><strong>O que \u00e9 o Teste do Cora\u00e7\u00e3ozinho?<\/strong><\/h3>\n\n\n\n<p>Todo beb\u00ea tem direito de realizar o teste de cora\u00e7\u00e3ozinho ainda na maternidade, entre 24h a 48h ap\u00f3s o nascimento. O teste \u00e9 simples, gratuito e indolor. Consiste em medir a oxigena\u00e7\u00e3o do sangue e os batimentos card\u00edacos do rec\u00e9m-nascido com o aux\u00edlio de um ox\u00edmetro &#8211; esp\u00e9cie de pulseirinha &#8211; no pulso e no p\u00e9 do beb\u00ea. Caso algum problema seja detectado, o beb\u00ea \u00e9 encaminhado para fazer um ecocardiograma. Se alterado, \u00e9 encaminhado para atendimento especializado.<\/p>\n\n\n\n<h3 class=\"wp-block-heading\"><strong>Teste da Linguinha<\/strong><\/h3>\n\n\n\n<p>O exame tem o objetivo de identificar precocemente a Anquiloglossia, uma anomalia que pode restringir os movimentos da l\u00edngua, podendo afetar a amamenta\u00e7\u00e3o e, mais tardiamente, a fala da crian\u00e7a.<br>O exame \u00e9 realizado nas maternidades, e n\u00e3o causa dor no beb\u00ea.<\/p>\n\n\n\n<h3 class=\"wp-block-heading\" id=\"acompanhamento\"><strong>Como \u00e9 realizado o acompanhamento das crian\u00e7as pelas unidades de sa\u00fade?<\/strong><\/h3>\n\n\n\n<p>Para que a crian\u00e7a cres\u00e7a e se desenvolva bem, \u00e9 fundamental comparecer \u00e0 unidade de sa\u00fade para fazer o acompanhamento do seu crescimento e desenvolvimento. A recomenda\u00e7\u00e3o do Minist\u00e9rio da Sa\u00fade \u00e9 seguir este esquema de consultas:<\/p>\n\n\n\n<p>1\u00aa semana de vida &#8211; 1\u00ba m\u00eas &#8211; 2\u00ba m\u00eas &#8211; 4\u00ba m\u00eas &#8211; 6\u00ba m\u00eas &#8211; 9\u00ba m\u00eas &#8211; 12\u00ba m\u00eas &#8211; 18\u00ba m\u00eas &#8211; 24\u00ba m\u00eas<\/p>\n\n\n\n<p>A partir dos 2 anos de idade, as consultas de rotina devem, no m\u00ednimo, ser anuais, pr\u00f3ximas ao m\u00eas de anivers\u00e1rio. Lembre-se de levar a Caderneta da Crian\u00e7a em todas as consultas. Algumas crian\u00e7as necessitam de maior aten\u00e7\u00e3o e devem ser vistas com maior frequ\u00eancia.<\/p>\n\n\n\n<h3 class=\"wp-block-heading\" id=\"caderneta_crianca\"><strong>O que \u00e9 a Caderneta da Crian\u00e7a?<\/strong><\/h3>\n\n\n\n<p>Toda crian\u00e7a nascida em maternidades p\u00fablicas ou privadas no Brasil tem direito a receber gratuitamente a &#8220;Caderneta da Crian\u00e7a&#8221; que deve ser devidamente preenchida e orientada pelo profissional, antes da alta hospitalar. A caderneta \u00e9 um documento importante, para acompanhar a sa\u00fade, crescimento e desenvolvimento da crian\u00e7a, do nascimento at\u00e9 os 9 anos de idade entre outros cuidados fundamentais para a aten\u00e7\u00e3o integral e prote\u00e7\u00e3o da crian\u00e7a.<\/p>\n\n\n\n<p>Aten\u00e7\u00e3o: a &#8220;Caderneta da Crian\u00e7a&#8221; \u00e9 um documento importante. Leve-a sempre que procurar um servi\u00e7o de sa\u00fade. Mantenha a caderneta bem conservada.<\/p>\n\n\n\n<p>Se ela for extraviada, rasgada, molhada, queimada ou perdida, o que fazer?<br>Voc\u00ea deve fazer um Boletim de Ocorr\u00eancia e, com esse BO, retornar para a Maternidade de origem, onde a crian\u00e7a nasceu, para retirar uma segunda via da caderneta.<\/p>\n\n\n\n<p>Importante! As Unidades de Sa\u00fade da Aten\u00e7\u00e3o Prim\u00e1ria n\u00e3o tem Caderneta da Crian\u00e7a para distribui\u00e7\u00e3o \u00e0 popula\u00e7\u00e3o.<\/p>\n\n\n\n<h3 class=\"wp-block-heading\"><strong>Nas consultas de rotina o que o profissional de sa\u00fade avalia e orienta?<\/strong><\/h3>\n\n\n\n<ul>\n<li>Alimenta\u00e7\u00e3o da crian\u00e7a;<\/li>\n\n\n\n<li>Peso, comprimento ou altura e per\u00edmetro cef\u00e1lico (este \u00faltimo at\u00e9 os 2 anos);<\/li>\n\n\n\n<li>Vacinas;<\/li>\n\n\n\n<li>Desenvolvimento;<\/li>\n\n\n\n<li>Preven\u00e7\u00e3o de acidentes;<\/li>\n\n\n\n<li>Identifica\u00e7\u00e3o de problemas ou riscos para a sa\u00fade;<\/li>\n\n\n\n<li>Outros cuidados para uma boa sa\u00fade.<\/li>\n<\/ul>\n\n\n\n<h3 class=\"wp-block-heading\"><strong>Quais os documentos necess\u00e1rios para o atendimento?<\/strong><\/h3>\n\n\n\n<ul>\n<li>Caderneta da Crian\u00e7a ou CNS \u2013 Cart\u00e3o SUS da Crian\u00e7a;<\/li>\n\n\n\n<li>Identidade da m\u00e3e\/pai e ou cuidador da crian\u00e7a.<\/li>\n<\/ul>\n\n\n\n<p>Importante: a falta de documenta\u00e7\u00e3o n\u00e3o inviabiliza a vacina\u00e7\u00e3o da crian\u00e7a.<\/p>\n\n\n\n<h2 class=\"wp-block-heading\" id=\"saude_adolescente\">Sa\u00fade do Adolescente<\/h2>\n\n\n\n<h3 class=\"wp-block-heading\"><strong>Qual a faixa et\u00e1ria das a\u00e7\u00f5es para a sa\u00fade do adolescente e jovem?<\/strong><\/h3>\n\n\n\n<p>As a\u00e7\u00f5es de sa\u00fade do adolescente e dos jovens s\u00e3o voltadas para a faixa et\u00e1ria entre 10 e 19 anos.<\/p>\n\n\n\n<h3 class=\"wp-block-heading\"><strong>Qual a import\u00e2ncia das a\u00e7\u00f5es de sa\u00fade para os adolescentes e jovens?<\/strong><\/h3>\n\n\n\n<p>Investir na sa\u00fade da popula\u00e7\u00e3o de adolescentes e de jovens \u00e9 importante para contribuir com a qualidade de vida, energia, esp\u00edrito criativo, inovador e construtivo da popula\u00e7\u00e3o jovem que deve ser considerada como um rico potencial, capaz de influenciar de forma positiva o desenvolvimento do pa\u00eds.<\/p>\n\n\n\n<h3 class=\"wp-block-heading\"><strong>Qual a compet\u00eancia da Aten\u00e7\u00e3o Prim\u00e1ria no atendimento aos adolescentes e jovens?<\/strong><\/h3>\n\n\n\n<p>\u00c9 compet\u00eancia da rede de sa\u00fade municipal, especialmente da Estrat\u00e9gia Sa\u00fade da Fam\u00edlia, ampliar o acesso \u00e0 sa\u00fade integral de adolescentes e jovens e disponibilizar a Caderneta de Sa\u00fade de Adolescentes.<\/p>\n\n\n\n<h3 class=\"wp-block-heading\" id=\"caderneta_saude\"><strong>O que \u00e9 a Caderneta de Sa\u00fade de Adolescentes e Jovens?<\/strong><\/h3>\n\n\n\n<p>A Caderneta de Sa\u00fade de Adolescentes foi criada para monitorar o crescimento e desenvolvimento e a sa\u00fade da popula\u00e7\u00e3o entre 10 e 19 anos visando facilitar as a\u00e7\u00f5es educativas voltadas para esse grupo et\u00e1rio.<\/p>\n\n\n\n<h3 class=\"wp-block-heading\"><strong>Como \u00e9 feito o atendimento dos adolescentes e jovens?<\/strong><\/h3>\n\n\n\n<p>O atendimento \u00e9 feito por profissionais de sa\u00fade de diversas especialidades e, se quiser, o adolescente pode ser atendido sozinho.<\/p>\n\n\n\n<h3 class=\"wp-block-heading\"><strong>Quais servi\u00e7os s\u00e3o ofertados aos adolescentes e jovens?<\/strong><\/h3>\n\n\n\n<ul>\n<li>Consulta m\u00e9dica;<\/li>\n\n\n\n<li>Vacina\u00e7\u00e3o;<\/li>\n\n\n\n<li>Atendimento odontol\u00f3gico;<\/li>\n\n\n\n<li>Contracep\u00e7\u00e3o: consulta m\u00e9dica ou de enfermagem, acesso a todos os m\u00e9todos anticoncepcionais;<\/li>\n\n\n\n<li>Contracep\u00e7\u00e3o de emerg\u00eancia;<\/li>\n\n\n\n<li>Teste de gravidez;<\/li>\n\n\n\n<li>Acompanhamento de adolescentes v\u00edtimas de viol\u00eancia e maus-tratos, e adolescentes em situa\u00e7\u00e3o de vulnerabilidade, como os que se encontram em situa\u00e7\u00e3o de rua e os adolescentes em conflito com a lei;<\/li>\n\n\n\n<li>Aten\u00e7\u00e3o \u00e0 sa\u00fade sexual e reprodutiva: capta\u00e7\u00e3o precoce e acolhimento de gestantes adolescentes, acompanhamento pr\u00e9-natal, grupos educativos e distribui\u00e7\u00e3o de preservativos nas unidades de sa\u00fade, al\u00e9m da oferta de outros m\u00e9todos de contracep\u00e7\u00e3o;<\/li>\n\n\n\n<li>Educa\u00e7\u00e3o em sa\u00fade, onde s\u00e3o abordados os temas que os adolescentes querem debater, como sa\u00fade e preven\u00e7\u00e3o, mudan\u00e7as do corpo, fam\u00edlia, direitos, sexualidade, m\u00e9todos anticoncepcionais, IST\/Aids, viol\u00eancia, entre outros.<\/li>\n<\/ul>\n\n\n\n<h3 class=\"wp-block-heading\"><strong>Como os adolescentes e os jovens acessam os servi\u00e7os?<\/strong><\/h3>\n\n\n\n<p>Em todas as Unidades de Sa\u00fade Fam\u00edlia (USF) ou por meio do Programa Sa\u00fade na Escola (PSE) onde est\u00e3o implantados.<\/p>\n\n\n\n<p><a href=\"https:\/\/www.manaus.am.gov.br\/semsa\/wp-content\/uploads\/sites\/8\/2025\/07\/Plano-Mun.-Cardiopatia-Versao-Final-Aproivada.pdf\">Plano Municipal de Atendimento \u00e0s Gestantes de Feto com Cardiopatia Cong\u00eanita<\/a><\/p>\n\n\n\n<p><\/p>\n\n\n\n<p><a href=\"https:\/\/www.manaus.am.gov.br\/semsa\/wp-content\/uploads\/sites\/8\/2026\/02\/Guia-de-orientac\u0327o\u0303es-Profissionais-Consulta-Adolescentes_Digital.pdf\">Guia de Orienta\u00e7\u00f5es para Profissionais na Consulta de Adolescentes<\/a><\/p>\n\n\n\n<p><\/p>\n\n\n\n<p><a href=\"https:\/\/www.manaus.am.gov.br\/semsa\/wp-content\/uploads\/sites\/8\/2026\/02\/Cartilha-Gravidez-Adolescencia-3.pdf\">O que precisamos saber sobre a Gravidez na Adolesc\u00eancia<\/a><\/p>\n","protected":false},"excerpt":{"rendered":"","protected":false},"author":27,"featured_media":0,"parent":211520,"menu_order":0,"comment_status":"closed","ping_status":"closed","template":"templates\/turismo.php","meta":{"footnotes":""},"acf":[],"yoast_head":"<!-- This site is optimized with the Yoast SEO plugin v23.0 - https:\/\/yoast.com\/wordpress\/plugins\/seo\/ -->\n<title>Sa\u00fade da crian\u00e7a e do adolescente - SEMSA<\/title>\n<meta name=\"robots\" content=\"index, follow, max-snippet:-1, max-image-preview:large, max-video-preview:-1\" \/>\n<link rel=\"canonical\" href=\"https:\/\/www.manaus.am.gov.br\/semsa\/programas-e-servicos\/saude-da-crianca-e-do-adolescente\/\" \/>\n<meta property=\"og:locale\" content=\"pt_BR\" \/>\n<meta property=\"og:type\" content=\"article\" \/>\n<meta property=\"og:title\" content=\"Sa\u00fade da crian\u00e7a e do adolescente - SEMSA\" \/>\n<meta property=\"og:url\" content=\"https:\/\/www.manaus.am.gov.br\/semsa\/programas-e-servicos\/saude-da-crianca-e-do-adolescente\/\" \/>\n<meta property=\"og:site_name\" content=\"SEMSA\" \/>\n<meta property=\"article:modified_time\" content=\"2026-02-25T20:36:23+00:00\" \/>\n<meta property=\"og:image\" content=\"https:\/\/www.manaus.am.gov.br\/semsa\/wp-content\/uploads\/sites\/8\/2024\/07\/thumb-default-2.png\" \/>\n\t<meta property=\"og:image:width\" content=\"966\" \/>\n\t<meta property=\"og:image:height\" content=\"520\" \/>\n\t<meta property=\"og:image:type\" content=\"image\/png\" \/>\n<meta name=\"twitter:card\" content=\"summary_large_image\" \/>\n<meta name=\"twitter:label1\" content=\"Est. reading time\" \/>\n\t<meta name=\"twitter:data1\" content=\"10 minutos\" \/>\n<script type=\"application\/ld+json\" class=\"yoast-schema-graph\">{\"@context\":\"https:\/\/schema.org\",\"@graph\":[{\"@type\":\"WebPage\",\"@id\":\"https:\/\/www.manaus.am.gov.br\/semsa\/programas-e-servicos\/saude-da-crianca-e-do-adolescente\/\",\"url\":\"https:\/\/www.manaus.am.gov.br\/semsa\/programas-e-servicos\/saude-da-crianca-e-do-adolescente\/\",\"name\":\"Sa\u00fade da crian\u00e7a e do adolescente - SEMSA\",\"isPartOf\":{\"@id\":\"https:\/\/www.manaus.am.gov.br\/semsa\/#website\"},\"datePublished\":\"2023-01-16T20:57:11+00:00\",\"dateModified\":\"2026-02-25T20:36:23+00:00\",\"breadcrumb\":{\"@id\":\"https:\/\/www.manaus.am.gov.br\/semsa\/programas-e-servicos\/saude-da-crianca-e-do-adolescente\/#breadcrumb\"},\"inLanguage\":\"pt-BR\",\"potentialAction\":[{\"@type\":\"ReadAction\",\"target\":[\"https:\/\/www.manaus.am.gov.br\/semsa\/programas-e-servicos\/saude-da-crianca-e-do-adolescente\/\"]}]},{\"@type\":\"BreadcrumbList\",\"@id\":\"https:\/\/www.manaus.am.gov.br\/semsa\/programas-e-servicos\/saude-da-crianca-e-do-adolescente\/#breadcrumb\",\"itemListElement\":[{\"@type\":\"ListItem\",\"position\":1,\"name\":\"PROGRAMAS E SERVI\u00c7OS\",\"item\":\"https:\/\/www.manaus.am.gov.br\/semsa\/programas-e-servicos\/\"},{\"@type\":\"ListItem\",\"position\":2,\"name\":\"Sa\u00fade da crian\u00e7a e do adolescente\"}]},{\"@type\":\"WebSite\",\"@id\":\"https:\/\/www.manaus.am.gov.br\/semsa\/#website\",\"url\":\"https:\/\/www.manaus.am.gov.br\/semsa\/\",\"name\":\"SEMSA\",\"description\":\"Secretaria Municipal de Sa\u00fade\",\"alternateName\":\"Secretaria Municipal de Sa\u00fade\",\"potentialAction\":[{\"@type\":\"SearchAction\",\"target\":{\"@type\":\"EntryPoint\",\"urlTemplate\":\"https:\/\/www.manaus.am.gov.br\/semsa\/?s={search_term_string}\"},\"query-input\":\"required name=search_term_string\"}],\"inLanguage\":\"pt-BR\"}]}<\/script>\n<!-- \/ Yoast SEO plugin. -->","yoast_head_json":{"title":"Sa\u00fade da crian\u00e7a e do adolescente - SEMSA","robots":{"index":"index","follow":"follow","max-snippet":"max-snippet:-1","max-image-preview":"max-image-preview:large","max-video-preview":"max-video-preview:-1"},"canonical":"https:\/\/www.manaus.am.gov.br\/semsa\/programas-e-servicos\/saude-da-crianca-e-do-adolescente\/","og_locale":"pt_BR","og_type":"article","og_title":"Sa\u00fade da crian\u00e7a e do adolescente - SEMSA","og_url":"https:\/\/www.manaus.am.gov.br\/semsa\/programas-e-servicos\/saude-da-crianca-e-do-adolescente\/","og_site_name":"SEMSA","article_modified_time":"2026-02-25T20:36:23+00:00","og_image":[{"width":966,"height":520,"url":"https:\/\/www.manaus.am.gov.br\/semsa\/wp-content\/uploads\/sites\/8\/2024\/07\/thumb-default-2.png","type":"image\/png"}],"twitter_card":"summary_large_image","twitter_misc":{"Est. reading time":"10 minutos"},"schema":{"@context":"https:\/\/schema.org","@graph":[{"@type":"WebPage","@id":"https:\/\/www.manaus.am.gov.br\/semsa\/programas-e-servicos\/saude-da-crianca-e-do-adolescente\/","url":"https:\/\/www.manaus.am.gov.br\/semsa\/programas-e-servicos\/saude-da-crianca-e-do-adolescente\/","name":"Sa\u00fade da crian\u00e7a e do adolescente - SEMSA","isPartOf":{"@id":"https:\/\/www.manaus.am.gov.br\/semsa\/#website"},"datePublished":"2023-01-16T20:57:11+00:00","dateModified":"2026-02-25T20:36:23+00:00","breadcrumb":{"@id":"https:\/\/www.manaus.am.gov.br\/semsa\/programas-e-servicos\/saude-da-crianca-e-do-adolescente\/#breadcrumb"},"inLanguage":"pt-BR","potentialAction":[{"@type":"ReadAction","target":["https:\/\/www.manaus.am.gov.br\/semsa\/programas-e-servicos\/saude-da-crianca-e-do-adolescente\/"]}]},{"@type":"BreadcrumbList","@id":"https:\/\/www.manaus.am.gov.br\/semsa\/programas-e-servicos\/saude-da-crianca-e-do-adolescente\/#breadcrumb","itemListElement":[{"@type":"ListItem","position":1,"name":"PROGRAMAS E SERVI\u00c7OS","item":"https:\/\/www.manaus.am.gov.br\/semsa\/programas-e-servicos\/"},{"@type":"ListItem","position":2,"name":"Sa\u00fade da crian\u00e7a e do adolescente"}]},{"@type":"WebSite","@id":"https:\/\/www.manaus.am.gov.br\/semsa\/#website","url":"https:\/\/www.manaus.am.gov.br\/semsa\/","name":"SEMSA","description":"Secretaria Municipal de Sa\u00fade","alternateName":"Secretaria Municipal de Sa\u00fade","potentialAction":[{"@type":"SearchAction","target":{"@type":"EntryPoint","urlTemplate":"https:\/\/www.manaus.am.gov.br\/semsa\/?s={search_term_string}"},"query-input":"required name=search_term_string"}],"inLanguage":"pt-BR"}]}},"_links":{"self":[{"href":"https:\/\/www.manaus.am.gov.br\/semsa\/wp-json\/wp\/v2\/pages\/208376"}],"collection":[{"href":"https:\/\/www.manaus.am.gov.br\/semsa\/wp-json\/wp\/v2\/pages"}],"about":[{"href":"https:\/\/www.manaus.am.gov.br\/semsa\/wp-json\/wp\/v2\/types\/page"}],"author":[{"embeddable":true,"href":"https:\/\/www.manaus.am.gov.br\/semsa\/wp-json\/wp\/v2\/users\/27"}],"replies":[{"embeddable":true,"href":"https:\/\/www.manaus.am.gov.br\/semsa\/wp-json\/wp\/v2\/comments?post=208376"}],"version-history":[{"count":33,"href":"https:\/\/www.manaus.am.gov.br\/semsa\/wp-json\/wp\/v2\/pages\/208376\/revisions"}],"predecessor-version":[{"id":227756,"href":"https:\/\/www.manaus.am.gov.br\/semsa\/wp-json\/wp\/v2\/pages\/208376\/revisions\/227756"}],"up":[{"embeddable":true,"href":"https:\/\/www.manaus.am.gov.br\/semsa\/wp-json\/wp\/v2\/pages\/211520"}],"wp:attachment":[{"href":"https:\/\/www.manaus.am.gov.br\/semsa\/wp-json\/wp\/v2\/media?parent=208376"}],"curies":[{"name":"wp","href":"https:\/\/api.w.org\/{rel}","templated":true}]}}