{"id":208368,"date":"2023-01-16T15:43:47","date_gmt":"2023-01-16T19:43:47","guid":{"rendered":"https:\/\/www.manaus.am.gov.br\/semsa\/?page_id=208368"},"modified":"2023-02-03T15:49:35","modified_gmt":"2023-02-03T19:49:35","slug":"teste-rapido-ist","status":"publish","type":"page","link":"https:\/\/www.manaus.am.gov.br\/semsa\/teste-rapido-ist\/","title":{"rendered":"Teste r\u00e1pido IST"},"content":{"rendered":"\n<p>A terminologia Infec\u00e7\u00f5es Sexualmente Transmiss\u00edveis (IST) passa a ser adotada em substitui\u00e7\u00e3o \u00e0 express\u00e3o Doen\u00e7as Sexualmente Transmiss\u00edveis (DST), porque destaca a possibilidade de uma pessoa ter e transmitir uma infec\u00e7\u00e3o, mesmo sem sinais e sintomas.<\/p>\n\n\n\n<p>As Infec\u00e7\u00f5es Sexualmente Transmiss\u00edveis (IST) s\u00e3o causadas por v\u00edrus, bact\u00e9rias ou outros microrganismos.<\/p>\n\n\n\n<p>As ISTs se mant\u00eam como importante problema de sa\u00fade p\u00fablica mundial, pois al\u00e9m de possu\u00edrem rela\u00e7\u00e3o com a mortalidade materna e infantil, tornam homens e mulheres mais vulner\u00e1veis \u00e1 ocorr\u00eancia de outras doen\u00e7as, inclusive a AIDS.<\/p>\n\n\n\n<h2 class=\"wp-block-heading\">O que s\u00e3o os testes r\u00e1pidos?<\/h2>\n\n\n\n<p>Testes r\u00e1pidos s\u00e3o aqueles cuja execu\u00e7\u00e3o, leitura e interpreta\u00e7\u00e3o dos resultados s\u00e3o feitas em, no m\u00e1ximo, 30 minutos. Al\u00e9m disso, s\u00e3o de f\u00e1cil execu\u00e7\u00e3o e n\u00e3o necessitam de estrutura laboratorial.<\/p>\n\n\n\n<p>Os testes r\u00e1pidos s\u00e3o, primariamente, recomendados para testagens presenciais. Podem ser feitos com amostra de sangue total obtida por pun\u00e7\u00e3o venosa ou da polpa digital, ou com amostras de fluido oral.<\/p>\n\n\n\n<p><strong>Acesse as unidades que realizam o teste r\u00e1pido<\/strong><\/p>\n\n\n\n<p><a class=\"custom-link\" href=\"https:\/\/www.manaus.am.gov.br\/semsa\/wp-content\/uploads\/sites\/8\/2023\/01\/UNIDADES-DE-TESTES-RAPIDOS-2021-PLANILHA-DECOM.pdf\" target=\"_blank\" rel=\"noreferrer noopener\">Unidades do Distrito Norte<\/a><\/p>\n\n\n\n<p><a class=\"custom-link\" href=\"https:\/\/www.manaus.am.gov.br\/semsa\/wp-content\/uploads\/sites\/8\/2023\/01\/UNIDADES-DE-TESTES-RAPIDO-LESTE.pdf\" target=\"_blank\" rel=\"noreferrer noopener\">Unidades do Distrito Leste<\/a><\/p>\n\n\n\n<p><a class=\"custom-link\" href=\"https:\/\/www.manaus.am.gov.br\/semsa\/wp-content\/uploads\/sites\/8\/2023\/01\/Unidades-de-Teste-Rapido-Oeste.pdf\" target=\"_blank\" rel=\"noreferrer noopener\">Unidades do Distrito Oeste<\/a><\/p>\n\n\n\n<p><a class=\"custom-link\" href=\"https:\/\/www.manaus.am.gov.br\/semsa\/wp-content\/uploads\/sites\/8\/2023\/01\/Unidades-de-Teste-Rapido-SUL.pdf\" target=\"_blank\" rel=\"noreferrer noopener\">Unidades do Distrito Sul<\/a><\/p>\n\n\n\n<p><a class=\"custom-link\" href=\"https:\/\/www.manaus.am.gov.br\/semsa\/wp-content\/uploads\/sites\/8\/2023\/01\/LAabotorios-de-Referencia.pdf\" target=\"_blank\" rel=\"noreferrer noopener\">Laborat\u00f3rios de Refer\u00eancias<\/a><\/p>\n","protected":false},"excerpt":{"rendered":"","protected":false},"author":27,"featured_media":0,"parent":0,"menu_order":0,"comment_status":"closed","ping_status":"closed","template":"templates\/prefeitura.php","meta":{"footnotes":""},"acf":[],"yoast_head":"<!-- This site is optimized with the Yoast SEO plugin v23.0 - https:\/\/yoast.com\/wordpress\/plugins\/seo\/ -->\n<title>Teste r\u00e1pido IST - SEMSA<\/title>\n<meta name=\"robots\" content=\"index, follow, max-snippet:-1, max-image-preview:large, max-video-preview:-1\" \/>\n<link rel=\"canonical\" href=\"https:\/\/www.manaus.am.gov.br\/semsa\/teste-rapido-ist\/\" \/>\n<meta property=\"og:locale\" content=\"pt_BR\" \/>\n<meta property=\"og:type\" content=\"article\" \/>\n<meta property=\"og:title\" content=\"Teste r\u00e1pido IST - SEMSA\" \/>\n<meta property=\"og:url\" content=\"https:\/\/www.manaus.am.gov.br\/semsa\/teste-rapido-ist\/\" \/>\n<meta property=\"og:site_name\" content=\"SEMSA\" \/>\n<meta property=\"article:modified_time\" content=\"2023-02-03T19:49:35+00:00\" \/>\n<meta property=\"og:image\" content=\"https:\/\/www.manaus.am.gov.br\/semsa\/wp-content\/uploads\/sites\/8\/2024\/07\/thumb-default-2.png\" \/>\n\t<meta property=\"og:image:width\" content=\"966\" \/>\n\t<meta property=\"og:image:height\" content=\"520\" \/>\n\t<meta property=\"og:image:type\" content=\"image\/png\" \/>\n<meta name=\"twitter:card\" content=\"summary_large_image\" \/>\n<meta name=\"twitter:label1\" content=\"Est. reading time\" \/>\n\t<meta name=\"twitter:data1\" content=\"1 minuto\" \/>\n<script type=\"application\/ld+json\" class=\"yoast-schema-graph\">{\"@context\":\"https:\/\/schema.org\",\"@graph\":[{\"@type\":\"WebPage\",\"@id\":\"https:\/\/www.manaus.am.gov.br\/semsa\/teste-rapido-ist\/\",\"url\":\"https:\/\/www.manaus.am.gov.br\/semsa\/teste-rapido-ist\/\",\"name\":\"Teste r\u00e1pido IST - SEMSA\",\"isPartOf\":{\"@id\":\"https:\/\/www.manaus.am.gov.br\/semsa\/#website\"},\"datePublished\":\"2023-01-16T19:43:47+00:00\",\"dateModified\":\"2023-02-03T19:49:35+00:00\",\"inLanguage\":\"pt-BR\",\"potentialAction\":[{\"@type\":\"ReadAction\",\"target\":[\"https:\/\/www.manaus.am.gov.br\/semsa\/teste-rapido-ist\/\"]}]},{\"@type\":\"WebSite\",\"@id\":\"https:\/\/www.manaus.am.gov.br\/semsa\/#website\",\"url\":\"https:\/\/www.manaus.am.gov.br\/semsa\/\",\"name\":\"SEMSA\",\"description\":\"Secretaria Municipal de Sa\u00fade\",\"alternateName\":\"Secretaria Municipal de Sa\u00fade\",\"potentialAction\":[{\"@type\":\"SearchAction\",\"target\":{\"@type\":\"EntryPoint\",\"urlTemplate\":\"https:\/\/www.manaus.am.gov.br\/semsa\/?s={search_term_string}\"},\"query-input\":\"required name=search_term_string\"}],\"inLanguage\":\"pt-BR\"}]}<\/script>\n<!-- \/ Yoast SEO plugin. -->","yoast_head_json":{"title":"Teste r\u00e1pido IST - SEMSA","robots":{"index":"index","follow":"follow","max-snippet":"max-snippet:-1","max-image-preview":"max-image-preview:large","max-video-preview":"max-video-preview:-1"},"canonical":"https:\/\/www.manaus.am.gov.br\/semsa\/teste-rapido-ist\/","og_locale":"pt_BR","og_type":"article","og_title":"Teste r\u00e1pido IST - SEMSA","og_url":"https:\/\/www.manaus.am.gov.br\/semsa\/teste-rapido-ist\/","og_site_name":"SEMSA","article_modified_time":"2023-02-03T19:49:35+00:00","og_image":[{"width":966,"height":520,"url":"https:\/\/www.manaus.am.gov.br\/semsa\/wp-content\/uploads\/sites\/8\/2024\/07\/thumb-default-2.png","type":"image\/png"}],"twitter_card":"summary_large_image","twitter_misc":{"Est. reading time":"1 minuto"},"schema":{"@context":"https:\/\/schema.org","@graph":[{"@type":"WebPage","@id":"https:\/\/www.manaus.am.gov.br\/semsa\/teste-rapido-ist\/","url":"https:\/\/www.manaus.am.gov.br\/semsa\/teste-rapido-ist\/","name":"Teste r\u00e1pido IST - SEMSA","isPartOf":{"@id":"https:\/\/www.manaus.am.gov.br\/semsa\/#website"},"datePublished":"2023-01-16T19:43:47+00:00","dateModified":"2023-02-03T19:49:35+00:00","inLanguage":"pt-BR","potentialAction":[{"@type":"ReadAction","target":["https:\/\/www.manaus.am.gov.br\/semsa\/teste-rapido-ist\/"]}]},{"@type":"WebSite","@id":"https:\/\/www.manaus.am.gov.br\/semsa\/#website","url":"https:\/\/www.manaus.am.gov.br\/semsa\/","name":"SEMSA","description":"Secretaria Municipal de Sa\u00fade","alternateName":"Secretaria Municipal de Sa\u00fade","potentialAction":[{"@type":"SearchAction","target":{"@type":"EntryPoint","urlTemplate":"https:\/\/www.manaus.am.gov.br\/semsa\/?s={search_term_string}"},"query-input":"required name=search_term_string"}],"inLanguage":"pt-BR"}]}},"_links":{"self":[{"href":"https:\/\/www.manaus.am.gov.br\/semsa\/wp-json\/wp\/v2\/pages\/208368"}],"collection":[{"href":"https:\/\/www.manaus.am.gov.br\/semsa\/wp-json\/wp\/v2\/pages"}],"about":[{"href":"https:\/\/www.manaus.am.gov.br\/semsa\/wp-json\/wp\/v2\/types\/page"}],"author":[{"embeddable":true,"href":"https:\/\/www.manaus.am.gov.br\/semsa\/wp-json\/wp\/v2\/users\/27"}],"replies":[{"embeddable":true,"href":"https:\/\/www.manaus.am.gov.br\/semsa\/wp-json\/wp\/v2\/comments?post=208368"}],"version-history":[{"count":3,"href":"https:\/\/www.manaus.am.gov.br\/semsa\/wp-json\/wp\/v2\/pages\/208368\/revisions"}],"predecessor-version":[{"id":210556,"href":"https:\/\/www.manaus.am.gov.br\/semsa\/wp-json\/wp\/v2\/pages\/208368\/revisions\/210556"}],"wp:attachment":[{"href":"https:\/\/www.manaus.am.gov.br\/semsa\/wp-json\/wp\/v2\/media?parent=208368"}],"curies":[{"name":"wp","href":"https:\/\/api.w.org\/{rel}","templated":true}]}}