{"id":208353,"date":"2023-01-16T15:25:01","date_gmt":"2023-01-16T19:25:01","guid":{"rendered":"https:\/\/www.manaus.am.gov.br\/semsa\/?page_id=208353"},"modified":"2023-01-31T09:24:28","modified_gmt":"2023-01-31T13:24:28","slug":"janeiro-roxo-hanseniase-tem-cura","status":"publish","type":"page","link":"https:\/\/www.manaus.am.gov.br\/semsa\/janeiro-roxo-hanseniase-tem-cura\/","title":{"rendered":"Janeiro Roxo: Hansen\u00edase tem cura"},"content":{"rendered":"<div class=\"wp-block-image\">\n<figure class=\"alignleft size-full is-resized\"><a href=\"https:\/\/www.manaus.am.gov.br\/semsa\/wp-content\/uploads\/sites\/8\/2023\/01\/Janeiro-Roxo-Semsa.gif\"><img loading=\"lazy\" decoding=\"async\" src=\"https:\/\/www.manaus.am.gov.br\/semsa\/wp-content\/uploads\/sites\/8\/2023\/01\/Janeiro-Roxo-Semsa.gif\" alt=\"Janeiro Roxo\" class=\"wp-image-208354\" width=\"845\" height=\"450\"\/><\/a><\/figure><\/div>\n\n\n<p>Sensa\u00e7\u00e3o de fraqueza, c\u00e3ibras ou formigamento nas m\u00e3os e nos p\u00e9s? Manchas esbranqui\u00e7adas, avermelhadas ou amarronzadas na pele \u2013 que n\u00e3o co\u00e7am, n\u00e3o ardem e n\u00e3o doem? Estes podem ser sinais da hansen\u00edase. Procure uma Unidade B\u00e1sica de Sa\u00fade (UBS) e fa\u00e7a o exame. Se for hansen\u00edase, n\u00e3o se assuste: na UBS tem acolhimento, tratamento e cura.<\/p>\n\n\n\n<p>Ningu\u00e9m nasce com hansen\u00edase. Esta \u00e9 uma doen\u00e7a provocada pelo bacilo de Hansen, que \u00e9 transmitido por meio de got\u00edculas de saliva eliminadas na fala, tosse ou espirro e que afeta principalmente a pele e os nervos: rosto, bra\u00e7os, pernas, m\u00e3os e p\u00e9s. Tantas crian\u00e7as quanto adultos e idosos est\u00e3o sujeitos a contra\u00ed-la. As chances de transmiss\u00e3o s\u00e3o maiores quando o contato com a pessoa doente \u00e9 pr\u00f3ximo e prolongado, em ambiente fechado, com pouca luz e pouca ventila\u00e7\u00e3o.<\/p>\n\n\n\n<p>Apesar da alta capacidade de transmiss\u00e3o do bacilo de Hansen, poucas pessoas (as mais suscet\u00edveis) adoecem. A maior parte da popula\u00e7\u00e3o possui defesa natural contra o bacilo. E o per\u00edodo de incuba\u00e7\u00e3o \u2013 tempo para que a doen\u00e7a se manifeste \u2013 \u00e9 longo. Geralmente s\u00e3o necess\u00e1rios de 2 a 7 anos para que a hansen\u00edase apresente seus sinais.<\/p>\n\n\n\n<p>\u25cf&nbsp;&nbsp;&nbsp;&nbsp;&nbsp;<strong>Diagn\u00f3stico e apoio<\/strong><\/p>\n\n\n\n<p>A rede municipal de sa\u00fade est\u00e1 preparada para atender os casos suspeitos de hansen\u00edase. Em todas as unidades \u00e9 poss\u00edvel realizar o exame dermatol\u00f3gico para identificar se voc\u00ea est\u00e1 com a doen\u00e7a ou n\u00e3o. E, se tiver, tratar e receber o apoio necess\u00e1rio, at\u00e9 a cura.<\/p>\n\n\n\n<p>\u25cf&nbsp;&nbsp;&nbsp;&nbsp;&nbsp;<strong>Tratamento<\/strong><\/p>\n\n\n\n<p>O tratamento da hansen\u00edase \u00e9 feito com um conjunto de medicamentos oferecido gratuitamente no sistema p\u00fablico de sa\u00fade e pode durar de 6 meses a 1 ano, dependendo da forma cl\u00ednica diagnosticada. Quanto mais r\u00e1pido o diagn\u00f3stico, mais f\u00e1cil \u00e9 a cura.<\/p>\n\n\n\n<p>Ao iniciar o tratamento, o paciente n\u00e3o transmite mais a doen\u00e7a, no entanto \u00e9 necess\u00e1rio que o tratamento seja corretamente realizado, evitando que a doen\u00e7a deixe sequelas permanentes, como deforma\u00e7\u00f5es e incapacidade f\u00edsica. Tamb\u00e9m \u00e9 importante que todas as pessoas que convivem ou conviveram nos \u00faltimos anos com uma pessoa diagnosticada com hansen\u00edase sejam examinadas.<\/p>\n\n\n\n<p>Se voc\u00ea tem suspeita de hansen\u00edase em casa, n\u00e3o tenha medo: procure a UBS mais pr\u00f3xima e fa\u00e7a o exame. A Sa\u00fade Municipal est\u00e1 sempre ao seu lado.<\/p>\n\n\n\n<p>Hansen\u00edase: para quem tem, tem tratamento. Quem se trata, se cura. E protege toda a fam\u00edlia!<\/p>\n","protected":false},"excerpt":{"rendered":"","protected":false},"author":27,"featured_media":0,"parent":0,"menu_order":0,"comment_status":"closed","ping_status":"closed","template":"","meta":{"footnotes":""},"acf":[],"yoast_head":"<!-- This site is optimized with the Yoast SEO plugin v23.0 - https:\/\/yoast.com\/wordpress\/plugins\/seo\/ -->\n<title>Janeiro Roxo: Hansen\u00edase tem cura - SEMSA<\/title>\n<meta name=\"robots\" content=\"index, follow, max-snippet:-1, max-image-preview:large, max-video-preview:-1\" \/>\n<link rel=\"canonical\" href=\"https:\/\/www.manaus.am.gov.br\/semsa\/janeiro-roxo-hanseniase-tem-cura\/\" \/>\n<meta property=\"og:locale\" content=\"pt_BR\" \/>\n<meta property=\"og:type\" content=\"article\" \/>\n<meta property=\"og:title\" content=\"Janeiro Roxo: Hansen\u00edase tem cura - SEMSA\" \/>\n<meta property=\"og:url\" content=\"https:\/\/www.manaus.am.gov.br\/semsa\/janeiro-roxo-hanseniase-tem-cura\/\" \/>\n<meta property=\"og:site_name\" content=\"SEMSA\" \/>\n<meta property=\"article:modified_time\" content=\"2023-01-31T13:24:28+00:00\" \/>\n<meta property=\"og:image\" content=\"https:\/\/www.manaus.am.gov.br\/semsa\/wp-content\/uploads\/sites\/8\/2023\/01\/Janeiro-Roxo-Semsa.gif\" \/>\n<meta name=\"twitter:card\" content=\"summary_large_image\" \/>\n<meta name=\"twitter:label1\" content=\"Est. reading time\" \/>\n\t<meta name=\"twitter:data1\" content=\"3 minutos\" \/>\n<script type=\"application\/ld+json\" class=\"yoast-schema-graph\">{\"@context\":\"https:\/\/schema.org\",\"@graph\":[{\"@type\":\"WebPage\",\"@id\":\"https:\/\/www.manaus.am.gov.br\/semsa\/janeiro-roxo-hanseniase-tem-cura\/\",\"url\":\"https:\/\/www.manaus.am.gov.br\/semsa\/janeiro-roxo-hanseniase-tem-cura\/\",\"name\":\"Janeiro Roxo: Hansen\u00edase tem cura - SEMSA\",\"isPartOf\":{\"@id\":\"https:\/\/www.manaus.am.gov.br\/semsa\/#website\"},\"primaryImageOfPage\":{\"@id\":\"https:\/\/www.manaus.am.gov.br\/semsa\/janeiro-roxo-hanseniase-tem-cura\/#primaryimage\"},\"image\":{\"@id\":\"https:\/\/www.manaus.am.gov.br\/semsa\/janeiro-roxo-hanseniase-tem-cura\/#primaryimage\"},\"thumbnailUrl\":\"https:\/\/www.manaus.am.gov.br\/semsa\/wp-content\/uploads\/sites\/8\/2023\/01\/Janeiro-Roxo-Semsa.gif\",\"datePublished\":\"2023-01-16T19:25:01+00:00\",\"dateModified\":\"2023-01-31T13:24:28+00:00\",\"inLanguage\":\"pt-BR\",\"potentialAction\":[{\"@type\":\"ReadAction\",\"target\":[\"https:\/\/www.manaus.am.gov.br\/semsa\/janeiro-roxo-hanseniase-tem-cura\/\"]}]},{\"@type\":\"ImageObject\",\"inLanguage\":\"pt-BR\",\"@id\":\"https:\/\/www.manaus.am.gov.br\/semsa\/janeiro-roxo-hanseniase-tem-cura\/#primaryimage\",\"url\":\"https:\/\/www.manaus.am.gov.br\/semsa\/wp-content\/uploads\/sites\/8\/2023\/01\/Janeiro-Roxo-Semsa.gif\",\"contentUrl\":\"https:\/\/www.manaus.am.gov.br\/semsa\/wp-content\/uploads\/sites\/8\/2023\/01\/Janeiro-Roxo-Semsa.gif\",\"width\":640,\"height\":340,\"caption\":\"Janeiro Roxo\"},{\"@type\":\"WebSite\",\"@id\":\"https:\/\/www.manaus.am.gov.br\/semsa\/#website\",\"url\":\"https:\/\/www.manaus.am.gov.br\/semsa\/\",\"name\":\"SEMSA\",\"description\":\"Secretaria Municipal de Sa\u00fade\",\"alternateName\":\"Secretaria Municipal de Sa\u00fade\",\"potentialAction\":[{\"@type\":\"SearchAction\",\"target\":{\"@type\":\"EntryPoint\",\"urlTemplate\":\"https:\/\/www.manaus.am.gov.br\/semsa\/?s={search_term_string}\"},\"query-input\":\"required name=search_term_string\"}],\"inLanguage\":\"pt-BR\"}]}<\/script>\n<!-- \/ Yoast SEO plugin. -->","yoast_head_json":{"title":"Janeiro Roxo: Hansen\u00edase tem cura - SEMSA","robots":{"index":"index","follow":"follow","max-snippet":"max-snippet:-1","max-image-preview":"max-image-preview:large","max-video-preview":"max-video-preview:-1"},"canonical":"https:\/\/www.manaus.am.gov.br\/semsa\/janeiro-roxo-hanseniase-tem-cura\/","og_locale":"pt_BR","og_type":"article","og_title":"Janeiro Roxo: Hansen\u00edase tem cura - SEMSA","og_url":"https:\/\/www.manaus.am.gov.br\/semsa\/janeiro-roxo-hanseniase-tem-cura\/","og_site_name":"SEMSA","article_modified_time":"2023-01-31T13:24:28+00:00","og_image":[{"url":"https:\/\/www.manaus.am.gov.br\/semsa\/wp-content\/uploads\/sites\/8\/2023\/01\/Janeiro-Roxo-Semsa.gif"}],"twitter_card":"summary_large_image","twitter_misc":{"Est. reading time":"3 minutos"},"schema":{"@context":"https:\/\/schema.org","@graph":[{"@type":"WebPage","@id":"https:\/\/www.manaus.am.gov.br\/semsa\/janeiro-roxo-hanseniase-tem-cura\/","url":"https:\/\/www.manaus.am.gov.br\/semsa\/janeiro-roxo-hanseniase-tem-cura\/","name":"Janeiro Roxo: Hansen\u00edase tem cura - SEMSA","isPartOf":{"@id":"https:\/\/www.manaus.am.gov.br\/semsa\/#website"},"primaryImageOfPage":{"@id":"https:\/\/www.manaus.am.gov.br\/semsa\/janeiro-roxo-hanseniase-tem-cura\/#primaryimage"},"image":{"@id":"https:\/\/www.manaus.am.gov.br\/semsa\/janeiro-roxo-hanseniase-tem-cura\/#primaryimage"},"thumbnailUrl":"https:\/\/www.manaus.am.gov.br\/semsa\/wp-content\/uploads\/sites\/8\/2023\/01\/Janeiro-Roxo-Semsa.gif","datePublished":"2023-01-16T19:25:01+00:00","dateModified":"2023-01-31T13:24:28+00:00","inLanguage":"pt-BR","potentialAction":[{"@type":"ReadAction","target":["https:\/\/www.manaus.am.gov.br\/semsa\/janeiro-roxo-hanseniase-tem-cura\/"]}]},{"@type":"ImageObject","inLanguage":"pt-BR","@id":"https:\/\/www.manaus.am.gov.br\/semsa\/janeiro-roxo-hanseniase-tem-cura\/#primaryimage","url":"https:\/\/www.manaus.am.gov.br\/semsa\/wp-content\/uploads\/sites\/8\/2023\/01\/Janeiro-Roxo-Semsa.gif","contentUrl":"https:\/\/www.manaus.am.gov.br\/semsa\/wp-content\/uploads\/sites\/8\/2023\/01\/Janeiro-Roxo-Semsa.gif","width":640,"height":340,"caption":"Janeiro Roxo"},{"@type":"WebSite","@id":"https:\/\/www.manaus.am.gov.br\/semsa\/#website","url":"https:\/\/www.manaus.am.gov.br\/semsa\/","name":"SEMSA","description":"Secretaria Municipal de Sa\u00fade","alternateName":"Secretaria Municipal de Sa\u00fade","potentialAction":[{"@type":"SearchAction","target":{"@type":"EntryPoint","urlTemplate":"https:\/\/www.manaus.am.gov.br\/semsa\/?s={search_term_string}"},"query-input":"required name=search_term_string"}],"inLanguage":"pt-BR"}]}},"_links":{"self":[{"href":"https:\/\/www.manaus.am.gov.br\/semsa\/wp-json\/wp\/v2\/pages\/208353"}],"collection":[{"href":"https:\/\/www.manaus.am.gov.br\/semsa\/wp-json\/wp\/v2\/pages"}],"about":[{"href":"https:\/\/www.manaus.am.gov.br\/semsa\/wp-json\/wp\/v2\/types\/page"}],"author":[{"embeddable":true,"href":"https:\/\/www.manaus.am.gov.br\/semsa\/wp-json\/wp\/v2\/users\/27"}],"replies":[{"embeddable":true,"href":"https:\/\/www.manaus.am.gov.br\/semsa\/wp-json\/wp\/v2\/comments?post=208353"}],"version-history":[{"count":7,"href":"https:\/\/www.manaus.am.gov.br\/semsa\/wp-json\/wp\/v2\/pages\/208353\/revisions"}],"predecessor-version":[{"id":210337,"href":"https:\/\/www.manaus.am.gov.br\/semsa\/wp-json\/wp\/v2\/pages\/208353\/revisions\/210337"}],"wp:attachment":[{"href":"https:\/\/www.manaus.am.gov.br\/semsa\/wp-json\/wp\/v2\/media?parent=208353"}],"curies":[{"name":"wp","href":"https:\/\/api.w.org\/{rel}","templated":true}]}}