{"id":208309,"date":"2023-01-16T14:37:41","date_gmt":"2023-01-16T18:37:41","guid":{"rendered":"https:\/\/www.manaus.am.gov.br\/semsa\/?page_id=208309"},"modified":"2025-06-26T14:58:58","modified_gmt":"2025-06-26T18:58:58","slug":"medicamentos","status":"publish","type":"page","link":"https:\/\/www.manaus.am.gov.br\/semsa\/farmacia-viva\/medicamentos\/","title":{"rendered":"Medicamentos"},"content":{"rendered":"\n<p><strong>\u00c1rea respons\u00e1vel:<\/strong> Ger\u00eancia de Assist\u00eancia Farmac\u00eautica<br><strong>Endere\u00e7o:<\/strong> Av. M\u00e1rio Ypiranga, 1695 &#8211; Adrian\u00f3polis<br><strong>E-mail: <\/strong>geasf.semsa@pmm.am.gov.br<br><strong>Telefone:<\/strong> (92) 98842-8694<\/p>\n\n\n\n<h3 class=\"wp-block-heading\">Documenta\u00e7\u00e3o necess\u00e1ria para retirada dos medicamentos<\/h3>\n\n\n\n<ul>\n<li>Prescri\u00e7\u00e3o v\u00e1lida (que contenha as informa\u00e7\u00f5es como no modelo) e c\u00f3pia (ou segunda via);<\/li>\n\n\n\n<li>Documento de identifica\u00e7\u00e3o oficial com foto do paciente e procurador (quando for o caso);<\/li>\n\n\n\n<li>Cart\u00e3o do SUS do paciente e procurador (quando for o caso).<\/li>\n<\/ul>\n\n\n\n<p><\/p>\n\n\n\n<h3 class=\"wp-block-heading\">Links \u00fateis<\/h3>\n\n\n\n<p><a href=\"https:\/\/www.manaus.am.gov.br\/semsa\/programas-e-servicos\/medicamentos\/farmacia-viva\/\">Farm\u00e1cia Viva<\/a><\/p>\n\n\n\n<p><\/p>\n\n\n\n<p><a href=\"https:\/\/farmaciaestoque.manaus.am.gov.br\/\">Farm\u00e1cia Estoque<\/a><\/p>\n\n\n\n<p><\/p>\n\n\n\n<p><a href=\"https:\/\/www.manaus.am.gov.br\/semsa\/wp-content\/uploads\/sites\/8\/2023\/01\/Relacao-Municipal-de-Medicamentos-Essenciais.pdf\" target=\"_blank\" rel=\"noreferrer noopener\">Rela\u00e7\u00e3o Municipal de Medicamentos Essenciais &#8211; Remume<\/a><\/p>\n\n\n\n<p><\/p>\n\n\n\n<p><a href=\"https:\/\/www.manaus.am.gov.br\/semsa\/wp-content\/uploads\/sites\/8\/2023\/01\/Lista-Simplificada-Medicamentos-Componente-Estrategico-_-dispensacao-ambulatorial-site-18.07.18.pdf\" target=\"_blank\" rel=\"noreferrer noopener\">Medicamentos Componente Estrat\u00e9gico<\/a><\/p>\n\n\n\n<p><\/p>\n\n\n\n<p><a href=\"https:\/\/www.saude.am.gov.br\/unidades-de-saude\/cema\/assistencia-farmaceutica\/\">Medicamentos do Componente Especializado<\/a><\/p>\n\n\n\n<p><\/p>\n\n\n\n<p><a href=\"https:\/\/www.manaus.am.gov.br\/semsa\/wp-content\/uploads\/sites\/8\/2023\/01\/Lista-Simplificada-Medicamentos-Componente-Estrategico-_-dispensacao-ambulatorial-site-18.07.18.pdf\" target=\"_blank\" rel=\"noreferrer noopener\">Medicamentos Dispensa\u00e7\u00e3o Ambulatorial<\/a><\/p>\n\n\n\n<p><\/p>\n\n\n\n<p><a href=\"https:\/\/www.manaus.am.gov.br\/semsa\/wp-content\/uploads\/sites\/8\/2023\/01\/Lista-Simplificada-Resumo-de-Receituarios-para-medicamentos-Sujeitos-a-Controle-Especial.pdf\" target=\"_blank\" rel=\"noreferrer noopener\">Receitu\u00e1rios para medicamentos de controle especial<\/a><\/p>\n\n\n\n<p><\/p>\n\n\n\n<p><a href=\"https:\/\/www.manaus.am.gov.br\/semsa\/wp-content\/uploads\/sites\/8\/2023\/01\/Formulario-de-Sugestao-de-inclusao_exclusao_alteracao-de-Materiais.pdf\" target=\"_blank\" rel=\"noreferrer noopener\">Formul\u00e1rio de inclus\u00e3o\/exclus\u00e3o\/altera\u00e7\u00e3o de materiais<\/a><\/p>\n\n\n\n<p><\/p>\n\n\n\n<p><a href=\"https:\/\/www.manaus.am.gov.br\/semsa\/wp-content\/uploads\/sites\/8\/2023\/01\/Formulario-de-Sugestao-de-inclusao_exclusao_alteracao-de-Medicamentos.pdf\" target=\"_blank\" rel=\"noreferrer noopener\">Formul\u00e1rio de inclus\u00e3o\/exclus\u00e3o\/altera\u00e7\u00e3o de medicamentos<\/a><\/p>\n\n\n\n<p><\/p>\n","protected":false},"excerpt":{"rendered":"","protected":false},"author":27,"featured_media":0,"parent":215218,"menu_order":0,"comment_status":"closed","ping_status":"closed","template":"templates\/turismo.php","meta":{"footnotes":""},"acf":[],"yoast_head":"<!-- This site is optimized with the Yoast SEO plugin v23.0 - https:\/\/yoast.com\/wordpress\/plugins\/seo\/ -->\n<title>Medicamentos - SEMSA<\/title>\n<meta name=\"robots\" content=\"index, follow, max-snippet:-1, max-image-preview:large, max-video-preview:-1\" \/>\n<link rel=\"canonical\" href=\"https:\/\/www.manaus.am.gov.br\/semsa\/farmacia-viva\/medicamentos\/\" \/>\n<meta property=\"og:locale\" content=\"pt_BR\" \/>\n<meta property=\"og:type\" content=\"article\" \/>\n<meta property=\"og:title\" content=\"Medicamentos - SEMSA\" \/>\n<meta property=\"og:url\" content=\"https:\/\/www.manaus.am.gov.br\/semsa\/farmacia-viva\/medicamentos\/\" \/>\n<meta property=\"og:site_name\" content=\"SEMSA\" \/>\n<meta property=\"article:modified_time\" content=\"2025-06-26T18:58:58+00:00\" \/>\n<meta property=\"og:image\" content=\"https:\/\/www.manaus.am.gov.br\/semsa\/wp-content\/uploads\/sites\/8\/2024\/07\/thumb-default-2.png\" \/>\n\t<meta property=\"og:image:width\" content=\"966\" \/>\n\t<meta property=\"og:image:height\" content=\"520\" \/>\n\t<meta property=\"og:image:type\" content=\"image\/png\" \/>\n<meta name=\"twitter:card\" content=\"summary_large_image\" \/>\n<meta name=\"twitter:label1\" content=\"Est. reading time\" \/>\n\t<meta name=\"twitter:data1\" content=\"1 minuto\" \/>\n<script type=\"application\/ld+json\" class=\"yoast-schema-graph\">{\"@context\":\"https:\/\/schema.org\",\"@graph\":[{\"@type\":\"WebPage\",\"@id\":\"https:\/\/www.manaus.am.gov.br\/semsa\/farmacia-viva\/medicamentos\/\",\"url\":\"https:\/\/www.manaus.am.gov.br\/semsa\/farmacia-viva\/medicamentos\/\",\"name\":\"Medicamentos - SEMSA\",\"isPartOf\":{\"@id\":\"https:\/\/www.manaus.am.gov.br\/semsa\/#website\"},\"datePublished\":\"2023-01-16T18:37:41+00:00\",\"dateModified\":\"2025-06-26T18:58:58+00:00\",\"breadcrumb\":{\"@id\":\"https:\/\/www.manaus.am.gov.br\/semsa\/farmacia-viva\/medicamentos\/#breadcrumb\"},\"inLanguage\":\"pt-BR\",\"potentialAction\":[{\"@type\":\"ReadAction\",\"target\":[\"https:\/\/www.manaus.am.gov.br\/semsa\/farmacia-viva\/medicamentos\/\"]}]},{\"@type\":\"BreadcrumbList\",\"@id\":\"https:\/\/www.manaus.am.gov.br\/semsa\/farmacia-viva\/medicamentos\/#breadcrumb\",\"itemListElement\":[{\"@type\":\"ListItem\",\"position\":1,\"name\":\"Farm\u00e1cia Viva\",\"item\":\"https:\/\/www.manaus.am.gov.br\/semsa\/farmacia-viva\/\"},{\"@type\":\"ListItem\",\"position\":2,\"name\":\"Medicamentos\"}]},{\"@type\":\"WebSite\",\"@id\":\"https:\/\/www.manaus.am.gov.br\/semsa\/#website\",\"url\":\"https:\/\/www.manaus.am.gov.br\/semsa\/\",\"name\":\"SEMSA\",\"description\":\"Secretaria Municipal de Sa\u00fade\",\"alternateName\":\"Secretaria Municipal de Sa\u00fade\",\"potentialAction\":[{\"@type\":\"SearchAction\",\"target\":{\"@type\":\"EntryPoint\",\"urlTemplate\":\"https:\/\/www.manaus.am.gov.br\/semsa\/?s={search_term_string}\"},\"query-input\":\"required name=search_term_string\"}],\"inLanguage\":\"pt-BR\"}]}<\/script>\n<!-- \/ Yoast SEO plugin. -->","yoast_head_json":{"title":"Medicamentos - SEMSA","robots":{"index":"index","follow":"follow","max-snippet":"max-snippet:-1","max-image-preview":"max-image-preview:large","max-video-preview":"max-video-preview:-1"},"canonical":"https:\/\/www.manaus.am.gov.br\/semsa\/farmacia-viva\/medicamentos\/","og_locale":"pt_BR","og_type":"article","og_title":"Medicamentos - SEMSA","og_url":"https:\/\/www.manaus.am.gov.br\/semsa\/farmacia-viva\/medicamentos\/","og_site_name":"SEMSA","article_modified_time":"2025-06-26T18:58:58+00:00","og_image":[{"width":966,"height":520,"url":"https:\/\/www.manaus.am.gov.br\/semsa\/wp-content\/uploads\/sites\/8\/2024\/07\/thumb-default-2.png","type":"image\/png"}],"twitter_card":"summary_large_image","twitter_misc":{"Est. reading time":"1 minuto"},"schema":{"@context":"https:\/\/schema.org","@graph":[{"@type":"WebPage","@id":"https:\/\/www.manaus.am.gov.br\/semsa\/farmacia-viva\/medicamentos\/","url":"https:\/\/www.manaus.am.gov.br\/semsa\/farmacia-viva\/medicamentos\/","name":"Medicamentos - SEMSA","isPartOf":{"@id":"https:\/\/www.manaus.am.gov.br\/semsa\/#website"},"datePublished":"2023-01-16T18:37:41+00:00","dateModified":"2025-06-26T18:58:58+00:00","breadcrumb":{"@id":"https:\/\/www.manaus.am.gov.br\/semsa\/farmacia-viva\/medicamentos\/#breadcrumb"},"inLanguage":"pt-BR","potentialAction":[{"@type":"ReadAction","target":["https:\/\/www.manaus.am.gov.br\/semsa\/farmacia-viva\/medicamentos\/"]}]},{"@type":"BreadcrumbList","@id":"https:\/\/www.manaus.am.gov.br\/semsa\/farmacia-viva\/medicamentos\/#breadcrumb","itemListElement":[{"@type":"ListItem","position":1,"name":"Farm\u00e1cia Viva","item":"https:\/\/www.manaus.am.gov.br\/semsa\/farmacia-viva\/"},{"@type":"ListItem","position":2,"name":"Medicamentos"}]},{"@type":"WebSite","@id":"https:\/\/www.manaus.am.gov.br\/semsa\/#website","url":"https:\/\/www.manaus.am.gov.br\/semsa\/","name":"SEMSA","description":"Secretaria Municipal de Sa\u00fade","alternateName":"Secretaria Municipal de Sa\u00fade","potentialAction":[{"@type":"SearchAction","target":{"@type":"EntryPoint","urlTemplate":"https:\/\/www.manaus.am.gov.br\/semsa\/?s={search_term_string}"},"query-input":"required name=search_term_string"}],"inLanguage":"pt-BR"}]}},"_links":{"self":[{"href":"https:\/\/www.manaus.am.gov.br\/semsa\/wp-json\/wp\/v2\/pages\/208309"}],"collection":[{"href":"https:\/\/www.manaus.am.gov.br\/semsa\/wp-json\/wp\/v2\/pages"}],"about":[{"href":"https:\/\/www.manaus.am.gov.br\/semsa\/wp-json\/wp\/v2\/types\/page"}],"author":[{"embeddable":true,"href":"https:\/\/www.manaus.am.gov.br\/semsa\/wp-json\/wp\/v2\/users\/27"}],"replies":[{"embeddable":true,"href":"https:\/\/www.manaus.am.gov.br\/semsa\/wp-json\/wp\/v2\/comments?post=208309"}],"version-history":[{"count":17,"href":"https:\/\/www.manaus.am.gov.br\/semsa\/wp-json\/wp\/v2\/pages\/208309\/revisions"}],"predecessor-version":[{"id":224040,"href":"https:\/\/www.manaus.am.gov.br\/semsa\/wp-json\/wp\/v2\/pages\/208309\/revisions\/224040"}],"up":[{"embeddable":true,"href":"https:\/\/www.manaus.am.gov.br\/semsa\/wp-json\/wp\/v2\/pages\/215218"}],"wp:attachment":[{"href":"https:\/\/www.manaus.am.gov.br\/semsa\/wp-json\/wp\/v2\/media?parent=208309"}],"curies":[{"name":"wp","href":"https:\/\/api.w.org\/{rel}","templated":true}]}}