{"id":208278,"date":"2023-01-16T11:54:56","date_gmt":"2023-01-16T15:54:56","guid":{"rendered":"https:\/\/www.manaus.am.gov.br\/semsa\/?page_id=208278"},"modified":"2025-06-10T14:06:16","modified_gmt":"2025-06-10T18:06:16","slug":"conselho-municipal-de-saude","status":"publish","type":"page","link":"https:\/\/www.manaus.am.gov.br\/semsa\/conselho-municipal-de-saude\/","title":{"rendered":"Conselho Municipal de Sa\u00fade"},"content":{"rendered":"\n<h3 class=\"wp-block-heading\">Quem somos?<\/h3>\n\n\n\n<p>O Conselho Municipal de Sa\u00fade de Manaus \u2013 CMS\/MAO, institu\u00eddo nos termos da Lei n\u00b0 066, de 11 de junho de 1991, alterado pela Lei Municipal de n\u00b0 1.094, de 09\/01\/2007, publicada no Di\u00e1rio Oficial do Munic\u00edpio, no dia 10\/01\/2007, constitui-se como \u00f3rg\u00e3o colegiado, de car\u00e1ter permanente, deliberativo, consultivo, normativo e fiscalizador do Sistema \u00danico de Sa\u00fade \u2013 SUS, para o Munic\u00edpio de Manaus, em cumprimento ao disposto na Constitui\u00e7\u00e3o Federal, Artigo 198, inciso I, da Lei n\u00b0 8.080, de 19\/9\/90, Artigo 9\u00b0, item III, e na Lei n\u00b0 8.142, de 28\/12\/90, Artigo 1\u00b0, \u00a7 5\u00b0, Resolu\u00e7\u00e3o n\u00b0 333 de 04\/11\/2003 do Conselho Nacional de Sa\u00fade \u2013 CNS, bem como Resolu\u00e7\u00e3o n\u00ba 453 de 10\/05\/2012.<\/p>\n\n\n\n<h3 class=\"wp-block-heading\">Organograma<\/h3>\n\n\n\n<h3 class=\"wp-block-heading\"><a href=\"https:\/\/www.manaus.am.gov.br\/semsa\/wp-content\/uploads\/sites\/8\/2023\/01\/2.-Organograma-CMS-2018-Atualizado.pdf\" target=\"_blank\" rel=\"noreferrer noopener\">Acesse aqui<\/a><\/h3>\n\n\n\n<p><\/p>\n\n\n\n<h3 class=\"wp-block-heading\">Objetivos<\/h3>\n\n\n\n<p>O Conselho Municipal de Sa\u00fade de Manaus com fun\u00e7\u00f5es, normativas, consultivas deliberativas e fiscalizadoras tem como finalidade e objetivos b\u00e1sicos o estabelecimento, o acompanhamento, o controle  a avalia\u00e7\u00e3o da Pol\u00edtica Municipal de Sa\u00fade, na conformidade da Lei.<\/p>\n\n\n\n<h3 class=\"wp-block-heading\">Eventos<\/h3>\n\n\n\n<p><strong>Confer\u00eancias<\/strong><\/p>\n\n\n\n<h3 class=\"wp-block-heading\"><a href=\"https:\/\/www.manaus.am.gov.br\/semsa\/wp-content\/uploads\/sites\/8\/2023\/01\/6.-Ultimas-Conferencias-de-Saude-.pdf\" target=\"_blank\" rel=\"noreferrer noopener\">Hist\u00f3rico<\/a><\/h3>\n\n\n\n<ul>\n<li><a href=\"https:\/\/www.manaus.am.gov.br\/semsa\/wp-content\/uploads\/sites\/8\/2023\/01\/DOM-4565-27.03.2019-CAD-1.pdf\" target=\"_blank\" rel=\"noreferrer noopener\">Decreto de Convoca\u00e7\u00e3o da VIII COMUS<\/a><\/li>\n\n\n\n<li><a href=\"https:\/\/www.manaus.am.gov.br\/semsa\/wp-content\/uploads\/sites\/8\/2023\/01\/REGIMENTO-DA-VIII-COMUS_ALTERACAO-PARA-IMPRESSAO_21.03.2019_ATUAL.pdf\" target=\"_blank\" rel=\"noreferrer noopener\">Regimento da VIII COMUS<\/a><\/li>\n\n\n\n<li><a href=\"https:\/\/www.manaus.am.gov.br\/semsa\/wp-content\/uploads\/sites\/8\/2023\/01\/Resolucao-No-007-de-08022019-Dispoe-sobre-o-Regimento-Interno-e-a-composicao-do-Comite-Organizador.pdf\" target=\"_blank\" rel=\"noreferrer noopener\">Resolu\u00e7\u00e3o N\u00ba 007, de 08.02.2019<\/a><\/li>\n\n\n\n<li><a href=\"https:\/\/www.manaus.am.gov.br\/semsa\/wp-content\/uploads\/sites\/8\/2023\/01\/Locais-e-Horarios-das-Pre-Conferencias-2019.pdf\" target=\"_blank\" rel=\"noreferrer noopener\">Locais e Hor\u00e1rios das Pr\u00e9-Confer\u00eancias 2019<\/a><\/li>\n\n\n\n<li><a href=\"https:\/\/www.manaus.am.gov.br\/semsa\/wp-content\/uploads\/sites\/8\/2023\/01\/folder_Programacao_norte_sul_leste_oeste_rural.pdf\" target=\"_blank\" rel=\"noreferrer noopener\">Programa\u00e7\u00e3o das Pr\u00e9-Confer\u00eancias<\/a><\/li>\n\n\n\n<li><a href=\"https:\/\/www.manaus.am.gov.br\/semsa\/wp-content\/uploads\/sites\/8\/2023\/01\/Folder_Conferencia.pdf\" target=\"_blank\" rel=\"noreferrer noopener\">Programa\u00e7\u00e3o da VIII COMUS<\/a><\/li>\n\n\n\n<li><a href=\"https:\/\/www.manaus.am.gov.br\/semsa\/wp-content\/uploads\/sites\/8\/2023\/01\/RELACAO-DE-GESTORES-ELEITOS-NA-VIII-COMUS-1.pdf\" target=\"_blank\" rel=\"noreferrer noopener\">Rela\u00e7\u00e3o de Gestores Eleitos na VIII COMUS<\/a><\/li>\n\n\n\n<li><a href=\"https:\/\/www.manaus.am.gov.br\/semsa\/wp-content\/uploads\/sites\/8\/2023\/01\/RELACAO-DE-TRABALHADORES-ELEITOS-NA-VIII-COMUS-1.pdf\" target=\"_blank\" rel=\"noreferrer noopener\">Rela\u00e7\u00e3o de Trabalhadores Eleitos na VIII COMUS<\/a><\/li>\n\n\n\n<li><a href=\"https:\/\/www.manaus.am.gov.br\/semsa\/wp-content\/uploads\/sites\/8\/2023\/01\/RELACAO-DE-USUARIOS-ELEITOS-NA-VIII-COMUS-1.pdf\" target=\"_blank\" rel=\"noreferrer noopener\">Rela\u00e7\u00e3o de Usu\u00e1rios Eleitos na VIII COMUS<\/a><\/li>\n\n\n\n<li><a href=\"https:\/\/www.manaus.am.gov.br\/semsa\/wp-content\/uploads\/sites\/8\/2023\/01\/Diretrizes-e-Propostas-aprovadas-VIII-COMUS-CMS.pdf\" target=\"_blank\" rel=\"noreferrer noopener\">Diretrizes e Propostas aprovadas \u2013 VIII COMUS<\/a><\/li>\n\n\n\n<li><a href=\"https:\/\/www.manaus.am.gov.br\/semsa\/wp-content\/uploads\/sites\/8\/2023\/01\/Boletim_VIIIComus-1.pdf\" target=\"_blank\" rel=\"noreferrer noopener\">Boletim Informativo &#8211; VIII COMUS<\/a><\/li>\n<\/ul>\n\n\n\n<p><\/p>\n\n\n\n<h3 class=\"wp-block-heading\">Semana do Controle Social<\/h3>\n\n\n\n<ul>\n<li><a href=\"https:\/\/www.manaus.am.gov.br\/semsa\/wp-content\/uploads\/sites\/8\/2023\/01\/PROGRAMACAO-DA-SEMANA-DE-CONTROLE-SOCIAL-2.pdf\">14\u00aa Semana do Controle Social &#8211; 2019<\/a><\/li>\n\n\n\n<li><a href=\"https:\/\/www.manaus.am.gov.br\/semsa\/conselho-municipal-de-saude\/19a-semana-do-controle-social-2025\/\">19\u00aa Semana do Controle Social &#8211; 2025<\/a><\/li>\n<\/ul>\n\n\n\n<p><\/p>\n\n\n\n<h3 class=\"wp-block-heading\">Calend\u00e1rio CMS<\/h3>\n\n\n\n<ul>\n<li><a href=\"https:\/\/www.manaus.am.gov.br\/semsa\/wp-content\/uploads\/sites\/8\/2025\/01\/Assembleias-Gerais-Ordinarias-do-CMS-\u2013-2025.pdf\">Assembleias Gerais Ordin\u00e1rias do CMS &#8211; 2025<\/a><\/li>\n\n\n\n<li><a href=\"https:\/\/www.manaus.am.gov.br\/semsa\/wp-content\/uploads\/sites\/8\/2025\/01\/Assembleias-Gerais-Ordinarias-do-CMS-\u2013-2024.pdf\">Assembleias Gerais Ordin\u00e1rias do CMS &#8211; 2024<\/a><\/li>\n\n\n\n<li><a href=\"https:\/\/www.manaus.am.gov.br\/semsa\/wp-content\/uploads\/sites\/8\/2025\/01\/Assembleias-Gerais-Ordinarias-do-CMS-\u2013-2023.pdf\">Assembleias Gerais Ordin\u00e1rias do CMS &#8211; 2023<\/a><\/li>\n\n\n\n<li><a href=\"https:\/\/www.manaus.am.gov.br\/semsa\/wp-content\/uploads\/sites\/8\/2025\/01\/Assembleias-Gerais-Ordinarias-do-CMS-\u2013-2022.pdf\">Assembleias Gerais Ordin\u00e1rias do CMS &#8211; 2022<\/a><\/li>\n\n\n\n<li><a href=\"https:\/\/www.manaus.am.gov.br\/semsa\/wp-content\/uploads\/sites\/8\/2025\/01\/Assembleias-Gerais-Ordinarias-do-CMS-\u2013-2021.pdf\">Assembleias Gerais Ordin\u00e1rias do CMS &#8211; 2021<\/a><\/li>\n\n\n\n<li><a href=\"https:\/\/www.manaus.am.gov.br\/semsa\/wp-content\/uploads\/sites\/8\/2023\/01\/Calendario-do-CMS-2020-Apenas-Assembleias-Gerais-Ord-inarias.Ordinarias.pdf\" target=\"_blank\" rel=\"noreferrer noopener\">Assembleias Gerais Ordin\u00e1rias do CMS &#8211; 2020<\/a><\/li>\n\n\n\n<li><a href=\"https:\/\/www.manaus.am.gov.br\/semsa\/wp-content\/uploads\/sites\/8\/2023\/01\/Calendario-do-CMS-2019-DEFINITIVA.pdf\" target=\"_blank\" rel=\"noreferrer noopener\">Assembleias Gerais Ordin\u00e1rias do CMS &#8211; 2019<\/a><\/li>\n<\/ul>\n\n\n\n<p><\/p>\n\n\n\n<h3 class=\"wp-block-heading\">Legisla\u00e7\u00f5es<\/h3>\n\n\n\n<ul>\n<li><a href=\"https:\/\/www.manaus.am.gov.br\/semsa\/resolucoes-2020\/\">Resolu\u00e7\u00f5es 2020<\/a><\/li>\n\n\n\n<li><a href=\"https:\/\/www.manaus.am.gov.br\/semsa\/resolucoes-2019\/\">Resolu\u00e7\u00f5es 2019<\/a><\/li>\n\n\n\n<li><a href=\"https:\/\/www.manaus.am.gov.br\/semsa\/resolucoes-2018\/\">Resolu\u00e7\u00f5es 2018<\/a><\/li>\n<\/ul>\n\n\n\n<p><\/p>\n\n\n\n<h3 class=\"wp-block-heading\">Decretos<\/h3>\n\n\n\n<ul>\n<li><a href=\"https:\/\/www.manaus.am.gov.br\/semsa\/wp-content\/uploads\/sites\/8\/2023\/01\/DOM-4225-10.10.2017-CAD-1-Decreto-no-3.838_10.10.2017_Pags-04-a-17-Regimento-Int-erno-do-CMS_MAO.pdf\" target=\"_blank\" rel=\"noreferrer noopener\">DOM 4225 &#8211; Decreto n\u00ba 3.838 &#8211; 10.10.2017<\/a><\/li>\n\n\n\n<li><a href=\"https:\/\/www.manaus.am.gov.br\/semsa\/wp-content\/uploads\/sites\/8\/2023\/01\/DOM-4311-26.02.2018-CAD-1-Decreto-no-3.989_2018-Novo-Regimento-CMS_MAO_altera-o-De-creto-no-3.838.pdf\" target=\"_blank\" rel=\"noreferrer noopener\">DOM 4311 &#8211; Decreto n\u00ba 3.989 &#8211; 2018<\/a><\/li>\n<\/ul>\n\n\n\n<div style=\"height:20px\" aria-hidden=\"true\" class=\"wp-block-spacer\"><\/div>\n\n\n\n<h3 class=\"wp-block-heading\">Leis<\/h3>\n\n\n\n<ul>\n<li><a href=\"https:\/\/www.manaus.am.gov.br\/semsa\/wp-content\/uploads\/sites\/8\/2023\/01\/7.-Legislacoes.pdf\" target=\"_blank\" rel=\"noreferrer noopener\">Legisla\u00e7\u00f5es<\/a><\/li>\n\n\n\n<li><a href=\"https:\/\/www.manaus.am.gov.br\/semsa\/wp-content\/uploads\/sites\/8\/2023\/01\/Lei-Municipal-no.-1094.pdf\" target=\"_blank\" rel=\"noreferrer noopener\">Lei Municipal n\u00ba 1094<\/a><\/li>\n\n\n\n<li><a href=\"https:\/\/www.manaus.am.gov.br\/semsa\/wp-content\/uploads\/sites\/8\/2023\/01\/Lei-no-8.080-de-19-de-Setembro-de-1990.pdf\" target=\"_blank\" rel=\"noreferrer noopener\">Lei n\u00ba 8.080<\/a><\/li>\n\n\n\n<li><a href=\"https:\/\/www.manaus.am.gov.br\/semsa\/wp-content\/uploads\/sites\/8\/2023\/01\/Lei-no-8.142-de-28-de-Dezembro-de-1990.pdf\" target=\"_blank\" rel=\"noreferrer noopener\">Lei n\u00ba 8.142<\/a><\/li>\n\n\n\n<li><a href=\"https:\/\/www.manaus.am.gov.br\/semsa\/wp-content\/uploads\/sites\/8\/2023\/01\/Lei-no-066-de-11-junho-1991.pdf\" target=\"_blank\" rel=\"noreferrer noopener\">Lei n\u00ba 066<\/a><\/li>\n\n\n\n<li><a href=\"https:\/\/www.manaus.am.gov.br\/semsa\/wp-content\/uploads\/sites\/8\/2023\/01\/lei_complementar_n.141-de-13-de-janeiro-de-2012.pdf\" target=\"_blank\" rel=\"noreferrer noopener\">Lei complementar n\u00ba 141<\/a><\/li>\n<\/ul>\n\n\n\n<div style=\"height:20px\" aria-hidden=\"true\" class=\"wp-block-spacer\"><\/div>\n\n\n\n<h3 class=\"wp-block-heading\">Transpar\u00eancia<\/h3>\n\n\n\n<ul>\n<li><a href=\"https:\/\/www.manaus.am.gov.br\/semsa\/atas-2023\/\">Atas 2023<\/a><\/li>\n\n\n\n<li><a href=\"https:\/\/www.manaus.am.gov.br\/semsa\/atas-2022\/\">Atas 2022<\/a><\/li>\n\n\n\n<li><a href=\"https:\/\/www.manaus.am.gov.br\/semsa\/atas-2021\/\">Atas 2021<\/a><\/li>\n\n\n\n<li><a href=\"https:\/\/www.manaus.am.gov.br\/semsa\/atas-2020\/\">Atas 2020<\/a><\/li>\n\n\n\n<li><a href=\"https:\/\/www.manaus.am.gov.br\/semsa\/atas-2019\/\">Atas 2019<\/a><\/li>\n\n\n\n<li><a href=\"https:\/\/www.manaus.am.gov.br\/semsa\/atas-2018\/\">Atas 2018<\/a><\/li>\n\n\n\n<li><a href=\"https:\/\/www.manaus.am.gov.br\/semsa\/atas-2017\/\">Atas 2017<\/a><\/li>\n<\/ul>\n\n\n\n<div style=\"height:20px\" aria-hidden=\"true\" class=\"wp-block-spacer\"><\/div>\n\n\n\n<h3 class=\"wp-block-heading\">Editais<\/h3>\n\n\n\n<ul>\n<li><a href=\"https:\/\/www.manaus.am.gov.br\/wp-content\/uploads\/2023\/02\/DOM-4580-_17.04.2019-Edital-de-Convocacao-e-Regulamento-do-Proc.-Eleitoral-2019.pdf\" target=\"_blank\" rel=\"noreferrer noopener\">Edital de convoca\u00e7\u00e3o e regulamento Eleitoral 2019<\/a><\/li>\n<\/ul>\n\n\n\n<div style=\"height:20px\" aria-hidden=\"true\" class=\"wp-block-spacer\"><\/div>\n\n\n\n<h3 class=\"wp-block-heading\">Fale conosco &#8211; <a href=\"https:\/\/www.manaus.am.gov.br\/semsa\/conselho-municipal-de-saude\/fale-conosco\/\">CMS<\/a><\/h3>\n","protected":false},"excerpt":{"rendered":"","protected":false},"author":27,"featured_media":0,"parent":0,"menu_order":0,"comment_status":"closed","ping_status":"closed","template":"templates\/prefeitura.php","meta":{"footnotes":""},"acf":[],"yoast_head":"<!-- This site is optimized with the Yoast SEO plugin v23.0 - https:\/\/yoast.com\/wordpress\/plugins\/seo\/ -->\n<title>Conselho Municipal de Sa\u00fade - SEMSA<\/title>\n<meta name=\"robots\" content=\"index, follow, max-snippet:-1, max-image-preview:large, max-video-preview:-1\" \/>\n<link rel=\"canonical\" href=\"https:\/\/www.manaus.am.gov.br\/semsa\/conselho-municipal-de-saude\/\" \/>\n<meta property=\"og:locale\" content=\"pt_BR\" \/>\n<meta property=\"og:type\" content=\"article\" \/>\n<meta property=\"og:title\" content=\"Conselho Municipal de Sa\u00fade - SEMSA\" \/>\n<meta property=\"og:url\" content=\"https:\/\/www.manaus.am.gov.br\/semsa\/conselho-municipal-de-saude\/\" \/>\n<meta property=\"og:site_name\" content=\"SEMSA\" \/>\n<meta property=\"article:modified_time\" content=\"2025-06-10T18:06:16+00:00\" \/>\n<meta property=\"og:image\" content=\"https:\/\/www.manaus.am.gov.br\/semsa\/wp-content\/uploads\/sites\/8\/2024\/07\/thumb-default-2.png\" \/>\n\t<meta property=\"og:image:width\" content=\"966\" \/>\n\t<meta property=\"og:image:height\" content=\"520\" \/>\n\t<meta property=\"og:image:type\" content=\"image\/png\" \/>\n<meta name=\"twitter:card\" content=\"summary_large_image\" \/>\n<meta name=\"twitter:label1\" content=\"Est. reading time\" \/>\n\t<meta name=\"twitter:data1\" content=\"2 minutos\" \/>\n<script type=\"application\/ld+json\" class=\"yoast-schema-graph\">{\"@context\":\"https:\/\/schema.org\",\"@graph\":[{\"@type\":\"WebPage\",\"@id\":\"https:\/\/www.manaus.am.gov.br\/semsa\/conselho-municipal-de-saude\/\",\"url\":\"https:\/\/www.manaus.am.gov.br\/semsa\/conselho-municipal-de-saude\/\",\"name\":\"Conselho Municipal de Sa\u00fade - SEMSA\",\"isPartOf\":{\"@id\":\"https:\/\/www.manaus.am.gov.br\/semsa\/#website\"},\"datePublished\":\"2023-01-16T15:54:56+00:00\",\"dateModified\":\"2025-06-10T18:06:16+00:00\",\"inLanguage\":\"pt-BR\",\"potentialAction\":[{\"@type\":\"ReadAction\",\"target\":[\"https:\/\/www.manaus.am.gov.br\/semsa\/conselho-municipal-de-saude\/\"]}]},{\"@type\":\"WebSite\",\"@id\":\"https:\/\/www.manaus.am.gov.br\/semsa\/#website\",\"url\":\"https:\/\/www.manaus.am.gov.br\/semsa\/\",\"name\":\"SEMSA\",\"description\":\"Secretaria Municipal de Sa\u00fade\",\"alternateName\":\"Secretaria Municipal de Sa\u00fade\",\"potentialAction\":[{\"@type\":\"SearchAction\",\"target\":{\"@type\":\"EntryPoint\",\"urlTemplate\":\"https:\/\/www.manaus.am.gov.br\/semsa\/?s={search_term_string}\"},\"query-input\":\"required name=search_term_string\"}],\"inLanguage\":\"pt-BR\"}]}<\/script>\n<!-- \/ Yoast SEO plugin. -->","yoast_head_json":{"title":"Conselho Municipal de Sa\u00fade - SEMSA","robots":{"index":"index","follow":"follow","max-snippet":"max-snippet:-1","max-image-preview":"max-image-preview:large","max-video-preview":"max-video-preview:-1"},"canonical":"https:\/\/www.manaus.am.gov.br\/semsa\/conselho-municipal-de-saude\/","og_locale":"pt_BR","og_type":"article","og_title":"Conselho Municipal de Sa\u00fade - SEMSA","og_url":"https:\/\/www.manaus.am.gov.br\/semsa\/conselho-municipal-de-saude\/","og_site_name":"SEMSA","article_modified_time":"2025-06-10T18:06:16+00:00","og_image":[{"width":966,"height":520,"url":"https:\/\/www.manaus.am.gov.br\/semsa\/wp-content\/uploads\/sites\/8\/2024\/07\/thumb-default-2.png","type":"image\/png"}],"twitter_card":"summary_large_image","twitter_misc":{"Est. reading time":"2 minutos"},"schema":{"@context":"https:\/\/schema.org","@graph":[{"@type":"WebPage","@id":"https:\/\/www.manaus.am.gov.br\/semsa\/conselho-municipal-de-saude\/","url":"https:\/\/www.manaus.am.gov.br\/semsa\/conselho-municipal-de-saude\/","name":"Conselho Municipal de Sa\u00fade - SEMSA","isPartOf":{"@id":"https:\/\/www.manaus.am.gov.br\/semsa\/#website"},"datePublished":"2023-01-16T15:54:56+00:00","dateModified":"2025-06-10T18:06:16+00:00","inLanguage":"pt-BR","potentialAction":[{"@type":"ReadAction","target":["https:\/\/www.manaus.am.gov.br\/semsa\/conselho-municipal-de-saude\/"]}]},{"@type":"WebSite","@id":"https:\/\/www.manaus.am.gov.br\/semsa\/#website","url":"https:\/\/www.manaus.am.gov.br\/semsa\/","name":"SEMSA","description":"Secretaria Municipal de Sa\u00fade","alternateName":"Secretaria Municipal de Sa\u00fade","potentialAction":[{"@type":"SearchAction","target":{"@type":"EntryPoint","urlTemplate":"https:\/\/www.manaus.am.gov.br\/semsa\/?s={search_term_string}"},"query-input":"required name=search_term_string"}],"inLanguage":"pt-BR"}]}},"_links":{"self":[{"href":"https:\/\/www.manaus.am.gov.br\/semsa\/wp-json\/wp\/v2\/pages\/208278"}],"collection":[{"href":"https:\/\/www.manaus.am.gov.br\/semsa\/wp-json\/wp\/v2\/pages"}],"about":[{"href":"https:\/\/www.manaus.am.gov.br\/semsa\/wp-json\/wp\/v2\/types\/page"}],"author":[{"embeddable":true,"href":"https:\/\/www.manaus.am.gov.br\/semsa\/wp-json\/wp\/v2\/users\/27"}],"replies":[{"embeddable":true,"href":"https:\/\/www.manaus.am.gov.br\/semsa\/wp-json\/wp\/v2\/comments?post=208278"}],"version-history":[{"count":44,"href":"https:\/\/www.manaus.am.gov.br\/semsa\/wp-json\/wp\/v2\/pages\/208278\/revisions"}],"predecessor-version":[{"id":223843,"href":"https:\/\/www.manaus.am.gov.br\/semsa\/wp-json\/wp\/v2\/pages\/208278\/revisions\/223843"}],"wp:attachment":[{"href":"https:\/\/www.manaus.am.gov.br\/semsa\/wp-json\/wp\/v2\/media?parent=208278"}],"curies":[{"name":"wp","href":"https:\/\/api.w.org\/{rel}","templated":true}]}}