{"id":208265,"date":"2023-01-16T10:45:42","date_gmt":"2023-01-16T14:45:42","guid":{"rendered":"https:\/\/www.manaus.am.gov.br\/semsa\/?page_id=208265"},"modified":"2023-04-03T16:54:51","modified_gmt":"2023-04-03T20:54:51","slug":"saude-na-escola","status":"publish","type":"page","link":"https:\/\/www.manaus.am.gov.br\/semsa\/programas-e-servicos\/saude-na-escola\/","title":{"rendered":"Sa\u00fade na escola"},"content":{"rendered":"\n<h2 class=\"wp-block-heading\">Informa\u00e7\u00f5es sobre o programa<\/h2>\n\n\n\n<p>O Programa Sa\u00fade na Escola (PSE) realiza a\u00e7\u00f5es de sa\u00fade para estudantes da rede p\u00fablica de Educa\u00e7\u00e3o B\u00e1sica (Educa\u00e7\u00e3o Infantil, Ensino Fundamental I e II, Educa\u00e7\u00e3o de Jovens e Adultos e Ensino M\u00e9dio) e tem por objetivo melhorar a sa\u00fade dos estudantes. As a\u00e7\u00f5es s\u00e3o realizadas na escola e os profissionais de sa\u00fade e educa\u00e7\u00e3o juntos cuidam dos estudantes regularmente matriculados na escola.<\/p>\n\n\n\n<h2 class=\"wp-block-heading\">A\u00e7\u00f5es<\/h2>\n\n\n\n<p>A\u00e7\u00f5es de combate ao mosquito <em>Aedes Aegypti<\/em>;<br>Promo\u00e7\u00e3o da seguran\u00e7a alimentar e nutricional e da alimenta\u00e7\u00e3o saud\u00e1vel e combate \u00e0 obesidade infantil;<br>Direito sexual e reprodutivo e preven\u00e7\u00e3o de IST\/AIDS;<br>Preven\u00e7\u00e3o ao uso de \u00e1lcool, tabaco, crack e outras drogas;<br>Promo\u00e7\u00e3o da Cultura de Paz, Cidadania e Direitos Humanos;<br>Promo\u00e7\u00e3o das pr\u00e1ticas Corporais, da Atividade F\u00edsica e do lazer nas escolas;<br>Preven\u00e7\u00e3o das viol\u00eancias e dos acidentes;<br>Identifica\u00e7\u00e3o de estudantes com poss\u00edveis sinais de agravos de doen\u00e7as em elimina\u00e7\u00e3o;<br>Promo\u00e7\u00e3o e avalia\u00e7\u00e3o de Sa\u00fade bucal e aplica\u00e7\u00e3o t\u00f3pica de fl\u00faor;<br>Verifica\u00e7\u00e3o da situa\u00e7\u00e3o vacinal;<br>Promo\u00e7\u00e3o da sa\u00fade auditiva e identifica\u00e7\u00e3o de estudantes com poss\u00edveis sinais de altera\u00e7\u00e3o;<br>Promo\u00e7\u00e3o da sa\u00fade ocular e identifica\u00e7\u00e3o de poss\u00edveis sinais de altera\u00e7\u00e3o.<\/p>\n\n\n\n<p>Todas estas a\u00e7\u00f5es fazem parte do planejamento local tanto da escola quanto da Equipe da Estrat\u00e9gia Sa\u00fade da Fam\u00edlia. Se voc\u00ea quiser conhecer o programa, verifique se a escola que seu (sua) filho (a) estuda faz parte do PSE. Caso precise de mais informa\u00e7\u00f5es fale conosco pelo telefone: (92) 3236-8179.<\/p>\n\n\n\n<h2 class=\"wp-block-heading\">Lista de Escolas do PSE<\/h2>\n\n\n\n<p><\/p>\n\n\n\n<h2 class=\"wp-block-heading\"><a href=\"https:\/\/www.manaus.am.gov.br\/semsa\/wp-content\/uploads\/sites\/8\/2023\/01\/ADESAO-OFICIAL-de-escolas_equipes-PSE-Norte.pdf\" target=\"_blank\" rel=\"noreferrer noopener\">Distrito Norte<\/a><\/h2>\n\n\n\n<p><\/p>\n\n\n\n<h2 class=\"wp-block-heading\"><a href=\"https:\/\/www.manaus.am.gov.br\/semsa\/wp-content\/uploads\/sites\/8\/2023\/01\/Lista-de-Escolas-do-PSE-Sul.pdf\" target=\"_blank\" rel=\"noreferrer noopener\">Distrito Sul<\/a><\/h2>\n\n\n\n<p><\/p>\n\n\n\n<h2 class=\"wp-block-heading\"><a href=\"https:\/\/www.manaus.am.gov.br\/semsa\/wp-content\/uploads\/sites\/8\/2023\/01\/Lista-de-Escolas-do-PSE-Leste.pdf\" target=\"_blank\" rel=\"noreferrer noopener\">Distrito Leste<\/a><\/h2>\n\n\n\n<p><\/p>\n\n\n\n<h2 class=\"wp-block-heading\"><a href=\"https:\/\/www.manaus.am.gov.br\/semsa\/wp-content\/uploads\/sites\/8\/2023\/01\/Lista-de-Escolas-do-PSE-Oeste.pdf\" target=\"_blank\" rel=\"noreferrer noopener\">Distrito Oeste<\/a><\/h2>\n\n\n\n<p><\/p>\n\n\n\n<h2 class=\"wp-block-heading\"><a href=\"https:\/\/www.manaus.am.gov.br\/semsa\/wp-content\/uploads\/sites\/8\/2023\/01\/Lista-de-Escolas-do-PSE-Rural.pdf\" target=\"_blank\" rel=\"noreferrer noopener\">Distrito Rural<\/a><\/h2>\n\n\n\n<p><\/p>\n\n\n\n<p><\/p>\n\n\n\n<p><\/p>\n\n\n\n<p><\/p>\n","protected":false},"excerpt":{"rendered":"","protected":false},"author":27,"featured_media":0,"parent":211520,"menu_order":0,"comment_status":"closed","ping_status":"closed","template":"templates\/turismo.php","meta":{"footnotes":""},"acf":[],"yoast_head":"<!-- This site is optimized with the Yoast SEO plugin v23.0 - https:\/\/yoast.com\/wordpress\/plugins\/seo\/ -->\n<title>Sa\u00fade na escola - SEMSA<\/title>\n<meta name=\"robots\" content=\"index, follow, max-snippet:-1, max-image-preview:large, max-video-preview:-1\" \/>\n<link rel=\"canonical\" href=\"https:\/\/www.manaus.am.gov.br\/semsa\/programas-e-servicos\/saude-na-escola\/\" \/>\n<meta property=\"og:locale\" content=\"pt_BR\" \/>\n<meta property=\"og:type\" content=\"article\" \/>\n<meta property=\"og:title\" content=\"Sa\u00fade na escola - SEMSA\" \/>\n<meta property=\"og:url\" content=\"https:\/\/www.manaus.am.gov.br\/semsa\/programas-e-servicos\/saude-na-escola\/\" \/>\n<meta property=\"og:site_name\" content=\"SEMSA\" \/>\n<meta property=\"article:modified_time\" content=\"2023-04-03T20:54:51+00:00\" \/>\n<meta property=\"og:image\" content=\"https:\/\/www.manaus.am.gov.br\/semsa\/wp-content\/uploads\/sites\/8\/2024\/07\/thumb-default-2.png\" \/>\n\t<meta property=\"og:image:width\" content=\"966\" \/>\n\t<meta property=\"og:image:height\" content=\"520\" \/>\n\t<meta property=\"og:image:type\" content=\"image\/png\" \/>\n<meta name=\"twitter:card\" content=\"summary_large_image\" \/>\n<meta name=\"twitter:label1\" content=\"Est. reading time\" \/>\n\t<meta name=\"twitter:data1\" content=\"2 minutos\" \/>\n<script type=\"application\/ld+json\" class=\"yoast-schema-graph\">{\"@context\":\"https:\/\/schema.org\",\"@graph\":[{\"@type\":\"WebPage\",\"@id\":\"https:\/\/www.manaus.am.gov.br\/semsa\/programas-e-servicos\/saude-na-escola\/\",\"url\":\"https:\/\/www.manaus.am.gov.br\/semsa\/programas-e-servicos\/saude-na-escola\/\",\"name\":\"Sa\u00fade na escola - SEMSA\",\"isPartOf\":{\"@id\":\"https:\/\/www.manaus.am.gov.br\/semsa\/#website\"},\"datePublished\":\"2023-01-16T14:45:42+00:00\",\"dateModified\":\"2023-04-03T20:54:51+00:00\",\"breadcrumb\":{\"@id\":\"https:\/\/www.manaus.am.gov.br\/semsa\/programas-e-servicos\/saude-na-escola\/#breadcrumb\"},\"inLanguage\":\"pt-BR\",\"potentialAction\":[{\"@type\":\"ReadAction\",\"target\":[\"https:\/\/www.manaus.am.gov.br\/semsa\/programas-e-servicos\/saude-na-escola\/\"]}]},{\"@type\":\"BreadcrumbList\",\"@id\":\"https:\/\/www.manaus.am.gov.br\/semsa\/programas-e-servicos\/saude-na-escola\/#breadcrumb\",\"itemListElement\":[{\"@type\":\"ListItem\",\"position\":1,\"name\":\"PROGRAMAS E SERVI\u00c7OS\",\"item\":\"https:\/\/www.manaus.am.gov.br\/semsa\/programas-e-servicos\/\"},{\"@type\":\"ListItem\",\"position\":2,\"name\":\"Sa\u00fade na escola\"}]},{\"@type\":\"WebSite\",\"@id\":\"https:\/\/www.manaus.am.gov.br\/semsa\/#website\",\"url\":\"https:\/\/www.manaus.am.gov.br\/semsa\/\",\"name\":\"SEMSA\",\"description\":\"Secretaria Municipal de Sa\u00fade\",\"alternateName\":\"Secretaria Municipal de Sa\u00fade\",\"potentialAction\":[{\"@type\":\"SearchAction\",\"target\":{\"@type\":\"EntryPoint\",\"urlTemplate\":\"https:\/\/www.manaus.am.gov.br\/semsa\/?s={search_term_string}\"},\"query-input\":\"required name=search_term_string\"}],\"inLanguage\":\"pt-BR\"}]}<\/script>\n<!-- \/ Yoast SEO plugin. -->","yoast_head_json":{"title":"Sa\u00fade na escola - SEMSA","robots":{"index":"index","follow":"follow","max-snippet":"max-snippet:-1","max-image-preview":"max-image-preview:large","max-video-preview":"max-video-preview:-1"},"canonical":"https:\/\/www.manaus.am.gov.br\/semsa\/programas-e-servicos\/saude-na-escola\/","og_locale":"pt_BR","og_type":"article","og_title":"Sa\u00fade na escola - SEMSA","og_url":"https:\/\/www.manaus.am.gov.br\/semsa\/programas-e-servicos\/saude-na-escola\/","og_site_name":"SEMSA","article_modified_time":"2023-04-03T20:54:51+00:00","og_image":[{"width":966,"height":520,"url":"https:\/\/www.manaus.am.gov.br\/semsa\/wp-content\/uploads\/sites\/8\/2024\/07\/thumb-default-2.png","type":"image\/png"}],"twitter_card":"summary_large_image","twitter_misc":{"Est. reading time":"2 minutos"},"schema":{"@context":"https:\/\/schema.org","@graph":[{"@type":"WebPage","@id":"https:\/\/www.manaus.am.gov.br\/semsa\/programas-e-servicos\/saude-na-escola\/","url":"https:\/\/www.manaus.am.gov.br\/semsa\/programas-e-servicos\/saude-na-escola\/","name":"Sa\u00fade na escola - SEMSA","isPartOf":{"@id":"https:\/\/www.manaus.am.gov.br\/semsa\/#website"},"datePublished":"2023-01-16T14:45:42+00:00","dateModified":"2023-04-03T20:54:51+00:00","breadcrumb":{"@id":"https:\/\/www.manaus.am.gov.br\/semsa\/programas-e-servicos\/saude-na-escola\/#breadcrumb"},"inLanguage":"pt-BR","potentialAction":[{"@type":"ReadAction","target":["https:\/\/www.manaus.am.gov.br\/semsa\/programas-e-servicos\/saude-na-escola\/"]}]},{"@type":"BreadcrumbList","@id":"https:\/\/www.manaus.am.gov.br\/semsa\/programas-e-servicos\/saude-na-escola\/#breadcrumb","itemListElement":[{"@type":"ListItem","position":1,"name":"PROGRAMAS E SERVI\u00c7OS","item":"https:\/\/www.manaus.am.gov.br\/semsa\/programas-e-servicos\/"},{"@type":"ListItem","position":2,"name":"Sa\u00fade na escola"}]},{"@type":"WebSite","@id":"https:\/\/www.manaus.am.gov.br\/semsa\/#website","url":"https:\/\/www.manaus.am.gov.br\/semsa\/","name":"SEMSA","description":"Secretaria Municipal de Sa\u00fade","alternateName":"Secretaria Municipal de Sa\u00fade","potentialAction":[{"@type":"SearchAction","target":{"@type":"EntryPoint","urlTemplate":"https:\/\/www.manaus.am.gov.br\/semsa\/?s={search_term_string}"},"query-input":"required name=search_term_string"}],"inLanguage":"pt-BR"}]}},"_links":{"self":[{"href":"https:\/\/www.manaus.am.gov.br\/semsa\/wp-json\/wp\/v2\/pages\/208265"}],"collection":[{"href":"https:\/\/www.manaus.am.gov.br\/semsa\/wp-json\/wp\/v2\/pages"}],"about":[{"href":"https:\/\/www.manaus.am.gov.br\/semsa\/wp-json\/wp\/v2\/types\/page"}],"author":[{"embeddable":true,"href":"https:\/\/www.manaus.am.gov.br\/semsa\/wp-json\/wp\/v2\/users\/27"}],"replies":[{"embeddable":true,"href":"https:\/\/www.manaus.am.gov.br\/semsa\/wp-json\/wp\/v2\/comments?post=208265"}],"version-history":[{"count":9,"href":"https:\/\/www.manaus.am.gov.br\/semsa\/wp-json\/wp\/v2\/pages\/208265\/revisions"}],"predecessor-version":[{"id":211532,"href":"https:\/\/www.manaus.am.gov.br\/semsa\/wp-json\/wp\/v2\/pages\/208265\/revisions\/211532"}],"up":[{"embeddable":true,"href":"https:\/\/www.manaus.am.gov.br\/semsa\/wp-json\/wp\/v2\/pages\/211520"}],"wp:attachment":[{"href":"https:\/\/www.manaus.am.gov.br\/semsa\/wp-json\/wp\/v2\/media?parent=208265"}],"curies":[{"name":"wp","href":"https:\/\/api.w.org\/{rel}","templated":true}]}}