{"id":208261,"date":"2023-01-16T10:30:10","date_gmt":"2023-01-16T14:30:10","guid":{"rendered":"https:\/\/www.manaus.am.gov.br\/semsa\/?page_id=208261"},"modified":"2026-02-25T14:16:06","modified_gmt":"2026-02-25T18:16:06","slug":"prevencao-da-raiva-humana","status":"publish","type":"page","link":"https:\/\/www.manaus.am.gov.br\/semsa\/unidades\/prevencao-da-raiva-humana\/","title":{"rendered":"Preven\u00e7\u00e3o da Raiva Humana"},"content":{"rendered":"\n<p>A raiva humana \u00e9 uma doen\u00e7a geralmente mortal transmitida por v\u00edrus por meio de mordidas, arranh\u00f5es ou lambeduras de mam\u00edferos contaminados pelo v\u00edrus. Ela \u00e9 causada por um v\u00edrus que ataca o sistema nervoso. O v\u00edrus entra no organismo humano pelo local da agress\u00e3o, onde se multiplica. Em seguida, caminha pelas termina\u00e7\u00f5es nervosas at\u00e9 chegar ao c\u00e9rebro onde causa morte dos neur\u00f4nios. Os servi\u00e7os de profilaxia da raiva humana da rede municipal de sa\u00fade realizam avalia\u00e7\u00e3o da agress\u00e3o por animal potencialmente transmissor da raiva e indica\u00e7\u00e3o terap\u00eautica.<\/p>\n\n\n\n<p><\/p>\n\n\n\n<h3 class=\"wp-block-heading\">Unidades de Sa\u00fade com Atendimento Antirr\u00e1bico Humano<\/h3>\n\n\n\n<h3 class=\"wp-block-heading\">ZONA OESTE<\/h3>\n\n\n\n<p><strong>USF Deodato de Miranda Le\u00e3o<\/strong><br><strong>Endere\u00e7o:<\/strong>\u00a0Av. Presidente Dutra, s\/n \u2013 Gl\u00f3ria<br><strong>Hor\u00e1rio de atendimento:<\/strong>\u00a0segunda a sexta-feira &#8211; 7h \u00e0s 21h; s\u00e1bado &#8211; 7h \u00e0s 12h<\/p>\n\n\n\n<p><strong>USF Parque das Tribos<\/strong><br><strong>Endere\u00e7o:<\/strong>\u00a0Rua Piratapuia, 19 \u2013 Tarum\u00e3 A\u00e7u<br><strong>Hor\u00e1rio de atendimento:<\/strong>\u00a0segunda a sexta-feira &#8211; 7h \u00e0s 17h<\/p>\n\n\n\n<p><strong>USF Silvio Santos<\/strong><br><strong>Endere\u00e7o:<\/strong>\u00a0Rua 23 de Dezembro, s\/n \u2013 Compensa II<br><strong>Hor\u00e1rio de atendimento:<\/strong>\u00a0segunda a sexta-feira &#8211; 7h \u00e0s 17h<\/p>\n\n\n\n<p><strong>USF Lindalva Damasceno<\/strong><br><strong>Endere\u00e7o:<\/strong>\u00a0Av. do Turismo, s\/n &#8211; Km 3 &#8211; Tarum\u00e3<br><strong>Hor\u00e1rio de atendimento:<\/strong>\u00a0segunda a sexta-feira &#8211; 7h \u00e0s 17h<\/p>\n\n\n\n<p><strong>USF Maria Leonor de Freitas<br>Endere\u00e7o:<\/strong>\u00a0Av. Brasil, s\/n &#8211; Compensa<br><strong>Hor\u00e1rio de atendimento:<\/strong>\u00a0segunda a sexta-feira &#8211; 7h \u00e0s 19h; s\u00e1bado, domingo e feriados &#8211; 8h \u00e0s 18h<\/p>\n\n\n\n<h3 class=\"wp-block-heading\">ZONA NORTE<\/h3>\n\n\n\n<p><strong>USF Major PM S\u00e1lvio Belota<\/strong><br><strong>Endere\u00e7o:&nbsp;<\/strong>Rua das Samambaias, 786 \u2013 Santa Etelvina<br><strong>Hor\u00e1rio de atendimento:&nbsp;<\/strong>segunda a sexta-feira &#8211; 8h \u00e0s 20h\/ s\u00e1bado &#8211; 8h \u00e0s 12h<\/p>\n\n\n\n<p><strong>USF Balbina Mestrinho<\/strong><br><strong>Endere\u00e7o:&nbsp;<\/strong>Rua Major Silv\u00e9rio Nery, 170 \u2013 Cidade Nova<br><strong>Hor\u00e1rio de atendimento:&nbsp;<\/strong>segunda a sexta-feira &#8211; 8h \u00e0s 20h\/ s\u00e1bado &#8211; 8h \u00e0s 12h<\/p>\n\n\n\n<p><strong>USF Armando Mendes<\/strong><br><strong>Endere\u00e7o:&nbsp;<\/strong>Rua das Samambaias, 786 \u2013 Santa Etelvina<br><strong>Hor\u00e1rio de atendimento:&nbsp;<\/strong>segunda a sexta-feira &#8211; 8h \u00e0s 18h<\/p>\n\n\n\n<p><strong>USF Arthur Virg\u00edlio<\/strong><br><strong>Endere\u00e7o:&nbsp;<\/strong>Tv. 10, 3015 \u2013 Amazonino Mendes<br><strong>Hor\u00e1rio de atendimento:<\/strong>&nbsp;segunda a sexta-feira &#8211; 8h \u00e0s 18h<\/p>\n\n\n\n<p><strong>USF Dr. Jos\u00e9 Figlioulo<\/strong><br><strong>Endere\u00e7o:&nbsp;<\/strong>Rua Rio Arinos, s\/n \u2013 Conjunto Viver Melhor, Lago Azul<br><strong>Hor\u00e1rio de atendimento:&nbsp;<\/strong>segunda a sexta-feira &#8211; 8h \u00e0s 18h<\/p>\n\n\n\n<p><strong>USF Carmen Nicolau<\/strong><br><strong>Endere\u00e7o:&nbsp;<\/strong>Rua Nestor Nascimento, s\/n \u2013 Lago Azul<br><strong>Hor\u00e1rio de atendimento:&nbsp;<\/strong>segunda a sexta-feira &#8211; 8h \u00e0s 16h; s\u00e1bado, domingo e feriados &#8211; 8h \u00e0s 17h<\/p>\n\n\n\n<h3 class=\"wp-block-heading\">ZONA SUL<\/h3>\n\n\n\n<p><strong>USF Rosa Pereira de Almeida<\/strong><br><strong>Endere\u00e7o:<\/strong>\u00a0Rua Benedito, s\/n &#8211; Morro da Liberdade<br><strong>Hor\u00e1rio de atendimento:<\/strong>\u00a0segunda a sexta-feira &#8211; 7h \u00e0s 21h; s\u00e1bado &#8211; 7h \u00e0s 12h<\/p>\n\n\n\n<p><strong>USF Petr\u00f3polis<\/strong><br><strong>Endere\u00e7o:\u00a0<\/strong>Rua Delfim Afonso de Souza, s\/n \u2013 Petr\u00f3polis<br><strong>Hor\u00e1rio de atendimento:\u00a0<\/strong>segunda a sexta-feira &#8211; 7h \u00e0s 17h<\/p>\n\n\n\n<p><strong>USF Dr. Jos\u00e9 Rayol dos Santos<\/strong><br><strong>Endere\u00e7o:\u00a0<\/strong>Av. Constantino Nery, 4261 \u2013 Chapada<br><strong>Hor\u00e1rio de atendimento:<\/strong>\u00a0segunda a sexta-feira &#8211; 8h \u00e0s 20h; s\u00e1bado &#8211; 8h \u00e0s 11h30<\/p>\n\n\n\n<p><strong>USF Theom\u00e1rio Pinto<\/strong> <strong>da Costa<\/strong><br><strong>Endere\u00e7o:\u00a0<\/strong>Travessa 02 de Agosto, s\/n \u2013 Parque Dez de Novembro<br><strong>Hor\u00e1rio de atendimento:<\/strong>\u00a0segunda a sexta-feira &#8211; 8h \u00e0s 17h<\/p>\n\n\n\n<h3 class=\"wp-block-heading\">ZONA LESTE<\/h3>\n\n\n\n<p><strong>USF Alfredo Campos<\/strong><br><strong>Endere\u00e7o:<\/strong>\u00a0Rua Andr\u00e9 Ara\u00fajo, s\/n \u2013 Zumbi dos Palmares<br><strong>Hor\u00e1rio de atendimento:<\/strong>\u00a0segunda a sexta-feira &#8211; 7h \u00e0s 21h; s\u00e1bado &#8211; 8h \u00e0s 12h<\/p>\n\n\n\n<p><strong>USF Maria Leonor Brilhante<\/strong><br><strong>Endere\u00e7o:\u00a0<\/strong>Av. Autaz Mirin s\/n \u2013 Tancredo Neves<br><strong>Hor\u00e1rio de atendimento:\u00a0<\/strong>segunda a sexta-feira &#8211; 7h \u00e0s 20h; s\u00e1bado &#8211; 7h \u00e0s 12h<\/p>\n\n\n\n<p><strong>USF Mauazinho<\/strong><br><strong>Endere\u00e7o:<\/strong>&nbsp;Av. Rio Negro, 113 \u2013 Mauazinho<br><strong>Hor\u00e1rio de atendimento:<\/strong>&nbsp;segunda a sexta-feira &#8211; 8h \u00e0s 17h<\/p>\n\n\n\n<p><strong>USF Dr. Jos\u00e9 Amazonas Palhano<\/strong><br><strong>Endere\u00e7o:<\/strong>\u00a0Rua Ant\u00f4nio Matias, s\/n \u2013 S\u00e3o Jos\u00e9 Oper\u00e1rio II<br><strong>Hor\u00e1rio de atendimento:<\/strong>\u00a0segunda a sexta-feira &#8211; 7h \u00e0s 21h; s\u00e1bado &#8211; 7h \u00e0s 12h<\/p>\n","protected":false},"excerpt":{"rendered":"","protected":false},"author":27,"featured_media":0,"parent":211060,"menu_order":0,"comment_status":"closed","ping_status":"closed","template":"templates\/turismo.php","meta":{"footnotes":""},"acf":[],"yoast_head":"<!-- This site is optimized with the Yoast SEO plugin v23.0 - https:\/\/yoast.com\/wordpress\/plugins\/seo\/ -->\n<title>Preven\u00e7\u00e3o da Raiva Humana - SEMSA<\/title>\n<meta name=\"robots\" content=\"index, follow, max-snippet:-1, max-image-preview:large, max-video-preview:-1\" \/>\n<link rel=\"canonical\" href=\"https:\/\/www.manaus.am.gov.br\/semsa\/unidades\/prevencao-da-raiva-humana\/\" \/>\n<meta property=\"og:locale\" content=\"pt_BR\" \/>\n<meta property=\"og:type\" content=\"article\" \/>\n<meta property=\"og:title\" content=\"Preven\u00e7\u00e3o da Raiva Humana - SEMSA\" \/>\n<meta property=\"og:url\" content=\"https:\/\/www.manaus.am.gov.br\/semsa\/unidades\/prevencao-da-raiva-humana\/\" \/>\n<meta property=\"og:site_name\" content=\"SEMSA\" \/>\n<meta property=\"article:modified_time\" content=\"2026-02-25T18:16:06+00:00\" \/>\n<meta property=\"og:image\" content=\"https:\/\/www.manaus.am.gov.br\/semsa\/wp-content\/uploads\/sites\/8\/2024\/07\/thumb-default-2.png\" \/>\n\t<meta property=\"og:image:width\" content=\"966\" \/>\n\t<meta property=\"og:image:height\" content=\"520\" \/>\n\t<meta property=\"og:image:type\" content=\"image\/png\" \/>\n<meta name=\"twitter:card\" content=\"summary_large_image\" \/>\n<meta name=\"twitter:label1\" content=\"Est. reading time\" \/>\n\t<meta name=\"twitter:data1\" content=\"3 minutos\" \/>\n<script type=\"application\/ld+json\" class=\"yoast-schema-graph\">{\"@context\":\"https:\/\/schema.org\",\"@graph\":[{\"@type\":\"WebPage\",\"@id\":\"https:\/\/www.manaus.am.gov.br\/semsa\/unidades\/prevencao-da-raiva-humana\/\",\"url\":\"https:\/\/www.manaus.am.gov.br\/semsa\/unidades\/prevencao-da-raiva-humana\/\",\"name\":\"Preven\u00e7\u00e3o da Raiva Humana - SEMSA\",\"isPartOf\":{\"@id\":\"https:\/\/www.manaus.am.gov.br\/semsa\/#website\"},\"datePublished\":\"2023-01-16T14:30:10+00:00\",\"dateModified\":\"2026-02-25T18:16:06+00:00\",\"breadcrumb\":{\"@id\":\"https:\/\/www.manaus.am.gov.br\/semsa\/unidades\/prevencao-da-raiva-humana\/#breadcrumb\"},\"inLanguage\":\"pt-BR\",\"potentialAction\":[{\"@type\":\"ReadAction\",\"target\":[\"https:\/\/www.manaus.am.gov.br\/semsa\/unidades\/prevencao-da-raiva-humana\/\"]}]},{\"@type\":\"BreadcrumbList\",\"@id\":\"https:\/\/www.manaus.am.gov.br\/semsa\/unidades\/prevencao-da-raiva-humana\/#breadcrumb\",\"itemListElement\":[{\"@type\":\"ListItem\",\"position\":1,\"name\":\"Unidades\",\"item\":\"https:\/\/www.manaus.am.gov.br\/semsa\/unidades\/\"},{\"@type\":\"ListItem\",\"position\":2,\"name\":\"Preven\u00e7\u00e3o da Raiva Humana\"}]},{\"@type\":\"WebSite\",\"@id\":\"https:\/\/www.manaus.am.gov.br\/semsa\/#website\",\"url\":\"https:\/\/www.manaus.am.gov.br\/semsa\/\",\"name\":\"SEMSA\",\"description\":\"Secretaria Municipal de Sa\u00fade\",\"alternateName\":\"Secretaria Municipal de Sa\u00fade\",\"potentialAction\":[{\"@type\":\"SearchAction\",\"target\":{\"@type\":\"EntryPoint\",\"urlTemplate\":\"https:\/\/www.manaus.am.gov.br\/semsa\/?s={search_term_string}\"},\"query-input\":\"required name=search_term_string\"}],\"inLanguage\":\"pt-BR\"}]}<\/script>\n<!-- \/ Yoast SEO plugin. -->","yoast_head_json":{"title":"Preven\u00e7\u00e3o da Raiva Humana - SEMSA","robots":{"index":"index","follow":"follow","max-snippet":"max-snippet:-1","max-image-preview":"max-image-preview:large","max-video-preview":"max-video-preview:-1"},"canonical":"https:\/\/www.manaus.am.gov.br\/semsa\/unidades\/prevencao-da-raiva-humana\/","og_locale":"pt_BR","og_type":"article","og_title":"Preven\u00e7\u00e3o da Raiva Humana - SEMSA","og_url":"https:\/\/www.manaus.am.gov.br\/semsa\/unidades\/prevencao-da-raiva-humana\/","og_site_name":"SEMSA","article_modified_time":"2026-02-25T18:16:06+00:00","og_image":[{"width":966,"height":520,"url":"https:\/\/www.manaus.am.gov.br\/semsa\/wp-content\/uploads\/sites\/8\/2024\/07\/thumb-default-2.png","type":"image\/png"}],"twitter_card":"summary_large_image","twitter_misc":{"Est. reading time":"3 minutos"},"schema":{"@context":"https:\/\/schema.org","@graph":[{"@type":"WebPage","@id":"https:\/\/www.manaus.am.gov.br\/semsa\/unidades\/prevencao-da-raiva-humana\/","url":"https:\/\/www.manaus.am.gov.br\/semsa\/unidades\/prevencao-da-raiva-humana\/","name":"Preven\u00e7\u00e3o da Raiva Humana - SEMSA","isPartOf":{"@id":"https:\/\/www.manaus.am.gov.br\/semsa\/#website"},"datePublished":"2023-01-16T14:30:10+00:00","dateModified":"2026-02-25T18:16:06+00:00","breadcrumb":{"@id":"https:\/\/www.manaus.am.gov.br\/semsa\/unidades\/prevencao-da-raiva-humana\/#breadcrumb"},"inLanguage":"pt-BR","potentialAction":[{"@type":"ReadAction","target":["https:\/\/www.manaus.am.gov.br\/semsa\/unidades\/prevencao-da-raiva-humana\/"]}]},{"@type":"BreadcrumbList","@id":"https:\/\/www.manaus.am.gov.br\/semsa\/unidades\/prevencao-da-raiva-humana\/#breadcrumb","itemListElement":[{"@type":"ListItem","position":1,"name":"Unidades","item":"https:\/\/www.manaus.am.gov.br\/semsa\/unidades\/"},{"@type":"ListItem","position":2,"name":"Preven\u00e7\u00e3o da Raiva Humana"}]},{"@type":"WebSite","@id":"https:\/\/www.manaus.am.gov.br\/semsa\/#website","url":"https:\/\/www.manaus.am.gov.br\/semsa\/","name":"SEMSA","description":"Secretaria Municipal de Sa\u00fade","alternateName":"Secretaria Municipal de Sa\u00fade","potentialAction":[{"@type":"SearchAction","target":{"@type":"EntryPoint","urlTemplate":"https:\/\/www.manaus.am.gov.br\/semsa\/?s={search_term_string}"},"query-input":"required name=search_term_string"}],"inLanguage":"pt-BR"}]}},"_links":{"self":[{"href":"https:\/\/www.manaus.am.gov.br\/semsa\/wp-json\/wp\/v2\/pages\/208261"}],"collection":[{"href":"https:\/\/www.manaus.am.gov.br\/semsa\/wp-json\/wp\/v2\/pages"}],"about":[{"href":"https:\/\/www.manaus.am.gov.br\/semsa\/wp-json\/wp\/v2\/types\/page"}],"author":[{"embeddable":true,"href":"https:\/\/www.manaus.am.gov.br\/semsa\/wp-json\/wp\/v2\/users\/27"}],"replies":[{"embeddable":true,"href":"https:\/\/www.manaus.am.gov.br\/semsa\/wp-json\/wp\/v2\/comments?post=208261"}],"version-history":[{"count":22,"href":"https:\/\/www.manaus.am.gov.br\/semsa\/wp-json\/wp\/v2\/pages\/208261\/revisions"}],"predecessor-version":[{"id":227749,"href":"https:\/\/www.manaus.am.gov.br\/semsa\/wp-json\/wp\/v2\/pages\/208261\/revisions\/227749"}],"up":[{"embeddable":true,"href":"https:\/\/www.manaus.am.gov.br\/semsa\/wp-json\/wp\/v2\/pages\/211060"}],"wp:attachment":[{"href":"https:\/\/www.manaus.am.gov.br\/semsa\/wp-json\/wp\/v2\/media?parent=208261"}],"curies":[{"name":"wp","href":"https:\/\/api.w.org\/{rel}","templated":true}]}}