{"id":208239,"date":"2023-01-16T09:24:59","date_gmt":"2023-01-16T13:24:59","guid":{"rendered":"https:\/\/www.manaus.am.gov.br\/semsa\/?page_id=208239"},"modified":"2026-02-23T15:18:11","modified_gmt":"2026-02-23T19:18:11","slug":"prevencao-e-controle-do-tabagismo","status":"publish","type":"page","link":"https:\/\/www.manaus.am.gov.br\/semsa\/programas-e-servicos\/prevencao-e-controle-do-tabagismo\/","title":{"rendered":"Preven\u00e7\u00e3o e Controle do Tabagismo"},"content":{"rendered":"\n<h3 class=\"wp-block-heading\">O que \u00e9 Tabagismo?<\/h3>\n\n\n\n<p>O tabagismo \u00e9 considerado pela Organiza\u00e7\u00e3o Mundial da Sa\u00fade (OMS) a principal causa de morte evit\u00e1vel em todo o mundo. Segundo o Instituto Nacional do C\u00e2ncer (Inca), a epidemia global do tabaco mata quase 6 milh\u00f5es de pessoas por ano, das quais mais de 600 mil s\u00e3o n\u00e3o fumantes, v\u00edtimas do fumo passivo. Sem altera\u00e7\u00f5es do cen\u00e1rio, est\u00e3o previstas mais de 8 milh\u00f5es de mortes por ano a partir de 2030.<\/p>\n\n\n\n<h3 class=\"wp-block-heading\">Programa de Preven\u00e7\u00e3o e Controle do Tabagismo<\/h3>\n\n\n\n<p>Objetivando produzir sa\u00fade e reduzir o n\u00famero de fumantes na cidade de Manaus, a Secretaria Municipal de Sa\u00fade implantou em 2008 o Programa Municipal de Controle do Tabagismo, passando a ofertar a popula\u00e7\u00e3o o servi\u00e7o de tratamento ao fumante. Fundamentado na Abordagem Cognitivo Comportamental, os ambulat\u00f3rios de tratamento ao fumante fornecem o suporte profissional e medicamentoso necess\u00e1rio para cessa\u00e7\u00e3o do tabaco de indiv\u00edduos que desejam parar de fumar. Ao longo dos anos este servi\u00e7o vem sendo implementado, passando de 7 para 23, o n\u00famero de ambulat\u00f3rios de tratamento ao fumante na cidade de Manaus.<\/p>\n\n\n\n<ul>\n<li><a href=\"https:\/\/www.manaus.am.gov.br\/semsa\/wp-content\/uploads\/sites\/8\/2023\/01\/manual_pare_de_fumar_01_compressed.pdf\" target=\"_blank\" rel=\"noreferrer noopener\"><strong>Entenda porque se fuma e como isso afeta a sa\u00fade<\/strong><\/a><\/li>\n\n\n\n<li><a href=\"https:\/\/www.manaus.am.gov.br\/semsa\/wp-content\/uploads\/sites\/8\/2023\/01\/manual_pare_de_fumar_02_compressed-1.pdf\" target=\"_blank\" rel=\"noreferrer noopener\"><strong>Os primeiros dias sem fumar<\/strong><\/a><\/li>\n\n\n\n<li><a href=\"https:\/\/www.manaus.am.gov.br\/semsa\/wp-content\/uploads\/sites\/8\/2023\/01\/manual_pare_de_fumar_03_compressed.pdf\" target=\"_blank\" rel=\"noreferrer noopener\"><strong>Como vencer<\/strong> <strong>os obst\u00e1culos para permanecer <\/strong>s<strong>em fumar<\/strong><\/a><\/li>\n\n\n\n<li><a href=\"https:\/\/www.manaus.am.gov.br\/semsa\/wp-content\/uploads\/sites\/8\/2023\/01\/manual_pare_de_fumar_04_compressed-1.pdf\" target=\"_blank\" rel=\"noreferrer noopener\"><strong>Benef\u00edcios obtidos ap\u00f3s parar de fumar<\/strong><\/a><\/li>\n<\/ul>\n\n\n\n<h3 class=\"wp-block-heading\"><strong>Unidades de Sa\u00fade com Servi\u00e7os de Tratamento para Fumantes<\/strong><\/h3>\n\n\n\n<h3 class=\"wp-block-heading\">ZONA NORTE<\/h3>\n\n\n\n<p><strong>USF Professor Carlson Gracie<\/strong><br><strong>Endere\u00e7o:<\/strong>\u00a0Av. Cura\u00e7ao, s\/n, Conj. Cidad\u00e3o V \u2013 Nova Cidade<br><strong>Hor\u00e1rio de atendimento<\/strong>: Segunda a sexta-feira \u2013 8h \u00e0s 17h<\/p>\n\n\n\n<p><strong>USF MJ PM Salvio Belota<\/strong><br><strong>Endere\u00e7o<\/strong>: Rua Samambaia, 786 \u2013 Santa Etelvina<br><strong>Hor\u00e1rio de atendimento<\/strong>: segunda a sexta-feira das 7h \u00e0s 20h \/ s\u00e1bado das 7h \u00e0s 11h<\/p>\n\n\n\n<p><strong>USF Prefeito Manoel Henrique Ribeiro<\/strong><br><strong>Endere\u00e7o:<\/strong> Rua Leblon, s\/n &#8211; Conj. Residencial Viver Melhor III &#8211; Cidade de Deus<br><strong>Hor\u00e1rio de atendimento:<\/strong> Segunda a sexta-feira &#8211; 7h \u00e0s 17h<\/p>\n\n\n\n<p><strong>USF Dr. Jos\u00e9 Figliuolo<\/strong><br><strong>Endere\u00e7o<\/strong>: Rua Rio Maicuru, s\/n \u2013 Lago Azul<br><strong>Hor\u00e1rio de atendimento<\/strong>: Segunda a sexta-feira \u2013 7h \u00e0s 17h<\/p>\n\n\n\n<p><strong>USF Arthur Virg\u00edlio Filho<br>Endere\u00e7o<\/strong>: Travessa Imbituba, 3015, Amazonino Mendes, Novo Aleixo<br><strong>Hor\u00e1rio de atendimento:&nbsp;<\/strong>Segunda a sexta-feira \u2013 7h \u00e0s 17h<\/p>\n\n\n\n<p><strong>USF Carmen Nicolau<\/strong><br><strong>Endere\u00e7o:<\/strong>&nbsp;Rua Nestor Nascimento, s\/n, Lago Azul<br><strong>Hor\u00e1rio de atendimento<\/strong>: segunda a sexta-feira das 7h \u00e0s 18h \/ s\u00e1bado, domingo e feriado das 8h \u00e0s 17h<\/p>\n\n\n\n<h3 class=\"wp-block-heading\">ZONA SUL<\/h3>\n\n\n\n<p><strong>USF Petr\u00f3polis<\/strong><br><strong>Endere\u00e7o<\/strong>:&nbsp;Rua Delfim Afonso de Souza, s\/n, Petr\u00f3polis<br><strong>Hor\u00e1rio de atendimento<\/strong>:&nbsp;Segunda a sexta-feira \u2013 7h \u00e0s 17h<\/p>\n\n\n\n<p><strong>USF Dr. Luiz Montenegro<\/strong><br><strong>Endere\u00e7o<\/strong>:&nbsp;Rua Pico das \u00c1guas, 527, Nossa Senhora das Gra\u00e7as<br><strong>Hor\u00e1rio de atendimento:&nbsp;<\/strong>Segunda a sexta-feira \u2013 7h \u00e0s 17h<\/p>\n\n\n\n<p><strong>USF Nilton Lins<br>Endere\u00e7o<\/strong>:&nbsp;Av. Prof. Nilton Lins, 2344 \u2013 Flores<br><strong>Hor\u00e1rio de atendimento<\/strong>:&nbsp;Segunda a sexta-feira \u2013 7h \u00e0s 17h<\/p>\n\n\n\n<p><strong>USF Benedito Batista de Almeida<br>Endere\u00e7o<\/strong>:\u00a0Rua Girassol, s\/n \u2013 S\u00e3o Francisco<br><strong>Hor\u00e1rio de atendimento<\/strong>:\u00a0Segunda a sexta-feira \u2013 7h \u00e0s 17h<\/p>\n\n\n\n<h3 class=\"wp-block-heading\">ZONA LESTE<\/h3>\n\n\n\n<p><strong>USF Mauazinho<\/strong><br><strong>Endere\u00e7o:<\/strong>&nbsp;Av. Rio Negro, 111, Mauazinho<br><strong>Hor\u00e1rio de atendimento<\/strong>: Segunda a sexta-feira \u2013 7h \u00e0s 17h<\/p>\n\n\n\n<p><strong>USF Enf\u00aa Ivone Lima dos Santos<\/strong><br><strong>Endere\u00e7o:<\/strong>&nbsp;&nbsp;Rua Lu\u00eds Corrente, s\/n \u2013 Coroado<br><strong>Hor\u00e1rio de atendimento<\/strong>: Segunda a sexta-feira \u2013 7h \u00e0s 17h<\/p>\n\n\n\n<p><strong>USF Desembargador F\u00e1bio do Couto Valle<\/strong><br><strong>Endere\u00e7o<\/strong>: Av. Brigadeiro Hil\u00e1rio Gurj\u00e3o, s\/n, Jorge Teixeira<br><strong>Hor\u00e1rio de atendimento:&nbsp;<\/strong>Segunda a sexta-feira \u2013 7h \u00e0s 17h<\/p>\n\n\n\n<p><strong>USF Jos\u00e9 Amazonas Palhano<\/strong><br><strong>Endere\u00e7o:<\/strong>&nbsp;Rua Ant\u00f4nio Matias, s\/n, S\u00e3o Jos\u00e9 II<br><strong>Hor\u00e1rio de atendimento:<\/strong> Segunda a sexta-feira \u2013 7h \u00e0s 17h<\/p>\n\n\n\n<p><strong>USF Gebes de Melo Medeiros Filho<\/strong><br><strong>Endere\u00e7o<\/strong>: Rua Pirarucu, 100, Jorge Teixeira<br><strong>Hor\u00e1rio de atendimento:<\/strong>&nbsp;Segunda a sexta-feira \u2013 7h \u00e0s 17h<\/p>\n\n\n\n<p><strong>USF<\/strong> <strong>Alfredo Campos<br>Endere\u00e7o: <\/strong>Av. Cosme Ferreira, s\/n &#8211; Zumbi dos Palmares<br><strong>Hor\u00e1rio de atendimento:<\/strong>\u00a0Segunda a sexta-feira \u2013 7h \u00e0s 17h<\/p>\n\n\n\n<p><strong>USF<\/strong> <strong>Agnaldo Gomes da Costa<br>Endere\u00e7o: <\/strong>Rua Rio Pirarucu, 56 &#8211; S\u00e3o Jos\u00e9<br><strong>Hor\u00e1rio de atendimento:<\/strong>\u00a0Segunda a sexta-feira \u2013 7h \u00e0s 17h<\/p>\n\n\n\n<p><strong>USF<\/strong> <strong>Geraldo Magela<br>Endere\u00e7o: <\/strong>Rua Rio Envira, 442 &#8211; Armando Mendes<br><strong>Hor\u00e1rio de atendimento:<\/strong>\u00a0Segunda a sexta-feira \u2013 7h \u00e0s 17h<\/p>\n\n\n\n<h3 class=\"wp-block-heading\">ZONA OESTE<\/h3>\n\n\n\n<p><strong>Policl\u00ednica Dr. Djalma Batista<\/strong><br><strong>Endere\u00e7o<\/strong>: Rua 23 de Dezembro, s\/n \u2013 Compensa II<br><strong>Hor\u00e1rio de atendimento:<\/strong>\u00a0Segunda a sexta-feira \u2013 7h \u00e0s 17h<\/p>\n\n\n\n<p><strong>USF Parque das Tribos<\/strong><br><strong>Endere\u00e7o<\/strong>: Rua Piratapuia, 19, Tarum\u00e3 A\u00e7\u00fa<br><strong>Hor\u00e1rio de atendimento:<\/strong>&nbsp;Segunda a sexta-feira \u2013 7h \u00e0s 16h<\/p>\n\n\n\n<p><strong>USF Ajuricaba<\/strong><br><strong>Endere\u00e7o<\/strong>: Av. Leste, s\/n, Alvorada<br><strong>Hor\u00e1rio de atendimento:<\/strong>&nbsp;Segunda a sexta-feira \u2013 7h \u00e0s 16h<\/p>\n\n\n\n<p><strong>USF Deodato de Miranda Le\u00e3o<\/strong><br><strong>Endere\u00e7o<\/strong>: Av. Presidente Dutra, s\/n, Gl\u00f3ria<br><strong>Hor\u00e1rio de atendimento:<\/strong>&nbsp;Segunda a sexta de 7h \u00e0s 20h, s\u00e1bado de 7h \u00e0s 11h<\/p>\n\n\n\n<h3 class=\"wp-block-heading\">ZONA RURA<strong>L<\/strong><\/h3>\n\n\n\n<p><strong>USFR Nossa Senhora Auxiliadora<\/strong><br><strong>Endere\u00e7o: <\/strong>Rio Tarum\u00e3 Grande<br><strong>Hor\u00e1rio de atendimento:<\/strong>&nbsp;segunda a sexta-feira &#8211; 8h \u00e0s 16h <\/p>\n\n\n\n<p><strong>USFR Pau Rosa<\/strong><br><strong>Endere\u00e7o:<\/strong> Ramal do Pau Rosa, km 21 \u2013 BR 174<br><strong>Hor\u00e1rio de atendimento:<\/strong>&nbsp;segunda a sexta-feira &#8211; 8h \u00e0s 16h <\/p>\n\n\n\n<p> <\/p>\n\n\n\n<p><\/p>\n","protected":false},"excerpt":{"rendered":"","protected":false},"author":27,"featured_media":0,"parent":211520,"menu_order":0,"comment_status":"closed","ping_status":"closed","template":"templates\/turismo.php","meta":{"footnotes":""},"acf":[],"yoast_head":"<!-- This site is optimized with the Yoast SEO plugin v23.0 - https:\/\/yoast.com\/wordpress\/plugins\/seo\/ -->\n<title>Preven\u00e7\u00e3o e Controle do Tabagismo - SEMSA<\/title>\n<meta name=\"robots\" content=\"index, follow, max-snippet:-1, max-image-preview:large, max-video-preview:-1\" \/>\n<link rel=\"canonical\" href=\"https:\/\/www.manaus.am.gov.br\/semsa\/programas-e-servicos\/prevencao-e-controle-do-tabagismo\/\" \/>\n<meta property=\"og:locale\" content=\"pt_BR\" \/>\n<meta property=\"og:type\" content=\"article\" \/>\n<meta property=\"og:title\" content=\"Preven\u00e7\u00e3o e Controle do Tabagismo - SEMSA\" \/>\n<meta property=\"og:url\" content=\"https:\/\/www.manaus.am.gov.br\/semsa\/programas-e-servicos\/prevencao-e-controle-do-tabagismo\/\" \/>\n<meta property=\"og:site_name\" content=\"SEMSA\" \/>\n<meta property=\"article:modified_time\" content=\"2026-02-23T19:18:11+00:00\" \/>\n<meta property=\"og:image\" content=\"https:\/\/www.manaus.am.gov.br\/semsa\/wp-content\/uploads\/sites\/8\/2024\/07\/thumb-default-2.png\" \/>\n\t<meta property=\"og:image:width\" content=\"966\" \/>\n\t<meta property=\"og:image:height\" content=\"520\" \/>\n\t<meta property=\"og:image:type\" content=\"image\/png\" \/>\n<meta name=\"twitter:card\" content=\"summary_large_image\" \/>\n<meta name=\"twitter:label1\" content=\"Est. reading time\" \/>\n\t<meta name=\"twitter:data1\" content=\"5 minutos\" \/>\n<script type=\"application\/ld+json\" class=\"yoast-schema-graph\">{\"@context\":\"https:\/\/schema.org\",\"@graph\":[{\"@type\":\"WebPage\",\"@id\":\"https:\/\/www.manaus.am.gov.br\/semsa\/programas-e-servicos\/prevencao-e-controle-do-tabagismo\/\",\"url\":\"https:\/\/www.manaus.am.gov.br\/semsa\/programas-e-servicos\/prevencao-e-controle-do-tabagismo\/\",\"name\":\"Preven\u00e7\u00e3o e Controle do Tabagismo - SEMSA\",\"isPartOf\":{\"@id\":\"https:\/\/www.manaus.am.gov.br\/semsa\/#website\"},\"datePublished\":\"2023-01-16T13:24:59+00:00\",\"dateModified\":\"2026-02-23T19:18:11+00:00\",\"breadcrumb\":{\"@id\":\"https:\/\/www.manaus.am.gov.br\/semsa\/programas-e-servicos\/prevencao-e-controle-do-tabagismo\/#breadcrumb\"},\"inLanguage\":\"pt-BR\",\"potentialAction\":[{\"@type\":\"ReadAction\",\"target\":[\"https:\/\/www.manaus.am.gov.br\/semsa\/programas-e-servicos\/prevencao-e-controle-do-tabagismo\/\"]}]},{\"@type\":\"BreadcrumbList\",\"@id\":\"https:\/\/www.manaus.am.gov.br\/semsa\/programas-e-servicos\/prevencao-e-controle-do-tabagismo\/#breadcrumb\",\"itemListElement\":[{\"@type\":\"ListItem\",\"position\":1,\"name\":\"PROGRAMAS E SERVI\u00c7OS\",\"item\":\"https:\/\/www.manaus.am.gov.br\/semsa\/programas-e-servicos\/\"},{\"@type\":\"ListItem\",\"position\":2,\"name\":\"Preven\u00e7\u00e3o e Controle do Tabagismo\"}]},{\"@type\":\"WebSite\",\"@id\":\"https:\/\/www.manaus.am.gov.br\/semsa\/#website\",\"url\":\"https:\/\/www.manaus.am.gov.br\/semsa\/\",\"name\":\"SEMSA\",\"description\":\"Secretaria Municipal de Sa\u00fade\",\"alternateName\":\"Secretaria Municipal de Sa\u00fade\",\"potentialAction\":[{\"@type\":\"SearchAction\",\"target\":{\"@type\":\"EntryPoint\",\"urlTemplate\":\"https:\/\/www.manaus.am.gov.br\/semsa\/?s={search_term_string}\"},\"query-input\":\"required name=search_term_string\"}],\"inLanguage\":\"pt-BR\"}]}<\/script>\n<!-- \/ Yoast SEO plugin. -->","yoast_head_json":{"title":"Preven\u00e7\u00e3o e Controle do Tabagismo - SEMSA","robots":{"index":"index","follow":"follow","max-snippet":"max-snippet:-1","max-image-preview":"max-image-preview:large","max-video-preview":"max-video-preview:-1"},"canonical":"https:\/\/www.manaus.am.gov.br\/semsa\/programas-e-servicos\/prevencao-e-controle-do-tabagismo\/","og_locale":"pt_BR","og_type":"article","og_title":"Preven\u00e7\u00e3o e Controle do Tabagismo - SEMSA","og_url":"https:\/\/www.manaus.am.gov.br\/semsa\/programas-e-servicos\/prevencao-e-controle-do-tabagismo\/","og_site_name":"SEMSA","article_modified_time":"2026-02-23T19:18:11+00:00","og_image":[{"width":966,"height":520,"url":"https:\/\/www.manaus.am.gov.br\/semsa\/wp-content\/uploads\/sites\/8\/2024\/07\/thumb-default-2.png","type":"image\/png"}],"twitter_card":"summary_large_image","twitter_misc":{"Est. reading time":"5 minutos"},"schema":{"@context":"https:\/\/schema.org","@graph":[{"@type":"WebPage","@id":"https:\/\/www.manaus.am.gov.br\/semsa\/programas-e-servicos\/prevencao-e-controle-do-tabagismo\/","url":"https:\/\/www.manaus.am.gov.br\/semsa\/programas-e-servicos\/prevencao-e-controle-do-tabagismo\/","name":"Preven\u00e7\u00e3o e Controle do Tabagismo - SEMSA","isPartOf":{"@id":"https:\/\/www.manaus.am.gov.br\/semsa\/#website"},"datePublished":"2023-01-16T13:24:59+00:00","dateModified":"2026-02-23T19:18:11+00:00","breadcrumb":{"@id":"https:\/\/www.manaus.am.gov.br\/semsa\/programas-e-servicos\/prevencao-e-controle-do-tabagismo\/#breadcrumb"},"inLanguage":"pt-BR","potentialAction":[{"@type":"ReadAction","target":["https:\/\/www.manaus.am.gov.br\/semsa\/programas-e-servicos\/prevencao-e-controle-do-tabagismo\/"]}]},{"@type":"BreadcrumbList","@id":"https:\/\/www.manaus.am.gov.br\/semsa\/programas-e-servicos\/prevencao-e-controle-do-tabagismo\/#breadcrumb","itemListElement":[{"@type":"ListItem","position":1,"name":"PROGRAMAS E SERVI\u00c7OS","item":"https:\/\/www.manaus.am.gov.br\/semsa\/programas-e-servicos\/"},{"@type":"ListItem","position":2,"name":"Preven\u00e7\u00e3o e Controle do Tabagismo"}]},{"@type":"WebSite","@id":"https:\/\/www.manaus.am.gov.br\/semsa\/#website","url":"https:\/\/www.manaus.am.gov.br\/semsa\/","name":"SEMSA","description":"Secretaria Municipal de Sa\u00fade","alternateName":"Secretaria Municipal de Sa\u00fade","potentialAction":[{"@type":"SearchAction","target":{"@type":"EntryPoint","urlTemplate":"https:\/\/www.manaus.am.gov.br\/semsa\/?s={search_term_string}"},"query-input":"required name=search_term_string"}],"inLanguage":"pt-BR"}]}},"_links":{"self":[{"href":"https:\/\/www.manaus.am.gov.br\/semsa\/wp-json\/wp\/v2\/pages\/208239"}],"collection":[{"href":"https:\/\/www.manaus.am.gov.br\/semsa\/wp-json\/wp\/v2\/pages"}],"about":[{"href":"https:\/\/www.manaus.am.gov.br\/semsa\/wp-json\/wp\/v2\/types\/page"}],"author":[{"embeddable":true,"href":"https:\/\/www.manaus.am.gov.br\/semsa\/wp-json\/wp\/v2\/users\/27"}],"replies":[{"embeddable":true,"href":"https:\/\/www.manaus.am.gov.br\/semsa\/wp-json\/wp\/v2\/comments?post=208239"}],"version-history":[{"count":20,"href":"https:\/\/www.manaus.am.gov.br\/semsa\/wp-json\/wp\/v2\/pages\/208239\/revisions"}],"predecessor-version":[{"id":227674,"href":"https:\/\/www.manaus.am.gov.br\/semsa\/wp-json\/wp\/v2\/pages\/208239\/revisions\/227674"}],"up":[{"embeddable":true,"href":"https:\/\/www.manaus.am.gov.br\/semsa\/wp-json\/wp\/v2\/pages\/211520"}],"wp:attachment":[{"href":"https:\/\/www.manaus.am.gov.br\/semsa\/wp-json\/wp\/v2\/media?parent=208239"}],"curies":[{"name":"wp","href":"https:\/\/api.w.org\/{rel}","templated":true}]}}