{"id":208218,"date":"2023-01-13T16:48:26","date_gmt":"2023-01-13T20:48:26","guid":{"rendered":"https:\/\/www.manaus.am.gov.br\/semsa\/?page_id=208218"},"modified":"2023-02-03T15:50:31","modified_gmt":"2023-02-03T19:50:31","slug":"tratamento-de-hiv-ist-e-hepatites","status":"publish","type":"page","link":"https:\/\/www.manaus.am.gov.br\/semsa\/tratamento-de-hiv-ist-e-hepatites\/","title":{"rendered":"Tratamento de HIV, IST E Hepatites"},"content":{"rendered":"\n<p>A assist\u00eancia oferecida pela rede municipal de sa\u00fade \u00e0s pessoas vivendo com HIV\/Aids e \u00e0s que contra\u00edram outras Infec\u00e7\u00f5es Sexualmente Transmiss\u00edveis (ISTs) inclui oferta exames, dispensa\u00e7\u00e3o dos medicamentos, realiza\u00e7\u00e3o da Terapia Antirretroviral e seguimento da Pessoa Vivendo com HIV (PVHIV).<\/p>\n\n\n\n<h2 class=\"wp-block-heading\">Zona Leste<\/h2>\n\n\n\n<p><strong>Policl\u00ednica Comte Telles<\/strong><br><strong>Endere\u00e7o:<\/strong> Rua J, s\/n \u2013 S\u00e3o Jos\u00e9<br><strong>Hor\u00e1rio de atendimento: <\/strong>segunda \u00e0 sexta, das 7h \u00e0s 16h<br>Acesso aos servi\u00e7os por meio de encaminhamento, com agendamento feito diretamente na unidade<\/p>\n\n\n\n<p style=\"text-decoration:underline\"><strong>Servi\u00e7os<\/strong><\/p>\n\n\n\n<p>&#8211; Realiza\u00e7\u00e3o da Terapia Antirretroviral e seguimento da Pessoa Vivendo com HIV (PVHIV) identificada na pr\u00f3pria unidade ou proveniente das unidades da Aten\u00e7\u00e3o Prim\u00e1ria;<br>&#8211; Acompanhamento da Gestante com HIV e da PVHIV com coinfec\u00e7\u00e3o;<br>&#8211; Oferta de vacinas e exames;<br>&#8211; Dispensa\u00e7\u00e3o dos medicamentos antirretrovirais;<br>&#8211; Tratamento para as demais infec\u00e7\u00f5es sexualmente transmiss\u00edveis.<\/p>\n\n\n\n<p><strong>Unidade de Sa\u00fade da Fam\u00edlia Leonor Brilhante<\/strong><br><strong>Endere\u00e7o: <\/strong>Avenida Autaz Mirim, s\/n &#8211; Tancredo Neves<br><strong>Hor\u00e1rio de atendimento:<\/strong> segunda a sexta-feira, das 7h \u00e0s 21h e aos s\u00e1bados, das 7h \u00e0s 12h<br>Acesso aos servi\u00e7os com agendamento feito na unidade, ap\u00f3s resultado de teste r\u00e1pido reagente para HIV realizado na pr\u00f3pria unidade ou nas unidades vinculadas<\/p>\n\n\n\n<p style=\"text-decoration:underline\"><strong>Servi\u00e7os<\/strong><\/p>\n\n\n\n<p>&#8211; Realiza\u00e7\u00e3o da Terapia Antirretroviral e seguimento da Pessoa Vivendo com HIV (PVHIV) identificada na pr\u00f3pria unidade ou proveniente das unidades da Aten\u00e7\u00e3o Prim\u00e1ria;<br>&#8211; Acompanhamento da Gestante com HIV e da PVHIV com coinfec\u00e7\u00e3o;<br>&#8211; Oferta de vacinas e exames;<br>&#8211; Dispensa\u00e7\u00e3o dos medicamentos antirretrovirais;<br>&#8211; Tratamento para as demais infec\u00e7\u00f5es sexualmente transmiss\u00edveis.<\/p>\n\n\n\n<h2 class=\"wp-block-heading\">Zona Norte<\/h2>\n\n\n\n<p><strong>Policl\u00ednica Jos\u00e9 Ant\u00f4nio da Silva<\/strong><br><strong>Endere\u00e7o:<\/strong> Tv. Aroeira do Campo, 55 \u2013 Monte das Oliveiras<br><strong>Hor\u00e1rio de atendimento:<\/strong> segunda a sexta-feira, das 7h \u00e0s 17h<br>Acesso aos servi\u00e7os por meio de encaminhamento, com agendamento feito diretamente na unidade<\/p>\n\n\n\n<p style=\"text-decoration:underline\"><strong>Servi\u00e7os<\/strong><\/p>\n\n\n\n<p>&#8211; Realiza\u00e7\u00e3o da Terapia Antirretroviral e seguimento da Pessoa Vivendo com HIV (PVHIV) identificada na pr\u00f3pria unidade ou proveniente das unidades da Aten\u00e7\u00e3o Prim\u00e1ria;<br>&#8211; Acompanhamento da Gestante com HIV e da PVHIV com coinfec\u00e7\u00e3o;<br>&#8211; Oferta de vacinas e exames;<br>&#8211; Dispensa\u00e7\u00e3o dos medicamentos antirretrovirais;<br>&#8211; Tratamento para as demais infec\u00e7\u00f5es sexualmente transmiss\u00edveis.<\/p>\n\n\n\n<p><strong>Unidade de Sa\u00fade da Fam\u00edlia Arthur Virg\u00edlio Filho<\/strong><br><strong>Endere\u00e7o: <\/strong>Tv. 10, 3015 \u2013 Amazonino Mendes<br><strong>Hor\u00e1rio de atendimento: <\/strong>segunda a sexta-feira, das 7h \u00e0s 17h<br>Acesso aos servi\u00e7os por meio de agendamento feito na unidade, ap\u00f3s resultado de teste r\u00e1pido reagente para HIV realizado na pr\u00f3pria unidade ou nas unidades vinculadas<\/p>\n\n\n\n<p style=\"text-decoration:underline\"><strong>Servi\u00e7os<\/strong><\/p>\n\n\n\n<p>&#8211; Realiza\u00e7\u00e3o da Terapia Antirretroviral e seguimento da Pessoa Vivendo com HIV (PVHIV) identificada na pr\u00f3pria unidade ou proveniente das unidades da Aten\u00e7\u00e3o Prim\u00e1ria;<br>&#8211; Acompanhamento da Gestante com HIV e da PVHIV com coinfec\u00e7\u00e3o;<br>&#8211; Oferta de vacinas e exames;<br>&#8211; Dispensa\u00e7\u00e3o dos medicamentos antirretrovirais;<br>&#8211; Tratamento para as demais infec\u00e7\u00f5es sexualmente transmiss\u00edveis.<\/p>\n\n\n\n<h2 class=\"wp-block-heading\">Zona Sul<\/h2>\n\n\n\n<p><strong>Cl\u00ednica da Fam\u00edlia Ant\u00f4nio Reis<\/strong><br><strong>Endere\u00e7o:<\/strong> Rua S\u00e3o L\u00e1zaro, 10 \u2013 Bet\u00e2nia<br><strong>Hor\u00e1rio de atendimento:<\/strong> segunda a sexta-feira, das 7h \u00e0s 17h<br>Acesso aos servi\u00e7os por meio de encaminhamento, com agendamento feito diretamente na unidade<\/p>\n\n\n\n<p style=\"text-decoration:underline\"><strong>Servi\u00e7os<\/strong><\/p>\n\n\n\n<p>&#8211; Realiza\u00e7\u00e3o da Terapia Antirretroviral e seguimento da Pessoa Vivendo com HIV (PVHIV) identificada na pr\u00f3pria unidade ou proveniente das unidades da Aten\u00e7\u00e3o Prim\u00e1ria;<br>&#8211; Acompanhamento da Gestante com HIV e da PVHIV com coinfec\u00e7\u00e3o;<br>&#8211; Oferta de vacinas e exames;<br>&#8211; Dispensa\u00e7\u00e3o dos medicamentos antirretrovirais;<br>&#8211; Tratamento para as demais infec\u00e7\u00f5es sexualmente transmiss\u00edveis.<\/p>\n\n\n\n<h2 class=\"wp-block-heading\">Zona Oeste<\/h2>\n\n\n\n<p><strong>Unidade de Sa\u00fade da Fam\u00edlia Raimundo Franco de S<\/strong>\u00e1<br><strong>Endere\u00e7o:<\/strong> Rua Virg\u00edlio Ferreira, 112-120 \u2013 Alvorada<br><strong>Hor\u00e1rio de atendimento:<\/strong> de segunda a sexta-feira, das 7h \u00e0s 18h<br>Acesso aos servi\u00e7os por meio de encaminhamento, com agendamento feito diretamente na unidade<\/p>\n\n\n\n<p style=\"text-decoration:underline\"><strong>Servi\u00e7os<\/strong><\/p>\n\n\n\n<p>&#8211; Realiza\u00e7\u00e3o da Terapia Antirretroviral e seguimento da Pessoa Vivendo com HIV (PVHIV) identificada na pr\u00f3pria unidade ou proveniente das unidades da Aten\u00e7\u00e3o Prim\u00e1ria;<br>&#8211; Acompanhamento da Gestante com HIV e da PVHIV com coinfec\u00e7\u00e3o;<br>&#8211; Oferta de vacinas e exames;<br>&#8211; Dispensa\u00e7\u00e3o dos medicamentos antirretrovirais;<br>&#8211; Tratamento para as demais infec\u00e7\u00f5es sexualmente transmiss\u00edveis.<\/p>\n","protected":false},"excerpt":{"rendered":"","protected":false},"author":27,"featured_media":0,"parent":0,"menu_order":0,"comment_status":"closed","ping_status":"closed","template":"templates\/prefeitura.php","meta":{"footnotes":""},"acf":[],"yoast_head":"<!-- This site is optimized with the Yoast SEO plugin v23.0 - https:\/\/yoast.com\/wordpress\/plugins\/seo\/ -->\n<title>Tratamento de HIV, IST E Hepatites - SEMSA<\/title>\n<meta name=\"robots\" content=\"index, follow, max-snippet:-1, max-image-preview:large, max-video-preview:-1\" \/>\n<link rel=\"canonical\" href=\"https:\/\/www.manaus.am.gov.br\/semsa\/tratamento-de-hiv-ist-e-hepatites\/\" \/>\n<meta property=\"og:locale\" content=\"pt_BR\" \/>\n<meta property=\"og:type\" content=\"article\" \/>\n<meta property=\"og:title\" content=\"Tratamento de HIV, IST E Hepatites - SEMSA\" \/>\n<meta property=\"og:url\" content=\"https:\/\/www.manaus.am.gov.br\/semsa\/tratamento-de-hiv-ist-e-hepatites\/\" \/>\n<meta property=\"og:site_name\" content=\"SEMSA\" \/>\n<meta property=\"article:modified_time\" content=\"2023-02-03T19:50:31+00:00\" \/>\n<meta property=\"og:image\" content=\"https:\/\/www.manaus.am.gov.br\/semsa\/wp-content\/uploads\/sites\/8\/2024\/07\/thumb-default-2.png\" \/>\n\t<meta property=\"og:image:width\" content=\"966\" \/>\n\t<meta property=\"og:image:height\" content=\"520\" \/>\n\t<meta property=\"og:image:type\" content=\"image\/png\" \/>\n<meta name=\"twitter:card\" content=\"summary_large_image\" \/>\n<meta name=\"twitter:label1\" content=\"Est. reading time\" \/>\n\t<meta name=\"twitter:data1\" content=\"4 minutos\" \/>\n<script type=\"application\/ld+json\" class=\"yoast-schema-graph\">{\"@context\":\"https:\/\/schema.org\",\"@graph\":[{\"@type\":\"WebPage\",\"@id\":\"https:\/\/www.manaus.am.gov.br\/semsa\/tratamento-de-hiv-ist-e-hepatites\/\",\"url\":\"https:\/\/www.manaus.am.gov.br\/semsa\/tratamento-de-hiv-ist-e-hepatites\/\",\"name\":\"Tratamento de HIV, IST E Hepatites - SEMSA\",\"isPartOf\":{\"@id\":\"https:\/\/www.manaus.am.gov.br\/semsa\/#website\"},\"datePublished\":\"2023-01-13T20:48:26+00:00\",\"dateModified\":\"2023-02-03T19:50:31+00:00\",\"inLanguage\":\"pt-BR\",\"potentialAction\":[{\"@type\":\"ReadAction\",\"target\":[\"https:\/\/www.manaus.am.gov.br\/semsa\/tratamento-de-hiv-ist-e-hepatites\/\"]}]},{\"@type\":\"WebSite\",\"@id\":\"https:\/\/www.manaus.am.gov.br\/semsa\/#website\",\"url\":\"https:\/\/www.manaus.am.gov.br\/semsa\/\",\"name\":\"SEMSA\",\"description\":\"Secretaria Municipal de Sa\u00fade\",\"alternateName\":\"Secretaria Municipal de Sa\u00fade\",\"potentialAction\":[{\"@type\":\"SearchAction\",\"target\":{\"@type\":\"EntryPoint\",\"urlTemplate\":\"https:\/\/www.manaus.am.gov.br\/semsa\/?s={search_term_string}\"},\"query-input\":\"required name=search_term_string\"}],\"inLanguage\":\"pt-BR\"}]}<\/script>\n<!-- \/ Yoast SEO plugin. -->","yoast_head_json":{"title":"Tratamento de HIV, IST E Hepatites - SEMSA","robots":{"index":"index","follow":"follow","max-snippet":"max-snippet:-1","max-image-preview":"max-image-preview:large","max-video-preview":"max-video-preview:-1"},"canonical":"https:\/\/www.manaus.am.gov.br\/semsa\/tratamento-de-hiv-ist-e-hepatites\/","og_locale":"pt_BR","og_type":"article","og_title":"Tratamento de HIV, IST E Hepatites - SEMSA","og_url":"https:\/\/www.manaus.am.gov.br\/semsa\/tratamento-de-hiv-ist-e-hepatites\/","og_site_name":"SEMSA","article_modified_time":"2023-02-03T19:50:31+00:00","og_image":[{"width":966,"height":520,"url":"https:\/\/www.manaus.am.gov.br\/semsa\/wp-content\/uploads\/sites\/8\/2024\/07\/thumb-default-2.png","type":"image\/png"}],"twitter_card":"summary_large_image","twitter_misc":{"Est. reading time":"4 minutos"},"schema":{"@context":"https:\/\/schema.org","@graph":[{"@type":"WebPage","@id":"https:\/\/www.manaus.am.gov.br\/semsa\/tratamento-de-hiv-ist-e-hepatites\/","url":"https:\/\/www.manaus.am.gov.br\/semsa\/tratamento-de-hiv-ist-e-hepatites\/","name":"Tratamento de HIV, IST E Hepatites - SEMSA","isPartOf":{"@id":"https:\/\/www.manaus.am.gov.br\/semsa\/#website"},"datePublished":"2023-01-13T20:48:26+00:00","dateModified":"2023-02-03T19:50:31+00:00","inLanguage":"pt-BR","potentialAction":[{"@type":"ReadAction","target":["https:\/\/www.manaus.am.gov.br\/semsa\/tratamento-de-hiv-ist-e-hepatites\/"]}]},{"@type":"WebSite","@id":"https:\/\/www.manaus.am.gov.br\/semsa\/#website","url":"https:\/\/www.manaus.am.gov.br\/semsa\/","name":"SEMSA","description":"Secretaria Municipal de Sa\u00fade","alternateName":"Secretaria Municipal de Sa\u00fade","potentialAction":[{"@type":"SearchAction","target":{"@type":"EntryPoint","urlTemplate":"https:\/\/www.manaus.am.gov.br\/semsa\/?s={search_term_string}"},"query-input":"required name=search_term_string"}],"inLanguage":"pt-BR"}]}},"_links":{"self":[{"href":"https:\/\/www.manaus.am.gov.br\/semsa\/wp-json\/wp\/v2\/pages\/208218"}],"collection":[{"href":"https:\/\/www.manaus.am.gov.br\/semsa\/wp-json\/wp\/v2\/pages"}],"about":[{"href":"https:\/\/www.manaus.am.gov.br\/semsa\/wp-json\/wp\/v2\/types\/page"}],"author":[{"embeddable":true,"href":"https:\/\/www.manaus.am.gov.br\/semsa\/wp-json\/wp\/v2\/users\/27"}],"replies":[{"embeddable":true,"href":"https:\/\/www.manaus.am.gov.br\/semsa\/wp-json\/wp\/v2\/comments?post=208218"}],"version-history":[{"count":4,"href":"https:\/\/www.manaus.am.gov.br\/semsa\/wp-json\/wp\/v2\/pages\/208218\/revisions"}],"predecessor-version":[{"id":210557,"href":"https:\/\/www.manaus.am.gov.br\/semsa\/wp-json\/wp\/v2\/pages\/208218\/revisions\/210557"}],"wp:attachment":[{"href":"https:\/\/www.manaus.am.gov.br\/semsa\/wp-json\/wp\/v2\/media?parent=208218"}],"curies":[{"name":"wp","href":"https:\/\/api.w.org\/{rel}","templated":true}]}}