{"id":208047,"date":"2023-01-13T15:31:21","date_gmt":"2023-01-13T19:31:21","guid":{"rendered":"https:\/\/www.manaus.am.gov.br\/semsa\/?page_id=208047"},"modified":"2025-10-06T09:07:11","modified_gmt":"2025-10-06T13:07:11","slug":"exames","status":"publish","type":"page","link":"https:\/\/www.manaus.am.gov.br\/semsa\/unidades\/exames\/","title":{"rendered":"Exames"},"content":{"rendered":"\n<h2 class=\"wp-block-heading\">Exames de Imagem<\/h2>\n\n\n\n<p>Mamografia, ultrassonografia, raio X e eletrocardiograma<\/p>\n\n\n\n<h3 class=\"wp-block-heading\">ZONA SUL<\/h3>\n\n\n\n<h3 class=\"wp-block-heading\">Unidade de Sa\u00fade da Fam\u00edlia Ant\u00f4nio Reis<\/h3>\n\n\n\n<p>Endere\u00e7o: Rua S\u00e3o L\u00e1zaro, s\/n &#8211; S\u00e3o L\u00e1zaro.<br>Acesso: O exame deve ser solicitado pelo profissional m\u00e9dico e agendado via Sistema de Regula\u00e7\u00e3o (Sisreg)<br>Hor\u00e1rio de atendimento ao p\u00fablico: Conforme agendamento feito pelo Sisreg<br>Exames dispon\u00edveis: Ultrassonografia e eletrocardiograma<\/p>\n\n\n\n<h3 class=\"wp-block-heading\">Unidade de Sa\u00fade da Fam\u00edlia Japiim<\/h3>\n\n\n\n<p>Endere\u00e7o: Tv. Saium, 70 &#8211; Cj. 31 de Mar\u00e7o &#8211; Japiim<br>Acesso: O exame deve ser solicitado pelo profissional m\u00e9dico e agendado via Sistema de Regula\u00e7\u00e3o (Sisreg)<br>Hor\u00e1rio de atendimento ao p\u00fablico: Conforme agendamento feito pelo Sisreg<br>Exames dispon\u00edveis: Eletrocardiograma<\/p>\n\n\n\n<h3 class=\"wp-block-heading\">ZONA OESTE<\/h3>\n\n\n\n<h3 class=\"wp-block-heading\">Policl\u00ednica Djalma Batista<\/h3>\n\n\n\n<p>Endere\u00e7o: Rua 23 de Dezembro, s\/n &#8211; Compensa II<br>Acesso: O exame deve ser solicitado pelo profissional m\u00e9dico e agendado via Sistema de Regula\u00e7\u00e3o (Sisreg)<br>Hor\u00e1rio de atendimento ao p\u00fablico: Conforme agendamento feito pelo Sisreg<br>Exames dispon\u00edveis: Eletrocardiograma e mamografia<\/p>\n\n\n\n<h3 class=\"wp-block-heading\">Unidade de Sa\u00fade da Fam\u00edlia Raimundo Franco de S\u00e1<\/h3>\n\n\n\n<p>Endere\u00e7o: Av. V, 150 &#8211; Nova Esperan\u00e7a<br>Acesso: O exame deve ser solicitado pelo profissional m\u00e9dico e agendado via Sistema de Regula\u00e7\u00e3o (Sisreg)<br>Hor\u00e1rio de atendimento ao p\u00fablico: Conforme agendamento feito pelo Sisreg<br>Exames dispon\u00edveis: Raio x, ultrassonografia e eletrocardiograma<\/p>\n\n\n\n<p><\/p>\n\n\n\n<h3 class=\"wp-block-heading\">ZONA NORTE<\/h3>\n\n\n\n<h3 class=\"wp-block-heading\">Unidade de Sa\u00fade da Fam\u00edlia Anna Barreto<\/h3>\n\n\n\n<p>Endere\u00e7o: Av. Grande Circular, 1665 &#8211; Jorge Teixeira<br>Acesso: O exame deve ser solicitado pelo profissional m\u00e9dico e agendado via Sistema de Regula\u00e7\u00e3o (Sisreg)<br>Hor\u00e1rio de atendimento ao p\u00fablico: Conforme agendamento feito pelo Sisreg<br>Exames dispon\u00edveis: Raio x, ultrassonografia e eletrocardiograma<\/p>\n\n\n\n<h3 class=\"wp-block-heading\">Unidade de Sa\u00fade da Fam\u00edlia Arthur Virg\u00edlio Filho<\/h3>\n\n\n\n<p>Endere\u00e7o: Tv. 10, 3015 &#8211; Amazonino Mendes<br>Acesso: O exame deve ser solicitado pelo profissional m\u00e9dico e agendado via Sistema de Regula\u00e7\u00e3o (Sisreg)<br>Hor\u00e1rio de atendimento ao p\u00fablico: Conforme agendamento feito pelo Sisreg<br>Exames dispon\u00edveis: Raio x<\/p>\n\n\n\n<h3 class=\"wp-block-heading\">Policl\u00ednica Jos\u00e9 Ant\u00f4nio da Silva <\/h3>\n\n\n\n<p>Endere\u00e7o: Rua Jo\u00e3o de Montefusco, 786 &#8211; Santa Etelvina<br>Acesso: O exame deve ser solicitado pelo profissional m\u00e9dico e agendado via Sistema de Regula\u00e7\u00e3o (Sisreg)<br>Hor\u00e1rio de atendimento ao p\u00fablico: Conforme agendamento feito pelo Sisreg<br>Exames dispon\u00edveis: Raio x, ultrassonografia, eletrocardiograma e mamografia<\/p>\n\n\n\n<h3 class=\"wp-block-heading\">Unidade de Sa\u00fade da Fam\u00edlia Balbina Mestrinho<\/h3>\n\n\n\n<p>Endere\u00e7o: Rua Major Silv\u00e9rio Nery, 17, n\u00facleo 3 &#8211; Cidade Nova<br>Acesso: O exame deve ser solicitado pelo profissional m\u00e9dico e agendado via Sistema de Regula\u00e7\u00e3o (Sisreg)<br>Hor\u00e1rio de atendimento ao p\u00fablico: Conforme agendamento feito pelo Sisreg<br>Exames dispon\u00edveis: Raio x, ultrassonografia e eletrocardiograma<\/p>\n\n\n\n<h3 class=\"wp-block-heading\">Unidade de Sa\u00fade da Fam\u00edlia Frei Val\u00e9rio<\/h3>\n\n\n\n<p>Endere\u00e7o: Rua Rufino de Elizalde, 16\/50 &#8211; Novo Israel<br>Acesso: O exame deve ser solicitado pelo profissional m\u00e9dico e agendado via Sistema de Regula\u00e7\u00e3o (Sisreg)<br>Hor\u00e1rio de atendimento ao p\u00fablico: Conforme agendamento feito pelo Sisreg<br>Exames dispon\u00edveis: Raio x, ultrassonografia e eletrocardiograma<\/p>\n\n\n\n<h3 class=\"wp-block-heading\">Unidade de Sa\u00fade da Fam\u00edlia \u00c1ugias Gadelha<\/h3>\n\n\n\n<p>Endere\u00e7o: Rua A, s\/n &#8211; Cj. Ribeiro Junior &#8211; Cidade Nova<br>Acesso: O exame deve ser solicitado pelo profissional m\u00e9dico e agendado via Sistema de Regula\u00e7\u00e3o (Sisreg)<br>Hor\u00e1rio de atendimento ao p\u00fablico: Conforme agendamento feito pelo Sisreg<br>Exames dispon\u00edveis: Eletrocardiograma<\/p>\n","protected":false},"excerpt":{"rendered":"","protected":false},"author":27,"featured_media":0,"parent":211060,"menu_order":0,"comment_status":"closed","ping_status":"closed","template":"templates\/turismo.php","meta":{"footnotes":""},"acf":[],"yoast_head":"<!-- This site is optimized with the Yoast SEO plugin v23.0 - https:\/\/yoast.com\/wordpress\/plugins\/seo\/ -->\n<title>Exames - SEMSA<\/title>\n<meta name=\"robots\" content=\"index, follow, max-snippet:-1, max-image-preview:large, max-video-preview:-1\" \/>\n<link rel=\"canonical\" href=\"https:\/\/www.manaus.am.gov.br\/semsa\/unidades\/exames\/\" \/>\n<meta property=\"og:locale\" content=\"pt_BR\" \/>\n<meta property=\"og:type\" content=\"article\" \/>\n<meta property=\"og:title\" content=\"Exames - SEMSA\" \/>\n<meta property=\"og:url\" content=\"https:\/\/www.manaus.am.gov.br\/semsa\/unidades\/exames\/\" \/>\n<meta property=\"og:site_name\" content=\"SEMSA\" \/>\n<meta property=\"article:modified_time\" content=\"2025-10-06T13:07:11+00:00\" \/>\n<meta property=\"og:image\" content=\"https:\/\/www.manaus.am.gov.br\/semsa\/wp-content\/uploads\/sites\/8\/2024\/07\/thumb-default-2.png\" \/>\n\t<meta property=\"og:image:width\" content=\"966\" \/>\n\t<meta property=\"og:image:height\" content=\"520\" \/>\n\t<meta property=\"og:image:type\" content=\"image\/png\" \/>\n<meta name=\"twitter:card\" content=\"summary_large_image\" \/>\n<meta name=\"twitter:label1\" content=\"Est. reading time\" \/>\n\t<meta name=\"twitter:data1\" content=\"3 minutos\" \/>\n<script type=\"application\/ld+json\" class=\"yoast-schema-graph\">{\"@context\":\"https:\/\/schema.org\",\"@graph\":[{\"@type\":\"WebPage\",\"@id\":\"https:\/\/www.manaus.am.gov.br\/semsa\/unidades\/exames\/\",\"url\":\"https:\/\/www.manaus.am.gov.br\/semsa\/unidades\/exames\/\",\"name\":\"Exames - SEMSA\",\"isPartOf\":{\"@id\":\"https:\/\/www.manaus.am.gov.br\/semsa\/#website\"},\"datePublished\":\"2023-01-13T19:31:21+00:00\",\"dateModified\":\"2025-10-06T13:07:11+00:00\",\"breadcrumb\":{\"@id\":\"https:\/\/www.manaus.am.gov.br\/semsa\/unidades\/exames\/#breadcrumb\"},\"inLanguage\":\"pt-BR\",\"potentialAction\":[{\"@type\":\"ReadAction\",\"target\":[\"https:\/\/www.manaus.am.gov.br\/semsa\/unidades\/exames\/\"]}]},{\"@type\":\"BreadcrumbList\",\"@id\":\"https:\/\/www.manaus.am.gov.br\/semsa\/unidades\/exames\/#breadcrumb\",\"itemListElement\":[{\"@type\":\"ListItem\",\"position\":1,\"name\":\"Unidades\",\"item\":\"https:\/\/www.manaus.am.gov.br\/semsa\/unidades\/\"},{\"@type\":\"ListItem\",\"position\":2,\"name\":\"Exames\"}]},{\"@type\":\"WebSite\",\"@id\":\"https:\/\/www.manaus.am.gov.br\/semsa\/#website\",\"url\":\"https:\/\/www.manaus.am.gov.br\/semsa\/\",\"name\":\"SEMSA\",\"description\":\"Secretaria Municipal de Sa\u00fade\",\"alternateName\":\"Secretaria Municipal de Sa\u00fade\",\"potentialAction\":[{\"@type\":\"SearchAction\",\"target\":{\"@type\":\"EntryPoint\",\"urlTemplate\":\"https:\/\/www.manaus.am.gov.br\/semsa\/?s={search_term_string}\"},\"query-input\":\"required name=search_term_string\"}],\"inLanguage\":\"pt-BR\"}]}<\/script>\n<!-- \/ Yoast SEO plugin. -->","yoast_head_json":{"title":"Exames - SEMSA","robots":{"index":"index","follow":"follow","max-snippet":"max-snippet:-1","max-image-preview":"max-image-preview:large","max-video-preview":"max-video-preview:-1"},"canonical":"https:\/\/www.manaus.am.gov.br\/semsa\/unidades\/exames\/","og_locale":"pt_BR","og_type":"article","og_title":"Exames - SEMSA","og_url":"https:\/\/www.manaus.am.gov.br\/semsa\/unidades\/exames\/","og_site_name":"SEMSA","article_modified_time":"2025-10-06T13:07:11+00:00","og_image":[{"width":966,"height":520,"url":"https:\/\/www.manaus.am.gov.br\/semsa\/wp-content\/uploads\/sites\/8\/2024\/07\/thumb-default-2.png","type":"image\/png"}],"twitter_card":"summary_large_image","twitter_misc":{"Est. reading time":"3 minutos"},"schema":{"@context":"https:\/\/schema.org","@graph":[{"@type":"WebPage","@id":"https:\/\/www.manaus.am.gov.br\/semsa\/unidades\/exames\/","url":"https:\/\/www.manaus.am.gov.br\/semsa\/unidades\/exames\/","name":"Exames - SEMSA","isPartOf":{"@id":"https:\/\/www.manaus.am.gov.br\/semsa\/#website"},"datePublished":"2023-01-13T19:31:21+00:00","dateModified":"2025-10-06T13:07:11+00:00","breadcrumb":{"@id":"https:\/\/www.manaus.am.gov.br\/semsa\/unidades\/exames\/#breadcrumb"},"inLanguage":"pt-BR","potentialAction":[{"@type":"ReadAction","target":["https:\/\/www.manaus.am.gov.br\/semsa\/unidades\/exames\/"]}]},{"@type":"BreadcrumbList","@id":"https:\/\/www.manaus.am.gov.br\/semsa\/unidades\/exames\/#breadcrumb","itemListElement":[{"@type":"ListItem","position":1,"name":"Unidades","item":"https:\/\/www.manaus.am.gov.br\/semsa\/unidades\/"},{"@type":"ListItem","position":2,"name":"Exames"}]},{"@type":"WebSite","@id":"https:\/\/www.manaus.am.gov.br\/semsa\/#website","url":"https:\/\/www.manaus.am.gov.br\/semsa\/","name":"SEMSA","description":"Secretaria Municipal de Sa\u00fade","alternateName":"Secretaria Municipal de Sa\u00fade","potentialAction":[{"@type":"SearchAction","target":{"@type":"EntryPoint","urlTemplate":"https:\/\/www.manaus.am.gov.br\/semsa\/?s={search_term_string}"},"query-input":"required name=search_term_string"}],"inLanguage":"pt-BR"}]}},"_links":{"self":[{"href":"https:\/\/www.manaus.am.gov.br\/semsa\/wp-json\/wp\/v2\/pages\/208047"}],"collection":[{"href":"https:\/\/www.manaus.am.gov.br\/semsa\/wp-json\/wp\/v2\/pages"}],"about":[{"href":"https:\/\/www.manaus.am.gov.br\/semsa\/wp-json\/wp\/v2\/types\/page"}],"author":[{"embeddable":true,"href":"https:\/\/www.manaus.am.gov.br\/semsa\/wp-json\/wp\/v2\/users\/27"}],"replies":[{"embeddable":true,"href":"https:\/\/www.manaus.am.gov.br\/semsa\/wp-json\/wp\/v2\/comments?post=208047"}],"version-history":[{"count":22,"href":"https:\/\/www.manaus.am.gov.br\/semsa\/wp-json\/wp\/v2\/pages\/208047\/revisions"}],"predecessor-version":[{"id":225692,"href":"https:\/\/www.manaus.am.gov.br\/semsa\/wp-json\/wp\/v2\/pages\/208047\/revisions\/225692"}],"up":[{"embeddable":true,"href":"https:\/\/www.manaus.am.gov.br\/semsa\/wp-json\/wp\/v2\/pages\/211060"}],"wp:attachment":[{"href":"https:\/\/www.manaus.am.gov.br\/semsa\/wp-json\/wp\/v2\/media?parent=208047"}],"curies":[{"name":"wp","href":"https:\/\/api.w.org\/{rel}","templated":true}]}}