{"id":207958,"date":"2023-01-13T14:10:31","date_gmt":"2023-01-13T18:10:31","guid":{"rendered":"https:\/\/www.manaus.am.gov.br\/semsa\/?page_id=207958"},"modified":"2025-10-06T08:53:49","modified_gmt":"2025-10-06T12:53:49","slug":"hipertensao","status":"publish","type":"page","link":"https:\/\/www.manaus.am.gov.br\/semsa\/hipertensao\/","title":{"rendered":"Hipertens\u00e3o"},"content":{"rendered":"\n<h3 class=\"wp-block-heading\"><strong>Hipertens\u00e3o<\/strong><\/h3>\n\n\n\n<p>Doen\u00e7a cr\u00f4nica, n\u00e3o transmiss\u00edvel, cuja principal caracter\u00edstica \u00e9 o aumento sustentado da press\u00e3o arterial (PA) igual ou superior a 140\/90 mmHg.<\/p>\n\n\n\n<p>Atinge adultos, adolescentes e crian\u00e7as.<\/p>\n\n\n\n<h3 class=\"wp-block-heading\"><strong>Sintomas<\/strong><\/h3>\n\n\n\n<p>A hipertens\u00e3o arterial \u00e9 silenciosa e pode n\u00e3o apresentar sintomas na fase inicial.<\/p>\n\n\n\n<p><strong>Na fase avan\u00e7ada, os principais sintomas s\u00e3o:<\/strong><\/p>\n\n\n\n<ul>\n<li>Dor de cabe\u00e7a frequente<\/li>\n\n\n\n<li>Cansa\u00e7o<\/li>\n\n\n\n<li>Dor no pesco\u00e7o e nos olhos<\/li>\n\n\n\n<li>Sensa\u00e7\u00e3o de peso nas pernas<\/li>\n\n\n\n<li>Palpita\u00e7\u00f5es<\/li>\n\n\n\n<li>Tontura<\/li>\n\n\n\n<li>Falta de ar<\/li>\n<\/ul>\n\n\n\n<h3 class=\"wp-block-heading\"><strong>Diagn\u00f3stico<\/strong><\/h3>\n\n\n\n<p>Deve ser feito com orienta\u00e7\u00e3o e acompanhamento de um profissional de sa\u00fade e requer de tr\u00eas a seis aferi\u00e7\u00f5es com resultados elevados, realizadas em dias diferentes, com um intervalo maior que um m\u00eas entre a primeira e a \u00faltima aferi\u00e7\u00e3o.<\/p>\n\n\n\n<h3 class=\"wp-block-heading\"><strong>Fatores de risco<\/strong><\/h3>\n\n\n\n<ul>\n<li>Idade<\/li>\n\n\n\n<li>Sexo<\/li>\n\n\n\n<li>Hereditariedade<\/li>\n\n\n\n<li>Ra\u00e7a\/etnia<\/li>\n\n\n\n<li>Sedentarismo<\/li>\n\n\n\n<li>Obesidade<\/li>\n\n\n\n<li>Estresse<\/li>\n\n\n\n<li>Ingest\u00e3o de sal elevada<\/li>\n\n\n\n<li>Alimenta\u00e7\u00e3o inadequada e n\u00e3o saud\u00e1vel<\/li>\n\n\n\n<li>Fatores gen\u00e9ticos, ambientais e sociais<\/li>\n<\/ul>\n\n\n\n<h3 class=\"wp-block-heading\"><strong>Complica\u00e7\u00f5es<\/strong><\/h3>\n\n\n\n<p>A hipertens\u00e3o arterial \u00e9 associada a doen\u00e7as s\u00e9rias, entre elas:<\/p>\n\n\n\n<ul>\n<li>Insufici\u00eancia card\u00edaca<\/li>\n\n\n\n<li>Infarto do mioc\u00e1rdio<\/li>\n\n\n\n<li>Arritmias card\u00edacas<\/li>\n\n\n\n<li>Morte s\u00fabita<\/li>\n\n\n\n<li>Aneurismas<\/li>\n\n\n\n<li>Perda da vis\u00e3o<\/li>\n\n\n\n<li>Insufici\u00eancia renal cr\u00f4nica<\/li>\n\n\n\n<li>AVC isqu\u00eamico ou hemorr\u00e1gico<\/li>\n\n\n\n<li>Dem\u00eancia por microinfartos cerebrais <\/li>\n\n\n\n<li>Arteriosclerose<\/li>\n<\/ul>\n\n\n\n<h3 class=\"wp-block-heading\"><strong>Preven\u00e7\u00e3o<\/strong><\/h3>\n\n\n\n<ul>\n<li>Reduzir e controlar o peso<\/li>\n\n\n\n<li>Realizar exerc\u00edcios f\u00edsicos regularmente<\/li>\n\n\n\n<li>Evitar cigarro<\/li>\n\n\n\n<li>Reduzir o consumo de \u00e1lcool<\/li>\n\n\n\n<li>Diminuir a ingest\u00e3o de sal<\/li>\n\n\n\n<li>Reduzir o consumo de gordura saturada<\/li>\n\n\n\n<li>Consumir frutas e vegetais<\/li>\n<\/ul>\n\n\n\n<h3 class=\"wp-block-heading\"><strong>Tratamento<\/strong><\/h3>\n\n\n\n<p>Quem possui diagn\u00f3stico de hipertens\u00e3o precisa fazer o acompanhamento com a equipe da Unidade B\u00e1sica de Sa\u00fade (UBS), a cada dois meses.<\/p>\n\n\n\n<p>O paciente \u00e9 inscrito no Programa Hiperdia e ter\u00e1 acesso a consultas m\u00e9dicas e de enfermagem, realiza\u00e7\u00e3o de exames de rotina ou especializados, quando necess\u00e1rio, recebimento das medica\u00e7\u00f5es preconizadas pelo Minist\u00e9rio da Sa\u00fade, para o controle da hipertens\u00e3o, orienta\u00e7\u00e3o sobre cuidados com a alimenta\u00e7\u00e3o e a pr\u00e1tica regular de exerc\u00edcios f\u00edsicos.<\/p>\n\n\n\n<p>As consultas e exames em dia, evitam o descontrole da press\u00e3o arterial e diminui os riscos de desenvolver o AVC, infarto e doen\u00e7a renal cr\u00f4nica.<\/p>\n\n\n\n<p><\/p>\n\n\n\n<h3 class=\"wp-block-heading\">Unidades de Refer\u00eancia para Eletrocardiograma<\/h3>\n\n\n\n<h3 class=\"wp-block-heading\" style=\"text-transform:uppercase\">Zona Oeste<\/h3>\n\n\n\n<p><strong>USF Dr. Raimundo Franco de S\u00e1<\/strong><br><strong>Endere\u00e7o:<\/strong> Rua Virg\u00edlio Ferreira, 112-120, Alvorada<br><strong>Hor\u00e1rio de atendimento:<\/strong> segunda a sexta-feira &#8211; 7h \u00e0s 17h<\/p>\n\n\n\n<p><strong>Policl\u00ednica Dr. Djalma Batista<\/strong> <strong>(em reforma)<\/strong><br><strong>Endere\u00e7o:<\/strong> Rua 23 de Dezembro, s\/n, Compensa II<br><strong>Hor\u00e1rio de atendimento:<\/strong> segunda a sexta-feira &#8211; 7h \u00e0s 17h<\/p>\n\n\n\n<h3 class=\"wp-block-heading\" style=\"text-transform:uppercase\">Zona Norte<\/h3>\n\n\n\n<p><strong>USF Frei Val\u00e9rio Di Carlo<\/strong><br><strong>Endere\u00e7o:<\/strong> Rua Rufino de Elizalde, s\/n, Novo Israel<br><strong>Hor\u00e1rio de atendimento:<\/strong> segunda a sexta-feira &#8211; 7h \u00e0s 19h<\/p>\n\n\n\n<p><strong>USF S\u00e1lvio Belota<\/strong><br><strong>Endere\u00e7o: <\/strong>Rua das Samambaias, 786, Santa Etelvina<br><strong>Hor\u00e1rio de atendimento: <\/strong>segunda a sexta-feira &#8211; 7h \u00e0s 21h \/ s\u00e1bado &#8211; 7h \u00e0s 12h<\/p>\n\n\n\n<p><strong>USF Balbina Mestrinho<\/strong><br><strong>Endere\u00e7o: <\/strong>Rua 17, 170, Cidade Nova II<br><strong>Hor\u00e1rio de atendimento:<\/strong> segunda a sexta-feira &#8211; 7h \u00e0s 21h \/ s\u00e1bado, de 7h \u00e0s 12h<\/p>\n\n\n\n<p><strong>Policl\u00ednica Dr. Jos\u00e9 Ant\u00f4nio da Silva<\/strong> <br><strong>Endere\u00e7o: <\/strong>Tv. Aroeira do Campo, 55, Monte das Oliveiras<br><strong>Hor\u00e1rio de atendimento: <\/strong>segunda a sexta-feira &#8211; 7h \u00e0s 17h<\/p>\n\n\n\n<p><strong>USF Anna Barreto<\/strong> <strong>Pereira<\/strong><br><strong>Endere\u00e7o: <\/strong>Av. Autaz Mirim, s\/n, Cidade de Deus<br><strong>Hor\u00e1rio de atendimento: <\/strong>segunda a sexta-feira &#8211; 7h \u00e0s 17h<\/p>\n\n\n\n<h3 class=\"wp-block-heading\" style=\"text-transform:uppercase\">Zona Sul<\/h3>\n\n\n\n<p><strong>USF<\/strong> <strong>Ant\u00f4nio Reis<\/strong><br><strong>Endere\u00e7o:<\/strong> Rua S\u00e3o L\u00e1zaro, 10, Bet\u00e2nia<br><strong>Hor\u00e1rio de atendimento:<\/strong> segunda a sexta-feira &#8211; 7h \u00e0s 17h<\/p>\n\n\n\n<p><strong>USF Japiim<\/strong><br><strong>Endere\u00e7o: <\/strong>Rua 31, s\/n, Japiim<br><strong>Hor\u00e1rio de atendimento: <\/strong>segunda a sexta-feira &#8211; 7h \u00e0s 19h<\/p>\n\n\n\n<h3 class=\"wp-block-heading\">ZONA LESTE<\/h3>\n\n\n\n<p><strong>USF Alfredo Campos<\/strong><br><strong>Endere\u00e7o:<\/strong> Rua Andr\u00e9 Ara\u00fajo, s\/n, Zumbi II<br><strong>Hor\u00e1rio de atendimento:<\/strong> segunda a sexta-feira &#8211; 7h \u00e0s 21h \/ s\u00e1bado &#8211; 8h \u00e0s 12h<\/p>\n\n\n\n<p><strong>Policl\u00ednica Dr. Ant\u00f4nio Comte Telles<\/strong><br><strong>Endere\u00e7o: <\/strong>Rua J, s\/n, S\u00e3o Jos\u00e9 III<br><strong>Hor\u00e1rio de atendimento: <\/strong>segunda a sexta-feira &#8211; 7h \u00e0s 17h<\/p>\n\n\n\n<p><strong>USF Ivone Lima dos Santos<\/strong><br><strong>Endere\u00e7o:<\/strong> Rua Lu\u00eds Corrente, 449-631, Coroado<br><strong>Hor\u00e1rio de atendimento:<\/strong> segunda a sexta-feira &#8211; 7h \u00e0s 19h<\/p>\n","protected":false},"excerpt":{"rendered":"","protected":false},"author":27,"featured_media":0,"parent":0,"menu_order":0,"comment_status":"closed","ping_status":"closed","template":"templates\/turismo.php","meta":{"footnotes":""},"acf":[],"yoast_head":"<!-- This site is optimized with the Yoast SEO plugin v23.0 - https:\/\/yoast.com\/wordpress\/plugins\/seo\/ -->\n<title>Hipertens\u00e3o - SEMSA<\/title>\n<meta name=\"robots\" content=\"index, follow, max-snippet:-1, max-image-preview:large, max-video-preview:-1\" \/>\n<link rel=\"canonical\" href=\"https:\/\/www.manaus.am.gov.br\/semsa\/hipertensao\/\" \/>\n<meta property=\"og:locale\" content=\"pt_BR\" \/>\n<meta property=\"og:type\" content=\"article\" \/>\n<meta property=\"og:title\" content=\"Hipertens\u00e3o - SEMSA\" \/>\n<meta property=\"og:url\" content=\"https:\/\/www.manaus.am.gov.br\/semsa\/hipertensao\/\" \/>\n<meta property=\"og:site_name\" content=\"SEMSA\" \/>\n<meta property=\"article:modified_time\" content=\"2025-10-06T12:53:49+00:00\" \/>\n<meta property=\"og:image\" content=\"https:\/\/www.manaus.am.gov.br\/semsa\/wp-content\/uploads\/sites\/8\/2024\/07\/thumb-default-2.png\" \/>\n\t<meta property=\"og:image:width\" content=\"966\" \/>\n\t<meta property=\"og:image:height\" content=\"520\" \/>\n\t<meta property=\"og:image:type\" content=\"image\/png\" \/>\n<meta name=\"twitter:card\" content=\"summary_large_image\" \/>\n<meta name=\"twitter:label1\" content=\"Est. reading time\" \/>\n\t<meta name=\"twitter:data1\" content=\"4 minutos\" \/>\n<script type=\"application\/ld+json\" class=\"yoast-schema-graph\">{\"@context\":\"https:\/\/schema.org\",\"@graph\":[{\"@type\":\"WebPage\",\"@id\":\"https:\/\/www.manaus.am.gov.br\/semsa\/hipertensao\/\",\"url\":\"https:\/\/www.manaus.am.gov.br\/semsa\/hipertensao\/\",\"name\":\"Hipertens\u00e3o - SEMSA\",\"isPartOf\":{\"@id\":\"https:\/\/www.manaus.am.gov.br\/semsa\/#website\"},\"datePublished\":\"2023-01-13T18:10:31+00:00\",\"dateModified\":\"2025-10-06T12:53:49+00:00\",\"inLanguage\":\"pt-BR\",\"potentialAction\":[{\"@type\":\"ReadAction\",\"target\":[\"https:\/\/www.manaus.am.gov.br\/semsa\/hipertensao\/\"]}]},{\"@type\":\"WebSite\",\"@id\":\"https:\/\/www.manaus.am.gov.br\/semsa\/#website\",\"url\":\"https:\/\/www.manaus.am.gov.br\/semsa\/\",\"name\":\"SEMSA\",\"description\":\"Secretaria Municipal de Sa\u00fade\",\"alternateName\":\"Secretaria Municipal de Sa\u00fade\",\"potentialAction\":[{\"@type\":\"SearchAction\",\"target\":{\"@type\":\"EntryPoint\",\"urlTemplate\":\"https:\/\/www.manaus.am.gov.br\/semsa\/?s={search_term_string}\"},\"query-input\":\"required name=search_term_string\"}],\"inLanguage\":\"pt-BR\"}]}<\/script>\n<!-- \/ Yoast SEO plugin. -->","yoast_head_json":{"title":"Hipertens\u00e3o - SEMSA","robots":{"index":"index","follow":"follow","max-snippet":"max-snippet:-1","max-image-preview":"max-image-preview:large","max-video-preview":"max-video-preview:-1"},"canonical":"https:\/\/www.manaus.am.gov.br\/semsa\/hipertensao\/","og_locale":"pt_BR","og_type":"article","og_title":"Hipertens\u00e3o - SEMSA","og_url":"https:\/\/www.manaus.am.gov.br\/semsa\/hipertensao\/","og_site_name":"SEMSA","article_modified_time":"2025-10-06T12:53:49+00:00","og_image":[{"width":966,"height":520,"url":"https:\/\/www.manaus.am.gov.br\/semsa\/wp-content\/uploads\/sites\/8\/2024\/07\/thumb-default-2.png","type":"image\/png"}],"twitter_card":"summary_large_image","twitter_misc":{"Est. reading time":"4 minutos"},"schema":{"@context":"https:\/\/schema.org","@graph":[{"@type":"WebPage","@id":"https:\/\/www.manaus.am.gov.br\/semsa\/hipertensao\/","url":"https:\/\/www.manaus.am.gov.br\/semsa\/hipertensao\/","name":"Hipertens\u00e3o - SEMSA","isPartOf":{"@id":"https:\/\/www.manaus.am.gov.br\/semsa\/#website"},"datePublished":"2023-01-13T18:10:31+00:00","dateModified":"2025-10-06T12:53:49+00:00","inLanguage":"pt-BR","potentialAction":[{"@type":"ReadAction","target":["https:\/\/www.manaus.am.gov.br\/semsa\/hipertensao\/"]}]},{"@type":"WebSite","@id":"https:\/\/www.manaus.am.gov.br\/semsa\/#website","url":"https:\/\/www.manaus.am.gov.br\/semsa\/","name":"SEMSA","description":"Secretaria Municipal de Sa\u00fade","alternateName":"Secretaria Municipal de Sa\u00fade","potentialAction":[{"@type":"SearchAction","target":{"@type":"EntryPoint","urlTemplate":"https:\/\/www.manaus.am.gov.br\/semsa\/?s={search_term_string}"},"query-input":"required name=search_term_string"}],"inLanguage":"pt-BR"}]}},"_links":{"self":[{"href":"https:\/\/www.manaus.am.gov.br\/semsa\/wp-json\/wp\/v2\/pages\/207958"}],"collection":[{"href":"https:\/\/www.manaus.am.gov.br\/semsa\/wp-json\/wp\/v2\/pages"}],"about":[{"href":"https:\/\/www.manaus.am.gov.br\/semsa\/wp-json\/wp\/v2\/types\/page"}],"author":[{"embeddable":true,"href":"https:\/\/www.manaus.am.gov.br\/semsa\/wp-json\/wp\/v2\/users\/27"}],"replies":[{"embeddable":true,"href":"https:\/\/www.manaus.am.gov.br\/semsa\/wp-json\/wp\/v2\/comments?post=207958"}],"version-history":[{"count":23,"href":"https:\/\/www.manaus.am.gov.br\/semsa\/wp-json\/wp\/v2\/pages\/207958\/revisions"}],"predecessor-version":[{"id":225691,"href":"https:\/\/www.manaus.am.gov.br\/semsa\/wp-json\/wp\/v2\/pages\/207958\/revisions\/225691"}],"wp:attachment":[{"href":"https:\/\/www.manaus.am.gov.br\/semsa\/wp-json\/wp\/v2\/media?parent=207958"}],"curies":[{"name":"wp","href":"https:\/\/api.w.org\/{rel}","templated":true}]}}