{"id":207835,"date":"2023-01-12T11:32:30","date_gmt":"2023-01-12T15:32:30","guid":{"rendered":"https:\/\/www.manaus.am.gov.br\/semsa\/?page_id=207835"},"modified":"2023-01-18T10:34:19","modified_gmt":"2023-01-18T14:34:19","slug":"comunidades-atendidas","status":"publish","type":"page","link":"https:\/\/www.manaus.am.gov.br\/semsa\/comunidades-atendidas\/","title":{"rendered":"Comunidades Atendidas"},"content":{"rendered":"\n<p>Na calha do Rio Negro est\u00e3o situadas 05 (cinco) Unidades B\u00e1sicas de Sa\u00fade Ribeirinhas (UBSR) que abrangem 41 localidades, entre comunidades e igarap\u00e9s:<\/p>\n\n\n\n<p><strong>UBSR APUA\u00da: <\/strong>Comunidade Nova Esperan\u00e7a, Comunidade Nova Alian\u00e7a do Paj\u00e9, Comunidade Santa Isabel;<\/p>\n\n\n\n<p><strong>UBSR MIPINDIA\u00da: <\/strong>Costa do Ubim, Paran\u00e1 do Acariquara, Comunidade Nova Cana\u00e3\/Rio Arua\u00fa, Comunidade Nova Jerusal\u00e9m, Igarap\u00e9 do Mulato, Comunidade Lindo Amanhecer, Igarap\u00e9 A\u00e7u, Monte Sinai;<\/p>\n\n\n\n<p><strong>UBSR CUIEIRAS: <\/strong>Comunidade Maravilha, Costa do Suma\u00fama, Le\u00e3o de Jud\u00e1, Igarap\u00e9 A\u00e7uzinho, Cumaru, Comunidade S\u00e3o Sebasti\u00e3o do Cuieiras, Igarap\u00e9 do Jap\u00f3, Igarap\u00e9 do Flecha, Igarap\u00e9 do Mucura, Rio Cuieiras, Comunidade Nova Cana\u00e3, Igarap\u00e9 do Cana\u00e3, Igarap\u00e9 do Furo, Prainhas.<\/p>\n\n\n\n<p><strong>UBSR SANTA MARIA:<\/strong> Igarap\u00e9 do Solim\u00f5ezinho, Tucum\u00e3, Costa do Pagod\u00e3o, Comunidade do Pagod\u00e3o, Igarap\u00e9 do Mucura, Igarap\u00e9 do Jap\u00f3, Comunidade do Chita, Comunidade Santa Maria, Igarap\u00e9 do Tucum\u00e3;<\/p>\n\n\n\n<p><strong>UBSR COSTA DO ARARA:<\/strong> Comunidade Bela Vista do Jaraqui, Comunidade Costa do Arara, Igarap\u00e9 Costa do Arara, Igarap\u00e9 do Jaraquizinho, Igarap\u00e9 do Jaraqui Grande, Comunidade do Baixote, Comunidade Caio\u00e9, Comunidade do Tup\u00e9, Lago do Tup\u00e9, Costa do Tup\u00e9, Costa do Tatu.<\/p>\n\n\n\n<p>Na calha do Rio Amazonas situam- se seis Unidades B\u00e1sicas de Sa\u00fade Ribeirinhas (UBSR) que abrangem 23 localidades, entre comunidades, igarap\u00e9s, lagos e ramais:<\/p>\n\n\n\n<p><strong>UBSR LAGO DO ARUM\u00c3:<\/strong> Comunidade Lago do Arum\u00e3, Comunidade S\u00e3o Sebasti\u00e3o;<\/p>\n\n\n\n<p><strong>UBSR NOSSA SRA. DO CARMO:<\/strong> Comunidade Nossa Sra. do Carmo, Comunidade Cana\u00e3;<\/p>\n\n\n\n<p><strong>UBSR NOSSA SRA. DO PERP\u00c9TUO SOCORRO:<\/strong> Comunidade Nossa Senhora do Perp\u00e9tuo Socorro, Paran\u00e1 do Tiago\/Monte Horebe, Igarap\u00e9 do Inaj\u00e1, Igarap\u00e9 do Visagem, Lago Viatuba, Igarap\u00e9 do Viatuba, Comunidade Nova Vida, Comunidade Caramuri;<\/p>\n\n\n\n<p><strong>UBSR BONSUCESSO:<\/strong> Comunidade Bonsucesso, Comunidade Santa Rosa, Lago do Mari, Comunidade S\u00e3o Pedro;<\/p>\n\n\n\n<p><strong>UBSR GUAJAR\u00c1:<\/strong> Comunidade Assentamento Nazar\u00e9, Comunidade Guajar\u00e1, Igarap\u00e9 do Fastino, Lago do Moura, Costa do Tabocal, Ramal do Assentamento Nazar\u00e9 1, 2 e 3;<\/p>\n\n\n\n<p><strong>UBSR JATUARANA:<\/strong> Comunidade Jatuarana, Main\u00e3.<\/p>\n","protected":false},"excerpt":{"rendered":"","protected":false},"author":27,"featured_media":0,"parent":0,"menu_order":0,"comment_status":"closed","ping_status":"closed","template":"","meta":{"footnotes":""},"acf":[],"yoast_head":"<!-- This site is optimized with the Yoast SEO plugin v23.0 - https:\/\/yoast.com\/wordpress\/plugins\/seo\/ -->\n<title>Comunidades Atendidas - SEMSA<\/title>\n<meta name=\"robots\" content=\"index, follow, max-snippet:-1, max-image-preview:large, max-video-preview:-1\" \/>\n<link rel=\"canonical\" href=\"https:\/\/www.manaus.am.gov.br\/semsa\/comunidades-atendidas\/\" \/>\n<meta property=\"og:locale\" content=\"pt_BR\" \/>\n<meta property=\"og:type\" content=\"article\" \/>\n<meta property=\"og:title\" content=\"Comunidades Atendidas - SEMSA\" \/>\n<meta property=\"og:url\" content=\"https:\/\/www.manaus.am.gov.br\/semsa\/comunidades-atendidas\/\" \/>\n<meta property=\"og:site_name\" content=\"SEMSA\" \/>\n<meta property=\"article:modified_time\" content=\"2023-01-18T14:34:19+00:00\" \/>\n<meta property=\"og:image\" content=\"https:\/\/www.manaus.am.gov.br\/semsa\/wp-content\/uploads\/sites\/8\/2024\/07\/thumb-default-2.png\" \/>\n\t<meta property=\"og:image:width\" content=\"966\" \/>\n\t<meta property=\"og:image:height\" content=\"520\" \/>\n\t<meta property=\"og:image:type\" content=\"image\/png\" \/>\n<meta name=\"twitter:card\" content=\"summary_large_image\" \/>\n<meta name=\"twitter:label1\" content=\"Est. reading time\" \/>\n\t<meta name=\"twitter:data1\" content=\"2 minutos\" \/>\n<script type=\"application\/ld+json\" class=\"yoast-schema-graph\">{\"@context\":\"https:\/\/schema.org\",\"@graph\":[{\"@type\":\"WebPage\",\"@id\":\"https:\/\/www.manaus.am.gov.br\/semsa\/comunidades-atendidas\/\",\"url\":\"https:\/\/www.manaus.am.gov.br\/semsa\/comunidades-atendidas\/\",\"name\":\"Comunidades Atendidas - SEMSA\",\"isPartOf\":{\"@id\":\"https:\/\/www.manaus.am.gov.br\/semsa\/#website\"},\"datePublished\":\"2023-01-12T15:32:30+00:00\",\"dateModified\":\"2023-01-18T14:34:19+00:00\",\"inLanguage\":\"pt-BR\",\"potentialAction\":[{\"@type\":\"ReadAction\",\"target\":[\"https:\/\/www.manaus.am.gov.br\/semsa\/comunidades-atendidas\/\"]}]},{\"@type\":\"WebSite\",\"@id\":\"https:\/\/www.manaus.am.gov.br\/semsa\/#website\",\"url\":\"https:\/\/www.manaus.am.gov.br\/semsa\/\",\"name\":\"SEMSA\",\"description\":\"Secretaria Municipal de Sa\u00fade\",\"alternateName\":\"Secretaria Municipal de Sa\u00fade\",\"potentialAction\":[{\"@type\":\"SearchAction\",\"target\":{\"@type\":\"EntryPoint\",\"urlTemplate\":\"https:\/\/www.manaus.am.gov.br\/semsa\/?s={search_term_string}\"},\"query-input\":\"required name=search_term_string\"}],\"inLanguage\":\"pt-BR\"}]}<\/script>\n<!-- \/ Yoast SEO plugin. -->","yoast_head_json":{"title":"Comunidades Atendidas - SEMSA","robots":{"index":"index","follow":"follow","max-snippet":"max-snippet:-1","max-image-preview":"max-image-preview:large","max-video-preview":"max-video-preview:-1"},"canonical":"https:\/\/www.manaus.am.gov.br\/semsa\/comunidades-atendidas\/","og_locale":"pt_BR","og_type":"article","og_title":"Comunidades Atendidas - SEMSA","og_url":"https:\/\/www.manaus.am.gov.br\/semsa\/comunidades-atendidas\/","og_site_name":"SEMSA","article_modified_time":"2023-01-18T14:34:19+00:00","og_image":[{"width":966,"height":520,"url":"https:\/\/www.manaus.am.gov.br\/semsa\/wp-content\/uploads\/sites\/8\/2024\/07\/thumb-default-2.png","type":"image\/png"}],"twitter_card":"summary_large_image","twitter_misc":{"Est. reading time":"2 minutos"},"schema":{"@context":"https:\/\/schema.org","@graph":[{"@type":"WebPage","@id":"https:\/\/www.manaus.am.gov.br\/semsa\/comunidades-atendidas\/","url":"https:\/\/www.manaus.am.gov.br\/semsa\/comunidades-atendidas\/","name":"Comunidades Atendidas - SEMSA","isPartOf":{"@id":"https:\/\/www.manaus.am.gov.br\/semsa\/#website"},"datePublished":"2023-01-12T15:32:30+00:00","dateModified":"2023-01-18T14:34:19+00:00","inLanguage":"pt-BR","potentialAction":[{"@type":"ReadAction","target":["https:\/\/www.manaus.am.gov.br\/semsa\/comunidades-atendidas\/"]}]},{"@type":"WebSite","@id":"https:\/\/www.manaus.am.gov.br\/semsa\/#website","url":"https:\/\/www.manaus.am.gov.br\/semsa\/","name":"SEMSA","description":"Secretaria Municipal de Sa\u00fade","alternateName":"Secretaria Municipal de Sa\u00fade","potentialAction":[{"@type":"SearchAction","target":{"@type":"EntryPoint","urlTemplate":"https:\/\/www.manaus.am.gov.br\/semsa\/?s={search_term_string}"},"query-input":"required name=search_term_string"}],"inLanguage":"pt-BR"}]}},"_links":{"self":[{"href":"https:\/\/www.manaus.am.gov.br\/semsa\/wp-json\/wp\/v2\/pages\/207835"}],"collection":[{"href":"https:\/\/www.manaus.am.gov.br\/semsa\/wp-json\/wp\/v2\/pages"}],"about":[{"href":"https:\/\/www.manaus.am.gov.br\/semsa\/wp-json\/wp\/v2\/types\/page"}],"author":[{"embeddable":true,"href":"https:\/\/www.manaus.am.gov.br\/semsa\/wp-json\/wp\/v2\/users\/27"}],"replies":[{"embeddable":true,"href":"https:\/\/www.manaus.am.gov.br\/semsa\/wp-json\/wp\/v2\/comments?post=207835"}],"version-history":[{"count":2,"href":"https:\/\/www.manaus.am.gov.br\/semsa\/wp-json\/wp\/v2\/pages\/207835\/revisions"}],"predecessor-version":[{"id":208821,"href":"https:\/\/www.manaus.am.gov.br\/semsa\/wp-json\/wp\/v2\/pages\/207835\/revisions\/208821"}],"wp:attachment":[{"href":"https:\/\/www.manaus.am.gov.br\/semsa\/wp-json\/wp\/v2\/media?parent=207835"}],"curies":[{"name":"wp","href":"https:\/\/api.w.org\/{rel}","templated":true}]}}