{"id":207833,"date":"2023-01-12T11:32:07","date_gmt":"2023-01-12T15:32:07","guid":{"rendered":"https:\/\/www.manaus.am.gov.br\/semsa\/?page_id=207833"},"modified":"2023-01-12T11:32:07","modified_gmt":"2023-01-12T15:32:07","slug":"servicos-oferecidos","status":"publish","type":"page","link":"https:\/\/www.manaus.am.gov.br\/semsa\/servicos-oferecidos\/","title":{"rendered":"Servi\u00e7os Oferecidos"},"content":{"rendered":"\n<h2 class=\"wp-block-heading\">ATEN\u00c7\u00c3O \u00c0 COMUNIDADE<\/h2>\n\n\n\n<p>Consulta m\u00e9dica e de Enfermagem na Aten\u00e7\u00e3o B\u00e1sica;<br>Assist\u00eancia Farmac\u00eautica;<br>Atendimento Domiciliar;<br>Visita Domiciliar;<br>Promo\u00e7\u00e3o \u00e0 Sa\u00fade;<br>Acompanhamento de Programas Sociais (Bolsa Fam\u00edlia\/Leite do Meu Filho);<br>Identifica\u00e7\u00e3o e Manejo Cl\u00ednico;<br>Tuberculose;<br>Hansen\u00edase;<br>Leshmaniose;<br>Dengue, Zika, Chikungunya e Mal\u00e1ria.<br>Vacina\u00e7\u00e3o.<\/p>\n\n\n\n<h2 class=\"wp-block-heading\">ATEN\u00c7\u00c3O \u00c0 SA\u00daDE MATERNO-INFANTIL<\/h2>\n\n\n\n<p>Assist\u00eancia ao Pr\u00e9 Natal e Puerp\u00e9rio;<br>Assist\u00eancia ao Rec\u00e9m Nascido;<br>Triagem Neonatal;<br>Aleitamento Materno;<br>Acompanhamento do Crescimento e Desenvolvimento Infantil;<br>Assist\u00eancia \u00e0s Doen\u00e7as Prevalentes na Inf\u00e2ncia.<\/p>\n\n\n\n<h2 class=\"wp-block-heading\">ATEN\u00c7\u00c3O CENTRADA NO ADOLESCENTE ADULTO\/IDOSO<\/h2>\n\n\n\n<p>Assist\u00eancia ao Planejamento Reprodutivo;<br>Preven\u00e7\u00e3o do C\u00e2ncer do Colo Uterino\/Mama;<br>Preven\u00e7\u00e3o e acompanhamento:<br>Hipertens\u00e3o Arterial;<br>Diabetes Melitus;<br>DST\/HIV e Hepatites Virais.<br>Assist\u00eancia a problemas ginecol\u00f3gicos.<br>Sa\u00fade do Adolescente.<\/p>\n\n\n\n<h2 class=\"wp-block-heading\">PROCEDIMENTOS<\/h2>\n\n\n\n<p>Ultrassonografia;<br>Eletrocardiograma;<br>Curativos;<br>Retirada de Pontos;<br>Nebuliza\u00e7\u00e3o;<br>Coleta de Preventivo (papanicolau);<br>Controle da Press\u00e3o Arterial;<br>Controle da Glicemia Capilar;<br>Administra\u00e7\u00e3o de medicamentos;<br>Coleta e realiza\u00e7\u00e3o de Exames Laboratoriais;<br>Realiza\u00e7\u00e3o do Teste do pezinho;<br>Dispensa\u00e7\u00e3o de medicamentos B\u00e1sicos.<\/p>\n\n\n\n<h2 class=\"wp-block-heading\">SA\u00daDE BUCAL<\/h2>\n\n\n\n<p>Assist\u00eancia Odontol\u00f3gica;<br>Escova\u00e7\u00e3o Dental Supervisionada;<br>Aplica\u00e7\u00e3o T\u00f3pica de Fl\u00faor;<br>Rastreamento de C\u00e2ncer Bucal.<br>Educa\u00e7\u00e3o em sa\u00fade<\/p>\n","protected":false},"excerpt":{"rendered":"","protected":false},"author":27,"featured_media":0,"parent":0,"menu_order":0,"comment_status":"closed","ping_status":"closed","template":"","meta":{"footnotes":""},"acf":[],"yoast_head":"<!-- This site is optimized with the Yoast SEO plugin v23.0 - https:\/\/yoast.com\/wordpress\/plugins\/seo\/ -->\n<title>Servi\u00e7os Oferecidos - SEMSA<\/title>\n<meta name=\"robots\" content=\"index, follow, max-snippet:-1, max-image-preview:large, max-video-preview:-1\" \/>\n<link rel=\"canonical\" href=\"https:\/\/www.manaus.am.gov.br\/semsa\/servicos-oferecidos\/\" \/>\n<meta property=\"og:locale\" content=\"pt_BR\" \/>\n<meta property=\"og:type\" content=\"article\" \/>\n<meta property=\"og:title\" content=\"Servi\u00e7os Oferecidos - SEMSA\" \/>\n<meta property=\"og:url\" content=\"https:\/\/www.manaus.am.gov.br\/semsa\/servicos-oferecidos\/\" \/>\n<meta property=\"og:site_name\" content=\"SEMSA\" \/>\n<meta property=\"og:image\" content=\"https:\/\/www.manaus.am.gov.br\/semsa\/wp-content\/uploads\/sites\/8\/2024\/07\/thumb-default-2.png\" \/>\n\t<meta property=\"og:image:width\" content=\"966\" \/>\n\t<meta property=\"og:image:height\" content=\"520\" \/>\n\t<meta property=\"og:image:type\" content=\"image\/png\" \/>\n<meta name=\"twitter:card\" content=\"summary_large_image\" \/>\n<meta name=\"twitter:label1\" content=\"Est. reading time\" \/>\n\t<meta name=\"twitter:data1\" content=\"1 minuto\" \/>\n<script type=\"application\/ld+json\" class=\"yoast-schema-graph\">{\"@context\":\"https:\/\/schema.org\",\"@graph\":[{\"@type\":\"WebPage\",\"@id\":\"https:\/\/www.manaus.am.gov.br\/semsa\/servicos-oferecidos\/\",\"url\":\"https:\/\/www.manaus.am.gov.br\/semsa\/servicos-oferecidos\/\",\"name\":\"Servi\u00e7os Oferecidos - SEMSA\",\"isPartOf\":{\"@id\":\"https:\/\/www.manaus.am.gov.br\/semsa\/#website\"},\"datePublished\":\"2023-01-12T15:32:07+00:00\",\"dateModified\":\"2023-01-12T15:32:07+00:00\",\"inLanguage\":\"pt-BR\",\"potentialAction\":[{\"@type\":\"ReadAction\",\"target\":[\"https:\/\/www.manaus.am.gov.br\/semsa\/servicos-oferecidos\/\"]}]},{\"@type\":\"WebSite\",\"@id\":\"https:\/\/www.manaus.am.gov.br\/semsa\/#website\",\"url\":\"https:\/\/www.manaus.am.gov.br\/semsa\/\",\"name\":\"SEMSA\",\"description\":\"Secretaria Municipal de Sa\u00fade\",\"alternateName\":\"Secretaria Municipal de Sa\u00fade\",\"potentialAction\":[{\"@type\":\"SearchAction\",\"target\":{\"@type\":\"EntryPoint\",\"urlTemplate\":\"https:\/\/www.manaus.am.gov.br\/semsa\/?s={search_term_string}\"},\"query-input\":\"required name=search_term_string\"}],\"inLanguage\":\"pt-BR\"}]}<\/script>\n<!-- \/ Yoast SEO plugin. -->","yoast_head_json":{"title":"Servi\u00e7os Oferecidos - SEMSA","robots":{"index":"index","follow":"follow","max-snippet":"max-snippet:-1","max-image-preview":"max-image-preview:large","max-video-preview":"max-video-preview:-1"},"canonical":"https:\/\/www.manaus.am.gov.br\/semsa\/servicos-oferecidos\/","og_locale":"pt_BR","og_type":"article","og_title":"Servi\u00e7os Oferecidos - SEMSA","og_url":"https:\/\/www.manaus.am.gov.br\/semsa\/servicos-oferecidos\/","og_site_name":"SEMSA","og_image":[{"width":966,"height":520,"url":"https:\/\/www.manaus.am.gov.br\/semsa\/wp-content\/uploads\/sites\/8\/2024\/07\/thumb-default-2.png","type":"image\/png"}],"twitter_card":"summary_large_image","twitter_misc":{"Est. reading time":"1 minuto"},"schema":{"@context":"https:\/\/schema.org","@graph":[{"@type":"WebPage","@id":"https:\/\/www.manaus.am.gov.br\/semsa\/servicos-oferecidos\/","url":"https:\/\/www.manaus.am.gov.br\/semsa\/servicos-oferecidos\/","name":"Servi\u00e7os Oferecidos - SEMSA","isPartOf":{"@id":"https:\/\/www.manaus.am.gov.br\/semsa\/#website"},"datePublished":"2023-01-12T15:32:07+00:00","dateModified":"2023-01-12T15:32:07+00:00","inLanguage":"pt-BR","potentialAction":[{"@type":"ReadAction","target":["https:\/\/www.manaus.am.gov.br\/semsa\/servicos-oferecidos\/"]}]},{"@type":"WebSite","@id":"https:\/\/www.manaus.am.gov.br\/semsa\/#website","url":"https:\/\/www.manaus.am.gov.br\/semsa\/","name":"SEMSA","description":"Secretaria Municipal de Sa\u00fade","alternateName":"Secretaria Municipal de Sa\u00fade","potentialAction":[{"@type":"SearchAction","target":{"@type":"EntryPoint","urlTemplate":"https:\/\/www.manaus.am.gov.br\/semsa\/?s={search_term_string}"},"query-input":"required name=search_term_string"}],"inLanguage":"pt-BR"}]}},"_links":{"self":[{"href":"https:\/\/www.manaus.am.gov.br\/semsa\/wp-json\/wp\/v2\/pages\/207833"}],"collection":[{"href":"https:\/\/www.manaus.am.gov.br\/semsa\/wp-json\/wp\/v2\/pages"}],"about":[{"href":"https:\/\/www.manaus.am.gov.br\/semsa\/wp-json\/wp\/v2\/types\/page"}],"author":[{"embeddable":true,"href":"https:\/\/www.manaus.am.gov.br\/semsa\/wp-json\/wp\/v2\/users\/27"}],"replies":[{"embeddable":true,"href":"https:\/\/www.manaus.am.gov.br\/semsa\/wp-json\/wp\/v2\/comments?post=207833"}],"version-history":[{"count":1,"href":"https:\/\/www.manaus.am.gov.br\/semsa\/wp-json\/wp\/v2\/pages\/207833\/revisions"}],"predecessor-version":[{"id":207834,"href":"https:\/\/www.manaus.am.gov.br\/semsa\/wp-json\/wp\/v2\/pages\/207833\/revisions\/207834"}],"wp:attachment":[{"href":"https:\/\/www.manaus.am.gov.br\/semsa\/wp-json\/wp\/v2\/media?parent=207833"}],"curies":[{"name":"wp","href":"https:\/\/api.w.org\/{rel}","templated":true}]}}