{"id":207719,"date":"2023-01-11T15:31:45","date_gmt":"2023-01-11T19:31:45","guid":{"rendered":"https:\/\/www.manaus.am.gov.br\/semsa\/?page_id=207719"},"modified":"2025-05-06T10:33:57","modified_gmt":"2025-05-06T14:33:57","slug":"centro-especializado-em-reabilitacao-cer","status":"publish","type":"page","link":"https:\/\/www.manaus.am.gov.br\/semsa\/unidades\/centro-especializado-em-reabilitacao-cer\/","title":{"rendered":"Centro Especializado em Reabilita\u00e7\u00e3o \u2013 CER"},"content":{"rendered":"\n<p>O Centro Especializado em Reabilita\u00e7\u00e3o F\u00edsica e Intelectual (CERII) Prof. Rolls Gracie \u00e9 um ponto de aten\u00e7\u00e3o ambulatorial especializado em reabilita\u00e7\u00e3o, que realiza diagn\u00f3stico, tratamento, concess\u00e3o, adapta\u00e7\u00e3o e manuten\u00e7\u00e3o de tecnologia assistiva, constituindo-se em refer\u00eancia para a rede de aten\u00e7\u00e3o \u00e0 sa\u00fade no territ\u00f3rio.<br><br><strong>Endere\u00e7o<\/strong>: Rua Teresina, 99 &#8211; Nossa Senhora das Gra\u00e7as<br><strong>Hor\u00e1rio de atendimento ao p\u00fablico<\/strong>: 7h \u00e0s 18h<br><strong>Acesso<\/strong> : Por meio de encaminhamento m\u00e9dico e com agendamento via Sistema de Regula\u00e7\u00e3o (Sisreg).<br><strong>Servi\u00e7os<\/strong>: Consultas m\u00e9dicas em fisiatria e psiquiatria; fisioterapia neurol\u00f3gica para adultos, fisioterapia neurol\u00f3gica pedi\u00e1trica, fisioterapia cardiorrespirat\u00f3ria, fisioterapia ortop\u00e9dica e fisioterapia geral. Atendimento psicol\u00f3gico a pacientes e familiares; terapia ocupacional; atendimentos de fonoaudiologia;<br>acolhimento e atendimento de enfermagem.<\/p>\n","protected":false},"excerpt":{"rendered":"","protected":false},"author":27,"featured_media":0,"parent":211060,"menu_order":0,"comment_status":"closed","ping_status":"closed","template":"templates\/turismo.php","meta":{"footnotes":""},"acf":[],"yoast_head":"<!-- This site is optimized with the Yoast SEO plugin v23.0 - https:\/\/yoast.com\/wordpress\/plugins\/seo\/ -->\n<title>Centro Especializado em Reabilita\u00e7\u00e3o \u2013 CER - SEMSA<\/title>\n<meta name=\"robots\" content=\"index, follow, max-snippet:-1, max-image-preview:large, max-video-preview:-1\" \/>\n<link rel=\"canonical\" href=\"https:\/\/www.manaus.am.gov.br\/semsa\/unidades\/centro-especializado-em-reabilitacao-cer\/\" \/>\n<meta property=\"og:locale\" content=\"pt_BR\" \/>\n<meta property=\"og:type\" content=\"article\" \/>\n<meta property=\"og:title\" content=\"Centro Especializado em Reabilita\u00e7\u00e3o \u2013 CER - SEMSA\" \/>\n<meta property=\"og:url\" content=\"https:\/\/www.manaus.am.gov.br\/semsa\/unidades\/centro-especializado-em-reabilitacao-cer\/\" \/>\n<meta property=\"og:site_name\" content=\"SEMSA\" \/>\n<meta property=\"article:modified_time\" content=\"2025-05-06T14:33:57+00:00\" \/>\n<meta property=\"og:image\" content=\"https:\/\/www.manaus.am.gov.br\/semsa\/wp-content\/uploads\/sites\/8\/2024\/07\/thumb-default-2.png\" \/>\n\t<meta property=\"og:image:width\" content=\"966\" \/>\n\t<meta property=\"og:image:height\" content=\"520\" \/>\n\t<meta property=\"og:image:type\" content=\"image\/png\" \/>\n<meta name=\"twitter:card\" content=\"summary_large_image\" \/>\n<meta name=\"twitter:label1\" content=\"Est. reading time\" \/>\n\t<meta name=\"twitter:data1\" content=\"1 minuto\" \/>\n<script type=\"application\/ld+json\" class=\"yoast-schema-graph\">{\"@context\":\"https:\/\/schema.org\",\"@graph\":[{\"@type\":\"WebPage\",\"@id\":\"https:\/\/www.manaus.am.gov.br\/semsa\/unidades\/centro-especializado-em-reabilitacao-cer\/\",\"url\":\"https:\/\/www.manaus.am.gov.br\/semsa\/unidades\/centro-especializado-em-reabilitacao-cer\/\",\"name\":\"Centro Especializado em Reabilita\u00e7\u00e3o \u2013 CER - SEMSA\",\"isPartOf\":{\"@id\":\"https:\/\/www.manaus.am.gov.br\/semsa\/#website\"},\"datePublished\":\"2023-01-11T19:31:45+00:00\",\"dateModified\":\"2025-05-06T14:33:57+00:00\",\"breadcrumb\":{\"@id\":\"https:\/\/www.manaus.am.gov.br\/semsa\/unidades\/centro-especializado-em-reabilitacao-cer\/#breadcrumb\"},\"inLanguage\":\"pt-BR\",\"potentialAction\":[{\"@type\":\"ReadAction\",\"target\":[\"https:\/\/www.manaus.am.gov.br\/semsa\/unidades\/centro-especializado-em-reabilitacao-cer\/\"]}]},{\"@type\":\"BreadcrumbList\",\"@id\":\"https:\/\/www.manaus.am.gov.br\/semsa\/unidades\/centro-especializado-em-reabilitacao-cer\/#breadcrumb\",\"itemListElement\":[{\"@type\":\"ListItem\",\"position\":1,\"name\":\"Unidades\",\"item\":\"https:\/\/www.manaus.am.gov.br\/semsa\/unidades\/\"},{\"@type\":\"ListItem\",\"position\":2,\"name\":\"Centro Especializado em Reabilita\u00e7\u00e3o \u2013 CER\"}]},{\"@type\":\"WebSite\",\"@id\":\"https:\/\/www.manaus.am.gov.br\/semsa\/#website\",\"url\":\"https:\/\/www.manaus.am.gov.br\/semsa\/\",\"name\":\"SEMSA\",\"description\":\"Secretaria Municipal de Sa\u00fade\",\"alternateName\":\"Secretaria Municipal de Sa\u00fade\",\"potentialAction\":[{\"@type\":\"SearchAction\",\"target\":{\"@type\":\"EntryPoint\",\"urlTemplate\":\"https:\/\/www.manaus.am.gov.br\/semsa\/?s={search_term_string}\"},\"query-input\":\"required name=search_term_string\"}],\"inLanguage\":\"pt-BR\"}]}<\/script>\n<!-- \/ Yoast SEO plugin. -->","yoast_head_json":{"title":"Centro Especializado em Reabilita\u00e7\u00e3o \u2013 CER - SEMSA","robots":{"index":"index","follow":"follow","max-snippet":"max-snippet:-1","max-image-preview":"max-image-preview:large","max-video-preview":"max-video-preview:-1"},"canonical":"https:\/\/www.manaus.am.gov.br\/semsa\/unidades\/centro-especializado-em-reabilitacao-cer\/","og_locale":"pt_BR","og_type":"article","og_title":"Centro Especializado em Reabilita\u00e7\u00e3o \u2013 CER - SEMSA","og_url":"https:\/\/www.manaus.am.gov.br\/semsa\/unidades\/centro-especializado-em-reabilitacao-cer\/","og_site_name":"SEMSA","article_modified_time":"2025-05-06T14:33:57+00:00","og_image":[{"width":966,"height":520,"url":"https:\/\/www.manaus.am.gov.br\/semsa\/wp-content\/uploads\/sites\/8\/2024\/07\/thumb-default-2.png","type":"image\/png"}],"twitter_card":"summary_large_image","twitter_misc":{"Est. reading time":"1 minuto"},"schema":{"@context":"https:\/\/schema.org","@graph":[{"@type":"WebPage","@id":"https:\/\/www.manaus.am.gov.br\/semsa\/unidades\/centro-especializado-em-reabilitacao-cer\/","url":"https:\/\/www.manaus.am.gov.br\/semsa\/unidades\/centro-especializado-em-reabilitacao-cer\/","name":"Centro Especializado em Reabilita\u00e7\u00e3o \u2013 CER - SEMSA","isPartOf":{"@id":"https:\/\/www.manaus.am.gov.br\/semsa\/#website"},"datePublished":"2023-01-11T19:31:45+00:00","dateModified":"2025-05-06T14:33:57+00:00","breadcrumb":{"@id":"https:\/\/www.manaus.am.gov.br\/semsa\/unidades\/centro-especializado-em-reabilitacao-cer\/#breadcrumb"},"inLanguage":"pt-BR","potentialAction":[{"@type":"ReadAction","target":["https:\/\/www.manaus.am.gov.br\/semsa\/unidades\/centro-especializado-em-reabilitacao-cer\/"]}]},{"@type":"BreadcrumbList","@id":"https:\/\/www.manaus.am.gov.br\/semsa\/unidades\/centro-especializado-em-reabilitacao-cer\/#breadcrumb","itemListElement":[{"@type":"ListItem","position":1,"name":"Unidades","item":"https:\/\/www.manaus.am.gov.br\/semsa\/unidades\/"},{"@type":"ListItem","position":2,"name":"Centro Especializado em Reabilita\u00e7\u00e3o \u2013 CER"}]},{"@type":"WebSite","@id":"https:\/\/www.manaus.am.gov.br\/semsa\/#website","url":"https:\/\/www.manaus.am.gov.br\/semsa\/","name":"SEMSA","description":"Secretaria Municipal de Sa\u00fade","alternateName":"Secretaria Municipal de Sa\u00fade","potentialAction":[{"@type":"SearchAction","target":{"@type":"EntryPoint","urlTemplate":"https:\/\/www.manaus.am.gov.br\/semsa\/?s={search_term_string}"},"query-input":"required name=search_term_string"}],"inLanguage":"pt-BR"}]}},"_links":{"self":[{"href":"https:\/\/www.manaus.am.gov.br\/semsa\/wp-json\/wp\/v2\/pages\/207719"}],"collection":[{"href":"https:\/\/www.manaus.am.gov.br\/semsa\/wp-json\/wp\/v2\/pages"}],"about":[{"href":"https:\/\/www.manaus.am.gov.br\/semsa\/wp-json\/wp\/v2\/types\/page"}],"author":[{"embeddable":true,"href":"https:\/\/www.manaus.am.gov.br\/semsa\/wp-json\/wp\/v2\/users\/27"}],"replies":[{"embeddable":true,"href":"https:\/\/www.manaus.am.gov.br\/semsa\/wp-json\/wp\/v2\/comments?post=207719"}],"version-history":[{"count":11,"href":"https:\/\/www.manaus.am.gov.br\/semsa\/wp-json\/wp\/v2\/pages\/207719\/revisions"}],"predecessor-version":[{"id":223104,"href":"https:\/\/www.manaus.am.gov.br\/semsa\/wp-json\/wp\/v2\/pages\/207719\/revisions\/223104"}],"up":[{"embeddable":true,"href":"https:\/\/www.manaus.am.gov.br\/semsa\/wp-json\/wp\/v2\/pages\/211060"}],"wp:attachment":[{"href":"https:\/\/www.manaus.am.gov.br\/semsa\/wp-json\/wp\/v2\/media?parent=207719"}],"curies":[{"name":"wp","href":"https:\/\/api.w.org\/{rel}","templated":true}]}}