{"id":207707,"date":"2023-01-11T14:32:29","date_gmt":"2023-01-11T18:32:29","guid":{"rendered":"https:\/\/www.manaus.am.gov.br\/semsa\/?page_id=207707"},"modified":"2025-05-06T10:18:56","modified_gmt":"2025-05-06T14:18:56","slug":"centro-de-especialidades-odontologicas-ceo","status":"publish","type":"page","link":"https:\/\/www.manaus.am.gov.br\/semsa\/unidades\/centro-de-especialidades-odontologicas-ceo\/","title":{"rendered":"Centro de Especialidades Odontol\u00f3gicas &#8211; CEO"},"content":{"rendered":"\n<p>Oferece servi\u00e7os especializados em odontologia, incluindo tratamento de canal, cirurgia oral menor, atendimento \u00e0 pessoa com defici\u00eancia, periodontia, bi\u00f3psias dos tecidos orais, odontopediatria, ortodontia preventiva e pr\u00f3tese dent\u00e1ria.<\/p>\n\n\n\n<h2 class=\"wp-block-heading\">CEO Sul &#8211; Jos\u00e9 Fortunato de Oliveira<\/h2>\n\n\n\n<p><strong>Endere\u00e7o:<\/strong> Rua S\u00e3o L\u00e1zaro, s\/n \u2013 S\u00e3o L\u00e1zaro<br><strong>Hor\u00e1rio de atendimento:<\/strong> 7h30 \u00e0s 21h<br><strong>Telefone:<\/strong> (92) 98842-6659<br>Acesso por meio de encaminhamento e com agendamento via contato telef\u00f4nico.<br><strong>Servi\u00e7os<br><\/strong>Tratamento de canal em dentes permanentes, tratamento de canal em dentes dec\u00edduos, cirurgia de terceiros molares inclusos, periodontia.<br>Outros servi\u00e7os especializados: odontopediatria, ortodontia preventiva, atendimento \u00e0 pessoa com defici\u00eancia, pr\u00f3tese dent\u00e1ria total.<br><strong>Exames<\/strong><br>Bi\u00f3psia de les\u00f5es suspeitas de c\u00e2ncer bucal, radiografia periapical, radiografia interproximal.<\/p>\n\n\n\n<h2 class=\"wp-block-heading\">CEO Oeste \u2013 Professor Jo\u00e3o Lu\u00eds Ribeiro Mendon\u00e7a<\/h2>\n\n\n\n<p><strong>Endere\u00e7o:<\/strong> Rua Comandante Paulo Lasmar, s\/n, Conjunto Santos Dumont, Bairro da Paz<br><strong>Hor\u00e1rio de atendimento:<\/strong> 7h30 \u00e0s 17h30<br><strong>Telefone:<\/strong> (92) 98842-8256 \/ 3214-7712 \/ 3653-4952<br>Acesso por meio de encaminhamento e com agendamento via contato telef\u00f4nico.<br><strong>Servi\u00e7os<br><\/strong>Tratamento de canal em dentes permanentes, tratamento de canal em dentes dec\u00edduos, cirurgia de terceiros molares inclusos, periodontia.<br>Outros servi\u00e7os especializados: odontopediatria, ortodontia preventiva, atendimento \u00e0 pessoa com defici\u00eancia.<br><strong>Exames<br><\/strong>Bi\u00f3psia de les\u00f5es suspeitas de c\u00e2ncer bucal, radiografia periapical, radiografia interproximal.<\/p>\n\n\n\n<h2 class=\"wp-block-heading\">CEO Norte \u2013 Rubim S\u00e1<\/h2>\n\n\n\n<p><strong>Endere\u00e7o:<\/strong> Rua 77, Quadra 240, 26,  Cidade Nova II<br><strong>Hor\u00e1rio de atendimento:<\/strong> 7h30 \u00e0s 17h30<br><strong>Telefone:<\/strong> (92) 98842-6637<br>Acesso por meio de encaminhamento e com agendamento via contato telef\u00f4nico.<br><strong>Servi\u00e7os<br><\/strong>Tratamento de canal em dentes permanentes, tratamento de canal em dentes dec\u00edduos, cirurgia de terceiros molares inclusos, periodontia.<\/p>\n\n\n\n<p>Outros servi\u00e7os especializados: odontopediatria, ortodontia preventiva, atendimento \u00e0 pessoa com defici\u00eancia.<br><strong>Exames<\/strong><br>Bi\u00f3psia de les\u00f5es suspeitas de c\u00e2ncer bucal, radiografia periapical, radiografia interproximal.<\/p>\n\n\n\n<h2 class=\"wp-block-heading\">CEO Leste \u2013 Professor Jair Machado Santos da Rocha<\/h2>\n\n\n\n<p><strong>Endere\u00e7o:<\/strong> Rua Barreirinha, esquina com a rua J, 57, S\u00e3o Jos\u00e9 Oper\u00e1rio<br><strong>Hor\u00e1rio de atendimento:<\/strong> 7h30 \u00e0s 17h30<br><strong>Telefone:<\/strong> (92) 98842-8544<br>Acesso por meio de encaminhamento e com agendamento via contato telef\u00f4nico.<br><strong>Servi\u00e7os<br><\/strong>Procedimentos especializados: tratamento de canal em dentes permanentes, tratamento de canal em dentes dec\u00edduos, cirurgia de terceiros molares inclusos, periodontia.<br>Outros servi\u00e7os especializados: odontopediatria, ortodontia preventiva, atendimento \u00e0 pessoa com defici\u00eancia.<br><strong>Exames<br><\/strong>Bi\u00f3psia de les\u00f5es suspeitas de c\u00e2ncer bucal, radiografia periapical, radiografia interproximal.<\/p>\n\n\n\n<h2 class=\"wp-block-heading\">CEO UEA \u2013 Professora Gra\u00e7a Marrocos de Oliveira<\/h2>\n\n\n\n<p>Conv\u00eanio entre o Governo do Amazonas e a Prefeitura de Manaus<br><strong>Endere\u00e7o:<\/strong> Rua Celetra 4, 7, Adrian\u00f3polis (ao lado da Ouvidoria da SSP)<br><strong>Hor\u00e1rio de atendimento:<\/strong> 7h30 \u00e0s 17h30<br><strong>Telefone:<\/strong> (92) 99969-7532 \/ 98421-0148<br>Acesso por meio de encaminhamento e com agendamento via contato telef\u00f4nico<br><strong>Servi\u00e7os<\/strong><br>Tratamento de canal em dentes permanentes, cirurgia de terceiros molares inclusos, periodontia.<br><strong>Outros servi\u00e7os especializados<\/strong><br>Atendimento \u00e0 pessoa com defici\u00eancia.<br><strong>Exames<\/strong><br>Bi\u00f3psia de les\u00f5es suspeitas de c\u00e2ncer bucal, radiografia periapical, radiografia interproximal.<br><strong>Centro de imagem odontol\u00f3gica <\/strong><br>Oferta atrav\u00e9s de encaminhamento: tomografia computadorizada de feixe c\u00f4nico (<em>cone bean<\/em>), radiografia panor\u00e2mica, radiografia oclusal.<\/p>\n","protected":false},"excerpt":{"rendered":"","protected":false},"author":27,"featured_media":0,"parent":211060,"menu_order":0,"comment_status":"closed","ping_status":"closed","template":"templates\/turismo.php","meta":{"footnotes":""},"acf":[],"yoast_head":"<!-- This site is optimized with the Yoast SEO plugin v23.0 - https:\/\/yoast.com\/wordpress\/plugins\/seo\/ -->\n<title>Centro de Especialidades Odontol\u00f3gicas - CEO - SEMSA<\/title>\n<meta name=\"robots\" content=\"index, follow, max-snippet:-1, max-image-preview:large, max-video-preview:-1\" \/>\n<link rel=\"canonical\" href=\"https:\/\/www.manaus.am.gov.br\/semsa\/unidades\/centro-de-especialidades-odontologicas-ceo\/\" \/>\n<meta property=\"og:locale\" content=\"pt_BR\" \/>\n<meta property=\"og:type\" content=\"article\" \/>\n<meta property=\"og:title\" content=\"Centro de Especialidades Odontol\u00f3gicas - CEO - SEMSA\" \/>\n<meta property=\"og:url\" content=\"https:\/\/www.manaus.am.gov.br\/semsa\/unidades\/centro-de-especialidades-odontologicas-ceo\/\" \/>\n<meta property=\"og:site_name\" content=\"SEMSA\" \/>\n<meta property=\"article:modified_time\" content=\"2025-05-06T14:18:56+00:00\" \/>\n<meta property=\"og:image\" content=\"https:\/\/www.manaus.am.gov.br\/semsa\/wp-content\/uploads\/sites\/8\/2024\/07\/thumb-default-2.png\" \/>\n\t<meta property=\"og:image:width\" content=\"966\" \/>\n\t<meta property=\"og:image:height\" content=\"520\" \/>\n\t<meta property=\"og:image:type\" content=\"image\/png\" \/>\n<meta name=\"twitter:card\" content=\"summary_large_image\" \/>\n<meta name=\"twitter:label1\" content=\"Est. reading time\" \/>\n\t<meta name=\"twitter:data1\" content=\"3 minutos\" \/>\n<script type=\"application\/ld+json\" class=\"yoast-schema-graph\">{\"@context\":\"https:\/\/schema.org\",\"@graph\":[{\"@type\":\"WebPage\",\"@id\":\"https:\/\/www.manaus.am.gov.br\/semsa\/unidades\/centro-de-especialidades-odontologicas-ceo\/\",\"url\":\"https:\/\/www.manaus.am.gov.br\/semsa\/unidades\/centro-de-especialidades-odontologicas-ceo\/\",\"name\":\"Centro de Especialidades Odontol\u00f3gicas - CEO - SEMSA\",\"isPartOf\":{\"@id\":\"https:\/\/www.manaus.am.gov.br\/semsa\/#website\"},\"datePublished\":\"2023-01-11T18:32:29+00:00\",\"dateModified\":\"2025-05-06T14:18:56+00:00\",\"breadcrumb\":{\"@id\":\"https:\/\/www.manaus.am.gov.br\/semsa\/unidades\/centro-de-especialidades-odontologicas-ceo\/#breadcrumb\"},\"inLanguage\":\"pt-BR\",\"potentialAction\":[{\"@type\":\"ReadAction\",\"target\":[\"https:\/\/www.manaus.am.gov.br\/semsa\/unidades\/centro-de-especialidades-odontologicas-ceo\/\"]}]},{\"@type\":\"BreadcrumbList\",\"@id\":\"https:\/\/www.manaus.am.gov.br\/semsa\/unidades\/centro-de-especialidades-odontologicas-ceo\/#breadcrumb\",\"itemListElement\":[{\"@type\":\"ListItem\",\"position\":1,\"name\":\"Unidades\",\"item\":\"https:\/\/www.manaus.am.gov.br\/semsa\/unidades\/\"},{\"@type\":\"ListItem\",\"position\":2,\"name\":\"Centro de Especialidades Odontol\u00f3gicas &#8211; CEO\"}]},{\"@type\":\"WebSite\",\"@id\":\"https:\/\/www.manaus.am.gov.br\/semsa\/#website\",\"url\":\"https:\/\/www.manaus.am.gov.br\/semsa\/\",\"name\":\"SEMSA\",\"description\":\"Secretaria Municipal de Sa\u00fade\",\"alternateName\":\"Secretaria Municipal de Sa\u00fade\",\"potentialAction\":[{\"@type\":\"SearchAction\",\"target\":{\"@type\":\"EntryPoint\",\"urlTemplate\":\"https:\/\/www.manaus.am.gov.br\/semsa\/?s={search_term_string}\"},\"query-input\":\"required name=search_term_string\"}],\"inLanguage\":\"pt-BR\"}]}<\/script>\n<!-- \/ Yoast SEO plugin. -->","yoast_head_json":{"title":"Centro de Especialidades Odontol\u00f3gicas - CEO - SEMSA","robots":{"index":"index","follow":"follow","max-snippet":"max-snippet:-1","max-image-preview":"max-image-preview:large","max-video-preview":"max-video-preview:-1"},"canonical":"https:\/\/www.manaus.am.gov.br\/semsa\/unidades\/centro-de-especialidades-odontologicas-ceo\/","og_locale":"pt_BR","og_type":"article","og_title":"Centro de Especialidades Odontol\u00f3gicas - CEO - SEMSA","og_url":"https:\/\/www.manaus.am.gov.br\/semsa\/unidades\/centro-de-especialidades-odontologicas-ceo\/","og_site_name":"SEMSA","article_modified_time":"2025-05-06T14:18:56+00:00","og_image":[{"width":966,"height":520,"url":"https:\/\/www.manaus.am.gov.br\/semsa\/wp-content\/uploads\/sites\/8\/2024\/07\/thumb-default-2.png","type":"image\/png"}],"twitter_card":"summary_large_image","twitter_misc":{"Est. reading time":"3 minutos"},"schema":{"@context":"https:\/\/schema.org","@graph":[{"@type":"WebPage","@id":"https:\/\/www.manaus.am.gov.br\/semsa\/unidades\/centro-de-especialidades-odontologicas-ceo\/","url":"https:\/\/www.manaus.am.gov.br\/semsa\/unidades\/centro-de-especialidades-odontologicas-ceo\/","name":"Centro de Especialidades Odontol\u00f3gicas - CEO - SEMSA","isPartOf":{"@id":"https:\/\/www.manaus.am.gov.br\/semsa\/#website"},"datePublished":"2023-01-11T18:32:29+00:00","dateModified":"2025-05-06T14:18:56+00:00","breadcrumb":{"@id":"https:\/\/www.manaus.am.gov.br\/semsa\/unidades\/centro-de-especialidades-odontologicas-ceo\/#breadcrumb"},"inLanguage":"pt-BR","potentialAction":[{"@type":"ReadAction","target":["https:\/\/www.manaus.am.gov.br\/semsa\/unidades\/centro-de-especialidades-odontologicas-ceo\/"]}]},{"@type":"BreadcrumbList","@id":"https:\/\/www.manaus.am.gov.br\/semsa\/unidades\/centro-de-especialidades-odontologicas-ceo\/#breadcrumb","itemListElement":[{"@type":"ListItem","position":1,"name":"Unidades","item":"https:\/\/www.manaus.am.gov.br\/semsa\/unidades\/"},{"@type":"ListItem","position":2,"name":"Centro de Especialidades Odontol\u00f3gicas &#8211; CEO"}]},{"@type":"WebSite","@id":"https:\/\/www.manaus.am.gov.br\/semsa\/#website","url":"https:\/\/www.manaus.am.gov.br\/semsa\/","name":"SEMSA","description":"Secretaria Municipal de Sa\u00fade","alternateName":"Secretaria Municipal de Sa\u00fade","potentialAction":[{"@type":"SearchAction","target":{"@type":"EntryPoint","urlTemplate":"https:\/\/www.manaus.am.gov.br\/semsa\/?s={search_term_string}"},"query-input":"required name=search_term_string"}],"inLanguage":"pt-BR"}]}},"_links":{"self":[{"href":"https:\/\/www.manaus.am.gov.br\/semsa\/wp-json\/wp\/v2\/pages\/207707"}],"collection":[{"href":"https:\/\/www.manaus.am.gov.br\/semsa\/wp-json\/wp\/v2\/pages"}],"about":[{"href":"https:\/\/www.manaus.am.gov.br\/semsa\/wp-json\/wp\/v2\/types\/page"}],"author":[{"embeddable":true,"href":"https:\/\/www.manaus.am.gov.br\/semsa\/wp-json\/wp\/v2\/users\/27"}],"replies":[{"embeddable":true,"href":"https:\/\/www.manaus.am.gov.br\/semsa\/wp-json\/wp\/v2\/comments?post=207707"}],"version-history":[{"count":14,"href":"https:\/\/www.manaus.am.gov.br\/semsa\/wp-json\/wp\/v2\/pages\/207707\/revisions"}],"predecessor-version":[{"id":223103,"href":"https:\/\/www.manaus.am.gov.br\/semsa\/wp-json\/wp\/v2\/pages\/207707\/revisions\/223103"}],"up":[{"embeddable":true,"href":"https:\/\/www.manaus.am.gov.br\/semsa\/wp-json\/wp\/v2\/pages\/211060"}],"wp:attachment":[{"href":"https:\/\/www.manaus.am.gov.br\/semsa\/wp-json\/wp\/v2\/media?parent=207707"}],"curies":[{"name":"wp","href":"https:\/\/api.w.org\/{rel}","templated":true}]}}