{"id":207693,"date":"2023-01-11T09:29:34","date_gmt":"2023-01-11T13:29:34","guid":{"rendered":"https:\/\/www.manaus.am.gov.br\/semsa\/?page_id=207693"},"modified":"2025-09-25T16:41:59","modified_gmt":"2025-09-25T20:41:59","slug":"centro-de-atencao-psicossocial-caps","status":"publish","type":"page","link":"https:\/\/www.manaus.am.gov.br\/semsa\/unidades\/centro-de-atencao-psicossocial-caps\/","title":{"rendered":"Centro de Aten\u00e7\u00e3o Psicossocial \u2013 CAPS"},"content":{"rendered":"\n<p>Os Centros de Aten\u00e7\u00e3o Psicossocial (CAPS) ofertam aten\u00e7\u00e3o psicossocial a pessoas em situa\u00e7\u00e3o de sofrimento ps\u00edquico grave e persistente ou decorrente do uso abusivo de crack, \u00e1lcool e outras drogas por uma equipe multidisciplinar composta por m\u00e9dicos, psiquiatras, assistentes sociais, psic\u00f3logos, terapeutas ocupacionais, profissionais da educa\u00e7\u00e3o f\u00edsica, nutricionista, enfermeiros, dentre outros profissionais.<\/p>\n\n\n\n<h3 class=\"wp-block-heading\">Servi\u00e7os<\/h3>\n\n\n\n<ul>\n<li>Atendimento individual: acolhimento inicial com escuta qualificada, consultas m\u00e9dicas, dispensa\u00e7\u00e3o de medicamentos, acompanhamento psicol\u00f3gico, orienta\u00e7\u00e3o, dentre outros.<\/li>\n\n\n\n<li>Atendimento em grupo: oficinas terap\u00eauticas, atividades esportivas e de lazer, dentre outros.<\/li>\n\n\n\n<li>Atendimento para a fam\u00edlia: atendimento individualizado e em grupos.<\/li>\n\n\n\n<li>Atividades comunit\u00e1rias: atividades desenvolvidas em conjunto com associa\u00e7\u00f5es de bairro e outras institui\u00e7\u00f5es existentes na comunidade, que t\u00eam como objetivo a integra\u00e7\u00e3o do servi\u00e7o e do usu\u00e1rio com a fam\u00edlia, a comunidade e a sociedade em geral. Essas atividades podem ser: festas comunit\u00e1rias, caminhadas com grupos da comunidade, participa\u00e7\u00e3o em eventos e grupos dos centros comunit\u00e1rios.<\/li>\n<\/ul>\n\n\n\n<p><\/p>\n\n\n\n<h3 class=\"wp-block-heading\">Locais e hor\u00e1rios de atendimentos<\/h3>\n\n\n\n<p><strong>Centro de Aten\u00e7\u00e3o Psicossocial III Benjamin Matias Fernandes<\/strong><br>Atende pessoas maiores de 18 anos com transtornos mentais graves e persistentes.<br>Endere\u00e7o: Av. Maneca Marques, 1916 &#8211; Parque 10 de Novembro<br>Hor\u00e1rio de atendimento ao p\u00fablico externo: segunda a sexta-feira &#8211; 7h \u00e0s 17h<br>Sem necessidade de agendamento pr\u00e9vio ou encaminhamento para a realiza\u00e7\u00e3o do primeiro atendimento.<\/p>\n\n\n\n<p><strong>Centro de Aten\u00e7\u00e3o Psicossocial III \u00c1lcool e Drogas Dr. Afr\u00e2nio Soares<\/strong><br>Atende pessoas maiores de 18 anos com problemas decorrentes do uso abusivo de \u00e1lcool e outras drogas.<br>Endere\u00e7o: Alameda Espanha, 5 &#8211; Conjunto Jardim Espanha, Aleixo (acesso pela Av. Efig\u00eanio Salles)<br>Hor\u00e1rio de atendimento ao p\u00fablico externo: segunda a sexta-feira &#8211; 7h \u00e0s 17h<br>Sem necessidade de agendamento pr\u00e9vio ou encaminhamento para a realiza\u00e7\u00e3o do primeiro atendimento.<\/p>\n\n\n\n<p><strong>Centro de Aten\u00e7\u00e3o Psicossocial II \u00c1lcool e Drogas Dra. Eliana Vitorino Schramm<\/strong><br>Atende pessoas maiores de 18 anos com problemas decorrentes do uso abusivo de \u00e1lcool e outras drogas.<br>Endere\u00e7o: Alameda Alphaville, s\/n &#8211; Tancredo Neves<br>Hor\u00e1rio de atendimento ao p\u00fablico externo: segunda a sexta-feira &#8211; 7h \u00e0s 17h<br>Sem necessidade de agendamento pr\u00e9vio ou encaminhamento para a realiza\u00e7\u00e3o do primeiro atendimento.<\/p>\n\n\n\n<p><strong>Centro de Aten\u00e7\u00e3o Psicossocial Infantojuvenil Leste Dr. Rogelio Casado Marinho Filho<\/strong><br>Atende crian\u00e7as e adolescentes at\u00e9 18 anos com transtornos mentais graves e persistentes ou com problemas decorrentes do uso de \u00e1lcool e outras drogas.<br>Endere\u00e7o: Avenida Adolpho Ducke, 1221 &#8211; Conjunto Acariquara, Coroado<br>Hor\u00e1rio de atendimento ao p\u00fablico externo: segunda a sexta-feira &#8211; 7h \u00e0s 17h<br>Sem necessidade de agendamento pr\u00e9vio ou encaminhamento para a realiza\u00e7\u00e3o do primeiro atendimento.<\/p>\n\n\n\n<p><strong>Centro de Aten\u00e7\u00e3o Psicossocial Infantojuvenil Sul Psic\u00f3loga Nivya Kellen de Castro Valente<\/strong><br>Atende crian\u00e7as e adolescentes at\u00e9 18 anos com transtornos mentais graves e persistentes ou com problemas decorrentes do uso abusivo de \u00e1lcool e outras drogas.<br>Endere\u00e7o: Rua Santa Catarina, 3 &#8211; Parque das Laranjeiras<br>Hor\u00e1rio de atendimento ao p\u00fablico externo: segunda a sexta-feira &#8211; 7h \u00e0s 17h<br>Sem necessidade de agendamento pr\u00e9vio ou encaminhamento para a realiza\u00e7\u00e3o do primeiro atendimento.<\/p>\n\n\n\n<p><\/p>\n\n\n\n<h3 class=\"wp-block-heading\">Unidades de Sa\u00fade que ofertam acompanhamento Psicol\u00f3gico<\/h3>\n\n\n\n<p><strong>USF Ant\u00f4nio Reis<\/strong><br><strong>Endere\u00e7o:<\/strong> Rua Escandin\u00e1via, s\/n &#8211; S\u00e3o L\u00e1zaro<br><br><strong>Policl\u00ednica Dr. Ant\u00f4nio Comte Telles<\/strong><br><strong>Endere\u00e7o:<\/strong> Rua Barreirinha, s\/n &#8211; S\u00e3o Jos\u00e9 Oper\u00e1rio<\/p>\n\n\n\n<p><strong>Policl\u00ednica Castelo Branco <\/strong><br><strong>Endere\u00e7o:<\/strong> Rua do Com\u00e9rcio, s\/n &#8211; Parque 10<\/p>\n\n\n\n<p><strong>USF Ajuricaba<\/strong><br><strong>Endere\u00e7o:<\/strong> Av. Leste, s\/n &#8211; Conjunto Ajuricaba, Alvorada<\/p>\n\n\n\n<p><strong>Policl\u00ednica Dr. Djalma Batista  (em reforma)<br>Endere\u00e7o:<\/strong> Rua Teot\u00f4nio Vilela, s\/n &#8211; Compensa<br><br><strong>Policl\u00ednica<\/strong> <strong>Jos\u00e9 Ant\u00f4nio da Silva<\/strong><br><strong>Endere\u00e7o:<\/strong> Rua Grumixava, s\/n \u2013 Monte das Oliveiras<\/p>\n\n\n\n<p><strong>USF Desembargador F\u00e1bio Couto Valle<\/strong> <br><strong>Endere\u00e7o:<\/strong> Av. Brigadeiro Hil\u00e1rio Gurj\u00e3o, s\/n &#8211; Jorge Teixeira<\/p>\n\n\n\n<p><strong>USF Professor Carlson Gracie<\/strong> <br><strong>Endere\u00e7o:<\/strong> Av. Cura\u00e7ao, s\/n &#8211; Nova Cidade<\/p>\n\n\n\n<p><strong>USFR Ephig\u00eanio Salles<\/strong><br><strong>Endere\u00e7o: <\/strong>KM 41 da AM-010 \u2013 Zona Rural<\/p>\n\n\n\n<p><strong>USFR Pau Rosa<\/strong><br><strong>Endere\u00e7o: <\/strong>Ramal do Pau Rosa, KM 21 da BR-174 \u2013 Zona Rural<\/p>\n","protected":false},"excerpt":{"rendered":"","protected":false},"author":27,"featured_media":0,"parent":211060,"menu_order":0,"comment_status":"closed","ping_status":"closed","template":"templates\/turismo.php","meta":{"footnotes":""},"acf":[],"yoast_head":"<!-- This site is optimized with the Yoast SEO plugin v23.0 - https:\/\/yoast.com\/wordpress\/plugins\/seo\/ -->\n<title>Centro de Aten\u00e7\u00e3o Psicossocial \u2013 CAPS - SEMSA<\/title>\n<meta name=\"robots\" content=\"index, follow, max-snippet:-1, max-image-preview:large, max-video-preview:-1\" \/>\n<link rel=\"canonical\" href=\"https:\/\/www.manaus.am.gov.br\/semsa\/unidades\/centro-de-atencao-psicossocial-caps\/\" \/>\n<meta property=\"og:locale\" content=\"pt_BR\" \/>\n<meta property=\"og:type\" content=\"article\" \/>\n<meta property=\"og:title\" content=\"Centro de Aten\u00e7\u00e3o Psicossocial \u2013 CAPS - SEMSA\" \/>\n<meta property=\"og:url\" content=\"https:\/\/www.manaus.am.gov.br\/semsa\/unidades\/centro-de-atencao-psicossocial-caps\/\" \/>\n<meta property=\"og:site_name\" content=\"SEMSA\" \/>\n<meta property=\"article:modified_time\" content=\"2025-09-25T20:41:59+00:00\" \/>\n<meta property=\"og:image\" content=\"https:\/\/www.manaus.am.gov.br\/semsa\/wp-content\/uploads\/sites\/8\/2024\/07\/thumb-default-2.png\" \/>\n\t<meta property=\"og:image:width\" content=\"966\" \/>\n\t<meta property=\"og:image:height\" content=\"520\" \/>\n\t<meta property=\"og:image:type\" content=\"image\/png\" \/>\n<meta name=\"twitter:card\" content=\"summary_large_image\" \/>\n<meta name=\"twitter:label1\" content=\"Est. reading time\" \/>\n\t<meta name=\"twitter:data1\" content=\"4 minutos\" \/>\n<script type=\"application\/ld+json\" class=\"yoast-schema-graph\">{\"@context\":\"https:\/\/schema.org\",\"@graph\":[{\"@type\":\"WebPage\",\"@id\":\"https:\/\/www.manaus.am.gov.br\/semsa\/unidades\/centro-de-atencao-psicossocial-caps\/\",\"url\":\"https:\/\/www.manaus.am.gov.br\/semsa\/unidades\/centro-de-atencao-psicossocial-caps\/\",\"name\":\"Centro de Aten\u00e7\u00e3o Psicossocial \u2013 CAPS - SEMSA\",\"isPartOf\":{\"@id\":\"https:\/\/www.manaus.am.gov.br\/semsa\/#website\"},\"datePublished\":\"2023-01-11T13:29:34+00:00\",\"dateModified\":\"2025-09-25T20:41:59+00:00\",\"breadcrumb\":{\"@id\":\"https:\/\/www.manaus.am.gov.br\/semsa\/unidades\/centro-de-atencao-psicossocial-caps\/#breadcrumb\"},\"inLanguage\":\"pt-BR\",\"potentialAction\":[{\"@type\":\"ReadAction\",\"target\":[\"https:\/\/www.manaus.am.gov.br\/semsa\/unidades\/centro-de-atencao-psicossocial-caps\/\"]}]},{\"@type\":\"BreadcrumbList\",\"@id\":\"https:\/\/www.manaus.am.gov.br\/semsa\/unidades\/centro-de-atencao-psicossocial-caps\/#breadcrumb\",\"itemListElement\":[{\"@type\":\"ListItem\",\"position\":1,\"name\":\"Unidades\",\"item\":\"https:\/\/www.manaus.am.gov.br\/semsa\/unidades\/\"},{\"@type\":\"ListItem\",\"position\":2,\"name\":\"Centro de Aten\u00e7\u00e3o Psicossocial \u2013 CAPS\"}]},{\"@type\":\"WebSite\",\"@id\":\"https:\/\/www.manaus.am.gov.br\/semsa\/#website\",\"url\":\"https:\/\/www.manaus.am.gov.br\/semsa\/\",\"name\":\"SEMSA\",\"description\":\"Secretaria Municipal de Sa\u00fade\",\"alternateName\":\"Secretaria Municipal de Sa\u00fade\",\"potentialAction\":[{\"@type\":\"SearchAction\",\"target\":{\"@type\":\"EntryPoint\",\"urlTemplate\":\"https:\/\/www.manaus.am.gov.br\/semsa\/?s={search_term_string}\"},\"query-input\":\"required name=search_term_string\"}],\"inLanguage\":\"pt-BR\"}]}<\/script>\n<!-- \/ Yoast SEO plugin. -->","yoast_head_json":{"title":"Centro de Aten\u00e7\u00e3o Psicossocial \u2013 CAPS - SEMSA","robots":{"index":"index","follow":"follow","max-snippet":"max-snippet:-1","max-image-preview":"max-image-preview:large","max-video-preview":"max-video-preview:-1"},"canonical":"https:\/\/www.manaus.am.gov.br\/semsa\/unidades\/centro-de-atencao-psicossocial-caps\/","og_locale":"pt_BR","og_type":"article","og_title":"Centro de Aten\u00e7\u00e3o Psicossocial \u2013 CAPS - SEMSA","og_url":"https:\/\/www.manaus.am.gov.br\/semsa\/unidades\/centro-de-atencao-psicossocial-caps\/","og_site_name":"SEMSA","article_modified_time":"2025-09-25T20:41:59+00:00","og_image":[{"width":966,"height":520,"url":"https:\/\/www.manaus.am.gov.br\/semsa\/wp-content\/uploads\/sites\/8\/2024\/07\/thumb-default-2.png","type":"image\/png"}],"twitter_card":"summary_large_image","twitter_misc":{"Est. reading time":"4 minutos"},"schema":{"@context":"https:\/\/schema.org","@graph":[{"@type":"WebPage","@id":"https:\/\/www.manaus.am.gov.br\/semsa\/unidades\/centro-de-atencao-psicossocial-caps\/","url":"https:\/\/www.manaus.am.gov.br\/semsa\/unidades\/centro-de-atencao-psicossocial-caps\/","name":"Centro de Aten\u00e7\u00e3o Psicossocial \u2013 CAPS - SEMSA","isPartOf":{"@id":"https:\/\/www.manaus.am.gov.br\/semsa\/#website"},"datePublished":"2023-01-11T13:29:34+00:00","dateModified":"2025-09-25T20:41:59+00:00","breadcrumb":{"@id":"https:\/\/www.manaus.am.gov.br\/semsa\/unidades\/centro-de-atencao-psicossocial-caps\/#breadcrumb"},"inLanguage":"pt-BR","potentialAction":[{"@type":"ReadAction","target":["https:\/\/www.manaus.am.gov.br\/semsa\/unidades\/centro-de-atencao-psicossocial-caps\/"]}]},{"@type":"BreadcrumbList","@id":"https:\/\/www.manaus.am.gov.br\/semsa\/unidades\/centro-de-atencao-psicossocial-caps\/#breadcrumb","itemListElement":[{"@type":"ListItem","position":1,"name":"Unidades","item":"https:\/\/www.manaus.am.gov.br\/semsa\/unidades\/"},{"@type":"ListItem","position":2,"name":"Centro de Aten\u00e7\u00e3o Psicossocial \u2013 CAPS"}]},{"@type":"WebSite","@id":"https:\/\/www.manaus.am.gov.br\/semsa\/#website","url":"https:\/\/www.manaus.am.gov.br\/semsa\/","name":"SEMSA","description":"Secretaria Municipal de Sa\u00fade","alternateName":"Secretaria Municipal de Sa\u00fade","potentialAction":[{"@type":"SearchAction","target":{"@type":"EntryPoint","urlTemplate":"https:\/\/www.manaus.am.gov.br\/semsa\/?s={search_term_string}"},"query-input":"required name=search_term_string"}],"inLanguage":"pt-BR"}]}},"_links":{"self":[{"href":"https:\/\/www.manaus.am.gov.br\/semsa\/wp-json\/wp\/v2\/pages\/207693"}],"collection":[{"href":"https:\/\/www.manaus.am.gov.br\/semsa\/wp-json\/wp\/v2\/pages"}],"about":[{"href":"https:\/\/www.manaus.am.gov.br\/semsa\/wp-json\/wp\/v2\/types\/page"}],"author":[{"embeddable":true,"href":"https:\/\/www.manaus.am.gov.br\/semsa\/wp-json\/wp\/v2\/users\/27"}],"replies":[{"embeddable":true,"href":"https:\/\/www.manaus.am.gov.br\/semsa\/wp-json\/wp\/v2\/comments?post=207693"}],"version-history":[{"count":41,"href":"https:\/\/www.manaus.am.gov.br\/semsa\/wp-json\/wp\/v2\/pages\/207693\/revisions"}],"predecessor-version":[{"id":225584,"href":"https:\/\/www.manaus.am.gov.br\/semsa\/wp-json\/wp\/v2\/pages\/207693\/revisions\/225584"}],"up":[{"embeddable":true,"href":"https:\/\/www.manaus.am.gov.br\/semsa\/wp-json\/wp\/v2\/pages\/211060"}],"wp:attachment":[{"href":"https:\/\/www.manaus.am.gov.br\/semsa\/wp-json\/wp\/v2\/media?parent=207693"}],"curies":[{"name":"wp","href":"https:\/\/api.w.org\/{rel}","templated":true}]}}