{"id":207687,"date":"2023-01-10T17:58:43","date_gmt":"2023-01-10T21:58:43","guid":{"rendered":"https:\/\/www.manaus.am.gov.br\/semsa\/?page_id=207687"},"modified":"2025-07-24T08:48:16","modified_gmt":"2025-07-24T12:48:16","slug":"orgaos-de-atividades-finalisticas","status":"publish","type":"page","link":"https:\/\/www.manaus.am.gov.br\/semsa\/orgaos-de-atividades-finalisticas\/","title":{"rendered":"\u00d3rg\u00e3os de Atividades Final\u00edsticas"},"content":{"rendered":"\n<h3 class=\"wp-block-heading\">Diretoria de Aten\u00e7\u00e3o Prim\u00e1ria<\/h3>\n\n\n\n<p><strong>Diretora:<\/strong> Francisca Sonja Al\u00ea Gir\u00e3o Farias<\/p>\n\n\n\n<h3 class=\"wp-block-heading\">Diretoria de Vigil\u00e2ncia Ambiental e Epidemiol\u00f3gica<\/h3>\n\n\n\n<p><strong>Diretora: <\/strong>Marin\u00e9lia Martins Ferreira<br><strong>Telefone: <\/strong>(92) 98220-9077<\/p>\n\n\n\n<h3 class=\"wp-block-heading\">Diretoria de Vigil\u00e2ncia Sanit\u00e1ria \u2013 Visa Manaus<\/h3>\n\n\n\n<p><strong>Diretor: <\/strong>Isaac Tayah<br><\/p>\n\n\n\n<h3 class=\"wp-block-heading\">Diretoria de Redes de Aten\u00e7\u00e3o<\/h3>\n\n\n\n<p><strong>Diretora:<\/strong> \u00c2ngela Maria Loureiro da Silva<br><strong>Telefone:<\/strong> (92) 98842-6042<\/p>\n\n\n\n<h3 class=\"wp-block-heading\">Diretoria da Rede Pr\u00e9-hospitalar M\u00f3vel e Sanit\u00e1ria<\/h3>\n\n\n\n<p><strong>Diretora: <\/strong>Elen Palmeira Assun\u00e7\u00e3o dos Santos<\/p>\n\n\n\n<h3 class=\"wp-block-heading\">Diretoria de Intelig\u00eancia de Dados<\/h3>\n\n\n\n<p><strong>Diretora:<\/strong> Sanay Souza Pedrosa<\/p>\n\n\n\n<h3 class=\"wp-block-heading\">Maternidade Dr. Moura Tapaj\u00f3z<\/h3>\n\n\n\n<p><strong>Diretora: <\/strong>N\u00fabia Pereira da Cruz<br><strong>Telefone:<\/strong> (92) 98842-6668<\/p>\n\n\n\n<h3 class=\"wp-block-heading\">Distrito de Sa\u00fade Norte<\/h3>\n\n\n\n<p><strong>Gerente:<\/strong> Paola Michelle Oliveira Santos<br><strong>Telefone: <\/strong>(92) 98231-3637<\/p>\n\n\n\n<h3 class=\"wp-block-heading\">Distrito de Sa\u00fade Sul<\/h3>\n\n\n\n<p><strong>Gerente:<\/strong> Jucinara Oliveira<br><strong>Telefone:<\/strong> (92) 99198-6207<\/p>\n\n\n\n<h3 class=\"wp-block-heading\">Distrito de Sa\u00fade Leste<\/h3>\n\n\n\n<p><strong>Gerente:<\/strong> Ros\u00e2ngela Maria Castro da Silva<br><strong>Telefone:<\/strong> (92) 98842-6834<\/p>\n\n\n\n<h3 class=\"wp-block-heading\">Distrito de Sa\u00fade Oeste<\/h3>\n\n\n\n<p><strong>Gerente:<\/strong> Maria do Socorro Furtado Soares<br><strong>Telefone:<\/strong> (92) 98454-0107<\/p>\n\n\n\n<h3 class=\"wp-block-heading\">Distrito de Sa\u00fade Fluvial<\/h3>\n\n\n\n<p><strong>Gerente:<\/strong> Rubens Souza<\/p>\n","protected":false},"excerpt":{"rendered":"","protected":false},"author":27,"featured_media":0,"parent":0,"menu_order":0,"comment_status":"closed","ping_status":"closed","template":"templates\/prefeitura.php","meta":{"footnotes":""},"acf":[],"yoast_head":"<!-- This site is optimized with the Yoast SEO plugin v23.0 - https:\/\/yoast.com\/wordpress\/plugins\/seo\/ -->\n<title>\u00d3rg\u00e3os de Atividades Final\u00edsticas - SEMSA<\/title>\n<meta name=\"robots\" content=\"index, follow, max-snippet:-1, max-image-preview:large, max-video-preview:-1\" \/>\n<link rel=\"canonical\" href=\"https:\/\/www.manaus.am.gov.br\/semsa\/orgaos-de-atividades-finalisticas\/\" \/>\n<meta property=\"og:locale\" content=\"pt_BR\" \/>\n<meta property=\"og:type\" content=\"article\" \/>\n<meta property=\"og:title\" content=\"\u00d3rg\u00e3os de Atividades Final\u00edsticas - SEMSA\" \/>\n<meta property=\"og:url\" content=\"https:\/\/www.manaus.am.gov.br\/semsa\/orgaos-de-atividades-finalisticas\/\" \/>\n<meta property=\"og:site_name\" content=\"SEMSA\" \/>\n<meta property=\"article:modified_time\" content=\"2025-07-24T12:48:16+00:00\" \/>\n<meta property=\"og:image\" content=\"https:\/\/www.manaus.am.gov.br\/semsa\/wp-content\/uploads\/sites\/8\/2024\/07\/thumb-default-2.png\" \/>\n\t<meta property=\"og:image:width\" content=\"966\" \/>\n\t<meta property=\"og:image:height\" content=\"520\" \/>\n\t<meta property=\"og:image:type\" content=\"image\/png\" \/>\n<meta name=\"twitter:card\" content=\"summary_large_image\" \/>\n<meta name=\"twitter:label1\" content=\"Est. reading time\" \/>\n\t<meta name=\"twitter:data1\" content=\"1 minuto\" \/>\n<script type=\"application\/ld+json\" class=\"yoast-schema-graph\">{\"@context\":\"https:\/\/schema.org\",\"@graph\":[{\"@type\":\"WebPage\",\"@id\":\"https:\/\/www.manaus.am.gov.br\/semsa\/orgaos-de-atividades-finalisticas\/\",\"url\":\"https:\/\/www.manaus.am.gov.br\/semsa\/orgaos-de-atividades-finalisticas\/\",\"name\":\"\u00d3rg\u00e3os de Atividades Final\u00edsticas - SEMSA\",\"isPartOf\":{\"@id\":\"https:\/\/www.manaus.am.gov.br\/semsa\/#website\"},\"datePublished\":\"2023-01-10T21:58:43+00:00\",\"dateModified\":\"2025-07-24T12:48:16+00:00\",\"inLanguage\":\"pt-BR\",\"potentialAction\":[{\"@type\":\"ReadAction\",\"target\":[\"https:\/\/www.manaus.am.gov.br\/semsa\/orgaos-de-atividades-finalisticas\/\"]}]},{\"@type\":\"WebSite\",\"@id\":\"https:\/\/www.manaus.am.gov.br\/semsa\/#website\",\"url\":\"https:\/\/www.manaus.am.gov.br\/semsa\/\",\"name\":\"SEMSA\",\"description\":\"Secretaria Municipal de Sa\u00fade\",\"alternateName\":\"Secretaria Municipal de Sa\u00fade\",\"potentialAction\":[{\"@type\":\"SearchAction\",\"target\":{\"@type\":\"EntryPoint\",\"urlTemplate\":\"https:\/\/www.manaus.am.gov.br\/semsa\/?s={search_term_string}\"},\"query-input\":\"required name=search_term_string\"}],\"inLanguage\":\"pt-BR\"}]}<\/script>\n<!-- \/ Yoast SEO plugin. -->","yoast_head_json":{"title":"\u00d3rg\u00e3os de Atividades Final\u00edsticas - SEMSA","robots":{"index":"index","follow":"follow","max-snippet":"max-snippet:-1","max-image-preview":"max-image-preview:large","max-video-preview":"max-video-preview:-1"},"canonical":"https:\/\/www.manaus.am.gov.br\/semsa\/orgaos-de-atividades-finalisticas\/","og_locale":"pt_BR","og_type":"article","og_title":"\u00d3rg\u00e3os de Atividades Final\u00edsticas - SEMSA","og_url":"https:\/\/www.manaus.am.gov.br\/semsa\/orgaos-de-atividades-finalisticas\/","og_site_name":"SEMSA","article_modified_time":"2025-07-24T12:48:16+00:00","og_image":[{"width":966,"height":520,"url":"https:\/\/www.manaus.am.gov.br\/semsa\/wp-content\/uploads\/sites\/8\/2024\/07\/thumb-default-2.png","type":"image\/png"}],"twitter_card":"summary_large_image","twitter_misc":{"Est. reading time":"1 minuto"},"schema":{"@context":"https:\/\/schema.org","@graph":[{"@type":"WebPage","@id":"https:\/\/www.manaus.am.gov.br\/semsa\/orgaos-de-atividades-finalisticas\/","url":"https:\/\/www.manaus.am.gov.br\/semsa\/orgaos-de-atividades-finalisticas\/","name":"\u00d3rg\u00e3os de Atividades Final\u00edsticas - SEMSA","isPartOf":{"@id":"https:\/\/www.manaus.am.gov.br\/semsa\/#website"},"datePublished":"2023-01-10T21:58:43+00:00","dateModified":"2025-07-24T12:48:16+00:00","inLanguage":"pt-BR","potentialAction":[{"@type":"ReadAction","target":["https:\/\/www.manaus.am.gov.br\/semsa\/orgaos-de-atividades-finalisticas\/"]}]},{"@type":"WebSite","@id":"https:\/\/www.manaus.am.gov.br\/semsa\/#website","url":"https:\/\/www.manaus.am.gov.br\/semsa\/","name":"SEMSA","description":"Secretaria Municipal de Sa\u00fade","alternateName":"Secretaria Municipal de Sa\u00fade","potentialAction":[{"@type":"SearchAction","target":{"@type":"EntryPoint","urlTemplate":"https:\/\/www.manaus.am.gov.br\/semsa\/?s={search_term_string}"},"query-input":"required name=search_term_string"}],"inLanguage":"pt-BR"}]}},"_links":{"self":[{"href":"https:\/\/www.manaus.am.gov.br\/semsa\/wp-json\/wp\/v2\/pages\/207687"}],"collection":[{"href":"https:\/\/www.manaus.am.gov.br\/semsa\/wp-json\/wp\/v2\/pages"}],"about":[{"href":"https:\/\/www.manaus.am.gov.br\/semsa\/wp-json\/wp\/v2\/types\/page"}],"author":[{"embeddable":true,"href":"https:\/\/www.manaus.am.gov.br\/semsa\/wp-json\/wp\/v2\/users\/27"}],"replies":[{"embeddable":true,"href":"https:\/\/www.manaus.am.gov.br\/semsa\/wp-json\/wp\/v2\/comments?post=207687"}],"version-history":[{"count":5,"href":"https:\/\/www.manaus.am.gov.br\/semsa\/wp-json\/wp\/v2\/pages\/207687\/revisions"}],"predecessor-version":[{"id":224447,"href":"https:\/\/www.manaus.am.gov.br\/semsa\/wp-json\/wp\/v2\/pages\/207687\/revisions\/224447"}],"wp:attachment":[{"href":"https:\/\/www.manaus.am.gov.br\/semsa\/wp-json\/wp\/v2\/media?parent=207687"}],"curies":[{"name":"wp","href":"https:\/\/api.w.org\/{rel}","templated":true}]}}