{"id":207683,"date":"2023-01-10T15:53:22","date_gmt":"2023-01-10T19:53:22","guid":{"rendered":"https:\/\/www.manaus.am.gov.br\/semsa\/?page_id=207683"},"modified":"2025-12-01T16:49:19","modified_gmt":"2025-12-01T20:49:19","slug":"orgao-de-assistencia-e-assessoramento","status":"publish","type":"page","link":"https:\/\/www.manaus.am.gov.br\/semsa\/orgao-de-assistencia-e-assessoramento\/","title":{"rendered":"\u00d3rg\u00e3os de Assist\u00eancia e Assessoramento"},"content":{"rendered":"\n<h3 class=\"wp-block-heading\">Ouvidoria Municipal do SUS<\/h3>\n\n\n\n<p><strong>Gerente:<\/strong> Ma\u00edsa Rocha<br><strong>Telefone:<\/strong> 0800-092-1603 \/ (92) 98842-6835<\/p>\n\n\n\n<h3 class=\"wp-block-heading\">Gabinete da Secret\u00e1ria<\/h3>\n\n\n\n<p><strong>Chefe de Gabinete:<\/strong> Rejane Nunes Barroso<br><strong>Telefone: <\/strong>(92) 98842-7446<\/p>\n\n\n\n<h3 class=\"wp-block-heading\">Diretoria de Comunica\u00e7\u00e3o<\/h3>\n\n\n\n<p><strong>Diretora:<\/strong> Andr\u00e9a Maria Pampolha Arruda<\/p>\n\n\n\n<h3 class=\"wp-block-heading\">Assessoria T\u00e9cnica<\/h3>\n\n\n\n<p><strong>Diretor:<\/strong> Evelson da Silva dos Santos<br><strong>Telefone:<\/strong> (92) 98842-7823<\/p>\n\n\n\n<h3 class=\"wp-block-heading\">Auditoria Municipal do SUS<\/h3>\n\n\n\n<p><strong>Diretora:<\/strong> K\u00e1tia Cristina Motta Fontes<br><strong>Telefone:<\/strong> (92) 98842-8949<\/p>\n","protected":false},"excerpt":{"rendered":"","protected":false},"author":27,"featured_media":0,"parent":0,"menu_order":0,"comment_status":"closed","ping_status":"closed","template":"templates\/prefeitura.php","meta":{"footnotes":""},"acf":[],"yoast_head":"<!-- This site is optimized with the Yoast SEO plugin v23.0 - https:\/\/yoast.com\/wordpress\/plugins\/seo\/ -->\n<title>\u00d3rg\u00e3os de Assist\u00eancia e Assessoramento - SEMSA<\/title>\n<meta name=\"robots\" content=\"index, follow, max-snippet:-1, max-image-preview:large, max-video-preview:-1\" \/>\n<link rel=\"canonical\" href=\"https:\/\/www.manaus.am.gov.br\/semsa\/orgao-de-assistencia-e-assessoramento\/\" \/>\n<meta property=\"og:locale\" content=\"pt_BR\" \/>\n<meta property=\"og:type\" content=\"article\" \/>\n<meta property=\"og:title\" content=\"\u00d3rg\u00e3os de Assist\u00eancia e Assessoramento - SEMSA\" \/>\n<meta property=\"og:url\" content=\"https:\/\/www.manaus.am.gov.br\/semsa\/orgao-de-assistencia-e-assessoramento\/\" \/>\n<meta property=\"og:site_name\" content=\"SEMSA\" \/>\n<meta property=\"article:modified_time\" content=\"2025-12-01T20:49:19+00:00\" \/>\n<meta property=\"og:image\" content=\"https:\/\/www.manaus.am.gov.br\/semsa\/wp-content\/uploads\/sites\/8\/2024\/07\/thumb-default-2.png\" \/>\n\t<meta property=\"og:image:width\" content=\"966\" \/>\n\t<meta property=\"og:image:height\" content=\"520\" \/>\n\t<meta property=\"og:image:type\" content=\"image\/png\" \/>\n<meta name=\"twitter:card\" content=\"summary_large_image\" \/>\n<meta name=\"twitter:label1\" content=\"Est. reading time\" \/>\n\t<meta name=\"twitter:data1\" content=\"1 minuto\" \/>\n<script type=\"application\/ld+json\" class=\"yoast-schema-graph\">{\"@context\":\"https:\/\/schema.org\",\"@graph\":[{\"@type\":\"WebPage\",\"@id\":\"https:\/\/www.manaus.am.gov.br\/semsa\/orgao-de-assistencia-e-assessoramento\/\",\"url\":\"https:\/\/www.manaus.am.gov.br\/semsa\/orgao-de-assistencia-e-assessoramento\/\",\"name\":\"\u00d3rg\u00e3os de Assist\u00eancia e Assessoramento - SEMSA\",\"isPartOf\":{\"@id\":\"https:\/\/www.manaus.am.gov.br\/semsa\/#website\"},\"datePublished\":\"2023-01-10T19:53:22+00:00\",\"dateModified\":\"2025-12-01T20:49:19+00:00\",\"inLanguage\":\"pt-BR\",\"potentialAction\":[{\"@type\":\"ReadAction\",\"target\":[\"https:\/\/www.manaus.am.gov.br\/semsa\/orgao-de-assistencia-e-assessoramento\/\"]}]},{\"@type\":\"WebSite\",\"@id\":\"https:\/\/www.manaus.am.gov.br\/semsa\/#website\",\"url\":\"https:\/\/www.manaus.am.gov.br\/semsa\/\",\"name\":\"SEMSA\",\"description\":\"Secretaria Municipal de Sa\u00fade\",\"alternateName\":\"Secretaria Municipal de Sa\u00fade\",\"potentialAction\":[{\"@type\":\"SearchAction\",\"target\":{\"@type\":\"EntryPoint\",\"urlTemplate\":\"https:\/\/www.manaus.am.gov.br\/semsa\/?s={search_term_string}\"},\"query-input\":\"required name=search_term_string\"}],\"inLanguage\":\"pt-BR\"}]}<\/script>\n<!-- \/ Yoast SEO plugin. -->","yoast_head_json":{"title":"\u00d3rg\u00e3os de Assist\u00eancia e Assessoramento - SEMSA","robots":{"index":"index","follow":"follow","max-snippet":"max-snippet:-1","max-image-preview":"max-image-preview:large","max-video-preview":"max-video-preview:-1"},"canonical":"https:\/\/www.manaus.am.gov.br\/semsa\/orgao-de-assistencia-e-assessoramento\/","og_locale":"pt_BR","og_type":"article","og_title":"\u00d3rg\u00e3os de Assist\u00eancia e Assessoramento - SEMSA","og_url":"https:\/\/www.manaus.am.gov.br\/semsa\/orgao-de-assistencia-e-assessoramento\/","og_site_name":"SEMSA","article_modified_time":"2025-12-01T20:49:19+00:00","og_image":[{"width":966,"height":520,"url":"https:\/\/www.manaus.am.gov.br\/semsa\/wp-content\/uploads\/sites\/8\/2024\/07\/thumb-default-2.png","type":"image\/png"}],"twitter_card":"summary_large_image","twitter_misc":{"Est. reading time":"1 minuto"},"schema":{"@context":"https:\/\/schema.org","@graph":[{"@type":"WebPage","@id":"https:\/\/www.manaus.am.gov.br\/semsa\/orgao-de-assistencia-e-assessoramento\/","url":"https:\/\/www.manaus.am.gov.br\/semsa\/orgao-de-assistencia-e-assessoramento\/","name":"\u00d3rg\u00e3os de Assist\u00eancia e Assessoramento - SEMSA","isPartOf":{"@id":"https:\/\/www.manaus.am.gov.br\/semsa\/#website"},"datePublished":"2023-01-10T19:53:22+00:00","dateModified":"2025-12-01T20:49:19+00:00","inLanguage":"pt-BR","potentialAction":[{"@type":"ReadAction","target":["https:\/\/www.manaus.am.gov.br\/semsa\/orgao-de-assistencia-e-assessoramento\/"]}]},{"@type":"WebSite","@id":"https:\/\/www.manaus.am.gov.br\/semsa\/#website","url":"https:\/\/www.manaus.am.gov.br\/semsa\/","name":"SEMSA","description":"Secretaria Municipal de Sa\u00fade","alternateName":"Secretaria Municipal de Sa\u00fade","potentialAction":[{"@type":"SearchAction","target":{"@type":"EntryPoint","urlTemplate":"https:\/\/www.manaus.am.gov.br\/semsa\/?s={search_term_string}"},"query-input":"required name=search_term_string"}],"inLanguage":"pt-BR"}]}},"_links":{"self":[{"href":"https:\/\/www.manaus.am.gov.br\/semsa\/wp-json\/wp\/v2\/pages\/207683"}],"collection":[{"href":"https:\/\/www.manaus.am.gov.br\/semsa\/wp-json\/wp\/v2\/pages"}],"about":[{"href":"https:\/\/www.manaus.am.gov.br\/semsa\/wp-json\/wp\/v2\/types\/page"}],"author":[{"embeddable":true,"href":"https:\/\/www.manaus.am.gov.br\/semsa\/wp-json\/wp\/v2\/users\/27"}],"replies":[{"embeddable":true,"href":"https:\/\/www.manaus.am.gov.br\/semsa\/wp-json\/wp\/v2\/comments?post=207683"}],"version-history":[{"count":5,"href":"https:\/\/www.manaus.am.gov.br\/semsa\/wp-json\/wp\/v2\/pages\/207683\/revisions"}],"predecessor-version":[{"id":226615,"href":"https:\/\/www.manaus.am.gov.br\/semsa\/wp-json\/wp\/v2\/pages\/207683\/revisions\/226615"}],"wp:attachment":[{"href":"https:\/\/www.manaus.am.gov.br\/semsa\/wp-json\/wp\/v2\/media?parent=207683"}],"curies":[{"name":"wp","href":"https:\/\/api.w.org\/{rel}","templated":true}]}}