{"id":207621,"date":"2023-01-10T08:50:36","date_gmt":"2023-01-10T12:50:36","guid":{"rendered":"https:\/\/www.manaus.am.gov.br\/semsa\/?page_id=207621"},"modified":"2023-02-01T11:24:13","modified_gmt":"2023-02-01T15:24:13","slug":"promocao-da-saude","status":"publish","type":"page","link":"https:\/\/www.manaus.am.gov.br\/semsa\/promocao-da-saude\/","title":{"rendered":"Promo\u00e7\u00e3o da Sa\u00fade"},"content":{"rendered":"\n<h2 class=\"wp-block-heading\">O que \u00e9<\/h2>\n\n\n\n<p>A promo\u00e7\u00e3o da sa\u00fade consiste em um conjunto de estrat\u00e9gias, pol\u00edticas, a\u00e7\u00f5es e interven\u00e7\u00f5es com o prop\u00f3sito de melhorar a qualidade de vida dos indiv\u00edduos e coletividades na medida em que atua sobre os condicionantes e determinantes sociais de sa\u00fade, de forma intersetorial e com participa\u00e7\u00e3o popular, promovendo escolhas saud\u00e1veis por parte dos indiv\u00edduos e coletividades no territ\u00f3rio onde est\u00e3o inseridos.<\/p>\n\n\n\n<p>A Pol\u00edtica Nacional de Promo\u00e7\u00e3o da Sa\u00fade (PNPS) foi institu\u00edda pela <a href=\"https:\/\/www.manaus.am.gov.br\/semsa\/wp-content\/uploads\/sites\/8\/2023\/01\/pnps_revisao_portaria_687.pdf\" target=\"_blank\" rel=\"noreferrer noopener\">Portaria MS\/GM n\u00ba 687<\/a>, de 30 de mar\u00e7o de 2006, e atualizada pela <a href=\"https:\/\/bvsms.saude.gov.br\/bvs\/saudelegis\/gm\/2014\/prt2446_11_11_2014.html\" target=\"_blank\" rel=\"noreferrer noopener\">Portaria n\u00ba 2446, de 11 de novembro de 2014<\/a>, que por sua vez foi revogada pela <a href=\"https:\/\/www.manaus.am.gov.br\/semsa\/wp-content\/uploads\/sites\/8\/2023\/01\/politica_nacional_promocao_saude.pdf\" target=\"_blank\" rel=\"noreferrer noopener\">Portaria de Consolida\u00e7\u00e3o n\u00ba 2<\/a>, de 28 de setembro de 2017, que consolida as normas a respeito das pol\u00edticas nacionais do SUS.<\/p>\n\n\n\n<p>A PNPS confirmou o compromisso do Brasil com a amplia\u00e7\u00e3o e qualifica\u00e7\u00e3o de a\u00e7\u00f5es de promo\u00e7\u00e3o da sa\u00fade nos servi\u00e7os e na gest\u00e3o do SUS, estando inserida na agenda estrat\u00e9gica de gestores dos SUS e nos Planos Nacionais de Sa\u00fade (BRASIL, 2017).<\/p>\n\n\n\n<p>Os principais objetivos das estrat\u00e9gias de promo\u00e7\u00e3o da sa\u00fade s\u00e3o disseminar a qualidade de vida e diminuir a vulnerabilidade e os riscos \u00e0 sa\u00fade que podem ser provocados por circunst\u00e2ncias como: modo de vida, condi\u00e7\u00f5es de trabalho, habita\u00e7\u00e3o, ambiente, educa\u00e7\u00e3o, lazer, cultura, acesso a bens e servi\u00e7os essenciais.<\/p>\n\n\n\n<p>No munic\u00edpio de Manaus, a gest\u00e3o da promo\u00e7\u00e3o da sa\u00fade atua mediante os n\u00facleos de Causas Externas, Educa\u00e7\u00e3o em Sa\u00fade e H\u00e1bitos de Vida Saud\u00e1vel.<\/p>\n\n\n\n<h2 class=\"wp-block-heading\">Sa\u00fade para voc\u00ea<\/h2>\n\n\n\n<p>&#8211; <a href=\"https:\/\/www.manaus.am.gov.br\/semsa\/promocao-da-saude\/alimentacao-e-saude\/\">Alimenta\u00e7\u00e3o e sa\u00fade<\/a>;<br>&#8211; <a href=\"https:\/\/www.manaus.am.gov.br\/semsa\/promocao-da-saude\/exercicio-e-bem-estar\/\">Exerc\u00edcio e bem-estar<\/a>;<br>&#8211; <a href=\"https:\/\/www.manaus.am.gov.br\/semsa\/promocao-da-saude\/cuide-das-emocoes\/\">Cuide das emo\u00e7\u00f5es<\/a>;<br>&#8211; <a href=\"https:\/\/www.manaus.am.gov.br\/semsa\/respire-diga-nao-ao-tabagismo\/\">Respire! Diga n\u00e3o ao tabagismo<\/a>;<br>&#8211; <a href=\"https:\/\/www.manaus.am.gov.br\/semsa\/cultura-da-paz\/\">Cultura da Paz<\/a>;<br>&#8211; <a href=\"https:\/\/www.manaus.am.gov.br\/semsa\/saude-e-meio-ambiente\/\">Sa\u00fade e meio ambiente<\/a>;<br>&#8211; <a href=\"https:\/\/www.manaus.am.gov.br\/semsa\/autocuidado-2\/\">Autocuidado<\/a>.<\/p>\n\n\n\n<h2 class=\"wp-block-heading\">Educa\u00e7\u00e3o em sa\u00fade<\/h2>\n\n\n\n<p><strong>O que \u00e9?<\/strong><br>\u00c9 um jeito de pensar e fazer processos educativos e pr\u00e1ticas com consci\u00eancia cr\u00edtica e cidadania participativa. O popular se expressa na busca da supera\u00e7\u00e3o das desigualdades sociais e de todas as formas de discrimina\u00e7\u00e3o e viol\u00eancia e opress\u00e3o. A constru\u00e7\u00e3o compartilhada \u00e9 uma de suas marcas, sendo que busca o \u201cfazer com\u201d o povo e n\u00e3o \u201cpara\u201d o povo.<\/p>\n\n\n\n<p>A&nbsp;<a href=\"http:\/\/bvsms.saude.gov.br\/bvs\/saudelegis\/gm\/2013\/prt2761_19_11_2013.html\">Pol\u00edtica Nacional de Educa\u00e7\u00e3o Popular em Sa\u00fade (PNEP-SUS)<\/a>, publicada em 19 de novembro de 2013, prop\u00f5e metodologias e tecnologias para o fortalecimento do Sistema \u00danico de Sa\u00fade (SUS), contribuindo com a participa\u00e7\u00e3o popular, a gest\u00e3o participativa, o controle social, o cuidado, a forma\u00e7\u00e3o e as pr\u00e1ticas educativas em sa\u00fade.<\/p>\n\n\n\n<p>\u00c9 uma pr\u00e1tica voltada para a promo\u00e7\u00e3o, a prote\u00e7\u00e3o e a recupera\u00e7\u00e3o da sa\u00fade a partir do di\u00e1logo entre a diversidade de saberes, valorizando os saberes populares, a ancestralidade, a produ\u00e7\u00e3o de conhecimentos e a inser\u00e7\u00e3o destes no SUS.<\/p>\n\n\n\n<p>As pr\u00e1ticas e as metodologias da Educa\u00e7\u00e3o Popular em Sa\u00fade (EPS) possibilitam o encontro entre trabalhadores e usu\u00e1rios, entre as equipes de sa\u00fade e os espa\u00e7os das pr\u00e1ticas populares de cuidado, entre o cotidiano dos conselhos e dos movimentos populares, ressignificando saberes e pr\u00e1ticas.<\/p>\n\n\n\n<p>A Educa\u00e7\u00e3o Popular em Sa\u00fade prop\u00f5e&nbsp;a\u00e7\u00f5es em quatro eixos estrat\u00e9gicos:<\/p>\n\n\n\n<ul>\n<li>Participa\u00e7\u00e3o, controle social e gest\u00e3o participativa;<\/li>\n\n\n\n<li>Forma\u00e7\u00e3o, comunica\u00e7\u00e3o e produ\u00e7\u00e3o de conhecimento;<\/li>\n\n\n\n<li>Cuidado em sa\u00fade;<\/li>\n\n\n\n<li>Intersetorialidade e di\u00e1logos multiculturais.<\/li>\n<\/ul>\n\n\n\n<p>A PNEPS-SUS \u00e9 orientada pelos seguintes princ\u00edpios:<\/p>\n\n\n\n<ul>\n<li>Di\u00e1logo;<\/li>\n\n\n\n<li>Amorosidade;<\/li>\n\n\n\n<li>Problematiza\u00e7\u00e3o;<\/li>\n\n\n\n<li>Constru\u00e7\u00e3o compartilhada do conhecimento;<\/li>\n\n\n\n<li>Emancipa\u00e7\u00e3o;<\/li>\n\n\n\n<li>Compromisso com a constru\u00e7\u00e3o do projeto democr\u00e1tico e popular.<\/li>\n<\/ul>\n\n\n\n<p><strong>Principais atividades de preven\u00e7\u00e3o<br><\/strong>O Setor de Educa\u00e7\u00e3o em Sa\u00fade e Mobiliza\u00e7\u00e3o Social \u00e9 a \u00e1rea t\u00e9cnica que atua na mudan\u00e7a de comportamento da popula\u00e7\u00e3o por meio de estrat\u00e9gias construtivistas que gerem reflex\u00e3o sobre a promo\u00e7\u00e3o da sa\u00fade e preven\u00e7\u00e3o de doen\u00e7as, contribuindo assim para melhoria da qualidade de vida da popula\u00e7\u00e3o e para redu\u00e7\u00e3o da morbimortalidade por doen\u00e7as transmiss\u00edveis e n\u00e3o transmiss\u00edveis.<\/p>\n\n\n\n<p><strong>Estrat\u00e9gias dial\u00f3gicas<\/strong><br>A teoria construtivista de&nbsp;aprendizagem&nbsp;preceitua que todos n\u00f3s constru\u00edmos e reconstru\u00edmos o nosso conhecimento ao longo de nossa vida, a todo o momento, com base nas nossas pr\u00f3prias experi\u00eancias, nas rela\u00e7\u00f5es que tivemos com as outras pessoas e com o nosso ambiente de vida. O&nbsp;conhecimento&nbsp;n\u00e3o nasce com as pessoas, nem \u00e9 transmitido de uma para a outra, mas sim s\u00e3o adquiridas, pouco a pouco, como as pe\u00e7as de um quebra-cabe\u00e7a, que v\u00e3o se juntando, at\u00e9 formarem um todo.<\/p>\n\n\n\n<p>O Educador em Sa\u00fade trabalha a partir de perguntas, nunca a partir de respostas prontas. Respostas prontas significam apenas reproduzir um conhecimento, enquanto o questionamento produz conhecimento. Por meio delas o Educador busca a troca de experi\u00eancias com a comunidade, promovendo descobertas coletivas e novas interpreta\u00e7\u00f5es do conhecimento.<\/p>\n\n\n\n<p>A exposi\u00e7\u00e3o dialogada valoriza as trocas interpessoais e as iniciativas da popula\u00e7\u00e3o com o educador em sa\u00fade, buscando a compreens\u00e3o do saber popular. O usu\u00e1rio \u00e9 reconhecido como sujeito que tem muito a compartilhar sobre o processo sa\u00fade-doen\u00e7a e cuidado.<\/p>\n\n\n\n<p>A roda de conversa \u00e9 uma estrat\u00e9gia que visa estabelecer intera\u00e7\u00e3o em grupo. Ela possui objetivo, tempo e produto final. \u00c9 uma estrat\u00e9gia que explora a espontaneidade, o contato visual (em virtude da organiza\u00e7\u00e3o das cadeiras em formato de c\u00edrculo), a horizontalidade, a valoriza\u00e7\u00e3o dos saberes, a troca de experi\u00eancias, cren\u00e7as, valores, h\u00e1bitos, preconceitos e percep\u00e7\u00f5es no trato de determinadas quest\u00f5es.<\/p>\n\n\n\n<p><strong>Estrat\u00e9gias expositivas e l\u00fadicas<\/strong><br>Considerando a exist\u00eancia de diversas formas de aprendizagem, as a\u00e7\u00f5es expositivas visam explorar o sentido visual. Em outras palavras, certamente voc\u00ea deve conhecer algu\u00e9m que compreenda melhor apenas ouvindo, mas h\u00e1 tamb\u00e9m aquelas que aprendem mais vendo e dialogando. Dessa forma, a Educa\u00e7\u00e3o em Sa\u00fade tamb\u00e9m atua na confec\u00e7\u00e3o de diversos materiais que propiciam a melhor visualiza\u00e7\u00e3o dos temas abordados: maquetes, cen\u00e1rios, imagens, esculturas entre outros. Estes materiais s\u00e3o geralmente confeccionados com materiais recicl\u00e1veis e utilizados para despertar a curiosidade e o interesse dos sujeitos, a fim de disparar o processo dial\u00f3gico.<\/p>\n\n\n\n<p>As atividades l\u00fadicas s\u00e3o ideais para promover o desenvolvimento infantil. Elas podem ser utilizadas em v\u00e1rias ocasi\u00f5es. As brincadeiras e os jogos s\u00e3o direcionados de acordo com a idade e capacidade de cada crian\u00e7a. \u00c9 fundamental ter isso em mente para que a crian\u00e7a consiga acompanhar o conte\u00fado abordado pelo educador em sa\u00fade.<\/p>\n\n\n\n<p>Para obter bons resultados com este p\u00fablico, \u00e9 preciso inova\u00e7\u00e3o na educa\u00e7\u00e3o em sa\u00fade de forma interativa entre o educador e as crian\u00e7as. \u00c9 no l\u00fadico que se encontra a melhor forma de compartilhar informa\u00e7\u00f5es sobre sa\u00fade e doen\u00e7as, al\u00e9m de extrair os conhecimentos preexistentes.<\/p>\n\n\n\n<p><strong>Curso de aperfei\u00e7oamento em educa\u00e7\u00e3o popular em sa\u00fade<\/strong><br>O curso do EdpopSUS \u00e9 uma iniciativa do Minist\u00e9rio da Sa\u00fade em parceria com a Escola Polit\u00e9cnica em Sa\u00fade Joaquim Ven\u00e2ncio, da Funda\u00e7\u00e3o Oswaldo Cruz (FioCruz). O curso tem objetivo de contribuir com a implanta\u00e7\u00e3o da PNEPS-SUS, promovendo a qualifica\u00e7\u00e3o da pr\u00e1tica educativa de profissionais e lideran\u00e7as comunit\u00e1rias que atuam em territ\u00f3rios com cobertura da Aten\u00e7\u00e3o B\u00e1sica do SUS. O curso \u00e9 direcionado, sobretudo, \u00e0 forma\u00e7\u00e3o de agentes comunit\u00e1rios de sa\u00fade (ACS) e agentes de combate \u00e0s endemias (ACE).<\/p>\n\n\n\n<p>A educa\u00e7\u00e3o popular parte do princ\u00edpio de que todo ser humano \u00e9 detentor de saberes e de que os saberes derivam das experi\u00eancias de vida. Isso significa que os saberes s\u00e3o t\u00e3o diversos quanto as trajet\u00f3rias de vida, que envolvem as experi\u00eancias familiares, comunit\u00e1rias, escolares e aquelas relativas ao mundo do trabalho. Somos, todos n\u00f3s, educadores e educandos, sujeitos ricos de hist\u00f3ria. Considerando isso, a principal id\u00e9ia \u00e9 que o Curso de Aperfei\u00e7oamento em Educa\u00e7\u00e3o Popular em Sa\u00fade construa sua base te\u00f3rica a partir das viv\u00eancias e reflex\u00f5es sobre as experi\u00eancias dos sujeitos, em di\u00e1logo com os saberes j\u00e1 sistematizados sobre os temas que ser\u00e3o abordados.<\/p>\n\n\n\n<p>O curso fundamenta-se em uma metodologia participativa, na qual os temas devem ser debatidos e consolidados durante todo o percurso, entre educadores e educandos, possibilitando um processo m\u00fatuo e dial\u00f3gico de produ\u00e7\u00e3o de saberes, com base na problematiza\u00e7\u00e3o da realidade vivenciada pelos participantes no contexto do SUS. Sendo assim, o pr\u00f3prio curso dever\u00e1 ser um espa\u00e7o para vivenciar a educa\u00e7\u00e3o popular e uma experi\u00eancia de gest\u00e3o compartilhada entre educandos e educadores.<\/p>\n\n\n\n<p>O curso tem carga hor\u00e1ria de 160 horas, sendo 136h presencial e 24h de trabalho de campo.<\/p>\n\n\n\n<p><strong>Conte\u00fado program\u00e1tico<\/strong><\/p>\n\n\n\n<figure class=\"wp-block-image size-full\"><img loading=\"lazy\" decoding=\"async\" width=\"597\" height=\"331\" src=\"https:\/\/www.manaus.am.gov.br\/semsa\/wp-content\/uploads\/sites\/8\/2023\/01\/Conteudo-Programatico.png\" alt=\"\" class=\"wp-image-210203\" srcset=\"https:\/\/www.manaus.am.gov.br\/semsa\/wp-content\/uploads\/sites\/8\/2023\/01\/Conteudo-Programatico.png 597w, https:\/\/www.manaus.am.gov.br\/semsa\/wp-content\/uploads\/sites\/8\/2023\/01\/Conteudo-Programatico-300x166.png 300w\" sizes=\"(max-width: 597px) 100vw, 597px\" \/><\/figure>\n\n\n\n<p>O material did\u00e1tico deste curso \u00e9 constitu\u00eddo por um guia e um livro de Textos de Apoio, que organiza e disponibiliza o conte\u00fado considerado fundamental para o seu desenvolvimento.<\/p>\n\n\n\n<p><strong>Forma\u00e7\u00e3o em Manaus<\/strong><br>Em 2018, entre agosto e novembro, foi realizada uma capacita\u00e7\u00e3o em Manaus onde foram capacitados tr\u00eas (3) turmas perfazendo um total de 80 servidores (ACS, ACE e demais categorias profissionais) al\u00e9m de participantes de movimentos sociais.<\/p>\n\n\n\n<p>Como encerramento do curso foi realizado em 28\/11\/2018, no centro de Conven\u00e7\u00f5es Vasco Vasques, a I Mostra de Educa\u00e7\u00e3o Popular em Sa\u00fade do Amazonas, onde foi apresentado a trajet\u00f3ria formativa do EdPopSUS \u2013 Manaus, apresenta\u00e7\u00f5es culturais com participa\u00e7\u00e3o dos&nbsp; educandos e residentes dos territ\u00f3rios onde foi realizada a forma\u00e7\u00e3o e uma exposi\u00e7\u00e3o de experi\u00eancias e pr\u00e1ticas de Educa\u00e7\u00e3o Popular em Sa\u00fade.<\/p>\n\n\n\n<p>Em dezembro de 2018, o Minist\u00e9rio da Sa\u00fade, por meio da Secretaria de Gest\u00e3o Estrat\u00e9gica e Participativa (SGEP), em parceria com a Funda\u00e7\u00e3o Oswaldo Cruz (Fiocruz), realizou o 1\u00ba Encontro Nacional do Curso de Aperfei\u00e7oamento em Educa\u00e7\u00e3o Popular em Sa\u00fade (EdPOpSUS), em Caucaia (CE). O evento marcou o encerramento da II edi\u00e7\u00e3o do curso executado pela Escola Polit\u00e9cnica de Sa\u00fade Joaquim Ven\u00e2ncio\/Fiocruz e contou com a participa\u00e7\u00e3o de 4 educandos das turmas de Manaus.<\/p>\n\n\n\n<p>O Encontro Nacional&nbsp;teve&nbsp;como objetivo apresentar a&nbsp;trajet\u00f3ria do projeto, realizar avalia\u00e7\u00e3o do curso e discutir&nbsp;perspectivas futuras, al\u00e9m de&nbsp;compartilhar as viv\u00eancias e aprendizados dos educandos e educadores no decorrer da capacita\u00e7\u00e3o.<\/p>\n\n\n\n<p>Fotos das turmas<\/p>\n\n\n\n<p>Turma 1: Oeste, Sul e Rural<br>Educadores: Gabriela Santos e Valber Holanda<\/p>\n\n\n\n<p><a class=\"custom-link\" href=\"https:\/\/drive.google.com\/drive\/folders\/1D8dlaITYSzW8iH-qtzvfXm4Km670KD9R?usp=sharing\">Fotos<\/a><\/p>\n\n\n\n<p>Turma 2: Norte<br>Educadores: Carmem Marques e S\u00e9rgio Uchoa<\/p>\n\n\n\n<p><a class=\"custom-link\" href=\"https:\/\/drive.google.com\/drive\/folders\/1wpWDRoqxN_kITkAzVoi2j6PrP8ptO5l8?usp=sharing\">Fotos<\/a><\/p>\n\n\n\n<p>Turma 3: Leste<br>Educadores: Eney Pinheiro e Rosangela Melo<\/p>\n\n\n\n<p><a class=\"custom-link\" href=\"https:\/\/drive.google.com\/drive\/folders\/1jX5sBI6ZcWbne2l7rD01NcXP97-R8B_o?usp=sharing\">Fotos<\/a><\/p>\n\n\n\n<p><strong>Novas turmas<\/strong><\/p>\n\n\n\n<p>A Prefeitura de Manaus, por meio da Secretaria Municipal de Sa\u00fade \u2013 SEMSA firmou uma parceria com a Escola Polit\u00e9cnica Joaquim Ven\u00e2ncio para realiza\u00e7\u00e3o de mais quatro turmas do curso de aperfei\u00e7oamento em Educa\u00e7\u00e3o Popular em Sa\u00fade, que deveriam ocorrer no primeiro semestre de 2020, entretanto em virtude da pandemia, essa forma\u00e7\u00e3o precisou ser adiada para um momento seguro.<\/p>\n\n\n\n<p><strong>Links<\/strong><\/p>\n\n\n\n<p><a class=\"custom-link\" href=\"https:\/\/bvsms.saude.gov.br\/bvs\/saudelegis\/gm\/2013\/prt2761_19_11_2013.html\" target=\"_blank\" rel=\"noreferrer noopener\">Pol\u00edtica Nacional de Educa\u00e7\u00e3o Popular em Sa\u00fade<\/a><\/p>\n\n\n\n<p><a class=\"custom-link\" href=\"https:\/\/drive.google.com\/drive\/folders\/17UQx0dTrI8V8gZl2D_m19NCngmEahhba?usp=sharing\">Folheto Pol\u00edtica, eixos estrat\u00e9gicos e princ\u00edpios PNEPS-SUS<\/a><\/p>\n\n\n\n<p><a class=\"custom-link\" href=\"https:\/\/drive.google.com\/drive\/folders\/1Hxsf9W7t1kD6kKNoqBbQQGMNyfmWFi4q?usp=sharing\">Fotos e v\u00eddeos I Mostra de Educa\u00e7\u00e3o Popular em Sa\u00fade Amazonas<\/a><\/p>\n\n\n\n<p><a class=\"custom-link\" href=\"https:\/\/drive.google.com\/drive\/folders\/1PVlEWIzU-DC9nV63Gu_PWv_VcfO4bkcl?usp=sharing\">Fotos I Encontro Nacional de Educa\u00e7\u00e3o Popular em Sa\u00fade \u2013 Participa\u00e7\u00e3o Amazonas<\/a><\/p>\n\n\n\n<h2 class=\"wp-block-heading\">Guia do Usu\u00e1rio do SUS<\/h2>\n\n\n\n<p><a class=\"custom-link\" href=\"https:\/\/www.manaus.am.gov.br\/semsa\/wp-content\/uploads\/sites\/8\/2023\/01\/GUIA-DO-USUARIO-SUS-MANAUS-2020-1.pdf\">Confira aqui<\/a><\/p>\n\n\n\n<div style=\"height:60px\" aria-hidden=\"true\" class=\"wp-block-spacer\"><\/div>\n","protected":false},"excerpt":{"rendered":"","protected":false},"author":27,"featured_media":0,"parent":0,"menu_order":0,"comment_status":"closed","ping_status":"closed","template":"templates\/prefeitura.php","meta":{"footnotes":""},"acf":[],"yoast_head":"<!-- This site is optimized with the Yoast SEO plugin v23.0 - https:\/\/yoast.com\/wordpress\/plugins\/seo\/ -->\n<title>Promo\u00e7\u00e3o da Sa\u00fade - SEMSA<\/title>\n<meta name=\"robots\" content=\"index, follow, max-snippet:-1, max-image-preview:large, max-video-preview:-1\" \/>\n<link rel=\"canonical\" href=\"https:\/\/www.manaus.am.gov.br\/semsa\/promocao-da-saude\/\" \/>\n<meta property=\"og:locale\" content=\"pt_BR\" \/>\n<meta property=\"og:type\" content=\"article\" \/>\n<meta property=\"og:title\" content=\"Promo\u00e7\u00e3o da Sa\u00fade - SEMSA\" \/>\n<meta property=\"og:url\" content=\"https:\/\/www.manaus.am.gov.br\/semsa\/promocao-da-saude\/\" \/>\n<meta property=\"og:site_name\" content=\"SEMSA\" \/>\n<meta property=\"article:modified_time\" content=\"2023-02-01T15:24:13+00:00\" \/>\n<meta property=\"og:image\" content=\"https:\/\/www.manaus.am.gov.br\/semsa\/wp-content\/uploads\/sites\/8\/2023\/01\/Conteudo-Programatico.png\" \/>\n<meta name=\"twitter:card\" content=\"summary_large_image\" \/>\n<meta name=\"twitter:label1\" content=\"Est. reading time\" \/>\n\t<meta name=\"twitter:data1\" content=\"10 minutos\" \/>\n<script type=\"application\/ld+json\" class=\"yoast-schema-graph\">{\"@context\":\"https:\/\/schema.org\",\"@graph\":[{\"@type\":\"WebPage\",\"@id\":\"https:\/\/www.manaus.am.gov.br\/semsa\/promocao-da-saude\/\",\"url\":\"https:\/\/www.manaus.am.gov.br\/semsa\/promocao-da-saude\/\",\"name\":\"Promo\u00e7\u00e3o da Sa\u00fade - SEMSA\",\"isPartOf\":{\"@id\":\"https:\/\/www.manaus.am.gov.br\/semsa\/#website\"},\"primaryImageOfPage\":{\"@id\":\"https:\/\/www.manaus.am.gov.br\/semsa\/promocao-da-saude\/#primaryimage\"},\"image\":{\"@id\":\"https:\/\/www.manaus.am.gov.br\/semsa\/promocao-da-saude\/#primaryimage\"},\"thumbnailUrl\":\"https:\/\/www.manaus.am.gov.br\/semsa\/wp-content\/uploads\/sites\/8\/2023\/01\/Conteudo-Programatico.png\",\"datePublished\":\"2023-01-10T12:50:36+00:00\",\"dateModified\":\"2023-02-01T15:24:13+00:00\",\"inLanguage\":\"pt-BR\",\"potentialAction\":[{\"@type\":\"ReadAction\",\"target\":[\"https:\/\/www.manaus.am.gov.br\/semsa\/promocao-da-saude\/\"]}]},{\"@type\":\"ImageObject\",\"inLanguage\":\"pt-BR\",\"@id\":\"https:\/\/www.manaus.am.gov.br\/semsa\/promocao-da-saude\/#primaryimage\",\"url\":\"https:\/\/www.manaus.am.gov.br\/semsa\/wp-content\/uploads\/sites\/8\/2023\/01\/Conteudo-Programatico.png\",\"contentUrl\":\"https:\/\/www.manaus.am.gov.br\/semsa\/wp-content\/uploads\/sites\/8\/2023\/01\/Conteudo-Programatico.png\",\"width\":597,\"height\":331},{\"@type\":\"WebSite\",\"@id\":\"https:\/\/www.manaus.am.gov.br\/semsa\/#website\",\"url\":\"https:\/\/www.manaus.am.gov.br\/semsa\/\",\"name\":\"SEMSA\",\"description\":\"Secretaria Municipal de Sa\u00fade\",\"alternateName\":\"Secretaria Municipal de Sa\u00fade\",\"potentialAction\":[{\"@type\":\"SearchAction\",\"target\":{\"@type\":\"EntryPoint\",\"urlTemplate\":\"https:\/\/www.manaus.am.gov.br\/semsa\/?s={search_term_string}\"},\"query-input\":\"required name=search_term_string\"}],\"inLanguage\":\"pt-BR\"}]}<\/script>\n<!-- \/ Yoast SEO plugin. -->","yoast_head_json":{"title":"Promo\u00e7\u00e3o da Sa\u00fade - SEMSA","robots":{"index":"index","follow":"follow","max-snippet":"max-snippet:-1","max-image-preview":"max-image-preview:large","max-video-preview":"max-video-preview:-1"},"canonical":"https:\/\/www.manaus.am.gov.br\/semsa\/promocao-da-saude\/","og_locale":"pt_BR","og_type":"article","og_title":"Promo\u00e7\u00e3o da Sa\u00fade - SEMSA","og_url":"https:\/\/www.manaus.am.gov.br\/semsa\/promocao-da-saude\/","og_site_name":"SEMSA","article_modified_time":"2023-02-01T15:24:13+00:00","og_image":[{"url":"https:\/\/www.manaus.am.gov.br\/semsa\/wp-content\/uploads\/sites\/8\/2023\/01\/Conteudo-Programatico.png"}],"twitter_card":"summary_large_image","twitter_misc":{"Est. reading time":"10 minutos"},"schema":{"@context":"https:\/\/schema.org","@graph":[{"@type":"WebPage","@id":"https:\/\/www.manaus.am.gov.br\/semsa\/promocao-da-saude\/","url":"https:\/\/www.manaus.am.gov.br\/semsa\/promocao-da-saude\/","name":"Promo\u00e7\u00e3o da Sa\u00fade - SEMSA","isPartOf":{"@id":"https:\/\/www.manaus.am.gov.br\/semsa\/#website"},"primaryImageOfPage":{"@id":"https:\/\/www.manaus.am.gov.br\/semsa\/promocao-da-saude\/#primaryimage"},"image":{"@id":"https:\/\/www.manaus.am.gov.br\/semsa\/promocao-da-saude\/#primaryimage"},"thumbnailUrl":"https:\/\/www.manaus.am.gov.br\/semsa\/wp-content\/uploads\/sites\/8\/2023\/01\/Conteudo-Programatico.png","datePublished":"2023-01-10T12:50:36+00:00","dateModified":"2023-02-01T15:24:13+00:00","inLanguage":"pt-BR","potentialAction":[{"@type":"ReadAction","target":["https:\/\/www.manaus.am.gov.br\/semsa\/promocao-da-saude\/"]}]},{"@type":"ImageObject","inLanguage":"pt-BR","@id":"https:\/\/www.manaus.am.gov.br\/semsa\/promocao-da-saude\/#primaryimage","url":"https:\/\/www.manaus.am.gov.br\/semsa\/wp-content\/uploads\/sites\/8\/2023\/01\/Conteudo-Programatico.png","contentUrl":"https:\/\/www.manaus.am.gov.br\/semsa\/wp-content\/uploads\/sites\/8\/2023\/01\/Conteudo-Programatico.png","width":597,"height":331},{"@type":"WebSite","@id":"https:\/\/www.manaus.am.gov.br\/semsa\/#website","url":"https:\/\/www.manaus.am.gov.br\/semsa\/","name":"SEMSA","description":"Secretaria Municipal de Sa\u00fade","alternateName":"Secretaria Municipal de Sa\u00fade","potentialAction":[{"@type":"SearchAction","target":{"@type":"EntryPoint","urlTemplate":"https:\/\/www.manaus.am.gov.br\/semsa\/?s={search_term_string}"},"query-input":"required name=search_term_string"}],"inLanguage":"pt-BR"}]}},"_links":{"self":[{"href":"https:\/\/www.manaus.am.gov.br\/semsa\/wp-json\/wp\/v2\/pages\/207621"}],"collection":[{"href":"https:\/\/www.manaus.am.gov.br\/semsa\/wp-json\/wp\/v2\/pages"}],"about":[{"href":"https:\/\/www.manaus.am.gov.br\/semsa\/wp-json\/wp\/v2\/types\/page"}],"author":[{"embeddable":true,"href":"https:\/\/www.manaus.am.gov.br\/semsa\/wp-json\/wp\/v2\/users\/27"}],"replies":[{"embeddable":true,"href":"https:\/\/www.manaus.am.gov.br\/semsa\/wp-json\/wp\/v2\/comments?post=207621"}],"version-history":[{"count":20,"href":"https:\/\/www.manaus.am.gov.br\/semsa\/wp-json\/wp\/v2\/pages\/207621\/revisions"}],"predecessor-version":[{"id":210439,"href":"https:\/\/www.manaus.am.gov.br\/semsa\/wp-json\/wp\/v2\/pages\/207621\/revisions\/210439"}],"wp:attachment":[{"href":"https:\/\/www.manaus.am.gov.br\/semsa\/wp-json\/wp\/v2\/media?parent=207621"}],"curies":[{"name":"wp","href":"https:\/\/api.w.org\/{rel}","templated":true}]}}