{"id":207616,"date":"2023-01-10T08:36:34","date_gmt":"2023-01-10T12:36:34","guid":{"rendered":"https:\/\/www.manaus.am.gov.br\/semsa\/?page_id=207616"},"modified":"2025-05-06T10:43:04","modified_gmt":"2025-05-06T14:43:04","slug":"voce-passou-por-uma-situacao-de-violencia-sexual","status":"publish","type":"page","link":"https:\/\/www.manaus.am.gov.br\/semsa\/unidades\/voce-passou-por-uma-situacao-de-violencia-sexual\/","title":{"rendered":"Voc\u00ea passou por uma situa\u00e7\u00e3o de viol\u00eancia sexual?"},"content":{"rendered":"\n<p>Caso voc\u00ea tenha passado por uma situa\u00e7\u00e3o de viol\u00eancia sexual, \u00e9 fundamental buscar o mais r\u00e1pido poss\u00edvel o servi\u00e7o de sa\u00fade especializado mais pr\u00f3ximo de sua resid\u00eancia ou do local onde voc\u00ea esteja para receber medicamentos de preven\u00e7\u00e3o \u00e0s infe\u00e7\u00f5es sexualmente transmiss\u00edveis (como o HIV\/AIDS, s\u00edfilis, gonorreia e hepatites) e \u00e0 gravidez indesejada (anticoncep\u00e7\u00e3o de emerg\u00eancia) nas primeiras 72 horas ap\u00f3s a agress\u00e3o<strong>.<\/strong><\/p>\n\n\n\n<p>Caso j\u00e1 tenha passado mais de 72 horas ap\u00f3s a agress\u00e3o, tamb\u00e9m \u00e9 importante buscar os servi\u00e7os de sa\u00fade para o cuidado adequado.<\/p>\n\n\n\n<p><strong>Importante:<\/strong> Estes servi\u00e7os s\u00e3o gratuitos e n\u00e3o \u00e9 necess\u00e1rio realizar a den\u00fancia da viol\u00eancia<strong> <\/strong>(registro de Boletim de Ocorr\u00eancia junto \u00e0 autoridade policial) para receber atendimento pelo Sistema \u00danico de Sa\u00fade (SUS).<\/p>\n\n\n\n<h3 class=\"wp-block-heading\">Quais servi\u00e7os s\u00e3o oferecidos pelo SAVVIS?<\/h3>\n\n\n\n<ul>\n<li>Acolhimento dos casos agudos e cr\u00f4nicos;<\/li>\n\n\n\n<li>Urg\u00eancia e emerg\u00eancia ginecol\u00f3gica e obst\u00e9trica;<\/li>\n\n\n\n<li>Coleta de sangue para exames sorol\u00f3gicos e de rotina;<\/li>\n\n\n\n<li>Profilaxia contra infec\u00e7\u00f5es sexualmente transmiss\u00edveis;<\/li>\n\n\n\n<li>Anticoncep\u00e7\u00e3o de emerg\u00eancia (p\u00edlula do dia seguinte);<\/li>\n\n\n\n<li>Acompanhamento ambulatorial e psicol\u00f3gico;<\/li>\n\n\n\n<li>Orienta\u00e7\u00f5es sobre direitos e encaminhamentos aos servi\u00e7os dispon\u00edveis na rede p\u00fablica.<\/li>\n<\/ul>\n\n\n\n<h3 class=\"wp-block-heading\">Quer fazer uma den\u00fancia contra o (a) agressor (a)?<\/h3>\n\n\n\n<ul>\n<li>Busque a Delegacia comum mais pr\u00f3xima de sua resid\u00eancia ou do local em que voc\u00ea esteja;<\/li>\n\n\n\n<li>Se a viol\u00eancia sexual ocorreu no contexto dom\u00e9stico ou familiar contra pessoa do g\u00eanero feminino, recomenda-se buscar uma das Delegacias Especializadas em Crimes contra a Mulher (DECCM).<\/li>\n<\/ul>\n\n\n\n<h3 class=\"wp-block-heading\">DECCM Parque Dez<\/h3>\n\n\n\n<p>Endere\u00e7o: Avenida M\u00e1rio Ypiranga, 3395 &#8211; Parque 10 de Novembro<br>Telefone: (92) 3236-7012<\/p>\n\n\n\n<h3 class=\"wp-block-heading\">DECCM Zona Sul<\/h3>\n\n\n\n<p>Endere\u00e7o: Rua Desembargador Felismino Soares, 155 &#8211; Col\u00f4nia Oliveira Machado<br>Telefone: (92) 3214-3653<\/p>\n\n\n\n<h3 class=\"wp-block-heading\">DECCM Zonas Norte e Leste<\/h3>\n\n\n\n<p>Endere\u00e7o: Rua Santa Ana, s\/n &#8211; Cidade de Deus<br>Telefone: (92) 3583-8041\/3582-1610<\/p>\n\n\n\n<h3 class=\"wp-block-heading\">DEPCA &#8211; Delegacia Especializada em Prote\u00e7\u00e3o \u00e0 Crian\u00e7a e ao Adolescente<\/h3>\n\n\n\n<p>Endere\u00e7o: Avenida Via L\u00e1ctea, Conjunto Morada do Sol, s\/n &#8211; Aleixo<br>Telefone: (92) 3656-7445<\/p>\n\n\n\n<p>Se a viol\u00eancia sexual foi cometida contra uma crian\u00e7a ou adolescente, recomenda-se buscar a <strong>DEPCA<\/strong>.<\/p>\n\n\n\n<h3 class=\"wp-block-heading\">Quer fazer uma den\u00fancia an\u00f4nima?<\/h3>\n\n\n\n<p>Disque 180 \u2013 Para den\u00fancias de Viol\u00eancia contra Mulher<br>Disque 100 \u2013 Para den\u00fancias de Viol\u00eancia contra Homens, Crian\u00e7as e Adolescentes<\/p>\n\n\n\n<h3 class=\"wp-block-heading\">SAVVIS MUNICIPAL<\/h3>\n\n\n\n<p><strong>Maternidade Moura Tapaj\u00f3z<\/strong><br>Endere\u00e7o: Avenida Brasil, 1335 &#8211; Compensa I<\/p>\n\n\n\n<h3 class=\"wp-block-heading\">SAVVIS ESTADUAL<\/h3>\n\n\n\n<p><strong>SAVVIS Instituto da Mulher Dona Lindu<\/strong><br>Endere\u00e7o: Avenida M\u00e1rio Ypiranga, 1581 &#8211; Adrian\u00f3polis<\/p>\n\n\n\n<p><strong>SAVVIS Maternidade Ana Braga<br><\/strong>Endere\u00e7o: Avenida Cosme Ferreira, s\/n &#8211; S\u00e3o Jos\u00e9 I<\/p>\n","protected":false},"excerpt":{"rendered":"","protected":false},"author":27,"featured_media":0,"parent":211060,"menu_order":0,"comment_status":"closed","ping_status":"closed","template":"templates\/prefeitura.php","meta":{"footnotes":""},"acf":[],"yoast_head":"<!-- This site is optimized with the Yoast SEO plugin v23.0 - https:\/\/yoast.com\/wordpress\/plugins\/seo\/ -->\n<title>Voc\u00ea passou por uma situa\u00e7\u00e3o de viol\u00eancia sexual? - SEMSA<\/title>\n<meta name=\"robots\" content=\"index, follow, max-snippet:-1, max-image-preview:large, max-video-preview:-1\" \/>\n<link rel=\"canonical\" href=\"https:\/\/www.manaus.am.gov.br\/semsa\/unidades\/voce-passou-por-uma-situacao-de-violencia-sexual\/\" \/>\n<meta property=\"og:locale\" content=\"pt_BR\" \/>\n<meta property=\"og:type\" content=\"article\" \/>\n<meta property=\"og:title\" content=\"Voc\u00ea passou por uma situa\u00e7\u00e3o de viol\u00eancia sexual? - SEMSA\" \/>\n<meta property=\"og:url\" content=\"https:\/\/www.manaus.am.gov.br\/semsa\/unidades\/voce-passou-por-uma-situacao-de-violencia-sexual\/\" \/>\n<meta property=\"og:site_name\" content=\"SEMSA\" \/>\n<meta property=\"article:modified_time\" content=\"2025-05-06T14:43:04+00:00\" \/>\n<meta property=\"og:image\" content=\"https:\/\/www.manaus.am.gov.br\/semsa\/wp-content\/uploads\/sites\/8\/2024\/07\/thumb-default-2.png\" \/>\n\t<meta property=\"og:image:width\" content=\"966\" \/>\n\t<meta property=\"og:image:height\" content=\"520\" \/>\n\t<meta property=\"og:image:type\" content=\"image\/png\" \/>\n<meta name=\"twitter:card\" content=\"summary_large_image\" \/>\n<meta name=\"twitter:label1\" content=\"Est. reading time\" \/>\n\t<meta name=\"twitter:data1\" content=\"3 minutos\" \/>\n<script type=\"application\/ld+json\" class=\"yoast-schema-graph\">{\"@context\":\"https:\/\/schema.org\",\"@graph\":[{\"@type\":\"WebPage\",\"@id\":\"https:\/\/www.manaus.am.gov.br\/semsa\/unidades\/voce-passou-por-uma-situacao-de-violencia-sexual\/\",\"url\":\"https:\/\/www.manaus.am.gov.br\/semsa\/unidades\/voce-passou-por-uma-situacao-de-violencia-sexual\/\",\"name\":\"Voc\u00ea passou por uma situa\u00e7\u00e3o de viol\u00eancia sexual? - SEMSA\",\"isPartOf\":{\"@id\":\"https:\/\/www.manaus.am.gov.br\/semsa\/#website\"},\"datePublished\":\"2023-01-10T12:36:34+00:00\",\"dateModified\":\"2025-05-06T14:43:04+00:00\",\"breadcrumb\":{\"@id\":\"https:\/\/www.manaus.am.gov.br\/semsa\/unidades\/voce-passou-por-uma-situacao-de-violencia-sexual\/#breadcrumb\"},\"inLanguage\":\"pt-BR\",\"potentialAction\":[{\"@type\":\"ReadAction\",\"target\":[\"https:\/\/www.manaus.am.gov.br\/semsa\/unidades\/voce-passou-por-uma-situacao-de-violencia-sexual\/\"]}]},{\"@type\":\"BreadcrumbList\",\"@id\":\"https:\/\/www.manaus.am.gov.br\/semsa\/unidades\/voce-passou-por-uma-situacao-de-violencia-sexual\/#breadcrumb\",\"itemListElement\":[{\"@type\":\"ListItem\",\"position\":1,\"name\":\"Unidades\",\"item\":\"https:\/\/www.manaus.am.gov.br\/semsa\/unidades\/\"},{\"@type\":\"ListItem\",\"position\":2,\"name\":\"Voc\u00ea passou por uma situa\u00e7\u00e3o de viol\u00eancia sexual?\"}]},{\"@type\":\"WebSite\",\"@id\":\"https:\/\/www.manaus.am.gov.br\/semsa\/#website\",\"url\":\"https:\/\/www.manaus.am.gov.br\/semsa\/\",\"name\":\"SEMSA\",\"description\":\"Secretaria Municipal de Sa\u00fade\",\"alternateName\":\"Secretaria Municipal de Sa\u00fade\",\"potentialAction\":[{\"@type\":\"SearchAction\",\"target\":{\"@type\":\"EntryPoint\",\"urlTemplate\":\"https:\/\/www.manaus.am.gov.br\/semsa\/?s={search_term_string}\"},\"query-input\":\"required name=search_term_string\"}],\"inLanguage\":\"pt-BR\"}]}<\/script>\n<!-- \/ Yoast SEO plugin. -->","yoast_head_json":{"title":"Voc\u00ea passou por uma situa\u00e7\u00e3o de viol\u00eancia sexual? - SEMSA","robots":{"index":"index","follow":"follow","max-snippet":"max-snippet:-1","max-image-preview":"max-image-preview:large","max-video-preview":"max-video-preview:-1"},"canonical":"https:\/\/www.manaus.am.gov.br\/semsa\/unidades\/voce-passou-por-uma-situacao-de-violencia-sexual\/","og_locale":"pt_BR","og_type":"article","og_title":"Voc\u00ea passou por uma situa\u00e7\u00e3o de viol\u00eancia sexual? - SEMSA","og_url":"https:\/\/www.manaus.am.gov.br\/semsa\/unidades\/voce-passou-por-uma-situacao-de-violencia-sexual\/","og_site_name":"SEMSA","article_modified_time":"2025-05-06T14:43:04+00:00","og_image":[{"width":966,"height":520,"url":"https:\/\/www.manaus.am.gov.br\/semsa\/wp-content\/uploads\/sites\/8\/2024\/07\/thumb-default-2.png","type":"image\/png"}],"twitter_card":"summary_large_image","twitter_misc":{"Est. reading time":"3 minutos"},"schema":{"@context":"https:\/\/schema.org","@graph":[{"@type":"WebPage","@id":"https:\/\/www.manaus.am.gov.br\/semsa\/unidades\/voce-passou-por-uma-situacao-de-violencia-sexual\/","url":"https:\/\/www.manaus.am.gov.br\/semsa\/unidades\/voce-passou-por-uma-situacao-de-violencia-sexual\/","name":"Voc\u00ea passou por uma situa\u00e7\u00e3o de viol\u00eancia sexual? - SEMSA","isPartOf":{"@id":"https:\/\/www.manaus.am.gov.br\/semsa\/#website"},"datePublished":"2023-01-10T12:36:34+00:00","dateModified":"2025-05-06T14:43:04+00:00","breadcrumb":{"@id":"https:\/\/www.manaus.am.gov.br\/semsa\/unidades\/voce-passou-por-uma-situacao-de-violencia-sexual\/#breadcrumb"},"inLanguage":"pt-BR","potentialAction":[{"@type":"ReadAction","target":["https:\/\/www.manaus.am.gov.br\/semsa\/unidades\/voce-passou-por-uma-situacao-de-violencia-sexual\/"]}]},{"@type":"BreadcrumbList","@id":"https:\/\/www.manaus.am.gov.br\/semsa\/unidades\/voce-passou-por-uma-situacao-de-violencia-sexual\/#breadcrumb","itemListElement":[{"@type":"ListItem","position":1,"name":"Unidades","item":"https:\/\/www.manaus.am.gov.br\/semsa\/unidades\/"},{"@type":"ListItem","position":2,"name":"Voc\u00ea passou por uma situa\u00e7\u00e3o de viol\u00eancia sexual?"}]},{"@type":"WebSite","@id":"https:\/\/www.manaus.am.gov.br\/semsa\/#website","url":"https:\/\/www.manaus.am.gov.br\/semsa\/","name":"SEMSA","description":"Secretaria Municipal de Sa\u00fade","alternateName":"Secretaria Municipal de Sa\u00fade","potentialAction":[{"@type":"SearchAction","target":{"@type":"EntryPoint","urlTemplate":"https:\/\/www.manaus.am.gov.br\/semsa\/?s={search_term_string}"},"query-input":"required name=search_term_string"}],"inLanguage":"pt-BR"}]}},"_links":{"self":[{"href":"https:\/\/www.manaus.am.gov.br\/semsa\/wp-json\/wp\/v2\/pages\/207616"}],"collection":[{"href":"https:\/\/www.manaus.am.gov.br\/semsa\/wp-json\/wp\/v2\/pages"}],"about":[{"href":"https:\/\/www.manaus.am.gov.br\/semsa\/wp-json\/wp\/v2\/types\/page"}],"author":[{"embeddable":true,"href":"https:\/\/www.manaus.am.gov.br\/semsa\/wp-json\/wp\/v2\/users\/27"}],"replies":[{"embeddable":true,"href":"https:\/\/www.manaus.am.gov.br\/semsa\/wp-json\/wp\/v2\/comments?post=207616"}],"version-history":[{"count":10,"href":"https:\/\/www.manaus.am.gov.br\/semsa\/wp-json\/wp\/v2\/pages\/207616\/revisions"}],"predecessor-version":[{"id":223106,"href":"https:\/\/www.manaus.am.gov.br\/semsa\/wp-json\/wp\/v2\/pages\/207616\/revisions\/223106"}],"up":[{"embeddable":true,"href":"https:\/\/www.manaus.am.gov.br\/semsa\/wp-json\/wp\/v2\/pages\/211060"}],"wp:attachment":[{"href":"https:\/\/www.manaus.am.gov.br\/semsa\/wp-json\/wp\/v2\/media?parent=207616"}],"curies":[{"name":"wp","href":"https:\/\/api.w.org\/{rel}","templated":true}]}}