{"id":873,"date":"2023-07-19T10:47:33","date_gmt":"2023-07-19T13:47:33","guid":{"rendered":"https:\/\/www.manaus.am.gov.br\/semmas\/?page_id=873"},"modified":"2023-10-30T18:48:13","modified_gmt":"2023-10-30T21:48:13","slug":"requisitos","status":"publish","type":"page","link":"https:\/\/www.manaus.am.gov.br\/semmas\/requisitos\/","title":{"rendered":"Requisitos"},"content":{"rendered":"\n<h2 class=\"wp-block-heading\"><a href=\"https:\/\/www.manaus.am.gov.br\/semmas\/wp-content\/uploads\/sites\/26\/2023\/07\/AUTORIZACAO-PARA-EVENTOS-DIVERSOS-REQUISITOS.pdf\" target=\"_blank\" rel=\"noreferrer noopener\">Autoriza\u00e7\u00e3o para eventos diversos<\/a><\/h2>\n\n\n\n<h2 class=\"wp-block-heading\"><a href=\"https:\/\/www.manaus.am.gov.br\/semmas\/wp-content\/uploads\/sites\/26\/2023\/07\/BARES-E-RESTAURANTES-E-CASAS-DE-SHOW-E-SIMILARES-REQUISITOS.pdf\" target=\"_blank\" rel=\"noreferrer noopener\">Bares e Restaurantes e Casas de Show e Similares<\/a><\/h2>\n\n\n\n<h2 class=\"wp-block-heading\"><a href=\"https:\/\/www.manaus.am.gov.br\/semmas\/wp-content\/uploads\/sites\/26\/2023\/07\/DOC-OBTENCAO-RENOVAC\u0327AO-E-INCLUSAO.pdf\" target=\"_blank\" rel=\"noreferrer noopener\">Certificado de Registro Cadastral \u2013 CRC<\/a><\/h2>\n\n\n\n<h2 class=\"wp-block-heading\"><a href=\"https:\/\/www.manaus.am.gov.br\/semmas\/wp-content\/uploads\/sites\/26\/2023\/07\/COLETA-E-TRANSPORTE-DE-RESIDUO-CLASSE-II-com-numero-de-veiculos-inferior-a-30-REQUISITOS.pdf\" target=\"_blank\" rel=\"noreferrer noopener\">Coleta e Transporte de Res\u00edduo Classe II (com n\u00famero de ve\u00edculos inferior a 30)<\/a><\/h2>\n\n\n\n<h2 class=\"wp-block-heading\"><a href=\"https:\/\/www.manaus.am.gov.br\/semmas\/wp-content\/uploads\/sites\/26\/2023\/07\/COLETA-E-TRANSPORTE-RODOVIARIO-DE-ESGOTO-SANITARIO-com-numero-de-veiculos-inferior-a-20-_-LIMPA-FOSSA-REQUISITOS.pdf\" target=\"_blank\" rel=\"noreferrer noopener\">Coleta e Transporte Rodovi\u00e1rio de Esgoto Sanit\u00e1rio (com n\u00famero de ve\u00edculos inferior a 20)<\/a><\/h2>\n\n\n\n<h2 class=\"wp-block-heading\"><a href=\"https:\/\/www.manaus.am.gov.br\/semmas\/wp-content\/uploads\/sites\/26\/2023\/07\/Comercializacao-de-Combustiveis.pdf\" target=\"_blank\" rel=\"noreferrer noopener\">Comercializa\u00e7\u00e3o de Combust\u00edveis<\/a><\/h2>\n\n\n\n<h2 class=\"wp-block-heading\"><a href=\"https:\/\/www.manaus.am.gov.br\/semmas\/wp-content\/uploads\/sites\/26\/2023\/07\/COMERCIALIZACAO-DE-OLEO-LUBRIFICANTE-REQUISITOS.pdf\" target=\"_blank\" rel=\"noreferrer noopener\">Comercializa\u00e7\u00e3o de \u00d3leo Lubrificante<\/a><\/h2>\n\n\n\n<h2 class=\"wp-block-heading\"><a href=\"https:\/\/www.manaus.am.gov.br\/semmas\/wp-content\/uploads\/sites\/26\/2023\/07\/COMPLEXO-HABITACIONAL-E-SIMILARES-REQUISITOS.pdf\" target=\"_blank\" rel=\"noreferrer noopener\">Complexo Habitacional e Similares<\/a><\/h2>\n\n\n\n<h2 class=\"wp-block-heading\"><a href=\"https:\/\/www.manaus.am.gov.br\/semmas\/wp-content\/uploads\/sites\/26\/2023\/07\/CVA-CERTIDAO-DE-VIABILIDADE-AMBIENTAL-PARA-ATIVIDADE-DE-EXTRACAO-MINERAL-REQUISITOS.pdf\" target=\"_blank\" rel=\"noreferrer noopener\">CVA \u2013 Certid\u00e3o de Viabilidade Ambiental para Atividade de Extra\u00e7\u00e3o Mineral<\/a><\/h2>\n\n\n\n<h2 class=\"wp-block-heading\"><a href=\"https:\/\/www.manaus.am.gov.br\/semmas\/wp-content\/uploads\/sites\/26\/2023\/07\/DECLARACAO-DE-INEXIGIBILIDADE-REQUISITOS.pdf\" target=\"_blank\" rel=\"noreferrer noopener\">Declara\u00e7\u00e3o de Inexigibilidade<\/a><\/h2>\n\n\n\n<h2 class=\"wp-block-heading\"><a href=\"https:\/\/www.manaus.am.gov.br\/semmas\/wp-content\/uploads\/sites\/26\/2023\/07\/DEDETIZACAO-USO-E-MANUSEIO-DE-DEFENSIVOS-E-FERTILIZANTES-REQUISITOS.pdf\" target=\"_blank\" rel=\"noreferrer noopener\">Dedetiza\u00e7\u00e3o, uso e manuseio de defensivos e fertilizantes<\/a><\/h2>\n\n\n\n<h2 class=\"wp-block-heading\"><a href=\"https:\/\/www.manaus.am.gov.br\/semmas\/wp-content\/uploads\/sites\/26\/2023\/07\/HOTEL-CONVENCIONAL-E-SIMILARES-REQUISITOS.pdf\" target=\"_blank\" rel=\"noreferrer noopener\">Hotel Convencional e Similares<\/a><\/h2>\n\n\n\n<h2 class=\"wp-block-heading\"><a href=\"https:\/\/www.manaus.am.gov.br\/semmas\/wp-content\/uploads\/sites\/26\/2023\/07\/INDUSTRIA-REQUISITOS.pdf\" target=\"_blank\" rel=\"noreferrer noopener\">Ind\u00fastria<\/a><\/h2>\n\n\n\n<h2 class=\"wp-block-heading\"><a href=\"https:\/\/www.manaus.am.gov.br\/semmas\/wp-content\/uploads\/sites\/26\/2023\/07\/LIMPEZA-DE-CORPOS-D_AGUA-ate-10-km-REQUISITOS.pdf\" target=\"_blank\" rel=\"noreferrer noopener\">Limpeza de Corpos D_\u00c1gua (at\u00e9 10 km)<\/a><\/h2>\n\n\n\n<h2 class=\"wp-block-heading\"><a href=\"https:\/\/www.manaus.am.gov.br\/semmas\/wp-content\/uploads\/sites\/26\/2023\/07\/PONTES-VIADUTOS-E-ELEVADOS-COM-ATE-30-km-DE-EXTENSAO-REQUISITOS.pdf\" target=\"_blank\" rel=\"noreferrer noopener\">Pontes, Viadutos e Elevados com at\u00e9 3,0 km de extens\u00e3o<\/a><\/h2>\n\n\n\n<h2 class=\"wp-block-heading\"><a href=\"https:\/\/www.manaus.am.gov.br\/semmas\/wp-content\/uploads\/sites\/26\/2023\/07\/PROPAGANDA-VOLANTE.pdf\" target=\"_blank\" rel=\"noreferrer noopener\">Propaganda Volante<\/a><\/h2>\n\n\n\n<h2 class=\"wp-block-heading\"><a href=\"https:\/\/www.manaus.am.gov.br\/semmas\/wp-content\/uploads\/sites\/26\/2023\/07\/RECICLAGEM-DE-RESIDUOS-SOLIDOS-_-CENTRAL-DE-TRIAGEM-CLASSIFICACAO-E-BENEFICIAMENTO-REQUISITOS.pdf\" target=\"_blank\" rel=\"noreferrer noopener\">Reciclagem de Res\u00edduos Solidos<\/a><\/h2>\n\n\n\n<h2 class=\"wp-block-heading\"><a href=\"https:\/\/www.manaus.am.gov.br\/semmas\/wp-content\/uploads\/sites\/26\/2023\/07\/SELO-DE-REGULARIDADE-DO-SELO-DO-OLEO-VEGETAL.pdf\" target=\"_blank\" rel=\"noreferrer noopener\">Selo de Regularidade do Selo do \u00d3leo Vegetal<\/a><\/h2>\n\n\n\n<h2 class=\"wp-block-heading\"><a href=\"https:\/\/www.manaus.am.gov.br\/semmas\/wp-content\/uploads\/sites\/26\/2023\/07\/SERVICOS-DE-LAVANDERIA-E-TINTURARIA-REQUISITOS.pdf\" target=\"_blank\" rel=\"noreferrer noopener\">Servi\u00e7os de Lavanderia e Tinturaria<\/a><\/h2>\n\n\n\n<h2 class=\"wp-block-heading\"><a href=\"https:\/\/www.manaus.am.gov.br\/semmas\/wp-content\/uploads\/sites\/26\/2023\/07\/SERVICOS-DE-MANUTENCAO-REPARO-LAVAGEM-E-TROCA-DE-OLEO-DE-MAQUINAS-E-VEICULOS-REQUISITOS.pdf\" target=\"_blank\" rel=\"noreferrer noopener\">Servi\u00e7os de Manuten\u00e7\u00e3o, Reparo, Lavagem e Troca de \u00d3leo de M\u00e1quinas e ve\u00edculos<\/a><\/h2>\n\n\n\n<h2 class=\"wp-block-heading\"><a href=\"https:\/\/www.manaus.am.gov.br\/semmas\/wp-content\/uploads\/sites\/26\/2023\/07\/SHOPPING-CENTER-GALERIAS-COMERCIAIS-SUPERMERCADOS-HIPERMERCADOS-E-SIMILARES-REQUISITOS.pdf\" target=\"_blank\" rel=\"noreferrer noopener\">Shopping Center, Galerias Comerciais, Supermercados, Hipermercados e Similares<\/a><\/h2>\n\n\n\n<h2 class=\"wp-block-heading\"><a href=\"https:\/\/www.manaus.am.gov.br\/semmas\/wp-content\/uploads\/sites\/26\/2023\/07\/TEMPLOS-RELIGIOSOS-E-SIMILARES-REQUISITOS.pdf\" target=\"_blank\" rel=\"noreferrer noopener\">Templos Religiosos e Similares<\/a><\/h2>\n\n\n\n<h2 class=\"wp-block-heading\"><a href=\"https:\/\/www.manaus.am.gov.br\/semmas\/wp-content\/uploads\/sites\/26\/2023\/07\/VOZ-COMUNITARIA-E-VOZ-PUBLICITARIA-REQUISITOS.pdf\" target=\"_blank\" rel=\"noreferrer noopener\">Voz Comunit\u00e1ria e Voz Publicit\u00e1ria<\/a><\/h2>\n\n\n\n<h2 class=\"wp-block-heading\"><a href=\"https:\/\/www.manaus.am.gov.br\/semmas\/wp-content\/uploads\/sites\/26\/2023\/07\/UNIDADE-DE-COMPOSTAGEM-REQUISITOS-1.pdf\" target=\"_blank\" rel=\"noreferrer noopener\">Unidade de Compostagem<\/a><\/h2>\n","protected":false},"excerpt":{"rendered":"","protected":false},"author":27,"featured_media":0,"parent":0,"menu_order":0,"comment_status":"closed","ping_status":"closed","template":"templates\/prefeitura.php","meta":{"footnotes":""},"acf":[],"yoast_head":"<!-- This site is optimized with the Yoast SEO plugin v23.0 - https:\/\/yoast.com\/wordpress\/plugins\/seo\/ -->\n<title>Requisitos - SEMMAS<\/title>\n<meta name=\"robots\" content=\"noindex, follow\" \/>\n<meta property=\"og:locale\" content=\"pt_BR\" \/>\n<meta property=\"og:type\" content=\"article\" \/>\n<meta property=\"og:title\" content=\"Requisitos - SEMMAS\" \/>\n<meta property=\"og:url\" content=\"https:\/\/www.manaus.am.gov.br\/semmas\/requisitos\/\" \/>\n<meta property=\"og:site_name\" content=\"SEMMAS\" \/>\n<meta property=\"article:publisher\" content=\"https:\/\/www.facebook.com\/SemmasManaus\" \/>\n<meta property=\"article:modified_time\" content=\"2023-10-30T21:48:13+00:00\" \/>\n<meta property=\"og:image\" content=\"https:\/\/www.manaus.am.gov.br\/semmas\/wp-content\/uploads\/sites\/26\/2024\/07\/thumb-default-2.png\" \/>\n\t<meta property=\"og:image:width\" content=\"966\" \/>\n\t<meta property=\"og:image:height\" content=\"520\" \/>\n\t<meta property=\"og:image:type\" content=\"image\/png\" \/>\n<meta name=\"twitter:card\" content=\"summary_large_image\" \/>\n<meta name=\"twitter:label1\" content=\"Est. reading time\" \/>\n\t<meta name=\"twitter:data1\" content=\"1 minuto\" \/>\n<script type=\"application\/ld+json\" class=\"yoast-schema-graph\">{\"@context\":\"https:\/\/schema.org\",\"@graph\":[{\"@type\":\"WebPage\",\"@id\":\"https:\/\/www.manaus.am.gov.br\/semmas\/requisitos\/\",\"url\":\"https:\/\/www.manaus.am.gov.br\/semmas\/requisitos\/\",\"name\":\"Requisitos - SEMMAS\",\"isPartOf\":{\"@id\":\"https:\/\/www.manaus.am.gov.br\/semmas\/#website\"},\"datePublished\":\"2023-07-19T13:47:33+00:00\",\"dateModified\":\"2023-10-30T21:48:13+00:00\",\"breadcrumb\":{\"@id\":\"https:\/\/www.manaus.am.gov.br\/semmas\/requisitos\/#breadcrumb\"},\"inLanguage\":\"pt-BR\",\"potentialAction\":[{\"@type\":\"ReadAction\",\"target\":[\"https:\/\/www.manaus.am.gov.br\/semmas\/requisitos\/\"]}]},{\"@type\":\"BreadcrumbList\",\"@id\":\"https:\/\/www.manaus.am.gov.br\/semmas\/requisitos\/#breadcrumb\",\"itemListElement\":[{\"@type\":\"ListItem\",\"position\":1,\"name\":\"Home\",\"item\":\"https:\/\/www.manaus.am.gov.br\/semmas\/\"},{\"@type\":\"ListItem\",\"position\":2,\"name\":\"Requisitos\"}]},{\"@type\":\"WebSite\",\"@id\":\"https:\/\/www.manaus.am.gov.br\/semmas\/#website\",\"url\":\"https:\/\/www.manaus.am.gov.br\/semmas\/\",\"name\":\"SEMMAS CLIMA\",\"description\":\"Secretaria Municipal de Meio Ambiente e Sustentabilidade\",\"publisher\":{\"@id\":\"https:\/\/www.manaus.am.gov.br\/semmas\/#organization\"},\"alternateName\":\"Secretaria Municipal de Meio Ambiente e Sustentabilidade\",\"potentialAction\":[{\"@type\":\"SearchAction\",\"target\":{\"@type\":\"EntryPoint\",\"urlTemplate\":\"https:\/\/www.manaus.am.gov.br\/semmas\/?s={search_term_string}\"},\"query-input\":\"required name=search_term_string\"}],\"inLanguage\":\"pt-BR\"},{\"@type\":\"Organization\",\"@id\":\"https:\/\/www.manaus.am.gov.br\/semmas\/#organization\",\"name\":\"Prefeitura de Manaus\",\"alternateName\":\"Prefeitura Municipal de Manaus\",\"url\":\"https:\/\/www.manaus.am.gov.br\/semmas\/\",\"logo\":{\"@type\":\"ImageObject\",\"inLanguage\":\"pt-BR\",\"@id\":\"https:\/\/www.manaus.am.gov.br\/semmas\/#\/schema\/logo\/image\/\",\"url\":\"https:\/\/www.manaus.am.gov.br\/semmas\/wp-content\/uploads\/sites\/26\/2024\/06\/brasao.png\",\"contentUrl\":\"https:\/\/www.manaus.am.gov.br\/semmas\/wp-content\/uploads\/sites\/26\/2024\/06\/brasao.png\",\"width\":286,\"height\":408,\"caption\":\"Prefeitura de Manaus\"},\"image\":{\"@id\":\"https:\/\/www.manaus.am.gov.br\/semmas\/#\/schema\/logo\/image\/\"},\"sameAs\":[\"https:\/\/www.facebook.com\/SemmasManaus\",\"https:\/\/www.instagram.com\/semmasmanaus\/\",\"https:\/\/www.youtube.com\/@semmasmanaus2835\"]}]}<\/script>\n<!-- \/ Yoast SEO plugin. -->","yoast_head_json":{"title":"Requisitos - SEMMAS","robots":{"index":"noindex","follow":"follow"},"og_locale":"pt_BR","og_type":"article","og_title":"Requisitos - SEMMAS","og_url":"https:\/\/www.manaus.am.gov.br\/semmas\/requisitos\/","og_site_name":"SEMMAS","article_publisher":"https:\/\/www.facebook.com\/SemmasManaus","article_modified_time":"2023-10-30T21:48:13+00:00","og_image":[{"width":966,"height":520,"url":"https:\/\/www.manaus.am.gov.br\/semmas\/wp-content\/uploads\/sites\/26\/2024\/07\/thumb-default-2.png","type":"image\/png"}],"twitter_card":"summary_large_image","twitter_misc":{"Est. reading time":"1 minuto"},"schema":{"@context":"https:\/\/schema.org","@graph":[{"@type":"WebPage","@id":"https:\/\/www.manaus.am.gov.br\/semmas\/requisitos\/","url":"https:\/\/www.manaus.am.gov.br\/semmas\/requisitos\/","name":"Requisitos - SEMMAS","isPartOf":{"@id":"https:\/\/www.manaus.am.gov.br\/semmas\/#website"},"datePublished":"2023-07-19T13:47:33+00:00","dateModified":"2023-10-30T21:48:13+00:00","breadcrumb":{"@id":"https:\/\/www.manaus.am.gov.br\/semmas\/requisitos\/#breadcrumb"},"inLanguage":"pt-BR","potentialAction":[{"@type":"ReadAction","target":["https:\/\/www.manaus.am.gov.br\/semmas\/requisitos\/"]}]},{"@type":"BreadcrumbList","@id":"https:\/\/www.manaus.am.gov.br\/semmas\/requisitos\/#breadcrumb","itemListElement":[{"@type":"ListItem","position":1,"name":"Home","item":"https:\/\/www.manaus.am.gov.br\/semmas\/"},{"@type":"ListItem","position":2,"name":"Requisitos"}]},{"@type":"WebSite","@id":"https:\/\/www.manaus.am.gov.br\/semmas\/#website","url":"https:\/\/www.manaus.am.gov.br\/semmas\/","name":"SEMMAS CLIMA","description":"Secretaria Municipal de Meio Ambiente e Sustentabilidade","publisher":{"@id":"https:\/\/www.manaus.am.gov.br\/semmas\/#organization"},"alternateName":"Secretaria Municipal de Meio Ambiente e Sustentabilidade","potentialAction":[{"@type":"SearchAction","target":{"@type":"EntryPoint","urlTemplate":"https:\/\/www.manaus.am.gov.br\/semmas\/?s={search_term_string}"},"query-input":"required name=search_term_string"}],"inLanguage":"pt-BR"},{"@type":"Organization","@id":"https:\/\/www.manaus.am.gov.br\/semmas\/#organization","name":"Prefeitura de Manaus","alternateName":"Prefeitura Municipal de Manaus","url":"https:\/\/www.manaus.am.gov.br\/semmas\/","logo":{"@type":"ImageObject","inLanguage":"pt-BR","@id":"https:\/\/www.manaus.am.gov.br\/semmas\/#\/schema\/logo\/image\/","url":"https:\/\/www.manaus.am.gov.br\/semmas\/wp-content\/uploads\/sites\/26\/2024\/06\/brasao.png","contentUrl":"https:\/\/www.manaus.am.gov.br\/semmas\/wp-content\/uploads\/sites\/26\/2024\/06\/brasao.png","width":286,"height":408,"caption":"Prefeitura de Manaus"},"image":{"@id":"https:\/\/www.manaus.am.gov.br\/semmas\/#\/schema\/logo\/image\/"},"sameAs":["https:\/\/www.facebook.com\/SemmasManaus","https:\/\/www.instagram.com\/semmasmanaus\/","https:\/\/www.youtube.com\/@semmasmanaus2835"]}]}},"_links":{"self":[{"href":"https:\/\/www.manaus.am.gov.br\/semmas\/wp-json\/wp\/v2\/pages\/873"}],"collection":[{"href":"https:\/\/www.manaus.am.gov.br\/semmas\/wp-json\/wp\/v2\/pages"}],"about":[{"href":"https:\/\/www.manaus.am.gov.br\/semmas\/wp-json\/wp\/v2\/types\/page"}],"author":[{"embeddable":true,"href":"https:\/\/www.manaus.am.gov.br\/semmas\/wp-json\/wp\/v2\/users\/27"}],"replies":[{"embeddable":true,"href":"https:\/\/www.manaus.am.gov.br\/semmas\/wp-json\/wp\/v2\/comments?post=873"}],"version-history":[{"count":10,"href":"https:\/\/www.manaus.am.gov.br\/semmas\/wp-json\/wp\/v2\/pages\/873\/revisions"}],"predecessor-version":[{"id":938,"href":"https:\/\/www.manaus.am.gov.br\/semmas\/wp-json\/wp\/v2\/pages\/873\/revisions\/938"}],"wp:attachment":[{"href":"https:\/\/www.manaus.am.gov.br\/semmas\/wp-json\/wp\/v2\/media?parent=873"}],"curies":[{"name":"wp","href":"https:\/\/api.w.org\/{rel}","templated":true}]}}