{"id":279,"date":"2023-07-17T17:44:58","date_gmt":"2023-07-17T20:44:58","guid":{"rendered":"https:\/\/www.manaus.am.gov.br\/semmas\/?page_id=279"},"modified":"2025-10-13T13:00:41","modified_gmt":"2025-10-13T17:00:41","slug":"departamentos","status":"publish","type":"page","link":"https:\/\/www.manaus.am.gov.br\/semmas\/a-semmas\/departamentos\/","title":{"rendered":"Departamentos"},"content":{"rendered":"\n<p>As Diretorias, Divis\u00f5es, Ger\u00eancia, FMDMA e COMDEMA est\u00e3o situados no endere\u00e7o abaixo:<br>Rua Rub\u00eddio, N\u00b0 288 \u2013 Bairro Vila da Prata, Manaus. CEP \u2013 69030-530 \/ Atendimento de segunda \u00e0 sexta de 8h \u00e0s 14h aberto ao p\u00fablico.<\/p>\n\n\n\n<h2 class=\"wp-block-heading\">Secret\u00e1rio de Meio Ambiente e Sustentabilidade<\/h2>\n\n\n\n<p><strong>Fran\u00e7ois Vieira da Silva Matos<\/strong><br>francois.matos@manaus.am.gov.br<\/p>\n\n\n\n<h2 class=\"wp-block-heading\">Chefia de Gabinete<\/h2>\n\n\n\n<p>Danielle Alves da Silva<br>atendimento.secretario.semmas@gmail.com<br>(92) 98842-2925<\/p>\n\n\n\n<h2 class=\"wp-block-heading\">Assessoria de Comunica\u00e7\u00e3o<\/h2>\n\n\n\n<p>Taianna Tomaz Castro Andrade<br>comunicacaosemmas@gmail.com<br>(92) 98803-6969<\/p>\n\n\n\n<h2 class=\"wp-block-heading\">Fundo Municipal para o Desenvolvimento e Meio Ambiente (Fmdma):<\/h2>\n\n\n\n<p>Dennys da Silva Moreno<br>fundo.semmas@gmail.com<\/p>\n\n\n\n<h2 class=\"wp-block-heading\">Conselho Municipal de Desenvolvimento e Meio Ambiente (Comdema)<\/h2>\n\n\n\n<p>Geanny Griffith Duarte Silva<br>comdema.reunioes@gmail.com<br>(92) 98842-1261<\/p>\n\n\n\n<h2 class=\"wp-block-heading\">Assessoria Jur\u00eddica<\/h2>\n\n\n\n<p>Henrique Lima Marinheiro<br>asjursemmas@gmail.com<br>(92) 98842-2259<\/p>\n\n\n\n<h2 class=\"wp-block-heading\">Subsecretaria de Administra\u00e7\u00e3o e Finan\u00e7as<\/h2>\n\n\n\n<p>Valcerlan Ferreira Cruz<br>valcerlan.cruz@manaus.am.gov.br<\/p>\n\n\n\n<h2 class=\"wp-block-heading\">Diretoria de \u00c1rea de Administra\u00e7\u00e3o e Finan\u00e7as<\/h2>\n\n\n\n<p>Itamar de Oliveira Mar<br>itamar.mar@manaus.am.gov.br<\/p>\n\n\n\n<h2 class=\"wp-block-heading\">Departamento de Gest\u00e3o, Or\u00e7amento e Finan\u00e7as<\/h2>\n\n\n\n<p>Camila Correia Mestrinho<br>camila.mestrinho@manaus.am.gov.br<\/p>\n\n\n\n<h2 class=\"wp-block-heading\">Divis\u00e3o de Protocolo e Log\u00edstica<\/h2>\n\n\n\n<p>Maxwell Silvano Gibbs dos Santos<br>maxwell.santos@manaus.am.gov.br<\/p>\n\n\n\n<h2 class=\"wp-block-heading\">Divis\u00e3o de Planejamento, Or\u00e7amento e Finan\u00e7as<\/h2>\n\n\n\n<p>Sidney Viana<br>sidney.viana@manaus.am.gov.br<\/p>\n\n\n\n<h2 class=\"wp-block-heading\">Divis\u00e3o de Gest\u00e3o de Pessoas e Capacita\u00e7\u00e3o<\/h2>\n\n\n\n<p>Igor Leonardo dos Santos Queiroz<br>igor.queiroz@manaus.am.gov.br<\/p>\n\n\n\n<h2 class=\"wp-block-heading\">\u00d3rg\u00e3o de Atividades Final\u00edsticas<\/h2>\n\n\n\n<h2 class=\"wp-block-heading\">Subsecretaria de Gest\u00e3o Ambiental<\/h2>\n\n\n\n<p>Elton Nonato da Silva Oliveira<br>elton.oliveira@manaus.am.gov.br<\/p>\n\n\n\n<h2 class=\"wp-block-heading\">Diretoria de \u00c1rea de Controle Ambiental<\/h2>\n\n\n\n<p>Je\u00fa Linhares Bentes J\u00fanior<br>jeu_junior@yahoo.com.br<br>(92) 98844-5382 <\/p>\n\n\n\n<h2 class=\"wp-block-heading\">Departamento de Fiscaliza\u00e7\u00e3o Ambiental<\/h2>\n\n\n\n<p>C\u00e9sar Lopes<br>defis.semmas@gmail.com<br>(92) 98842-2161<\/p>\n\n\n\n<h2 class=\"wp-block-heading\">Departamento de Licenciamento e Monitoramento<\/h2>\n\n\n\n<p>Jurimar Collares Ipiranga<br>jurimar.ipiranga@manaus.am.gov.br<br>delic.semmas@gmail.com \/ dila.semmas@gmail.com<br>(92) 98855-2132 \/ 98844-5382<\/p>\n\n\n\n<h2 class=\"wp-block-heading\">Departamento de Geoprocessamento e Sensoriamento Remoto<\/h2>\n\n\n\n<p>Welington Rachid Neto<br>welington.neto@manaus.am.gov.br<br>(92) 99304-5192<\/p>\n\n\n\n<h2 class=\"wp-block-heading\">Departamento de Arboriza\u00e7\u00e3o e Sustentabilidade<\/h2>\n\n\n\n<p>Eriany da Silva Paiva Souza<br>dmau.semmas@gmail.com<br>(92) 98842-2294<\/p>\n\n\n\n<h2 class=\"wp-block-heading\">Departamento de Mudan\u00e7as Clim\u00e1ticas e \u00c1reas Protegidas<\/h2>\n\n\n\n<p>Paulo Roberto de Faria Pinto<br>dmcap.semmasclima@gmail.com<br>(92) 98842-1421<\/p>\n","protected":false},"excerpt":{"rendered":"","protected":false},"author":27,"featured_media":0,"parent":252,"menu_order":3,"comment_status":"closed","ping_status":"closed","template":"templates\/turismo.php","meta":{"footnotes":""},"acf":[],"yoast_head":"<!-- This site is optimized with the Yoast SEO plugin v23.0 - https:\/\/yoast.com\/wordpress\/plugins\/seo\/ -->\n<title>Departamentos - SEMMAS<\/title>\n<meta name=\"robots\" content=\"noindex, follow\" \/>\n<meta property=\"og:locale\" content=\"pt_BR\" \/>\n<meta property=\"og:type\" content=\"article\" \/>\n<meta property=\"og:title\" content=\"Departamentos - SEMMAS\" \/>\n<meta property=\"og:url\" content=\"https:\/\/www.manaus.am.gov.br\/semmas\/a-semmas\/departamentos\/\" \/>\n<meta property=\"og:site_name\" content=\"SEMMAS\" \/>\n<meta property=\"article:publisher\" content=\"https:\/\/www.facebook.com\/SemmasManaus\" \/>\n<meta property=\"article:modified_time\" content=\"2025-10-13T17:00:41+00:00\" \/>\n<meta property=\"og:image\" content=\"https:\/\/www.manaus.am.gov.br\/semmas\/wp-content\/uploads\/sites\/26\/2024\/07\/thumb-default-2.png\" \/>\n\t<meta property=\"og:image:width\" content=\"966\" \/>\n\t<meta property=\"og:image:height\" content=\"520\" \/>\n\t<meta property=\"og:image:type\" content=\"image\/png\" \/>\n<meta name=\"twitter:card\" content=\"summary_large_image\" \/>\n<meta name=\"twitter:label1\" content=\"Est. reading time\" \/>\n\t<meta name=\"twitter:data1\" content=\"2 minutos\" \/>\n<script type=\"application\/ld+json\" class=\"yoast-schema-graph\">{\"@context\":\"https:\/\/schema.org\",\"@graph\":[{\"@type\":\"WebPage\",\"@id\":\"https:\/\/www.manaus.am.gov.br\/semmas\/a-semmas\/departamentos\/\",\"url\":\"https:\/\/www.manaus.am.gov.br\/semmas\/a-semmas\/departamentos\/\",\"name\":\"Departamentos - SEMMAS\",\"isPartOf\":{\"@id\":\"https:\/\/www.manaus.am.gov.br\/semmas\/#website\"},\"datePublished\":\"2023-07-17T20:44:58+00:00\",\"dateModified\":\"2025-10-13T17:00:41+00:00\",\"breadcrumb\":{\"@id\":\"https:\/\/www.manaus.am.gov.br\/semmas\/a-semmas\/departamentos\/#breadcrumb\"},\"inLanguage\":\"pt-BR\",\"potentialAction\":[{\"@type\":\"ReadAction\",\"target\":[\"https:\/\/www.manaus.am.gov.br\/semmas\/a-semmas\/departamentos\/\"]}]},{\"@type\":\"BreadcrumbList\",\"@id\":\"https:\/\/www.manaus.am.gov.br\/semmas\/a-semmas\/departamentos\/#breadcrumb\",\"itemListElement\":[{\"@type\":\"ListItem\",\"position\":1,\"name\":\"Home\",\"item\":\"https:\/\/www.manaus.am.gov.br\/semmas\/\"},{\"@type\":\"ListItem\",\"position\":2,\"name\":\"A SEMMAS\",\"item\":\"https:\/\/www.manaus.am.gov.br\/semmas\/a-semmas\/\"},{\"@type\":\"ListItem\",\"position\":3,\"name\":\"Departamentos\"}]},{\"@type\":\"WebSite\",\"@id\":\"https:\/\/www.manaus.am.gov.br\/semmas\/#website\",\"url\":\"https:\/\/www.manaus.am.gov.br\/semmas\/\",\"name\":\"SEMMAS CLIMA\",\"description\":\"Secretaria Municipal de Meio Ambiente e Sustentabilidade\",\"publisher\":{\"@id\":\"https:\/\/www.manaus.am.gov.br\/semmas\/#organization\"},\"alternateName\":\"Secretaria Municipal de Meio Ambiente e Sustentabilidade\",\"potentialAction\":[{\"@type\":\"SearchAction\",\"target\":{\"@type\":\"EntryPoint\",\"urlTemplate\":\"https:\/\/www.manaus.am.gov.br\/semmas\/?s={search_term_string}\"},\"query-input\":\"required name=search_term_string\"}],\"inLanguage\":\"pt-BR\"},{\"@type\":\"Organization\",\"@id\":\"https:\/\/www.manaus.am.gov.br\/semmas\/#organization\",\"name\":\"Prefeitura de Manaus\",\"alternateName\":\"Prefeitura Municipal de Manaus\",\"url\":\"https:\/\/www.manaus.am.gov.br\/semmas\/\",\"logo\":{\"@type\":\"ImageObject\",\"inLanguage\":\"pt-BR\",\"@id\":\"https:\/\/www.manaus.am.gov.br\/semmas\/#\/schema\/logo\/image\/\",\"url\":\"https:\/\/www.manaus.am.gov.br\/semmas\/wp-content\/uploads\/sites\/26\/2024\/06\/brasao.png\",\"contentUrl\":\"https:\/\/www.manaus.am.gov.br\/semmas\/wp-content\/uploads\/sites\/26\/2024\/06\/brasao.png\",\"width\":286,\"height\":408,\"caption\":\"Prefeitura de Manaus\"},\"image\":{\"@id\":\"https:\/\/www.manaus.am.gov.br\/semmas\/#\/schema\/logo\/image\/\"},\"sameAs\":[\"https:\/\/www.facebook.com\/SemmasManaus\",\"https:\/\/www.instagram.com\/semmasmanaus\/\",\"https:\/\/www.youtube.com\/@semmasmanaus2835\"]}]}<\/script>\n<!-- \/ Yoast SEO plugin. -->","yoast_head_json":{"title":"Departamentos - SEMMAS","robots":{"index":"noindex","follow":"follow"},"og_locale":"pt_BR","og_type":"article","og_title":"Departamentos - SEMMAS","og_url":"https:\/\/www.manaus.am.gov.br\/semmas\/a-semmas\/departamentos\/","og_site_name":"SEMMAS","article_publisher":"https:\/\/www.facebook.com\/SemmasManaus","article_modified_time":"2025-10-13T17:00:41+00:00","og_image":[{"width":966,"height":520,"url":"https:\/\/www.manaus.am.gov.br\/semmas\/wp-content\/uploads\/sites\/26\/2024\/07\/thumb-default-2.png","type":"image\/png"}],"twitter_card":"summary_large_image","twitter_misc":{"Est. reading time":"2 minutos"},"schema":{"@context":"https:\/\/schema.org","@graph":[{"@type":"WebPage","@id":"https:\/\/www.manaus.am.gov.br\/semmas\/a-semmas\/departamentos\/","url":"https:\/\/www.manaus.am.gov.br\/semmas\/a-semmas\/departamentos\/","name":"Departamentos - SEMMAS","isPartOf":{"@id":"https:\/\/www.manaus.am.gov.br\/semmas\/#website"},"datePublished":"2023-07-17T20:44:58+00:00","dateModified":"2025-10-13T17:00:41+00:00","breadcrumb":{"@id":"https:\/\/www.manaus.am.gov.br\/semmas\/a-semmas\/departamentos\/#breadcrumb"},"inLanguage":"pt-BR","potentialAction":[{"@type":"ReadAction","target":["https:\/\/www.manaus.am.gov.br\/semmas\/a-semmas\/departamentos\/"]}]},{"@type":"BreadcrumbList","@id":"https:\/\/www.manaus.am.gov.br\/semmas\/a-semmas\/departamentos\/#breadcrumb","itemListElement":[{"@type":"ListItem","position":1,"name":"Home","item":"https:\/\/www.manaus.am.gov.br\/semmas\/"},{"@type":"ListItem","position":2,"name":"A SEMMAS","item":"https:\/\/www.manaus.am.gov.br\/semmas\/a-semmas\/"},{"@type":"ListItem","position":3,"name":"Departamentos"}]},{"@type":"WebSite","@id":"https:\/\/www.manaus.am.gov.br\/semmas\/#website","url":"https:\/\/www.manaus.am.gov.br\/semmas\/","name":"SEMMAS CLIMA","description":"Secretaria Municipal de Meio Ambiente e Sustentabilidade","publisher":{"@id":"https:\/\/www.manaus.am.gov.br\/semmas\/#organization"},"alternateName":"Secretaria Municipal de Meio Ambiente e Sustentabilidade","potentialAction":[{"@type":"SearchAction","target":{"@type":"EntryPoint","urlTemplate":"https:\/\/www.manaus.am.gov.br\/semmas\/?s={search_term_string}"},"query-input":"required name=search_term_string"}],"inLanguage":"pt-BR"},{"@type":"Organization","@id":"https:\/\/www.manaus.am.gov.br\/semmas\/#organization","name":"Prefeitura de Manaus","alternateName":"Prefeitura Municipal de Manaus","url":"https:\/\/www.manaus.am.gov.br\/semmas\/","logo":{"@type":"ImageObject","inLanguage":"pt-BR","@id":"https:\/\/www.manaus.am.gov.br\/semmas\/#\/schema\/logo\/image\/","url":"https:\/\/www.manaus.am.gov.br\/semmas\/wp-content\/uploads\/sites\/26\/2024\/06\/brasao.png","contentUrl":"https:\/\/www.manaus.am.gov.br\/semmas\/wp-content\/uploads\/sites\/26\/2024\/06\/brasao.png","width":286,"height":408,"caption":"Prefeitura de Manaus"},"image":{"@id":"https:\/\/www.manaus.am.gov.br\/semmas\/#\/schema\/logo\/image\/"},"sameAs":["https:\/\/www.facebook.com\/SemmasManaus","https:\/\/www.instagram.com\/semmasmanaus\/","https:\/\/www.youtube.com\/@semmasmanaus2835"]}]}},"_links":{"self":[{"href":"https:\/\/www.manaus.am.gov.br\/semmas\/wp-json\/wp\/v2\/pages\/279"}],"collection":[{"href":"https:\/\/www.manaus.am.gov.br\/semmas\/wp-json\/wp\/v2\/pages"}],"about":[{"href":"https:\/\/www.manaus.am.gov.br\/semmas\/wp-json\/wp\/v2\/types\/page"}],"author":[{"embeddable":true,"href":"https:\/\/www.manaus.am.gov.br\/semmas\/wp-json\/wp\/v2\/users\/27"}],"replies":[{"embeddable":true,"href":"https:\/\/www.manaus.am.gov.br\/semmas\/wp-json\/wp\/v2\/comments?post=279"}],"version-history":[{"count":10,"href":"https:\/\/www.manaus.am.gov.br\/semmas\/wp-json\/wp\/v2\/pages\/279\/revisions"}],"predecessor-version":[{"id":13372,"href":"https:\/\/www.manaus.am.gov.br\/semmas\/wp-json\/wp\/v2\/pages\/279\/revisions\/13372"}],"up":[{"embeddable":true,"href":"https:\/\/www.manaus.am.gov.br\/semmas\/wp-json\/wp\/v2\/pages\/252"}],"wp:attachment":[{"href":"https:\/\/www.manaus.am.gov.br\/semmas\/wp-json\/wp\/v2\/media?parent=279"}],"curies":[{"name":"wp","href":"https:\/\/api.w.org\/{rel}","templated":true}]}}